{"id":207411,"date":"2025-12-09T14:42:48","date_gmt":"2025-12-09T13:42:48","guid":{"rendered":"https:\/\/www.tabakversand.ch\/?post_type=product&#038;p=207411"},"modified":"2025-12-09T15:05:20","modified_gmt":"2025-12-09T14:05:20","slug":"recharge-instaflow-o-pro-20-mg","status":"publish","type":"product","link":"https:\/\/www.tabakversand.ch\/fr\/produit\/recharge-instaflow-o-pro-20-mg\/","title":{"rendered":"Recharge Instaflow O Pro 20 mg"},"content":{"rendered":"<p>Recharge Instaflow O Pro 20 mg<\/p>\n<p>Une alimentation intelligente pour les d\u00e9butants et les professionnels<\/p>\n<p>La cigarette \u00e9lectronique Insta O Pro est un appareil polyvalent id\u00e9al pour tous ceux qui recherchent une exp\u00e9rience de vapotage simple, efficace et savoureuse. Gr\u00e2ce \u00e0 son syst\u00e8me intelligent de gestion du flux d&rsquo;air adaptatif par IA, la puissance s&rsquo;ajuste automatiquement \u00e0 votre style de vapotage\u00a0: pas de boutons, pas de menus. Ins\u00e9rez simplement la cartouche, inhalez et savourez.<\/p>\n<p>La batterie int\u00e9gr\u00e9e de 850 mAh offre une autonomie de plusieurs jours. Les e-liquides aux sels de nicotine (20 mg) procurent une exp\u00e9rience de vapotage MTL (inhalation indirecte) agr\u00e9ablement douce et intense. La capsule pr\u00e9-remplie de 2 ml et le r\u00e9servoir rechargeable de 10 ml permettent jusqu&rsquo;\u00e0 15\u00a0000 bouff\u00e9es. Une fois le r\u00e9servoir vide, il suffit de le remplacer pour recommencer \u00e0 vapoter.<\/p>\n<p>USB-C, trois niveaux de puissance, technologie de r\u00e9sistance mesh moderne et de nombreuses saveurs fruit\u00e9es.<\/p>\n<p>Inspirez, d\u00e9tendez-vous \u2013 c\u2019est fait<\/p>\n<p>Instructions:<\/p>\n<p>Ne retirez le flacon de recharge de 10 ml que lorsqu&rsquo;il est compl\u00e8tement vide.<\/p>\n<p>Retirez la bague de s\u00e9curit\u00e9 et jetez-la.<\/p>\n<p>Appuyez sur le r\u00e9cipient de recharge.<\/p>\n<p>D\u00e9vissez le r\u00e9servoir et remplissez-le ou remplacez-le.<\/p>\n<p>Si n\u00e9cessaire : Fixez l&#8217;embout buccal en silicone au r\u00e9servoir de 10 ml.<\/p>\n<p>Une fois ins\u00e9r\u00e9, le dispositif est imm\u00e9diatement pr\u00eat \u00e0 l&#8217;emploi.<\/p>\n<table width=\"1056\">\n<tbody>\n<tr>\n<td width=\"132\">Rechargeable :<\/td>\n<td width=\"924\">USB-C<\/td>\n<\/tr>\n<tr>\n<td width=\"132\">Mod\u00e8le jetable :<\/td>\n<td width=\"924\">Syst\u00e8me de capsules<\/td>\n<\/tr>\n<tr>\n<td width=\"132\">Type de nicotine :<\/td>\n<td width=\"924\">sel de nicotine<\/td>\n<\/tr>\n<tr>\n<td width=\"132\">Teneur en nicotine :<\/td>\n<td width=\"924\">20 mg<\/td>\n<\/tr>\n<\/tbody>\n<\/table>\n<p>Tous les prix s&rsquo;appliquent uniquement aux commandes en ligne et incluent la TVA. Sous r\u00e9serve de modifications sans pr\u00e9avis, frais de livraison en sus. Sous r\u00e9serve d&rsquo;erreurs, de modifications de contenu de livraison et de conception, de fautes d&rsquo;impression et de modifications de prix. Les prix barr\u00e9s sont des prix de remplacement. Les illustrations peuvent diff\u00e9rer de l&rsquo;original\/du contenu de livraison.<br \/>\n*Livraison gratuite pour les commandes sup\u00e9rieures \u00e0 CHF 250.-.<\/p>\n","protected":false},"excerpt":{"rendered":"<p>Recharge Instaflow O Pro 20 mg Une alimentation intelligente pour les d\u00e9butants et les professionnels La cigarette \u00e9lectronique Insta O Pro est un appareil polyvalent id\u00e9al pour tous ceux qui recherchent une exp\u00e9rience de vapotage simple, efficace et savoureuse. Gr\u00e2ce \u00e0 son syst\u00e8me intelligent de gestion du flux d&rsquo;air adaptatif par IA, la puissance s&rsquo;ajuste [&hellip;]<\/p>\n","protected":false},"featured_media":207415,"template":"","meta":[],"product_brand":[],"product_cat":[1913,1895,4486],"product_tag":[],"class_list":{"0":"post-207411","1":"product","2":"type-product","3":"status-publish","4":"has-post-thumbnail","6":"product_cat-cigarettes-electroniques","7":"product_cat-e-fumee","8":"product_cat-instaflow-fr","9":"pa_1instaflow-blue-blood-orange","10":"pa_1instaflow-blue-raspberry","11":"pa_1instaflow-blueberry-banana","12":"pa_1instaflow-fizzy-cherry","13":"pa_1instaflow-pineapple","14":"pa_1instaflow-raspberry-watermelon","15":"pa_1instaflow-sour-backcurrant","16":"pa_1instaflow-strawberry","18":"first","19":"onbackorder","20":"purchasable","21":"product-type-variable"},"yoast_head":"<!-- This site is optimized with the Yoast SEO plugin v27.0 - https:\/\/yoast.com\/product\/yoast-seo-wordpress\/ -->\n<title>Recharge Instaflow O Pro 20 mg - tabakversand.ch<\/title>\n<meta name=\"description\" content=\"Recharge Instaflow O Pro 20 mg | Un tr\u00e8s grand choix de produits du tabac, cigarettes \u00e9lectroniques et accessoires pour fumeurs de qualit\u00e9 sup\u00e9rieure dans toute la Suisse | Cartes accept\u00e9es !\" \/>\n<meta name=\"robots\" content=\"index, follow, max-snippet:-1, max-image-preview:large, max-video-preview:-1\" \/>\n<link rel=\"canonical\" href=\"https:\/\/www.tabakversand.ch\/it\/produit\/ricarica-instaflow-o-pro-20-mg\/\" \/>\n<meta property=\"og:locale\" content=\"fr_FR\" \/>\n<meta property=\"og:type\" content=\"article\" \/>\n<meta property=\"og:title\" content=\"Recharge Instaflow O Pro 20 mg - tabakversand.ch\" \/>\n<meta property=\"og:description\" content=\"Recharge Instaflow O Pro 20 mg | Un tr\u00e8s grand choix de produits du tabac, cigarettes \u00e9lectroniques et accessoires pour fumeurs de qualit\u00e9 sup\u00e9rieure dans toute la Suisse | Cartes accept\u00e9es !\" \/>\n<meta property=\"og:url\" content=\"https:\/\/www.tabakversand.ch\/it\/produit\/ricarica-instaflow-o-pro-20-mg\/\" \/>\n<meta property=\"og:site_name\" content=\"Tabakversand.ch | Alles aus der Welt des Tabaks\" \/>\n<meta property=\"article:modified_time\" content=\"2025-12-09T14:05:20+00:00\" \/>\n<meta property=\"og:image\" content=\"https:\/\/www.tabakversand.ch\/wp-content\/uploads\/2025\/12\/instaflow-o-pro-refill-all.jpg\" \/>\n\t<meta property=\"og:image:width\" content=\"500\" \/>\n\t<meta property=\"og:image:height\" content=\"500\" \/>\n\t<meta property=\"og:image:type\" content=\"image\/jpeg\" \/>\n<meta name=\"twitter:card\" content=\"summary_large_image\" \/>\n<meta name=\"twitter:label1\" content=\"Dur\u00e9e de lecture estim\u00e9e\" \/>\n\t<meta name=\"twitter:data1\" content=\"2 minutes\" \/>\n<script type=\"application\/ld+json\" class=\"yoast-schema-graph\">{\"@context\":\"https:\/\/schema.org\",\"@graph\":[{\"@type\":\"WebPage\",\"@id\":\"https:\/\/www.tabakversand.ch\/it\/produit\/ricarica-instaflow-o-pro-20-mg\/\",\"url\":\"https:\/\/www.tabakversand.ch\/it\/produit\/ricarica-instaflow-o-pro-20-mg\/\",\"name\":\"Recharge Instaflow O Pro 20 mg - tabakversand.ch\",\"isPartOf\":{\"@id\":\"https:\/\/www.tabakversand.ch\/#website\"},\"primaryImageOfPage\":{\"@id\":\"https:\/\/www.tabakversand.ch\/it\/produit\/ricarica-instaflow-o-pro-20-mg\/#primaryimage\"},\"image\":{\"@id\":\"https:\/\/www.tabakversand.ch\/it\/produit\/ricarica-instaflow-o-pro-20-mg\/#primaryimage\"},\"thumbnailUrl\":\"https:\/\/www.tabakversand.ch\/wp-content\/uploads\/2025\/12\/instaflow-o-pro-refill-all.jpg\",\"datePublished\":\"2025-12-09T13:42:48+00:00\",\"dateModified\":\"2025-12-09T14:05:20+00:00\",\"description\":\"Recharge Instaflow O Pro 20 mg | Un tr\u00e8s grand choix de produits du tabac, cigarettes \u00e9lectroniques et accessoires pour fumeurs de qualit\u00e9 sup\u00e9rieure dans toute la Suisse | Cartes accept\u00e9es !\",\"breadcrumb\":{\"@id\":\"https:\/\/www.tabakversand.ch\/it\/produit\/ricarica-instaflow-o-pro-20-mg\/#breadcrumb\"},\"inLanguage\":\"fr-FR\",\"potentialAction\":[{\"@type\":\"ReadAction\",\"target\":[\"https:\/\/www.tabakversand.ch\/it\/produit\/ricarica-instaflow-o-pro-20-mg\/\"]}]},{\"@type\":\"ImageObject\",\"inLanguage\":\"fr-FR\",\"@id\":\"https:\/\/www.tabakversand.ch\/it\/produit\/ricarica-instaflow-o-pro-20-mg\/#primaryimage\",\"url\":\"https:\/\/www.tabakversand.ch\/wp-content\/uploads\/2025\/12\/instaflow-o-pro-refill-all.jpg\",\"contentUrl\":\"https:\/\/www.tabakversand.ch\/wp-content\/uploads\/2025\/12\/instaflow-o-pro-refill-all.jpg\",\"width\":500,\"height\":500,\"caption\":\"Recharge Instaflow O Pro 20 mg | tabakversand.ch\"},{\"@type\":\"BreadcrumbList\",\"@id\":\"https:\/\/www.tabakversand.ch\/it\/produit\/ricarica-instaflow-o-pro-20-mg\/#breadcrumb\",\"itemListElement\":[{\"@type\":\"ListItem\",\"position\":1,\"name\":\"Startseite\",\"item\":\"https:\/\/www.tabakversand.ch\/\"},{\"@type\":\"ListItem\",\"position\":2,\"name\":\"Boutique\",\"item\":\"https:\/\/www.tabakversand.ch\/fr\/boutique\/\"},{\"@type\":\"ListItem\",\"position\":3,\"name\":\"Recharge Instaflow O Pro 20 mg\"}]},{\"@type\":\"WebSite\",\"@id\":\"https:\/\/www.tabakversand.ch\/#website\",\"url\":\"https:\/\/www.tabakversand.ch\/\",\"name\":\"Tabakversand.ch | Alles aus der Welt des Tabaks\",\"description\":\"Smoke and carpe diem\",\"potentialAction\":[{\"@type\":\"SearchAction\",\"target\":{\"@type\":\"EntryPoint\",\"urlTemplate\":\"https:\/\/www.tabakversand.ch\/?s={search_term_string}\"},\"query-input\":{\"@type\":\"PropertyValueSpecification\",\"valueRequired\":true,\"valueName\":\"search_term_string\"}}],\"inLanguage\":\"fr-FR\"}]}<\/script>\n<!-- \/ Yoast SEO plugin. -->","yoast_head_json":{"title":"Recharge Instaflow O Pro 20 mg - tabakversand.ch","description":"Recharge Instaflow O Pro 20 mg | Un tr\u00e8s grand choix de produits du tabac, cigarettes \u00e9lectroniques et accessoires pour fumeurs de qualit\u00e9 sup\u00e9rieure dans toute la Suisse | Cartes accept\u00e9es !","robots":{"index":"index","follow":"follow","max-snippet":"max-snippet:-1","max-image-preview":"max-image-preview:large","max-video-preview":"max-video-preview:-1"},"canonical":"https:\/\/www.tabakversand.ch\/it\/produit\/ricarica-instaflow-o-pro-20-mg\/","og_locale":"fr_FR","og_type":"article","og_title":"Recharge Instaflow O Pro 20 mg - tabakversand.ch","og_description":"Recharge Instaflow O Pro 20 mg | Un tr\u00e8s grand choix de produits du tabac, cigarettes \u00e9lectroniques et accessoires pour fumeurs de qualit\u00e9 sup\u00e9rieure dans toute la Suisse | Cartes accept\u00e9es !","og_url":"https:\/\/www.tabakversand.ch\/it\/produit\/ricarica-instaflow-o-pro-20-mg\/","og_site_name":"Tabakversand.ch | Alles aus der Welt des Tabaks","article_modified_time":"2025-12-09T14:05:20+00:00","og_image":[{"width":500,"height":500,"url":"https:\/\/www.tabakversand.ch\/wp-content\/uploads\/2025\/12\/instaflow-o-pro-refill-all.jpg","type":"image\/jpeg"}],"twitter_card":"summary_large_image","twitter_misc":{"Dur\u00e9e de lecture estim\u00e9e":"2 minutes"},"schema":{"@context":"https:\/\/schema.org","@graph":[{"@type":"WebPage","@id":"https:\/\/www.tabakversand.ch\/it\/produit\/ricarica-instaflow-o-pro-20-mg\/","url":"https:\/\/www.tabakversand.ch\/it\/produit\/ricarica-instaflow-o-pro-20-mg\/","name":"Recharge Instaflow O Pro 20 mg - tabakversand.ch","isPartOf":{"@id":"https:\/\/www.tabakversand.ch\/#website"},"primaryImageOfPage":{"@id":"https:\/\/www.tabakversand.ch\/it\/produit\/ricarica-instaflow-o-pro-20-mg\/#primaryimage"},"image":{"@id":"https:\/\/www.tabakversand.ch\/it\/produit\/ricarica-instaflow-o-pro-20-mg\/#primaryimage"},"thumbnailUrl":"https:\/\/www.tabakversand.ch\/wp-content\/uploads\/2025\/12\/instaflow-o-pro-refill-all.jpg","datePublished":"2025-12-09T13:42:48+00:00","dateModified":"2025-12-09T14:05:20+00:00","description":"Recharge Instaflow O Pro 20 mg | Un tr\u00e8s grand choix de produits du tabac, cigarettes \u00e9lectroniques et accessoires pour fumeurs de qualit\u00e9 sup\u00e9rieure dans toute la Suisse | Cartes accept\u00e9es !","breadcrumb":{"@id":"https:\/\/www.tabakversand.ch\/it\/produit\/ricarica-instaflow-o-pro-20-mg\/#breadcrumb"},"inLanguage":"fr-FR","potentialAction":[{"@type":"ReadAction","target":["https:\/\/www.tabakversand.ch\/it\/produit\/ricarica-instaflow-o-pro-20-mg\/"]}]},{"@type":"ImageObject","inLanguage":"fr-FR","@id":"https:\/\/www.tabakversand.ch\/it\/produit\/ricarica-instaflow-o-pro-20-mg\/#primaryimage","url":"https:\/\/www.tabakversand.ch\/wp-content\/uploads\/2025\/12\/instaflow-o-pro-refill-all.jpg","contentUrl":"https:\/\/www.tabakversand.ch\/wp-content\/uploads\/2025\/12\/instaflow-o-pro-refill-all.jpg","width":500,"height":500,"caption":"Recharge Instaflow O Pro 20 mg | tabakversand.ch"},{"@type":"BreadcrumbList","@id":"https:\/\/www.tabakversand.ch\/it\/produit\/ricarica-instaflow-o-pro-20-mg\/#breadcrumb","itemListElement":[{"@type":"ListItem","position":1,"name":"Startseite","item":"https:\/\/www.tabakversand.ch\/"},{"@type":"ListItem","position":2,"name":"Boutique","item":"https:\/\/www.tabakversand.ch\/fr\/boutique\/"},{"@type":"ListItem","position":3,"name":"Recharge Instaflow O Pro 20 mg"}]},{"@type":"WebSite","@id":"https:\/\/www.tabakversand.ch\/#website","url":"https:\/\/www.tabakversand.ch\/","name":"Tabakversand.ch | Alles aus der Welt des Tabaks","description":"Smoke and carpe diem","potentialAction":[{"@type":"SearchAction","target":{"@type":"EntryPoint","urlTemplate":"https:\/\/www.tabakversand.ch\/?s={search_term_string}"},"query-input":{"@type":"PropertyValueSpecification","valueRequired":true,"valueName":"search_term_string"}}],"inLanguage":"fr-FR"}]}},"_links":{"self":[{"href":"https:\/\/www.tabakversand.ch\/fr\/wp-json\/wp\/v2\/product\/207411","targetHints":{"allow":["GET"]}}],"collection":[{"href":"https:\/\/www.tabakversand.ch\/fr\/wp-json\/wp\/v2\/product"}],"about":[{"href":"https:\/\/www.tabakversand.ch\/fr\/wp-json\/wp\/v2\/types\/product"}],"version-history":[{"count":2,"href":"https:\/\/www.tabakversand.ch\/fr\/wp-json\/wp\/v2\/product\/207411\/revisions"}],"predecessor-version":[{"id":207490,"href":"https:\/\/www.tabakversand.ch\/fr\/wp-json\/wp\/v2\/product\/207411\/revisions\/207490"}],"wp:featuredmedia":[{"embeddable":true,"href":"https:\/\/www.tabakversand.ch\/fr\/wp-json\/wp\/v2\/media\/207415"}],"wp:attachment":[{"href":"https:\/\/www.tabakversand.ch\/fr\/wp-json\/wp\/v2\/media?parent=207411"}],"wp:term":[{"taxonomy":"product_brand","embeddable":true,"href":"https:\/\/www.tabakversand.ch\/fr\/wp-json\/wp\/v2\/product_brand?post=207411"},{"taxonomy":"product_cat","embeddable":true,"href":"https:\/\/www.tabakversand.ch\/fr\/wp-json\/wp\/v2\/product_cat?post=207411"},{"taxonomy":"product_tag","embeddable":true,"href":"https:\/\/www.tabakversand.ch\/fr\/wp-json\/wp\/v2\/product_tag?post=207411"}],"curies":[{"name":"wp","href":"https:\/\/api.w.org\/{rel}","templated":true}]}}