{"id":207494,"date":"2025-12-09T15:14:04","date_gmt":"2025-12-09T14:14:04","guid":{"rendered":"https:\/\/www.tabakversand.ch\/?post_type=product&#038;p=207494"},"modified":"2025-12-09T15:24:18","modified_gmt":"2025-12-09T14:24:18","slug":"sachet-dhumidification-gizeh-1-x-50-pieces","status":"publish","type":"product","link":"https:\/\/www.tabakversand.ch\/fr\/produit\/sachet-dhumidification-gizeh-1-x-50-pieces\/","title":{"rendered":"Sachet d&rsquo;humidification Gizeh, 1 x 50 pi\u00e8ces"},"content":{"rendered":"<p>Sachet d&rsquo;humidit\u00e9 Gizeh 1 x 50 pi\u00e8ces.<\/p>\n<p>Maintenez un taux d&rsquo;humidit\u00e9 optimal pour vos produits gr\u00e2ce aux sachets d&rsquo;humidification GIZEH x Integra Boost. Leur technologie bidirectionnelle brevet\u00e9e r\u00e9gule l&rsquo;humidit\u00e9 de mani\u00e8re fiable en absorbant l&rsquo;exc\u00e8s d&rsquo;humidit\u00e9 ou en la lib\u00e9rant selon les besoins. Ils maintiennent ainsi une humidit\u00e9 relative constante de 62 %, id\u00e9ale pour prot\u00e9ger vos produits du dess\u00e8chement et de l&rsquo;exc\u00e8s d&rsquo;humidit\u00e9, et pr\u00e9server leur qualit\u00e9 et leur ar\u00f4me sur le long terme. La carte indicatrice de remplacement vous signale pr\u00e9cis\u00e9ment quand changer le sachet.<\/p>\n<ul>\n<li>Technologie brevet\u00e9e bidirectionnelle par absorption et lib\u00e9ration d&rsquo;humidit\u00e9<\/li>\n<li>humidit\u00e9 relative constante de 62 %<\/li>\n<li>Dimensions d&rsquo;un emballage individuel : 4,5 cm x 4,5 cm<\/li>\n<li>Sans sels ni additifs nocifs<\/li>\n<\/ul>\n<p>Tous les prix s&rsquo;appliquent uniquement aux commandes en ligne et incluent la TVA. Sous r\u00e9serve de modifications sans pr\u00e9avis, frais de livraison en sus. Sous r\u00e9serve d&rsquo;erreurs, de modifications de contenu de livraison et de conception, de fautes d&rsquo;impression et de modifications de prix. Les prix barr\u00e9s sont des prix de remplacement. Les illustrations peuvent diff\u00e9rer de l&rsquo;original\/du contenu de livraison.<br \/>\n*Livraison gratuite pour les commandes sup\u00e9rieures \u00e0 CHF 250.-.<\/p>\n","protected":false},"excerpt":{"rendered":"<p>Sachet d&rsquo;humidit\u00e9 Gizeh 1 x 50 pi\u00e8ces. Maintenez un taux d&rsquo;humidit\u00e9 optimal pour vos produits gr\u00e2ce aux sachets d&rsquo;humidification GIZEH x Integra Boost. Leur technologie bidirectionnelle brevet\u00e9e r\u00e9gule l&rsquo;humidit\u00e9 de mani\u00e8re fiable en absorbant l&rsquo;exc\u00e8s d&rsquo;humidit\u00e9 ou en la lib\u00e9rant selon les besoins. Ils maintiennent ainsi une humidit\u00e9 relative constante de 62 %, id\u00e9ale pour [&hellip;]<\/p>\n","protected":false},"featured_media":207498,"template":"","meta":[],"product_brand":[1564],"product_cat":[3219,1961,1995,5113,3573],"product_tag":[],"class_list":{"0":"post-207494","1":"product","2":"type-product","3":"status-publish","4":"has-post-thumbnail","6":"product_brand-gizeh","7":"product_cat-boutique-de-tete","8":"product_cat-cigarettes-self-made-fr-2","9":"product_cat-divers-headshop","10":"product_cat-humidificateur","11":"product_cat-humidificateur-a-tabac","13":"first","14":"onbackorder","15":"featured","16":"purchasable","17":"product-type-simple"},"yoast_head":"<!-- This site is optimized with the Yoast SEO plugin v27.0 - https:\/\/yoast.com\/product\/yoast-seo-wordpress\/ -->\n<title>Sachet d&#039;humidification Gizeh, 1 x 50 pi\u00e8ces - Tabakversand.ch | Alles aus der Welt des Tabaks<\/title>\n<meta name=\"description\" content=\"Sachet d&#039;humidit\u00e9 Gizeh 1 x 50 pi\u00e8ces. | Un tr\u00e8s grand choix de produits du tabac, e-smoke et ustensiles pour fumer dans toute la Suisse | Cartes accept\u00e9es !\" \/>\n<meta name=\"robots\" content=\"index, follow, max-snippet:-1, max-image-preview:large, max-video-preview:-1\" \/>\n<link rel=\"canonical\" href=\"https:\/\/www.tabakversand.ch\/produit\/gizeh-humidity-pack-1-x-50-stk\/\" \/>\n<meta property=\"og:locale\" content=\"fr_FR\" \/>\n<meta property=\"og:type\" content=\"article\" \/>\n<meta property=\"og:title\" content=\"Sachet d&#039;humidification Gizeh, 1 x 50 pi\u00e8ces - Tabakversand.ch | Alles aus der Welt des Tabaks\" \/>\n<meta property=\"og:description\" content=\"Sachet d&#039;humidit\u00e9 Gizeh 1 x 50 pi\u00e8ces. | Un tr\u00e8s grand choix de produits du tabac, e-smoke et ustensiles pour fumer dans toute la Suisse | Cartes accept\u00e9es !\" \/>\n<meta property=\"og:url\" content=\"https:\/\/www.tabakversand.ch\/produit\/gizeh-humidity-pack-1-x-50-stk\/\" \/>\n<meta property=\"og:site_name\" content=\"Tabakversand.ch | Alles aus der Welt des Tabaks\" \/>\n<meta property=\"article:modified_time\" content=\"2025-12-09T14:24:18+00:00\" \/>\n<meta property=\"og:image\" content=\"https:\/\/www.tabakversand.ch\/wp-content\/uploads\/2025\/12\/gizeh-humidity-pack.jpg\" \/>\n\t<meta property=\"og:image:width\" content=\"500\" \/>\n\t<meta property=\"og:image:height\" content=\"500\" \/>\n\t<meta property=\"og:image:type\" content=\"image\/jpeg\" \/>\n<meta name=\"twitter:card\" content=\"summary_large_image\" \/>\n<meta name=\"twitter:label1\" content=\"Dur\u00e9e de lecture estim\u00e9e\" \/>\n\t<meta name=\"twitter:data1\" content=\"2 minutes\" \/>\n<script type=\"application\/ld+json\" class=\"yoast-schema-graph\">{\"@context\":\"https:\/\/schema.org\",\"@graph\":[{\"@type\":\"WebPage\",\"@id\":\"https:\/\/www.tabakversand.ch\/produit\/gizeh-humidity-pack-1-x-50-stk\/\",\"url\":\"https:\/\/www.tabakversand.ch\/produit\/gizeh-humidity-pack-1-x-50-stk\/\",\"name\":\"Sachet d'humidification Gizeh, 1 x 50 pi\u00e8ces - Tabakversand.ch | Alles aus der Welt des Tabaks\",\"isPartOf\":{\"@id\":\"https:\/\/www.tabakversand.ch\/#website\"},\"primaryImageOfPage\":{\"@id\":\"https:\/\/www.tabakversand.ch\/produit\/gizeh-humidity-pack-1-x-50-stk\/#primaryimage\"},\"image\":{\"@id\":\"https:\/\/www.tabakversand.ch\/produit\/gizeh-humidity-pack-1-x-50-stk\/#primaryimage\"},\"thumbnailUrl\":\"https:\/\/www.tabakversand.ch\/wp-content\/uploads\/2025\/12\/gizeh-humidity-pack.jpg\",\"datePublished\":\"2025-12-09T14:14:04+00:00\",\"dateModified\":\"2025-12-09T14:24:18+00:00\",\"description\":\"Sachet d'humidit\u00e9 Gizeh 1 x 50 pi\u00e8ces. | Un tr\u00e8s grand choix de produits du tabac, e-smoke et ustensiles pour fumer dans toute la Suisse | Cartes accept\u00e9es !\",\"breadcrumb\":{\"@id\":\"https:\/\/www.tabakversand.ch\/produit\/gizeh-humidity-pack-1-x-50-stk\/#breadcrumb\"},\"inLanguage\":\"fr-FR\",\"potentialAction\":[{\"@type\":\"ReadAction\",\"target\":[\"https:\/\/www.tabakversand.ch\/produit\/gizeh-humidity-pack-1-x-50-stk\/\"]}]},{\"@type\":\"ImageObject\",\"inLanguage\":\"fr-FR\",\"@id\":\"https:\/\/www.tabakversand.ch\/produit\/gizeh-humidity-pack-1-x-50-stk\/#primaryimage\",\"url\":\"https:\/\/www.tabakversand.ch\/wp-content\/uploads\/2025\/12\/gizeh-humidity-pack.jpg\",\"contentUrl\":\"https:\/\/www.tabakversand.ch\/wp-content\/uploads\/2025\/12\/gizeh-humidity-pack.jpg\",\"width\":500,\"height\":500,\"caption\":\"Sachet d'humidit\u00e9 Gizeh 1 x 50 pi\u00e8ces. | tabakversand.ch\"},{\"@type\":\"BreadcrumbList\",\"@id\":\"https:\/\/www.tabakversand.ch\/produit\/gizeh-humidity-pack-1-x-50-stk\/#breadcrumb\",\"itemListElement\":[{\"@type\":\"ListItem\",\"position\":1,\"name\":\"Startseite\",\"item\":\"https:\/\/www.tabakversand.ch\/\"},{\"@type\":\"ListItem\",\"position\":2,\"name\":\"Boutique\",\"item\":\"https:\/\/www.tabakversand.ch\/fr\/boutique\/\"},{\"@type\":\"ListItem\",\"position\":3,\"name\":\"Sachet d'humidification Gizeh, 1 x 50 pi\u00e8ces\"}]},{\"@type\":\"WebSite\",\"@id\":\"https:\/\/www.tabakversand.ch\/#website\",\"url\":\"https:\/\/www.tabakversand.ch\/\",\"name\":\"Tabakversand.ch | Alles aus der Welt des Tabaks\",\"description\":\"Smoke and carpe diem\",\"potentialAction\":[{\"@type\":\"SearchAction\",\"target\":{\"@type\":\"EntryPoint\",\"urlTemplate\":\"https:\/\/www.tabakversand.ch\/?s={search_term_string}\"},\"query-input\":{\"@type\":\"PropertyValueSpecification\",\"valueRequired\":true,\"valueName\":\"search_term_string\"}}],\"inLanguage\":\"fr-FR\"}]}<\/script>\n<!-- \/ Yoast SEO plugin. -->","yoast_head_json":{"title":"Sachet d'humidification Gizeh, 1 x 50 pi\u00e8ces - Tabakversand.ch | Alles aus der Welt des Tabaks","description":"Sachet d'humidit\u00e9 Gizeh 1 x 50 pi\u00e8ces. | Un tr\u00e8s grand choix de produits du tabac, e-smoke et ustensiles pour fumer dans toute la Suisse | Cartes accept\u00e9es !","robots":{"index":"index","follow":"follow","max-snippet":"max-snippet:-1","max-image-preview":"max-image-preview:large","max-video-preview":"max-video-preview:-1"},"canonical":"https:\/\/www.tabakversand.ch\/produit\/gizeh-humidity-pack-1-x-50-stk\/","og_locale":"fr_FR","og_type":"article","og_title":"Sachet d'humidification Gizeh, 1 x 50 pi\u00e8ces - Tabakversand.ch | Alles aus der Welt des Tabaks","og_description":"Sachet d'humidit\u00e9 Gizeh 1 x 50 pi\u00e8ces. | Un tr\u00e8s grand choix de produits du tabac, e-smoke et ustensiles pour fumer dans toute la Suisse | Cartes accept\u00e9es !","og_url":"https:\/\/www.tabakversand.ch\/produit\/gizeh-humidity-pack-1-x-50-stk\/","og_site_name":"Tabakversand.ch | Alles aus der Welt des Tabaks","article_modified_time":"2025-12-09T14:24:18+00:00","og_image":[{"width":500,"height":500,"url":"https:\/\/www.tabakversand.ch\/wp-content\/uploads\/2025\/12\/gizeh-humidity-pack.jpg","type":"image\/jpeg"}],"twitter_card":"summary_large_image","twitter_misc":{"Dur\u00e9e de lecture estim\u00e9e":"2 minutes"},"schema":{"@context":"https:\/\/schema.org","@graph":[{"@type":"WebPage","@id":"https:\/\/www.tabakversand.ch\/produit\/gizeh-humidity-pack-1-x-50-stk\/","url":"https:\/\/www.tabakversand.ch\/produit\/gizeh-humidity-pack-1-x-50-stk\/","name":"Sachet d'humidification Gizeh, 1 x 50 pi\u00e8ces - Tabakversand.ch | Alles aus der Welt des Tabaks","isPartOf":{"@id":"https:\/\/www.tabakversand.ch\/#website"},"primaryImageOfPage":{"@id":"https:\/\/www.tabakversand.ch\/produit\/gizeh-humidity-pack-1-x-50-stk\/#primaryimage"},"image":{"@id":"https:\/\/www.tabakversand.ch\/produit\/gizeh-humidity-pack-1-x-50-stk\/#primaryimage"},"thumbnailUrl":"https:\/\/www.tabakversand.ch\/wp-content\/uploads\/2025\/12\/gizeh-humidity-pack.jpg","datePublished":"2025-12-09T14:14:04+00:00","dateModified":"2025-12-09T14:24:18+00:00","description":"Sachet d'humidit\u00e9 Gizeh 1 x 50 pi\u00e8ces. | Un tr\u00e8s grand choix de produits du tabac, e-smoke et ustensiles pour fumer dans toute la Suisse | Cartes accept\u00e9es !","breadcrumb":{"@id":"https:\/\/www.tabakversand.ch\/produit\/gizeh-humidity-pack-1-x-50-stk\/#breadcrumb"},"inLanguage":"fr-FR","potentialAction":[{"@type":"ReadAction","target":["https:\/\/www.tabakversand.ch\/produit\/gizeh-humidity-pack-1-x-50-stk\/"]}]},{"@type":"ImageObject","inLanguage":"fr-FR","@id":"https:\/\/www.tabakversand.ch\/produit\/gizeh-humidity-pack-1-x-50-stk\/#primaryimage","url":"https:\/\/www.tabakversand.ch\/wp-content\/uploads\/2025\/12\/gizeh-humidity-pack.jpg","contentUrl":"https:\/\/www.tabakversand.ch\/wp-content\/uploads\/2025\/12\/gizeh-humidity-pack.jpg","width":500,"height":500,"caption":"Sachet d'humidit\u00e9 Gizeh 1 x 50 pi\u00e8ces. | tabakversand.ch"},{"@type":"BreadcrumbList","@id":"https:\/\/www.tabakversand.ch\/produit\/gizeh-humidity-pack-1-x-50-stk\/#breadcrumb","itemListElement":[{"@type":"ListItem","position":1,"name":"Startseite","item":"https:\/\/www.tabakversand.ch\/"},{"@type":"ListItem","position":2,"name":"Boutique","item":"https:\/\/www.tabakversand.ch\/fr\/boutique\/"},{"@type":"ListItem","position":3,"name":"Sachet d'humidification Gizeh, 1 x 50 pi\u00e8ces"}]},{"@type":"WebSite","@id":"https:\/\/www.tabakversand.ch\/#website","url":"https:\/\/www.tabakversand.ch\/","name":"Tabakversand.ch | Alles aus der Welt des Tabaks","description":"Smoke and carpe diem","potentialAction":[{"@type":"SearchAction","target":{"@type":"EntryPoint","urlTemplate":"https:\/\/www.tabakversand.ch\/?s={search_term_string}"},"query-input":{"@type":"PropertyValueSpecification","valueRequired":true,"valueName":"search_term_string"}}],"inLanguage":"fr-FR"}]}},"_links":{"self":[{"href":"https:\/\/www.tabakversand.ch\/fr\/wp-json\/wp\/v2\/product\/207494","targetHints":{"allow":["GET"]}}],"collection":[{"href":"https:\/\/www.tabakversand.ch\/fr\/wp-json\/wp\/v2\/product"}],"about":[{"href":"https:\/\/www.tabakversand.ch\/fr\/wp-json\/wp\/v2\/types\/product"}],"version-history":[{"count":3,"href":"https:\/\/www.tabakversand.ch\/fr\/wp-json\/wp\/v2\/product\/207494\/revisions"}],"predecessor-version":[{"id":207508,"href":"https:\/\/www.tabakversand.ch\/fr\/wp-json\/wp\/v2\/product\/207494\/revisions\/207508"}],"wp:featuredmedia":[{"embeddable":true,"href":"https:\/\/www.tabakversand.ch\/fr\/wp-json\/wp\/v2\/media\/207498"}],"wp:attachment":[{"href":"https:\/\/www.tabakversand.ch\/fr\/wp-json\/wp\/v2\/media?parent=207494"}],"wp:term":[{"taxonomy":"product_brand","embeddable":true,"href":"https:\/\/www.tabakversand.ch\/fr\/wp-json\/wp\/v2\/product_brand?post=207494"},{"taxonomy":"product_cat","embeddable":true,"href":"https:\/\/www.tabakversand.ch\/fr\/wp-json\/wp\/v2\/product_cat?post=207494"},{"taxonomy":"product_tag","embeddable":true,"href":"https:\/\/www.tabakversand.ch\/fr\/wp-json\/wp\/v2\/product_tag?post=207494"}],"curies":[{"name":"wp","href":"https:\/\/api.w.org\/{rel}","templated":true}]}}