{"id":207766,"date":"2025-12-18T13:28:45","date_gmt":"2025-12-18T12:28:45","guid":{"rendered":"https:\/\/www.tabakversand.ch\/?post_type=product&#038;p=207766"},"modified":"2026-01-22T07:38:44","modified_gmt":"2026-01-22T06:38:44","slug":"filtre-a-charbon-actif-kailar-en-papier-etoile-petit-format-noir-6-mm","status":"publish","type":"product","link":"https:\/\/www.tabakversand.ch\/fr\/produit\/filtre-a-charbon-actif-kailar-en-papier-etoile-petit-format-noir-6-mm\/","title":{"rendered":"Filtre \u00e0 charbon actif Kailar en papier \u00e9toile, petit format, noir, 6 mm"},"content":{"rendered":"<p>Filtre \u00e0 charbon actif Kailar en papier \u00e9toile, petit format, noir, 6 mm<\/p>\n<p>Le premier filtre \u00e0 charbon actif de petite taille, dot\u00e9 de bouchons en papier et d&rsquo;une forme d&rsquo;\u00e9toile innovante.<br \/>\n Notre filtre Star petit format r\u00e9volutionne le monde des filtres \u00e0 charbon actif. Avec son diam\u00e8tre ultra-fin de 6 mm, il est id\u00e9al pour rouler ses propres cigarettes et particuli\u00e8rement adapt\u00e9 aux fumeurs qui ne veulent pas se passer de charbon actif.<br \/>\n Au lieu des embouts en cellulose habituels, nous utilisons des embouts en papier, r\u00e9duits \u00e0 l&rsquo;essentiel.<br \/>\n Fonctionnalit\u00e9 sans compromis et sans plastique ! <\/p>\n<p>Caract\u00e9ristiques:<\/p>\n<ul>\n<li>Diam\u00e8tre de 6 mm \u2013 id\u00e9al pour les virages serr\u00e9s<\/li>\n<li>Bouchons en papier au lieu de cellulose&nbsp;: fonctionnels et \u00e9conomiques<\/li>\n<li>Forme en \u00e9toile aux deux extr\u00e9mit\u00e9s &#8211; facilite la r\u00e9insertion en cas de torsion.<\/li>\n<\/ul>\n<p>Id\u00e9al \u00e9galement pour les fumeurs de cigares qui pr\u00e9f\u00e8rent le charbon actif.<\/p>\n<p>Compact, pratique, bien con\u00e7u, sans plastique !<\/p>\n<p>Un filtre qui \u00e9tablit de nouvelles normes !<\/p>\n<p>Tous les prix s&rsquo;appliquent uniquement aux commandes en ligne et incluent la TVA. Sous r\u00e9serve de modifications sans pr\u00e9avis, frais de livraison en sus. Sous r\u00e9serve d&rsquo;erreurs, de modifications de contenu de livraison et de conception, de fautes d&rsquo;impression et de modifications de prix. Les prix barr\u00e9s sont des prix de remplacement. Les illustrations peuvent diff\u00e9rer de l&rsquo;original\/du contenu de livraison.<br \/>\n*Livraison gratuite pour les commandes sup\u00e9rieures \u00e0 CHF 250.-.<\/p>\n","protected":false},"excerpt":{"rendered":"<p>Filtre \u00e0 charbon actif Kailar en papier \u00e9toile, petit format, noir, 6 mm Le premier filtre \u00e0 charbon actif de petite taille, dot\u00e9 de bouchons en papier et d&rsquo;une forme d&rsquo;\u00e9toile innovante. Notre filtre Star petit format r\u00e9volutionne le monde des filtres \u00e0 charbon actif. Avec son diam\u00e8tre ultra-fin de 6 mm, il est id\u00e9al [&hellip;]<\/p>\n","protected":false},"featured_media":207782,"template":"","meta":[],"product_brand":[5172],"product_cat":[1961,1995,3231,5177,2014],"product_tag":[],"class_list":{"0":"post-207766","1":"product","2":"type-product","3":"status-publish","4":"has-post-thumbnail","6":"product_brand-kailar","7":"product_cat-cigarettes-self-made-fr-2","8":"product_cat-divers-headshop","9":"product_cat-filtre","10":"product_cat-filtre-a-charbon-actif","11":"product_cat-filtres-a-cigarettes","12":"pa_auswahl-250-pieces","13":"pa_auswahl-35-pieces","14":"pa_auswahl-65-pieces","16":"first","17":"onbackorder","18":"featured","19":"purchasable","20":"product-type-variable"},"yoast_head":"<!-- This site is optimized with the Yoast SEO plugin v27.0 - https:\/\/yoast.com\/product\/yoast-seo-wordpress\/ -->\n<title>Filtre \u00e0 charbon actif Kailar en papier \u00e9toile, petit format, noir, 6 mm - Tabakversand.ch | Alles aus der Welt des Tabaks<\/title>\n<meta name=\"description\" content=\"Filtres \u00e0 charbon actif Kailar Small Size Star Paper noirs 6 mm | Un tr\u00e8s grand choix de produits du tabac, de cigarettes \u00e9lectroniques et d&#039;accessoires pour fumeurs dans toute la Suisse | Cartes accept\u00e9es !\" \/>\n<meta name=\"robots\" content=\"index, follow, max-snippet:-1, max-image-preview:large, max-video-preview:-1\" \/>\n<link rel=\"canonical\" href=\"https:\/\/www.tabakversand.ch\/fr\/produit\/filtre-a-charbon-actif-kailar-en-papier-etoile-petit-format-noir-6-mm\/\" \/>\n<meta property=\"og:locale\" content=\"fr_FR\" \/>\n<meta property=\"og:type\" content=\"article\" \/>\n<meta property=\"og:title\" content=\"Filtre \u00e0 charbon actif Kailar en papier \u00e9toile, petit format, noir, 6 mm - Tabakversand.ch | Alles aus der Welt des Tabaks\" \/>\n<meta property=\"og:description\" content=\"Filtres \u00e0 charbon actif Kailar Small Size Star Paper noirs 6 mm | Un tr\u00e8s grand choix de produits du tabac, de cigarettes \u00e9lectroniques et d&#039;accessoires pour fumeurs dans toute la Suisse | Cartes accept\u00e9es !\" \/>\n<meta property=\"og:url\" content=\"https:\/\/www.tabakversand.ch\/fr\/produit\/filtre-a-charbon-actif-kailar-en-papier-etoile-petit-format-noir-6-mm\/\" \/>\n<meta property=\"og:site_name\" content=\"Tabakversand.ch | Alles aus der Welt des Tabaks\" \/>\n<meta property=\"article:modified_time\" content=\"2026-01-22T06:38:44+00:00\" \/>\n<meta property=\"og:image\" content=\"https:\/\/www.tabakversand.ch\/wp-content\/uploads\/2025\/12\/kailar-papier-aktivkohlefilter-small-size-star-all.jpg\" \/>\n\t<meta property=\"og:image:width\" content=\"500\" \/>\n\t<meta property=\"og:image:height\" content=\"499\" \/>\n\t<meta property=\"og:image:type\" content=\"image\/jpeg\" \/>\n<meta name=\"twitter:card\" content=\"summary_large_image\" \/>\n<meta name=\"twitter:label1\" content=\"Dur\u00e9e de lecture estim\u00e9e\" \/>\n\t<meta name=\"twitter:data1\" content=\"2 minutes\" \/>\n<script type=\"application\/ld+json\" class=\"yoast-schema-graph\">{\"@context\":\"https:\/\/schema.org\",\"@graph\":[{\"@type\":\"WebPage\",\"@id\":\"https:\/\/www.tabakversand.ch\/fr\/produit\/filtre-a-charbon-actif-kailar-en-papier-etoile-petit-format-noir-6-mm\/\",\"url\":\"https:\/\/www.tabakversand.ch\/fr\/produit\/filtre-a-charbon-actif-kailar-en-papier-etoile-petit-format-noir-6-mm\/\",\"name\":\"Filtre \u00e0 charbon actif Kailar en papier \u00e9toile, petit format, noir, 6 mm - Tabakversand.ch | Alles aus der Welt des Tabaks\",\"isPartOf\":{\"@id\":\"https:\/\/www.tabakversand.ch\/#website\"},\"primaryImageOfPage\":{\"@id\":\"https:\/\/www.tabakversand.ch\/fr\/produit\/filtre-a-charbon-actif-kailar-en-papier-etoile-petit-format-noir-6-mm\/#primaryimage\"},\"image\":{\"@id\":\"https:\/\/www.tabakversand.ch\/fr\/produit\/filtre-a-charbon-actif-kailar-en-papier-etoile-petit-format-noir-6-mm\/#primaryimage\"},\"thumbnailUrl\":\"https:\/\/www.tabakversand.ch\/wp-content\/uploads\/2025\/12\/kailar-papier-aktivkohlefilter-small-size-star-all.jpg\",\"datePublished\":\"2025-12-18T12:28:45+00:00\",\"dateModified\":\"2026-01-22T06:38:44+00:00\",\"description\":\"Filtres \u00e0 charbon actif Kailar Small Size Star Paper noirs 6 mm | Un tr\u00e8s grand choix de produits du tabac, de cigarettes \u00e9lectroniques et d'accessoires pour fumeurs dans toute la Suisse | Cartes accept\u00e9es !\",\"breadcrumb\":{\"@id\":\"https:\/\/www.tabakversand.ch\/fr\/produit\/filtre-a-charbon-actif-kailar-en-papier-etoile-petit-format-noir-6-mm\/#breadcrumb\"},\"inLanguage\":\"fr-FR\",\"potentialAction\":[{\"@type\":\"ReadAction\",\"target\":[\"https:\/\/www.tabakversand.ch\/fr\/produit\/filtre-a-charbon-actif-kailar-en-papier-etoile-petit-format-noir-6-mm\/\"]}]},{\"@type\":\"ImageObject\",\"inLanguage\":\"fr-FR\",\"@id\":\"https:\/\/www.tabakversand.ch\/fr\/produit\/filtre-a-charbon-actif-kailar-en-papier-etoile-petit-format-noir-6-mm\/#primaryimage\",\"url\":\"https:\/\/www.tabakversand.ch\/wp-content\/uploads\/2025\/12\/kailar-papier-aktivkohlefilter-small-size-star-all.jpg\",\"contentUrl\":\"https:\/\/www.tabakversand.ch\/wp-content\/uploads\/2025\/12\/kailar-papier-aktivkohlefilter-small-size-star-all.jpg\",\"width\":500,\"height\":499,\"caption\":\"Filtre \u00e0 charbon actif Kailar en papier \u00e9toile noir 6 mm, petit format | tabakversand.ch\"},{\"@type\":\"BreadcrumbList\",\"@id\":\"https:\/\/www.tabakversand.ch\/fr\/produit\/filtre-a-charbon-actif-kailar-en-papier-etoile-petit-format-noir-6-mm\/#breadcrumb\",\"itemListElement\":[{\"@type\":\"ListItem\",\"position\":1,\"name\":\"Startseite\",\"item\":\"https:\/\/www.tabakversand.ch\/\"},{\"@type\":\"ListItem\",\"position\":2,\"name\":\"Boutique\",\"item\":\"https:\/\/www.tabakversand.ch\/fr\/boutique\/\"},{\"@type\":\"ListItem\",\"position\":3,\"name\":\"Filtre \u00e0 charbon actif Kailar en papier \u00e9toile, petit format, noir, 6 mm\"}]},{\"@type\":\"WebSite\",\"@id\":\"https:\/\/www.tabakversand.ch\/#website\",\"url\":\"https:\/\/www.tabakversand.ch\/\",\"name\":\"Tabakversand.ch | Alles aus der Welt des Tabaks\",\"description\":\"Smoke and carpe diem\",\"potentialAction\":[{\"@type\":\"SearchAction\",\"target\":{\"@type\":\"EntryPoint\",\"urlTemplate\":\"https:\/\/www.tabakversand.ch\/?s={search_term_string}\"},\"query-input\":{\"@type\":\"PropertyValueSpecification\",\"valueRequired\":true,\"valueName\":\"search_term_string\"}}],\"inLanguage\":\"fr-FR\"}]}<\/script>\n<!-- \/ Yoast SEO plugin. -->","yoast_head_json":{"title":"Filtre \u00e0 charbon actif Kailar en papier \u00e9toile, petit format, noir, 6 mm - Tabakversand.ch | Alles aus der Welt des Tabaks","description":"Filtres \u00e0 charbon actif Kailar Small Size Star Paper noirs 6 mm | Un tr\u00e8s grand choix de produits du tabac, de cigarettes \u00e9lectroniques et d'accessoires pour fumeurs dans toute la Suisse | Cartes accept\u00e9es !","robots":{"index":"index","follow":"follow","max-snippet":"max-snippet:-1","max-image-preview":"max-image-preview:large","max-video-preview":"max-video-preview:-1"},"canonical":"https:\/\/www.tabakversand.ch\/fr\/produit\/filtre-a-charbon-actif-kailar-en-papier-etoile-petit-format-noir-6-mm\/","og_locale":"fr_FR","og_type":"article","og_title":"Filtre \u00e0 charbon actif Kailar en papier \u00e9toile, petit format, noir, 6 mm - Tabakversand.ch | Alles aus der Welt des Tabaks","og_description":"Filtres \u00e0 charbon actif Kailar Small Size Star Paper noirs 6 mm | Un tr\u00e8s grand choix de produits du tabac, de cigarettes \u00e9lectroniques et d'accessoires pour fumeurs dans toute la Suisse | Cartes accept\u00e9es !","og_url":"https:\/\/www.tabakversand.ch\/fr\/produit\/filtre-a-charbon-actif-kailar-en-papier-etoile-petit-format-noir-6-mm\/","og_site_name":"Tabakversand.ch | Alles aus der Welt des Tabaks","article_modified_time":"2026-01-22T06:38:44+00:00","og_image":[{"width":500,"height":499,"url":"https:\/\/www.tabakversand.ch\/wp-content\/uploads\/2025\/12\/kailar-papier-aktivkohlefilter-small-size-star-all.jpg","type":"image\/jpeg"}],"twitter_card":"summary_large_image","twitter_misc":{"Dur\u00e9e de lecture estim\u00e9e":"2 minutes"},"schema":{"@context":"https:\/\/schema.org","@graph":[{"@type":"WebPage","@id":"https:\/\/www.tabakversand.ch\/fr\/produit\/filtre-a-charbon-actif-kailar-en-papier-etoile-petit-format-noir-6-mm\/","url":"https:\/\/www.tabakversand.ch\/fr\/produit\/filtre-a-charbon-actif-kailar-en-papier-etoile-petit-format-noir-6-mm\/","name":"Filtre \u00e0 charbon actif Kailar en papier \u00e9toile, petit format, noir, 6 mm - Tabakversand.ch | Alles aus der Welt des Tabaks","isPartOf":{"@id":"https:\/\/www.tabakversand.ch\/#website"},"primaryImageOfPage":{"@id":"https:\/\/www.tabakversand.ch\/fr\/produit\/filtre-a-charbon-actif-kailar-en-papier-etoile-petit-format-noir-6-mm\/#primaryimage"},"image":{"@id":"https:\/\/www.tabakversand.ch\/fr\/produit\/filtre-a-charbon-actif-kailar-en-papier-etoile-petit-format-noir-6-mm\/#primaryimage"},"thumbnailUrl":"https:\/\/www.tabakversand.ch\/wp-content\/uploads\/2025\/12\/kailar-papier-aktivkohlefilter-small-size-star-all.jpg","datePublished":"2025-12-18T12:28:45+00:00","dateModified":"2026-01-22T06:38:44+00:00","description":"Filtres \u00e0 charbon actif Kailar Small Size Star Paper noirs 6 mm | Un tr\u00e8s grand choix de produits du tabac, de cigarettes \u00e9lectroniques et d'accessoires pour fumeurs dans toute la Suisse | Cartes accept\u00e9es !","breadcrumb":{"@id":"https:\/\/www.tabakversand.ch\/fr\/produit\/filtre-a-charbon-actif-kailar-en-papier-etoile-petit-format-noir-6-mm\/#breadcrumb"},"inLanguage":"fr-FR","potentialAction":[{"@type":"ReadAction","target":["https:\/\/www.tabakversand.ch\/fr\/produit\/filtre-a-charbon-actif-kailar-en-papier-etoile-petit-format-noir-6-mm\/"]}]},{"@type":"ImageObject","inLanguage":"fr-FR","@id":"https:\/\/www.tabakversand.ch\/fr\/produit\/filtre-a-charbon-actif-kailar-en-papier-etoile-petit-format-noir-6-mm\/#primaryimage","url":"https:\/\/www.tabakversand.ch\/wp-content\/uploads\/2025\/12\/kailar-papier-aktivkohlefilter-small-size-star-all.jpg","contentUrl":"https:\/\/www.tabakversand.ch\/wp-content\/uploads\/2025\/12\/kailar-papier-aktivkohlefilter-small-size-star-all.jpg","width":500,"height":499,"caption":"Filtre \u00e0 charbon actif Kailar en papier \u00e9toile noir 6 mm, petit format | tabakversand.ch"},{"@type":"BreadcrumbList","@id":"https:\/\/www.tabakversand.ch\/fr\/produit\/filtre-a-charbon-actif-kailar-en-papier-etoile-petit-format-noir-6-mm\/#breadcrumb","itemListElement":[{"@type":"ListItem","position":1,"name":"Startseite","item":"https:\/\/www.tabakversand.ch\/"},{"@type":"ListItem","position":2,"name":"Boutique","item":"https:\/\/www.tabakversand.ch\/fr\/boutique\/"},{"@type":"ListItem","position":3,"name":"Filtre \u00e0 charbon actif Kailar en papier \u00e9toile, petit format, noir, 6 mm"}]},{"@type":"WebSite","@id":"https:\/\/www.tabakversand.ch\/#website","url":"https:\/\/www.tabakversand.ch\/","name":"Tabakversand.ch | Alles aus der Welt des Tabaks","description":"Smoke and carpe diem","potentialAction":[{"@type":"SearchAction","target":{"@type":"EntryPoint","urlTemplate":"https:\/\/www.tabakversand.ch\/?s={search_term_string}"},"query-input":{"@type":"PropertyValueSpecification","valueRequired":true,"valueName":"search_term_string"}}],"inLanguage":"fr-FR"}]}},"_links":{"self":[{"href":"https:\/\/www.tabakversand.ch\/fr\/wp-json\/wp\/v2\/product\/207766","targetHints":{"allow":["GET"]}}],"collection":[{"href":"https:\/\/www.tabakversand.ch\/fr\/wp-json\/wp\/v2\/product"}],"about":[{"href":"https:\/\/www.tabakversand.ch\/fr\/wp-json\/wp\/v2\/types\/product"}],"version-history":[{"count":5,"href":"https:\/\/www.tabakversand.ch\/fr\/wp-json\/wp\/v2\/product\/207766\/revisions"}],"predecessor-version":[{"id":209473,"href":"https:\/\/www.tabakversand.ch\/fr\/wp-json\/wp\/v2\/product\/207766\/revisions\/209473"}],"wp:featuredmedia":[{"embeddable":true,"href":"https:\/\/www.tabakversand.ch\/fr\/wp-json\/wp\/v2\/media\/207782"}],"wp:attachment":[{"href":"https:\/\/www.tabakversand.ch\/fr\/wp-json\/wp\/v2\/media?parent=207766"}],"wp:term":[{"taxonomy":"product_brand","embeddable":true,"href":"https:\/\/www.tabakversand.ch\/fr\/wp-json\/wp\/v2\/product_brand?post=207766"},{"taxonomy":"product_cat","embeddable":true,"href":"https:\/\/www.tabakversand.ch\/fr\/wp-json\/wp\/v2\/product_cat?post=207766"},{"taxonomy":"product_tag","embeddable":true,"href":"https:\/\/www.tabakversand.ch\/fr\/wp-json\/wp\/v2\/product_tag?post=207766"}],"curies":[{"name":"wp","href":"https:\/\/api.w.org\/{rel}","templated":true}]}}