{"id":207813,"date":"2025-12-18T14:43:11","date_gmt":"2025-12-18T13:43:11","guid":{"rendered":"https:\/\/www.tabakversand.ch\/?post_type=product&#038;p=207813"},"modified":"2026-01-22T07:36:41","modified_gmt":"2026-01-22T06:36:41","slug":"filtre-hybride-medusa-organique-6-mm","status":"publish","type":"product","link":"https:\/\/www.tabakversand.ch\/fr\/produit\/filtre-hybride-medusa-organique-6-mm\/","title":{"rendered":"Filtre hybride Medusa organique 6 mm"},"content":{"rendered":"<p>Filtre hybride Medusa organique 6 mm<\/p>\n<ul>\n<li>Le charbon actif fabriqu\u00e9 \u00e0 partir de fibres de noix de coco et de v\u00e9g\u00e9taux garantit une excellente circulation d&amp;#39;air sans accumulation de r\u00e9sine !<\/li>\n<li>Taille de l&#8217;embout (6 mm \/ 25 mm de longueur)<\/li>\n<li>pas de pollution par les particules fines<\/li>\n<li>sensation de fumer tr\u00e8s agr\u00e9able<\/li>\n<li>R\u00e9duction de l&rsquo;exposition aux polluants provenant du tabac et d&rsquo;autres substances.<\/li>\n<li>Sa composition est unique et elle est produite de mani\u00e8re \u00e9coresponsable en Allemagne !<\/li>\n<\/ul>\n<p>Conseil : Pour une exp\u00e9rience de fumage encore meilleure, sortez les filtres directement du r\u00e9frig\u00e9rateur pour profiter d&rsquo;une fum\u00e9e encore plus fra\u00eeche pendant un court instant.<\/p>\n<p>Tous les prix s&rsquo;appliquent uniquement aux commandes en ligne et incluent la TVA. Sous r\u00e9serve de modifications sans pr\u00e9avis, frais de livraison en sus. Sous r\u00e9serve d&rsquo;erreurs, de modifications de contenu de livraison et de conception, de fautes d&rsquo;impression et de modifications de prix. Les prix barr\u00e9s sont des prix de remplacement. Les illustrations peuvent diff\u00e9rer de l&rsquo;original\/du contenu de livraison.<br \/>\n*Livraison gratuite pour les commandes sup\u00e9rieures \u00e0 CHF 250.-.<\/p>\n","protected":false},"excerpt":{"rendered":"<p>Filtre hybride Medusa organique 6 mm Le charbon actif fabriqu\u00e9 \u00e0 partir de fibres de noix de coco et de v\u00e9g\u00e9taux garantit une excellente circulation d&amp;#39;air sans accumulation de r\u00e9sine ! Taille de l&#8217;embout (6 mm \/ 25 mm de longueur) pas de pollution par les particules fines sensation de fumer tr\u00e8s agr\u00e9able R\u00e9duction de [&hellip;]<\/p>\n","protected":false},"featured_media":207817,"template":"","meta":[],"product_brand":[5170],"product_cat":[1961,1995,3231,5177,2014],"product_tag":[],"class_list":{"0":"post-207813","1":"product","2":"type-product","3":"status-publish","4":"has-post-thumbnail","6":"product_brand-medusa","7":"product_cat-cigarettes-self-made-fr-2","8":"product_cat-divers-headshop","9":"product_cat-filtre","10":"product_cat-filtre-a-charbon-actif","11":"product_cat-filtres-a-cigarettes","12":"pa_auswahl-100-pieces","13":"pa_auswahl-100-pieces-dans-un-bocal","14":"pa_auswahl-1000-pieces","15":"pa_auswahl-250-pieces","16":"pa_auswahl-50-pieces","17":"pa_auswahl-500-pieces-dans-un-bocal","19":"first","20":"onbackorder","21":"purchasable","22":"product-type-variable"},"yoast_head":"<!-- This site is optimized with the Yoast SEO plugin v27.0 - https:\/\/yoast.com\/product\/yoast-seo-wordpress\/ -->\n<title>Filtre hybride Medusa organique 6 mm - Tabakversand.ch | Alles aus der Welt des Tabaks<\/title>\n<meta name=\"description\" content=\"Filtre hybride Medusa Organic 6 mm | Un tr\u00e8s grand choix de produits du tabac, cigarettes \u00e9lectroniques et accessoires pour fumeurs de qualit\u00e9 sup\u00e9rieure dans toute la Suisse | Cartes accept\u00e9es !\" \/>\n<meta name=\"robots\" content=\"index, follow, max-snippet:-1, max-image-preview:large, max-video-preview:-1\" \/>\n<link rel=\"canonical\" href=\"https:\/\/www.tabakversand.ch\/fr\/produit\/filtre-hybride-medusa-organique-6-mm\/\" \/>\n<meta property=\"og:locale\" content=\"fr_FR\" \/>\n<meta property=\"og:type\" content=\"article\" \/>\n<meta property=\"og:title\" content=\"Filtre hybride Medusa organique 6 mm - Tabakversand.ch | Alles aus der Welt des Tabaks\" \/>\n<meta property=\"og:description\" content=\"Filtre hybride Medusa Organic 6 mm | Un tr\u00e8s grand choix de produits du tabac, cigarettes \u00e9lectroniques et accessoires pour fumeurs de qualit\u00e9 sup\u00e9rieure dans toute la Suisse | Cartes accept\u00e9es !\" \/>\n<meta property=\"og:url\" content=\"https:\/\/www.tabakversand.ch\/fr\/produit\/filtre-hybride-medusa-organique-6-mm\/\" \/>\n<meta property=\"og:site_name\" content=\"Tabakversand.ch | Alles aus der Welt des Tabaks\" \/>\n<meta property=\"article:modified_time\" content=\"2026-01-22T06:36:41+00:00\" \/>\n<meta property=\"og:image\" content=\"https:\/\/www.tabakversand.ch\/wp-content\/uploads\/2025\/12\/medusa-hybridfilter-organic-front.jpg\" \/>\n\t<meta property=\"og:image:width\" content=\"500\" \/>\n\t<meta property=\"og:image:height\" content=\"500\" \/>\n\t<meta property=\"og:image:type\" content=\"image\/jpeg\" \/>\n<meta name=\"twitter:card\" content=\"summary_large_image\" \/>\n<meta name=\"twitter:label1\" content=\"Dur\u00e9e de lecture estim\u00e9e\" \/>\n\t<meta name=\"twitter:data1\" content=\"2 minutes\" \/>\n<script type=\"application\/ld+json\" class=\"yoast-schema-graph\">{\"@context\":\"https:\/\/schema.org\",\"@graph\":[{\"@type\":\"WebPage\",\"@id\":\"https:\/\/www.tabakversand.ch\/fr\/produit\/filtre-hybride-medusa-organique-6-mm\/\",\"url\":\"https:\/\/www.tabakversand.ch\/fr\/produit\/filtre-hybride-medusa-organique-6-mm\/\",\"name\":\"Filtre hybride Medusa organique 6 mm - Tabakversand.ch | Alles aus der Welt des Tabaks\",\"isPartOf\":{\"@id\":\"https:\/\/www.tabakversand.ch\/#website\"},\"primaryImageOfPage\":{\"@id\":\"https:\/\/www.tabakversand.ch\/fr\/produit\/filtre-hybride-medusa-organique-6-mm\/#primaryimage\"},\"image\":{\"@id\":\"https:\/\/www.tabakversand.ch\/fr\/produit\/filtre-hybride-medusa-organique-6-mm\/#primaryimage\"},\"thumbnailUrl\":\"https:\/\/www.tabakversand.ch\/wp-content\/uploads\/2025\/12\/medusa-hybridfilter-organic-front.jpg\",\"datePublished\":\"2025-12-18T13:43:11+00:00\",\"dateModified\":\"2026-01-22T06:36:41+00:00\",\"description\":\"Filtre hybride Medusa Organic 6 mm | Un tr\u00e8s grand choix de produits du tabac, cigarettes \u00e9lectroniques et accessoires pour fumeurs de qualit\u00e9 sup\u00e9rieure dans toute la Suisse | Cartes accept\u00e9es !\",\"breadcrumb\":{\"@id\":\"https:\/\/www.tabakversand.ch\/fr\/produit\/filtre-hybride-medusa-organique-6-mm\/#breadcrumb\"},\"inLanguage\":\"fr-FR\",\"potentialAction\":[{\"@type\":\"ReadAction\",\"target\":[\"https:\/\/www.tabakversand.ch\/fr\/produit\/filtre-hybride-medusa-organique-6-mm\/\"]}]},{\"@type\":\"ImageObject\",\"inLanguage\":\"fr-FR\",\"@id\":\"https:\/\/www.tabakversand.ch\/fr\/produit\/filtre-hybride-medusa-organique-6-mm\/#primaryimage\",\"url\":\"https:\/\/www.tabakversand.ch\/wp-content\/uploads\/2025\/12\/medusa-hybridfilter-organic-front.jpg\",\"contentUrl\":\"https:\/\/www.tabakversand.ch\/wp-content\/uploads\/2025\/12\/medusa-hybridfilter-organic-front.jpg\",\"width\":500,\"height\":500,\"caption\":\"Filtre hybride Medusa organique 6 mm | tabakversand.ch\"},{\"@type\":\"BreadcrumbList\",\"@id\":\"https:\/\/www.tabakversand.ch\/fr\/produit\/filtre-hybride-medusa-organique-6-mm\/#breadcrumb\",\"itemListElement\":[{\"@type\":\"ListItem\",\"position\":1,\"name\":\"Startseite\",\"item\":\"https:\/\/www.tabakversand.ch\/\"},{\"@type\":\"ListItem\",\"position\":2,\"name\":\"Boutique\",\"item\":\"https:\/\/www.tabakversand.ch\/fr\/boutique\/\"},{\"@type\":\"ListItem\",\"position\":3,\"name\":\"Filtre hybride Medusa organique 6 mm\"}]},{\"@type\":\"WebSite\",\"@id\":\"https:\/\/www.tabakversand.ch\/#website\",\"url\":\"https:\/\/www.tabakversand.ch\/\",\"name\":\"Tabakversand.ch | Alles aus der Welt des Tabaks\",\"description\":\"Smoke and carpe diem\",\"potentialAction\":[{\"@type\":\"SearchAction\",\"target\":{\"@type\":\"EntryPoint\",\"urlTemplate\":\"https:\/\/www.tabakversand.ch\/?s={search_term_string}\"},\"query-input\":{\"@type\":\"PropertyValueSpecification\",\"valueRequired\":true,\"valueName\":\"search_term_string\"}}],\"inLanguage\":\"fr-FR\"}]}<\/script>\n<!-- \/ Yoast SEO plugin. -->","yoast_head_json":{"title":"Filtre hybride Medusa organique 6 mm - Tabakversand.ch | Alles aus der Welt des Tabaks","description":"Filtre hybride Medusa Organic 6 mm | Un tr\u00e8s grand choix de produits du tabac, cigarettes \u00e9lectroniques et accessoires pour fumeurs de qualit\u00e9 sup\u00e9rieure dans toute la Suisse | Cartes accept\u00e9es !","robots":{"index":"index","follow":"follow","max-snippet":"max-snippet:-1","max-image-preview":"max-image-preview:large","max-video-preview":"max-video-preview:-1"},"canonical":"https:\/\/www.tabakversand.ch\/fr\/produit\/filtre-hybride-medusa-organique-6-mm\/","og_locale":"fr_FR","og_type":"article","og_title":"Filtre hybride Medusa organique 6 mm - Tabakversand.ch | Alles aus der Welt des Tabaks","og_description":"Filtre hybride Medusa Organic 6 mm | Un tr\u00e8s grand choix de produits du tabac, cigarettes \u00e9lectroniques et accessoires pour fumeurs de qualit\u00e9 sup\u00e9rieure dans toute la Suisse | Cartes accept\u00e9es !","og_url":"https:\/\/www.tabakversand.ch\/fr\/produit\/filtre-hybride-medusa-organique-6-mm\/","og_site_name":"Tabakversand.ch | Alles aus der Welt des Tabaks","article_modified_time":"2026-01-22T06:36:41+00:00","og_image":[{"width":500,"height":500,"url":"https:\/\/www.tabakversand.ch\/wp-content\/uploads\/2025\/12\/medusa-hybridfilter-organic-front.jpg","type":"image\/jpeg"}],"twitter_card":"summary_large_image","twitter_misc":{"Dur\u00e9e de lecture estim\u00e9e":"2 minutes"},"schema":{"@context":"https:\/\/schema.org","@graph":[{"@type":"WebPage","@id":"https:\/\/www.tabakversand.ch\/fr\/produit\/filtre-hybride-medusa-organique-6-mm\/","url":"https:\/\/www.tabakversand.ch\/fr\/produit\/filtre-hybride-medusa-organique-6-mm\/","name":"Filtre hybride Medusa organique 6 mm - Tabakversand.ch | Alles aus der Welt des Tabaks","isPartOf":{"@id":"https:\/\/www.tabakversand.ch\/#website"},"primaryImageOfPage":{"@id":"https:\/\/www.tabakversand.ch\/fr\/produit\/filtre-hybride-medusa-organique-6-mm\/#primaryimage"},"image":{"@id":"https:\/\/www.tabakversand.ch\/fr\/produit\/filtre-hybride-medusa-organique-6-mm\/#primaryimage"},"thumbnailUrl":"https:\/\/www.tabakversand.ch\/wp-content\/uploads\/2025\/12\/medusa-hybridfilter-organic-front.jpg","datePublished":"2025-12-18T13:43:11+00:00","dateModified":"2026-01-22T06:36:41+00:00","description":"Filtre hybride Medusa Organic 6 mm | Un tr\u00e8s grand choix de produits du tabac, cigarettes \u00e9lectroniques et accessoires pour fumeurs de qualit\u00e9 sup\u00e9rieure dans toute la Suisse | Cartes accept\u00e9es !","breadcrumb":{"@id":"https:\/\/www.tabakversand.ch\/fr\/produit\/filtre-hybride-medusa-organique-6-mm\/#breadcrumb"},"inLanguage":"fr-FR","potentialAction":[{"@type":"ReadAction","target":["https:\/\/www.tabakversand.ch\/fr\/produit\/filtre-hybride-medusa-organique-6-mm\/"]}]},{"@type":"ImageObject","inLanguage":"fr-FR","@id":"https:\/\/www.tabakversand.ch\/fr\/produit\/filtre-hybride-medusa-organique-6-mm\/#primaryimage","url":"https:\/\/www.tabakversand.ch\/wp-content\/uploads\/2025\/12\/medusa-hybridfilter-organic-front.jpg","contentUrl":"https:\/\/www.tabakversand.ch\/wp-content\/uploads\/2025\/12\/medusa-hybridfilter-organic-front.jpg","width":500,"height":500,"caption":"Filtre hybride Medusa organique 6 mm | tabakversand.ch"},{"@type":"BreadcrumbList","@id":"https:\/\/www.tabakversand.ch\/fr\/produit\/filtre-hybride-medusa-organique-6-mm\/#breadcrumb","itemListElement":[{"@type":"ListItem","position":1,"name":"Startseite","item":"https:\/\/www.tabakversand.ch\/"},{"@type":"ListItem","position":2,"name":"Boutique","item":"https:\/\/www.tabakversand.ch\/fr\/boutique\/"},{"@type":"ListItem","position":3,"name":"Filtre hybride Medusa organique 6 mm"}]},{"@type":"WebSite","@id":"https:\/\/www.tabakversand.ch\/#website","url":"https:\/\/www.tabakversand.ch\/","name":"Tabakversand.ch | Alles aus der Welt des Tabaks","description":"Smoke and carpe diem","potentialAction":[{"@type":"SearchAction","target":{"@type":"EntryPoint","urlTemplate":"https:\/\/www.tabakversand.ch\/?s={search_term_string}"},"query-input":{"@type":"PropertyValueSpecification","valueRequired":true,"valueName":"search_term_string"}}],"inLanguage":"fr-FR"}]}},"_links":{"self":[{"href":"https:\/\/www.tabakversand.ch\/fr\/wp-json\/wp\/v2\/product\/207813","targetHints":{"allow":["GET"]}}],"collection":[{"href":"https:\/\/www.tabakversand.ch\/fr\/wp-json\/wp\/v2\/product"}],"about":[{"href":"https:\/\/www.tabakversand.ch\/fr\/wp-json\/wp\/v2\/types\/product"}],"version-history":[{"count":3,"href":"https:\/\/www.tabakversand.ch\/fr\/wp-json\/wp\/v2\/product\/207813\/revisions"}],"predecessor-version":[{"id":209451,"href":"https:\/\/www.tabakversand.ch\/fr\/wp-json\/wp\/v2\/product\/207813\/revisions\/209451"}],"wp:featuredmedia":[{"embeddable":true,"href":"https:\/\/www.tabakversand.ch\/fr\/wp-json\/wp\/v2\/media\/207817"}],"wp:attachment":[{"href":"https:\/\/www.tabakversand.ch\/fr\/wp-json\/wp\/v2\/media?parent=207813"}],"wp:term":[{"taxonomy":"product_brand","embeddable":true,"href":"https:\/\/www.tabakversand.ch\/fr\/wp-json\/wp\/v2\/product_brand?post=207813"},{"taxonomy":"product_cat","embeddable":true,"href":"https:\/\/www.tabakversand.ch\/fr\/wp-json\/wp\/v2\/product_cat?post=207813"},{"taxonomy":"product_tag","embeddable":true,"href":"https:\/\/www.tabakversand.ch\/fr\/wp-json\/wp\/v2\/product_tag?post=207813"}],"curies":[{"name":"wp","href":"https:\/\/api.w.org\/{rel}","templated":true}]}}