{"id":208065,"date":"2026-01-08T11:01:48","date_gmt":"2026-01-08T10:01:48","guid":{"rendered":"https:\/\/www.tabakversand.ch\/?post_type=product&#038;p=208065"},"modified":"2026-03-02T17:37:52","modified_gmt":"2026-03-02T16:37:52","slug":"tabac-a-priser-mc-chrystals-carnival-en-edition-limitee","status":"publish","type":"product","link":"https:\/\/www.tabakversand.ch\/fr\/produit\/tabac-a-priser-mc-chrystals-carnival-en-edition-limitee\/","title":{"rendered":"Tabac \u00e0 priser Mc Chrystal&rsquo;s Carnival en \u00e9dition limit\u00e9e"},"content":{"rendered":"<p>Tabac \u00e0 priser Mc Chrystal&rsquo;s Carnival en \u00e9dition limit\u00e9e<\/p>\n<p>Le carnaval approche \u00e0 grands pas\u00a0! Place aux costumes color\u00e9s, \u00e0 la joie et aux \u00ab\u00a0trois plus beaux jours\u00a0\u00bb. Pour c\u00e9l\u00e9brer l\u2019\u00e9v\u00e9nement, Mc Chrystal\u2019s Snuff pr\u00e9sente en exclusivit\u00e9 une bo\u00eete sp\u00e9ciale carnaval en \u00e9dition limit\u00e9e au design unique. Ces bo\u00eetes, v\u00e9ritables objets de collection, sont un incontournable pour les amateurs de carnaval et de tabac \u00e0 priser.<\/p>\n<p>Cette \u00e9dition propose une saveur fruit\u00e9e d&rsquo;abricot, rafra\u00eechissante et id\u00e9ale pour les festivit\u00e9s du carnaval. Pr\u00e9parez-vous \u00e0 vivre des moments inoubliables\u00a0!<\/p>\n<p>1 bo\u00eete: Capacit\u00e9 8.75gr.<\/p>\n<p>Tous les prix s&rsquo;appliquent uniquement aux commandes en ligne et incluent la TVA. Sous r\u00e9serve de modifications sans pr\u00e9avis, frais de livraison en sus. Sous r\u00e9serve d&rsquo;erreurs, de modifications de contenu de livraison et de conception, de fautes d&rsquo;impression et de modifications de prix. Les prix barr\u00e9s sont des prix de remplacement. Les illustrations peuvent diff\u00e9rer de l&rsquo;original\/du contenu de livraison.<br \/>\n*Livraison gratuite pour les commandes sup\u00e9rieures \u00e0 CHF 250.-.<\/p>\n","protected":false},"excerpt":{"rendered":"<p>Tabac \u00e0 priser Mc Chrystal&rsquo;s Carnival en \u00e9dition limit\u00e9e Le carnaval approche \u00e0 grands pas\u00a0! Place aux costumes color\u00e9s, \u00e0 la joie et aux \u00ab\u00a0trois plus beaux jours\u00a0\u00bb. Pour c\u00e9l\u00e9brer l\u2019\u00e9v\u00e9nement, Mc Chrystal\u2019s Snuff pr\u00e9sente en exclusivit\u00e9 une bo\u00eete sp\u00e9ciale carnaval en \u00e9dition limit\u00e9e au design unique. Ces bo\u00eetes, v\u00e9ritables objets de collection, sont un [&hellip;]<\/p>\n","protected":false},"featured_media":173585,"template":"","meta":[],"product_brand":[1526],"product_cat":[1888,1951,1950],"product_tag":[],"class_list":{"0":"post-208065","1":"product","2":"type-product","3":"status-publish","4":"has-post-thumbnail","6":"product_brand-mc-chrystals-schnupftabak","7":"product_cat-tabac","8":"product_cat-tabac-a-priser-et-accessoires","9":"product_cat-tabac-a-priser-schnupftabak","11":"first","12":"instock","13":"featured","14":"purchasable","15":"product-type-simple"},"yoast_head":"<!-- This site is optimized with the Yoast SEO plugin v27.0 - https:\/\/yoast.com\/product\/yoast-seo-wordpress\/ -->\n<title>Tabac \u00e0 priser Mc Chrystal&#039;s Carnival en \u00e9dition limit\u00e9e - tabakversand.ch<\/title>\n<meta name=\"description\" content=\"Mc Chrystals Fasnacht \u00c9dition Limit\u00e9e Tabac \u00e0 priser | Un tr\u00e8s grand choix de produits du tabac et d&#039;accessoires haut de gamme dans toute la Suisse | Cartes accept\u00e9es !\" \/>\n<meta name=\"robots\" content=\"index, follow, max-snippet:-1, max-image-preview:large, max-video-preview:-1\" \/>\n<link rel=\"canonical\" href=\"https:\/\/www.tabakversand.ch\/produit\/mc-chrystals-fasnacht-limited-edition-snuff\/\" \/>\n<meta property=\"og:locale\" content=\"fr_FR\" \/>\n<meta property=\"og:type\" content=\"article\" \/>\n<meta property=\"og:title\" content=\"Tabac \u00e0 priser Mc Chrystal&#039;s Carnival en \u00e9dition limit\u00e9e - tabakversand.ch\" \/>\n<meta property=\"og:description\" content=\"Mc Chrystals Fasnacht \u00c9dition Limit\u00e9e Tabac \u00e0 priser | Un tr\u00e8s grand choix de produits du tabac et d&#039;accessoires haut de gamme dans toute la Suisse | Cartes accept\u00e9es !\" \/>\n<meta property=\"og:url\" content=\"https:\/\/www.tabakversand.ch\/produit\/mc-chrystals-fasnacht-limited-edition-snuff\/\" \/>\n<meta property=\"og:site_name\" content=\"Tabakversand.ch | Alles aus der Welt des Tabaks\" \/>\n<meta property=\"article:modified_time\" content=\"2026-03-02T16:37:52+00:00\" \/>\n<meta property=\"og:image\" content=\"https:\/\/www.tabakversand.ch\/wp-content\/uploads\/2025\/02\/mc-chrystals-fasnacht.jpg\" \/>\n\t<meta property=\"og:image:width\" content=\"500\" \/>\n\t<meta property=\"og:image:height\" content=\"500\" \/>\n\t<meta property=\"og:image:type\" content=\"image\/jpeg\" \/>\n<meta name=\"twitter:card\" content=\"summary_large_image\" \/>\n<meta name=\"twitter:label1\" content=\"Dur\u00e9e de lecture estim\u00e9e\" \/>\n\t<meta name=\"twitter:data1\" content=\"2 minutes\" \/>\n<script type=\"application\/ld+json\" class=\"yoast-schema-graph\">{\"@context\":\"https:\/\/schema.org\",\"@graph\":[{\"@type\":\"WebPage\",\"@id\":\"https:\/\/www.tabakversand.ch\/produit\/mc-chrystals-fasnacht-limited-edition-snuff\/\",\"url\":\"https:\/\/www.tabakversand.ch\/produit\/mc-chrystals-fasnacht-limited-edition-snuff\/\",\"name\":\"Tabac \u00e0 priser Mc Chrystal's Carnival en \u00e9dition limit\u00e9e - tabakversand.ch\",\"isPartOf\":{\"@id\":\"https:\/\/www.tabakversand.ch\/#website\"},\"primaryImageOfPage\":{\"@id\":\"https:\/\/www.tabakversand.ch\/produit\/mc-chrystals-fasnacht-limited-edition-snuff\/#primaryimage\"},\"image\":{\"@id\":\"https:\/\/www.tabakversand.ch\/produit\/mc-chrystals-fasnacht-limited-edition-snuff\/#primaryimage\"},\"thumbnailUrl\":\"https:\/\/www.tabakversand.ch\/wp-content\/uploads\/2025\/02\/mc-chrystals-fasnacht.jpg\",\"datePublished\":\"2026-01-08T10:01:48+00:00\",\"dateModified\":\"2026-03-02T16:37:52+00:00\",\"description\":\"Mc Chrystals Fasnacht \u00c9dition Limit\u00e9e Tabac \u00e0 priser | Un tr\u00e8s grand choix de produits du tabac et d'accessoires haut de gamme dans toute la Suisse | Cartes accept\u00e9es !\",\"breadcrumb\":{\"@id\":\"https:\/\/www.tabakversand.ch\/produit\/mc-chrystals-fasnacht-limited-edition-snuff\/#breadcrumb\"},\"inLanguage\":\"fr-FR\",\"potentialAction\":[{\"@type\":\"ReadAction\",\"target\":[\"https:\/\/www.tabakversand.ch\/produit\/mc-chrystals-fasnacht-limited-edition-snuff\/\"]}]},{\"@type\":\"ImageObject\",\"inLanguage\":\"fr-FR\",\"@id\":\"https:\/\/www.tabakversand.ch\/produit\/mc-chrystals-fasnacht-limited-edition-snuff\/#primaryimage\",\"url\":\"https:\/\/www.tabakversand.ch\/wp-content\/uploads\/2025\/02\/mc-chrystals-fasnacht.jpg\",\"contentUrl\":\"https:\/\/www.tabakversand.ch\/wp-content\/uploads\/2025\/02\/mc-chrystals-fasnacht.jpg\",\"width\":500,\"height\":500,\"caption\":\"Mc Chrystals Fasnacht LE Snuff | Tabakversand.ch\"},{\"@type\":\"BreadcrumbList\",\"@id\":\"https:\/\/www.tabakversand.ch\/produit\/mc-chrystals-fasnacht-limited-edition-snuff\/#breadcrumb\",\"itemListElement\":[{\"@type\":\"ListItem\",\"position\":1,\"name\":\"Startseite\",\"item\":\"https:\/\/www.tabakversand.ch\/\"},{\"@type\":\"ListItem\",\"position\":2,\"name\":\"Boutique\",\"item\":\"https:\/\/www.tabakversand.ch\/fr\/boutique\/\"},{\"@type\":\"ListItem\",\"position\":3,\"name\":\"Tabac \u00e0 priser Mc Chrystal's Carnival en \u00e9dition limit\u00e9e\"}]},{\"@type\":\"WebSite\",\"@id\":\"https:\/\/www.tabakversand.ch\/#website\",\"url\":\"https:\/\/www.tabakversand.ch\/\",\"name\":\"Tabakversand.ch | Alles aus der Welt des Tabaks\",\"description\":\"Smoke and carpe diem\",\"potentialAction\":[{\"@type\":\"SearchAction\",\"target\":{\"@type\":\"EntryPoint\",\"urlTemplate\":\"https:\/\/www.tabakversand.ch\/?s={search_term_string}\"},\"query-input\":{\"@type\":\"PropertyValueSpecification\",\"valueRequired\":true,\"valueName\":\"search_term_string\"}}],\"inLanguage\":\"fr-FR\"}]}<\/script>\n<!-- \/ Yoast SEO plugin. -->","yoast_head_json":{"title":"Tabac \u00e0 priser Mc Chrystal's Carnival en \u00e9dition limit\u00e9e - tabakversand.ch","description":"Mc Chrystals Fasnacht \u00c9dition Limit\u00e9e Tabac \u00e0 priser | Un tr\u00e8s grand choix de produits du tabac et d'accessoires haut de gamme dans toute la Suisse | Cartes accept\u00e9es !","robots":{"index":"index","follow":"follow","max-snippet":"max-snippet:-1","max-image-preview":"max-image-preview:large","max-video-preview":"max-video-preview:-1"},"canonical":"https:\/\/www.tabakversand.ch\/produit\/mc-chrystals-fasnacht-limited-edition-snuff\/","og_locale":"fr_FR","og_type":"article","og_title":"Tabac \u00e0 priser Mc Chrystal's Carnival en \u00e9dition limit\u00e9e - tabakversand.ch","og_description":"Mc Chrystals Fasnacht \u00c9dition Limit\u00e9e Tabac \u00e0 priser | Un tr\u00e8s grand choix de produits du tabac et d'accessoires haut de gamme dans toute la Suisse | Cartes accept\u00e9es !","og_url":"https:\/\/www.tabakversand.ch\/produit\/mc-chrystals-fasnacht-limited-edition-snuff\/","og_site_name":"Tabakversand.ch | Alles aus der Welt des Tabaks","article_modified_time":"2026-03-02T16:37:52+00:00","og_image":[{"width":500,"height":500,"url":"https:\/\/www.tabakversand.ch\/wp-content\/uploads\/2025\/02\/mc-chrystals-fasnacht.jpg","type":"image\/jpeg"}],"twitter_card":"summary_large_image","twitter_misc":{"Dur\u00e9e de lecture estim\u00e9e":"2 minutes"},"schema":{"@context":"https:\/\/schema.org","@graph":[{"@type":"WebPage","@id":"https:\/\/www.tabakversand.ch\/produit\/mc-chrystals-fasnacht-limited-edition-snuff\/","url":"https:\/\/www.tabakversand.ch\/produit\/mc-chrystals-fasnacht-limited-edition-snuff\/","name":"Tabac \u00e0 priser Mc Chrystal's Carnival en \u00e9dition limit\u00e9e - tabakversand.ch","isPartOf":{"@id":"https:\/\/www.tabakversand.ch\/#website"},"primaryImageOfPage":{"@id":"https:\/\/www.tabakversand.ch\/produit\/mc-chrystals-fasnacht-limited-edition-snuff\/#primaryimage"},"image":{"@id":"https:\/\/www.tabakversand.ch\/produit\/mc-chrystals-fasnacht-limited-edition-snuff\/#primaryimage"},"thumbnailUrl":"https:\/\/www.tabakversand.ch\/wp-content\/uploads\/2025\/02\/mc-chrystals-fasnacht.jpg","datePublished":"2026-01-08T10:01:48+00:00","dateModified":"2026-03-02T16:37:52+00:00","description":"Mc Chrystals Fasnacht \u00c9dition Limit\u00e9e Tabac \u00e0 priser | Un tr\u00e8s grand choix de produits du tabac et d'accessoires haut de gamme dans toute la Suisse | Cartes accept\u00e9es !","breadcrumb":{"@id":"https:\/\/www.tabakversand.ch\/produit\/mc-chrystals-fasnacht-limited-edition-snuff\/#breadcrumb"},"inLanguage":"fr-FR","potentialAction":[{"@type":"ReadAction","target":["https:\/\/www.tabakversand.ch\/produit\/mc-chrystals-fasnacht-limited-edition-snuff\/"]}]},{"@type":"ImageObject","inLanguage":"fr-FR","@id":"https:\/\/www.tabakversand.ch\/produit\/mc-chrystals-fasnacht-limited-edition-snuff\/#primaryimage","url":"https:\/\/www.tabakversand.ch\/wp-content\/uploads\/2025\/02\/mc-chrystals-fasnacht.jpg","contentUrl":"https:\/\/www.tabakversand.ch\/wp-content\/uploads\/2025\/02\/mc-chrystals-fasnacht.jpg","width":500,"height":500,"caption":"Mc Chrystals Fasnacht LE Snuff | Tabakversand.ch"},{"@type":"BreadcrumbList","@id":"https:\/\/www.tabakversand.ch\/produit\/mc-chrystals-fasnacht-limited-edition-snuff\/#breadcrumb","itemListElement":[{"@type":"ListItem","position":1,"name":"Startseite","item":"https:\/\/www.tabakversand.ch\/"},{"@type":"ListItem","position":2,"name":"Boutique","item":"https:\/\/www.tabakversand.ch\/fr\/boutique\/"},{"@type":"ListItem","position":3,"name":"Tabac \u00e0 priser Mc Chrystal's Carnival en \u00e9dition limit\u00e9e"}]},{"@type":"WebSite","@id":"https:\/\/www.tabakversand.ch\/#website","url":"https:\/\/www.tabakversand.ch\/","name":"Tabakversand.ch | Alles aus der Welt des Tabaks","description":"Smoke and carpe diem","potentialAction":[{"@type":"SearchAction","target":{"@type":"EntryPoint","urlTemplate":"https:\/\/www.tabakversand.ch\/?s={search_term_string}"},"query-input":{"@type":"PropertyValueSpecification","valueRequired":true,"valueName":"search_term_string"}}],"inLanguage":"fr-FR"}]}},"_links":{"self":[{"href":"https:\/\/www.tabakversand.ch\/fr\/wp-json\/wp\/v2\/product\/208065","targetHints":{"allow":["GET"]}}],"collection":[{"href":"https:\/\/www.tabakversand.ch\/fr\/wp-json\/wp\/v2\/product"}],"about":[{"href":"https:\/\/www.tabakversand.ch\/fr\/wp-json\/wp\/v2\/types\/product"}],"version-history":[{"count":3,"href":"https:\/\/www.tabakversand.ch\/fr\/wp-json\/wp\/v2\/product\/208065\/revisions"}],"predecessor-version":[{"id":208075,"href":"https:\/\/www.tabakversand.ch\/fr\/wp-json\/wp\/v2\/product\/208065\/revisions\/208075"}],"wp:featuredmedia":[{"embeddable":true,"href":"https:\/\/www.tabakversand.ch\/fr\/wp-json\/wp\/v2\/media\/173585"}],"wp:attachment":[{"href":"https:\/\/www.tabakversand.ch\/fr\/wp-json\/wp\/v2\/media?parent=208065"}],"wp:term":[{"taxonomy":"product_brand","embeddable":true,"href":"https:\/\/www.tabakversand.ch\/fr\/wp-json\/wp\/v2\/product_brand?post=208065"},{"taxonomy":"product_cat","embeddable":true,"href":"https:\/\/www.tabakversand.ch\/fr\/wp-json\/wp\/v2\/product_cat?post=208065"},{"taxonomy":"product_tag","embeddable":true,"href":"https:\/\/www.tabakversand.ch\/fr\/wp-json\/wp\/v2\/product_tag?post=208065"}],"curies":[{"name":"wp","href":"https:\/\/api.w.org\/{rel}","templated":true}]}}