{"id":208223,"date":"2026-01-13T11:14:33","date_gmt":"2026-01-13T10:14:33","guid":{"rendered":"https:\/\/www.tabakversand.ch\/?post_type=product&#038;p=208223"},"modified":"2026-01-13T11:25:09","modified_gmt":"2026-01-13T10:25:09","slug":"de-olifant-corona-brasil-le-1-x-10-pcs","status":"publish","type":"product","link":"https:\/\/www.tabakversand.ch\/fr\/produit\/de-olifant-corona-brasil-le-1-x-10-pcs\/","title":{"rendered":"De Olifant Corona Brasil LE 1 x 10 pcs."},"content":{"rendered":"<p>De Olifant Corona Brasil LE 1 x 10 pcs.<\/p>\n<p>La soci\u00e9t\u00e9 n\u00e9erlandaise De Olifant fabrique des cigares depuis 1832. Propri\u00e9taire: Thomas Klaphke<\/p>\n<p>Le fabricant n\u00e9erlandais de cigares haut de gamme est un v\u00e9ritable joyau, tant par son ambiance que par la qualit\u00e9 de ses produits. Ce qui rend les cigares De Olifant uniques au monde, c&rsquo;est que chaque format poss\u00e8de son propre assemblage sp\u00e9cifique. Le proc\u00e9d\u00e9 de fabrication particulier de De Olifant permet de combiner jusqu&rsquo;\u00e0 20 tabacs diff\u00e9rents dans un seul cigare. Tel un alchimiste dans son laboratoire, le ma\u00eetre assembleur peut ainsi \u00ab assaisonner \u00bb le cigare. Chaque vari\u00e9t\u00e9 de tabac apporte ses propres caract\u00e9ristiques, telles que le piquant, la douceur et la fra\u00eecheur. La touche finale\u00a0: la cape. Les trois gammes utilisent la rare et authentique cape de sable de Sumatra, dont le go\u00fbt et l&rsquo;ar\u00f4me sont incomparables. Comme l&rsquo;explique le directeur g\u00e9n\u00e9ral, Thomas Klaphake\u00a0: \u00ab\u00a0Nous avons toujours adh\u00e9r\u00e9 au principe qu&rsquo;un cigare d&rsquo;exception m\u00e9rite une cape sp\u00e9ciale.\u00a0\u00bb<\/p>\n<p>Les \u00e9ditions limit\u00e9es De Olifant rendent hommage \u00e0 un savoir-faire d&rsquo;exception. L&rsquo;expertise des ma\u00eetres artisans perdure. Un soin tout particulier a \u00e9t\u00e9 apport\u00e9 \u00e0 la cr\u00e9ation de ces cigares, pour une harmonie parfaite. D\u00e9couvrez l&rsquo;ar\u00f4me et la saveur unique de ces pi\u00e8ces de collection raffin\u00e9es\u00a0!<\/p>\n<table width=\"50%\">\n<tbody>\n<tr>\n<td width=\"50%\">\u25c4\u25ba 115 mm<\/td>\n<td width=\"50%\">35 (\u00d8 14,0 mm)<\/td>\n<\/tr>\n<\/tbody>\n<\/table>\n<p>&nbsp;<\/p>\n<table width=\"100%\">\n<tbody>\n<tr>\n<td width=\"24%\">Ins\u00e9rer:<\/td>\n<td width=\"75%\">Java et Sumatra, Cuba et Br\u00e9sil<\/td>\n<\/tr>\n<tr>\n<td width=\"24%\">Survol de la page\u00a0:<\/td>\n<td width=\"75%\">Java Besuki, Indon\u00e9sie<\/td>\n<\/tr>\n<tr>\n<td width=\"24%\">Page de couverture :<\/td>\n<td width=\"75%\">Br\u00e9sil (Mata Fina)<\/td>\n<\/tr>\n<\/tbody>\n<\/table>\n<p>&nbsp;<\/p>\n<table width=\"100%\">\n<tbody>\n<tr>\n<td width=\"24%\">Go\u00fbter:<\/td>\n<td width=\"75%\">Un sp\u00e9cialiste de Sumatra comme De Olifant s&rsquo;aventure parfois sur des chemins moins conventionnels. Si l&rsquo;occasion se pr\u00e9sente d&rsquo;acqu\u00e9rir la rare cape Mata Fina, naturellement sucr\u00e9e, provenant de l&rsquo;\u00c9tat br\u00e9silien de Bahia, elle vaut assur\u00e9ment le d\u00e9tour. Souvent, seul 1 % de la r\u00e9colte annuelle est utilisable comme cape. Son go\u00fbt est comparable \u00e0 un d\u00e9licieux dessert\u00a0: des notes de chocolat doux, une texture riche et un \u00e9quilibre parfait \u2013 une exp\u00e9rience sensorielle exceptionnelle pour les amateurs aventureux.<\/td>\n<\/tr>\n<\/tbody>\n<\/table>\n<p>&nbsp;<\/p>\n<p>Tous les prix s&rsquo;appliquent uniquement aux commandes en ligne et incluent la TVA. Sous r\u00e9serve de modifications sans pr\u00e9avis, frais de livraison en sus. Sous r\u00e9serve d&rsquo;erreurs, de modifications de contenu de livraison et de conception, de fautes d&rsquo;impression et de modifications de prix. Les prix barr\u00e9s sont des prix de remplacement. Les illustrations peuvent diff\u00e9rer de l&rsquo;original\/du contenu de livraison.<\/p>\n<p>*Livraison gratuite pour les commandes sup\u00e9rieures \u00e0 CHF 250.-.<\/p>\n","protected":false},"excerpt":{"rendered":"<p>De Olifant Corona Brasil LE 1 x 10 pcs. La soci\u00e9t\u00e9 n\u00e9erlandaise De Olifant fabrique des cigares depuis 1832. Propri\u00e9taire: Thomas Klaphke Le fabricant n\u00e9erlandais de cigares haut de gamme est un v\u00e9ritable joyau, tant par son ambiance que par la qualit\u00e9 de ses produits. Ce qui rend les cigares De Olifant uniques au monde, [&hellip;]<\/p>\n","protected":false},"featured_media":208227,"template":"","meta":[],"product_brand":[1627],"product_cat":[1994,1993,5152],"product_tag":[],"class_list":{"0":"post-208223","1":"product","2":"type-product","3":"status-publish","4":"has-post-thumbnail","6":"product_brand-de-olifant","7":"product_cat-monde-du-cigare","8":"product_cat-cigares","9":"product_cat-hollande","11":"first","12":"onbackorder","13":"purchasable","14":"product-type-simple"},"yoast_head":"<!-- This site is optimized with the Yoast SEO plugin v27.0 - https:\/\/yoast.com\/product\/yoast-seo-wordpress\/ -->\n<title>De Olifant Corona Brasil LE 1 x 10 pcs. - Tabakversand.ch | Alles aus der Welt des Tabaks<\/title>\n<meta name=\"description\" content=\"De Olifant Corona Brasil LE 1 x 10 pcs. | Un tr\u00e8s grand choix de produits du tabac, e-smoke et ustensiles pour fumer dans toute la Suisse | Cartes accept\u00e9es !\" \/>\n<meta name=\"robots\" content=\"index, follow, max-snippet:-1, max-image-preview:large, max-video-preview:-1\" \/>\n<link rel=\"canonical\" href=\"https:\/\/www.tabakversand.ch\/produit\/de-olifant-corona-brasil-le-1-x-10-stk\/\" \/>\n<meta property=\"og:locale\" content=\"fr_FR\" \/>\n<meta property=\"og:type\" content=\"article\" \/>\n<meta property=\"og:title\" content=\"De Olifant Corona Brasil LE 1 x 10 pcs. - Tabakversand.ch | Alles aus der Welt des Tabaks\" \/>\n<meta property=\"og:description\" content=\"De Olifant Corona Brasil LE 1 x 10 pcs. | Un tr\u00e8s grand choix de produits du tabac, e-smoke et ustensiles pour fumer dans toute la Suisse | Cartes accept\u00e9es !\" \/>\n<meta property=\"og:url\" content=\"https:\/\/www.tabakversand.ch\/produit\/de-olifant-corona-brasil-le-1-x-10-stk\/\" \/>\n<meta property=\"og:site_name\" content=\"Tabakversand.ch | Alles aus der Welt des Tabaks\" \/>\n<meta property=\"article:modified_time\" content=\"2026-01-13T10:25:09+00:00\" \/>\n<meta property=\"og:image\" content=\"https:\/\/www.tabakversand.ch\/wp-content\/uploads\/2026\/01\/de-olifant-corona-brasil-le-10-box.jpg\" \/>\n\t<meta property=\"og:image:width\" content=\"500\" \/>\n\t<meta property=\"og:image:height\" content=\"500\" \/>\n\t<meta property=\"og:image:type\" content=\"image\/jpeg\" \/>\n<meta name=\"twitter:card\" content=\"summary_large_image\" \/>\n<meta name=\"twitter:label1\" content=\"Dur\u00e9e de lecture estim\u00e9e\" \/>\n\t<meta name=\"twitter:data1\" content=\"3 minutes\" \/>\n<script type=\"application\/ld+json\" class=\"yoast-schema-graph\">{\"@context\":\"https:\/\/schema.org\",\"@graph\":[{\"@type\":\"WebPage\",\"@id\":\"https:\/\/www.tabakversand.ch\/produit\/de-olifant-corona-brasil-le-1-x-10-stk\/\",\"url\":\"https:\/\/www.tabakversand.ch\/produit\/de-olifant-corona-brasil-le-1-x-10-stk\/\",\"name\":\"De Olifant Corona Brasil LE 1 x 10 pcs. - Tabakversand.ch | Alles aus der Welt des Tabaks\",\"isPartOf\":{\"@id\":\"https:\/\/www.tabakversand.ch\/#website\"},\"primaryImageOfPage\":{\"@id\":\"https:\/\/www.tabakversand.ch\/produit\/de-olifant-corona-brasil-le-1-x-10-stk\/#primaryimage\"},\"image\":{\"@id\":\"https:\/\/www.tabakversand.ch\/produit\/de-olifant-corona-brasil-le-1-x-10-stk\/#primaryimage\"},\"thumbnailUrl\":\"https:\/\/www.tabakversand.ch\/wp-content\/uploads\/2026\/01\/de-olifant-corona-brasil-le-10-box.jpg\",\"datePublished\":\"2026-01-13T10:14:33+00:00\",\"dateModified\":\"2026-01-13T10:25:09+00:00\",\"description\":\"De Olifant Corona Brasil LE 1 x 10 pcs. | Un tr\u00e8s grand choix de produits du tabac, e-smoke et ustensiles pour fumer dans toute la Suisse | Cartes accept\u00e9es !\",\"breadcrumb\":{\"@id\":\"https:\/\/www.tabakversand.ch\/produit\/de-olifant-corona-brasil-le-1-x-10-stk\/#breadcrumb\"},\"inLanguage\":\"fr-FR\",\"potentialAction\":[{\"@type\":\"ReadAction\",\"target\":[\"https:\/\/www.tabakversand.ch\/produit\/de-olifant-corona-brasil-le-1-x-10-stk\/\"]}]},{\"@type\":\"ImageObject\",\"inLanguage\":\"fr-FR\",\"@id\":\"https:\/\/www.tabakversand.ch\/produit\/de-olifant-corona-brasil-le-1-x-10-stk\/#primaryimage\",\"url\":\"https:\/\/www.tabakversand.ch\/wp-content\/uploads\/2026\/01\/de-olifant-corona-brasil-le-10-box.jpg\",\"contentUrl\":\"https:\/\/www.tabakversand.ch\/wp-content\/uploads\/2026\/01\/de-olifant-corona-brasil-le-10-box.jpg\",\"width\":500,\"height\":500,\"caption\":\"De Olifant Corona Brasil LE 1 x 10 pcs. | tabakversand.ch\"},{\"@type\":\"BreadcrumbList\",\"@id\":\"https:\/\/www.tabakversand.ch\/produit\/de-olifant-corona-brasil-le-1-x-10-stk\/#breadcrumb\",\"itemListElement\":[{\"@type\":\"ListItem\",\"position\":1,\"name\":\"Startseite\",\"item\":\"https:\/\/www.tabakversand.ch\/\"},{\"@type\":\"ListItem\",\"position\":2,\"name\":\"Boutique\",\"item\":\"https:\/\/www.tabakversand.ch\/fr\/boutique\/\"},{\"@type\":\"ListItem\",\"position\":3,\"name\":\"De Olifant Corona Brasil LE 1 x 10 pcs.\"}]},{\"@type\":\"WebSite\",\"@id\":\"https:\/\/www.tabakversand.ch\/#website\",\"url\":\"https:\/\/www.tabakversand.ch\/\",\"name\":\"Tabakversand.ch | Alles aus der Welt des Tabaks\",\"description\":\"Smoke and carpe diem\",\"potentialAction\":[{\"@type\":\"SearchAction\",\"target\":{\"@type\":\"EntryPoint\",\"urlTemplate\":\"https:\/\/www.tabakversand.ch\/?s={search_term_string}\"},\"query-input\":{\"@type\":\"PropertyValueSpecification\",\"valueRequired\":true,\"valueName\":\"search_term_string\"}}],\"inLanguage\":\"fr-FR\"}]}<\/script>\n<!-- \/ Yoast SEO plugin. -->","yoast_head_json":{"title":"De Olifant Corona Brasil LE 1 x 10 pcs. - Tabakversand.ch | Alles aus der Welt des Tabaks","description":"De Olifant Corona Brasil LE 1 x 10 pcs. | Un tr\u00e8s grand choix de produits du tabac, e-smoke et ustensiles pour fumer dans toute la Suisse | Cartes accept\u00e9es !","robots":{"index":"index","follow":"follow","max-snippet":"max-snippet:-1","max-image-preview":"max-image-preview:large","max-video-preview":"max-video-preview:-1"},"canonical":"https:\/\/www.tabakversand.ch\/produit\/de-olifant-corona-brasil-le-1-x-10-stk\/","og_locale":"fr_FR","og_type":"article","og_title":"De Olifant Corona Brasil LE 1 x 10 pcs. - Tabakversand.ch | Alles aus der Welt des Tabaks","og_description":"De Olifant Corona Brasil LE 1 x 10 pcs. | Un tr\u00e8s grand choix de produits du tabac, e-smoke et ustensiles pour fumer dans toute la Suisse | Cartes accept\u00e9es !","og_url":"https:\/\/www.tabakversand.ch\/produit\/de-olifant-corona-brasil-le-1-x-10-stk\/","og_site_name":"Tabakversand.ch | Alles aus der Welt des Tabaks","article_modified_time":"2026-01-13T10:25:09+00:00","og_image":[{"width":500,"height":500,"url":"https:\/\/www.tabakversand.ch\/wp-content\/uploads\/2026\/01\/de-olifant-corona-brasil-le-10-box.jpg","type":"image\/jpeg"}],"twitter_card":"summary_large_image","twitter_misc":{"Dur\u00e9e de lecture estim\u00e9e":"3 minutes"},"schema":{"@context":"https:\/\/schema.org","@graph":[{"@type":"WebPage","@id":"https:\/\/www.tabakversand.ch\/produit\/de-olifant-corona-brasil-le-1-x-10-stk\/","url":"https:\/\/www.tabakversand.ch\/produit\/de-olifant-corona-brasil-le-1-x-10-stk\/","name":"De Olifant Corona Brasil LE 1 x 10 pcs. - Tabakversand.ch | Alles aus der Welt des Tabaks","isPartOf":{"@id":"https:\/\/www.tabakversand.ch\/#website"},"primaryImageOfPage":{"@id":"https:\/\/www.tabakversand.ch\/produit\/de-olifant-corona-brasil-le-1-x-10-stk\/#primaryimage"},"image":{"@id":"https:\/\/www.tabakversand.ch\/produit\/de-olifant-corona-brasil-le-1-x-10-stk\/#primaryimage"},"thumbnailUrl":"https:\/\/www.tabakversand.ch\/wp-content\/uploads\/2026\/01\/de-olifant-corona-brasil-le-10-box.jpg","datePublished":"2026-01-13T10:14:33+00:00","dateModified":"2026-01-13T10:25:09+00:00","description":"De Olifant Corona Brasil LE 1 x 10 pcs. | Un tr\u00e8s grand choix de produits du tabac, e-smoke et ustensiles pour fumer dans toute la Suisse | Cartes accept\u00e9es !","breadcrumb":{"@id":"https:\/\/www.tabakversand.ch\/produit\/de-olifant-corona-brasil-le-1-x-10-stk\/#breadcrumb"},"inLanguage":"fr-FR","potentialAction":[{"@type":"ReadAction","target":["https:\/\/www.tabakversand.ch\/produit\/de-olifant-corona-brasil-le-1-x-10-stk\/"]}]},{"@type":"ImageObject","inLanguage":"fr-FR","@id":"https:\/\/www.tabakversand.ch\/produit\/de-olifant-corona-brasil-le-1-x-10-stk\/#primaryimage","url":"https:\/\/www.tabakversand.ch\/wp-content\/uploads\/2026\/01\/de-olifant-corona-brasil-le-10-box.jpg","contentUrl":"https:\/\/www.tabakversand.ch\/wp-content\/uploads\/2026\/01\/de-olifant-corona-brasil-le-10-box.jpg","width":500,"height":500,"caption":"De Olifant Corona Brasil LE 1 x 10 pcs. | tabakversand.ch"},{"@type":"BreadcrumbList","@id":"https:\/\/www.tabakversand.ch\/produit\/de-olifant-corona-brasil-le-1-x-10-stk\/#breadcrumb","itemListElement":[{"@type":"ListItem","position":1,"name":"Startseite","item":"https:\/\/www.tabakversand.ch\/"},{"@type":"ListItem","position":2,"name":"Boutique","item":"https:\/\/www.tabakversand.ch\/fr\/boutique\/"},{"@type":"ListItem","position":3,"name":"De Olifant Corona Brasil LE 1 x 10 pcs."}]},{"@type":"WebSite","@id":"https:\/\/www.tabakversand.ch\/#website","url":"https:\/\/www.tabakversand.ch\/","name":"Tabakversand.ch | Alles aus der Welt des Tabaks","description":"Smoke and carpe diem","potentialAction":[{"@type":"SearchAction","target":{"@type":"EntryPoint","urlTemplate":"https:\/\/www.tabakversand.ch\/?s={search_term_string}"},"query-input":{"@type":"PropertyValueSpecification","valueRequired":true,"valueName":"search_term_string"}}],"inLanguage":"fr-FR"}]}},"_links":{"self":[{"href":"https:\/\/www.tabakversand.ch\/fr\/wp-json\/wp\/v2\/product\/208223","targetHints":{"allow":["GET"]}}],"collection":[{"href":"https:\/\/www.tabakversand.ch\/fr\/wp-json\/wp\/v2\/product"}],"about":[{"href":"https:\/\/www.tabakversand.ch\/fr\/wp-json\/wp\/v2\/types\/product"}],"version-history":[{"count":3,"href":"https:\/\/www.tabakversand.ch\/fr\/wp-json\/wp\/v2\/product\/208223\/revisions"}],"predecessor-version":[{"id":208237,"href":"https:\/\/www.tabakversand.ch\/fr\/wp-json\/wp\/v2\/product\/208223\/revisions\/208237"}],"wp:featuredmedia":[{"embeddable":true,"href":"https:\/\/www.tabakversand.ch\/fr\/wp-json\/wp\/v2\/media\/208227"}],"wp:attachment":[{"href":"https:\/\/www.tabakversand.ch\/fr\/wp-json\/wp\/v2\/media?parent=208223"}],"wp:term":[{"taxonomy":"product_brand","embeddable":true,"href":"https:\/\/www.tabakversand.ch\/fr\/wp-json\/wp\/v2\/product_brand?post=208223"},{"taxonomy":"product_cat","embeddable":true,"href":"https:\/\/www.tabakversand.ch\/fr\/wp-json\/wp\/v2\/product_cat?post=208223"},{"taxonomy":"product_tag","embeddable":true,"href":"https:\/\/www.tabakversand.ch\/fr\/wp-json\/wp\/v2\/product_tag?post=208223"}],"curies":[{"name":"wp","href":"https:\/\/api.w.org\/{rel}","templated":true}]}}