{"id":208279,"date":"2026-01-13T11:56:40","date_gmt":"2026-01-13T10:56:40","guid":{"rendered":"https:\/\/www.tabakversand.ch\/?post_type=product&#038;p=208279"},"modified":"2026-01-13T12:05:18","modified_gmt":"2026-01-13T11:05:18","slug":"de-olifant-geant-bresil-1-x-5-pieces","status":"publish","type":"product","link":"https:\/\/www.tabakversand.ch\/fr\/produit\/de-olifant-geant-bresil-1-x-5-pieces\/","title":{"rendered":"De Olifant G\u00e9ant Br\u00e9sil 1 x 5 pi\u00e8ces."},"content":{"rendered":"<p>De Olifant G\u00e9ant Br\u00e9sil 1 x 5 pi\u00e8ces.<\/p>\n<p>La soci\u00e9t\u00e9 n\u00e9erlandaise De Olifant fabrique des cigares depuis 1832. Propri\u00e9taire: Thomas Klaphke<\/p>\n<p>La gamme De Olifant Modern propose diff\u00e9rents cigarillos aux m\u00e9langes de tabac vari\u00e9s. Le \u00ab\u00a0De Olifant Modern Brasil\u00a0\u00bb, avec sa cape Mata Fina de la r\u00e9gion de Bahia au Br\u00e9sil, se distingue particuli\u00e8rement. Ces cigarillos offrent une douceur naturelle, rehauss\u00e9e de notes fruit\u00e9es et chocolat\u00e9es, pour un bouquet d&rsquo;ar\u00f4mes des plus agr\u00e9ables.<\/p>\n<table width=\"50%\">\n<tbody>\n<tr>\n<td width=\"50%\">\u25c4\u25ba 75 mm<\/td>\n<td width=\"50%\">\u00d8 10,0 mm<\/td>\n<\/tr>\n<\/tbody>\n<\/table>\n<p>&nbsp;<\/p>\n<table width=\"100%\">\n<tbody>\n<tr>\n<td width=\"24%\">Ins\u00e9rer:<\/td>\n<td width=\"75%\">Java et Sumatra, Cuba et Br\u00e9sil<\/td>\n<\/tr>\n<tr>\n<td width=\"24%\">Survol de la page\u00a0:<\/td>\n<td width=\"75%\">Java Besuki, Indon\u00e9sie<\/td>\n<\/tr>\n<tr>\n<td width=\"24%\">Page de couverture :<\/td>\n<td width=\"75%\">Br\u00e9sil (Mata Fina)<\/td>\n<\/tr>\n<\/tbody>\n<\/table>\n<p>&nbsp;<\/p>\n<table width=\"100%\">\n<tbody>\n<tr>\n<td width=\"24%\">Go\u00fbt:<\/td>\n<td width=\"75%\">Naturellement sucr\u00e9, chocolat\u00e9 et fruit\u00e9, avec une magnifique abondance d&rsquo;ar\u00f4mes.<\/td>\n<\/tr>\n<\/tbody>\n<\/table>\n<p>Tous les prix s&rsquo;appliquent uniquement aux commandes en ligne et incluent la TVA. Sous r\u00e9serve de modifications sans pr\u00e9avis, frais de livraison en sus. Sous r\u00e9serve d&rsquo;erreurs, de modifications de contenu de livraison et de conception, de fautes d&rsquo;impression et de modifications de prix. Les prix barr\u00e9s sont des prix de remplacement. Les illustrations peuvent diff\u00e9rer de l&rsquo;original\/du contenu de livraison.<\/p>\n<p>*Livraison gratuite pour les commandes sup\u00e9rieures \u00e0 CHF 250.-.<\/p>\n","protected":false},"excerpt":{"rendered":"<p>De Olifant G\u00e9ant Br\u00e9sil 1 x 5 pi\u00e8ces. La soci\u00e9t\u00e9 n\u00e9erlandaise De Olifant fabrique des cigares depuis 1832. Propri\u00e9taire: Thomas Klaphke La gamme De Olifant Modern propose diff\u00e9rents cigarillos aux m\u00e9langes de tabac vari\u00e9s. Le \u00ab\u00a0De Olifant Modern Brasil\u00a0\u00bb, avec sa cape Mata Fina de la r\u00e9gion de Bahia au Br\u00e9sil, se distingue particuli\u00e8rement. Ces [&hellip;]<\/p>\n","protected":false},"featured_media":208283,"template":"","meta":[],"product_brand":[1627],"product_cat":[2059,1994],"product_tag":[],"class_list":{"0":"post-208279","1":"product","2":"type-product","3":"status-publish","4":"has-post-thumbnail","6":"product_brand-de-olifant","7":"product_cat-cigarillos-fr","8":"product_cat-monde-du-cigare","10":"first","11":"onbackorder","12":"purchasable","13":"product-type-simple"},"yoast_head":"<!-- This site is optimized with the Yoast SEO plugin v27.0 - https:\/\/yoast.com\/product\/yoast-seo-wordpress\/ -->\n<title>De Olifant G\u00e9ant Br\u00e9sil 1 x 5 pi\u00e8ces. - Tabakversand.ch | Alles aus der Welt des Tabaks<\/title>\n<meta name=\"description\" content=\"De Olifant G\u00e9ant Br\u00e9sil 1 x 5 pi\u00e8ces. | Un tr\u00e8s grand choix de produits du tabac, e-smoke et ustensiles pour fumer dans toute la Suisse | Cartes accept\u00e9es !\" \/>\n<meta name=\"robots\" content=\"index, follow, max-snippet:-1, max-image-preview:large, max-video-preview:-1\" \/>\n<link rel=\"canonical\" href=\"https:\/\/www.tabakversand.ch\/produit\/de-olifant-giant-brasil-1-x-5-stk\/\" \/>\n<meta property=\"og:locale\" content=\"fr_FR\" \/>\n<meta property=\"og:type\" content=\"article\" \/>\n<meta property=\"og:title\" content=\"De Olifant G\u00e9ant Br\u00e9sil 1 x 5 pi\u00e8ces. - Tabakversand.ch | Alles aus der Welt des Tabaks\" \/>\n<meta property=\"og:description\" content=\"De Olifant G\u00e9ant Br\u00e9sil 1 x 5 pi\u00e8ces. | Un tr\u00e8s grand choix de produits du tabac, e-smoke et ustensiles pour fumer dans toute la Suisse | Cartes accept\u00e9es !\" \/>\n<meta property=\"og:url\" content=\"https:\/\/www.tabakversand.ch\/produit\/de-olifant-giant-brasil-1-x-5-stk\/\" \/>\n<meta property=\"og:site_name\" content=\"Tabakversand.ch | Alles aus der Welt des Tabaks\" \/>\n<meta property=\"article:modified_time\" content=\"2026-01-13T11:05:18+00:00\" \/>\n<meta property=\"og:image\" content=\"https:\/\/www.tabakversand.ch\/wp-content\/uploads\/2026\/01\/de-olifant-giant-brasil-5-box.jpg\" \/>\n\t<meta property=\"og:image:width\" content=\"499\" \/>\n\t<meta property=\"og:image:height\" content=\"500\" \/>\n\t<meta property=\"og:image:type\" content=\"image\/jpeg\" \/>\n<meta name=\"twitter:card\" content=\"summary_large_image\" \/>\n<meta name=\"twitter:label1\" content=\"Dur\u00e9e de lecture estim\u00e9e\" \/>\n\t<meta name=\"twitter:data1\" content=\"2 minutes\" \/>\n<script type=\"application\/ld+json\" class=\"yoast-schema-graph\">{\"@context\":\"https:\/\/schema.org\",\"@graph\":[{\"@type\":\"WebPage\",\"@id\":\"https:\/\/www.tabakversand.ch\/produit\/de-olifant-giant-brasil-1-x-5-stk\/\",\"url\":\"https:\/\/www.tabakversand.ch\/produit\/de-olifant-giant-brasil-1-x-5-stk\/\",\"name\":\"De Olifant G\u00e9ant Br\u00e9sil 1 x 5 pi\u00e8ces. - Tabakversand.ch | Alles aus der Welt des Tabaks\",\"isPartOf\":{\"@id\":\"https:\/\/www.tabakversand.ch\/#website\"},\"primaryImageOfPage\":{\"@id\":\"https:\/\/www.tabakversand.ch\/produit\/de-olifant-giant-brasil-1-x-5-stk\/#primaryimage\"},\"image\":{\"@id\":\"https:\/\/www.tabakversand.ch\/produit\/de-olifant-giant-brasil-1-x-5-stk\/#primaryimage\"},\"thumbnailUrl\":\"https:\/\/www.tabakversand.ch\/wp-content\/uploads\/2026\/01\/de-olifant-giant-brasil-5-box.jpg\",\"datePublished\":\"2026-01-13T10:56:40+00:00\",\"dateModified\":\"2026-01-13T11:05:18+00:00\",\"description\":\"De Olifant G\u00e9ant Br\u00e9sil 1 x 5 pi\u00e8ces. | Un tr\u00e8s grand choix de produits du tabac, e-smoke et ustensiles pour fumer dans toute la Suisse | Cartes accept\u00e9es !\",\"breadcrumb\":{\"@id\":\"https:\/\/www.tabakversand.ch\/produit\/de-olifant-giant-brasil-1-x-5-stk\/#breadcrumb\"},\"inLanguage\":\"fr-FR\",\"potentialAction\":[{\"@type\":\"ReadAction\",\"target\":[\"https:\/\/www.tabakversand.ch\/produit\/de-olifant-giant-brasil-1-x-5-stk\/\"]}]},{\"@type\":\"ImageObject\",\"inLanguage\":\"fr-FR\",\"@id\":\"https:\/\/www.tabakversand.ch\/produit\/de-olifant-giant-brasil-1-x-5-stk\/#primaryimage\",\"url\":\"https:\/\/www.tabakversand.ch\/wp-content\/uploads\/2026\/01\/de-olifant-giant-brasil-5-box.jpg\",\"contentUrl\":\"https:\/\/www.tabakversand.ch\/wp-content\/uploads\/2026\/01\/de-olifant-giant-brasil-5-box.jpg\",\"width\":499,\"height\":500,\"caption\":\"De Olifant G\u00e9ant Br\u00e9sil 1 x 5 pi\u00e8ces. | tabakversand.ch\"},{\"@type\":\"BreadcrumbList\",\"@id\":\"https:\/\/www.tabakversand.ch\/produit\/de-olifant-giant-brasil-1-x-5-stk\/#breadcrumb\",\"itemListElement\":[{\"@type\":\"ListItem\",\"position\":1,\"name\":\"Startseite\",\"item\":\"https:\/\/www.tabakversand.ch\/\"},{\"@type\":\"ListItem\",\"position\":2,\"name\":\"Boutique\",\"item\":\"https:\/\/www.tabakversand.ch\/fr\/boutique\/\"},{\"@type\":\"ListItem\",\"position\":3,\"name\":\"De Olifant G\u00e9ant Br\u00e9sil 1 x 5 pi\u00e8ces.\"}]},{\"@type\":\"WebSite\",\"@id\":\"https:\/\/www.tabakversand.ch\/#website\",\"url\":\"https:\/\/www.tabakversand.ch\/\",\"name\":\"Tabakversand.ch | Alles aus der Welt des Tabaks\",\"description\":\"Smoke and carpe diem\",\"potentialAction\":[{\"@type\":\"SearchAction\",\"target\":{\"@type\":\"EntryPoint\",\"urlTemplate\":\"https:\/\/www.tabakversand.ch\/?s={search_term_string}\"},\"query-input\":{\"@type\":\"PropertyValueSpecification\",\"valueRequired\":true,\"valueName\":\"search_term_string\"}}],\"inLanguage\":\"fr-FR\"}]}<\/script>\n<!-- \/ Yoast SEO plugin. -->","yoast_head_json":{"title":"De Olifant G\u00e9ant Br\u00e9sil 1 x 5 pi\u00e8ces. - Tabakversand.ch | Alles aus der Welt des Tabaks","description":"De Olifant G\u00e9ant Br\u00e9sil 1 x 5 pi\u00e8ces. | Un tr\u00e8s grand choix de produits du tabac, e-smoke et ustensiles pour fumer dans toute la Suisse | Cartes accept\u00e9es !","robots":{"index":"index","follow":"follow","max-snippet":"max-snippet:-1","max-image-preview":"max-image-preview:large","max-video-preview":"max-video-preview:-1"},"canonical":"https:\/\/www.tabakversand.ch\/produit\/de-olifant-giant-brasil-1-x-5-stk\/","og_locale":"fr_FR","og_type":"article","og_title":"De Olifant G\u00e9ant Br\u00e9sil 1 x 5 pi\u00e8ces. - Tabakversand.ch | Alles aus der Welt des Tabaks","og_description":"De Olifant G\u00e9ant Br\u00e9sil 1 x 5 pi\u00e8ces. | Un tr\u00e8s grand choix de produits du tabac, e-smoke et ustensiles pour fumer dans toute la Suisse | Cartes accept\u00e9es !","og_url":"https:\/\/www.tabakversand.ch\/produit\/de-olifant-giant-brasil-1-x-5-stk\/","og_site_name":"Tabakversand.ch | Alles aus der Welt des Tabaks","article_modified_time":"2026-01-13T11:05:18+00:00","og_image":[{"width":499,"height":500,"url":"https:\/\/www.tabakversand.ch\/wp-content\/uploads\/2026\/01\/de-olifant-giant-brasil-5-box.jpg","type":"image\/jpeg"}],"twitter_card":"summary_large_image","twitter_misc":{"Dur\u00e9e de lecture estim\u00e9e":"2 minutes"},"schema":{"@context":"https:\/\/schema.org","@graph":[{"@type":"WebPage","@id":"https:\/\/www.tabakversand.ch\/produit\/de-olifant-giant-brasil-1-x-5-stk\/","url":"https:\/\/www.tabakversand.ch\/produit\/de-olifant-giant-brasil-1-x-5-stk\/","name":"De Olifant G\u00e9ant Br\u00e9sil 1 x 5 pi\u00e8ces. - Tabakversand.ch | Alles aus der Welt des Tabaks","isPartOf":{"@id":"https:\/\/www.tabakversand.ch\/#website"},"primaryImageOfPage":{"@id":"https:\/\/www.tabakversand.ch\/produit\/de-olifant-giant-brasil-1-x-5-stk\/#primaryimage"},"image":{"@id":"https:\/\/www.tabakversand.ch\/produit\/de-olifant-giant-brasil-1-x-5-stk\/#primaryimage"},"thumbnailUrl":"https:\/\/www.tabakversand.ch\/wp-content\/uploads\/2026\/01\/de-olifant-giant-brasil-5-box.jpg","datePublished":"2026-01-13T10:56:40+00:00","dateModified":"2026-01-13T11:05:18+00:00","description":"De Olifant G\u00e9ant Br\u00e9sil 1 x 5 pi\u00e8ces. | Un tr\u00e8s grand choix de produits du tabac, e-smoke et ustensiles pour fumer dans toute la Suisse | Cartes accept\u00e9es !","breadcrumb":{"@id":"https:\/\/www.tabakversand.ch\/produit\/de-olifant-giant-brasil-1-x-5-stk\/#breadcrumb"},"inLanguage":"fr-FR","potentialAction":[{"@type":"ReadAction","target":["https:\/\/www.tabakversand.ch\/produit\/de-olifant-giant-brasil-1-x-5-stk\/"]}]},{"@type":"ImageObject","inLanguage":"fr-FR","@id":"https:\/\/www.tabakversand.ch\/produit\/de-olifant-giant-brasil-1-x-5-stk\/#primaryimage","url":"https:\/\/www.tabakversand.ch\/wp-content\/uploads\/2026\/01\/de-olifant-giant-brasil-5-box.jpg","contentUrl":"https:\/\/www.tabakversand.ch\/wp-content\/uploads\/2026\/01\/de-olifant-giant-brasil-5-box.jpg","width":499,"height":500,"caption":"De Olifant G\u00e9ant Br\u00e9sil 1 x 5 pi\u00e8ces. | tabakversand.ch"},{"@type":"BreadcrumbList","@id":"https:\/\/www.tabakversand.ch\/produit\/de-olifant-giant-brasil-1-x-5-stk\/#breadcrumb","itemListElement":[{"@type":"ListItem","position":1,"name":"Startseite","item":"https:\/\/www.tabakversand.ch\/"},{"@type":"ListItem","position":2,"name":"Boutique","item":"https:\/\/www.tabakversand.ch\/fr\/boutique\/"},{"@type":"ListItem","position":3,"name":"De Olifant G\u00e9ant Br\u00e9sil 1 x 5 pi\u00e8ces."}]},{"@type":"WebSite","@id":"https:\/\/www.tabakversand.ch\/#website","url":"https:\/\/www.tabakversand.ch\/","name":"Tabakversand.ch | Alles aus der Welt des Tabaks","description":"Smoke and carpe diem","potentialAction":[{"@type":"SearchAction","target":{"@type":"EntryPoint","urlTemplate":"https:\/\/www.tabakversand.ch\/?s={search_term_string}"},"query-input":{"@type":"PropertyValueSpecification","valueRequired":true,"valueName":"search_term_string"}}],"inLanguage":"fr-FR"}]}},"_links":{"self":[{"href":"https:\/\/www.tabakversand.ch\/fr\/wp-json\/wp\/v2\/product\/208279","targetHints":{"allow":["GET"]}}],"collection":[{"href":"https:\/\/www.tabakversand.ch\/fr\/wp-json\/wp\/v2\/product"}],"about":[{"href":"https:\/\/www.tabakversand.ch\/fr\/wp-json\/wp\/v2\/types\/product"}],"version-history":[{"count":3,"href":"https:\/\/www.tabakversand.ch\/fr\/wp-json\/wp\/v2\/product\/208279\/revisions"}],"predecessor-version":[{"id":208299,"href":"https:\/\/www.tabakversand.ch\/fr\/wp-json\/wp\/v2\/product\/208279\/revisions\/208299"}],"wp:featuredmedia":[{"embeddable":true,"href":"https:\/\/www.tabakversand.ch\/fr\/wp-json\/wp\/v2\/media\/208283"}],"wp:attachment":[{"href":"https:\/\/www.tabakversand.ch\/fr\/wp-json\/wp\/v2\/media?parent=208279"}],"wp:term":[{"taxonomy":"product_brand","embeddable":true,"href":"https:\/\/www.tabakversand.ch\/fr\/wp-json\/wp\/v2\/product_brand?post=208279"},{"taxonomy":"product_cat","embeddable":true,"href":"https:\/\/www.tabakversand.ch\/fr\/wp-json\/wp\/v2\/product_cat?post=208279"},{"taxonomy":"product_tag","embeddable":true,"href":"https:\/\/www.tabakversand.ch\/fr\/wp-json\/wp\/v2\/product_tag?post=208279"}],"curies":[{"name":"wp","href":"https:\/\/api.w.org\/{rel}","templated":true}]}}