{"id":208305,"date":"2026-01-13T12:32:33","date_gmt":"2026-01-13T11:32:33","guid":{"rendered":"https:\/\/www.tabakversand.ch\/?post_type=product&#038;p=208305"},"modified":"2026-01-13T12:40:24","modified_gmt":"2026-01-13T11:40:24","slug":"de-olifant-geant-sumatra-1-x-5-pcs","status":"publish","type":"product","link":"https:\/\/www.tabakversand.ch\/fr\/produit\/de-olifant-geant-sumatra-1-x-5-pcs\/","title":{"rendered":"De Olifant G\u00e9ant Sumatra 1 x 5 pcs."},"content":{"rendered":"<p>De Olifant G\u00e9ant Sumatra 1 x 5 pcs.<\/p>\n<p>La soci\u00e9t\u00e9 n\u00e9erlandaise De Olifant fabrique des cigares depuis 1832. Propri\u00e9taire: Thomas Klaphke<\/p>\n<p>Les cigarillos De Olifant sont r\u00e9put\u00e9s pour leur qualit\u00e9 exceptionnelle et leur ar\u00f4me unique, obtenus gr\u00e2ce \u00e0 l&rsquo;utilisation des meilleurs tabacs de Sumatra, de Java et du Br\u00e9sil. Cette marque n\u00e9erlandaise incarne le savoir-faire artisanal et une longue tradition dans la fabrication de cigarillos.<\/p>\n<p>La gamme De Olifant Modern comprend diff\u00e9rents cigarillos avec divers m\u00e9langes de tabac.<\/p>\n<table width=\"50%\">\n<tbody>\n<tr>\n<td width=\"50%\">\u25c4\u25ba 75 mm<\/td>\n<td width=\"50%\">\u00d8 10,0 mm<\/td>\n<\/tr>\n<\/tbody>\n<\/table>\n<p>&nbsp;<\/p>\n<table width=\"100%\">\n<tbody>\n<tr>\n<td width=\"24%\">Ins\u00e9rer:<\/td>\n<td width=\"75%\">Sumatra, Cuba et Br\u00e9sil<\/td>\n<\/tr>\n<tr>\n<td width=\"24%\">Survol de la page\u00a0:<\/td>\n<td width=\"75%\">Java Besuki, Indon\u00e9sie<\/td>\n<\/tr>\n<tr>\n<td width=\"24%\">Page de couverture :<\/td>\n<td width=\"75%\">Feuille de sable originale de Sumatra<\/td>\n<\/tr>\n<\/tbody>\n<\/table>\n<p>&nbsp;<\/p>\n<table width=\"100%\">\n<tbody>\n<tr>\n<td width=\"24%\">Go\u00fbt:<\/td>\n<td width=\"75%\">Ar\u00f4me dense, fum\u00e9e cors\u00e9e aux notes herbac\u00e9es et \u00e9pic\u00e9es.<\/td>\n<\/tr>\n<\/tbody>\n<\/table>\n<p>Tous les prix s&rsquo;appliquent uniquement aux commandes en ligne et incluent la TVA. Sous r\u00e9serve de modifications sans pr\u00e9avis, frais de livraison en sus. Sous r\u00e9serve d&rsquo;erreurs, de modifications de contenu de livraison et de conception, de fautes d&rsquo;impression et de modifications de prix. Les prix barr\u00e9s sont des prix de remplacement. Les illustrations peuvent diff\u00e9rer de l&rsquo;original\/du contenu de livraison.<\/p>\n<p>*Livraison gratuite pour les commandes sup\u00e9rieures \u00e0 CHF 250.-.<\/p>\n","protected":false},"excerpt":{"rendered":"<p>De Olifant G\u00e9ant Sumatra 1 x 5 pcs. La soci\u00e9t\u00e9 n\u00e9erlandaise De Olifant fabrique des cigares depuis 1832. Propri\u00e9taire: Thomas Klaphke Les cigarillos De Olifant sont r\u00e9put\u00e9s pour leur qualit\u00e9 exceptionnelle et leur ar\u00f4me unique, obtenus gr\u00e2ce \u00e0 l&rsquo;utilisation des meilleurs tabacs de Sumatra, de Java et du Br\u00e9sil. Cette marque n\u00e9erlandaise incarne le savoir-faire [&hellip;]<\/p>\n","protected":false},"featured_media":208309,"template":"","meta":[],"product_brand":[1627],"product_cat":[2059,1994],"product_tag":[],"class_list":{"0":"post-208305","1":"product","2":"type-product","3":"status-publish","4":"has-post-thumbnail","6":"product_brand-de-olifant","7":"product_cat-cigarillos-fr","8":"product_cat-monde-du-cigare","10":"first","11":"onbackorder","12":"purchasable","13":"product-type-simple"},"yoast_head":"<!-- This site is optimized with the Yoast SEO plugin v27.0 - https:\/\/yoast.com\/product\/yoast-seo-wordpress\/ -->\n<title>De Olifant G\u00e9ant Sumatra 1 x 5 pcs. - Tabakversand.ch | Alles aus der Welt des Tabaks<\/title>\n<meta name=\"description\" content=\"De Olifant G\u00e9ant Sumatra 1 x 5 pcs. | Un tr\u00e8s grand choix de produits du tabac, e-smoke et ustensiles pour fumer dans toute la Suisse | Cartes accept\u00e9es !\" \/>\n<meta name=\"robots\" content=\"index, follow, max-snippet:-1, max-image-preview:large, max-video-preview:-1\" \/>\n<link rel=\"canonical\" href=\"https:\/\/www.tabakversand.ch\/produit\/de-olifant-giant-sumatra-1-x-5-stk\/\" \/>\n<meta property=\"og:locale\" content=\"fr_FR\" \/>\n<meta property=\"og:type\" content=\"article\" \/>\n<meta property=\"og:title\" content=\"De Olifant G\u00e9ant Sumatra 1 x 5 pcs. - Tabakversand.ch | Alles aus der Welt des Tabaks\" \/>\n<meta property=\"og:description\" content=\"De Olifant G\u00e9ant Sumatra 1 x 5 pcs. | Un tr\u00e8s grand choix de produits du tabac, e-smoke et ustensiles pour fumer dans toute la Suisse | Cartes accept\u00e9es !\" \/>\n<meta property=\"og:url\" content=\"https:\/\/www.tabakversand.ch\/produit\/de-olifant-giant-sumatra-1-x-5-stk\/\" \/>\n<meta property=\"og:site_name\" content=\"Tabakversand.ch | Alles aus der Welt des Tabaks\" \/>\n<meta property=\"article:modified_time\" content=\"2026-01-13T11:40:24+00:00\" \/>\n<meta property=\"og:image\" content=\"https:\/\/www.tabakversand.ch\/wp-content\/uploads\/2026\/01\/de-olifant-giant-sumatra-5-box.jpg\" \/>\n\t<meta property=\"og:image:width\" content=\"500\" \/>\n\t<meta property=\"og:image:height\" content=\"500\" \/>\n\t<meta property=\"og:image:type\" content=\"image\/jpeg\" \/>\n<meta name=\"twitter:card\" content=\"summary_large_image\" \/>\n<meta name=\"twitter:label1\" content=\"Dur\u00e9e de lecture estim\u00e9e\" \/>\n\t<meta name=\"twitter:data1\" content=\"2 minutes\" \/>\n<script type=\"application\/ld+json\" class=\"yoast-schema-graph\">{\"@context\":\"https:\/\/schema.org\",\"@graph\":[{\"@type\":\"WebPage\",\"@id\":\"https:\/\/www.tabakversand.ch\/produit\/de-olifant-giant-sumatra-1-x-5-stk\/\",\"url\":\"https:\/\/www.tabakversand.ch\/produit\/de-olifant-giant-sumatra-1-x-5-stk\/\",\"name\":\"De Olifant G\u00e9ant Sumatra 1 x 5 pcs. - Tabakversand.ch | Alles aus der Welt des Tabaks\",\"isPartOf\":{\"@id\":\"https:\/\/www.tabakversand.ch\/#website\"},\"primaryImageOfPage\":{\"@id\":\"https:\/\/www.tabakversand.ch\/produit\/de-olifant-giant-sumatra-1-x-5-stk\/#primaryimage\"},\"image\":{\"@id\":\"https:\/\/www.tabakversand.ch\/produit\/de-olifant-giant-sumatra-1-x-5-stk\/#primaryimage\"},\"thumbnailUrl\":\"https:\/\/www.tabakversand.ch\/wp-content\/uploads\/2026\/01\/de-olifant-giant-sumatra-5-box.jpg\",\"datePublished\":\"2026-01-13T11:32:33+00:00\",\"dateModified\":\"2026-01-13T11:40:24+00:00\",\"description\":\"De Olifant G\u00e9ant Sumatra 1 x 5 pcs. | Un tr\u00e8s grand choix de produits du tabac, e-smoke et ustensiles pour fumer dans toute la Suisse | Cartes accept\u00e9es !\",\"breadcrumb\":{\"@id\":\"https:\/\/www.tabakversand.ch\/produit\/de-olifant-giant-sumatra-1-x-5-stk\/#breadcrumb\"},\"inLanguage\":\"fr-FR\",\"potentialAction\":[{\"@type\":\"ReadAction\",\"target\":[\"https:\/\/www.tabakversand.ch\/produit\/de-olifant-giant-sumatra-1-x-5-stk\/\"]}]},{\"@type\":\"ImageObject\",\"inLanguage\":\"fr-FR\",\"@id\":\"https:\/\/www.tabakversand.ch\/produit\/de-olifant-giant-sumatra-1-x-5-stk\/#primaryimage\",\"url\":\"https:\/\/www.tabakversand.ch\/wp-content\/uploads\/2026\/01\/de-olifant-giant-sumatra-5-box.jpg\",\"contentUrl\":\"https:\/\/www.tabakversand.ch\/wp-content\/uploads\/2026\/01\/de-olifant-giant-sumatra-5-box.jpg\",\"width\":500,\"height\":500,\"caption\":\"De Olifant G\u00e9ant Sumatra 1 x 5 pcs. | tabakversand.ch\"},{\"@type\":\"BreadcrumbList\",\"@id\":\"https:\/\/www.tabakversand.ch\/produit\/de-olifant-giant-sumatra-1-x-5-stk\/#breadcrumb\",\"itemListElement\":[{\"@type\":\"ListItem\",\"position\":1,\"name\":\"Startseite\",\"item\":\"https:\/\/www.tabakversand.ch\/\"},{\"@type\":\"ListItem\",\"position\":2,\"name\":\"Boutique\",\"item\":\"https:\/\/www.tabakversand.ch\/fr\/boutique\/\"},{\"@type\":\"ListItem\",\"position\":3,\"name\":\"De Olifant G\u00e9ant Sumatra 1 x 5 pcs.\"}]},{\"@type\":\"WebSite\",\"@id\":\"https:\/\/www.tabakversand.ch\/#website\",\"url\":\"https:\/\/www.tabakversand.ch\/\",\"name\":\"Tabakversand.ch | Alles aus der Welt des Tabaks\",\"description\":\"Smoke and carpe diem\",\"potentialAction\":[{\"@type\":\"SearchAction\",\"target\":{\"@type\":\"EntryPoint\",\"urlTemplate\":\"https:\/\/www.tabakversand.ch\/?s={search_term_string}\"},\"query-input\":{\"@type\":\"PropertyValueSpecification\",\"valueRequired\":true,\"valueName\":\"search_term_string\"}}],\"inLanguage\":\"fr-FR\"}]}<\/script>\n<!-- \/ Yoast SEO plugin. -->","yoast_head_json":{"title":"De Olifant G\u00e9ant Sumatra 1 x 5 pcs. - Tabakversand.ch | Alles aus der Welt des Tabaks","description":"De Olifant G\u00e9ant Sumatra 1 x 5 pcs. | Un tr\u00e8s grand choix de produits du tabac, e-smoke et ustensiles pour fumer dans toute la Suisse | Cartes accept\u00e9es !","robots":{"index":"index","follow":"follow","max-snippet":"max-snippet:-1","max-image-preview":"max-image-preview:large","max-video-preview":"max-video-preview:-1"},"canonical":"https:\/\/www.tabakversand.ch\/produit\/de-olifant-giant-sumatra-1-x-5-stk\/","og_locale":"fr_FR","og_type":"article","og_title":"De Olifant G\u00e9ant Sumatra 1 x 5 pcs. - Tabakversand.ch | Alles aus der Welt des Tabaks","og_description":"De Olifant G\u00e9ant Sumatra 1 x 5 pcs. | Un tr\u00e8s grand choix de produits du tabac, e-smoke et ustensiles pour fumer dans toute la Suisse | Cartes accept\u00e9es !","og_url":"https:\/\/www.tabakversand.ch\/produit\/de-olifant-giant-sumatra-1-x-5-stk\/","og_site_name":"Tabakversand.ch | Alles aus der Welt des Tabaks","article_modified_time":"2026-01-13T11:40:24+00:00","og_image":[{"width":500,"height":500,"url":"https:\/\/www.tabakversand.ch\/wp-content\/uploads\/2026\/01\/de-olifant-giant-sumatra-5-box.jpg","type":"image\/jpeg"}],"twitter_card":"summary_large_image","twitter_misc":{"Dur\u00e9e de lecture estim\u00e9e":"2 minutes"},"schema":{"@context":"https:\/\/schema.org","@graph":[{"@type":"WebPage","@id":"https:\/\/www.tabakversand.ch\/produit\/de-olifant-giant-sumatra-1-x-5-stk\/","url":"https:\/\/www.tabakversand.ch\/produit\/de-olifant-giant-sumatra-1-x-5-stk\/","name":"De Olifant G\u00e9ant Sumatra 1 x 5 pcs. - Tabakversand.ch | Alles aus der Welt des Tabaks","isPartOf":{"@id":"https:\/\/www.tabakversand.ch\/#website"},"primaryImageOfPage":{"@id":"https:\/\/www.tabakversand.ch\/produit\/de-olifant-giant-sumatra-1-x-5-stk\/#primaryimage"},"image":{"@id":"https:\/\/www.tabakversand.ch\/produit\/de-olifant-giant-sumatra-1-x-5-stk\/#primaryimage"},"thumbnailUrl":"https:\/\/www.tabakversand.ch\/wp-content\/uploads\/2026\/01\/de-olifant-giant-sumatra-5-box.jpg","datePublished":"2026-01-13T11:32:33+00:00","dateModified":"2026-01-13T11:40:24+00:00","description":"De Olifant G\u00e9ant Sumatra 1 x 5 pcs. | Un tr\u00e8s grand choix de produits du tabac, e-smoke et ustensiles pour fumer dans toute la Suisse | Cartes accept\u00e9es !","breadcrumb":{"@id":"https:\/\/www.tabakversand.ch\/produit\/de-olifant-giant-sumatra-1-x-5-stk\/#breadcrumb"},"inLanguage":"fr-FR","potentialAction":[{"@type":"ReadAction","target":["https:\/\/www.tabakversand.ch\/produit\/de-olifant-giant-sumatra-1-x-5-stk\/"]}]},{"@type":"ImageObject","inLanguage":"fr-FR","@id":"https:\/\/www.tabakversand.ch\/produit\/de-olifant-giant-sumatra-1-x-5-stk\/#primaryimage","url":"https:\/\/www.tabakversand.ch\/wp-content\/uploads\/2026\/01\/de-olifant-giant-sumatra-5-box.jpg","contentUrl":"https:\/\/www.tabakversand.ch\/wp-content\/uploads\/2026\/01\/de-olifant-giant-sumatra-5-box.jpg","width":500,"height":500,"caption":"De Olifant G\u00e9ant Sumatra 1 x 5 pcs. | tabakversand.ch"},{"@type":"BreadcrumbList","@id":"https:\/\/www.tabakversand.ch\/produit\/de-olifant-giant-sumatra-1-x-5-stk\/#breadcrumb","itemListElement":[{"@type":"ListItem","position":1,"name":"Startseite","item":"https:\/\/www.tabakversand.ch\/"},{"@type":"ListItem","position":2,"name":"Boutique","item":"https:\/\/www.tabakversand.ch\/fr\/boutique\/"},{"@type":"ListItem","position":3,"name":"De Olifant G\u00e9ant Sumatra 1 x 5 pcs."}]},{"@type":"WebSite","@id":"https:\/\/www.tabakversand.ch\/#website","url":"https:\/\/www.tabakversand.ch\/","name":"Tabakversand.ch | Alles aus der Welt des Tabaks","description":"Smoke and carpe diem","potentialAction":[{"@type":"SearchAction","target":{"@type":"EntryPoint","urlTemplate":"https:\/\/www.tabakversand.ch\/?s={search_term_string}"},"query-input":{"@type":"PropertyValueSpecification","valueRequired":true,"valueName":"search_term_string"}}],"inLanguage":"fr-FR"}]}},"_links":{"self":[{"href":"https:\/\/www.tabakversand.ch\/fr\/wp-json\/wp\/v2\/product\/208305","targetHints":{"allow":["GET"]}}],"collection":[{"href":"https:\/\/www.tabakversand.ch\/fr\/wp-json\/wp\/v2\/product"}],"about":[{"href":"https:\/\/www.tabakversand.ch\/fr\/wp-json\/wp\/v2\/types\/product"}],"version-history":[{"count":3,"href":"https:\/\/www.tabakversand.ch\/fr\/wp-json\/wp\/v2\/product\/208305\/revisions"}],"predecessor-version":[{"id":208327,"href":"https:\/\/www.tabakversand.ch\/fr\/wp-json\/wp\/v2\/product\/208305\/revisions\/208327"}],"wp:featuredmedia":[{"embeddable":true,"href":"https:\/\/www.tabakversand.ch\/fr\/wp-json\/wp\/v2\/media\/208309"}],"wp:attachment":[{"href":"https:\/\/www.tabakversand.ch\/fr\/wp-json\/wp\/v2\/media?parent=208305"}],"wp:term":[{"taxonomy":"product_brand","embeddable":true,"href":"https:\/\/www.tabakversand.ch\/fr\/wp-json\/wp\/v2\/product_brand?post=208305"},{"taxonomy":"product_cat","embeddable":true,"href":"https:\/\/www.tabakversand.ch\/fr\/wp-json\/wp\/v2\/product_cat?post=208305"},{"taxonomy":"product_tag","embeddable":true,"href":"https:\/\/www.tabakversand.ch\/fr\/wp-json\/wp\/v2\/product_tag?post=208305"}],"curies":[{"name":"wp","href":"https:\/\/api.w.org\/{rel}","templated":true}]}}