{"id":208451,"date":"2026-01-13T15:56:12","date_gmt":"2026-01-13T14:56:12","guid":{"rendered":"https:\/\/www.tabakversand.ch\/?post_type=product&#038;p=208451"},"modified":"2026-03-09T11:49:42","modified_gmt":"2026-03-09T10:49:42","slug":"le-tabac-a-priser-de-bernard-postillion","status":"publish","type":"product","link":"https:\/\/www.tabakversand.ch\/fr\/produit\/le-tabac-a-priser-de-bernard-postillion\/","title":{"rendered":"Le postillon de Bernard"},"content":{"rendered":"<h1>Le postillon de Bernard<\/h1>\n<p>Classique avec une subtile note de whisky<\/p>\n<p>Avec son m\u00e9lange de chocolat, de vanille et une pointe de whisky, le Bernard Postillion offre une agr\u00e9able note herbac\u00e9e, sans \u00eatre envahissante. Excellent pour un usage quotidien, il est id\u00e9al pour les amateurs de cigares classiques au tabac. <\/p>\n<ul>\n<li>1 x 10 g<\/li>\n<\/ul>\n<p>Chez tabakversand.ch, vous recevez le tabac \u00e0 priser Bernard&rsquo;s Postillion fra\u00eechement conserv\u00e9 dans son emballage d&rsquo;origine. Un stockage soign\u00e9 garantit une pr\u00e9servation optimale de son ar\u00f4me, de son humidit\u00e9 et de sa qualit\u00e9 jusqu&rsquo;\u00e0 l&rsquo;exp\u00e9dition. Gr\u00e2ce \u00e0 une livraison rapide en Suisse, votre tabac \u00e0 priser vous parvient g\u00e9n\u00e9ralement tr\u00e8s rapidement.  <\/p>\n<p>Pour en savoir plus sur le fabricant, les fr\u00e8res Bernard, veuillez consulter leur page Wikip\u00e9dia&nbsp;: <a href=\"https:\/\/de.wikipedia.org\/wiki\/Gebr%C3%BCder_Bernard\">cliquez ici<\/a> . Si vous avez des questions concernant le produit, n\u2019h\u00e9sitez pas \u00e0 nous contacter&nbsp;: <a href=\"https:\/\/www.tabakversand.ch\/kontakt\/\">cliquez ici<\/a> . <\/p>\n<p>Tous les prix s&rsquo;appliquent uniquement aux commandes en ligne et incluent la TVA. Sous r\u00e9serve de modifications sans pr\u00e9avis, frais de livraison en sus. Sous r\u00e9serve d&rsquo;erreurs, de modifications de contenu de livraison et de conception, de fautes d&rsquo;impression et de modifications de prix. Les prix barr\u00e9s sont des prix de remplacement. Les illustrations peuvent diff\u00e9rer de l&rsquo;original\/du contenu de livraison.<br \/>\n*Livraison gratuite pour les commandes sup\u00e9rieures \u00e0 CHF 250.-.<\/p>\n","protected":false},"excerpt":{"rendered":"<p>Le postillon de Bernard Classique avec une subtile note de whisky Avec son m\u00e9lange de chocolat, de vanille et une pointe de whisky, le Bernard Postillion offre une agr\u00e9able note herbac\u00e9e, sans \u00eatre envahissante. Excellent pour un usage quotidien, il est id\u00e9al pour les amateurs de cigares classiques au tabac. 1 x 10 g Chez [&hellip;]<\/p>\n","protected":false},"featured_media":208459,"template":"","meta":[],"product_brand":[1527],"product_cat":[1888,1951,1950],"product_tag":[],"class_list":{"0":"post-208451","1":"product","2":"type-product","3":"status-publish","4":"has-post-thumbnail","6":"product_brand-bernards-schnupftabak","7":"product_cat-tabac","8":"product_cat-tabac-a-priser-et-accessoires","9":"product_cat-tabac-a-priser-schnupftabak","11":"first","12":"instock","13":"purchasable","14":"product-type-simple"},"yoast_head":"<!-- This site is optimized with the Yoast SEO plugin v27.0 - https:\/\/yoast.com\/product\/yoast-seo-wordpress\/ -->\n<title>Le postillon de Bernard - tabakversand.ch<\/title>\n<meta name=\"description\" content=\"Le tabac \u00e0 priser Postillion de Bernard \u2013 un tabac \u00e0 priser classique de qualit\u00e9 sup\u00e9rieure, au caract\u00e8re \u00e9pic\u00e9 et aromatique. Une qualit\u00e9 traditionnelle bavaroise.\" \/>\n<meta name=\"robots\" content=\"index, follow, max-snippet:-1, max-image-preview:large, max-video-preview:-1\" \/>\n<link rel=\"canonical\" href=\"https:\/\/www.tabakversand.ch\/produit\/bernards-postillion-snuff-schnupftabak\/\" \/>\n<meta property=\"og:locale\" content=\"fr_FR\" \/>\n<meta property=\"og:type\" content=\"article\" \/>\n<meta property=\"og:title\" content=\"Le postillon de Bernard - tabakversand.ch\" \/>\n<meta property=\"og:description\" content=\"Le tabac \u00e0 priser Postillion de Bernard \u2013 un tabac \u00e0 priser classique de qualit\u00e9 sup\u00e9rieure, au caract\u00e8re \u00e9pic\u00e9 et aromatique. Une qualit\u00e9 traditionnelle bavaroise.\" \/>\n<meta property=\"og:url\" content=\"https:\/\/www.tabakversand.ch\/produit\/bernards-postillion-snuff-schnupftabak\/\" \/>\n<meta property=\"og:site_name\" content=\"Tabakversand.ch | Alles aus der Welt des Tabaks\" \/>\n<meta property=\"article:modified_time\" content=\"2026-03-09T10:49:42+00:00\" \/>\n<meta property=\"og:image\" content=\"https:\/\/www.tabakversand.ch\/wp-content\/uploads\/2026\/01\/bernards-postillion-snuff.jpg\" \/>\n\t<meta property=\"og:image:width\" content=\"500\" \/>\n\t<meta property=\"og:image:height\" content=\"500\" \/>\n\t<meta property=\"og:image:type\" content=\"image\/jpeg\" \/>\n<meta name=\"twitter:card\" content=\"summary_large_image\" \/>\n<meta name=\"twitter:label1\" content=\"Dur\u00e9e de lecture estim\u00e9e\" \/>\n\t<meta name=\"twitter:data1\" content=\"1 minute\" \/>\n<script type=\"application\/ld+json\" class=\"yoast-schema-graph\">{\"@context\":\"https:\/\/schema.org\",\"@graph\":[{\"@type\":\"WebPage\",\"@id\":\"https:\/\/www.tabakversand.ch\/produit\/bernards-postillion-snuff-schnupftabak\/\",\"url\":\"https:\/\/www.tabakversand.ch\/produit\/bernards-postillion-snuff-schnupftabak\/\",\"name\":\"Le postillon de Bernard - tabakversand.ch\",\"isPartOf\":{\"@id\":\"https:\/\/www.tabakversand.ch\/#website\"},\"primaryImageOfPage\":{\"@id\":\"https:\/\/www.tabakversand.ch\/produit\/bernards-postillion-snuff-schnupftabak\/#primaryimage\"},\"image\":{\"@id\":\"https:\/\/www.tabakversand.ch\/produit\/bernards-postillion-snuff-schnupftabak\/#primaryimage\"},\"thumbnailUrl\":\"https:\/\/www.tabakversand.ch\/wp-content\/uploads\/2026\/01\/bernards-postillion-snuff.jpg\",\"datePublished\":\"2026-01-13T14:56:12+00:00\",\"dateModified\":\"2026-03-09T10:49:42+00:00\",\"description\":\"Le tabac \u00e0 priser Postillion de Bernard \u2013 un tabac \u00e0 priser classique de qualit\u00e9 sup\u00e9rieure, au caract\u00e8re \u00e9pic\u00e9 et aromatique. Une qualit\u00e9 traditionnelle bavaroise.\",\"breadcrumb\":{\"@id\":\"https:\/\/www.tabakversand.ch\/produit\/bernards-postillion-snuff-schnupftabak\/#breadcrumb\"},\"inLanguage\":\"fr-FR\",\"potentialAction\":[{\"@type\":\"ReadAction\",\"target\":[\"https:\/\/www.tabakversand.ch\/produit\/bernards-postillion-snuff-schnupftabak\/\"]}]},{\"@type\":\"ImageObject\",\"inLanguage\":\"fr-FR\",\"@id\":\"https:\/\/www.tabakversand.ch\/produit\/bernards-postillion-snuff-schnupftabak\/#primaryimage\",\"url\":\"https:\/\/www.tabakversand.ch\/wp-content\/uploads\/2026\/01\/bernards-postillion-snuff.jpg\",\"contentUrl\":\"https:\/\/www.tabakversand.ch\/wp-content\/uploads\/2026\/01\/bernards-postillion-snuff.jpg\",\"width\":500,\"height\":500,\"caption\":\"Le tabac \u00e0 priser Postillion de Bernard | tabakversand.ch\"},{\"@type\":\"BreadcrumbList\",\"@id\":\"https:\/\/www.tabakversand.ch\/produit\/bernards-postillion-snuff-schnupftabak\/#breadcrumb\",\"itemListElement\":[{\"@type\":\"ListItem\",\"position\":1,\"name\":\"Startseite\",\"item\":\"https:\/\/www.tabakversand.ch\/\"},{\"@type\":\"ListItem\",\"position\":2,\"name\":\"Boutique\",\"item\":\"https:\/\/www.tabakversand.ch\/fr\/boutique\/\"},{\"@type\":\"ListItem\",\"position\":3,\"name\":\"Le postillon de Bernard\"}]},{\"@type\":\"WebSite\",\"@id\":\"https:\/\/www.tabakversand.ch\/#website\",\"url\":\"https:\/\/www.tabakversand.ch\/\",\"name\":\"Tabakversand.ch | Alles aus der Welt des Tabaks\",\"description\":\"Smoke and carpe diem\",\"potentialAction\":[{\"@type\":\"SearchAction\",\"target\":{\"@type\":\"EntryPoint\",\"urlTemplate\":\"https:\/\/www.tabakversand.ch\/?s={search_term_string}\"},\"query-input\":{\"@type\":\"PropertyValueSpecification\",\"valueRequired\":true,\"valueName\":\"search_term_string\"}}],\"inLanguage\":\"fr-FR\"}]}<\/script>\n<!-- \/ Yoast SEO plugin. -->","yoast_head_json":{"title":"Le postillon de Bernard - tabakversand.ch","description":"Le tabac \u00e0 priser Postillion de Bernard \u2013 un tabac \u00e0 priser classique de qualit\u00e9 sup\u00e9rieure, au caract\u00e8re \u00e9pic\u00e9 et aromatique. Une qualit\u00e9 traditionnelle bavaroise.","robots":{"index":"index","follow":"follow","max-snippet":"max-snippet:-1","max-image-preview":"max-image-preview:large","max-video-preview":"max-video-preview:-1"},"canonical":"https:\/\/www.tabakversand.ch\/produit\/bernards-postillion-snuff-schnupftabak\/","og_locale":"fr_FR","og_type":"article","og_title":"Le postillon de Bernard - tabakversand.ch","og_description":"Le tabac \u00e0 priser Postillion de Bernard \u2013 un tabac \u00e0 priser classique de qualit\u00e9 sup\u00e9rieure, au caract\u00e8re \u00e9pic\u00e9 et aromatique. Une qualit\u00e9 traditionnelle bavaroise.","og_url":"https:\/\/www.tabakversand.ch\/produit\/bernards-postillion-snuff-schnupftabak\/","og_site_name":"Tabakversand.ch | Alles aus der Welt des Tabaks","article_modified_time":"2026-03-09T10:49:42+00:00","og_image":[{"width":500,"height":500,"url":"https:\/\/www.tabakversand.ch\/wp-content\/uploads\/2026\/01\/bernards-postillion-snuff.jpg","type":"image\/jpeg"}],"twitter_card":"summary_large_image","twitter_misc":{"Dur\u00e9e de lecture estim\u00e9e":"1 minute"},"schema":{"@context":"https:\/\/schema.org","@graph":[{"@type":"WebPage","@id":"https:\/\/www.tabakversand.ch\/produit\/bernards-postillion-snuff-schnupftabak\/","url":"https:\/\/www.tabakversand.ch\/produit\/bernards-postillion-snuff-schnupftabak\/","name":"Le postillon de Bernard - tabakversand.ch","isPartOf":{"@id":"https:\/\/www.tabakversand.ch\/#website"},"primaryImageOfPage":{"@id":"https:\/\/www.tabakversand.ch\/produit\/bernards-postillion-snuff-schnupftabak\/#primaryimage"},"image":{"@id":"https:\/\/www.tabakversand.ch\/produit\/bernards-postillion-snuff-schnupftabak\/#primaryimage"},"thumbnailUrl":"https:\/\/www.tabakversand.ch\/wp-content\/uploads\/2026\/01\/bernards-postillion-snuff.jpg","datePublished":"2026-01-13T14:56:12+00:00","dateModified":"2026-03-09T10:49:42+00:00","description":"Le tabac \u00e0 priser Postillion de Bernard \u2013 un tabac \u00e0 priser classique de qualit\u00e9 sup\u00e9rieure, au caract\u00e8re \u00e9pic\u00e9 et aromatique. Une qualit\u00e9 traditionnelle bavaroise.","breadcrumb":{"@id":"https:\/\/www.tabakversand.ch\/produit\/bernards-postillion-snuff-schnupftabak\/#breadcrumb"},"inLanguage":"fr-FR","potentialAction":[{"@type":"ReadAction","target":["https:\/\/www.tabakversand.ch\/produit\/bernards-postillion-snuff-schnupftabak\/"]}]},{"@type":"ImageObject","inLanguage":"fr-FR","@id":"https:\/\/www.tabakversand.ch\/produit\/bernards-postillion-snuff-schnupftabak\/#primaryimage","url":"https:\/\/www.tabakversand.ch\/wp-content\/uploads\/2026\/01\/bernards-postillion-snuff.jpg","contentUrl":"https:\/\/www.tabakversand.ch\/wp-content\/uploads\/2026\/01\/bernards-postillion-snuff.jpg","width":500,"height":500,"caption":"Le tabac \u00e0 priser Postillion de Bernard | tabakversand.ch"},{"@type":"BreadcrumbList","@id":"https:\/\/www.tabakversand.ch\/produit\/bernards-postillion-snuff-schnupftabak\/#breadcrumb","itemListElement":[{"@type":"ListItem","position":1,"name":"Startseite","item":"https:\/\/www.tabakversand.ch\/"},{"@type":"ListItem","position":2,"name":"Boutique","item":"https:\/\/www.tabakversand.ch\/fr\/boutique\/"},{"@type":"ListItem","position":3,"name":"Le postillon de Bernard"}]},{"@type":"WebSite","@id":"https:\/\/www.tabakversand.ch\/#website","url":"https:\/\/www.tabakversand.ch\/","name":"Tabakversand.ch | Alles aus der Welt des Tabaks","description":"Smoke and carpe diem","potentialAction":[{"@type":"SearchAction","target":{"@type":"EntryPoint","urlTemplate":"https:\/\/www.tabakversand.ch\/?s={search_term_string}"},"query-input":{"@type":"PropertyValueSpecification","valueRequired":true,"valueName":"search_term_string"}}],"inLanguage":"fr-FR"}]}},"_links":{"self":[{"href":"https:\/\/www.tabakversand.ch\/fr\/wp-json\/wp\/v2\/product\/208451","targetHints":{"allow":["GET"]}}],"collection":[{"href":"https:\/\/www.tabakversand.ch\/fr\/wp-json\/wp\/v2\/product"}],"about":[{"href":"https:\/\/www.tabakversand.ch\/fr\/wp-json\/wp\/v2\/types\/product"}],"version-history":[{"count":4,"href":"https:\/\/www.tabakversand.ch\/fr\/wp-json\/wp\/v2\/product\/208451\/revisions"}],"predecessor-version":[{"id":214329,"href":"https:\/\/www.tabakversand.ch\/fr\/wp-json\/wp\/v2\/product\/208451\/revisions\/214329"}],"wp:featuredmedia":[{"embeddable":true,"href":"https:\/\/www.tabakversand.ch\/fr\/wp-json\/wp\/v2\/media\/208459"}],"wp:attachment":[{"href":"https:\/\/www.tabakversand.ch\/fr\/wp-json\/wp\/v2\/media?parent=208451"}],"wp:term":[{"taxonomy":"product_brand","embeddable":true,"href":"https:\/\/www.tabakversand.ch\/fr\/wp-json\/wp\/v2\/product_brand?post=208451"},{"taxonomy":"product_cat","embeddable":true,"href":"https:\/\/www.tabakversand.ch\/fr\/wp-json\/wp\/v2\/product_cat?post=208451"},{"taxonomy":"product_tag","embeddable":true,"href":"https:\/\/www.tabakversand.ch\/fr\/wp-json\/wp\/v2\/product_tag?post=208451"}],"curies":[{"name":"wp","href":"https:\/\/api.w.org\/{rel}","templated":true}]}}