{"id":208771,"date":"2026-01-20T06:34:16","date_gmt":"2026-01-20T05:34:16","guid":{"rendered":"https:\/\/www.tabakversand.ch\/?post_type=product&#038;p=208771"},"modified":"2026-01-22T08:46:32","modified_gmt":"2026-01-22T07:46:32","slug":"filtre-spirale-en-verre-medusa","status":"publish","type":"product","link":"https:\/\/www.tabakversand.ch\/fr\/produit\/filtre-spirale-en-verre-medusa\/","title":{"rendered":"Filtre spiral\u00e9 en verre Medusa"},"content":{"rendered":"<p>Filtre spiral\u00e9 en verre Medusa<\/p>\n<p>Notre filtre en verre torsad\u00e9 r\u00e9volutionne votre exp\u00e9rience de fumeur&nbsp;! Gr\u00e2ce \u00e0 sa forme unique, il offre une fum\u00e9e ultra-douce, pour un pur plaisir \u00e0 chaque bouff\u00e9e. R\u00e9utilisable, il allie style et durabilit\u00e9. Disponible en 8&nbsp;mm, 10&nbsp;mm et 12&nbsp;mm de diam\u00e8tre, il s\u2019adapte \u00e0 tous les go\u00fbts et \u00e0 toutes les situations.   <\/p>\n<p>Tous les prix s&rsquo;appliquent uniquement aux commandes en ligne et incluent la TVA. Sous r\u00e9serve de modifications sans pr\u00e9avis, frais de livraison en sus. Sous r\u00e9serve d&rsquo;erreurs, de modifications de contenu de livraison et de conception, de fautes d&rsquo;impression et de modifications de prix. Les prix barr\u00e9s sont des prix de remplacement. Les illustrations peuvent diff\u00e9rer de l&rsquo;original\/du contenu de livraison.<br \/>\n*Livraison gratuite pour les commandes sup\u00e9rieures \u00e0 CHF 250.-.<\/p>\n","protected":false},"excerpt":{"rendered":"<p>Filtre spiral\u00e9 en verre Medusa Notre filtre en verre torsad\u00e9 r\u00e9volutionne votre exp\u00e9rience de fumeur&nbsp;! Gr\u00e2ce \u00e0 sa forme unique, il offre une fum\u00e9e ultra-douce, pour un pur plaisir \u00e0 chaque bouff\u00e9e. R\u00e9utilisable, il allie style et durabilit\u00e9. Disponible en 8&nbsp;mm, 10&nbsp;mm et 12&nbsp;mm de diam\u00e8tre, il s\u2019adapte \u00e0 tous les go\u00fbts et \u00e0 toutes [&hellip;]<\/p>\n","protected":false},"featured_media":208775,"template":"","meta":[],"product_brand":[5170],"product_cat":[3219,1961,1995,3231,5181,2014],"product_tag":[],"class_list":{"0":"post-208771","1":"product","2":"type-product","3":"status-publish","4":"has-post-thumbnail","6":"product_brand-medusa","7":"product_cat-boutique-de-tete","8":"product_cat-cigarettes-self-made-fr-2","9":"product_cat-divers-headshop","10":"product_cat-filtre","11":"product_cat-filtre-en-verre","12":"product_cat-filtres-a-cigarettes","14":"first","15":"onbackorder","16":"featured","17":"purchasable","18":"product-type-variable"},"yoast_head":"<!-- This site is optimized with the Yoast SEO plugin v27.0 - https:\/\/yoast.com\/product\/yoast-seo-wordpress\/ -->\n<title>Tabakversand.ch | Alles aus der Welt des Tabaks Filtre spiral\u00e9 en verre Medusa<\/title>\n<meta name=\"description\" content=\"Filtres en verre spiral\u00e9s Medusa | Un large choix de produits du tabac, de cigarettes \u00e9lectroniques et d&#039;accessoires pour fumeurs dans toute la Suisse | Cartes accept\u00e9es !\" \/>\n<meta name=\"robots\" content=\"index, follow, max-snippet:-1, max-image-preview:large, max-video-preview:-1\" \/>\n<link rel=\"canonical\" href=\"https:\/\/www.tabakversand.ch\/fr\/produit\/filtre-spirale-en-verre-medusa\/\" \/>\n<meta property=\"og:locale\" content=\"fr_FR\" \/>\n<meta property=\"og:type\" content=\"article\" \/>\n<meta property=\"og:title\" content=\"Tabakversand.ch | Alles aus der Welt des Tabaks Filtre spiral\u00e9 en verre Medusa\" \/>\n<meta property=\"og:description\" content=\"Filtres en verre spiral\u00e9s Medusa | Un large choix de produits du tabac, de cigarettes \u00e9lectroniques et d&#039;accessoires pour fumeurs dans toute la Suisse | Cartes accept\u00e9es !\" \/>\n<meta property=\"og:url\" content=\"https:\/\/www.tabakversand.ch\/fr\/produit\/filtre-spirale-en-verre-medusa\/\" \/>\n<meta property=\"og:site_name\" content=\"Tabakversand.ch | Alles aus der Welt des Tabaks\" \/>\n<meta property=\"article:modified_time\" content=\"2026-01-22T07:46:32+00:00\" \/>\n<meta property=\"og:image\" content=\"https:\/\/www.tabakversand.ch\/wp-content\/uploads\/2026\/01\/medusa-glas-spiral-filter.jpg\" \/>\n\t<meta property=\"og:image:width\" content=\"500\" \/>\n\t<meta property=\"og:image:height\" content=\"500\" \/>\n\t<meta property=\"og:image:type\" content=\"image\/jpeg\" \/>\n<meta name=\"twitter:card\" content=\"summary_large_image\" \/>\n<meta name=\"twitter:label1\" content=\"Dur\u00e9e de lecture estim\u00e9e\" \/>\n\t<meta name=\"twitter:data1\" content=\"1 minute\" \/>\n<script type=\"application\/ld+json\" class=\"yoast-schema-graph\">{\"@context\":\"https:\/\/schema.org\",\"@graph\":[{\"@type\":\"WebPage\",\"@id\":\"https:\/\/www.tabakversand.ch\/fr\/produit\/filtre-spirale-en-verre-medusa\/\",\"url\":\"https:\/\/www.tabakversand.ch\/fr\/produit\/filtre-spirale-en-verre-medusa\/\",\"name\":\"Tabakversand.ch | Alles aus der Welt des Tabaks Filtre spiral\u00e9 en verre Medusa\",\"isPartOf\":{\"@id\":\"https:\/\/www.tabakversand.ch\/#website\"},\"primaryImageOfPage\":{\"@id\":\"https:\/\/www.tabakversand.ch\/fr\/produit\/filtre-spirale-en-verre-medusa\/#primaryimage\"},\"image\":{\"@id\":\"https:\/\/www.tabakversand.ch\/fr\/produit\/filtre-spirale-en-verre-medusa\/#primaryimage\"},\"thumbnailUrl\":\"https:\/\/www.tabakversand.ch\/wp-content\/uploads\/2026\/01\/medusa-glas-spiral-filter.jpg\",\"datePublished\":\"2026-01-20T05:34:16+00:00\",\"dateModified\":\"2026-01-22T07:46:32+00:00\",\"description\":\"Filtres en verre spiral\u00e9s Medusa | Un large choix de produits du tabac, de cigarettes \u00e9lectroniques et d'accessoires pour fumeurs dans toute la Suisse | Cartes accept\u00e9es !\",\"breadcrumb\":{\"@id\":\"https:\/\/www.tabakversand.ch\/fr\/produit\/filtre-spirale-en-verre-medusa\/#breadcrumb\"},\"inLanguage\":\"fr-FR\",\"potentialAction\":[{\"@type\":\"ReadAction\",\"target\":[\"https:\/\/www.tabakversand.ch\/fr\/produit\/filtre-spirale-en-verre-medusa\/\"]}]},{\"@type\":\"ImageObject\",\"inLanguage\":\"fr-FR\",\"@id\":\"https:\/\/www.tabakversand.ch\/fr\/produit\/filtre-spirale-en-verre-medusa\/#primaryimage\",\"url\":\"https:\/\/www.tabakversand.ch\/wp-content\/uploads\/2026\/01\/medusa-glas-spiral-filter.jpg\",\"contentUrl\":\"https:\/\/www.tabakversand.ch\/wp-content\/uploads\/2026\/01\/medusa-glas-spiral-filter.jpg\",\"width\":500,\"height\":500,\"caption\":\"Filtre spiral\u00e9 en verre Medusa | tabakversand.ch\"},{\"@type\":\"BreadcrumbList\",\"@id\":\"https:\/\/www.tabakversand.ch\/fr\/produit\/filtre-spirale-en-verre-medusa\/#breadcrumb\",\"itemListElement\":[{\"@type\":\"ListItem\",\"position\":1,\"name\":\"Startseite\",\"item\":\"https:\/\/www.tabakversand.ch\/\"},{\"@type\":\"ListItem\",\"position\":2,\"name\":\"Boutique\",\"item\":\"https:\/\/www.tabakversand.ch\/fr\/boutique\/\"},{\"@type\":\"ListItem\",\"position\":3,\"name\":\"Filtre spiral\u00e9 en verre Medusa\"}]},{\"@type\":\"WebSite\",\"@id\":\"https:\/\/www.tabakversand.ch\/#website\",\"url\":\"https:\/\/www.tabakversand.ch\/\",\"name\":\"Tabakversand.ch | Alles aus der Welt des Tabaks\",\"description\":\"Smoke and carpe diem\",\"potentialAction\":[{\"@type\":\"SearchAction\",\"target\":{\"@type\":\"EntryPoint\",\"urlTemplate\":\"https:\/\/www.tabakversand.ch\/?s={search_term_string}\"},\"query-input\":{\"@type\":\"PropertyValueSpecification\",\"valueRequired\":true,\"valueName\":\"search_term_string\"}}],\"inLanguage\":\"fr-FR\"}]}<\/script>\n<!-- \/ Yoast SEO plugin. -->","yoast_head_json":{"title":"Tabakversand.ch | Alles aus der Welt des Tabaks Filtre spiral\u00e9 en verre Medusa","description":"Filtres en verre spiral\u00e9s Medusa | Un large choix de produits du tabac, de cigarettes \u00e9lectroniques et d'accessoires pour fumeurs dans toute la Suisse | Cartes accept\u00e9es !","robots":{"index":"index","follow":"follow","max-snippet":"max-snippet:-1","max-image-preview":"max-image-preview:large","max-video-preview":"max-video-preview:-1"},"canonical":"https:\/\/www.tabakversand.ch\/fr\/produit\/filtre-spirale-en-verre-medusa\/","og_locale":"fr_FR","og_type":"article","og_title":"Tabakversand.ch | Alles aus der Welt des Tabaks Filtre spiral\u00e9 en verre Medusa","og_description":"Filtres en verre spiral\u00e9s Medusa | Un large choix de produits du tabac, de cigarettes \u00e9lectroniques et d'accessoires pour fumeurs dans toute la Suisse | Cartes accept\u00e9es !","og_url":"https:\/\/www.tabakversand.ch\/fr\/produit\/filtre-spirale-en-verre-medusa\/","og_site_name":"Tabakversand.ch | Alles aus der Welt des Tabaks","article_modified_time":"2026-01-22T07:46:32+00:00","og_image":[{"width":500,"height":500,"url":"https:\/\/www.tabakversand.ch\/wp-content\/uploads\/2026\/01\/medusa-glas-spiral-filter.jpg","type":"image\/jpeg"}],"twitter_card":"summary_large_image","twitter_misc":{"Dur\u00e9e de lecture estim\u00e9e":"1 minute"},"schema":{"@context":"https:\/\/schema.org","@graph":[{"@type":"WebPage","@id":"https:\/\/www.tabakversand.ch\/fr\/produit\/filtre-spirale-en-verre-medusa\/","url":"https:\/\/www.tabakversand.ch\/fr\/produit\/filtre-spirale-en-verre-medusa\/","name":"Tabakversand.ch | Alles aus der Welt des Tabaks Filtre spiral\u00e9 en verre Medusa","isPartOf":{"@id":"https:\/\/www.tabakversand.ch\/#website"},"primaryImageOfPage":{"@id":"https:\/\/www.tabakversand.ch\/fr\/produit\/filtre-spirale-en-verre-medusa\/#primaryimage"},"image":{"@id":"https:\/\/www.tabakversand.ch\/fr\/produit\/filtre-spirale-en-verre-medusa\/#primaryimage"},"thumbnailUrl":"https:\/\/www.tabakversand.ch\/wp-content\/uploads\/2026\/01\/medusa-glas-spiral-filter.jpg","datePublished":"2026-01-20T05:34:16+00:00","dateModified":"2026-01-22T07:46:32+00:00","description":"Filtres en verre spiral\u00e9s Medusa | Un large choix de produits du tabac, de cigarettes \u00e9lectroniques et d'accessoires pour fumeurs dans toute la Suisse | Cartes accept\u00e9es !","breadcrumb":{"@id":"https:\/\/www.tabakversand.ch\/fr\/produit\/filtre-spirale-en-verre-medusa\/#breadcrumb"},"inLanguage":"fr-FR","potentialAction":[{"@type":"ReadAction","target":["https:\/\/www.tabakversand.ch\/fr\/produit\/filtre-spirale-en-verre-medusa\/"]}]},{"@type":"ImageObject","inLanguage":"fr-FR","@id":"https:\/\/www.tabakversand.ch\/fr\/produit\/filtre-spirale-en-verre-medusa\/#primaryimage","url":"https:\/\/www.tabakversand.ch\/wp-content\/uploads\/2026\/01\/medusa-glas-spiral-filter.jpg","contentUrl":"https:\/\/www.tabakversand.ch\/wp-content\/uploads\/2026\/01\/medusa-glas-spiral-filter.jpg","width":500,"height":500,"caption":"Filtre spiral\u00e9 en verre Medusa | tabakversand.ch"},{"@type":"BreadcrumbList","@id":"https:\/\/www.tabakversand.ch\/fr\/produit\/filtre-spirale-en-verre-medusa\/#breadcrumb","itemListElement":[{"@type":"ListItem","position":1,"name":"Startseite","item":"https:\/\/www.tabakversand.ch\/"},{"@type":"ListItem","position":2,"name":"Boutique","item":"https:\/\/www.tabakversand.ch\/fr\/boutique\/"},{"@type":"ListItem","position":3,"name":"Filtre spiral\u00e9 en verre Medusa"}]},{"@type":"WebSite","@id":"https:\/\/www.tabakversand.ch\/#website","url":"https:\/\/www.tabakversand.ch\/","name":"Tabakversand.ch | Alles aus der Welt des Tabaks","description":"Smoke and carpe diem","potentialAction":[{"@type":"SearchAction","target":{"@type":"EntryPoint","urlTemplate":"https:\/\/www.tabakversand.ch\/?s={search_term_string}"},"query-input":{"@type":"PropertyValueSpecification","valueRequired":true,"valueName":"search_term_string"}}],"inLanguage":"fr-FR"}]}},"_links":{"self":[{"href":"https:\/\/www.tabakversand.ch\/fr\/wp-json\/wp\/v2\/product\/208771","targetHints":{"allow":["GET"]}}],"collection":[{"href":"https:\/\/www.tabakversand.ch\/fr\/wp-json\/wp\/v2\/product"}],"about":[{"href":"https:\/\/www.tabakversand.ch\/fr\/wp-json\/wp\/v2\/types\/product"}],"version-history":[{"count":3,"href":"https:\/\/www.tabakversand.ch\/fr\/wp-json\/wp\/v2\/product\/208771\/revisions"}],"predecessor-version":[{"id":209447,"href":"https:\/\/www.tabakversand.ch\/fr\/wp-json\/wp\/v2\/product\/208771\/revisions\/209447"}],"wp:featuredmedia":[{"embeddable":true,"href":"https:\/\/www.tabakversand.ch\/fr\/wp-json\/wp\/v2\/media\/208775"}],"wp:attachment":[{"href":"https:\/\/www.tabakversand.ch\/fr\/wp-json\/wp\/v2\/media?parent=208771"}],"wp:term":[{"taxonomy":"product_brand","embeddable":true,"href":"https:\/\/www.tabakversand.ch\/fr\/wp-json\/wp\/v2\/product_brand?post=208771"},{"taxonomy":"product_cat","embeddable":true,"href":"https:\/\/www.tabakversand.ch\/fr\/wp-json\/wp\/v2\/product_cat?post=208771"},{"taxonomy":"product_tag","embeddable":true,"href":"https:\/\/www.tabakversand.ch\/fr\/wp-json\/wp\/v2\/product_tag?post=208771"}],"curies":[{"name":"wp","href":"https:\/\/api.w.org\/{rel}","templated":true}]}}