{"id":208813,"date":"2026-01-20T07:30:04","date_gmt":"2026-01-20T06:30:04","guid":{"rendered":"https:\/\/www.tabakversand.ch\/?post_type=product&#038;p=208813"},"modified":"2026-01-22T07:32:48","modified_gmt":"2026-01-22T06:32:48","slug":"filtre-en-verre-spirale-purize-9-mm-7-trous","status":"publish","type":"product","link":"https:\/\/www.tabakversand.ch\/fr\/produit\/filtre-en-verre-spirale-purize-9-mm-7-trous\/","title":{"rendered":"Filtre en verre spiral\u00e9 Purize 9 mm 7 trous"},"content":{"rendered":"<p>Filtre en verre spiral\u00e9 Purize 9 mm 7 trous<\/p>\n<p>Profitez d&rsquo;une exp\u00e9rience de fumage douce jusqu&rsquo;\u00e0 la derni\u00e8re bouff\u00e9e gr\u00e2ce \u00e0 notre embout en spirale !<br \/>\nDot\u00e9 de six trous incurv\u00e9s et d&rsquo;un trou central traversant, l&#8217;embout spiral\u00e9 offre une fum\u00e9e plus fra\u00eeche et exceptionnellement douce. Sa conception innovante assure une circulation d&rsquo;air optimale et procure une agr\u00e9able sensation de fra\u00eecheur \u00e0 la fum\u00e9e \u00e0 travers le verre. <\/p>\n<p>Veuillez noter que le filtre spiral\u00e9 PURIZE\u00ae est con\u00e7u pour \u00eatre utilis\u00e9 seul. Il ne peut pas \u00eatre utilis\u00e9 en combinaison avec nos autres filtres. <\/p>\n<p>Avis :<\/p>\n<p>Nos filtres en verre spiral\u00e9s sont fabriqu\u00e9s artisanalement avec soin. Ce proc\u00e9d\u00e9 artisanal peut entra\u00eener de l\u00e9g\u00e8res variations dans la taille des trous. Toutefois, ces variations minimes n&rsquo;alt\u00e8rent en rien la qualit\u00e9 et le fonctionnement du produit. Chaque filtre est unique, confectionn\u00e9 avec le plus grand soin et une grande pr\u00e9cision.   <\/p>\n<p>Tous les prix s&rsquo;appliquent uniquement aux commandes en ligne et incluent la TVA. Sous r\u00e9serve de modifications sans pr\u00e9avis, frais de livraison en sus. Sous r\u00e9serve d&rsquo;erreurs, de modifications de contenu de livraison et de conception, de fautes d&rsquo;impression et de modifications de prix. Les prix barr\u00e9s sont des prix de remplacement. Les illustrations peuvent diff\u00e9rer de l&rsquo;original\/du contenu de livraison.<br \/>\n*Livraison gratuite pour les commandes sup\u00e9rieures \u00e0 CHF 250.-.<\/p>\n","protected":false},"excerpt":{"rendered":"<p>Filtre en verre spiral\u00e9 Purize 9 mm 7 trous Profitez d&rsquo;une exp\u00e9rience de fumage douce jusqu&rsquo;\u00e0 la derni\u00e8re bouff\u00e9e gr\u00e2ce \u00e0 notre embout en spirale ! Dot\u00e9 de six trous incurv\u00e9s et d&rsquo;un trou central traversant, l&#8217;embout spiral\u00e9 offre une fum\u00e9e plus fra\u00eeche et exceptionnellement douce. Sa conception innovante assure une circulation d&rsquo;air optimale et [&hellip;]<\/p>\n","protected":false},"featured_media":208817,"template":"","meta":[],"product_brand":[5171],"product_cat":[1961,1995,3231,5181,2014],"product_tag":[],"class_list":{"0":"post-208813","1":"product","2":"type-product","3":"status-publish","4":"has-post-thumbnail","6":"product_brand-purize","7":"product_cat-cigarettes-self-made-fr-2","8":"product_cat-divers-headshop","9":"product_cat-filtre","10":"product_cat-filtre-en-verre","11":"product_cat-filtres-a-cigarettes","13":"first","14":"onbackorder","15":"purchasable","16":"product-type-simple"},"yoast_head":"<!-- This site is optimized with the Yoast SEO plugin v27.0 - https:\/\/yoast.com\/product\/yoast-seo-wordpress\/ -->\n<title>Filtre en verre spiral\u00e9 Purize 9 mm 7 trous - Tabakversand.ch | Alles aus der Welt des Tabaks<\/title>\n<meta name=\"description\" content=\"Filtres en verre spiral\u00e9s Purize 9 mm 7 trous | Un tr\u00e8s grand choix de produits du tabac, de cigarettes \u00e9lectroniques et d&#039;accessoires pour fumeurs dans toute la Suisse | Cartes accept\u00e9es !\" \/>\n<meta name=\"robots\" content=\"index, follow, max-snippet:-1, max-image-preview:large, max-video-preview:-1\" \/>\n<link rel=\"canonical\" href=\"https:\/\/www.tabakversand.ch\/fr\/produit\/filtre-en-verre-spirale-purize-9-mm-7-trous\/\" \/>\n<meta property=\"og:locale\" content=\"fr_FR\" \/>\n<meta property=\"og:type\" content=\"article\" \/>\n<meta property=\"og:title\" content=\"Filtre en verre spiral\u00e9 Purize 9 mm 7 trous - Tabakversand.ch | Alles aus der Welt des Tabaks\" \/>\n<meta property=\"og:description\" content=\"Filtres en verre spiral\u00e9s Purize 9 mm 7 trous | Un tr\u00e8s grand choix de produits du tabac, de cigarettes \u00e9lectroniques et d&#039;accessoires pour fumeurs dans toute la Suisse | Cartes accept\u00e9es !\" \/>\n<meta property=\"og:url\" content=\"https:\/\/www.tabakversand.ch\/fr\/produit\/filtre-en-verre-spirale-purize-9-mm-7-trous\/\" \/>\n<meta property=\"og:site_name\" content=\"Tabakversand.ch | Alles aus der Welt des Tabaks\" \/>\n<meta property=\"article:modified_time\" content=\"2026-01-22T06:32:48+00:00\" \/>\n<meta property=\"og:image\" content=\"https:\/\/www.tabakversand.ch\/wp-content\/uploads\/2026\/01\/purize-spiral-glass-tips-9mm.jpg\" \/>\n\t<meta property=\"og:image:width\" content=\"500\" \/>\n\t<meta property=\"og:image:height\" content=\"500\" \/>\n\t<meta property=\"og:image:type\" content=\"image\/jpeg\" \/>\n<meta name=\"twitter:card\" content=\"summary_large_image\" \/>\n<meta name=\"twitter:label1\" content=\"Dur\u00e9e de lecture estim\u00e9e\" \/>\n\t<meta name=\"twitter:data1\" content=\"2 minutes\" \/>\n<script type=\"application\/ld+json\" class=\"yoast-schema-graph\">{\"@context\":\"https:\/\/schema.org\",\"@graph\":[{\"@type\":\"WebPage\",\"@id\":\"https:\/\/www.tabakversand.ch\/fr\/produit\/filtre-en-verre-spirale-purize-9-mm-7-trous\/\",\"url\":\"https:\/\/www.tabakversand.ch\/fr\/produit\/filtre-en-verre-spirale-purize-9-mm-7-trous\/\",\"name\":\"Filtre en verre spiral\u00e9 Purize 9 mm 7 trous - Tabakversand.ch | Alles aus der Welt des Tabaks\",\"isPartOf\":{\"@id\":\"https:\/\/www.tabakversand.ch\/#website\"},\"primaryImageOfPage\":{\"@id\":\"https:\/\/www.tabakversand.ch\/fr\/produit\/filtre-en-verre-spirale-purize-9-mm-7-trous\/#primaryimage\"},\"image\":{\"@id\":\"https:\/\/www.tabakversand.ch\/fr\/produit\/filtre-en-verre-spirale-purize-9-mm-7-trous\/#primaryimage\"},\"thumbnailUrl\":\"https:\/\/www.tabakversand.ch\/wp-content\/uploads\/2026\/01\/purize-spiral-glass-tips-9mm.jpg\",\"datePublished\":\"2026-01-20T06:30:04+00:00\",\"dateModified\":\"2026-01-22T06:32:48+00:00\",\"description\":\"Filtres en verre spiral\u00e9s Purize 9 mm 7 trous | Un tr\u00e8s grand choix de produits du tabac, de cigarettes \u00e9lectroniques et d'accessoires pour fumeurs dans toute la Suisse | Cartes accept\u00e9es !\",\"breadcrumb\":{\"@id\":\"https:\/\/www.tabakversand.ch\/fr\/produit\/filtre-en-verre-spirale-purize-9-mm-7-trous\/#breadcrumb\"},\"inLanguage\":\"fr-FR\",\"potentialAction\":[{\"@type\":\"ReadAction\",\"target\":[\"https:\/\/www.tabakversand.ch\/fr\/produit\/filtre-en-verre-spirale-purize-9-mm-7-trous\/\"]}]},{\"@type\":\"ImageObject\",\"inLanguage\":\"fr-FR\",\"@id\":\"https:\/\/www.tabakversand.ch\/fr\/produit\/filtre-en-verre-spirale-purize-9-mm-7-trous\/#primaryimage\",\"url\":\"https:\/\/www.tabakversand.ch\/wp-content\/uploads\/2026\/01\/purize-spiral-glass-tips-9mm.jpg\",\"contentUrl\":\"https:\/\/www.tabakversand.ch\/wp-content\/uploads\/2026\/01\/purize-spiral-glass-tips-9mm.jpg\",\"width\":500,\"height\":500,\"caption\":\"Filtre en verre spiral\u00e9 Purize 9 mm 7 trous | tabakversand.ch\"},{\"@type\":\"BreadcrumbList\",\"@id\":\"https:\/\/www.tabakversand.ch\/fr\/produit\/filtre-en-verre-spirale-purize-9-mm-7-trous\/#breadcrumb\",\"itemListElement\":[{\"@type\":\"ListItem\",\"position\":1,\"name\":\"Startseite\",\"item\":\"https:\/\/www.tabakversand.ch\/\"},{\"@type\":\"ListItem\",\"position\":2,\"name\":\"Boutique\",\"item\":\"https:\/\/www.tabakversand.ch\/fr\/boutique\/\"},{\"@type\":\"ListItem\",\"position\":3,\"name\":\"Filtre en verre spiral\u00e9 Purize 9 mm 7 trous\"}]},{\"@type\":\"WebSite\",\"@id\":\"https:\/\/www.tabakversand.ch\/#website\",\"url\":\"https:\/\/www.tabakversand.ch\/\",\"name\":\"Tabakversand.ch | Alles aus der Welt des Tabaks\",\"description\":\"Smoke and carpe diem\",\"potentialAction\":[{\"@type\":\"SearchAction\",\"target\":{\"@type\":\"EntryPoint\",\"urlTemplate\":\"https:\/\/www.tabakversand.ch\/?s={search_term_string}\"},\"query-input\":{\"@type\":\"PropertyValueSpecification\",\"valueRequired\":true,\"valueName\":\"search_term_string\"}}],\"inLanguage\":\"fr-FR\"}]}<\/script>\n<!-- \/ Yoast SEO plugin. -->","yoast_head_json":{"title":"Filtre en verre spiral\u00e9 Purize 9 mm 7 trous - Tabakversand.ch | Alles aus der Welt des Tabaks","description":"Filtres en verre spiral\u00e9s Purize 9 mm 7 trous | Un tr\u00e8s grand choix de produits du tabac, de cigarettes \u00e9lectroniques et d'accessoires pour fumeurs dans toute la Suisse | Cartes accept\u00e9es !","robots":{"index":"index","follow":"follow","max-snippet":"max-snippet:-1","max-image-preview":"max-image-preview:large","max-video-preview":"max-video-preview:-1"},"canonical":"https:\/\/www.tabakversand.ch\/fr\/produit\/filtre-en-verre-spirale-purize-9-mm-7-trous\/","og_locale":"fr_FR","og_type":"article","og_title":"Filtre en verre spiral\u00e9 Purize 9 mm 7 trous - Tabakversand.ch | Alles aus der Welt des Tabaks","og_description":"Filtres en verre spiral\u00e9s Purize 9 mm 7 trous | Un tr\u00e8s grand choix de produits du tabac, de cigarettes \u00e9lectroniques et d'accessoires pour fumeurs dans toute la Suisse | Cartes accept\u00e9es !","og_url":"https:\/\/www.tabakversand.ch\/fr\/produit\/filtre-en-verre-spirale-purize-9-mm-7-trous\/","og_site_name":"Tabakversand.ch | Alles aus der Welt des Tabaks","article_modified_time":"2026-01-22T06:32:48+00:00","og_image":[{"width":500,"height":500,"url":"https:\/\/www.tabakversand.ch\/wp-content\/uploads\/2026\/01\/purize-spiral-glass-tips-9mm.jpg","type":"image\/jpeg"}],"twitter_card":"summary_large_image","twitter_misc":{"Dur\u00e9e de lecture estim\u00e9e":"2 minutes"},"schema":{"@context":"https:\/\/schema.org","@graph":[{"@type":"WebPage","@id":"https:\/\/www.tabakversand.ch\/fr\/produit\/filtre-en-verre-spirale-purize-9-mm-7-trous\/","url":"https:\/\/www.tabakversand.ch\/fr\/produit\/filtre-en-verre-spirale-purize-9-mm-7-trous\/","name":"Filtre en verre spiral\u00e9 Purize 9 mm 7 trous - Tabakversand.ch | Alles aus der Welt des Tabaks","isPartOf":{"@id":"https:\/\/www.tabakversand.ch\/#website"},"primaryImageOfPage":{"@id":"https:\/\/www.tabakversand.ch\/fr\/produit\/filtre-en-verre-spirale-purize-9-mm-7-trous\/#primaryimage"},"image":{"@id":"https:\/\/www.tabakversand.ch\/fr\/produit\/filtre-en-verre-spirale-purize-9-mm-7-trous\/#primaryimage"},"thumbnailUrl":"https:\/\/www.tabakversand.ch\/wp-content\/uploads\/2026\/01\/purize-spiral-glass-tips-9mm.jpg","datePublished":"2026-01-20T06:30:04+00:00","dateModified":"2026-01-22T06:32:48+00:00","description":"Filtres en verre spiral\u00e9s Purize 9 mm 7 trous | Un tr\u00e8s grand choix de produits du tabac, de cigarettes \u00e9lectroniques et d'accessoires pour fumeurs dans toute la Suisse | Cartes accept\u00e9es !","breadcrumb":{"@id":"https:\/\/www.tabakversand.ch\/fr\/produit\/filtre-en-verre-spirale-purize-9-mm-7-trous\/#breadcrumb"},"inLanguage":"fr-FR","potentialAction":[{"@type":"ReadAction","target":["https:\/\/www.tabakversand.ch\/fr\/produit\/filtre-en-verre-spirale-purize-9-mm-7-trous\/"]}]},{"@type":"ImageObject","inLanguage":"fr-FR","@id":"https:\/\/www.tabakversand.ch\/fr\/produit\/filtre-en-verre-spirale-purize-9-mm-7-trous\/#primaryimage","url":"https:\/\/www.tabakversand.ch\/wp-content\/uploads\/2026\/01\/purize-spiral-glass-tips-9mm.jpg","contentUrl":"https:\/\/www.tabakversand.ch\/wp-content\/uploads\/2026\/01\/purize-spiral-glass-tips-9mm.jpg","width":500,"height":500,"caption":"Filtre en verre spiral\u00e9 Purize 9 mm 7 trous | tabakversand.ch"},{"@type":"BreadcrumbList","@id":"https:\/\/www.tabakversand.ch\/fr\/produit\/filtre-en-verre-spirale-purize-9-mm-7-trous\/#breadcrumb","itemListElement":[{"@type":"ListItem","position":1,"name":"Startseite","item":"https:\/\/www.tabakversand.ch\/"},{"@type":"ListItem","position":2,"name":"Boutique","item":"https:\/\/www.tabakversand.ch\/fr\/boutique\/"},{"@type":"ListItem","position":3,"name":"Filtre en verre spiral\u00e9 Purize 9 mm 7 trous"}]},{"@type":"WebSite","@id":"https:\/\/www.tabakversand.ch\/#website","url":"https:\/\/www.tabakversand.ch\/","name":"Tabakversand.ch | Alles aus der Welt des Tabaks","description":"Smoke and carpe diem","potentialAction":[{"@type":"SearchAction","target":{"@type":"EntryPoint","urlTemplate":"https:\/\/www.tabakversand.ch\/?s={search_term_string}"},"query-input":{"@type":"PropertyValueSpecification","valueRequired":true,"valueName":"search_term_string"}}],"inLanguage":"fr-FR"}]}},"_links":{"self":[{"href":"https:\/\/www.tabakversand.ch\/fr\/wp-json\/wp\/v2\/product\/208813","targetHints":{"allow":["GET"]}}],"collection":[{"href":"https:\/\/www.tabakversand.ch\/fr\/wp-json\/wp\/v2\/product"}],"about":[{"href":"https:\/\/www.tabakversand.ch\/fr\/wp-json\/wp\/v2\/types\/product"}],"version-history":[{"count":4,"href":"https:\/\/www.tabakversand.ch\/fr\/wp-json\/wp\/v2\/product\/208813\/revisions"}],"predecessor-version":[{"id":209445,"href":"https:\/\/www.tabakversand.ch\/fr\/wp-json\/wp\/v2\/product\/208813\/revisions\/209445"}],"wp:featuredmedia":[{"embeddable":true,"href":"https:\/\/www.tabakversand.ch\/fr\/wp-json\/wp\/v2\/media\/208817"}],"wp:attachment":[{"href":"https:\/\/www.tabakversand.ch\/fr\/wp-json\/wp\/v2\/media?parent=208813"}],"wp:term":[{"taxonomy":"product_brand","embeddable":true,"href":"https:\/\/www.tabakversand.ch\/fr\/wp-json\/wp\/v2\/product_brand?post=208813"},{"taxonomy":"product_cat","embeddable":true,"href":"https:\/\/www.tabakversand.ch\/fr\/wp-json\/wp\/v2\/product_cat?post=208813"},{"taxonomy":"product_tag","embeddable":true,"href":"https:\/\/www.tabakversand.ch\/fr\/wp-json\/wp\/v2\/product_tag?post=208813"}],"curies":[{"name":"wp","href":"https:\/\/api.w.org\/{rel}","templated":true}]}}