{"id":209424,"date":"2026-01-21T15:38:47","date_gmt":"2026-01-21T14:38:47","guid":{"rendered":"https:\/\/www.tabakversand.ch\/?post_type=product&#038;p=209424"},"modified":"2026-04-05T15:41:56","modified_gmt":"2026-04-05T13:41:56","slug":"heimat-hell-1-x-250-gr-tabac-a-cigarettes","status":"publish","type":"product","link":"https:\/\/www.tabakversand.ch\/fr\/produit\/heimat-hell-1-x-250-gr-tabac-a-cigarettes\/","title":{"rendered":"Heimat enfer 1 x 250 gr. Tabac \u00e0 cigarettes"},"content":{"rendered":"<p>Heimat Hell 1 x 250 gr. Tabac \u00e0 cigarettes<\/p>\n<p>L&rsquo;assemblage : le tabac Virginia suisse est \u00e0 l&rsquo;honneur \u2013 une robe jaune dor\u00e9e, une douceur subtile et une d\u00e9licate note de miel. \u00c0 ses c\u00f4t\u00e9s, une touche de Burley \u2013 non pas pour l&rsquo;exacerber, mais pour servir de base. Un assemblage qui privil\u00e9gie l&rsquo;\u00e9quilibre \u00e0 la performance. Cette recette n&rsquo;est pas nouvelle ; elle a fait ses preuves. Car ce qui est bon n&rsquo;a pas besoin d&rsquo;\u00eatre am\u00e9lior\u00e9, seulement pr\u00e9serv\u00e9.    <\/p>\n<p>Le tabac provient exclusivement de plantations suisses. La fermentation a lieu \u00e0 Payerne \u2013 lentement, avec a\u00e9ration et contr\u00f4le manuel. La transformation ult\u00e9rieure est enti\u00e8rement r\u00e9alis\u00e9e \u00e0 la manufacture situ\u00e9e au bord du lac de Constance. Pas de production industrielle, pas de cha\u00eenes de montage. Ici, chacun prend ses responsabilit\u00e9s \u2013 non seulement pour la qualit\u00e9, mais aussi pour ce qu&rsquo;elle repr\u00e9sente&nbsp;: la confiance.    <\/p>\n<p>Tous les prix s&rsquo;appliquent uniquement aux commandes en ligne et incluent la TVA. Sous r\u00e9serve de modifications sans pr\u00e9avis, frais de livraison en sus. Sous r\u00e9serve d&rsquo;erreurs, de modifications de contenu de livraison et de conception, de fautes d&rsquo;impression et de modifications de prix. Les prix barr\u00e9s sont des prix de remplacement. Les illustrations peuvent diff\u00e9rer de l&rsquo;original\/du contenu de livraison.<br \/>\n*Livraison gratuite pour les commandes sup\u00e9rieures \u00e0 CHF 250.-.<\/p>\n","protected":false},"excerpt":{"rendered":"<p>Heimat Hell 1 x 250 gr. Tabac \u00e0 cigarettes L&rsquo;assemblage : le tabac Virginia suisse est \u00e0 l&rsquo;honneur \u2013 une robe jaune dor\u00e9e, une douceur subtile et une d\u00e9licate note de miel. \u00c0 ses c\u00f4t\u00e9s, une touche de Burley \u2013 non pas pour l&rsquo;exacerber, mais pour servir de base. Un assemblage qui privil\u00e9gie l&rsquo;\u00e9quilibre \u00e0 [&hellip;]<\/p>\n","protected":false},"featured_media":209428,"template":"","meta":[],"product_brand":[5246],"product_cat":[1961,1888,1963,1964],"product_tag":[],"class_list":{"0":"post-209424","1":"product","2":"type-product","3":"status-publish","4":"has-post-thumbnail","6":"product_brand-heimat-feinschnitt","7":"product_cat-cigarettes-self-made-fr-2","8":"product_cat-tabac","9":"product_cat-tabac-a-cigarettes","10":"product_cat-tabac-a-cigarettes-fr","12":"first","13":"onbackorder","14":"purchasable","15":"product-type-simple"},"yoast_head":"<!-- This site is optimized with the Yoast SEO plugin v27.5 - https:\/\/yoast.com\/product\/yoast-seo-wordpress\/ -->\n<title>Heimat enfer 1 x 250 gr. Tabac \u00e0 cigarettes - Tabakversand.ch | Alles aus der Welt des Tabaks<\/title>\n<meta name=\"description\" content=\"Heimat Hell 1 x 250g de tabac \u00e0 cigarettes | Un large choix de produits du tabac de qualit\u00e9 sup\u00e9rieure, de cigarettes \u00e9lectroniques et d&#039;accessoires pour fumeurs dans toute la Suisse | Cartes accept\u00e9es !\" \/>\n<meta name=\"robots\" content=\"index, follow, max-snippet:-1, max-image-preview:large, max-video-preview:-1\" \/>\n<link rel=\"canonical\" href=\"https:\/\/www.tabakversand.ch\/produit\/heimat-hell-1-x-250-gr-zigarettentabak\/\" \/>\n<meta property=\"og:locale\" content=\"fr_FR\" \/>\n<meta property=\"og:type\" content=\"article\" \/>\n<meta property=\"og:title\" content=\"Heimat enfer 1 x 250 gr. Tabac \u00e0 cigarettes - Tabakversand.ch | Alles aus der Welt des Tabaks\" \/>\n<meta property=\"og:description\" content=\"Heimat Hell 1 x 250g de tabac \u00e0 cigarettes | Un large choix de produits du tabac de qualit\u00e9 sup\u00e9rieure, de cigarettes \u00e9lectroniques et d&#039;accessoires pour fumeurs dans toute la Suisse | Cartes accept\u00e9es !\" \/>\n<meta property=\"og:url\" content=\"https:\/\/www.tabakversand.ch\/produit\/heimat-hell-1-x-250-gr-zigarettentabak\/\" \/>\n<meta property=\"og:site_name\" content=\"Tabakversand.ch | Alles aus der Welt des Tabaks\" \/>\n<meta property=\"article:modified_time\" content=\"2026-04-05T13:41:56+00:00\" \/>\n<meta property=\"og:image\" content=\"https:\/\/www.tabakversand.ch\/wp-content\/uploads\/2026\/01\/heimat-hell-250.jpg\" \/>\n\t<meta property=\"og:image:width\" content=\"500\" \/>\n\t<meta property=\"og:image:height\" content=\"500\" \/>\n\t<meta property=\"og:image:type\" content=\"image\/jpeg\" \/>\n<meta name=\"twitter:card\" content=\"summary_large_image\" \/>\n<meta name=\"twitter:label1\" content=\"Dur\u00e9e de lecture estim\u00e9e\" \/>\n\t<meta name=\"twitter:data1\" content=\"2 minutes\" \/>\n<script type=\"application\/ld+json\" class=\"yoast-schema-graph\">{\"@context\":\"https:\\\/\\\/schema.org\",\"@graph\":[{\"@type\":\"WebPage\",\"@id\":\"https:\\\/\\\/www.tabakversand.ch\\\/produit\\\/heimat-hell-1-x-250-gr-zigarettentabak\\\/\",\"url\":\"https:\\\/\\\/www.tabakversand.ch\\\/produit\\\/heimat-hell-1-x-250-gr-zigarettentabak\\\/\",\"name\":\"Heimat enfer 1 x 250 gr. Tabac \u00e0 cigarettes - Tabakversand.ch | Alles aus der Welt des Tabaks\",\"isPartOf\":{\"@id\":\"https:\\\/\\\/www.tabakversand.ch\\\/#website\"},\"primaryImageOfPage\":{\"@id\":\"https:\\\/\\\/www.tabakversand.ch\\\/produit\\\/heimat-hell-1-x-250-gr-zigarettentabak\\\/#primaryimage\"},\"image\":{\"@id\":\"https:\\\/\\\/www.tabakversand.ch\\\/produit\\\/heimat-hell-1-x-250-gr-zigarettentabak\\\/#primaryimage\"},\"thumbnailUrl\":\"https:\\\/\\\/www.tabakversand.ch\\\/wp-content\\\/uploads\\\/2026\\\/01\\\/heimat-hell-250.jpg\",\"datePublished\":\"2026-01-21T14:38:47+00:00\",\"dateModified\":\"2026-04-05T13:41:56+00:00\",\"description\":\"Heimat Hell 1 x 250g de tabac \u00e0 cigarettes | Un large choix de produits du tabac de qualit\u00e9 sup\u00e9rieure, de cigarettes \u00e9lectroniques et d'accessoires pour fumeurs dans toute la Suisse | Cartes accept\u00e9es !\",\"breadcrumb\":{\"@id\":\"https:\\\/\\\/www.tabakversand.ch\\\/produit\\\/heimat-hell-1-x-250-gr-zigarettentabak\\\/#breadcrumb\"},\"inLanguage\":\"fr-FR\",\"potentialAction\":[{\"@type\":\"ReadAction\",\"target\":[\"https:\\\/\\\/www.tabakversand.ch\\\/produit\\\/heimat-hell-1-x-250-gr-zigarettentabak\\\/\"]}]},{\"@type\":\"ImageObject\",\"inLanguage\":\"fr-FR\",\"@id\":\"https:\\\/\\\/www.tabakversand.ch\\\/produit\\\/heimat-hell-1-x-250-gr-zigarettentabak\\\/#primaryimage\",\"url\":\"https:\\\/\\\/www.tabakversand.ch\\\/wp-content\\\/uploads\\\/2026\\\/01\\\/heimat-hell-250.jpg\",\"contentUrl\":\"https:\\\/\\\/www.tabakversand.ch\\\/wp-content\\\/uploads\\\/2026\\\/01\\\/heimat-hell-250.jpg\",\"width\":500,\"height\":500,\"caption\":\"Heimat Hell 1 x 250 gr. Tabac \u00e0 cigarettes | tabakversand.ch\"},{\"@type\":\"BreadcrumbList\",\"@id\":\"https:\\\/\\\/www.tabakversand.ch\\\/produit\\\/heimat-hell-1-x-250-gr-zigarettentabak\\\/#breadcrumb\",\"itemListElement\":[{\"@type\":\"ListItem\",\"position\":1,\"name\":\"Startseite\",\"item\":\"https:\\\/\\\/www.tabakversand.ch\\\/\"},{\"@type\":\"ListItem\",\"position\":2,\"name\":\"Boutique\",\"item\":\"https:\\\/\\\/www.tabakversand.ch\\\/fr\\\/boutique\\\/\"},{\"@type\":\"ListItem\",\"position\":3,\"name\":\"Heimat enfer 1 x 250 gr. Tabac \u00e0 cigarettes\"}]},{\"@type\":\"WebSite\",\"@id\":\"https:\\\/\\\/www.tabakversand.ch\\\/#website\",\"url\":\"https:\\\/\\\/www.tabakversand.ch\\\/\",\"name\":\"Tabakversand.ch | Alles aus der Welt des Tabaks\",\"description\":\"Smoke and carpe diem\",\"potentialAction\":[{\"@type\":\"SearchAction\",\"target\":{\"@type\":\"EntryPoint\",\"urlTemplate\":\"https:\\\/\\\/www.tabakversand.ch\\\/?s={search_term_string}\"},\"query-input\":{\"@type\":\"PropertyValueSpecification\",\"valueRequired\":true,\"valueName\":\"search_term_string\"}}],\"inLanguage\":\"fr-FR\"}]}<\/script>\n<!-- \/ Yoast SEO plugin. -->","yoast_head_json":{"title":"Heimat enfer 1 x 250 gr. Tabac \u00e0 cigarettes - Tabakversand.ch | Alles aus der Welt des Tabaks","description":"Heimat Hell 1 x 250g de tabac \u00e0 cigarettes | Un large choix de produits du tabac de qualit\u00e9 sup\u00e9rieure, de cigarettes \u00e9lectroniques et d'accessoires pour fumeurs dans toute la Suisse | Cartes accept\u00e9es !","robots":{"index":"index","follow":"follow","max-snippet":"max-snippet:-1","max-image-preview":"max-image-preview:large","max-video-preview":"max-video-preview:-1"},"canonical":"https:\/\/www.tabakversand.ch\/produit\/heimat-hell-1-x-250-gr-zigarettentabak\/","og_locale":"fr_FR","og_type":"article","og_title":"Heimat enfer 1 x 250 gr. Tabac \u00e0 cigarettes - Tabakversand.ch | Alles aus der Welt des Tabaks","og_description":"Heimat Hell 1 x 250g de tabac \u00e0 cigarettes | Un large choix de produits du tabac de qualit\u00e9 sup\u00e9rieure, de cigarettes \u00e9lectroniques et d'accessoires pour fumeurs dans toute la Suisse | Cartes accept\u00e9es !","og_url":"https:\/\/www.tabakversand.ch\/produit\/heimat-hell-1-x-250-gr-zigarettentabak\/","og_site_name":"Tabakversand.ch | Alles aus der Welt des Tabaks","article_modified_time":"2026-04-05T13:41:56+00:00","og_image":[{"width":500,"height":500,"url":"https:\/\/www.tabakversand.ch\/wp-content\/uploads\/2026\/01\/heimat-hell-250.jpg","type":"image\/jpeg"}],"twitter_card":"summary_large_image","twitter_misc":{"Dur\u00e9e de lecture estim\u00e9e":"2 minutes"},"schema":{"@context":"https:\/\/schema.org","@graph":[{"@type":"WebPage","@id":"https:\/\/www.tabakversand.ch\/produit\/heimat-hell-1-x-250-gr-zigarettentabak\/","url":"https:\/\/www.tabakversand.ch\/produit\/heimat-hell-1-x-250-gr-zigarettentabak\/","name":"Heimat enfer 1 x 250 gr. Tabac \u00e0 cigarettes - Tabakversand.ch | Alles aus der Welt des Tabaks","isPartOf":{"@id":"https:\/\/www.tabakversand.ch\/#website"},"primaryImageOfPage":{"@id":"https:\/\/www.tabakversand.ch\/produit\/heimat-hell-1-x-250-gr-zigarettentabak\/#primaryimage"},"image":{"@id":"https:\/\/www.tabakversand.ch\/produit\/heimat-hell-1-x-250-gr-zigarettentabak\/#primaryimage"},"thumbnailUrl":"https:\/\/www.tabakversand.ch\/wp-content\/uploads\/2026\/01\/heimat-hell-250.jpg","datePublished":"2026-01-21T14:38:47+00:00","dateModified":"2026-04-05T13:41:56+00:00","description":"Heimat Hell 1 x 250g de tabac \u00e0 cigarettes | Un large choix de produits du tabac de qualit\u00e9 sup\u00e9rieure, de cigarettes \u00e9lectroniques et d'accessoires pour fumeurs dans toute la Suisse | Cartes accept\u00e9es !","breadcrumb":{"@id":"https:\/\/www.tabakversand.ch\/produit\/heimat-hell-1-x-250-gr-zigarettentabak\/#breadcrumb"},"inLanguage":"fr-FR","potentialAction":[{"@type":"ReadAction","target":["https:\/\/www.tabakversand.ch\/produit\/heimat-hell-1-x-250-gr-zigarettentabak\/"]}]},{"@type":"ImageObject","inLanguage":"fr-FR","@id":"https:\/\/www.tabakversand.ch\/produit\/heimat-hell-1-x-250-gr-zigarettentabak\/#primaryimage","url":"https:\/\/www.tabakversand.ch\/wp-content\/uploads\/2026\/01\/heimat-hell-250.jpg","contentUrl":"https:\/\/www.tabakversand.ch\/wp-content\/uploads\/2026\/01\/heimat-hell-250.jpg","width":500,"height":500,"caption":"Heimat Hell 1 x 250 gr. Tabac \u00e0 cigarettes | tabakversand.ch"},{"@type":"BreadcrumbList","@id":"https:\/\/www.tabakversand.ch\/produit\/heimat-hell-1-x-250-gr-zigarettentabak\/#breadcrumb","itemListElement":[{"@type":"ListItem","position":1,"name":"Startseite","item":"https:\/\/www.tabakversand.ch\/"},{"@type":"ListItem","position":2,"name":"Boutique","item":"https:\/\/www.tabakversand.ch\/fr\/boutique\/"},{"@type":"ListItem","position":3,"name":"Heimat enfer 1 x 250 gr. Tabac \u00e0 cigarettes"}]},{"@type":"WebSite","@id":"https:\/\/www.tabakversand.ch\/#website","url":"https:\/\/www.tabakversand.ch\/","name":"Tabakversand.ch | Alles aus der Welt des Tabaks","description":"Smoke and carpe diem","potentialAction":[{"@type":"SearchAction","target":{"@type":"EntryPoint","urlTemplate":"https:\/\/www.tabakversand.ch\/?s={search_term_string}"},"query-input":{"@type":"PropertyValueSpecification","valueRequired":true,"valueName":"search_term_string"}}],"inLanguage":"fr-FR"}]}},"_links":{"self":[{"href":"https:\/\/www.tabakversand.ch\/fr\/wp-json\/wp\/v2\/product\/209424","targetHints":{"allow":["GET"]}}],"collection":[{"href":"https:\/\/www.tabakversand.ch\/fr\/wp-json\/wp\/v2\/product"}],"about":[{"href":"https:\/\/www.tabakversand.ch\/fr\/wp-json\/wp\/v2\/types\/product"}],"version-history":[{"count":4,"href":"https:\/\/www.tabakversand.ch\/fr\/wp-json\/wp\/v2\/product\/209424\/revisions"}],"predecessor-version":[{"id":212354,"href":"https:\/\/www.tabakversand.ch\/fr\/wp-json\/wp\/v2\/product\/209424\/revisions\/212354"}],"wp:featuredmedia":[{"embeddable":true,"href":"https:\/\/www.tabakversand.ch\/fr\/wp-json\/wp\/v2\/media\/209428"}],"wp:attachment":[{"href":"https:\/\/www.tabakversand.ch\/fr\/wp-json\/wp\/v2\/media?parent=209424"}],"wp:term":[{"taxonomy":"product_brand","embeddable":true,"href":"https:\/\/www.tabakversand.ch\/fr\/wp-json\/wp\/v2\/product_brand?post=209424"},{"taxonomy":"product_cat","embeddable":true,"href":"https:\/\/www.tabakversand.ch\/fr\/wp-json\/wp\/v2\/product_cat?post=209424"},{"taxonomy":"product_tag","embeddable":true,"href":"https:\/\/www.tabakversand.ch\/fr\/wp-json\/wp\/v2\/product_tag?post=209424"}],"curies":[{"name":"wp","href":"https:\/\/api.w.org\/{rel}","templated":true}]}}