{"id":210422,"date":"2026-01-25T15:25:27","date_gmt":"2026-01-25T14:25:27","guid":{"rendered":"https:\/\/www.tabakversand.ch\/?post_type=product&#038;p=210422"},"modified":"2026-01-25T15:44:24","modified_gmt":"2026-01-25T14:44:24","slug":"moulin-a-fleurs-nouvelle-generation-premium-serie-en-acier-inoxydable-25-3-pieces-66-mm","status":"publish","type":"product","link":"https:\/\/www.tabakversand.ch\/fr\/produit\/moulin-a-fleurs-nouvelle-generation-premium-serie-en-acier-inoxydable-25-3-pieces-66-mm\/","title":{"rendered":"Moulin \u00e0 fleurs &#8211; Nouvelle g\u00e9n\u00e9ration Premium &#8211; S\u00e9rie en acier inoxydable &#8211; 2,5&Prime; 3 pi\u00e8ces (66 mm)"},"content":{"rendered":"<p>Moulin \u00e0 fleurs &#8211; Nouvelle g\u00e9n\u00e9ration Premium &#8211; S\u00e9rie en acier inoxydable &#8211; 2,5&Prime; 3 pi\u00e8ces (66 mm)<\/p>\n<p>L&rsquo;outil personnel ultime pour le traitement des fleurs.<\/p>\n<ul>\n<li>Mat\u00e9riaux de haute qualit\u00e9 et sans danger pour les aliments, \u00e0 l&rsquo;int\u00e9rieur comme \u00e0 l&rsquo;ext\u00e9rieur.<\/li>\n<li>Ajustez la consistance de votre m\u00e9lange gr\u00e2ce aux grilles de broyage interchangeables (grille moyenne n\u00b0 3 incluse).<\/li>\n<li>Les bonnes dans le pot, les mauvaises dans la r\u00e9colte : ne r\u00e9coltez que ce dont vous avez besoin gr\u00e2ce au filtre \u00e0 pollen amovible.<\/li>\n<li>facile \u00e0 traiter et \u00e0 nettoyer<\/li>\n<li>Couvercle magn\u00e9tique et compartiment \u00e0 pollen \u00e0 ouverture rapide<\/li>\n<li>chambre de broyage profonde<\/li>\n<\/ul>\n<p>Tous les prix s&rsquo;appliquent uniquement aux commandes en ligne et incluent la TVA. Sous r\u00e9serve de modifications sans pr\u00e9avis, frais de livraison en sus. Sous r\u00e9serve d&rsquo;erreurs, de modifications de contenu de livraison et de conception, de fautes d&rsquo;impression et de modifications de prix. Les prix barr\u00e9s sont des prix de remplacement. Les illustrations peuvent diff\u00e9rer de l&rsquo;original\/du contenu de livraison.<br \/>\n*Livraison gratuite pour les commandes sup\u00e9rieures \u00e0 CHF 250.-.<\/p>\n","protected":false},"excerpt":{"rendered":"<p>Moulin \u00e0 fleurs &#8211; Nouvelle g\u00e9n\u00e9ration Premium &#8211; S\u00e9rie en acier inoxydable &#8211; 2,5&Prime; 3 pi\u00e8ces (66 mm) L&rsquo;outil personnel ultime pour le traitement des fleurs. Mat\u00e9riaux de haute qualit\u00e9 et sans danger pour les aliments, \u00e0 l&rsquo;int\u00e9rieur comme \u00e0 l&rsquo;ext\u00e9rieur. Ajustez la consistance de votre m\u00e9lange gr\u00e2ce aux grilles de broyage interchangeables (grille moyenne [&hellip;]<\/p>\n","protected":false},"featured_media":210426,"template":"","meta":[],"product_brand":[5209],"product_cat":[3219,1995,2152],"product_tag":[],"class_list":{"0":"post-210422","1":"product","2":"type-product","3":"status-publish","4":"has-post-thumbnail","6":"product_brand-flower-mill","7":"product_cat-boutique-de-tete","8":"product_cat-divers-headshop","9":"product_cat-moulins-a-chanvre-a-base-dherbes-de-broyeur","11":"first","12":"onbackorder","13":"purchasable","14":"product-type-simple"},"yoast_head":"<!-- This site is optimized with the Yoast SEO plugin v27.0 - https:\/\/yoast.com\/product\/yoast-seo-wordpress\/ -->\n<title>Moulin \u00e0 fleurs - Nouvelle g\u00e9n\u00e9ration Premium - S\u00e9rie en acier inoxydable - 2,5&quot; 3 pi\u00e8ces (66 mm)<\/title>\n<meta name=\"description\" content=\"Flower Mill - Next-Gen Premium - S\u00e9rie Inox - 54 mm (2,0&quot;) 3 pi\u00e8ces | Large choix de produits du tabac, cigarettes \u00e9lectroniques et accessoires pour fumeurs dans toute la Suisse | Cartes accept\u00e9es !\" \/>\n<meta name=\"robots\" content=\"index, follow, max-snippet:-1, max-image-preview:large, max-video-preview:-1\" \/>\n<link rel=\"canonical\" href=\"https:\/\/www.tabakversand.ch\/produit\/flower-mill-next-gen-premium-stainless-series-2-5-3-teilig-66mm\/\" \/>\n<meta property=\"og:locale\" content=\"fr_FR\" \/>\n<meta property=\"og:type\" content=\"article\" \/>\n<meta property=\"og:title\" content=\"Moulin \u00e0 fleurs - Nouvelle g\u00e9n\u00e9ration Premium - S\u00e9rie en acier inoxydable - 2,5&quot; 3 pi\u00e8ces (66 mm)\" \/>\n<meta property=\"og:description\" content=\"Flower Mill - Next-Gen Premium - S\u00e9rie Inox - 54 mm (2,0&quot;) 3 pi\u00e8ces | Large choix de produits du tabac, cigarettes \u00e9lectroniques et accessoires pour fumeurs dans toute la Suisse | Cartes accept\u00e9es !\" \/>\n<meta property=\"og:url\" content=\"https:\/\/www.tabakversand.ch\/produit\/flower-mill-next-gen-premium-stainless-series-2-5-3-teilig-66mm\/\" \/>\n<meta property=\"og:site_name\" content=\"Tabakversand.ch | Alles aus der Welt des Tabaks\" \/>\n<meta property=\"article:modified_time\" content=\"2026-01-25T14:44:24+00:00\" \/>\n<meta property=\"og:image\" content=\"https:\/\/www.tabakversand.ch\/wp-content\/uploads\/2026\/01\/flower-mill-next-gen-premium-stainless-series-2.5-3-teilig-66mm-3.jpg\" \/>\n\t<meta property=\"og:image:width\" content=\"500\" \/>\n\t<meta property=\"og:image:height\" content=\"500\" \/>\n\t<meta property=\"og:image:type\" content=\"image\/jpeg\" \/>\n<meta name=\"twitter:card\" content=\"summary_large_image\" \/>\n<meta name=\"twitter:label1\" content=\"Dur\u00e9e de lecture estim\u00e9e\" \/>\n\t<meta name=\"twitter:data1\" content=\"2 minutes\" \/>\n<script type=\"application\/ld+json\" class=\"yoast-schema-graph\">{\"@context\":\"https:\/\/schema.org\",\"@graph\":[{\"@type\":\"WebPage\",\"@id\":\"https:\/\/www.tabakversand.ch\/produit\/flower-mill-next-gen-premium-stainless-series-2-5-3-teilig-66mm\/\",\"url\":\"https:\/\/www.tabakversand.ch\/produit\/flower-mill-next-gen-premium-stainless-series-2-5-3-teilig-66mm\/\",\"name\":\"Moulin \u00e0 fleurs - Nouvelle g\u00e9n\u00e9ration Premium - S\u00e9rie en acier inoxydable - 2,5\\\" 3 pi\u00e8ces (66 mm)\",\"isPartOf\":{\"@id\":\"https:\/\/www.tabakversand.ch\/#website\"},\"primaryImageOfPage\":{\"@id\":\"https:\/\/www.tabakversand.ch\/produit\/flower-mill-next-gen-premium-stainless-series-2-5-3-teilig-66mm\/#primaryimage\"},\"image\":{\"@id\":\"https:\/\/www.tabakversand.ch\/produit\/flower-mill-next-gen-premium-stainless-series-2-5-3-teilig-66mm\/#primaryimage\"},\"thumbnailUrl\":\"https:\/\/www.tabakversand.ch\/wp-content\/uploads\/2026\/01\/flower-mill-next-gen-premium-stainless-series-2.5-3-teilig-66mm-3.jpg\",\"datePublished\":\"2026-01-25T14:25:27+00:00\",\"dateModified\":\"2026-01-25T14:44:24+00:00\",\"description\":\"Flower Mill - Next-Gen Premium - S\u00e9rie Inox - 54 mm (2,0\\\") 3 pi\u00e8ces | Large choix de produits du tabac, cigarettes \u00e9lectroniques et accessoires pour fumeurs dans toute la Suisse | Cartes accept\u00e9es !\",\"breadcrumb\":{\"@id\":\"https:\/\/www.tabakversand.ch\/produit\/flower-mill-next-gen-premium-stainless-series-2-5-3-teilig-66mm\/#breadcrumb\"},\"inLanguage\":\"fr-FR\",\"potentialAction\":[{\"@type\":\"ReadAction\",\"target\":[\"https:\/\/www.tabakversand.ch\/produit\/flower-mill-next-gen-premium-stainless-series-2-5-3-teilig-66mm\/\"]}]},{\"@type\":\"ImageObject\",\"inLanguage\":\"fr-FR\",\"@id\":\"https:\/\/www.tabakversand.ch\/produit\/flower-mill-next-gen-premium-stainless-series-2-5-3-teilig-66mm\/#primaryimage\",\"url\":\"https:\/\/www.tabakversand.ch\/wp-content\/uploads\/2026\/01\/flower-mill-next-gen-premium-stainless-series-2.5-3-teilig-66mm-3.jpg\",\"contentUrl\":\"https:\/\/www.tabakversand.ch\/wp-content\/uploads\/2026\/01\/flower-mill-next-gen-premium-stainless-series-2.5-3-teilig-66mm-3.jpg\",\"width\":500,\"height\":500,\"caption\":\"Moulin \u00e0 fleurs - Nouvelle g\u00e9n\u00e9ration Premium - S\u00e9rie inox - 66 mm (2,5\\\") 3 pi\u00e8ces | tabakversand.ch\"},{\"@type\":\"BreadcrumbList\",\"@id\":\"https:\/\/www.tabakversand.ch\/produit\/flower-mill-next-gen-premium-stainless-series-2-5-3-teilig-66mm\/#breadcrumb\",\"itemListElement\":[{\"@type\":\"ListItem\",\"position\":1,\"name\":\"Startseite\",\"item\":\"https:\/\/www.tabakversand.ch\/\"},{\"@type\":\"ListItem\",\"position\":2,\"name\":\"Boutique\",\"item\":\"https:\/\/www.tabakversand.ch\/fr\/boutique\/\"},{\"@type\":\"ListItem\",\"position\":3,\"name\":\"Moulin \u00e0 fleurs - Nouvelle g\u00e9n\u00e9ration Premium - S\u00e9rie en acier inoxydable - 2,5\\\" 3 pi\u00e8ces (66 mm)\"}]},{\"@type\":\"WebSite\",\"@id\":\"https:\/\/www.tabakversand.ch\/#website\",\"url\":\"https:\/\/www.tabakversand.ch\/\",\"name\":\"Tabakversand.ch | Alles aus der Welt des Tabaks\",\"description\":\"Smoke and carpe diem\",\"potentialAction\":[{\"@type\":\"SearchAction\",\"target\":{\"@type\":\"EntryPoint\",\"urlTemplate\":\"https:\/\/www.tabakversand.ch\/?s={search_term_string}\"},\"query-input\":{\"@type\":\"PropertyValueSpecification\",\"valueRequired\":true,\"valueName\":\"search_term_string\"}}],\"inLanguage\":\"fr-FR\"}]}<\/script>\n<!-- \/ Yoast SEO plugin. -->","yoast_head_json":{"title":"Moulin \u00e0 fleurs - Nouvelle g\u00e9n\u00e9ration Premium - S\u00e9rie en acier inoxydable - 2,5\" 3 pi\u00e8ces (66 mm)","description":"Flower Mill - Next-Gen Premium - S\u00e9rie Inox - 54 mm (2,0\") 3 pi\u00e8ces | Large choix de produits du tabac, cigarettes \u00e9lectroniques et accessoires pour fumeurs dans toute la Suisse | Cartes accept\u00e9es !","robots":{"index":"index","follow":"follow","max-snippet":"max-snippet:-1","max-image-preview":"max-image-preview:large","max-video-preview":"max-video-preview:-1"},"canonical":"https:\/\/www.tabakversand.ch\/produit\/flower-mill-next-gen-premium-stainless-series-2-5-3-teilig-66mm\/","og_locale":"fr_FR","og_type":"article","og_title":"Moulin \u00e0 fleurs - Nouvelle g\u00e9n\u00e9ration Premium - S\u00e9rie en acier inoxydable - 2,5\" 3 pi\u00e8ces (66 mm)","og_description":"Flower Mill - Next-Gen Premium - S\u00e9rie Inox - 54 mm (2,0\") 3 pi\u00e8ces | Large choix de produits du tabac, cigarettes \u00e9lectroniques et accessoires pour fumeurs dans toute la Suisse | Cartes accept\u00e9es !","og_url":"https:\/\/www.tabakversand.ch\/produit\/flower-mill-next-gen-premium-stainless-series-2-5-3-teilig-66mm\/","og_site_name":"Tabakversand.ch | Alles aus der Welt des Tabaks","article_modified_time":"2026-01-25T14:44:24+00:00","og_image":[{"width":500,"height":500,"url":"https:\/\/www.tabakversand.ch\/wp-content\/uploads\/2026\/01\/flower-mill-next-gen-premium-stainless-series-2.5-3-teilig-66mm-3.jpg","type":"image\/jpeg"}],"twitter_card":"summary_large_image","twitter_misc":{"Dur\u00e9e de lecture estim\u00e9e":"2 minutes"},"schema":{"@context":"https:\/\/schema.org","@graph":[{"@type":"WebPage","@id":"https:\/\/www.tabakversand.ch\/produit\/flower-mill-next-gen-premium-stainless-series-2-5-3-teilig-66mm\/","url":"https:\/\/www.tabakversand.ch\/produit\/flower-mill-next-gen-premium-stainless-series-2-5-3-teilig-66mm\/","name":"Moulin \u00e0 fleurs - Nouvelle g\u00e9n\u00e9ration Premium - S\u00e9rie en acier inoxydable - 2,5\" 3 pi\u00e8ces (66 mm)","isPartOf":{"@id":"https:\/\/www.tabakversand.ch\/#website"},"primaryImageOfPage":{"@id":"https:\/\/www.tabakversand.ch\/produit\/flower-mill-next-gen-premium-stainless-series-2-5-3-teilig-66mm\/#primaryimage"},"image":{"@id":"https:\/\/www.tabakversand.ch\/produit\/flower-mill-next-gen-premium-stainless-series-2-5-3-teilig-66mm\/#primaryimage"},"thumbnailUrl":"https:\/\/www.tabakversand.ch\/wp-content\/uploads\/2026\/01\/flower-mill-next-gen-premium-stainless-series-2.5-3-teilig-66mm-3.jpg","datePublished":"2026-01-25T14:25:27+00:00","dateModified":"2026-01-25T14:44:24+00:00","description":"Flower Mill - Next-Gen Premium - S\u00e9rie Inox - 54 mm (2,0\") 3 pi\u00e8ces | Large choix de produits du tabac, cigarettes \u00e9lectroniques et accessoires pour fumeurs dans toute la Suisse | Cartes accept\u00e9es !","breadcrumb":{"@id":"https:\/\/www.tabakversand.ch\/produit\/flower-mill-next-gen-premium-stainless-series-2-5-3-teilig-66mm\/#breadcrumb"},"inLanguage":"fr-FR","potentialAction":[{"@type":"ReadAction","target":["https:\/\/www.tabakversand.ch\/produit\/flower-mill-next-gen-premium-stainless-series-2-5-3-teilig-66mm\/"]}]},{"@type":"ImageObject","inLanguage":"fr-FR","@id":"https:\/\/www.tabakversand.ch\/produit\/flower-mill-next-gen-premium-stainless-series-2-5-3-teilig-66mm\/#primaryimage","url":"https:\/\/www.tabakversand.ch\/wp-content\/uploads\/2026\/01\/flower-mill-next-gen-premium-stainless-series-2.5-3-teilig-66mm-3.jpg","contentUrl":"https:\/\/www.tabakversand.ch\/wp-content\/uploads\/2026\/01\/flower-mill-next-gen-premium-stainless-series-2.5-3-teilig-66mm-3.jpg","width":500,"height":500,"caption":"Moulin \u00e0 fleurs - Nouvelle g\u00e9n\u00e9ration Premium - S\u00e9rie inox - 66 mm (2,5\") 3 pi\u00e8ces | tabakversand.ch"},{"@type":"BreadcrumbList","@id":"https:\/\/www.tabakversand.ch\/produit\/flower-mill-next-gen-premium-stainless-series-2-5-3-teilig-66mm\/#breadcrumb","itemListElement":[{"@type":"ListItem","position":1,"name":"Startseite","item":"https:\/\/www.tabakversand.ch\/"},{"@type":"ListItem","position":2,"name":"Boutique","item":"https:\/\/www.tabakversand.ch\/fr\/boutique\/"},{"@type":"ListItem","position":3,"name":"Moulin \u00e0 fleurs - Nouvelle g\u00e9n\u00e9ration Premium - S\u00e9rie en acier inoxydable - 2,5\" 3 pi\u00e8ces (66 mm)"}]},{"@type":"WebSite","@id":"https:\/\/www.tabakversand.ch\/#website","url":"https:\/\/www.tabakversand.ch\/","name":"Tabakversand.ch | Alles aus der Welt des Tabaks","description":"Smoke and carpe diem","potentialAction":[{"@type":"SearchAction","target":{"@type":"EntryPoint","urlTemplate":"https:\/\/www.tabakversand.ch\/?s={search_term_string}"},"query-input":{"@type":"PropertyValueSpecification","valueRequired":true,"valueName":"search_term_string"}}],"inLanguage":"fr-FR"}]}},"_links":{"self":[{"href":"https:\/\/www.tabakversand.ch\/fr\/wp-json\/wp\/v2\/product\/210422","targetHints":{"allow":["GET"]}}],"collection":[{"href":"https:\/\/www.tabakversand.ch\/fr\/wp-json\/wp\/v2\/product"}],"about":[{"href":"https:\/\/www.tabakversand.ch\/fr\/wp-json\/wp\/v2\/types\/product"}],"version-history":[{"count":3,"href":"https:\/\/www.tabakversand.ch\/fr\/wp-json\/wp\/v2\/product\/210422\/revisions"}],"predecessor-version":[{"id":210476,"href":"https:\/\/www.tabakversand.ch\/fr\/wp-json\/wp\/v2\/product\/210422\/revisions\/210476"}],"wp:featuredmedia":[{"embeddable":true,"href":"https:\/\/www.tabakversand.ch\/fr\/wp-json\/wp\/v2\/media\/210426"}],"wp:attachment":[{"href":"https:\/\/www.tabakversand.ch\/fr\/wp-json\/wp\/v2\/media?parent=210422"}],"wp:term":[{"taxonomy":"product_brand","embeddable":true,"href":"https:\/\/www.tabakversand.ch\/fr\/wp-json\/wp\/v2\/product_brand?post=210422"},{"taxonomy":"product_cat","embeddable":true,"href":"https:\/\/www.tabakversand.ch\/fr\/wp-json\/wp\/v2\/product_cat?post=210422"},{"taxonomy":"product_tag","embeddable":true,"href":"https:\/\/www.tabakversand.ch\/fr\/wp-json\/wp\/v2\/product_tag?post=210422"}],"curies":[{"name":"wp","href":"https:\/\/api.w.org\/{rel}","templated":true}]}}