{"id":211468,"date":"2026-01-28T12:31:42","date_gmt":"2026-01-28T11:31:42","guid":{"rendered":"https:\/\/www.tabakversand.ch\/?post_type=product&#038;p=211468"},"modified":"2026-01-28T14:31:27","modified_gmt":"2026-01-28T13:31:27","slug":"al-massiva-quand-la-lune-pese-200-grammes-shishatabak","status":"publish","type":"product","link":"https:\/\/www.tabakversand.ch\/fr\/produit\/al-massiva-quand-la-lune-pese-200-grammes-shishatabak\/","title":{"rendered":"Al Massiva Quand la lune p\u00e8se 200 grammes. Shishatabak"},"content":{"rendered":"<p>Al Massiva Quand la lune p\u00e8se 200 grammes. Shishatabak<\/p>\n<p>QUAND LA LUNE&#8230;<\/p>\n<p>foncer dans votre narguil\u00e9 !<\/p>\n<ul>\n<li>Vous d\u00e9couvrirez alors la saveur fruit\u00e9e du melon miel et la saveur exotique de la mangue m\u00fbre\u00a0! Un duo parfait pour le jour comme pour le soir\u00a0!<\/li>\n<li>Tabac de Virginie de haute qualit\u00e9<\/li>\n<li>Saveur : Melon miel-mangue<\/li>\n<\/ul>\n<p>Tous les prix s&rsquo;appliquent uniquement aux commandes en ligne et incluent la TVA. Sous r\u00e9serve de modifications sans pr\u00e9avis, frais de livraison en sus. Sous r\u00e9serve d&rsquo;erreurs, de modifications de contenu de livraison et de conception, de fautes d&rsquo;impression et de modifications de prix. Les prix barr\u00e9s sont des prix de remplacement. Les illustrations peuvent diff\u00e9rer de l&rsquo;original\/du contenu de livraison.<br \/>\n*Livraison gratuite pour les commandes sup\u00e9rieures \u00e0 CHF 250.-.<\/p>\n","protected":false},"excerpt":{"rendered":"<p>Al Massiva Quand la lune p\u00e8se 200 grammes. Shishatabak QUAND LA LUNE&#8230; foncer dans votre narguil\u00e9 ! Vous d\u00e9couvrirez alors la saveur fruit\u00e9e du melon miel et la saveur exotique de la mangue m\u00fbre\u00a0! Un duo parfait pour le jour comme pour le soir\u00a0! Tabac de Virginie de haute qualit\u00e9 Saveur : Melon miel-mangue Tous [&hellip;]<\/p>\n","protected":false},"featured_media":211472,"template":"","meta":[],"product_brand":[5228],"product_cat":[5231,1891,1880,1888,5232,1883],"product_tag":[],"class_list":{"0":"post-211468","1":"product","2":"type-product","3":"status-publish","4":"has-post-thumbnail","6":"product_brand-al-massiva","7":"product_cat-al-massiva","8":"product_cat-narguile","9":"product_cat-shishatabak-fr","10":"product_cat-tabac","11":"product_cat-tabac-a-chicha-al-massiva","12":"product_cat-tabac-de-narguile-tabac-de-narguile","14":"first","15":"onbackorder","16":"purchasable","17":"product-type-simple"},"yoast_head":"<!-- This site is optimized with the Yoast SEO plugin v27.5 - https:\/\/yoast.com\/product\/yoast-seo-wordpress\/ -->\n<title>Al Massiva Quand la lune p\u00e8se 200 grammes. Shishatabak - Tabakversand.ch | Alles aus der Welt des Tabaks<\/title>\n<meta name=\"description\" content=\"Al Massiva Quand la lune p\u00e8se 200 grammes. Tabac Chicha | Un grand choix de produits du tabac, d&#039;e-fum\u00e9e et d&#039;ustensiles pour fumer dans toute la Suisse | Cartes accept\u00e9es !\" \/>\n<meta name=\"robots\" content=\"index, follow, max-snippet:-1, max-image-preview:large, max-video-preview:-1\" \/>\n<link rel=\"canonical\" href=\"https:\/\/www.tabakversand.ch\/it\/produit\/al-massiva-quando-la-luna-pesa-200-grammi-shishatabak\/\" \/>\n<meta property=\"og:locale\" content=\"fr_FR\" \/>\n<meta property=\"og:type\" content=\"article\" \/>\n<meta property=\"og:title\" content=\"Al Massiva Quand la lune p\u00e8se 200 grammes. Shishatabak - Tabakversand.ch | Alles aus der Welt des Tabaks\" \/>\n<meta property=\"og:description\" content=\"Al Massiva Quand la lune p\u00e8se 200 grammes. Tabac Chicha | Un grand choix de produits du tabac, d&#039;e-fum\u00e9e et d&#039;ustensiles pour fumer dans toute la Suisse | Cartes accept\u00e9es !\" \/>\n<meta property=\"og:url\" content=\"https:\/\/www.tabakversand.ch\/it\/produit\/al-massiva-quando-la-luna-pesa-200-grammi-shishatabak\/\" \/>\n<meta property=\"og:site_name\" content=\"Tabakversand.ch | Alles aus der Welt des Tabaks\" \/>\n<meta property=\"article:modified_time\" content=\"2026-01-28T13:31:27+00:00\" \/>\n<meta property=\"og:image\" content=\"https:\/\/www.tabakversand.ch\/wp-content\/uploads\/2026\/01\/al-massiva-wenn-der-mond.jpg\" \/>\n\t<meta property=\"og:image:width\" content=\"500\" \/>\n\t<meta property=\"og:image:height\" content=\"500\" \/>\n\t<meta property=\"og:image:type\" content=\"image\/jpeg\" \/>\n<meta name=\"twitter:card\" content=\"summary_large_image\" \/>\n<meta name=\"twitter:label1\" content=\"Dur\u00e9e de lecture estim\u00e9e\" \/>\n\t<meta name=\"twitter:data1\" content=\"1 minute\" \/>\n<script type=\"application\/ld+json\" class=\"yoast-schema-graph\">{\"@context\":\"https:\\\/\\\/schema.org\",\"@graph\":[{\"@type\":\"WebPage\",\"@id\":\"https:\\\/\\\/www.tabakversand.ch\\\/it\\\/produit\\\/al-massiva-quando-la-luna-pesa-200-grammi-shishatabak\\\/\",\"url\":\"https:\\\/\\\/www.tabakversand.ch\\\/it\\\/produit\\\/al-massiva-quando-la-luna-pesa-200-grammi-shishatabak\\\/\",\"name\":\"Al Massiva Quand la lune p\u00e8se 200 grammes. Shishatabak - Tabakversand.ch | Alles aus der Welt des Tabaks\",\"isPartOf\":{\"@id\":\"https:\\\/\\\/www.tabakversand.ch\\\/#website\"},\"primaryImageOfPage\":{\"@id\":\"https:\\\/\\\/www.tabakversand.ch\\\/it\\\/produit\\\/al-massiva-quando-la-luna-pesa-200-grammi-shishatabak\\\/#primaryimage\"},\"image\":{\"@id\":\"https:\\\/\\\/www.tabakversand.ch\\\/it\\\/produit\\\/al-massiva-quando-la-luna-pesa-200-grammi-shishatabak\\\/#primaryimage\"},\"thumbnailUrl\":\"https:\\\/\\\/www.tabakversand.ch\\\/wp-content\\\/uploads\\\/2026\\\/01\\\/al-massiva-wenn-der-mond.jpg\",\"datePublished\":\"2026-01-28T11:31:42+00:00\",\"dateModified\":\"2026-01-28T13:31:27+00:00\",\"description\":\"Al Massiva Quand la lune p\u00e8se 200 grammes. Tabac Chicha | Un grand choix de produits du tabac, d'e-fum\u00e9e et d'ustensiles pour fumer dans toute la Suisse | Cartes accept\u00e9es !\",\"breadcrumb\":{\"@id\":\"https:\\\/\\\/www.tabakversand.ch\\\/it\\\/produit\\\/al-massiva-quando-la-luna-pesa-200-grammi-shishatabak\\\/#breadcrumb\"},\"inLanguage\":\"fr-FR\",\"potentialAction\":[{\"@type\":\"ReadAction\",\"target\":[\"https:\\\/\\\/www.tabakversand.ch\\\/it\\\/produit\\\/al-massiva-quando-la-luna-pesa-200-grammi-shishatabak\\\/\"]}]},{\"@type\":\"ImageObject\",\"inLanguage\":\"fr-FR\",\"@id\":\"https:\\\/\\\/www.tabakversand.ch\\\/it\\\/produit\\\/al-massiva-quando-la-luna-pesa-200-grammi-shishatabak\\\/#primaryimage\",\"url\":\"https:\\\/\\\/www.tabakversand.ch\\\/wp-content\\\/uploads\\\/2026\\\/01\\\/al-massiva-wenn-der-mond.jpg\",\"contentUrl\":\"https:\\\/\\\/www.tabakversand.ch\\\/wp-content\\\/uploads\\\/2026\\\/01\\\/al-massiva-wenn-der-mond.jpg\",\"width\":500,\"height\":500,\"caption\":\"Tabac \u00e0 chicha Al Massiva When the Moon 200g | tabakversand.ch\"},{\"@type\":\"BreadcrumbList\",\"@id\":\"https:\\\/\\\/www.tabakversand.ch\\\/it\\\/produit\\\/al-massiva-quando-la-luna-pesa-200-grammi-shishatabak\\\/#breadcrumb\",\"itemListElement\":[{\"@type\":\"ListItem\",\"position\":1,\"name\":\"Startseite\",\"item\":\"https:\\\/\\\/www.tabakversand.ch\\\/\"},{\"@type\":\"ListItem\",\"position\":2,\"name\":\"Boutique\",\"item\":\"https:\\\/\\\/www.tabakversand.ch\\\/fr\\\/boutique\\\/\"},{\"@type\":\"ListItem\",\"position\":3,\"name\":\"Al Massiva Quand la lune p\u00e8se 200 grammes. Shishatabak\"}]},{\"@type\":\"WebSite\",\"@id\":\"https:\\\/\\\/www.tabakversand.ch\\\/#website\",\"url\":\"https:\\\/\\\/www.tabakversand.ch\\\/\",\"name\":\"Tabakversand.ch | Alles aus der Welt des Tabaks\",\"description\":\"Smoke and carpe diem\",\"potentialAction\":[{\"@type\":\"SearchAction\",\"target\":{\"@type\":\"EntryPoint\",\"urlTemplate\":\"https:\\\/\\\/www.tabakversand.ch\\\/?s={search_term_string}\"},\"query-input\":{\"@type\":\"PropertyValueSpecification\",\"valueRequired\":true,\"valueName\":\"search_term_string\"}}],\"inLanguage\":\"fr-FR\"}]}<\/script>\n<!-- \/ Yoast SEO plugin. -->","yoast_head_json":{"title":"Al Massiva Quand la lune p\u00e8se 200 grammes. Shishatabak - Tabakversand.ch | Alles aus der Welt des Tabaks","description":"Al Massiva Quand la lune p\u00e8se 200 grammes. Tabac Chicha | Un grand choix de produits du tabac, d'e-fum\u00e9e et d'ustensiles pour fumer dans toute la Suisse | Cartes accept\u00e9es !","robots":{"index":"index","follow":"follow","max-snippet":"max-snippet:-1","max-image-preview":"max-image-preview:large","max-video-preview":"max-video-preview:-1"},"canonical":"https:\/\/www.tabakversand.ch\/it\/produit\/al-massiva-quando-la-luna-pesa-200-grammi-shishatabak\/","og_locale":"fr_FR","og_type":"article","og_title":"Al Massiva Quand la lune p\u00e8se 200 grammes. Shishatabak - Tabakversand.ch | Alles aus der Welt des Tabaks","og_description":"Al Massiva Quand la lune p\u00e8se 200 grammes. Tabac Chicha | Un grand choix de produits du tabac, d'e-fum\u00e9e et d'ustensiles pour fumer dans toute la Suisse | Cartes accept\u00e9es !","og_url":"https:\/\/www.tabakversand.ch\/it\/produit\/al-massiva-quando-la-luna-pesa-200-grammi-shishatabak\/","og_site_name":"Tabakversand.ch | Alles aus der Welt des Tabaks","article_modified_time":"2026-01-28T13:31:27+00:00","og_image":[{"width":500,"height":500,"url":"https:\/\/www.tabakversand.ch\/wp-content\/uploads\/2026\/01\/al-massiva-wenn-der-mond.jpg","type":"image\/jpeg"}],"twitter_card":"summary_large_image","twitter_misc":{"Dur\u00e9e de lecture estim\u00e9e":"1 minute"},"schema":{"@context":"https:\/\/schema.org","@graph":[{"@type":"WebPage","@id":"https:\/\/www.tabakversand.ch\/it\/produit\/al-massiva-quando-la-luna-pesa-200-grammi-shishatabak\/","url":"https:\/\/www.tabakversand.ch\/it\/produit\/al-massiva-quando-la-luna-pesa-200-grammi-shishatabak\/","name":"Al Massiva Quand la lune p\u00e8se 200 grammes. Shishatabak - Tabakversand.ch | Alles aus der Welt des Tabaks","isPartOf":{"@id":"https:\/\/www.tabakversand.ch\/#website"},"primaryImageOfPage":{"@id":"https:\/\/www.tabakversand.ch\/it\/produit\/al-massiva-quando-la-luna-pesa-200-grammi-shishatabak\/#primaryimage"},"image":{"@id":"https:\/\/www.tabakversand.ch\/it\/produit\/al-massiva-quando-la-luna-pesa-200-grammi-shishatabak\/#primaryimage"},"thumbnailUrl":"https:\/\/www.tabakversand.ch\/wp-content\/uploads\/2026\/01\/al-massiva-wenn-der-mond.jpg","datePublished":"2026-01-28T11:31:42+00:00","dateModified":"2026-01-28T13:31:27+00:00","description":"Al Massiva Quand la lune p\u00e8se 200 grammes. Tabac Chicha | Un grand choix de produits du tabac, d'e-fum\u00e9e et d'ustensiles pour fumer dans toute la Suisse | Cartes accept\u00e9es !","breadcrumb":{"@id":"https:\/\/www.tabakversand.ch\/it\/produit\/al-massiva-quando-la-luna-pesa-200-grammi-shishatabak\/#breadcrumb"},"inLanguage":"fr-FR","potentialAction":[{"@type":"ReadAction","target":["https:\/\/www.tabakversand.ch\/it\/produit\/al-massiva-quando-la-luna-pesa-200-grammi-shishatabak\/"]}]},{"@type":"ImageObject","inLanguage":"fr-FR","@id":"https:\/\/www.tabakversand.ch\/it\/produit\/al-massiva-quando-la-luna-pesa-200-grammi-shishatabak\/#primaryimage","url":"https:\/\/www.tabakversand.ch\/wp-content\/uploads\/2026\/01\/al-massiva-wenn-der-mond.jpg","contentUrl":"https:\/\/www.tabakversand.ch\/wp-content\/uploads\/2026\/01\/al-massiva-wenn-der-mond.jpg","width":500,"height":500,"caption":"Tabac \u00e0 chicha Al Massiva When the Moon 200g | tabakversand.ch"},{"@type":"BreadcrumbList","@id":"https:\/\/www.tabakversand.ch\/it\/produit\/al-massiva-quando-la-luna-pesa-200-grammi-shishatabak\/#breadcrumb","itemListElement":[{"@type":"ListItem","position":1,"name":"Startseite","item":"https:\/\/www.tabakversand.ch\/"},{"@type":"ListItem","position":2,"name":"Boutique","item":"https:\/\/www.tabakversand.ch\/fr\/boutique\/"},{"@type":"ListItem","position":3,"name":"Al Massiva Quand la lune p\u00e8se 200 grammes. Shishatabak"}]},{"@type":"WebSite","@id":"https:\/\/www.tabakversand.ch\/#website","url":"https:\/\/www.tabakversand.ch\/","name":"Tabakversand.ch | Alles aus der Welt des Tabaks","description":"Smoke and carpe diem","potentialAction":[{"@type":"SearchAction","target":{"@type":"EntryPoint","urlTemplate":"https:\/\/www.tabakversand.ch\/?s={search_term_string}"},"query-input":{"@type":"PropertyValueSpecification","valueRequired":true,"valueName":"search_term_string"}}],"inLanguage":"fr-FR"}]}},"_links":{"self":[{"href":"https:\/\/www.tabakversand.ch\/fr\/wp-json\/wp\/v2\/product\/211468","targetHints":{"allow":["GET"]}}],"collection":[{"href":"https:\/\/www.tabakversand.ch\/fr\/wp-json\/wp\/v2\/product"}],"about":[{"href":"https:\/\/www.tabakversand.ch\/fr\/wp-json\/wp\/v2\/types\/product"}],"version-history":[{"count":3,"href":"https:\/\/www.tabakversand.ch\/fr\/wp-json\/wp\/v2\/product\/211468\/revisions"}],"predecessor-version":[{"id":211516,"href":"https:\/\/www.tabakversand.ch\/fr\/wp-json\/wp\/v2\/product\/211468\/revisions\/211516"}],"wp:featuredmedia":[{"embeddable":true,"href":"https:\/\/www.tabakversand.ch\/fr\/wp-json\/wp\/v2\/media\/211472"}],"wp:attachment":[{"href":"https:\/\/www.tabakversand.ch\/fr\/wp-json\/wp\/v2\/media?parent=211468"}],"wp:term":[{"taxonomy":"product_brand","embeddable":true,"href":"https:\/\/www.tabakversand.ch\/fr\/wp-json\/wp\/v2\/product_brand?post=211468"},{"taxonomy":"product_cat","embeddable":true,"href":"https:\/\/www.tabakversand.ch\/fr\/wp-json\/wp\/v2\/product_cat?post=211468"},{"taxonomy":"product_tag","embeddable":true,"href":"https:\/\/www.tabakversand.ch\/fr\/wp-json\/wp\/v2\/product_tag?post=211468"}],"curies":[{"name":"wp","href":"https:\/\/api.w.org\/{rel}","templated":true}]}}