{"id":211756,"date":"2026-01-29T14:05:55","date_gmt":"2026-01-29T13:05:55","guid":{"rendered":"https:\/\/www.tabakversand.ch\/?post_type=product&#038;p=211756"},"modified":"2026-01-29T14:18:29","modified_gmt":"2026-01-29T13:18:29","slug":"briquet-zippo-harley-davidson-2026-collectible-60007745","status":"publish","type":"product","link":"https:\/\/www.tabakversand.ch\/fr\/produit\/briquet-zippo-harley-davidson-2026-collectible-60007745\/","title":{"rendered":"Briquet Zippo Harley Davidson 2026 Collectible 60007745"},"content":{"rendered":"<p>Briquet Zippo Harley Davidson 2026 Collectible 60007745<\/p>\n<p>D\u00e9marrez la saison en beaut\u00e9 avec le briquet Harley-Davidson en \u00e9dition limit\u00e9e, \u00e9lu briquet de l&rsquo;ann\u00e9e 2026.<\/p>\n<p>L&rsquo;aigle embl\u00e9matique, majestueux et tenant l&#8217;embl\u00e8me Harley-Davidson\u00ae Motorcycles dans le design distinctif de la 540 Fusion, orne fi\u00e8rement un bo\u00eetier en laiton vieilli. Ce motif patriotique se prolonge harmonieusement au verso, o\u00f9 la mention \u00ab\u00a0\u00c9dition limit\u00e9e 2026\u00a0\u00bb est grav\u00e9e avec raffinement gr\u00e2ce \u00e0 notre proc\u00e9d\u00e9 Lustre. Enfin, le logo Harley-Davidson brille de mille feux dans des tons laiton profonds sur la face sans charni\u00e8re.<\/p>\n<ul>\n<li>Taille: Pleine grandeur<\/li>\n<li>Emball\u00e9 dans un coffret cadeau Zippo original.<\/li>\n<li>Constitu\u00e9 de m\u00e9tal; conception coupe-vent qui fonctionne pratiquement n\u2019importe o\u00f9.<\/li>\n<li>Rechargeable pour une utilisation \u00e0 vie; nous recommandons l\u2019essence, le silex et les m\u00e8ches plus l\u00e9gers Zippo premium d\u2019origine.<\/li>\n<li>Garantie: 30 ans sur la m\u00e9canique (hors consommables et surfaces)<\/li>\n<li>Fabriqu\u00e9 aux \u00c9tats-Unis<\/li>\n<li>Carburant\u00a0: liquide \u00e0 briquet Zippo premium d&rsquo;origine (vendu s\u00e9par\u00e9ment, tous les Zippo ne sont pas remplis).<\/li>\n<li>540 Laiton poli<\/li>\n<li>Lustre\/540 Fusion<\/li>\n<\/ul>\n<p>Tous les prix s&rsquo;appliquent uniquement aux commandes en ligne et incluent la TVA. Sous r\u00e9serve de modifications sans pr\u00e9avis, frais de livraison en sus. Sous r\u00e9serve d&rsquo;erreurs, de modifications de contenu de livraison et de conception, de fautes d&rsquo;impression et de modifications de prix. Les prix barr\u00e9s sont des prix de remplacement. Les illustrations peuvent diff\u00e9rer de l&rsquo;original\/du contenu de livraison.<br \/>\n*Livraison gratuite pour les commandes sup\u00e9rieures \u00e0 CHF 250.-.<\/p>\n","protected":false},"excerpt":{"rendered":"<p>Briquet Zippo Harley Davidson 2026 Collectible 60007745 D\u00e9marrez la saison en beaut\u00e9 avec le briquet Harley-Davidson en \u00e9dition limit\u00e9e, \u00e9lu briquet de l&rsquo;ann\u00e9e 2026. L&rsquo;aigle embl\u00e9matique, majestueux et tenant l&#8217;embl\u00e8me Harley-Davidson\u00ae Motorcycles dans le design distinctif de la 540 Fusion, orne fi\u00e8rement un bo\u00eetier en laiton vieilli. Ce motif patriotique se prolonge harmonieusement au verso, [&hellip;]<\/p>\n","protected":false},"featured_media":211765,"template":"","meta":[],"product_brand":[1567],"product_cat":[1927,5157,1926,2067,2062],"product_tag":[],"class_list":{"0":"post-211756","1":"product","2":"type-product","3":"status-publish","4":"has-post-thumbnail","6":"product_brand-zippo-feuerzeuge-und-acessoires","7":"product_cat-briquets","8":"product_cat-collection-annuelle-zippo-2026","9":"product_cat-collections-de-briquets-zippo","10":"product_cat-zippo-edition-limitee","11":"product_cat-zippo-harley-davidson-fr","13":"first","14":"onbackorder","15":"purchasable","16":"product-type-simple"},"yoast_head":"<!-- This site is optimized with the Yoast SEO plugin v27.5 - https:\/\/yoast.com\/product\/yoast-seo-wordpress\/ -->\n<title>Briquet Zippo Harley Davidson 2026 Collectible 60007745 - Tabakversand.ch | Alles aus der Welt des Tabaks<\/title>\n<meta name=\"description\" content=\"Briquet Zippo Harley Davidson 2026 Collectible 60007745 | Grand choix de produits du tabac, cigarettes \u00e9lectroniques et accessoires pour fumeurs en Suisse | Cartes accept\u00e9es !\" \/>\n<meta name=\"robots\" content=\"index, follow, max-snippet:-1, max-image-preview:large, max-video-preview:-1\" \/>\n<link rel=\"canonical\" href=\"https:\/\/www.tabakversand.ch\/produit\/zippo-harley-davidson-2026-collectible-60007745-feuerzeug\/\" \/>\n<meta property=\"og:locale\" content=\"fr_FR\" \/>\n<meta property=\"og:type\" content=\"article\" \/>\n<meta property=\"og:title\" content=\"Briquet Zippo Harley Davidson 2026 Collectible 60007745 - Tabakversand.ch | Alles aus der Welt des Tabaks\" \/>\n<meta property=\"og:description\" content=\"Briquet Zippo Harley Davidson 2026 Collectible 60007745 | Grand choix de produits du tabac, cigarettes \u00e9lectroniques et accessoires pour fumeurs en Suisse | Cartes accept\u00e9es !\" \/>\n<meta property=\"og:url\" content=\"https:\/\/www.tabakversand.ch\/produit\/zippo-harley-davidson-2026-collectible-60007745-feuerzeug\/\" \/>\n<meta property=\"og:site_name\" content=\"Tabakversand.ch | Alles aus der Welt des Tabaks\" \/>\n<meta property=\"article:modified_time\" content=\"2026-01-29T13:18:29+00:00\" \/>\n<meta property=\"og:image\" content=\"https:\/\/www.tabakversand.ch\/wp-content\/uploads\/2026\/01\/zippo-harley-davidson-le-2026.jpg\" \/>\n\t<meta property=\"og:image:width\" content=\"500\" \/>\n\t<meta property=\"og:image:height\" content=\"500\" \/>\n\t<meta property=\"og:image:type\" content=\"image\/jpeg\" \/>\n<meta name=\"twitter:card\" content=\"summary_large_image\" \/>\n<meta name=\"twitter:label1\" content=\"Dur\u00e9e de lecture estim\u00e9e\" \/>\n\t<meta name=\"twitter:data1\" content=\"2 minutes\" \/>\n<script type=\"application\/ld+json\" class=\"yoast-schema-graph\">{\"@context\":\"https:\\\/\\\/schema.org\",\"@graph\":[{\"@type\":\"WebPage\",\"@id\":\"https:\\\/\\\/www.tabakversand.ch\\\/produit\\\/zippo-harley-davidson-2026-collectible-60007745-feuerzeug\\\/\",\"url\":\"https:\\\/\\\/www.tabakversand.ch\\\/produit\\\/zippo-harley-davidson-2026-collectible-60007745-feuerzeug\\\/\",\"name\":\"Briquet Zippo Harley Davidson 2026 Collectible 60007745 - Tabakversand.ch | Alles aus der Welt des Tabaks\",\"isPartOf\":{\"@id\":\"https:\\\/\\\/www.tabakversand.ch\\\/#website\"},\"primaryImageOfPage\":{\"@id\":\"https:\\\/\\\/www.tabakversand.ch\\\/produit\\\/zippo-harley-davidson-2026-collectible-60007745-feuerzeug\\\/#primaryimage\"},\"image\":{\"@id\":\"https:\\\/\\\/www.tabakversand.ch\\\/produit\\\/zippo-harley-davidson-2026-collectible-60007745-feuerzeug\\\/#primaryimage\"},\"thumbnailUrl\":\"https:\\\/\\\/www.tabakversand.ch\\\/wp-content\\\/uploads\\\/2026\\\/01\\\/zippo-harley-davidson-le-2026.jpg\",\"datePublished\":\"2026-01-29T13:05:55+00:00\",\"dateModified\":\"2026-01-29T13:18:29+00:00\",\"description\":\"Briquet Zippo Harley Davidson 2026 Collectible 60007745 | Grand choix de produits du tabac, cigarettes \u00e9lectroniques et accessoires pour fumeurs en Suisse | Cartes accept\u00e9es !\",\"breadcrumb\":{\"@id\":\"https:\\\/\\\/www.tabakversand.ch\\\/produit\\\/zippo-harley-davidson-2026-collectible-60007745-feuerzeug\\\/#breadcrumb\"},\"inLanguage\":\"fr-FR\",\"potentialAction\":[{\"@type\":\"ReadAction\",\"target\":[\"https:\\\/\\\/www.tabakversand.ch\\\/produit\\\/zippo-harley-davidson-2026-collectible-60007745-feuerzeug\\\/\"]}]},{\"@type\":\"ImageObject\",\"inLanguage\":\"fr-FR\",\"@id\":\"https:\\\/\\\/www.tabakversand.ch\\\/produit\\\/zippo-harley-davidson-2026-collectible-60007745-feuerzeug\\\/#primaryimage\",\"url\":\"https:\\\/\\\/www.tabakversand.ch\\\/wp-content\\\/uploads\\\/2026\\\/01\\\/zippo-harley-davidson-le-2026.jpg\",\"contentUrl\":\"https:\\\/\\\/www.tabakversand.ch\\\/wp-content\\\/uploads\\\/2026\\\/01\\\/zippo-harley-davidson-le-2026.jpg\",\"width\":500,\"height\":500,\"caption\":\"Briquet Zippo Harley Davidson 2026 Collectible 60007745 | tabakversand.ch\"},{\"@type\":\"BreadcrumbList\",\"@id\":\"https:\\\/\\\/www.tabakversand.ch\\\/produit\\\/zippo-harley-davidson-2026-collectible-60007745-feuerzeug\\\/#breadcrumb\",\"itemListElement\":[{\"@type\":\"ListItem\",\"position\":1,\"name\":\"Startseite\",\"item\":\"https:\\\/\\\/www.tabakversand.ch\\\/\"},{\"@type\":\"ListItem\",\"position\":2,\"name\":\"Boutique\",\"item\":\"https:\\\/\\\/www.tabakversand.ch\\\/fr\\\/boutique\\\/\"},{\"@type\":\"ListItem\",\"position\":3,\"name\":\"Briquet Zippo Harley Davidson 2026 Collectible 60007745\"}]},{\"@type\":\"WebSite\",\"@id\":\"https:\\\/\\\/www.tabakversand.ch\\\/#website\",\"url\":\"https:\\\/\\\/www.tabakversand.ch\\\/\",\"name\":\"Tabakversand.ch | Alles aus der Welt des Tabaks\",\"description\":\"Smoke and carpe diem\",\"potentialAction\":[{\"@type\":\"SearchAction\",\"target\":{\"@type\":\"EntryPoint\",\"urlTemplate\":\"https:\\\/\\\/www.tabakversand.ch\\\/?s={search_term_string}\"},\"query-input\":{\"@type\":\"PropertyValueSpecification\",\"valueRequired\":true,\"valueName\":\"search_term_string\"}}],\"inLanguage\":\"fr-FR\"}]}<\/script>\n<!-- \/ Yoast SEO plugin. -->","yoast_head_json":{"title":"Briquet Zippo Harley Davidson 2026 Collectible 60007745 - Tabakversand.ch | Alles aus der Welt des Tabaks","description":"Briquet Zippo Harley Davidson 2026 Collectible 60007745 | Grand choix de produits du tabac, cigarettes \u00e9lectroniques et accessoires pour fumeurs en Suisse | Cartes accept\u00e9es !","robots":{"index":"index","follow":"follow","max-snippet":"max-snippet:-1","max-image-preview":"max-image-preview:large","max-video-preview":"max-video-preview:-1"},"canonical":"https:\/\/www.tabakversand.ch\/produit\/zippo-harley-davidson-2026-collectible-60007745-feuerzeug\/","og_locale":"fr_FR","og_type":"article","og_title":"Briquet Zippo Harley Davidson 2026 Collectible 60007745 - Tabakversand.ch | Alles aus der Welt des Tabaks","og_description":"Briquet Zippo Harley Davidson 2026 Collectible 60007745 | Grand choix de produits du tabac, cigarettes \u00e9lectroniques et accessoires pour fumeurs en Suisse | Cartes accept\u00e9es !","og_url":"https:\/\/www.tabakversand.ch\/produit\/zippo-harley-davidson-2026-collectible-60007745-feuerzeug\/","og_site_name":"Tabakversand.ch | Alles aus der Welt des Tabaks","article_modified_time":"2026-01-29T13:18:29+00:00","og_image":[{"width":500,"height":500,"url":"https:\/\/www.tabakversand.ch\/wp-content\/uploads\/2026\/01\/zippo-harley-davidson-le-2026.jpg","type":"image\/jpeg"}],"twitter_card":"summary_large_image","twitter_misc":{"Dur\u00e9e de lecture estim\u00e9e":"2 minutes"},"schema":{"@context":"https:\/\/schema.org","@graph":[{"@type":"WebPage","@id":"https:\/\/www.tabakversand.ch\/produit\/zippo-harley-davidson-2026-collectible-60007745-feuerzeug\/","url":"https:\/\/www.tabakversand.ch\/produit\/zippo-harley-davidson-2026-collectible-60007745-feuerzeug\/","name":"Briquet Zippo Harley Davidson 2026 Collectible 60007745 - Tabakversand.ch | Alles aus der Welt des Tabaks","isPartOf":{"@id":"https:\/\/www.tabakversand.ch\/#website"},"primaryImageOfPage":{"@id":"https:\/\/www.tabakversand.ch\/produit\/zippo-harley-davidson-2026-collectible-60007745-feuerzeug\/#primaryimage"},"image":{"@id":"https:\/\/www.tabakversand.ch\/produit\/zippo-harley-davidson-2026-collectible-60007745-feuerzeug\/#primaryimage"},"thumbnailUrl":"https:\/\/www.tabakversand.ch\/wp-content\/uploads\/2026\/01\/zippo-harley-davidson-le-2026.jpg","datePublished":"2026-01-29T13:05:55+00:00","dateModified":"2026-01-29T13:18:29+00:00","description":"Briquet Zippo Harley Davidson 2026 Collectible 60007745 | Grand choix de produits du tabac, cigarettes \u00e9lectroniques et accessoires pour fumeurs en Suisse | Cartes accept\u00e9es !","breadcrumb":{"@id":"https:\/\/www.tabakversand.ch\/produit\/zippo-harley-davidson-2026-collectible-60007745-feuerzeug\/#breadcrumb"},"inLanguage":"fr-FR","potentialAction":[{"@type":"ReadAction","target":["https:\/\/www.tabakversand.ch\/produit\/zippo-harley-davidson-2026-collectible-60007745-feuerzeug\/"]}]},{"@type":"ImageObject","inLanguage":"fr-FR","@id":"https:\/\/www.tabakversand.ch\/produit\/zippo-harley-davidson-2026-collectible-60007745-feuerzeug\/#primaryimage","url":"https:\/\/www.tabakversand.ch\/wp-content\/uploads\/2026\/01\/zippo-harley-davidson-le-2026.jpg","contentUrl":"https:\/\/www.tabakversand.ch\/wp-content\/uploads\/2026\/01\/zippo-harley-davidson-le-2026.jpg","width":500,"height":500,"caption":"Briquet Zippo Harley Davidson 2026 Collectible 60007745 | tabakversand.ch"},{"@type":"BreadcrumbList","@id":"https:\/\/www.tabakversand.ch\/produit\/zippo-harley-davidson-2026-collectible-60007745-feuerzeug\/#breadcrumb","itemListElement":[{"@type":"ListItem","position":1,"name":"Startseite","item":"https:\/\/www.tabakversand.ch\/"},{"@type":"ListItem","position":2,"name":"Boutique","item":"https:\/\/www.tabakversand.ch\/fr\/boutique\/"},{"@type":"ListItem","position":3,"name":"Briquet Zippo Harley Davidson 2026 Collectible 60007745"}]},{"@type":"WebSite","@id":"https:\/\/www.tabakversand.ch\/#website","url":"https:\/\/www.tabakversand.ch\/","name":"Tabakversand.ch | Alles aus der Welt des Tabaks","description":"Smoke and carpe diem","potentialAction":[{"@type":"SearchAction","target":{"@type":"EntryPoint","urlTemplate":"https:\/\/www.tabakversand.ch\/?s={search_term_string}"},"query-input":{"@type":"PropertyValueSpecification","valueRequired":true,"valueName":"search_term_string"}}],"inLanguage":"fr-FR"}]}},"_links":{"self":[{"href":"https:\/\/www.tabakversand.ch\/fr\/wp-json\/wp\/v2\/product\/211756","targetHints":{"allow":["GET"]}}],"collection":[{"href":"https:\/\/www.tabakversand.ch\/fr\/wp-json\/wp\/v2\/product"}],"about":[{"href":"https:\/\/www.tabakversand.ch\/fr\/wp-json\/wp\/v2\/types\/product"}],"version-history":[{"count":3,"href":"https:\/\/www.tabakversand.ch\/fr\/wp-json\/wp\/v2\/product\/211756\/revisions"}],"predecessor-version":[{"id":211775,"href":"https:\/\/www.tabakversand.ch\/fr\/wp-json\/wp\/v2\/product\/211756\/revisions\/211775"}],"wp:featuredmedia":[{"embeddable":true,"href":"https:\/\/www.tabakversand.ch\/fr\/wp-json\/wp\/v2\/media\/211765"}],"wp:attachment":[{"href":"https:\/\/www.tabakversand.ch\/fr\/wp-json\/wp\/v2\/media?parent=211756"}],"wp:term":[{"taxonomy":"product_brand","embeddable":true,"href":"https:\/\/www.tabakversand.ch\/fr\/wp-json\/wp\/v2\/product_brand?post=211756"},{"taxonomy":"product_cat","embeddable":true,"href":"https:\/\/www.tabakversand.ch\/fr\/wp-json\/wp\/v2\/product_cat?post=211756"},{"taxonomy":"product_tag","embeddable":true,"href":"https:\/\/www.tabakversand.ch\/fr\/wp-json\/wp\/v2\/product_tag?post=211756"}],"curies":[{"name":"wp","href":"https:\/\/api.w.org\/{rel}","templated":true}]}}