{"id":212359,"date":"2026-02-09T14:00:35","date_gmt":"2026-02-09T13:00:35","guid":{"rendered":"https:\/\/www.tabakversand.ch\/?post_type=product&#038;p=212359"},"modified":"2026-02-09T14:22:25","modified_gmt":"2026-02-09T13:22:25","slug":"heimat-dunkel-1-x-80-gr-tabac-a-cigarettes","status":"publish","type":"product","link":"https:\/\/www.tabakversand.ch\/fr\/produit\/heimat-dunkel-1-x-80-gr-tabac-a-cigarettes\/","title":{"rendered":"Heimat dunkel 1 x 80 gr. Tabac \u00e0 cigarettes"},"content":{"rendered":"<p>Heimat dunkel 1 x 80 gr. Tabac \u00e0 cigarettes<\/p>\n<p>Heimat RYO Dunkel est un tabac naturel \u00e0 coupe fine, destin\u00e9 aux cigarettes roul\u00e9es \u00e0 la main et \u00e9labor\u00e9 selon une recette familiale transmise de g\u00e9n\u00e9ration en g\u00e9n\u00e9ration. Son caract\u00e8re est d\u00e9fini par le Burley suisse, aux notes terreuses, de noisette et cors\u00e9es, rehauss\u00e9es d&rsquo;une subtile touche de Virginie. Deux tabacs, une origine \u2013 sans additifs.<\/p>\n<p>Sa coupe pr\u00e9cise et artisanale garantit stabilit\u00e9 et un roulage uniforme. Heimat RYO Dunkel s&rsquo;adresse aux amateurs de tabac \u00e0 rouler qui privil\u00e9gient l&rsquo;origine, la qualit\u00e9 et le savoir-faire authentique\u00a0: un tabac de caract\u00e8re, pas un produit industriel.<\/p>\n<p>Tous les prix s&rsquo;appliquent uniquement aux commandes en ligne et incluent la TVA. Sous r\u00e9serve de modifications sans pr\u00e9avis, frais de livraison en sus. Sous r\u00e9serve d&rsquo;erreurs, de modifications de contenu de livraison et de conception, de fautes d&rsquo;impression et de modifications de prix. Les prix barr\u00e9s sont des prix de remplacement. Les illustrations peuvent diff\u00e9rer de l&rsquo;original\/du contenu de livraison.<br \/>\n*Livraison gratuite pour les commandes sup\u00e9rieures \u00e0 CHF 250.-.<\/p>\n","protected":false},"excerpt":{"rendered":"<p>Heimat dunkel 1 x 80 gr. Tabac \u00e0 cigarettes Heimat RYO Dunkel est un tabac naturel \u00e0 coupe fine, destin\u00e9 aux cigarettes roul\u00e9es \u00e0 la main et \u00e9labor\u00e9 selon une recette familiale transmise de g\u00e9n\u00e9ration en g\u00e9n\u00e9ration. Son caract\u00e8re est d\u00e9fini par le Burley suisse, aux notes terreuses, de noisette et cors\u00e9es, rehauss\u00e9es d&rsquo;une subtile [&hellip;]<\/p>\n","protected":false},"featured_media":212364,"template":"","meta":[],"product_brand":[5246],"product_cat":[1961,1888,1963,1964],"product_tag":[],"class_list":{"0":"post-212359","1":"product","2":"type-product","3":"status-publish","4":"has-post-thumbnail","6":"product_brand-heimat-feinschnitt","7":"product_cat-cigarettes-self-made-fr-2","8":"product_cat-tabac","9":"product_cat-tabac-a-cigarettes","10":"product_cat-tabac-a-cigarettes-fr","12":"first","13":"onbackorder","14":"purchasable","15":"product-type-simple"},"yoast_head":"<!-- This site is optimized with the Yoast SEO plugin v27.5 - https:\/\/yoast.com\/product\/yoast-seo-wordpress\/ -->\n<title>Heimat dunkel 1 x 80 gr. Tabac \u00e0 cigarettes - Tabakversand.ch | Alles aus der Welt des Tabaks<\/title>\n<meta name=\"description\" content=\"Tabac \u00e0 cigarettes Heimat Dark 1 x 80g | Un large choix de produits du tabac de qualit\u00e9 sup\u00e9rieure, de cigarettes \u00e9lectroniques et d&#039;accessoires pour fumeurs dans toute la Suisse | Cartes accept\u00e9es !\" \/>\n<meta name=\"robots\" content=\"index, follow, max-snippet:-1, max-image-preview:large, max-video-preview:-1\" \/>\n<link rel=\"canonical\" href=\"https:\/\/www.tabakversand.ch\/produit\/heimat-dunkel-1-x-80-gr-zigarettentabak\/\" \/>\n<meta property=\"og:locale\" content=\"fr_FR\" \/>\n<meta property=\"og:type\" content=\"article\" \/>\n<meta property=\"og:title\" content=\"Heimat dunkel 1 x 80 gr. Tabac \u00e0 cigarettes - Tabakversand.ch | Alles aus der Welt des Tabaks\" \/>\n<meta property=\"og:description\" content=\"Tabac \u00e0 cigarettes Heimat Dark 1 x 80g | Un large choix de produits du tabac de qualit\u00e9 sup\u00e9rieure, de cigarettes \u00e9lectroniques et d&#039;accessoires pour fumeurs dans toute la Suisse | Cartes accept\u00e9es !\" \/>\n<meta property=\"og:url\" content=\"https:\/\/www.tabakversand.ch\/produit\/heimat-dunkel-1-x-80-gr-zigarettentabak\/\" \/>\n<meta property=\"og:site_name\" content=\"Tabakversand.ch | Alles aus der Welt des Tabaks\" \/>\n<meta property=\"article:modified_time\" content=\"2026-02-09T13:22:25+00:00\" \/>\n<meta property=\"og:image\" content=\"https:\/\/www.tabakversand.ch\/wp-content\/uploads\/2026\/02\/heimat-dunkel-80.jpg\" \/>\n\t<meta property=\"og:image:width\" content=\"500\" \/>\n\t<meta property=\"og:image:height\" content=\"500\" \/>\n\t<meta property=\"og:image:type\" content=\"image\/jpeg\" \/>\n<meta name=\"twitter:card\" content=\"summary_large_image\" \/>\n<meta name=\"twitter:label1\" content=\"Dur\u00e9e de lecture estim\u00e9e\" \/>\n\t<meta name=\"twitter:data1\" content=\"2 minutes\" \/>\n<script type=\"application\/ld+json\" class=\"yoast-schema-graph\">{\"@context\":\"https:\\\/\\\/schema.org\",\"@graph\":[{\"@type\":\"WebPage\",\"@id\":\"https:\\\/\\\/www.tabakversand.ch\\\/produit\\\/heimat-dunkel-1-x-80-gr-zigarettentabak\\\/\",\"url\":\"https:\\\/\\\/www.tabakversand.ch\\\/produit\\\/heimat-dunkel-1-x-80-gr-zigarettentabak\\\/\",\"name\":\"Heimat dunkel 1 x 80 gr. Tabac \u00e0 cigarettes - Tabakversand.ch | Alles aus der Welt des Tabaks\",\"isPartOf\":{\"@id\":\"https:\\\/\\\/www.tabakversand.ch\\\/#website\"},\"primaryImageOfPage\":{\"@id\":\"https:\\\/\\\/www.tabakversand.ch\\\/produit\\\/heimat-dunkel-1-x-80-gr-zigarettentabak\\\/#primaryimage\"},\"image\":{\"@id\":\"https:\\\/\\\/www.tabakversand.ch\\\/produit\\\/heimat-dunkel-1-x-80-gr-zigarettentabak\\\/#primaryimage\"},\"thumbnailUrl\":\"https:\\\/\\\/www.tabakversand.ch\\\/wp-content\\\/uploads\\\/2026\\\/02\\\/heimat-dunkel-80.jpg\",\"datePublished\":\"2026-02-09T13:00:35+00:00\",\"dateModified\":\"2026-02-09T13:22:25+00:00\",\"description\":\"Tabac \u00e0 cigarettes Heimat Dark 1 x 80g | Un large choix de produits du tabac de qualit\u00e9 sup\u00e9rieure, de cigarettes \u00e9lectroniques et d'accessoires pour fumeurs dans toute la Suisse | Cartes accept\u00e9es !\",\"breadcrumb\":{\"@id\":\"https:\\\/\\\/www.tabakversand.ch\\\/produit\\\/heimat-dunkel-1-x-80-gr-zigarettentabak\\\/#breadcrumb\"},\"inLanguage\":\"fr-FR\",\"potentialAction\":[{\"@type\":\"ReadAction\",\"target\":[\"https:\\\/\\\/www.tabakversand.ch\\\/produit\\\/heimat-dunkel-1-x-80-gr-zigarettentabak\\\/\"]}]},{\"@type\":\"ImageObject\",\"inLanguage\":\"fr-FR\",\"@id\":\"https:\\\/\\\/www.tabakversand.ch\\\/produit\\\/heimat-dunkel-1-x-80-gr-zigarettentabak\\\/#primaryimage\",\"url\":\"https:\\\/\\\/www.tabakversand.ch\\\/wp-content\\\/uploads\\\/2026\\\/02\\\/heimat-dunkel-80.jpg\",\"contentUrl\":\"https:\\\/\\\/www.tabakversand.ch\\\/wp-content\\\/uploads\\\/2026\\\/02\\\/heimat-dunkel-80.jpg\",\"width\":500,\"height\":500,\"caption\":\"Heimat dunkel 1 x 80 gr. Tabac \u00e0 cigarettes | tabakversand.ch\"},{\"@type\":\"BreadcrumbList\",\"@id\":\"https:\\\/\\\/www.tabakversand.ch\\\/produit\\\/heimat-dunkel-1-x-80-gr-zigarettentabak\\\/#breadcrumb\",\"itemListElement\":[{\"@type\":\"ListItem\",\"position\":1,\"name\":\"Startseite\",\"item\":\"https:\\\/\\\/www.tabakversand.ch\\\/\"},{\"@type\":\"ListItem\",\"position\":2,\"name\":\"Boutique\",\"item\":\"https:\\\/\\\/www.tabakversand.ch\\\/fr\\\/boutique\\\/\"},{\"@type\":\"ListItem\",\"position\":3,\"name\":\"Heimat dunkel 1 x 80 gr. Tabac \u00e0 cigarettes\"}]},{\"@type\":\"WebSite\",\"@id\":\"https:\\\/\\\/www.tabakversand.ch\\\/#website\",\"url\":\"https:\\\/\\\/www.tabakversand.ch\\\/\",\"name\":\"Tabakversand.ch | Alles aus der Welt des Tabaks\",\"description\":\"Smoke and carpe diem\",\"potentialAction\":[{\"@type\":\"SearchAction\",\"target\":{\"@type\":\"EntryPoint\",\"urlTemplate\":\"https:\\\/\\\/www.tabakversand.ch\\\/?s={search_term_string}\"},\"query-input\":{\"@type\":\"PropertyValueSpecification\",\"valueRequired\":true,\"valueName\":\"search_term_string\"}}],\"inLanguage\":\"fr-FR\"}]}<\/script>\n<!-- \/ Yoast SEO plugin. -->","yoast_head_json":{"title":"Heimat dunkel 1 x 80 gr. Tabac \u00e0 cigarettes - Tabakversand.ch | Alles aus der Welt des Tabaks","description":"Tabac \u00e0 cigarettes Heimat Dark 1 x 80g | Un large choix de produits du tabac de qualit\u00e9 sup\u00e9rieure, de cigarettes \u00e9lectroniques et d'accessoires pour fumeurs dans toute la Suisse | Cartes accept\u00e9es !","robots":{"index":"index","follow":"follow","max-snippet":"max-snippet:-1","max-image-preview":"max-image-preview:large","max-video-preview":"max-video-preview:-1"},"canonical":"https:\/\/www.tabakversand.ch\/produit\/heimat-dunkel-1-x-80-gr-zigarettentabak\/","og_locale":"fr_FR","og_type":"article","og_title":"Heimat dunkel 1 x 80 gr. Tabac \u00e0 cigarettes - Tabakversand.ch | Alles aus der Welt des Tabaks","og_description":"Tabac \u00e0 cigarettes Heimat Dark 1 x 80g | Un large choix de produits du tabac de qualit\u00e9 sup\u00e9rieure, de cigarettes \u00e9lectroniques et d'accessoires pour fumeurs dans toute la Suisse | Cartes accept\u00e9es !","og_url":"https:\/\/www.tabakversand.ch\/produit\/heimat-dunkel-1-x-80-gr-zigarettentabak\/","og_site_name":"Tabakversand.ch | Alles aus der Welt des Tabaks","article_modified_time":"2026-02-09T13:22:25+00:00","og_image":[{"width":500,"height":500,"url":"https:\/\/www.tabakversand.ch\/wp-content\/uploads\/2026\/02\/heimat-dunkel-80.jpg","type":"image\/jpeg"}],"twitter_card":"summary_large_image","twitter_misc":{"Dur\u00e9e de lecture estim\u00e9e":"2 minutes"},"schema":{"@context":"https:\/\/schema.org","@graph":[{"@type":"WebPage","@id":"https:\/\/www.tabakversand.ch\/produit\/heimat-dunkel-1-x-80-gr-zigarettentabak\/","url":"https:\/\/www.tabakversand.ch\/produit\/heimat-dunkel-1-x-80-gr-zigarettentabak\/","name":"Heimat dunkel 1 x 80 gr. Tabac \u00e0 cigarettes - Tabakversand.ch | Alles aus der Welt des Tabaks","isPartOf":{"@id":"https:\/\/www.tabakversand.ch\/#website"},"primaryImageOfPage":{"@id":"https:\/\/www.tabakversand.ch\/produit\/heimat-dunkel-1-x-80-gr-zigarettentabak\/#primaryimage"},"image":{"@id":"https:\/\/www.tabakversand.ch\/produit\/heimat-dunkel-1-x-80-gr-zigarettentabak\/#primaryimage"},"thumbnailUrl":"https:\/\/www.tabakversand.ch\/wp-content\/uploads\/2026\/02\/heimat-dunkel-80.jpg","datePublished":"2026-02-09T13:00:35+00:00","dateModified":"2026-02-09T13:22:25+00:00","description":"Tabac \u00e0 cigarettes Heimat Dark 1 x 80g | Un large choix de produits du tabac de qualit\u00e9 sup\u00e9rieure, de cigarettes \u00e9lectroniques et d'accessoires pour fumeurs dans toute la Suisse | Cartes accept\u00e9es !","breadcrumb":{"@id":"https:\/\/www.tabakversand.ch\/produit\/heimat-dunkel-1-x-80-gr-zigarettentabak\/#breadcrumb"},"inLanguage":"fr-FR","potentialAction":[{"@type":"ReadAction","target":["https:\/\/www.tabakversand.ch\/produit\/heimat-dunkel-1-x-80-gr-zigarettentabak\/"]}]},{"@type":"ImageObject","inLanguage":"fr-FR","@id":"https:\/\/www.tabakversand.ch\/produit\/heimat-dunkel-1-x-80-gr-zigarettentabak\/#primaryimage","url":"https:\/\/www.tabakversand.ch\/wp-content\/uploads\/2026\/02\/heimat-dunkel-80.jpg","contentUrl":"https:\/\/www.tabakversand.ch\/wp-content\/uploads\/2026\/02\/heimat-dunkel-80.jpg","width":500,"height":500,"caption":"Heimat dunkel 1 x 80 gr. Tabac \u00e0 cigarettes | tabakversand.ch"},{"@type":"BreadcrumbList","@id":"https:\/\/www.tabakversand.ch\/produit\/heimat-dunkel-1-x-80-gr-zigarettentabak\/#breadcrumb","itemListElement":[{"@type":"ListItem","position":1,"name":"Startseite","item":"https:\/\/www.tabakversand.ch\/"},{"@type":"ListItem","position":2,"name":"Boutique","item":"https:\/\/www.tabakversand.ch\/fr\/boutique\/"},{"@type":"ListItem","position":3,"name":"Heimat dunkel 1 x 80 gr. Tabac \u00e0 cigarettes"}]},{"@type":"WebSite","@id":"https:\/\/www.tabakversand.ch\/#website","url":"https:\/\/www.tabakversand.ch\/","name":"Tabakversand.ch | Alles aus der Welt des Tabaks","description":"Smoke and carpe diem","potentialAction":[{"@type":"SearchAction","target":{"@type":"EntryPoint","urlTemplate":"https:\/\/www.tabakversand.ch\/?s={search_term_string}"},"query-input":{"@type":"PropertyValueSpecification","valueRequired":true,"valueName":"search_term_string"}}],"inLanguage":"fr-FR"}]}},"_links":{"self":[{"href":"https:\/\/www.tabakversand.ch\/fr\/wp-json\/wp\/v2\/product\/212359","targetHints":{"allow":["GET"]}}],"collection":[{"href":"https:\/\/www.tabakversand.ch\/fr\/wp-json\/wp\/v2\/product"}],"about":[{"href":"https:\/\/www.tabakversand.ch\/fr\/wp-json\/wp\/v2\/types\/product"}],"version-history":[{"count":3,"href":"https:\/\/www.tabakversand.ch\/fr\/wp-json\/wp\/v2\/product\/212359\/revisions"}],"predecessor-version":[{"id":212413,"href":"https:\/\/www.tabakversand.ch\/fr\/wp-json\/wp\/v2\/product\/212359\/revisions\/212413"}],"wp:featuredmedia":[{"embeddable":true,"href":"https:\/\/www.tabakversand.ch\/fr\/wp-json\/wp\/v2\/media\/212364"}],"wp:attachment":[{"href":"https:\/\/www.tabakversand.ch\/fr\/wp-json\/wp\/v2\/media?parent=212359"}],"wp:term":[{"taxonomy":"product_brand","embeddable":true,"href":"https:\/\/www.tabakversand.ch\/fr\/wp-json\/wp\/v2\/product_brand?post=212359"},{"taxonomy":"product_cat","embeddable":true,"href":"https:\/\/www.tabakversand.ch\/fr\/wp-json\/wp\/v2\/product_cat?post=212359"},{"taxonomy":"product_tag","embeddable":true,"href":"https:\/\/www.tabakversand.ch\/fr\/wp-json\/wp\/v2\/product_tag?post=212359"}],"curies":[{"name":"wp","href":"https:\/\/api.w.org\/{rel}","templated":true}]}}