{"id":212506,"date":"2026-02-18T13:29:25","date_gmt":"2026-02-18T12:29:25","guid":{"rendered":"https:\/\/www.tabakversand.ch\/?post_type=product&#038;p=212506"},"modified":"2026-02-18T14:05:50","modified_gmt":"2026-02-18T13:05:50","slug":"moulin-a-fleurs-nouvelle-generation-haut-de-gamme-serie-acier-inoxydable-plaques-de-broyage-de-2-pouces","status":"publish","type":"product","link":"https:\/\/www.tabakversand.ch\/fr\/produit\/moulin-a-fleurs-nouvelle-generation-haut-de-gamme-serie-acier-inoxydable-plaques-de-broyage-de-2-pouces\/","title":{"rendered":"Moulin \u00e0 fleurs &#8211; Nouvelle g\u00e9n\u00e9ration haut de gamme &#8211; S\u00e9rie acier inoxydable &#8211; Plaques de broyage de 2 pouces"},"content":{"rendered":"<p>Moulin \u00e0 fleurs &#8211; Nouvelle g\u00e9n\u00e9ration haut de gamme &#8211; S\u00e9rie acier inoxydable &#8211; Plaques de broyage de 2 pouces<\/p>\n<p>Acier inoxydable de qualit\u00e9 alimentaire, d\u00e9coup\u00e9 avec pr\u00e9cision. Compatible avec les mod\u00e8les Next-Gen Premium de 5 cm (2 pouces). Le nouveau centre de rotation int\u00e9gr\u00e9 facilite grandement le changement de plaques\u00a0: fini les pi\u00e8ces perdues et les manipulations fastidieuses\u00a0!<\/p>\n<p>Choisissez la consistance id\u00e9ale parmi 4 tailles\u00a0:<\/p>\n<ul>\n<li>1 Extra Fine<\/li>\n<li>2 Fine<\/li>\n<li>4 Rugueux<\/li>\n<li>5 Extra Gros<\/li>\n<\/ul>\n<p>Tous les prix s&rsquo;appliquent uniquement aux commandes en ligne et incluent la TVA. Sous r\u00e9serve de modifications sans pr\u00e9avis, frais de livraison en sus. Sous r\u00e9serve d&rsquo;erreurs, de modifications de contenu de livraison et de conception, de fautes d&rsquo;impression et de modifications de prix. Les prix barr\u00e9s sont des prix de remplacement. Les illustrations peuvent diff\u00e9rer de l&rsquo;original\/du contenu de livraison.<br \/>\n*Livraison gratuite pour les commandes sup\u00e9rieures \u00e0 CHF 250.-.<\/p>\n","protected":false},"excerpt":{"rendered":"<p>Moulin \u00e0 fleurs &#8211; Nouvelle g\u00e9n\u00e9ration haut de gamme &#8211; S\u00e9rie acier inoxydable &#8211; Plaques de broyage de 2 pouces Acier inoxydable de qualit\u00e9 alimentaire, d\u00e9coup\u00e9 avec pr\u00e9cision. Compatible avec les mod\u00e8les Next-Gen Premium de 5 cm (2 pouces). Le nouveau centre de rotation int\u00e9gr\u00e9 facilite grandement le changement de plaques\u00a0: fini les pi\u00e8ces perdues [&hellip;]<\/p>\n","protected":false},"featured_media":212514,"template":"","meta":[],"product_brand":[5209],"product_cat":[3219,1995,2152],"product_tag":[],"class_list":{"0":"post-212506","1":"product","2":"type-product","3":"status-publish","4":"has-post-thumbnail","6":"product_brand-flower-mill","7":"product_cat-boutique-de-tete","8":"product_cat-divers-headshop","9":"product_cat-moulins-a-chanvre-a-base-dherbes-de-broyeur","10":"pa_mahlgrad-1-extra-fine","11":"pa_mahlgrad-2-fine","12":"pa_mahlgrad-4-gros","13":"pa_mahlgrad-5-extra-gros","15":"first","16":"onbackorder","17":"purchasable","18":"product-type-variable"},"yoast_head":"<!-- This site is optimized with the Yoast SEO plugin v27.0 - https:\/\/yoast.com\/product\/yoast-seo-wordpress\/ -->\n<title>Moulin \u00e0 fleurs - Nouvelle g\u00e9n\u00e9ration haut de gamme - S\u00e9rie acier inoxydable - Plaques de broyage de 2 pouces<\/title>\n<meta name=\"description\" content=\"Moulin \u00e0 fleurs - Nouvelle g\u00e9n\u00e9ration Premium - S\u00e9rie inox - Plaques de broyage 2,0&quot; | Large choix de produits du tabac, cigarettes \u00e9lectroniques et accessoires pour fumeurs dans toute la Suisse | Cartes accept\u00e9es !\" \/>\n<meta name=\"robots\" content=\"index, follow, max-snippet:-1, max-image-preview:large, max-video-preview:-1\" \/>\n<link rel=\"canonical\" href=\"https:\/\/www.tabakversand.ch\/produit\/flower-mill-next-gen-premium-stainless-series-2-0-mill-plates\/\" \/>\n<meta property=\"og:locale\" content=\"fr_FR\" \/>\n<meta property=\"og:type\" content=\"article\" \/>\n<meta property=\"og:title\" content=\"Moulin \u00e0 fleurs - Nouvelle g\u00e9n\u00e9ration haut de gamme - S\u00e9rie acier inoxydable - Plaques de broyage de 2 pouces\" \/>\n<meta property=\"og:description\" content=\"Moulin \u00e0 fleurs - Nouvelle g\u00e9n\u00e9ration Premium - S\u00e9rie inox - Plaques de broyage 2,0&quot; | Large choix de produits du tabac, cigarettes \u00e9lectroniques et accessoires pour fumeurs dans toute la Suisse | Cartes accept\u00e9es !\" \/>\n<meta property=\"og:url\" content=\"https:\/\/www.tabakversand.ch\/produit\/flower-mill-next-gen-premium-stainless-series-2-0-mill-plates\/\" \/>\n<meta property=\"og:site_name\" content=\"Tabakversand.ch | Alles aus der Welt des Tabaks\" \/>\n<meta property=\"article:modified_time\" content=\"2026-02-18T13:05:50+00:00\" \/>\n<meta property=\"og:image\" content=\"https:\/\/www.tabakversand.ch\/wp-content\/uploads\/2026\/02\/flower-mill-next-gen-premium-stainless-series-2.0-mill-plates.jpg\" \/>\n\t<meta property=\"og:image:width\" content=\"500\" \/>\n\t<meta property=\"og:image:height\" content=\"500\" \/>\n\t<meta property=\"og:image:type\" content=\"image\/jpeg\" \/>\n<meta name=\"twitter:card\" content=\"summary_large_image\" \/>\n<meta name=\"twitter:label1\" content=\"Dur\u00e9e de lecture estim\u00e9e\" \/>\n\t<meta name=\"twitter:data1\" content=\"1 minute\" \/>\n<script type=\"application\/ld+json\" class=\"yoast-schema-graph\">{\"@context\":\"https:\/\/schema.org\",\"@graph\":[{\"@type\":\"WebPage\",\"@id\":\"https:\/\/www.tabakversand.ch\/produit\/flower-mill-next-gen-premium-stainless-series-2-0-mill-plates\/\",\"url\":\"https:\/\/www.tabakversand.ch\/produit\/flower-mill-next-gen-premium-stainless-series-2-0-mill-plates\/\",\"name\":\"Moulin \u00e0 fleurs - Nouvelle g\u00e9n\u00e9ration haut de gamme - S\u00e9rie acier inoxydable - Plaques de broyage de 2 pouces\",\"isPartOf\":{\"@id\":\"https:\/\/www.tabakversand.ch\/#website\"},\"primaryImageOfPage\":{\"@id\":\"https:\/\/www.tabakversand.ch\/produit\/flower-mill-next-gen-premium-stainless-series-2-0-mill-plates\/#primaryimage\"},\"image\":{\"@id\":\"https:\/\/www.tabakversand.ch\/produit\/flower-mill-next-gen-premium-stainless-series-2-0-mill-plates\/#primaryimage\"},\"thumbnailUrl\":\"https:\/\/www.tabakversand.ch\/wp-content\/uploads\/2026\/02\/flower-mill-next-gen-premium-stainless-series-2.0-mill-plates.jpg\",\"datePublished\":\"2026-02-18T12:29:25+00:00\",\"dateModified\":\"2026-02-18T13:05:50+00:00\",\"description\":\"Moulin \u00e0 fleurs - Nouvelle g\u00e9n\u00e9ration Premium - S\u00e9rie inox - Plaques de broyage 2,0\\\" | Large choix de produits du tabac, cigarettes \u00e9lectroniques et accessoires pour fumeurs dans toute la Suisse | Cartes accept\u00e9es !\",\"breadcrumb\":{\"@id\":\"https:\/\/www.tabakversand.ch\/produit\/flower-mill-next-gen-premium-stainless-series-2-0-mill-plates\/#breadcrumb\"},\"inLanguage\":\"fr-FR\",\"potentialAction\":[{\"@type\":\"ReadAction\",\"target\":[\"https:\/\/www.tabakversand.ch\/produit\/flower-mill-next-gen-premium-stainless-series-2-0-mill-plates\/\"]}]},{\"@type\":\"ImageObject\",\"inLanguage\":\"fr-FR\",\"@id\":\"https:\/\/www.tabakversand.ch\/produit\/flower-mill-next-gen-premium-stainless-series-2-0-mill-plates\/#primaryimage\",\"url\":\"https:\/\/www.tabakversand.ch\/wp-content\/uploads\/2026\/02\/flower-mill-next-gen-premium-stainless-series-2.0-mill-plates.jpg\",\"contentUrl\":\"https:\/\/www.tabakversand.ch\/wp-content\/uploads\/2026\/02\/flower-mill-next-gen-premium-stainless-series-2.0-mill-plates.jpg\",\"width\":500,\"height\":500,\"caption\":\"Moulin \u00e0 fleurs - Nouvelle g\u00e9n\u00e9ration Premium - S\u00e9rie inox - Plaques de broyage 2,0\\\" | tabakversand.ch\"},{\"@type\":\"BreadcrumbList\",\"@id\":\"https:\/\/www.tabakversand.ch\/produit\/flower-mill-next-gen-premium-stainless-series-2-0-mill-plates\/#breadcrumb\",\"itemListElement\":[{\"@type\":\"ListItem\",\"position\":1,\"name\":\"Startseite\",\"item\":\"https:\/\/www.tabakversand.ch\/\"},{\"@type\":\"ListItem\",\"position\":2,\"name\":\"Boutique\",\"item\":\"https:\/\/www.tabakversand.ch\/fr\/boutique\/\"},{\"@type\":\"ListItem\",\"position\":3,\"name\":\"Moulin \u00e0 fleurs - Nouvelle g\u00e9n\u00e9ration haut de gamme - S\u00e9rie acier inoxydable - Plaques de broyage de 2 pouces\"}]},{\"@type\":\"WebSite\",\"@id\":\"https:\/\/www.tabakversand.ch\/#website\",\"url\":\"https:\/\/www.tabakversand.ch\/\",\"name\":\"Tabakversand.ch | Alles aus der Welt des Tabaks\",\"description\":\"Smoke and carpe diem\",\"potentialAction\":[{\"@type\":\"SearchAction\",\"target\":{\"@type\":\"EntryPoint\",\"urlTemplate\":\"https:\/\/www.tabakversand.ch\/?s={search_term_string}\"},\"query-input\":{\"@type\":\"PropertyValueSpecification\",\"valueRequired\":true,\"valueName\":\"search_term_string\"}}],\"inLanguage\":\"fr-FR\"}]}<\/script>\n<!-- \/ Yoast SEO plugin. -->","yoast_head_json":{"title":"Moulin \u00e0 fleurs - Nouvelle g\u00e9n\u00e9ration haut de gamme - S\u00e9rie acier inoxydable - Plaques de broyage de 2 pouces","description":"Moulin \u00e0 fleurs - Nouvelle g\u00e9n\u00e9ration Premium - S\u00e9rie inox - Plaques de broyage 2,0\" | Large choix de produits du tabac, cigarettes \u00e9lectroniques et accessoires pour fumeurs dans toute la Suisse | Cartes accept\u00e9es !","robots":{"index":"index","follow":"follow","max-snippet":"max-snippet:-1","max-image-preview":"max-image-preview:large","max-video-preview":"max-video-preview:-1"},"canonical":"https:\/\/www.tabakversand.ch\/produit\/flower-mill-next-gen-premium-stainless-series-2-0-mill-plates\/","og_locale":"fr_FR","og_type":"article","og_title":"Moulin \u00e0 fleurs - Nouvelle g\u00e9n\u00e9ration haut de gamme - S\u00e9rie acier inoxydable - Plaques de broyage de 2 pouces","og_description":"Moulin \u00e0 fleurs - Nouvelle g\u00e9n\u00e9ration Premium - S\u00e9rie inox - Plaques de broyage 2,0\" | Large choix de produits du tabac, cigarettes \u00e9lectroniques et accessoires pour fumeurs dans toute la Suisse | Cartes accept\u00e9es !","og_url":"https:\/\/www.tabakversand.ch\/produit\/flower-mill-next-gen-premium-stainless-series-2-0-mill-plates\/","og_site_name":"Tabakversand.ch | Alles aus der Welt des Tabaks","article_modified_time":"2026-02-18T13:05:50+00:00","og_image":[{"width":500,"height":500,"url":"https:\/\/www.tabakversand.ch\/wp-content\/uploads\/2026\/02\/flower-mill-next-gen-premium-stainless-series-2.0-mill-plates.jpg","type":"image\/jpeg"}],"twitter_card":"summary_large_image","twitter_misc":{"Dur\u00e9e de lecture estim\u00e9e":"1 minute"},"schema":{"@context":"https:\/\/schema.org","@graph":[{"@type":"WebPage","@id":"https:\/\/www.tabakversand.ch\/produit\/flower-mill-next-gen-premium-stainless-series-2-0-mill-plates\/","url":"https:\/\/www.tabakversand.ch\/produit\/flower-mill-next-gen-premium-stainless-series-2-0-mill-plates\/","name":"Moulin \u00e0 fleurs - Nouvelle g\u00e9n\u00e9ration haut de gamme - S\u00e9rie acier inoxydable - Plaques de broyage de 2 pouces","isPartOf":{"@id":"https:\/\/www.tabakversand.ch\/#website"},"primaryImageOfPage":{"@id":"https:\/\/www.tabakversand.ch\/produit\/flower-mill-next-gen-premium-stainless-series-2-0-mill-plates\/#primaryimage"},"image":{"@id":"https:\/\/www.tabakversand.ch\/produit\/flower-mill-next-gen-premium-stainless-series-2-0-mill-plates\/#primaryimage"},"thumbnailUrl":"https:\/\/www.tabakversand.ch\/wp-content\/uploads\/2026\/02\/flower-mill-next-gen-premium-stainless-series-2.0-mill-plates.jpg","datePublished":"2026-02-18T12:29:25+00:00","dateModified":"2026-02-18T13:05:50+00:00","description":"Moulin \u00e0 fleurs - Nouvelle g\u00e9n\u00e9ration Premium - S\u00e9rie inox - Plaques de broyage 2,0\" | Large choix de produits du tabac, cigarettes \u00e9lectroniques et accessoires pour fumeurs dans toute la Suisse | Cartes accept\u00e9es !","breadcrumb":{"@id":"https:\/\/www.tabakversand.ch\/produit\/flower-mill-next-gen-premium-stainless-series-2-0-mill-plates\/#breadcrumb"},"inLanguage":"fr-FR","potentialAction":[{"@type":"ReadAction","target":["https:\/\/www.tabakversand.ch\/produit\/flower-mill-next-gen-premium-stainless-series-2-0-mill-plates\/"]}]},{"@type":"ImageObject","inLanguage":"fr-FR","@id":"https:\/\/www.tabakversand.ch\/produit\/flower-mill-next-gen-premium-stainless-series-2-0-mill-plates\/#primaryimage","url":"https:\/\/www.tabakversand.ch\/wp-content\/uploads\/2026\/02\/flower-mill-next-gen-premium-stainless-series-2.0-mill-plates.jpg","contentUrl":"https:\/\/www.tabakversand.ch\/wp-content\/uploads\/2026\/02\/flower-mill-next-gen-premium-stainless-series-2.0-mill-plates.jpg","width":500,"height":500,"caption":"Moulin \u00e0 fleurs - Nouvelle g\u00e9n\u00e9ration Premium - S\u00e9rie inox - Plaques de broyage 2,0\" | tabakversand.ch"},{"@type":"BreadcrumbList","@id":"https:\/\/www.tabakversand.ch\/produit\/flower-mill-next-gen-premium-stainless-series-2-0-mill-plates\/#breadcrumb","itemListElement":[{"@type":"ListItem","position":1,"name":"Startseite","item":"https:\/\/www.tabakversand.ch\/"},{"@type":"ListItem","position":2,"name":"Boutique","item":"https:\/\/www.tabakversand.ch\/fr\/boutique\/"},{"@type":"ListItem","position":3,"name":"Moulin \u00e0 fleurs - Nouvelle g\u00e9n\u00e9ration haut de gamme - S\u00e9rie acier inoxydable - Plaques de broyage de 2 pouces"}]},{"@type":"WebSite","@id":"https:\/\/www.tabakversand.ch\/#website","url":"https:\/\/www.tabakversand.ch\/","name":"Tabakversand.ch | Alles aus der Welt des Tabaks","description":"Smoke and carpe diem","potentialAction":[{"@type":"SearchAction","target":{"@type":"EntryPoint","urlTemplate":"https:\/\/www.tabakversand.ch\/?s={search_term_string}"},"query-input":{"@type":"PropertyValueSpecification","valueRequired":true,"valueName":"search_term_string"}}],"inLanguage":"fr-FR"}]}},"_links":{"self":[{"href":"https:\/\/www.tabakversand.ch\/fr\/wp-json\/wp\/v2\/product\/212506","targetHints":{"allow":["GET"]}}],"collection":[{"href":"https:\/\/www.tabakversand.ch\/fr\/wp-json\/wp\/v2\/product"}],"about":[{"href":"https:\/\/www.tabakversand.ch\/fr\/wp-json\/wp\/v2\/types\/product"}],"version-history":[{"count":3,"href":"https:\/\/www.tabakversand.ch\/fr\/wp-json\/wp\/v2\/product\/212506\/revisions"}],"predecessor-version":[{"id":212552,"href":"https:\/\/www.tabakversand.ch\/fr\/wp-json\/wp\/v2\/product\/212506\/revisions\/212552"}],"wp:featuredmedia":[{"embeddable":true,"href":"https:\/\/www.tabakversand.ch\/fr\/wp-json\/wp\/v2\/media\/212514"}],"wp:attachment":[{"href":"https:\/\/www.tabakversand.ch\/fr\/wp-json\/wp\/v2\/media?parent=212506"}],"wp:term":[{"taxonomy":"product_brand","embeddable":true,"href":"https:\/\/www.tabakversand.ch\/fr\/wp-json\/wp\/v2\/product_brand?post=212506"},{"taxonomy":"product_cat","embeddable":true,"href":"https:\/\/www.tabakversand.ch\/fr\/wp-json\/wp\/v2\/product_cat?post=212506"},{"taxonomy":"product_tag","embeddable":true,"href":"https:\/\/www.tabakversand.ch\/fr\/wp-json\/wp\/v2\/product_tag?post=212506"}],"curies":[{"name":"wp","href":"https:\/\/api.w.org\/{rel}","templated":true}]}}