{"id":212648,"date":"2026-02-18T15:19:51","date_gmt":"2026-02-18T14:19:51","guid":{"rendered":"https:\/\/www.tabakversand.ch\/?post_type=product&#038;p=212648"},"modified":"2026-02-18T15:33:14","modified_gmt":"2026-02-18T14:33:14","slug":"moulin-a-fleurs-poignee-de-moulin-en-silicone-nouvelle-generation-25-675-mm","status":"publish","type":"product","link":"https:\/\/www.tabakversand.ch\/fr\/produit\/moulin-a-fleurs-poignee-de-moulin-en-silicone-nouvelle-generation-25-675-mm\/","title":{"rendered":"Moulin \u00e0 fleurs &#8211; Poign\u00e9e de moulin en silicone nouvelle g\u00e9n\u00e9ration &#8211; 2,5&Prime; (67,5 mm)"},"content":{"rendered":"<p>Moulin \u00e0 fleurs &#8211; Poign\u00e9e de moulin en silicone nouvelle g\u00e9n\u00e9ration &#8211; 2,5&Prime; (67,5 mm)<\/p>\n<ul>\n<li>Moins d&rsquo;efforts. Plus de confort.<\/li>\n<li>Confort am\u00e9lior\u00e9 \u2013 Le silicone souple tient bien dans la main.<\/li>\n<li>Protection suppl\u00e9mentaire &#8211; Offrez \u00e0 votre moulin \u00e0 fleurs une protection suppl\u00e9mentaire<\/li>\n<li>Compatible avec tous les broyeurs de 6,35 cm (2,5 pouces) &#8211; Next Gen Premium et Standard<\/li>\n<li>Mat\u00e9riaux de haute qualit\u00e9 &#8211; silicone de qualit\u00e9 alimentaire sans BPA<\/li>\n<\/ul>\n<p>Il suffit de le fixer sur le couvercle. Nettoyer \u00e0 l&rsquo;eau et au savon.<\/p>\n<p>Compatibilit\u00e9 : Convient \u00e0 tous les moulins \u00e0 fleurs de 2,5 pouces<br \/>\nMat\u00e9riaux : Silicone vulcanis\u00e9 au platine, sans BPA<br \/>\nDimensions : 67,5 mm x 19,3 mm<br \/>\nPoids : 13,5 g<\/p>\n<p>&nbsp;<\/p>\n<p>Tous les prix s&rsquo;appliquent uniquement aux commandes en ligne et incluent la TVA. Sous r\u00e9serve de modifications sans pr\u00e9avis, frais de livraison en sus. Sous r\u00e9serve d&rsquo;erreurs, de modifications de contenu de livraison et de conception, de fautes d&rsquo;impression et de modifications de prix. Les prix barr\u00e9s sont des prix de remplacement. Les illustrations peuvent diff\u00e9rer de l&rsquo;original\/du contenu de livraison.<br \/>\n*Livraison gratuite pour les commandes sup\u00e9rieures \u00e0 CHF 250.-.<\/p>\n","protected":false},"excerpt":{"rendered":"<p>Moulin \u00e0 fleurs &#8211; Poign\u00e9e de moulin en silicone nouvelle g\u00e9n\u00e9ration &#8211; 2,5&Prime; (67,5 mm) Moins d&rsquo;efforts. Plus de confort. Confort am\u00e9lior\u00e9 \u2013 Le silicone souple tient bien dans la main. Protection suppl\u00e9mentaire &#8211; Offrez \u00e0 votre moulin \u00e0 fleurs une protection suppl\u00e9mentaire Compatible avec tous les broyeurs de 6,35 cm (2,5 pouces) &#8211; Next [&hellip;]<\/p>\n","protected":false},"featured_media":212654,"template":"","meta":[],"product_brand":[5209],"product_cat":[3219,1995,2152],"product_tag":[],"class_list":{"0":"post-212648","1":"product","2":"type-product","3":"status-publish","4":"has-post-thumbnail","6":"product_brand-flower-mill","7":"product_cat-boutique-de-tete","8":"product_cat-divers-headshop","9":"product_cat-moulins-a-chanvre-a-base-dherbes-de-broyeur","10":"pa_farbe-clear","11":"pa_farbe-neon-green","13":"first","14":"onbackorder","15":"purchasable","16":"product-type-variable"},"yoast_head":"<!-- This site is optimized with the Yoast SEO plugin v27.0 - https:\/\/yoast.com\/product\/yoast-seo-wordpress\/ -->\n<title>Moulin \u00e0 fleurs - Poign\u00e9e de moulin en silicone nouvelle g\u00e9n\u00e9ration - 2,5&quot; (67,5 mm)<\/title>\n<meta name=\"description\" content=\"Moulin \u00e0 fleurs - Poign\u00e9e en silicone nouvelle g\u00e9n\u00e9ration - 67,5 mm (2,5&quot;) | Large choix de produits du tabac, cigarettes \u00e9lectroniques et accessoires pour fumeurs dans toute la Suisse | Cartes accept\u00e9es !\" \/>\n<meta name=\"robots\" content=\"index, follow, max-snippet:-1, max-image-preview:large, max-video-preview:-1\" \/>\n<link rel=\"canonical\" href=\"https:\/\/www.tabakversand.ch\/produit\/flower-mill-next-gen-silicone-mill-grip-2-5-67-5mm\/\" \/>\n<meta property=\"og:locale\" content=\"fr_FR\" \/>\n<meta property=\"og:type\" content=\"article\" \/>\n<meta property=\"og:title\" content=\"Moulin \u00e0 fleurs - Poign\u00e9e de moulin en silicone nouvelle g\u00e9n\u00e9ration - 2,5&quot; (67,5 mm)\" \/>\n<meta property=\"og:description\" content=\"Moulin \u00e0 fleurs - Poign\u00e9e en silicone nouvelle g\u00e9n\u00e9ration - 67,5 mm (2,5&quot;) | Large choix de produits du tabac, cigarettes \u00e9lectroniques et accessoires pour fumeurs dans toute la Suisse | Cartes accept\u00e9es !\" \/>\n<meta property=\"og:url\" content=\"https:\/\/www.tabakversand.ch\/produit\/flower-mill-next-gen-silicone-mill-grip-2-5-67-5mm\/\" \/>\n<meta property=\"og:site_name\" content=\"Tabakversand.ch | Alles aus der Welt des Tabaks\" \/>\n<meta property=\"article:modified_time\" content=\"2026-02-18T14:33:14+00:00\" \/>\n<meta property=\"og:image\" content=\"https:\/\/www.tabakversand.ch\/wp-content\/uploads\/2026\/02\/flower-mill-next-gen-silicone-mill-grip-2.5-67.5mm.jpg\" \/>\n\t<meta property=\"og:image:width\" content=\"500\" \/>\n\t<meta property=\"og:image:height\" content=\"500\" \/>\n\t<meta property=\"og:image:type\" content=\"image\/jpeg\" \/>\n<meta name=\"twitter:card\" content=\"summary_large_image\" \/>\n<meta name=\"twitter:label1\" content=\"Dur\u00e9e de lecture estim\u00e9e\" \/>\n\t<meta name=\"twitter:data1\" content=\"2 minutes\" \/>\n<script type=\"application\/ld+json\" class=\"yoast-schema-graph\">{\"@context\":\"https:\/\/schema.org\",\"@graph\":[{\"@type\":\"WebPage\",\"@id\":\"https:\/\/www.tabakversand.ch\/produit\/flower-mill-next-gen-silicone-mill-grip-2-5-67-5mm\/\",\"url\":\"https:\/\/www.tabakversand.ch\/produit\/flower-mill-next-gen-silicone-mill-grip-2-5-67-5mm\/\",\"name\":\"Moulin \u00e0 fleurs - Poign\u00e9e de moulin en silicone nouvelle g\u00e9n\u00e9ration - 2,5\\\" (67,5 mm)\",\"isPartOf\":{\"@id\":\"https:\/\/www.tabakversand.ch\/#website\"},\"primaryImageOfPage\":{\"@id\":\"https:\/\/www.tabakversand.ch\/produit\/flower-mill-next-gen-silicone-mill-grip-2-5-67-5mm\/#primaryimage\"},\"image\":{\"@id\":\"https:\/\/www.tabakversand.ch\/produit\/flower-mill-next-gen-silicone-mill-grip-2-5-67-5mm\/#primaryimage\"},\"thumbnailUrl\":\"https:\/\/www.tabakversand.ch\/wp-content\/uploads\/2026\/02\/flower-mill-next-gen-silicone-mill-grip-2.5-67.5mm.jpg\",\"datePublished\":\"2026-02-18T14:19:51+00:00\",\"dateModified\":\"2026-02-18T14:33:14+00:00\",\"description\":\"Moulin \u00e0 fleurs - Poign\u00e9e en silicone nouvelle g\u00e9n\u00e9ration - 67,5 mm (2,5\\\") | Large choix de produits du tabac, cigarettes \u00e9lectroniques et accessoires pour fumeurs dans toute la Suisse | Cartes accept\u00e9es !\",\"breadcrumb\":{\"@id\":\"https:\/\/www.tabakversand.ch\/produit\/flower-mill-next-gen-silicone-mill-grip-2-5-67-5mm\/#breadcrumb\"},\"inLanguage\":\"fr-FR\",\"potentialAction\":[{\"@type\":\"ReadAction\",\"target\":[\"https:\/\/www.tabakversand.ch\/produit\/flower-mill-next-gen-silicone-mill-grip-2-5-67-5mm\/\"]}]},{\"@type\":\"ImageObject\",\"inLanguage\":\"fr-FR\",\"@id\":\"https:\/\/www.tabakversand.ch\/produit\/flower-mill-next-gen-silicone-mill-grip-2-5-67-5mm\/#primaryimage\",\"url\":\"https:\/\/www.tabakversand.ch\/wp-content\/uploads\/2026\/02\/flower-mill-next-gen-silicone-mill-grip-2.5-67.5mm.jpg\",\"contentUrl\":\"https:\/\/www.tabakversand.ch\/wp-content\/uploads\/2026\/02\/flower-mill-next-gen-silicone-mill-grip-2.5-67.5mm.jpg\",\"width\":500,\"height\":500,\"caption\":\"Moulin \u00e0 fleurs - Poign\u00e9e en silicone nouvelle g\u00e9n\u00e9ration - 67,5 mm (2,5 po) | tabakversand.ch\"},{\"@type\":\"BreadcrumbList\",\"@id\":\"https:\/\/www.tabakversand.ch\/produit\/flower-mill-next-gen-silicone-mill-grip-2-5-67-5mm\/#breadcrumb\",\"itemListElement\":[{\"@type\":\"ListItem\",\"position\":1,\"name\":\"Startseite\",\"item\":\"https:\/\/www.tabakversand.ch\/\"},{\"@type\":\"ListItem\",\"position\":2,\"name\":\"Boutique\",\"item\":\"https:\/\/www.tabakversand.ch\/fr\/boutique\/\"},{\"@type\":\"ListItem\",\"position\":3,\"name\":\"Moulin \u00e0 fleurs - Poign\u00e9e de moulin en silicone nouvelle g\u00e9n\u00e9ration - 2,5\\\" (67,5 mm)\"}]},{\"@type\":\"WebSite\",\"@id\":\"https:\/\/www.tabakversand.ch\/#website\",\"url\":\"https:\/\/www.tabakversand.ch\/\",\"name\":\"Tabakversand.ch | Alles aus der Welt des Tabaks\",\"description\":\"Smoke and carpe diem\",\"potentialAction\":[{\"@type\":\"SearchAction\",\"target\":{\"@type\":\"EntryPoint\",\"urlTemplate\":\"https:\/\/www.tabakversand.ch\/?s={search_term_string}\"},\"query-input\":{\"@type\":\"PropertyValueSpecification\",\"valueRequired\":true,\"valueName\":\"search_term_string\"}}],\"inLanguage\":\"fr-FR\"}]}<\/script>\n<!-- \/ Yoast SEO plugin. -->","yoast_head_json":{"title":"Moulin \u00e0 fleurs - Poign\u00e9e de moulin en silicone nouvelle g\u00e9n\u00e9ration - 2,5\" (67,5 mm)","description":"Moulin \u00e0 fleurs - Poign\u00e9e en silicone nouvelle g\u00e9n\u00e9ration - 67,5 mm (2,5\") | Large choix de produits du tabac, cigarettes \u00e9lectroniques et accessoires pour fumeurs dans toute la Suisse | Cartes accept\u00e9es !","robots":{"index":"index","follow":"follow","max-snippet":"max-snippet:-1","max-image-preview":"max-image-preview:large","max-video-preview":"max-video-preview:-1"},"canonical":"https:\/\/www.tabakversand.ch\/produit\/flower-mill-next-gen-silicone-mill-grip-2-5-67-5mm\/","og_locale":"fr_FR","og_type":"article","og_title":"Moulin \u00e0 fleurs - Poign\u00e9e de moulin en silicone nouvelle g\u00e9n\u00e9ration - 2,5\" (67,5 mm)","og_description":"Moulin \u00e0 fleurs - Poign\u00e9e en silicone nouvelle g\u00e9n\u00e9ration - 67,5 mm (2,5\") | Large choix de produits du tabac, cigarettes \u00e9lectroniques et accessoires pour fumeurs dans toute la Suisse | Cartes accept\u00e9es !","og_url":"https:\/\/www.tabakversand.ch\/produit\/flower-mill-next-gen-silicone-mill-grip-2-5-67-5mm\/","og_site_name":"Tabakversand.ch | Alles aus der Welt des Tabaks","article_modified_time":"2026-02-18T14:33:14+00:00","og_image":[{"width":500,"height":500,"url":"https:\/\/www.tabakversand.ch\/wp-content\/uploads\/2026\/02\/flower-mill-next-gen-silicone-mill-grip-2.5-67.5mm.jpg","type":"image\/jpeg"}],"twitter_card":"summary_large_image","twitter_misc":{"Dur\u00e9e de lecture estim\u00e9e":"2 minutes"},"schema":{"@context":"https:\/\/schema.org","@graph":[{"@type":"WebPage","@id":"https:\/\/www.tabakversand.ch\/produit\/flower-mill-next-gen-silicone-mill-grip-2-5-67-5mm\/","url":"https:\/\/www.tabakversand.ch\/produit\/flower-mill-next-gen-silicone-mill-grip-2-5-67-5mm\/","name":"Moulin \u00e0 fleurs - Poign\u00e9e de moulin en silicone nouvelle g\u00e9n\u00e9ration - 2,5\" (67,5 mm)","isPartOf":{"@id":"https:\/\/www.tabakversand.ch\/#website"},"primaryImageOfPage":{"@id":"https:\/\/www.tabakversand.ch\/produit\/flower-mill-next-gen-silicone-mill-grip-2-5-67-5mm\/#primaryimage"},"image":{"@id":"https:\/\/www.tabakversand.ch\/produit\/flower-mill-next-gen-silicone-mill-grip-2-5-67-5mm\/#primaryimage"},"thumbnailUrl":"https:\/\/www.tabakversand.ch\/wp-content\/uploads\/2026\/02\/flower-mill-next-gen-silicone-mill-grip-2.5-67.5mm.jpg","datePublished":"2026-02-18T14:19:51+00:00","dateModified":"2026-02-18T14:33:14+00:00","description":"Moulin \u00e0 fleurs - Poign\u00e9e en silicone nouvelle g\u00e9n\u00e9ration - 67,5 mm (2,5\") | Large choix de produits du tabac, cigarettes \u00e9lectroniques et accessoires pour fumeurs dans toute la Suisse | Cartes accept\u00e9es !","breadcrumb":{"@id":"https:\/\/www.tabakversand.ch\/produit\/flower-mill-next-gen-silicone-mill-grip-2-5-67-5mm\/#breadcrumb"},"inLanguage":"fr-FR","potentialAction":[{"@type":"ReadAction","target":["https:\/\/www.tabakversand.ch\/produit\/flower-mill-next-gen-silicone-mill-grip-2-5-67-5mm\/"]}]},{"@type":"ImageObject","inLanguage":"fr-FR","@id":"https:\/\/www.tabakversand.ch\/produit\/flower-mill-next-gen-silicone-mill-grip-2-5-67-5mm\/#primaryimage","url":"https:\/\/www.tabakversand.ch\/wp-content\/uploads\/2026\/02\/flower-mill-next-gen-silicone-mill-grip-2.5-67.5mm.jpg","contentUrl":"https:\/\/www.tabakversand.ch\/wp-content\/uploads\/2026\/02\/flower-mill-next-gen-silicone-mill-grip-2.5-67.5mm.jpg","width":500,"height":500,"caption":"Moulin \u00e0 fleurs - Poign\u00e9e en silicone nouvelle g\u00e9n\u00e9ration - 67,5 mm (2,5 po) | tabakversand.ch"},{"@type":"BreadcrumbList","@id":"https:\/\/www.tabakversand.ch\/produit\/flower-mill-next-gen-silicone-mill-grip-2-5-67-5mm\/#breadcrumb","itemListElement":[{"@type":"ListItem","position":1,"name":"Startseite","item":"https:\/\/www.tabakversand.ch\/"},{"@type":"ListItem","position":2,"name":"Boutique","item":"https:\/\/www.tabakversand.ch\/fr\/boutique\/"},{"@type":"ListItem","position":3,"name":"Moulin \u00e0 fleurs - Poign\u00e9e de moulin en silicone nouvelle g\u00e9n\u00e9ration - 2,5\" (67,5 mm)"}]},{"@type":"WebSite","@id":"https:\/\/www.tabakversand.ch\/#website","url":"https:\/\/www.tabakversand.ch\/","name":"Tabakversand.ch | Alles aus der Welt des Tabaks","description":"Smoke and carpe diem","potentialAction":[{"@type":"SearchAction","target":{"@type":"EntryPoint","urlTemplate":"https:\/\/www.tabakversand.ch\/?s={search_term_string}"},"query-input":{"@type":"PropertyValueSpecification","valueRequired":true,"valueName":"search_term_string"}}],"inLanguage":"fr-FR"}]}},"_links":{"self":[{"href":"https:\/\/www.tabakversand.ch\/fr\/wp-json\/wp\/v2\/product\/212648","targetHints":{"allow":["GET"]}}],"collection":[{"href":"https:\/\/www.tabakversand.ch\/fr\/wp-json\/wp\/v2\/product"}],"about":[{"href":"https:\/\/www.tabakversand.ch\/fr\/wp-json\/wp\/v2\/types\/product"}],"version-history":[{"count":3,"href":"https:\/\/www.tabakversand.ch\/fr\/wp-json\/wp\/v2\/product\/212648\/revisions"}],"predecessor-version":[{"id":212686,"href":"https:\/\/www.tabakversand.ch\/fr\/wp-json\/wp\/v2\/product\/212648\/revisions\/212686"}],"wp:featuredmedia":[{"embeddable":true,"href":"https:\/\/www.tabakversand.ch\/fr\/wp-json\/wp\/v2\/media\/212654"}],"wp:attachment":[{"href":"https:\/\/www.tabakversand.ch\/fr\/wp-json\/wp\/v2\/media?parent=212648"}],"wp:term":[{"taxonomy":"product_brand","embeddable":true,"href":"https:\/\/www.tabakversand.ch\/fr\/wp-json\/wp\/v2\/product_brand?post=212648"},{"taxonomy":"product_cat","embeddable":true,"href":"https:\/\/www.tabakversand.ch\/fr\/wp-json\/wp\/v2\/product_cat?post=212648"},{"taxonomy":"product_tag","embeddable":true,"href":"https:\/\/www.tabakversand.ch\/fr\/wp-json\/wp\/v2\/product_tag?post=212648"}],"curies":[{"name":"wp","href":"https:\/\/api.w.org\/{rel}","templated":true}]}}