{"id":212733,"date":"2026-02-19T13:24:48","date_gmt":"2026-02-19T12:24:48","guid":{"rendered":"https:\/\/www.tabakversand.ch\/?post_type=product&#038;p=212733"},"modified":"2026-02-19T13:38:59","modified_gmt":"2026-02-19T12:38:59","slug":"hash-bunnies-gateau-de-bonbons-cbd-pour-interieur-1-x-60-g","status":"publish","type":"product","link":"https:\/\/www.tabakversand.ch\/fr\/produit\/hash-bunnies-gateau-de-bonbons-cbd-pour-interieur-1-x-60-g\/","title":{"rendered":"Hash Bunnies &#8211; G\u00e2teau de bonbons CBD pour int\u00e9rieur 1 x 60 g."},"content":{"rendered":"<p>Hash Bunnies &#8211; G\u00e2teau de bonbons CBD pour int\u00e9rieur 1 x 60 g.<\/p>\n<p>Compos\u00e9e d&rsquo;un m\u00e9lange de petites fleurs, de feuilles r\u00e9sineuses de haute qualit\u00e9 et de trichomes naturels, cette manucure CBD d&rsquo;int\u00e9rieur capture tout le profil aromatique de Candy Cake : une note douce et l\u00e9g\u00e8re, rappelant une p\u00e2tisserie.<\/p>\n<p>Id\u00e9al pour tous ceux qui souhaitent profiter d&rsquo;un CBD de haute qualit\u00e9 tout en respectant leur budget !<\/p>\n<p>Avec sa teneur certifi\u00e9e en CBD de 20 %, sa texture fine et homog\u00e8ne et son excellent rapport qualit\u00e9-prix, le Candy Cake est la garniture id\u00e9ale pour les consommateurs r\u00e9guliers ou pour toute personne souhaitant consommer du CBD quotidiennement.<\/p>\n<ul>\n<li>CBD : 20 %<\/li>\n<li>THC :&lt; 1,0%<\/li>\n<\/ul>\n<p>Tous les prix s&rsquo;appliquent uniquement aux commandes en ligne et incluent la TVA. Sous r\u00e9serve de modifications sans pr\u00e9avis, frais de livraison en sus. Sous r\u00e9serve d&rsquo;erreurs, de modifications de contenu de livraison et de conception, de fautes d&rsquo;impression et de modifications de prix. Les prix barr\u00e9s sont des prix de remplacement. Les illustrations peuvent diff\u00e9rer de l&rsquo;original\/du contenu de livraison.<br \/>\n*Livraison gratuite pour les commandes sup\u00e9rieures \u00e0 CHF 250.-.<\/p>\n","protected":false},"excerpt":{"rendered":"<p>Hash Bunnies &#8211; G\u00e2teau de bonbons CBD pour int\u00e9rieur 1 x 60 g. Compos\u00e9e d&rsquo;un m\u00e9lange de petites fleurs, de feuilles r\u00e9sineuses de haute qualit\u00e9 et de trichomes naturels, cette manucure CBD d&rsquo;int\u00e9rieur capture tout le profil aromatique de Candy Cake : une note douce et l\u00e9g\u00e8re, rappelant une p\u00e2tisserie. Id\u00e9al pour tous ceux qui [&hellip;]<\/p>\n","protected":false},"featured_media":212737,"template":"","meta":[],"product_brand":[5272],"product_cat":[3219,2101,1995],"product_tag":[],"class_list":{"0":"post-212733","1":"product","2":"type-product","3":"status-publish","4":"has-post-thumbnail","6":"product_brand-hash-bunnies","7":"product_cat-boutique-de-tete","8":"product_cat-chanvre-cbd","9":"product_cat-divers-headshop","11":"first","12":"onbackorder","13":"purchasable","14":"product-type-simple"},"yoast_head":"<!-- This site is optimized with the Yoast SEO plugin v27.0 - https:\/\/yoast.com\/product\/yoast-seo-wordpress\/ -->\n<title>Hash Bunnies - G\u00e2teau de bonbons CBD pour int\u00e9rieur 1 x 60 g. - Tabakversand.ch | Alles aus der Welt des Tabaks<\/title>\n<meta name=\"description\" content=\"Hash Bunnies - G\u00e2teau de bonbons CBD Indoor Trim 1 x 60g | Un large choix de produits du tabac, de cigarettes \u00e9lectroniques et d&#039;accessoires pour fumeurs dans toute la Suisse | Cartes accept\u00e9es !\" \/>\n<meta name=\"robots\" content=\"index, follow, max-snippet:-1, max-image-preview:large, max-video-preview:-1\" \/>\n<link rel=\"canonical\" href=\"https:\/\/www.tabakversand.ch\/it\/produit\/hash-bunnies-torta-di-caramelle-cbd-indoor-trim-1-x-60-gr\/\" \/>\n<meta property=\"og:locale\" content=\"fr_FR\" \/>\n<meta property=\"og:type\" content=\"article\" \/>\n<meta property=\"og:title\" content=\"Hash Bunnies - G\u00e2teau de bonbons CBD pour int\u00e9rieur 1 x 60 g. - Tabakversand.ch | Alles aus der Welt des Tabaks\" \/>\n<meta property=\"og:description\" content=\"Hash Bunnies - G\u00e2teau de bonbons CBD Indoor Trim 1 x 60g | Un large choix de produits du tabac, de cigarettes \u00e9lectroniques et d&#039;accessoires pour fumeurs dans toute la Suisse | Cartes accept\u00e9es !\" \/>\n<meta property=\"og:url\" content=\"https:\/\/www.tabakversand.ch\/it\/produit\/hash-bunnies-torta-di-caramelle-cbd-indoor-trim-1-x-60-gr\/\" \/>\n<meta property=\"og:site_name\" content=\"Tabakversand.ch | Alles aus der Welt des Tabaks\" \/>\n<meta property=\"article:modified_time\" content=\"2026-02-19T12:38:59+00:00\" \/>\n<meta property=\"og:image\" content=\"https:\/\/www.tabakversand.ch\/wp-content\/uploads\/2026\/02\/hash-bunnies-candy-cake-60.jpg\" \/>\n\t<meta property=\"og:image:width\" content=\"500\" \/>\n\t<meta property=\"og:image:height\" content=\"500\" \/>\n\t<meta property=\"og:image:type\" content=\"image\/jpeg\" \/>\n<meta name=\"twitter:card\" content=\"summary_large_image\" \/>\n<meta name=\"twitter:label1\" content=\"Dur\u00e9e de lecture estim\u00e9e\" \/>\n\t<meta name=\"twitter:data1\" content=\"2 minutes\" \/>\n<script type=\"application\/ld+json\" class=\"yoast-schema-graph\">{\"@context\":\"https:\/\/schema.org\",\"@graph\":[{\"@type\":\"WebPage\",\"@id\":\"https:\/\/www.tabakversand.ch\/it\/produit\/hash-bunnies-torta-di-caramelle-cbd-indoor-trim-1-x-60-gr\/\",\"url\":\"https:\/\/www.tabakversand.ch\/it\/produit\/hash-bunnies-torta-di-caramelle-cbd-indoor-trim-1-x-60-gr\/\",\"name\":\"Hash Bunnies - G\u00e2teau de bonbons CBD pour int\u00e9rieur 1 x 60 g. - Tabakversand.ch | Alles aus der Welt des Tabaks\",\"isPartOf\":{\"@id\":\"https:\/\/www.tabakversand.ch\/#website\"},\"primaryImageOfPage\":{\"@id\":\"https:\/\/www.tabakversand.ch\/it\/produit\/hash-bunnies-torta-di-caramelle-cbd-indoor-trim-1-x-60-gr\/#primaryimage\"},\"image\":{\"@id\":\"https:\/\/www.tabakversand.ch\/it\/produit\/hash-bunnies-torta-di-caramelle-cbd-indoor-trim-1-x-60-gr\/#primaryimage\"},\"thumbnailUrl\":\"https:\/\/www.tabakversand.ch\/wp-content\/uploads\/2026\/02\/hash-bunnies-candy-cake-60.jpg\",\"datePublished\":\"2026-02-19T12:24:48+00:00\",\"dateModified\":\"2026-02-19T12:38:59+00:00\",\"description\":\"Hash Bunnies - G\u00e2teau de bonbons CBD Indoor Trim 1 x 60g | Un large choix de produits du tabac, de cigarettes \u00e9lectroniques et d'accessoires pour fumeurs dans toute la Suisse | Cartes accept\u00e9es !\",\"breadcrumb\":{\"@id\":\"https:\/\/www.tabakversand.ch\/it\/produit\/hash-bunnies-torta-di-caramelle-cbd-indoor-trim-1-x-60-gr\/#breadcrumb\"},\"inLanguage\":\"fr-FR\",\"potentialAction\":[{\"@type\":\"ReadAction\",\"target\":[\"https:\/\/www.tabakversand.ch\/it\/produit\/hash-bunnies-torta-di-caramelle-cbd-indoor-trim-1-x-60-gr\/\"]}]},{\"@type\":\"ImageObject\",\"inLanguage\":\"fr-FR\",\"@id\":\"https:\/\/www.tabakversand.ch\/it\/produit\/hash-bunnies-torta-di-caramelle-cbd-indoor-trim-1-x-60-gr\/#primaryimage\",\"url\":\"https:\/\/www.tabakversand.ch\/wp-content\/uploads\/2026\/02\/hash-bunnies-candy-cake-60.jpg\",\"contentUrl\":\"https:\/\/www.tabakversand.ch\/wp-content\/uploads\/2026\/02\/hash-bunnies-candy-cake-60.jpg\",\"width\":500,\"height\":500,\"caption\":\"Hash Bunnies - G\u00e2teau de bonbons CBD pour int\u00e9rieur 1 x 60 g. | tabakversand.ch\"},{\"@type\":\"BreadcrumbList\",\"@id\":\"https:\/\/www.tabakversand.ch\/it\/produit\/hash-bunnies-torta-di-caramelle-cbd-indoor-trim-1-x-60-gr\/#breadcrumb\",\"itemListElement\":[{\"@type\":\"ListItem\",\"position\":1,\"name\":\"Startseite\",\"item\":\"https:\/\/www.tabakversand.ch\/\"},{\"@type\":\"ListItem\",\"position\":2,\"name\":\"Boutique\",\"item\":\"https:\/\/www.tabakversand.ch\/fr\/boutique\/\"},{\"@type\":\"ListItem\",\"position\":3,\"name\":\"Hash Bunnies - G\u00e2teau de bonbons CBD pour int\u00e9rieur 1 x 60 g.\"}]},{\"@type\":\"WebSite\",\"@id\":\"https:\/\/www.tabakversand.ch\/#website\",\"url\":\"https:\/\/www.tabakversand.ch\/\",\"name\":\"Tabakversand.ch | Alles aus der Welt des Tabaks\",\"description\":\"Smoke and carpe diem\",\"potentialAction\":[{\"@type\":\"SearchAction\",\"target\":{\"@type\":\"EntryPoint\",\"urlTemplate\":\"https:\/\/www.tabakversand.ch\/?s={search_term_string}\"},\"query-input\":{\"@type\":\"PropertyValueSpecification\",\"valueRequired\":true,\"valueName\":\"search_term_string\"}}],\"inLanguage\":\"fr-FR\"}]}<\/script>\n<!-- \/ Yoast SEO plugin. -->","yoast_head_json":{"title":"Hash Bunnies - G\u00e2teau de bonbons CBD pour int\u00e9rieur 1 x 60 g. - Tabakversand.ch | Alles aus der Welt des Tabaks","description":"Hash Bunnies - G\u00e2teau de bonbons CBD Indoor Trim 1 x 60g | Un large choix de produits du tabac, de cigarettes \u00e9lectroniques et d'accessoires pour fumeurs dans toute la Suisse | Cartes accept\u00e9es !","robots":{"index":"index","follow":"follow","max-snippet":"max-snippet:-1","max-image-preview":"max-image-preview:large","max-video-preview":"max-video-preview:-1"},"canonical":"https:\/\/www.tabakversand.ch\/it\/produit\/hash-bunnies-torta-di-caramelle-cbd-indoor-trim-1-x-60-gr\/","og_locale":"fr_FR","og_type":"article","og_title":"Hash Bunnies - G\u00e2teau de bonbons CBD pour int\u00e9rieur 1 x 60 g. - Tabakversand.ch | Alles aus der Welt des Tabaks","og_description":"Hash Bunnies - G\u00e2teau de bonbons CBD Indoor Trim 1 x 60g | Un large choix de produits du tabac, de cigarettes \u00e9lectroniques et d'accessoires pour fumeurs dans toute la Suisse | Cartes accept\u00e9es !","og_url":"https:\/\/www.tabakversand.ch\/it\/produit\/hash-bunnies-torta-di-caramelle-cbd-indoor-trim-1-x-60-gr\/","og_site_name":"Tabakversand.ch | Alles aus der Welt des Tabaks","article_modified_time":"2026-02-19T12:38:59+00:00","og_image":[{"width":500,"height":500,"url":"https:\/\/www.tabakversand.ch\/wp-content\/uploads\/2026\/02\/hash-bunnies-candy-cake-60.jpg","type":"image\/jpeg"}],"twitter_card":"summary_large_image","twitter_misc":{"Dur\u00e9e de lecture estim\u00e9e":"2 minutes"},"schema":{"@context":"https:\/\/schema.org","@graph":[{"@type":"WebPage","@id":"https:\/\/www.tabakversand.ch\/it\/produit\/hash-bunnies-torta-di-caramelle-cbd-indoor-trim-1-x-60-gr\/","url":"https:\/\/www.tabakversand.ch\/it\/produit\/hash-bunnies-torta-di-caramelle-cbd-indoor-trim-1-x-60-gr\/","name":"Hash Bunnies - G\u00e2teau de bonbons CBD pour int\u00e9rieur 1 x 60 g. - Tabakversand.ch | Alles aus der Welt des Tabaks","isPartOf":{"@id":"https:\/\/www.tabakversand.ch\/#website"},"primaryImageOfPage":{"@id":"https:\/\/www.tabakversand.ch\/it\/produit\/hash-bunnies-torta-di-caramelle-cbd-indoor-trim-1-x-60-gr\/#primaryimage"},"image":{"@id":"https:\/\/www.tabakversand.ch\/it\/produit\/hash-bunnies-torta-di-caramelle-cbd-indoor-trim-1-x-60-gr\/#primaryimage"},"thumbnailUrl":"https:\/\/www.tabakversand.ch\/wp-content\/uploads\/2026\/02\/hash-bunnies-candy-cake-60.jpg","datePublished":"2026-02-19T12:24:48+00:00","dateModified":"2026-02-19T12:38:59+00:00","description":"Hash Bunnies - G\u00e2teau de bonbons CBD Indoor Trim 1 x 60g | Un large choix de produits du tabac, de cigarettes \u00e9lectroniques et d'accessoires pour fumeurs dans toute la Suisse | Cartes accept\u00e9es !","breadcrumb":{"@id":"https:\/\/www.tabakversand.ch\/it\/produit\/hash-bunnies-torta-di-caramelle-cbd-indoor-trim-1-x-60-gr\/#breadcrumb"},"inLanguage":"fr-FR","potentialAction":[{"@type":"ReadAction","target":["https:\/\/www.tabakversand.ch\/it\/produit\/hash-bunnies-torta-di-caramelle-cbd-indoor-trim-1-x-60-gr\/"]}]},{"@type":"ImageObject","inLanguage":"fr-FR","@id":"https:\/\/www.tabakversand.ch\/it\/produit\/hash-bunnies-torta-di-caramelle-cbd-indoor-trim-1-x-60-gr\/#primaryimage","url":"https:\/\/www.tabakversand.ch\/wp-content\/uploads\/2026\/02\/hash-bunnies-candy-cake-60.jpg","contentUrl":"https:\/\/www.tabakversand.ch\/wp-content\/uploads\/2026\/02\/hash-bunnies-candy-cake-60.jpg","width":500,"height":500,"caption":"Hash Bunnies - G\u00e2teau de bonbons CBD pour int\u00e9rieur 1 x 60 g. | tabakversand.ch"},{"@type":"BreadcrumbList","@id":"https:\/\/www.tabakversand.ch\/it\/produit\/hash-bunnies-torta-di-caramelle-cbd-indoor-trim-1-x-60-gr\/#breadcrumb","itemListElement":[{"@type":"ListItem","position":1,"name":"Startseite","item":"https:\/\/www.tabakversand.ch\/"},{"@type":"ListItem","position":2,"name":"Boutique","item":"https:\/\/www.tabakversand.ch\/fr\/boutique\/"},{"@type":"ListItem","position":3,"name":"Hash Bunnies - G\u00e2teau de bonbons CBD pour int\u00e9rieur 1 x 60 g."}]},{"@type":"WebSite","@id":"https:\/\/www.tabakversand.ch\/#website","url":"https:\/\/www.tabakversand.ch\/","name":"Tabakversand.ch | Alles aus der Welt des Tabaks","description":"Smoke and carpe diem","potentialAction":[{"@type":"SearchAction","target":{"@type":"EntryPoint","urlTemplate":"https:\/\/www.tabakversand.ch\/?s={search_term_string}"},"query-input":{"@type":"PropertyValueSpecification","valueRequired":true,"valueName":"search_term_string"}}],"inLanguage":"fr-FR"}]}},"_links":{"self":[{"href":"https:\/\/www.tabakversand.ch\/fr\/wp-json\/wp\/v2\/product\/212733","targetHints":{"allow":["GET"]}}],"collection":[{"href":"https:\/\/www.tabakversand.ch\/fr\/wp-json\/wp\/v2\/product"}],"about":[{"href":"https:\/\/www.tabakversand.ch\/fr\/wp-json\/wp\/v2\/types\/product"}],"version-history":[{"count":3,"href":"https:\/\/www.tabakversand.ch\/fr\/wp-json\/wp\/v2\/product\/212733\/revisions"}],"predecessor-version":[{"id":212799,"href":"https:\/\/www.tabakversand.ch\/fr\/wp-json\/wp\/v2\/product\/212733\/revisions\/212799"}],"wp:featuredmedia":[{"embeddable":true,"href":"https:\/\/www.tabakversand.ch\/fr\/wp-json\/wp\/v2\/media\/212737"}],"wp:attachment":[{"href":"https:\/\/www.tabakversand.ch\/fr\/wp-json\/wp\/v2\/media?parent=212733"}],"wp:term":[{"taxonomy":"product_brand","embeddable":true,"href":"https:\/\/www.tabakversand.ch\/fr\/wp-json\/wp\/v2\/product_brand?post=212733"},{"taxonomy":"product_cat","embeddable":true,"href":"https:\/\/www.tabakversand.ch\/fr\/wp-json\/wp\/v2\/product_cat?post=212733"},{"taxonomy":"product_tag","embeddable":true,"href":"https:\/\/www.tabakversand.ch\/fr\/wp-json\/wp\/v2\/product_tag?post=212733"}],"curies":[{"name":"wp","href":"https:\/\/api.w.org\/{rel}","templated":true}]}}