{"id":212809,"date":"2026-02-19T13:54:31","date_gmt":"2026-02-19T12:54:31","guid":{"rendered":"https:\/\/www.tabakversand.ch\/?post_type=product&#038;p=212809"},"modified":"2026-04-13T20:27:22","modified_gmt":"2026-04-13T18:27:22","slug":"winslow-n-1","status":"publish","type":"product","link":"https:\/\/www.tabakversand.ch\/fr\/produit\/winslow-n-1\/","title":{"rendered":"Poul Winslow n\u00b0 1"},"content":{"rendered":"<p>Poul Winslow n\u00b0 1<\/p>\n<p>Poul Winslow No. 1 est un m\u00e9lange de tabac \u00e0 pipe tr\u00e8s l\u00e9ger, compos\u00e9 de Virginie, de Burley et de Black Cavendish. Cette composition finement \u00e9quilibr\u00e9e offre un ar\u00f4me doux et l\u00e9g\u00e8rement sucr\u00e9, ainsi qu&rsquo;une exp\u00e9rience de fumage particuli\u00e8rement agr\u00e9able et onctueuse. <\/p>\n<p>Gr\u00e2ce \u00e0 sa saveur tr\u00e8s douce, le Poul Winslow No. 1 est id\u00e9al pour les d\u00e9butants et tous les fumeurs de pipe qui appr\u00e9cient une exp\u00e9rience douce et simple. Son m\u00e9lange harmonieux garantit des moments de d\u00e9tente sans aucune saveur trop prononc\u00e9e. <\/p>\n<p>Points forts du produit&nbsp;:<\/p>\n<ul>\n<li>M\u00e9lange de tabac \u00e0 pipe tr\u00e8s l\u00e9ger<\/li>\n<li>Virginie, Burley et Black Cavendish<\/li>\n<li>Ar\u00f4me doux et l\u00e9g\u00e8rement sucr\u00e9<\/li>\n<li>Exp\u00e9rience de fumage agr\u00e9ablement douce<\/li>\n<\/ul>\n<p>Parfait pour les d\u00e9butants et pour de l\u00e9gers moments de plaisir.<\/p>\n<ul>\n<li>1 x 100 g<\/li>\n<\/ul>\n<p>Chez tabakversand.ch, vous recevez le tabac \u00e0 pipe Poul Winslow n\u00b0 1 fra\u00eechement conserv\u00e9 dans son emballage d&rsquo;origine. Un stockage soign\u00e9 garantit une pr\u00e9servation optimale de son ar\u00f4me, de son humidit\u00e9 et de sa qualit\u00e9 jusqu&rsquo;\u00e0 l&rsquo;exp\u00e9dition. Gr\u00e2ce \u00e0 une livraison rapide en Suisse, votre tabac \u00e0 pipe vous parvient g\u00e9n\u00e9ralement tr\u00e8s rapidement.   <\/p>\n<p>Pour en savoir plus sur Poul Winslow, veuillez consulter sa page Wikip\u00e9dia&nbsp;: <a href=\"https:\/\/de.wikipedia.org\/wiki\/Poul_Winslow\">cliquez ici<\/a> . Pour toute question concernant le produit, n\u2019h\u00e9sitez pas \u00e0 nous contacter&nbsp;: <a href=\"https:\/\/www.tabakversand.ch\/kontakt\/\">cliquez ici<\/a> . <\/p>\n<p>Tous les prix indiqu\u00e9s sont valables uniquement pour les commandes en ligne, TVA incluse, et peuvent \u00eatre modifi\u00e9s sans pr\u00e9avis. Les frais de port sont en sus.   Sous r\u00e9serve d&rsquo;erreurs, de modifications de l&rsquo;\u00e9tendue de la livraison et de la conception, d&rsquo;erreurs d&rsquo;impression et de modifications de prix. Les prix barr\u00e9s sont plut\u00f4t des prix. L&rsquo;illustration peut diff\u00e9rer de l&rsquo;original\/de l&rsquo;\u00e9tendue de la livraison.<br \/>\n*Livraison gratuite pour les commandes sup\u00e9rieures \u00e0 CHF 250.-.<\/p>\n","protected":false},"excerpt":{"rendered":"<p>Poul Winslow n\u00b0 1 Poul Winslow No. 1 est un m\u00e9lange de tabac \u00e0 pipe tr\u00e8s l\u00e9ger, compos\u00e9 de Virginie, de Burley et de Black Cavendish. Cette composition finement \u00e9quilibr\u00e9e offre un ar\u00f4me doux et l\u00e9g\u00e8rement sucr\u00e9, ainsi qu&rsquo;une exp\u00e9rience de fumage particuli\u00e8rement agr\u00e9able et onctueuse. Gr\u00e2ce \u00e0 sa saveur tr\u00e8s douce, le Poul Winslow [&hellip;]<\/p>\n","protected":false},"featured_media":212813,"template":"","meta":[],"product_brand":[5347],"product_cat":[5814,1949,1888,2040],"product_tag":[],"class_list":{"0":"post-212809","1":"product","2":"type-product","3":"status-publish","4":"has-post-thumbnail","6":"product_brand-poul-winslow","7":"product_cat-boites","8":"product_cat-pipe-world-fr","9":"product_cat-tabac","10":"product_cat-tabac-a-pipe-fr","12":"first","13":"onbackorder","14":"featured","15":"purchasable","16":"product-type-simple"},"yoast_head":"<!-- This site is optimized with the Yoast SEO plugin v27.5 - https:\/\/yoast.com\/product\/yoast-seo-wordpress\/ -->\n<title>Tabac \u00e0 pipe Winslow n\u00b0 1 \u2013 Cavendish noir, Virginie doux<\/title>\n<meta name=\"description\" content=\"Tabac \u00e0 pipe Poul Winslow n\u00b0 1 \u2013 un m\u00e9lange tr\u00e8s l\u00e9ger de Virginie, de Burley et de Black Cavendish. Doux, l\u00e9g\u00e8rement sucr\u00e9 et agr\u00e9ablement onctueux \u00e0 fumer.\" \/>\n<meta name=\"robots\" content=\"index, follow, max-snippet:-1, max-image-preview:large, max-video-preview:-1\" \/>\n<link rel=\"canonical\" href=\"https:\/\/www.tabakversand.ch\/fr\/produit\/winslow-n-1\/\" \/>\n<meta property=\"og:locale\" content=\"fr_FR\" \/>\n<meta property=\"og:type\" content=\"article\" \/>\n<meta property=\"og:title\" content=\"Tabac \u00e0 pipe Winslow n\u00b0 1 \u2013 Cavendish noir, Virginie doux\" \/>\n<meta property=\"og:description\" content=\"Tabac \u00e0 pipe Poul Winslow n\u00b0 1 \u2013 un m\u00e9lange tr\u00e8s l\u00e9ger de Virginie, de Burley et de Black Cavendish. Doux, l\u00e9g\u00e8rement sucr\u00e9 et agr\u00e9ablement onctueux \u00e0 fumer.\" \/>\n<meta property=\"og:url\" content=\"https:\/\/www.tabakversand.ch\/fr\/produit\/winslow-n-1\/\" \/>\n<meta property=\"og:site_name\" content=\"Tabakversand.ch | Alles aus der Welt des Tabaks\" \/>\n<meta property=\"article:modified_time\" content=\"2026-04-13T18:27:22+00:00\" \/>\n<meta property=\"og:image\" content=\"https:\/\/www.tabakversand.ch\/wp-content\/uploads\/2026\/02\/winslow-no1.jpg\" \/>\n\t<meta property=\"og:image:width\" content=\"500\" \/>\n\t<meta property=\"og:image:height\" content=\"500\" \/>\n\t<meta property=\"og:image:type\" content=\"image\/jpeg\" \/>\n<meta name=\"twitter:card\" content=\"summary_large_image\" \/>\n<meta name=\"twitter:label1\" content=\"Dur\u00e9e de lecture estim\u00e9e\" \/>\n\t<meta name=\"twitter:data1\" content=\"2 minutes\" \/>\n<script type=\"application\/ld+json\" class=\"yoast-schema-graph\">{\"@context\":\"https:\\\/\\\/schema.org\",\"@graph\":[{\"@type\":\"WebPage\",\"@id\":\"https:\\\/\\\/www.tabakversand.ch\\\/fr\\\/produit\\\/winslow-n-1\\\/\",\"url\":\"https:\\\/\\\/www.tabakversand.ch\\\/fr\\\/produit\\\/winslow-n-1\\\/\",\"name\":\"Tabac \u00e0 pipe Winslow n\u00b0 1 \u2013 Cavendish noir, Virginie doux\",\"isPartOf\":{\"@id\":\"https:\\\/\\\/www.tabakversand.ch\\\/#website\"},\"primaryImageOfPage\":{\"@id\":\"https:\\\/\\\/www.tabakversand.ch\\\/fr\\\/produit\\\/winslow-n-1\\\/#primaryimage\"},\"image\":{\"@id\":\"https:\\\/\\\/www.tabakversand.ch\\\/fr\\\/produit\\\/winslow-n-1\\\/#primaryimage\"},\"thumbnailUrl\":\"https:\\\/\\\/www.tabakversand.ch\\\/wp-content\\\/uploads\\\/2026\\\/02\\\/winslow-no1.jpg\",\"datePublished\":\"2026-02-19T12:54:31+00:00\",\"dateModified\":\"2026-04-13T18:27:22+00:00\",\"description\":\"Tabac \u00e0 pipe Poul Winslow n\u00b0 1 \u2013 un m\u00e9lange tr\u00e8s l\u00e9ger de Virginie, de Burley et de Black Cavendish. Doux, l\u00e9g\u00e8rement sucr\u00e9 et agr\u00e9ablement onctueux \u00e0 fumer.\",\"breadcrumb\":{\"@id\":\"https:\\\/\\\/www.tabakversand.ch\\\/fr\\\/produit\\\/winslow-n-1\\\/#breadcrumb\"},\"inLanguage\":\"fr-FR\",\"potentialAction\":[{\"@type\":\"ReadAction\",\"target\":[\"https:\\\/\\\/www.tabakversand.ch\\\/fr\\\/produit\\\/winslow-n-1\\\/\"]}]},{\"@type\":\"ImageObject\",\"inLanguage\":\"fr-FR\",\"@id\":\"https:\\\/\\\/www.tabakversand.ch\\\/fr\\\/produit\\\/winslow-n-1\\\/#primaryimage\",\"url\":\"https:\\\/\\\/www.tabakversand.ch\\\/wp-content\\\/uploads\\\/2026\\\/02\\\/winslow-no1.jpg\",\"contentUrl\":\"https:\\\/\\\/www.tabakversand.ch\\\/wp-content\\\/uploads\\\/2026\\\/02\\\/winslow-no1.jpg\",\"width\":500,\"height\":500,\"caption\":\"Tabac \u00e0 pipe Winslow n\u00b0 1 1 x 100 g | tabakversand.ch\"},{\"@type\":\"BreadcrumbList\",\"@id\":\"https:\\\/\\\/www.tabakversand.ch\\\/fr\\\/produit\\\/winslow-n-1\\\/#breadcrumb\",\"itemListElement\":[{\"@type\":\"ListItem\",\"position\":1,\"name\":\"Startseite\",\"item\":\"https:\\\/\\\/www.tabakversand.ch\\\/\"},{\"@type\":\"ListItem\",\"position\":2,\"name\":\"Boutique\",\"item\":\"https:\\\/\\\/www.tabakversand.ch\\\/fr\\\/boutique\\\/\"},{\"@type\":\"ListItem\",\"position\":3,\"name\":\"Poul Winslow n\u00b0 1\"}]},{\"@type\":\"WebSite\",\"@id\":\"https:\\\/\\\/www.tabakversand.ch\\\/#website\",\"url\":\"https:\\\/\\\/www.tabakversand.ch\\\/\",\"name\":\"Tabakversand.ch | Alles aus der Welt des Tabaks\",\"description\":\"Smoke and carpe diem\",\"potentialAction\":[{\"@type\":\"SearchAction\",\"target\":{\"@type\":\"EntryPoint\",\"urlTemplate\":\"https:\\\/\\\/www.tabakversand.ch\\\/?s={search_term_string}\"},\"query-input\":{\"@type\":\"PropertyValueSpecification\",\"valueRequired\":true,\"valueName\":\"search_term_string\"}}],\"inLanguage\":\"fr-FR\"}]}<\/script>\n<!-- \/ Yoast SEO plugin. -->","yoast_head_json":{"title":"Tabac \u00e0 pipe Winslow n\u00b0 1 \u2013 Cavendish noir, Virginie doux","description":"Tabac \u00e0 pipe Poul Winslow n\u00b0 1 \u2013 un m\u00e9lange tr\u00e8s l\u00e9ger de Virginie, de Burley et de Black Cavendish. Doux, l\u00e9g\u00e8rement sucr\u00e9 et agr\u00e9ablement onctueux \u00e0 fumer.","robots":{"index":"index","follow":"follow","max-snippet":"max-snippet:-1","max-image-preview":"max-image-preview:large","max-video-preview":"max-video-preview:-1"},"canonical":"https:\/\/www.tabakversand.ch\/fr\/produit\/winslow-n-1\/","og_locale":"fr_FR","og_type":"article","og_title":"Tabac \u00e0 pipe Winslow n\u00b0 1 \u2013 Cavendish noir, Virginie doux","og_description":"Tabac \u00e0 pipe Poul Winslow n\u00b0 1 \u2013 un m\u00e9lange tr\u00e8s l\u00e9ger de Virginie, de Burley et de Black Cavendish. Doux, l\u00e9g\u00e8rement sucr\u00e9 et agr\u00e9ablement onctueux \u00e0 fumer.","og_url":"https:\/\/www.tabakversand.ch\/fr\/produit\/winslow-n-1\/","og_site_name":"Tabakversand.ch | Alles aus der Welt des Tabaks","article_modified_time":"2026-04-13T18:27:22+00:00","og_image":[{"width":500,"height":500,"url":"https:\/\/www.tabakversand.ch\/wp-content\/uploads\/2026\/02\/winslow-no1.jpg","type":"image\/jpeg"}],"twitter_card":"summary_large_image","twitter_misc":{"Dur\u00e9e de lecture estim\u00e9e":"2 minutes"},"schema":{"@context":"https:\/\/schema.org","@graph":[{"@type":"WebPage","@id":"https:\/\/www.tabakversand.ch\/fr\/produit\/winslow-n-1\/","url":"https:\/\/www.tabakversand.ch\/fr\/produit\/winslow-n-1\/","name":"Tabac \u00e0 pipe Winslow n\u00b0 1 \u2013 Cavendish noir, Virginie doux","isPartOf":{"@id":"https:\/\/www.tabakversand.ch\/#website"},"primaryImageOfPage":{"@id":"https:\/\/www.tabakversand.ch\/fr\/produit\/winslow-n-1\/#primaryimage"},"image":{"@id":"https:\/\/www.tabakversand.ch\/fr\/produit\/winslow-n-1\/#primaryimage"},"thumbnailUrl":"https:\/\/www.tabakversand.ch\/wp-content\/uploads\/2026\/02\/winslow-no1.jpg","datePublished":"2026-02-19T12:54:31+00:00","dateModified":"2026-04-13T18:27:22+00:00","description":"Tabac \u00e0 pipe Poul Winslow n\u00b0 1 \u2013 un m\u00e9lange tr\u00e8s l\u00e9ger de Virginie, de Burley et de Black Cavendish. Doux, l\u00e9g\u00e8rement sucr\u00e9 et agr\u00e9ablement onctueux \u00e0 fumer.","breadcrumb":{"@id":"https:\/\/www.tabakversand.ch\/fr\/produit\/winslow-n-1\/#breadcrumb"},"inLanguage":"fr-FR","potentialAction":[{"@type":"ReadAction","target":["https:\/\/www.tabakversand.ch\/fr\/produit\/winslow-n-1\/"]}]},{"@type":"ImageObject","inLanguage":"fr-FR","@id":"https:\/\/www.tabakversand.ch\/fr\/produit\/winslow-n-1\/#primaryimage","url":"https:\/\/www.tabakversand.ch\/wp-content\/uploads\/2026\/02\/winslow-no1.jpg","contentUrl":"https:\/\/www.tabakversand.ch\/wp-content\/uploads\/2026\/02\/winslow-no1.jpg","width":500,"height":500,"caption":"Tabac \u00e0 pipe Winslow n\u00b0 1 1 x 100 g | tabakversand.ch"},{"@type":"BreadcrumbList","@id":"https:\/\/www.tabakversand.ch\/fr\/produit\/winslow-n-1\/#breadcrumb","itemListElement":[{"@type":"ListItem","position":1,"name":"Startseite","item":"https:\/\/www.tabakversand.ch\/"},{"@type":"ListItem","position":2,"name":"Boutique","item":"https:\/\/www.tabakversand.ch\/fr\/boutique\/"},{"@type":"ListItem","position":3,"name":"Poul Winslow n\u00b0 1"}]},{"@type":"WebSite","@id":"https:\/\/www.tabakversand.ch\/#website","url":"https:\/\/www.tabakversand.ch\/","name":"Tabakversand.ch | Alles aus der Welt des Tabaks","description":"Smoke and carpe diem","potentialAction":[{"@type":"SearchAction","target":{"@type":"EntryPoint","urlTemplate":"https:\/\/www.tabakversand.ch\/?s={search_term_string}"},"query-input":{"@type":"PropertyValueSpecification","valueRequired":true,"valueName":"search_term_string"}}],"inLanguage":"fr-FR"}]}},"_links":{"self":[{"href":"https:\/\/www.tabakversand.ch\/fr\/wp-json\/wp\/v2\/product\/212809","targetHints":{"allow":["GET"]}}],"collection":[{"href":"https:\/\/www.tabakversand.ch\/fr\/wp-json\/wp\/v2\/product"}],"about":[{"href":"https:\/\/www.tabakversand.ch\/fr\/wp-json\/wp\/v2\/types\/product"}],"version-history":[{"count":7,"href":"https:\/\/www.tabakversand.ch\/fr\/wp-json\/wp\/v2\/product\/212809\/revisions"}],"predecessor-version":[{"id":217983,"href":"https:\/\/www.tabakversand.ch\/fr\/wp-json\/wp\/v2\/product\/212809\/revisions\/217983"}],"wp:featuredmedia":[{"embeddable":true,"href":"https:\/\/www.tabakversand.ch\/fr\/wp-json\/wp\/v2\/media\/212813"}],"wp:attachment":[{"href":"https:\/\/www.tabakversand.ch\/fr\/wp-json\/wp\/v2\/media?parent=212809"}],"wp:term":[{"taxonomy":"product_brand","embeddable":true,"href":"https:\/\/www.tabakversand.ch\/fr\/wp-json\/wp\/v2\/product_brand?post=212809"},{"taxonomy":"product_cat","embeddable":true,"href":"https:\/\/www.tabakversand.ch\/fr\/wp-json\/wp\/v2\/product_cat?post=212809"},{"taxonomy":"product_tag","embeddable":true,"href":"https:\/\/www.tabakversand.ch\/fr\/wp-json\/wp\/v2\/product_tag?post=212809"}],"curies":[{"name":"wp","href":"https:\/\/api.w.org\/{rel}","templated":true}]}}