{"id":214261,"date":"2026-03-05T14:59:41","date_gmt":"2026-03-05T13:59:41","guid":{"rendered":"https:\/\/www.tabakversand.ch\/?post_type=product&#038;p=214261"},"modified":"2026-03-05T15:10:49","modified_gmt":"2026-03-05T14:10:49","slug":"adalya-pasteque-menthe-1-x-50-g","status":"publish","type":"product","link":"https:\/\/www.tabakversand.ch\/fr\/produit\/adalya-pasteque-menthe-1-x-50-g\/","title":{"rendered":"Adalya Past\u00e8que Menthe 1 x 50 g"},"content":{"rendered":"<h2>Adalya Past\u00e8que Menthe<\/h2>\n<p>La past\u00e8que juteuse et sucr\u00e9e rencontre la menthe rafra\u00eechissante<\/p>\n<p>Le tabac \u00e0 chicha Adalya Past\u00e8que Menthe allie le meilleur de deux mondes&nbsp;: la saveur juteuse et sucr\u00e9e de la past\u00e8que et la fra\u00eecheur vivifiante de la menthe. Cette combinaison harmonieuse offre une exp\u00e9rience chicha rafra\u00eechissante, fruit\u00e9e et intense, pour un pur moment de plaisir. <\/p>\n<p>La past\u00e8que sucr\u00e9e apporte une douceur agr\u00e9able et juteuse, tandis que la menthe offre une fra\u00eecheur intense qui dynamise l&rsquo;exp\u00e9rience et dure longtemps. Parfaite pour les soir\u00e9es d\u00e9tente ou les moments entre amis, la chicha Adalya Past\u00e8que Menthe offre une fum\u00e9e fruit\u00e9e et fra\u00eeche qui ravira aussi bien les d\u00e9butants que les fumeurs de chicha confirm\u00e9s. <\/p>\n<p>Fabriqu\u00e9 \u00e0 partir de tabac de Virginie de haute qualit\u00e9, ce tabac impressionne par sa coupe fine, son humidit\u00e9 optimale et le d\u00e9veloppement intense de sa fum\u00e9e, permettant aux ar\u00f4mes de s&rsquo;exprimer pleinement.<\/p>\n<p>D\u00e9couvrez l&rsquo;\u00e9quilibre parfait entre la douceur fruit\u00e9e et la fra\u00eecheur d\u00e9salt\u00e9rante \u2013 avec Adalya Past\u00e8que Menthe, chaque session de chicha devient une exp\u00e9rience gustative.<\/p>\n<ul>\n<li>1 x 50 gr.<\/li>\n<\/ul>\n<p>&nbsp;<\/p>\n<p>Chez tabakversand.ch, vous recevez le tabac \u00e0 chicha Adalya Past\u00e8que Menthe fra\u00eechement conserv\u00e9 dans son emballage d&rsquo;origine. Un stockage soign\u00e9 garantit une pr\u00e9servation optimale de son ar\u00f4me, de son humidit\u00e9 et de sa qualit\u00e9 jusqu&rsquo;\u00e0 l&rsquo;exp\u00e9dition. Gr\u00e2ce \u00e0 une livraison rapide en Suisse, votre tabac \u00e0 chicha arrive g\u00e9n\u00e9ralement tr\u00e8s vite.  <\/p>\n<p>Pour plus d&rsquo;informations sur les narguil\u00e9s\/pipes \u00e0 eau, veuillez consulter l&rsquo;article Wikip\u00e9dia correspondant&nbsp;: <a href=\"https:\/\/de.wikipedia.org\/wiki\/Shisha\">cliquez ici<\/a> . Si vous avez des questions concernant le produit, n&rsquo;h\u00e9sitez pas \u00e0 nous contacter&nbsp;: <a href=\"https:\/\/www.tabakversand.ch\/kontakt\/\">cliquez ici<\/a> . <\/p>\n<p>Tous les prix s&rsquo;appliquent uniquement aux commandes en ligne et incluent la TVA. Sous r\u00e9serve de modifications sans pr\u00e9avis, frais de livraison en sus. Sous r\u00e9serve d&rsquo;erreurs, de modifications de contenu de livraison et de conception, de fautes d&rsquo;impression et de modifications de prix. Les prix barr\u00e9s sont des prix de remplacement. Les illustrations peuvent diff\u00e9rer de l&rsquo;original\/du contenu de livraison.<br \/>\n*Livraison gratuite pour les commandes sup\u00e9rieures \u00e0 CHF 250.-.<\/p>\n","protected":false},"excerpt":{"rendered":"<p>Adalya Past\u00e8que Menthe La past\u00e8que juteuse et sucr\u00e9e rencontre la menthe rafra\u00eechissante Le tabac \u00e0 chicha Adalya Past\u00e8que Menthe allie le meilleur de deux mondes&nbsp;: la saveur juteuse et sucr\u00e9e de la past\u00e8que et la fra\u00eecheur vivifiante de la menthe. Cette combinaison harmonieuse offre une exp\u00e9rience chicha rafra\u00eechissante, fruit\u00e9e et intense, pour un pur moment [&hellip;]<\/p>\n","protected":false},"featured_media":214272,"template":"","meta":[],"product_brand":[1793],"product_cat":[2080,2077,1995,1891,3208,1880,1888,1883],"product_tag":[],"class_list":{"0":"post-214261","1":"product","2":"type-product","3":"status-publish","4":"has-post-thumbnail","6":"product_brand-adalya-tobacco","7":"product_cat-adalya-fr","8":"product_cat-adalya-shishatabak-fr","9":"product_cat-divers-headshop","10":"product_cat-narguile","11":"product_cat-offres","12":"product_cat-shishatabak-fr","13":"product_cat-tabac","14":"product_cat-tabac-de-narguile-tabac-de-narguile","16":"first","17":"instock","18":"sale","19":"purchasable","20":"product-type-simple"},"yoast_head":"<!-- This site is optimized with the Yoast SEO plugin v27.0 - https:\/\/yoast.com\/product\/yoast-seo-wordpress\/ -->\n<title>Adalya Past\u00e8que Menthe 1 x 50 g - Tabakversand.ch | Alles aus der Welt des Tabaks<\/title>\n<meta name=\"description\" content=\"Achetez le tabac \u00e0 chicha Adalya Past\u00e8que Menthe \u2013 une past\u00e8que juteuse et sucr\u00e9e associ\u00e9e \u00e0 une menthe rafra\u00eechissante pour des s\u00e9ances intenses et fruit\u00e9es.\" \/>\n<meta name=\"robots\" content=\"index, follow, max-snippet:-1, max-image-preview:large, max-video-preview:-1\" \/>\n<link rel=\"canonical\" href=\"https:\/\/www.tabakversand.ch\/fr\/produit\/adalya-pasteque-menthe-1-x-50-g\/\" \/>\n<meta property=\"og:locale\" content=\"fr_FR\" \/>\n<meta property=\"og:type\" content=\"article\" \/>\n<meta property=\"og:title\" content=\"Adalya Past\u00e8que Menthe 1 x 50 g - Tabakversand.ch | Alles aus der Welt des Tabaks\" \/>\n<meta property=\"og:description\" content=\"Achetez le tabac \u00e0 chicha Adalya Past\u00e8que Menthe \u2013 une past\u00e8que juteuse et sucr\u00e9e associ\u00e9e \u00e0 une menthe rafra\u00eechissante pour des s\u00e9ances intenses et fruit\u00e9es.\" \/>\n<meta property=\"og:url\" content=\"https:\/\/www.tabakversand.ch\/fr\/produit\/adalya-pasteque-menthe-1-x-50-g\/\" \/>\n<meta property=\"og:site_name\" content=\"Tabakversand.ch | Alles aus der Welt des Tabaks\" \/>\n<meta property=\"article:modified_time\" content=\"2026-03-05T14:10:49+00:00\" \/>\n<meta property=\"og:image\" content=\"https:\/\/www.tabakversand.ch\/wp-content\/uploads\/2026\/03\/adalya-watermelon-mint-50_.jpg\" \/>\n\t<meta property=\"og:image:width\" content=\"500\" \/>\n\t<meta property=\"og:image:height\" content=\"500\" \/>\n\t<meta property=\"og:image:type\" content=\"image\/jpeg\" \/>\n<meta name=\"twitter:card\" content=\"summary_large_image\" \/>\n<meta name=\"twitter:label1\" content=\"Dur\u00e9e de lecture estim\u00e9e\" \/>\n\t<meta name=\"twitter:data1\" content=\"3 minutes\" \/>\n<script type=\"application\/ld+json\" class=\"yoast-schema-graph\">{\"@context\":\"https:\/\/schema.org\",\"@graph\":[{\"@type\":\"WebPage\",\"@id\":\"https:\/\/www.tabakversand.ch\/fr\/produit\/adalya-pasteque-menthe-1-x-50-g\/\",\"url\":\"https:\/\/www.tabakversand.ch\/fr\/produit\/adalya-pasteque-menthe-1-x-50-g\/\",\"name\":\"Adalya Past\u00e8que Menthe 1 x 50 g - Tabakversand.ch | Alles aus der Welt des Tabaks\",\"isPartOf\":{\"@id\":\"https:\/\/www.tabakversand.ch\/#website\"},\"primaryImageOfPage\":{\"@id\":\"https:\/\/www.tabakversand.ch\/fr\/produit\/adalya-pasteque-menthe-1-x-50-g\/#primaryimage\"},\"image\":{\"@id\":\"https:\/\/www.tabakversand.ch\/fr\/produit\/adalya-pasteque-menthe-1-x-50-g\/#primaryimage\"},\"thumbnailUrl\":\"https:\/\/www.tabakversand.ch\/wp-content\/uploads\/2026\/03\/adalya-watermelon-mint-50_.jpg\",\"datePublished\":\"2026-03-05T13:59:41+00:00\",\"dateModified\":\"2026-03-05T14:10:49+00:00\",\"description\":\"Achetez le tabac \u00e0 chicha Adalya Past\u00e8que Menthe \u2013 une past\u00e8que juteuse et sucr\u00e9e associ\u00e9e \u00e0 une menthe rafra\u00eechissante pour des s\u00e9ances intenses et fruit\u00e9es.\",\"breadcrumb\":{\"@id\":\"https:\/\/www.tabakversand.ch\/fr\/produit\/adalya-pasteque-menthe-1-x-50-g\/#breadcrumb\"},\"inLanguage\":\"fr-FR\",\"potentialAction\":[{\"@type\":\"ReadAction\",\"target\":[\"https:\/\/www.tabakversand.ch\/fr\/produit\/adalya-pasteque-menthe-1-x-50-g\/\"]}]},{\"@type\":\"ImageObject\",\"inLanguage\":\"fr-FR\",\"@id\":\"https:\/\/www.tabakversand.ch\/fr\/produit\/adalya-pasteque-menthe-1-x-50-g\/#primaryimage\",\"url\":\"https:\/\/www.tabakversand.ch\/wp-content\/uploads\/2026\/03\/adalya-watermelon-mint-50_.jpg\",\"contentUrl\":\"https:\/\/www.tabakversand.ch\/wp-content\/uploads\/2026\/03\/adalya-watermelon-mint-50_.jpg\",\"width\":500,\"height\":500,\"caption\":\"Adalya Past\u00e8que Menthe 1 x 50 g | tabakversand.ch\"},{\"@type\":\"BreadcrumbList\",\"@id\":\"https:\/\/www.tabakversand.ch\/fr\/produit\/adalya-pasteque-menthe-1-x-50-g\/#breadcrumb\",\"itemListElement\":[{\"@type\":\"ListItem\",\"position\":1,\"name\":\"Startseite\",\"item\":\"https:\/\/www.tabakversand.ch\/\"},{\"@type\":\"ListItem\",\"position\":2,\"name\":\"Boutique\",\"item\":\"https:\/\/www.tabakversand.ch\/fr\/boutique\/\"},{\"@type\":\"ListItem\",\"position\":3,\"name\":\"Adalya Past\u00e8que Menthe 1 x 50 g\"}]},{\"@type\":\"WebSite\",\"@id\":\"https:\/\/www.tabakversand.ch\/#website\",\"url\":\"https:\/\/www.tabakversand.ch\/\",\"name\":\"Tabakversand.ch | Alles aus der Welt des Tabaks\",\"description\":\"Smoke and carpe diem\",\"potentialAction\":[{\"@type\":\"SearchAction\",\"target\":{\"@type\":\"EntryPoint\",\"urlTemplate\":\"https:\/\/www.tabakversand.ch\/?s={search_term_string}\"},\"query-input\":{\"@type\":\"PropertyValueSpecification\",\"valueRequired\":true,\"valueName\":\"search_term_string\"}}],\"inLanguage\":\"fr-FR\"}]}<\/script>\n<!-- \/ Yoast SEO plugin. -->","yoast_head_json":{"title":"Adalya Past\u00e8que Menthe 1 x 50 g - Tabakversand.ch | Alles aus der Welt des Tabaks","description":"Achetez le tabac \u00e0 chicha Adalya Past\u00e8que Menthe \u2013 une past\u00e8que juteuse et sucr\u00e9e associ\u00e9e \u00e0 une menthe rafra\u00eechissante pour des s\u00e9ances intenses et fruit\u00e9es.","robots":{"index":"index","follow":"follow","max-snippet":"max-snippet:-1","max-image-preview":"max-image-preview:large","max-video-preview":"max-video-preview:-1"},"canonical":"https:\/\/www.tabakversand.ch\/fr\/produit\/adalya-pasteque-menthe-1-x-50-g\/","og_locale":"fr_FR","og_type":"article","og_title":"Adalya Past\u00e8que Menthe 1 x 50 g - Tabakversand.ch | Alles aus der Welt des Tabaks","og_description":"Achetez le tabac \u00e0 chicha Adalya Past\u00e8que Menthe \u2013 une past\u00e8que juteuse et sucr\u00e9e associ\u00e9e \u00e0 une menthe rafra\u00eechissante pour des s\u00e9ances intenses et fruit\u00e9es.","og_url":"https:\/\/www.tabakversand.ch\/fr\/produit\/adalya-pasteque-menthe-1-x-50-g\/","og_site_name":"Tabakversand.ch | Alles aus der Welt des Tabaks","article_modified_time":"2026-03-05T14:10:49+00:00","og_image":[{"width":500,"height":500,"url":"https:\/\/www.tabakversand.ch\/wp-content\/uploads\/2026\/03\/adalya-watermelon-mint-50_.jpg","type":"image\/jpeg"}],"twitter_card":"summary_large_image","twitter_misc":{"Dur\u00e9e de lecture estim\u00e9e":"3 minutes"},"schema":{"@context":"https:\/\/schema.org","@graph":[{"@type":"WebPage","@id":"https:\/\/www.tabakversand.ch\/fr\/produit\/adalya-pasteque-menthe-1-x-50-g\/","url":"https:\/\/www.tabakversand.ch\/fr\/produit\/adalya-pasteque-menthe-1-x-50-g\/","name":"Adalya Past\u00e8que Menthe 1 x 50 g - Tabakversand.ch | Alles aus der Welt des Tabaks","isPartOf":{"@id":"https:\/\/www.tabakversand.ch\/#website"},"primaryImageOfPage":{"@id":"https:\/\/www.tabakversand.ch\/fr\/produit\/adalya-pasteque-menthe-1-x-50-g\/#primaryimage"},"image":{"@id":"https:\/\/www.tabakversand.ch\/fr\/produit\/adalya-pasteque-menthe-1-x-50-g\/#primaryimage"},"thumbnailUrl":"https:\/\/www.tabakversand.ch\/wp-content\/uploads\/2026\/03\/adalya-watermelon-mint-50_.jpg","datePublished":"2026-03-05T13:59:41+00:00","dateModified":"2026-03-05T14:10:49+00:00","description":"Achetez le tabac \u00e0 chicha Adalya Past\u00e8que Menthe \u2013 une past\u00e8que juteuse et sucr\u00e9e associ\u00e9e \u00e0 une menthe rafra\u00eechissante pour des s\u00e9ances intenses et fruit\u00e9es.","breadcrumb":{"@id":"https:\/\/www.tabakversand.ch\/fr\/produit\/adalya-pasteque-menthe-1-x-50-g\/#breadcrumb"},"inLanguage":"fr-FR","potentialAction":[{"@type":"ReadAction","target":["https:\/\/www.tabakversand.ch\/fr\/produit\/adalya-pasteque-menthe-1-x-50-g\/"]}]},{"@type":"ImageObject","inLanguage":"fr-FR","@id":"https:\/\/www.tabakversand.ch\/fr\/produit\/adalya-pasteque-menthe-1-x-50-g\/#primaryimage","url":"https:\/\/www.tabakversand.ch\/wp-content\/uploads\/2026\/03\/adalya-watermelon-mint-50_.jpg","contentUrl":"https:\/\/www.tabakversand.ch\/wp-content\/uploads\/2026\/03\/adalya-watermelon-mint-50_.jpg","width":500,"height":500,"caption":"Adalya Past\u00e8que Menthe 1 x 50 g | tabakversand.ch"},{"@type":"BreadcrumbList","@id":"https:\/\/www.tabakversand.ch\/fr\/produit\/adalya-pasteque-menthe-1-x-50-g\/#breadcrumb","itemListElement":[{"@type":"ListItem","position":1,"name":"Startseite","item":"https:\/\/www.tabakversand.ch\/"},{"@type":"ListItem","position":2,"name":"Boutique","item":"https:\/\/www.tabakversand.ch\/fr\/boutique\/"},{"@type":"ListItem","position":3,"name":"Adalya Past\u00e8que Menthe 1 x 50 g"}]},{"@type":"WebSite","@id":"https:\/\/www.tabakversand.ch\/#website","url":"https:\/\/www.tabakversand.ch\/","name":"Tabakversand.ch | Alles aus der Welt des Tabaks","description":"Smoke and carpe diem","potentialAction":[{"@type":"SearchAction","target":{"@type":"EntryPoint","urlTemplate":"https:\/\/www.tabakversand.ch\/?s={search_term_string}"},"query-input":{"@type":"PropertyValueSpecification","valueRequired":true,"valueName":"search_term_string"}}],"inLanguage":"fr-FR"}]}},"_links":{"self":[{"href":"https:\/\/www.tabakversand.ch\/fr\/wp-json\/wp\/v2\/product\/214261","targetHints":{"allow":["GET"]}}],"collection":[{"href":"https:\/\/www.tabakversand.ch\/fr\/wp-json\/wp\/v2\/product"}],"about":[{"href":"https:\/\/www.tabakversand.ch\/fr\/wp-json\/wp\/v2\/types\/product"}],"version-history":[{"count":4,"href":"https:\/\/www.tabakversand.ch\/fr\/wp-json\/wp\/v2\/product\/214261\/revisions"}],"predecessor-version":[{"id":214279,"href":"https:\/\/www.tabakversand.ch\/fr\/wp-json\/wp\/v2\/product\/214261\/revisions\/214279"}],"wp:featuredmedia":[{"embeddable":true,"href":"https:\/\/www.tabakversand.ch\/fr\/wp-json\/wp\/v2\/media\/214272"}],"wp:attachment":[{"href":"https:\/\/www.tabakversand.ch\/fr\/wp-json\/wp\/v2\/media?parent=214261"}],"wp:term":[{"taxonomy":"product_brand","embeddable":true,"href":"https:\/\/www.tabakversand.ch\/fr\/wp-json\/wp\/v2\/product_brand?post=214261"},{"taxonomy":"product_cat","embeddable":true,"href":"https:\/\/www.tabakversand.ch\/fr\/wp-json\/wp\/v2\/product_cat?post=214261"},{"taxonomy":"product_tag","embeddable":true,"href":"https:\/\/www.tabakversand.ch\/fr\/wp-json\/wp\/v2\/product_tag?post=214261"}],"curies":[{"name":"wp","href":"https:\/\/api.w.org\/{rel}","templated":true}]}}