{"id":214482,"date":"2026-03-10T15:32:03","date_gmt":"2026-03-10T14:32:03","guid":{"rendered":"https:\/\/www.tabakversand.ch\/?post_type=product&#038;p=214482"},"modified":"2026-03-10T16:27:54","modified_gmt":"2026-03-10T15:27:54","slug":"elf-bar-master-kit","status":"publish","type":"product","link":"https:\/\/www.tabakversand.ch\/fr\/produit\/elf-bar-master-kit\/","title":{"rendered":"Elf Bar Master Kit"},"content":{"rendered":"<h2>Elf Bar Master Kit (2 ml)<\/h2>\n<p>Syst\u00e8me de pods compact pour un plaisir de vapotage intense<\/p>\n<p>D\u00e9couvrez une exp\u00e9rience de vapotage moderne avec le kit Elf Bar Master. Ce syst\u00e8me de pods compact d&rsquo;Elf Bar allie design \u00e9l\u00e9gant, simplicit\u00e9 d&rsquo;utilisation et saveurs intenses \u2013 id\u00e9al pour les vapoteurs d\u00e9butants comme confirm\u00e9s.<\/p>\n<p>Avec sa capsule de 2 ml, cet appareil offre une contenance suffisante pour une utilisation nomade, et son format compact lui permet de se glisser facilement dans une poche. Ins\u00e9rez simplement la capsule, inhalez et savourez une saveur fruit\u00e9e ou aromatique.<\/p>\n<p>Avantages du kit Elf Bar Master<\/p>\n<ul>\n<li>Design compact et moderne \u2013 id\u00e9al pour les d\u00e9placements<\/li>\n<li>Capsule de 2 ml \u2013 un plaisir longue dur\u00e9e<\/li>\n<li>Facile \u00e0 utiliser \u2013 aucun r\u00e9glage compliqu\u00e9<\/li>\n<li>Performances fiables de la barre Elf<\/li>\n<li>Saveur intense \u2013 production de vapeur optimale<\/li>\n<li>Facile \u00e0 utiliser et id\u00e9al pour les d\u00e9placements<\/li>\n<\/ul>\n<p>&nbsp;<\/p>\n<p>Le kit Elf Bar Master est id\u00e9al pour tous les vapoteurs recherchant un syst\u00e8me \u00e0 pods simple et performant. Fin, l\u00e9ger et pr\u00eat \u00e0 l&#8217;emploi d\u00e8s sa sortie de la bo\u00eete\u00a0: ins\u00e9rez simplement le pod et savourez.<\/p>\n<p>Chez tabakversand.ch, votre kit Elf Bar Master vous sera livr\u00e9 en parfait \u00e9tat, dans son emballage d&rsquo;origine. Un stockage soign\u00e9 garantit une qualit\u00e9 optimale jusqu&rsquo;\u00e0 l&rsquo;exp\u00e9dition. Gr\u00e2ce \u00e0 une livraison rapide en Suisse, votre cigarette \u00e9lectronique vous parviendra g\u00e9n\u00e9ralement tr\u00e8s rapidement.<\/p>\n<p>Pour plus d&rsquo;informations sur les cigarettes \u00e9lectroniques, veuillez consulter l&rsquo;article Wikip\u00e9dia correspondant\u00a0: <a href=\"https:\/\/de.wikipedia.org\/wiki\/Elektrische_Zigarette\">cliquez ici<\/a> . Si vous avez des questions concernant le produit, n&rsquo;h\u00e9sitez pas \u00e0 nous contacter\u00a0: <a href=\"https:\/\/www.tabakversand.ch\/kontakt\/\">cliquez ici<\/a> .<\/p>\n<p>Tous les prix s&rsquo;appliquent uniquement aux commandes en ligne et incluent la TVA. Sous r\u00e9serve de modifications sans pr\u00e9avis, frais de livraison en sus. Sous r\u00e9serve d&rsquo;erreurs, de modifications de contenu de livraison et de conception, de fautes d&rsquo;impression et de modifications de prix. Les prix barr\u00e9s sont des prix de remplacement. Les illustrations peuvent diff\u00e9rer de l&rsquo;original\/du contenu de livraison.<br \/>\n*Livraison gratuite pour les commandes sup\u00e9rieures \u00e0 CHF 250.-.<\/p>\n","protected":false},"excerpt":{"rendered":"<p>Elf Bar Master Kit (2 ml) Syst\u00e8me de pods compact pour un plaisir de vapotage intense D\u00e9couvrez une exp\u00e9rience de vapotage moderne avec le kit Elf Bar Master. Ce syst\u00e8me de pods compact d&rsquo;Elf Bar allie design \u00e9l\u00e9gant, simplicit\u00e9 d&rsquo;utilisation et saveurs intenses \u2013 id\u00e9al pour les vapoteurs d\u00e9butants comme confirm\u00e9s. Avec sa capsule de [&hellip;]<\/p>\n","protected":false},"featured_media":214486,"template":"","meta":[],"product_brand":[2951],"product_cat":[1913,1895,5425],"product_tag":[],"class_list":{"0":"post-214482","1":"product","2":"type-product","3":"status-publish","4":"has-post-thumbnail","6":"product_brand-elfbar","7":"product_cat-cigarettes-electroniques","8":"product_cat-e-fumee","9":"product_cat-kit-de-maitre-pour-bar-elfique","11":"first","12":"onbackorder","13":"featured","14":"purchasable","15":"product-type-variable"},"yoast_head":"<!-- This site is optimized with the Yoast SEO plugin v27.0 - https:\/\/yoast.com\/product\/yoast-seo-wordpress\/ -->\n<title>Achetez le kit Elf Bar Master<\/title>\n<meta name=\"description\" content=\"Kit Elf Bar Master \u2013 Syst\u00e8me de pods moderne d&#039;Elf Bar \u2713 Capacit\u00e9 du pod\u00a0: 2\u00a0ml \u2713 Saveur intense \u2713 Livraison rapide \u2713 D\u00e9couvrez-le maintenant.\" \/>\n<meta name=\"robots\" content=\"index, follow, max-snippet:-1, max-image-preview:large, max-video-preview:-1\" \/>\n<link rel=\"canonical\" href=\"https:\/\/www.tabakversand.ch\/it\/produit\/elf-bar-master-kit\/\" \/>\n<meta property=\"og:locale\" content=\"fr_FR\" \/>\n<meta property=\"og:type\" content=\"article\" \/>\n<meta property=\"og:title\" content=\"Achetez le kit Elf Bar Master\" \/>\n<meta property=\"og:description\" content=\"Kit Elf Bar Master \u2013 Syst\u00e8me de pods moderne d&#039;Elf Bar \u2713 Capacit\u00e9 du pod\u00a0: 2\u00a0ml \u2713 Saveur intense \u2713 Livraison rapide \u2713 D\u00e9couvrez-le maintenant.\" \/>\n<meta property=\"og:url\" content=\"https:\/\/www.tabakversand.ch\/it\/produit\/elf-bar-master-kit\/\" \/>\n<meta property=\"og:site_name\" content=\"Tabakversand.ch | Alles aus der Welt des Tabaks\" \/>\n<meta property=\"article:modified_time\" content=\"2026-03-10T15:27:54+00:00\" \/>\n<meta property=\"og:image\" content=\"https:\/\/www.tabakversand.ch\/wp-content\/uploads\/2026\/03\/elfa-master.jpg\" \/>\n\t<meta property=\"og:image:width\" content=\"500\" \/>\n\t<meta property=\"og:image:height\" content=\"500\" \/>\n\t<meta property=\"og:image:type\" content=\"image\/jpeg\" \/>\n<meta name=\"twitter:card\" content=\"summary_large_image\" \/>\n<meta name=\"twitter:label1\" content=\"Dur\u00e9e de lecture estim\u00e9e\" \/>\n\t<meta name=\"twitter:data1\" content=\"2 minutes\" \/>\n<script type=\"application\/ld+json\" class=\"yoast-schema-graph\">{\"@context\":\"https:\/\/schema.org\",\"@graph\":[{\"@type\":\"WebPage\",\"@id\":\"https:\/\/www.tabakversand.ch\/it\/produit\/elf-bar-master-kit\/\",\"url\":\"https:\/\/www.tabakversand.ch\/it\/produit\/elf-bar-master-kit\/\",\"name\":\"Achetez le kit Elf Bar Master\",\"isPartOf\":{\"@id\":\"https:\/\/www.tabakversand.ch\/#website\"},\"primaryImageOfPage\":{\"@id\":\"https:\/\/www.tabakversand.ch\/it\/produit\/elf-bar-master-kit\/#primaryimage\"},\"image\":{\"@id\":\"https:\/\/www.tabakversand.ch\/it\/produit\/elf-bar-master-kit\/#primaryimage\"},\"thumbnailUrl\":\"https:\/\/www.tabakversand.ch\/wp-content\/uploads\/2026\/03\/elfa-master.jpg\",\"datePublished\":\"2026-03-10T14:32:03+00:00\",\"dateModified\":\"2026-03-10T15:27:54+00:00\",\"description\":\"Kit Elf Bar Master \u2013 Syst\u00e8me de pods moderne d'Elf Bar \u2713 Capacit\u00e9 du pod\u00a0: 2\u00a0ml \u2713 Saveur intense \u2713 Livraison rapide \u2713 D\u00e9couvrez-le maintenant.\",\"breadcrumb\":{\"@id\":\"https:\/\/www.tabakversand.ch\/it\/produit\/elf-bar-master-kit\/#breadcrumb\"},\"inLanguage\":\"fr-FR\",\"potentialAction\":[{\"@type\":\"ReadAction\",\"target\":[\"https:\/\/www.tabakversand.ch\/it\/produit\/elf-bar-master-kit\/\"]}]},{\"@type\":\"ImageObject\",\"inLanguage\":\"fr-FR\",\"@id\":\"https:\/\/www.tabakversand.ch\/it\/produit\/elf-bar-master-kit\/#primaryimage\",\"url\":\"https:\/\/www.tabakversand.ch\/wp-content\/uploads\/2026\/03\/elfa-master.jpg\",\"contentUrl\":\"https:\/\/www.tabakversand.ch\/wp-content\/uploads\/2026\/03\/elfa-master.jpg\",\"width\":500,\"height\":500,\"caption\":\"Kit Elf Bar Master | tabakversand.ch\"},{\"@type\":\"BreadcrumbList\",\"@id\":\"https:\/\/www.tabakversand.ch\/it\/produit\/elf-bar-master-kit\/#breadcrumb\",\"itemListElement\":[{\"@type\":\"ListItem\",\"position\":1,\"name\":\"Startseite\",\"item\":\"https:\/\/www.tabakversand.ch\/\"},{\"@type\":\"ListItem\",\"position\":2,\"name\":\"Boutique\",\"item\":\"https:\/\/www.tabakversand.ch\/fr\/boutique\/\"},{\"@type\":\"ListItem\",\"position\":3,\"name\":\"Elf Bar Master Kit\"}]},{\"@type\":\"WebSite\",\"@id\":\"https:\/\/www.tabakversand.ch\/#website\",\"url\":\"https:\/\/www.tabakversand.ch\/\",\"name\":\"Tabakversand.ch | Alles aus der Welt des Tabaks\",\"description\":\"Smoke and carpe diem\",\"potentialAction\":[{\"@type\":\"SearchAction\",\"target\":{\"@type\":\"EntryPoint\",\"urlTemplate\":\"https:\/\/www.tabakversand.ch\/?s={search_term_string}\"},\"query-input\":{\"@type\":\"PropertyValueSpecification\",\"valueRequired\":true,\"valueName\":\"search_term_string\"}}],\"inLanguage\":\"fr-FR\"}]}<\/script>\n<!-- \/ Yoast SEO plugin. -->","yoast_head_json":{"title":"Achetez le kit Elf Bar Master","description":"Kit Elf Bar Master \u2013 Syst\u00e8me de pods moderne d'Elf Bar \u2713 Capacit\u00e9 du pod\u00a0: 2\u00a0ml \u2713 Saveur intense \u2713 Livraison rapide \u2713 D\u00e9couvrez-le maintenant.","robots":{"index":"index","follow":"follow","max-snippet":"max-snippet:-1","max-image-preview":"max-image-preview:large","max-video-preview":"max-video-preview:-1"},"canonical":"https:\/\/www.tabakversand.ch\/it\/produit\/elf-bar-master-kit\/","og_locale":"fr_FR","og_type":"article","og_title":"Achetez le kit Elf Bar Master","og_description":"Kit Elf Bar Master \u2013 Syst\u00e8me de pods moderne d'Elf Bar \u2713 Capacit\u00e9 du pod\u00a0: 2\u00a0ml \u2713 Saveur intense \u2713 Livraison rapide \u2713 D\u00e9couvrez-le maintenant.","og_url":"https:\/\/www.tabakversand.ch\/it\/produit\/elf-bar-master-kit\/","og_site_name":"Tabakversand.ch | Alles aus der Welt des Tabaks","article_modified_time":"2026-03-10T15:27:54+00:00","og_image":[{"width":500,"height":500,"url":"https:\/\/www.tabakversand.ch\/wp-content\/uploads\/2026\/03\/elfa-master.jpg","type":"image\/jpeg"}],"twitter_card":"summary_large_image","twitter_misc":{"Dur\u00e9e de lecture estim\u00e9e":"2 minutes"},"schema":{"@context":"https:\/\/schema.org","@graph":[{"@type":"WebPage","@id":"https:\/\/www.tabakversand.ch\/it\/produit\/elf-bar-master-kit\/","url":"https:\/\/www.tabakversand.ch\/it\/produit\/elf-bar-master-kit\/","name":"Achetez le kit Elf Bar Master","isPartOf":{"@id":"https:\/\/www.tabakversand.ch\/#website"},"primaryImageOfPage":{"@id":"https:\/\/www.tabakversand.ch\/it\/produit\/elf-bar-master-kit\/#primaryimage"},"image":{"@id":"https:\/\/www.tabakversand.ch\/it\/produit\/elf-bar-master-kit\/#primaryimage"},"thumbnailUrl":"https:\/\/www.tabakversand.ch\/wp-content\/uploads\/2026\/03\/elfa-master.jpg","datePublished":"2026-03-10T14:32:03+00:00","dateModified":"2026-03-10T15:27:54+00:00","description":"Kit Elf Bar Master \u2013 Syst\u00e8me de pods moderne d'Elf Bar \u2713 Capacit\u00e9 du pod\u00a0: 2\u00a0ml \u2713 Saveur intense \u2713 Livraison rapide \u2713 D\u00e9couvrez-le maintenant.","breadcrumb":{"@id":"https:\/\/www.tabakversand.ch\/it\/produit\/elf-bar-master-kit\/#breadcrumb"},"inLanguage":"fr-FR","potentialAction":[{"@type":"ReadAction","target":["https:\/\/www.tabakversand.ch\/it\/produit\/elf-bar-master-kit\/"]}]},{"@type":"ImageObject","inLanguage":"fr-FR","@id":"https:\/\/www.tabakversand.ch\/it\/produit\/elf-bar-master-kit\/#primaryimage","url":"https:\/\/www.tabakversand.ch\/wp-content\/uploads\/2026\/03\/elfa-master.jpg","contentUrl":"https:\/\/www.tabakversand.ch\/wp-content\/uploads\/2026\/03\/elfa-master.jpg","width":500,"height":500,"caption":"Kit Elf Bar Master | tabakversand.ch"},{"@type":"BreadcrumbList","@id":"https:\/\/www.tabakversand.ch\/it\/produit\/elf-bar-master-kit\/#breadcrumb","itemListElement":[{"@type":"ListItem","position":1,"name":"Startseite","item":"https:\/\/www.tabakversand.ch\/"},{"@type":"ListItem","position":2,"name":"Boutique","item":"https:\/\/www.tabakversand.ch\/fr\/boutique\/"},{"@type":"ListItem","position":3,"name":"Elf Bar Master Kit"}]},{"@type":"WebSite","@id":"https:\/\/www.tabakversand.ch\/#website","url":"https:\/\/www.tabakversand.ch\/","name":"Tabakversand.ch | Alles aus der Welt des Tabaks","description":"Smoke and carpe diem","potentialAction":[{"@type":"SearchAction","target":{"@type":"EntryPoint","urlTemplate":"https:\/\/www.tabakversand.ch\/?s={search_term_string}"},"query-input":{"@type":"PropertyValueSpecification","valueRequired":true,"valueName":"search_term_string"}}],"inLanguage":"fr-FR"}]}},"_links":{"self":[{"href":"https:\/\/www.tabakversand.ch\/fr\/wp-json\/wp\/v2\/product\/214482","targetHints":{"allow":["GET"]}}],"collection":[{"href":"https:\/\/www.tabakversand.ch\/fr\/wp-json\/wp\/v2\/product"}],"about":[{"href":"https:\/\/www.tabakversand.ch\/fr\/wp-json\/wp\/v2\/types\/product"}],"version-history":[{"count":3,"href":"https:\/\/www.tabakversand.ch\/fr\/wp-json\/wp\/v2\/product\/214482\/revisions"}],"predecessor-version":[{"id":214516,"href":"https:\/\/www.tabakversand.ch\/fr\/wp-json\/wp\/v2\/product\/214482\/revisions\/214516"}],"wp:featuredmedia":[{"embeddable":true,"href":"https:\/\/www.tabakversand.ch\/fr\/wp-json\/wp\/v2\/media\/214486"}],"wp:attachment":[{"href":"https:\/\/www.tabakversand.ch\/fr\/wp-json\/wp\/v2\/media?parent=214482"}],"wp:term":[{"taxonomy":"product_brand","embeddable":true,"href":"https:\/\/www.tabakversand.ch\/fr\/wp-json\/wp\/v2\/product_brand?post=214482"},{"taxonomy":"product_cat","embeddable":true,"href":"https:\/\/www.tabakversand.ch\/fr\/wp-json\/wp\/v2\/product_cat?post=214482"},{"taxonomy":"product_tag","embeddable":true,"href":"https:\/\/www.tabakversand.ch\/fr\/wp-json\/wp\/v2\/product_tag?post=214482"}],"curies":[{"name":"wp","href":"https:\/\/api.w.org\/{rel}","templated":true}]}}