{"id":214533,"date":"2026-03-11T16:47:01","date_gmt":"2026-03-11T15:47:01","guid":{"rendered":"https:\/\/www.tabakversand.ch\/?post_type=product&#038;p=214533"},"modified":"2026-03-11T17:13:31","modified_gmt":"2026-03-11T16:13:31","slug":"tabac-a-priser-sunblast-de-mcchrystal","status":"publish","type":"product","link":"https:\/\/www.tabakversand.ch\/fr\/produit\/tabac-a-priser-sunblast-de-mcchrystal\/","title":{"rendered":"tabac \u00e0 priser Sunblast de McChrystal"},"content":{"rendered":"<h1 data-start=\"65\" data-end=\"308\">tabac \u00e0 priser Sunblast de McChrystal<\/h1>\n<p>Fra\u00eecheur fruit\u00e9e avec une touche d&rsquo;abricot<\/p>\n<p>Le tabac \u00e0 priser Sunblast de Mc Chrystal apporte une touche de fra\u00eecheur \u00e0 votre gamme de produits. Cette saveur moderne allie une note fruit\u00e9e l\u00e9g\u00e8re \u00e0 une saveur d&rsquo;abricot prononc\u00e9e qui s\u00e9duit imm\u00e9diatement et donne envie d&rsquo;y revenir.<\/p>\n<p>SUNBLAST est synonyme de plaisir simple\u00a0: frais, vibrant et parfaitement \u00e9quilibr\u00e9. Son agr\u00e9able fruit\u00e9 offre une exp\u00e9rience gustative harmonieuse qui saura s\u00e9duire aussi bien les n\u00e9ophytes que les connaisseurs avertis.<\/p>\n<p>Que ce soit une nouvelle d\u00e9couverte pour les clients habituels ou un produit phare pour tous ceux qui aiment les saveurs modernes, le SUNBLAST de McChrystal s&rsquo;int\u00e8gre parfaitement \u00e0 toute gamme de produits actuelle.<\/p>\n<p>Pourquoi le SUNBLAST de McChrystal ?<\/p>\n<p>\ud83c\udf51 Saveur fruit\u00e9e d&rsquo;abricot avec une note fra\u00eeche et nette<\/p>\n<p>\ud83c\udf1e L\u00e9ger et agr\u00e9able \u2013 id\u00e9al pour un plaisir quotidien<\/p>\n<p>\u2b50 Un profil aromatique moderne qui attire imm\u00e9diatement le regard<\/p>\n<p>SUNBLAST de McChrystal \u2013 Fruit\u00e9. Frais. Tout simplement exceptionnel.<\/p>\n<ul>\n<li>1 x 8,75 g<\/li>\n<\/ul>\n<p>&nbsp;<\/p>\n<p>Pour plus d&rsquo;informations sur le fabricant Mc Chrystal&rsquo;s, veuillez consulter son site web officiel\u00a0: <a href=\"https:\/\/mcchrystals.co.uk\/\">cliquez ici<\/a> . Pour toute question concernant le produit, n&rsquo;h\u00e9sitez pas \u00e0 nous contacter\u00a0: <a href=\"https:\/\/www.tabakversand.ch\/kontakt\/\">cliquez ici<\/a> .<\/p>\n<p>Tous les prix s&rsquo;appliquent uniquement aux commandes en ligne et incluent la TVA. Sous r\u00e9serve de modifications sans pr\u00e9avis, frais de livraison en sus. Sous r\u00e9serve d&rsquo;erreurs, de modifications de contenu de livraison et de conception, de fautes d&rsquo;impression et de modifications de prix. Les prix barr\u00e9s sont des prix de remplacement. Les illustrations peuvent diff\u00e9rer de l&rsquo;original\/du contenu de livraison.<br \/>\n*Livraison gratuite pour les commandes sup\u00e9rieures \u00e0 CHF 250.-.<\/p>\n","protected":false},"excerpt":{"rendered":"<p>tabac \u00e0 priser Sunblast de McChrystal Fra\u00eecheur fruit\u00e9e avec une touche d&rsquo;abricot Le tabac \u00e0 priser Sunblast de Mc Chrystal apporte une touche de fra\u00eecheur \u00e0 votre gamme de produits. Cette saveur moderne allie une note fruit\u00e9e l\u00e9g\u00e8re \u00e0 une saveur d&rsquo;abricot prononc\u00e9e qui s\u00e9duit imm\u00e9diatement et donne envie d&rsquo;y revenir. SUNBLAST est synonyme de [&hellip;]<\/p>\n","protected":false},"featured_media":214591,"template":"","meta":[],"product_brand":[1526],"product_cat":[1888,1951,1950],"product_tag":[],"class_list":{"0":"post-214533","1":"product","2":"type-product","3":"status-publish","4":"has-post-thumbnail","6":"product_brand-mc-chrystals-schnupftabak","7":"product_cat-tabac","8":"product_cat-tabac-a-priser-et-accessoires","9":"product_cat-tabac-a-priser-schnupftabak","11":"first","12":"instock","13":"featured","14":"purchasable","15":"product-type-simple"},"yoast_head":"<!-- This site is optimized with the Yoast SEO plugin v27.0 - https:\/\/yoast.com\/product\/yoast-seo-wordpress\/ -->\n<title>Tabac \u00e0 priser SUNBLAST de McChrystal \u2013 Abricot fruit\u00e9 | Acheter maintenant<\/title>\n<meta name=\"description\" content=\"Le tabac \u00e0 priser Sunblast de Mc Chrystal offre une fra\u00eecheur fruit\u00e9e rehauss\u00e9e d&#039;une note d&#039;abricot. L\u00e9ger et id\u00e9al pour tous ceux qui souhaitent d\u00e9couvrir de nouvelles saveurs.\" \/>\n<meta name=\"robots\" content=\"index, follow, max-snippet:-1, max-image-preview:large, max-video-preview:-1\" \/>\n<link rel=\"canonical\" href=\"https:\/\/www.tabakversand.ch\/produit\/mc-chrystals-sunblast-snuff\/\" \/>\n<meta property=\"og:locale\" content=\"fr_FR\" \/>\n<meta property=\"og:type\" content=\"article\" \/>\n<meta property=\"og:title\" content=\"Tabac \u00e0 priser SUNBLAST de McChrystal \u2013 Abricot fruit\u00e9 | Acheter maintenant\" \/>\n<meta property=\"og:description\" content=\"Le tabac \u00e0 priser Sunblast de Mc Chrystal offre une fra\u00eecheur fruit\u00e9e rehauss\u00e9e d&#039;une note d&#039;abricot. L\u00e9ger et id\u00e9al pour tous ceux qui souhaitent d\u00e9couvrir de nouvelles saveurs.\" \/>\n<meta property=\"og:url\" content=\"https:\/\/www.tabakversand.ch\/produit\/mc-chrystals-sunblast-snuff\/\" \/>\n<meta property=\"og:site_name\" content=\"Tabakversand.ch | Alles aus der Welt des Tabaks\" \/>\n<meta property=\"article:modified_time\" content=\"2026-03-11T16:13:31+00:00\" \/>\n<meta property=\"og:image\" content=\"https:\/\/www.tabakversand.ch\/wp-content\/uploads\/2026\/03\/mc-chrystals-sunblast_.jpg\" \/>\n\t<meta property=\"og:image:width\" content=\"500\" \/>\n\t<meta property=\"og:image:height\" content=\"500\" \/>\n\t<meta property=\"og:image:type\" content=\"image\/jpeg\" \/>\n<meta name=\"twitter:card\" content=\"summary_large_image\" \/>\n<meta name=\"twitter:label1\" content=\"Dur\u00e9e de lecture estim\u00e9e\" \/>\n\t<meta name=\"twitter:data1\" content=\"2 minutes\" \/>\n<script type=\"application\/ld+json\" class=\"yoast-schema-graph\">{\"@context\":\"https:\/\/schema.org\",\"@graph\":[{\"@type\":\"WebPage\",\"@id\":\"https:\/\/www.tabakversand.ch\/produit\/mc-chrystals-sunblast-snuff\/\",\"url\":\"https:\/\/www.tabakversand.ch\/produit\/mc-chrystals-sunblast-snuff\/\",\"name\":\"Tabac \u00e0 priser SUNBLAST de McChrystal \u2013 Abricot fruit\u00e9 | Acheter maintenant\",\"isPartOf\":{\"@id\":\"https:\/\/www.tabakversand.ch\/#website\"},\"primaryImageOfPage\":{\"@id\":\"https:\/\/www.tabakversand.ch\/produit\/mc-chrystals-sunblast-snuff\/#primaryimage\"},\"image\":{\"@id\":\"https:\/\/www.tabakversand.ch\/produit\/mc-chrystals-sunblast-snuff\/#primaryimage\"},\"thumbnailUrl\":\"https:\/\/www.tabakversand.ch\/wp-content\/uploads\/2026\/03\/mc-chrystals-sunblast_.jpg\",\"datePublished\":\"2026-03-11T15:47:01+00:00\",\"dateModified\":\"2026-03-11T16:13:31+00:00\",\"description\":\"Le tabac \u00e0 priser Sunblast de Mc Chrystal offre une fra\u00eecheur fruit\u00e9e rehauss\u00e9e d'une note d'abricot. L\u00e9ger et id\u00e9al pour tous ceux qui souhaitent d\u00e9couvrir de nouvelles saveurs.\",\"breadcrumb\":{\"@id\":\"https:\/\/www.tabakversand.ch\/produit\/mc-chrystals-sunblast-snuff\/#breadcrumb\"},\"inLanguage\":\"fr-FR\",\"potentialAction\":[{\"@type\":\"ReadAction\",\"target\":[\"https:\/\/www.tabakversand.ch\/produit\/mc-chrystals-sunblast-snuff\/\"]}]},{\"@type\":\"ImageObject\",\"inLanguage\":\"fr-FR\",\"@id\":\"https:\/\/www.tabakversand.ch\/produit\/mc-chrystals-sunblast-snuff\/#primaryimage\",\"url\":\"https:\/\/www.tabakversand.ch\/wp-content\/uploads\/2026\/03\/mc-chrystals-sunblast_.jpg\",\"contentUrl\":\"https:\/\/www.tabakversand.ch\/wp-content\/uploads\/2026\/03\/mc-chrystals-sunblast_.jpg\",\"width\":500,\"height\":500,\"caption\":\"Tabac \u00e0 priser Sunblast de Mc Chrystal | tabakversand.ch\"},{\"@type\":\"BreadcrumbList\",\"@id\":\"https:\/\/www.tabakversand.ch\/produit\/mc-chrystals-sunblast-snuff\/#breadcrumb\",\"itemListElement\":[{\"@type\":\"ListItem\",\"position\":1,\"name\":\"Startseite\",\"item\":\"https:\/\/www.tabakversand.ch\/\"},{\"@type\":\"ListItem\",\"position\":2,\"name\":\"Boutique\",\"item\":\"https:\/\/www.tabakversand.ch\/fr\/boutique\/\"},{\"@type\":\"ListItem\",\"position\":3,\"name\":\"tabac \u00e0 priser Sunblast de McChrystal\"}]},{\"@type\":\"WebSite\",\"@id\":\"https:\/\/www.tabakversand.ch\/#website\",\"url\":\"https:\/\/www.tabakversand.ch\/\",\"name\":\"Tabakversand.ch | Alles aus der Welt des Tabaks\",\"description\":\"Smoke and carpe diem\",\"potentialAction\":[{\"@type\":\"SearchAction\",\"target\":{\"@type\":\"EntryPoint\",\"urlTemplate\":\"https:\/\/www.tabakversand.ch\/?s={search_term_string}\"},\"query-input\":{\"@type\":\"PropertyValueSpecification\",\"valueRequired\":true,\"valueName\":\"search_term_string\"}}],\"inLanguage\":\"fr-FR\"}]}<\/script>\n<!-- \/ Yoast SEO plugin. -->","yoast_head_json":{"title":"Tabac \u00e0 priser SUNBLAST de McChrystal \u2013 Abricot fruit\u00e9 | Acheter maintenant","description":"Le tabac \u00e0 priser Sunblast de Mc Chrystal offre une fra\u00eecheur fruit\u00e9e rehauss\u00e9e d'une note d'abricot. L\u00e9ger et id\u00e9al pour tous ceux qui souhaitent d\u00e9couvrir de nouvelles saveurs.","robots":{"index":"index","follow":"follow","max-snippet":"max-snippet:-1","max-image-preview":"max-image-preview:large","max-video-preview":"max-video-preview:-1"},"canonical":"https:\/\/www.tabakversand.ch\/produit\/mc-chrystals-sunblast-snuff\/","og_locale":"fr_FR","og_type":"article","og_title":"Tabac \u00e0 priser SUNBLAST de McChrystal \u2013 Abricot fruit\u00e9 | Acheter maintenant","og_description":"Le tabac \u00e0 priser Sunblast de Mc Chrystal offre une fra\u00eecheur fruit\u00e9e rehauss\u00e9e d'une note d'abricot. L\u00e9ger et id\u00e9al pour tous ceux qui souhaitent d\u00e9couvrir de nouvelles saveurs.","og_url":"https:\/\/www.tabakversand.ch\/produit\/mc-chrystals-sunblast-snuff\/","og_site_name":"Tabakversand.ch | Alles aus der Welt des Tabaks","article_modified_time":"2026-03-11T16:13:31+00:00","og_image":[{"width":500,"height":500,"url":"https:\/\/www.tabakversand.ch\/wp-content\/uploads\/2026\/03\/mc-chrystals-sunblast_.jpg","type":"image\/jpeg"}],"twitter_card":"summary_large_image","twitter_misc":{"Dur\u00e9e de lecture estim\u00e9e":"2 minutes"},"schema":{"@context":"https:\/\/schema.org","@graph":[{"@type":"WebPage","@id":"https:\/\/www.tabakversand.ch\/produit\/mc-chrystals-sunblast-snuff\/","url":"https:\/\/www.tabakversand.ch\/produit\/mc-chrystals-sunblast-snuff\/","name":"Tabac \u00e0 priser SUNBLAST de McChrystal \u2013 Abricot fruit\u00e9 | Acheter maintenant","isPartOf":{"@id":"https:\/\/www.tabakversand.ch\/#website"},"primaryImageOfPage":{"@id":"https:\/\/www.tabakversand.ch\/produit\/mc-chrystals-sunblast-snuff\/#primaryimage"},"image":{"@id":"https:\/\/www.tabakversand.ch\/produit\/mc-chrystals-sunblast-snuff\/#primaryimage"},"thumbnailUrl":"https:\/\/www.tabakversand.ch\/wp-content\/uploads\/2026\/03\/mc-chrystals-sunblast_.jpg","datePublished":"2026-03-11T15:47:01+00:00","dateModified":"2026-03-11T16:13:31+00:00","description":"Le tabac \u00e0 priser Sunblast de Mc Chrystal offre une fra\u00eecheur fruit\u00e9e rehauss\u00e9e d'une note d'abricot. L\u00e9ger et id\u00e9al pour tous ceux qui souhaitent d\u00e9couvrir de nouvelles saveurs.","breadcrumb":{"@id":"https:\/\/www.tabakversand.ch\/produit\/mc-chrystals-sunblast-snuff\/#breadcrumb"},"inLanguage":"fr-FR","potentialAction":[{"@type":"ReadAction","target":["https:\/\/www.tabakversand.ch\/produit\/mc-chrystals-sunblast-snuff\/"]}]},{"@type":"ImageObject","inLanguage":"fr-FR","@id":"https:\/\/www.tabakversand.ch\/produit\/mc-chrystals-sunblast-snuff\/#primaryimage","url":"https:\/\/www.tabakversand.ch\/wp-content\/uploads\/2026\/03\/mc-chrystals-sunblast_.jpg","contentUrl":"https:\/\/www.tabakversand.ch\/wp-content\/uploads\/2026\/03\/mc-chrystals-sunblast_.jpg","width":500,"height":500,"caption":"Tabac \u00e0 priser Sunblast de Mc Chrystal | tabakversand.ch"},{"@type":"BreadcrumbList","@id":"https:\/\/www.tabakversand.ch\/produit\/mc-chrystals-sunblast-snuff\/#breadcrumb","itemListElement":[{"@type":"ListItem","position":1,"name":"Startseite","item":"https:\/\/www.tabakversand.ch\/"},{"@type":"ListItem","position":2,"name":"Boutique","item":"https:\/\/www.tabakversand.ch\/fr\/boutique\/"},{"@type":"ListItem","position":3,"name":"tabac \u00e0 priser Sunblast de McChrystal"}]},{"@type":"WebSite","@id":"https:\/\/www.tabakversand.ch\/#website","url":"https:\/\/www.tabakversand.ch\/","name":"Tabakversand.ch | Alles aus der Welt des Tabaks","description":"Smoke and carpe diem","potentialAction":[{"@type":"SearchAction","target":{"@type":"EntryPoint","urlTemplate":"https:\/\/www.tabakversand.ch\/?s={search_term_string}"},"query-input":{"@type":"PropertyValueSpecification","valueRequired":true,"valueName":"search_term_string"}}],"inLanguage":"fr-FR"}]}},"_links":{"self":[{"href":"https:\/\/www.tabakversand.ch\/fr\/wp-json\/wp\/v2\/product\/214533","targetHints":{"allow":["GET"]}}],"collection":[{"href":"https:\/\/www.tabakversand.ch\/fr\/wp-json\/wp\/v2\/product"}],"about":[{"href":"https:\/\/www.tabakversand.ch\/fr\/wp-json\/wp\/v2\/types\/product"}],"version-history":[{"count":5,"href":"https:\/\/www.tabakversand.ch\/fr\/wp-json\/wp\/v2\/product\/214533\/revisions"}],"predecessor-version":[{"id":214603,"href":"https:\/\/www.tabakversand.ch\/fr\/wp-json\/wp\/v2\/product\/214533\/revisions\/214603"}],"wp:featuredmedia":[{"embeddable":true,"href":"https:\/\/www.tabakversand.ch\/fr\/wp-json\/wp\/v2\/media\/214591"}],"wp:attachment":[{"href":"https:\/\/www.tabakversand.ch\/fr\/wp-json\/wp\/v2\/media?parent=214533"}],"wp:term":[{"taxonomy":"product_brand","embeddable":true,"href":"https:\/\/www.tabakversand.ch\/fr\/wp-json\/wp\/v2\/product_brand?post=214533"},{"taxonomy":"product_cat","embeddable":true,"href":"https:\/\/www.tabakversand.ch\/fr\/wp-json\/wp\/v2\/product_cat?post=214533"},{"taxonomy":"product_tag","embeddable":true,"href":"https:\/\/www.tabakversand.ch\/fr\/wp-json\/wp\/v2\/product_tag?post=214533"}],"curies":[{"name":"wp","href":"https:\/\/api.w.org\/{rel}","templated":true}]}}