{"id":214903,"date":"2026-03-19T12:13:38","date_gmt":"2026-03-19T11:13:38","guid":{"rendered":"https:\/\/www.tabakversand.ch\/?post_type=product&#038;p=214903"},"modified":"2026-03-19T15:03:37","modified_gmt":"2026-03-19T14:03:37","slug":"kit-lost-mary-lux-7000","status":"publish","type":"product","link":"https:\/\/www.tabakversand.ch\/fr\/produit\/kit-lost-mary-lux-7000\/","title":{"rendered":"Kit Lost Mary LUX 7000 (20 mg)"},"content":{"rendered":"<h1>Kit Lost Mary LUX 7000<\/h1>\n<p>Exp\u00e9rience de vapotage maximale<\/p>\n<p>D\u00e9couvrez le kit Lost Mary LUX7000, le favori des cigarettes \u00e9lectroniques jetables&nbsp;! Avec jusqu\u2019\u00e0 7&nbsp;000 bouff\u00e9es, une saveur intense et une mise en marche instantan\u00e9e, ce kit offre une exp\u00e9rience de vapotage in\u00e9gal\u00e9e, que vous soyez d\u00e9butant ou utilisateur exp\u00e9riment\u00e9. <\/p>\n<ul>\n<li>Saveur intense et longue dur\u00e9e de conservation<\/li>\n<li>Jusqu&rsquo;\u00e0 7000 bouff\u00e9es pour un plaisir longue dur\u00e9e<\/li>\n<li>Une saveur intense et constante de la premi\u00e8re \u00e0 la derni\u00e8re bouff\u00e9e.<\/li>\n<li>Large choix de saveurs populaires : fruit\u00e9es, sucr\u00e9es, rafra\u00eechissantes<\/li>\n<\/ul>\n<p>&nbsp;<\/p>\n<p>Pourquoi vous allez adorer le kit Lost Mary LUX7000<\/p>\n<ul>\n<li>Pr\u00eat \u00e0 l&#8217;emploi imm\u00e9diatement \u2013 \u200b\u200baucun remplissage n\u00e9cessaire<\/li>\n<li>Design \u00e9l\u00e9gant et compact \u2013 id\u00e9al pour les d\u00e9placements<\/li>\n<li>Facile d&rsquo;utilisation \u2013 parfait pour les d\u00e9butants comme pour les professionnels.<\/li>\n<li>Excellent rapport qualit\u00e9-prix<\/li>\n<\/ul>\n<p>&nbsp;<\/p>\n<p>Foire aux questions<\/p>\n<ul>\n<li>Combien de temps dure le kit ?<br \/>\nJusqu&rsquo;\u00e0 7000 trains \u2013 selon les habitudes d&rsquo;utilisation individuelles.<\/li>\n<li>Ce kit convient-il aux d\u00e9butants&nbsp;?<br \/>\nOui, le kit est extr\u00eamement facile \u00e0 utiliser et pr\u00eat \u00e0 l&#8217;emploi imm\u00e9diatement.<\/li>\n<li>Dois-je remplir ou recharger quelque chose ?<br \/>\nNon, tout est pr\u00eat \u00e0 \u00eatre utilis\u00e9 imm\u00e9diatement.<\/li>\n<\/ul>\n<p>Chez tabakversand.ch, votre kit Lost Mary LUX7000 vous sera livr\u00e9 en parfait \u00e9tat, dans son emballage d&rsquo;origine. Un stockage soign\u00e9 garantit une qualit\u00e9 optimale jusqu&rsquo;\u00e0 l&rsquo;exp\u00e9dition. Gr\u00e2ce \u00e0 une livraison rapide en Suisse, votre cigarette \u00e9lectronique vous parviendra g\u00e9n\u00e9ralement tr\u00e8s rapidement.  <\/p>\n<p>Pour plus d&rsquo;informations sur les cigarettes \u00e9lectroniques, veuillez consulter l&rsquo;article Wikip\u00e9dia correspondant&nbsp;: <a href=\"https:\/\/de.wikipedia.org\/wiki\/Elektrische_Zigarette\">cliquez ici<\/a> . La cartouche Lost Mary LUX7000 est \u00e9galement disponible chez nous&nbsp;: <a href=\"https:\/\/www.tabakversand.ch\/produkt\/lost-mary-lux-7000-pod-kaufen\/\">cliquez ici<\/a> . <\/p>\n<p>Tous les prix s&rsquo;appliquent uniquement aux commandes en ligne et incluent la TVA. Sous r\u00e9serve de modifications sans pr\u00e9avis, frais de livraison en sus. Sous r\u00e9serve d&rsquo;erreurs, de modifications de contenu de livraison et de conception, de fautes d&rsquo;impression et de modifications de prix. Les prix barr\u00e9s sont des prix de remplacement. Les illustrations peuvent diff\u00e9rer de l&rsquo;original\/du contenu de livraison.     <\/p>\n<p>*Livraison gratuite pour les commandes sup\u00e9rieures \u00e0 CHF 250.-.<\/p>\n","protected":false},"excerpt":{"rendered":"<p>Kit Lost Mary LUX 7000 Exp\u00e9rience de vapotage maximale D\u00e9couvrez le kit Lost Mary LUX7000, le favori des cigarettes \u00e9lectroniques jetables&nbsp;! Avec jusqu\u2019\u00e0 7&nbsp;000 bouff\u00e9es, une saveur intense et une mise en marche instantan\u00e9e, ce kit offre une exp\u00e9rience de vapotage in\u00e9gal\u00e9e, que vous soyez d\u00e9butant ou utilisateur exp\u00e9riment\u00e9. Saveur intense et longue dur\u00e9e de [&hellip;]<\/p>\n","protected":false},"featured_media":214949,"template":"","meta":[],"product_brand":[2951],"product_cat":[1895,5471],"product_tag":[],"class_list":{"0":"post-214903","1":"product","2":"type-product","3":"status-publish","4":"has-post-thumbnail","6":"product_brand-elfbar","7":"product_cat-e-fumee","8":"product_cat-lost-mary-lux7000-kit","9":"pa_lost-mary-bm6000-banana-volcano-fr","10":"pa_lost-mary-bm6000-blackberry-ice-fr","11":"pa_lost-mary-bm6000-blueberry-fr","12":"pa_lost-mary-bm6000-cola-fr","13":"pa_lost-mary-bm6000-double-apple-fr","14":"pa_lost-mary-bm6000-grape-fr","15":"pa_lost-mary-bm6000-menthol-fr-2","16":"pa_lost-mary-bm6000-pineapple-ice-fr","17":"pa_lost-mary-bm6000-strawberry-ice-fr","18":"pa_lost-mary-bm6000-tripple-berry-fr","19":"pa_lost-mary-bm6000-tripple-mango-fr","20":"pa_lost-mary-bm6000-watermelon-ice-fr","22":"first","23":"onbackorder","24":"featured","25":"purchasable","26":"product-type-variable"},"yoast_head":"<!-- This site is optimized with the Yoast SEO plugin v27.5 - https:\/\/yoast.com\/product\/yoast-seo-wordpress\/ -->\n<title>Achetez le kit Lost Mary LUX7000 \u2713 7000 trains et meilleurs prix en Suisse<\/title>\n<meta name=\"description\" content=\"Achetez le kit Lost Mary Lux7000 \u2713 Jusqu&#039;\u00e0 7000 bouff\u00e9es, saveur intense et prix imbattables. Commandez d\u00e8s maintenant\u00a0! Livraison rapide en Suisse\u00a0!\" \/>\n<meta name=\"robots\" content=\"index, follow, max-snippet:-1, max-image-preview:large, max-video-preview:-1\" \/>\n<link rel=\"canonical\" href=\"https:\/\/www.tabakversand.ch\/fr\/produit\/kit-lost-mary-lux-7000\/\" \/>\n<meta property=\"og:locale\" content=\"fr_FR\" \/>\n<meta property=\"og:type\" content=\"article\" \/>\n<meta property=\"og:title\" content=\"Achetez le kit Lost Mary LUX7000 \u2713 7000 trains et meilleurs prix en Suisse\" \/>\n<meta property=\"og:description\" content=\"Achetez le kit Lost Mary Lux7000 \u2713 Jusqu&#039;\u00e0 7000 bouff\u00e9es, saveur intense et prix imbattables. Commandez d\u00e8s maintenant\u00a0! Livraison rapide en Suisse\u00a0!\" \/>\n<meta property=\"og:url\" content=\"https:\/\/www.tabakversand.ch\/fr\/produit\/kit-lost-mary-lux-7000\/\" \/>\n<meta property=\"og:site_name\" content=\"Tabakversand.ch | Alles aus der Welt des Tabaks\" \/>\n<meta property=\"article:modified_time\" content=\"2026-03-19T14:03:37+00:00\" \/>\n<meta property=\"og:image\" content=\"https:\/\/www.tabakversand.ch\/wp-content\/uploads\/2026\/03\/lost-mary-lux-7000-kit-all.jpg\" \/>\n\t<meta property=\"og:image:width\" content=\"500\" \/>\n\t<meta property=\"og:image:height\" content=\"500\" \/>\n\t<meta property=\"og:image:type\" content=\"image\/jpeg\" \/>\n<meta name=\"twitter:card\" content=\"summary_large_image\" \/>\n<meta name=\"twitter:label1\" content=\"Dur\u00e9e de lecture estim\u00e9e\" \/>\n\t<meta name=\"twitter:data1\" content=\"2 minutes\" \/>\n<script type=\"application\/ld+json\" class=\"yoast-schema-graph\">{\"@context\":\"https:\\\/\\\/schema.org\",\"@graph\":[{\"@type\":\"WebPage\",\"@id\":\"https:\\\/\\\/www.tabakversand.ch\\\/fr\\\/produit\\\/kit-lost-mary-lux-7000\\\/\",\"url\":\"https:\\\/\\\/www.tabakversand.ch\\\/fr\\\/produit\\\/kit-lost-mary-lux-7000\\\/\",\"name\":\"Achetez le kit Lost Mary LUX7000 \u2713 7000 trains et meilleurs prix en Suisse\",\"isPartOf\":{\"@id\":\"https:\\\/\\\/www.tabakversand.ch\\\/#website\"},\"primaryImageOfPage\":{\"@id\":\"https:\\\/\\\/www.tabakversand.ch\\\/fr\\\/produit\\\/kit-lost-mary-lux-7000\\\/#primaryimage\"},\"image\":{\"@id\":\"https:\\\/\\\/www.tabakversand.ch\\\/fr\\\/produit\\\/kit-lost-mary-lux-7000\\\/#primaryimage\"},\"thumbnailUrl\":\"https:\\\/\\\/www.tabakversand.ch\\\/wp-content\\\/uploads\\\/2026\\\/03\\\/lost-mary-lux-7000-kit-all.jpg\",\"datePublished\":\"2026-03-19T11:13:38+00:00\",\"dateModified\":\"2026-03-19T14:03:37+00:00\",\"description\":\"Achetez le kit Lost Mary Lux7000 \u2713 Jusqu&#39;\u00e0 7000 bouff\u00e9es, saveur intense et prix imbattables. Commandez d\u00e8s maintenant\u00a0! Livraison rapide en Suisse\u00a0!\",\"breadcrumb\":{\"@id\":\"https:\\\/\\\/www.tabakversand.ch\\\/fr\\\/produit\\\/kit-lost-mary-lux-7000\\\/#breadcrumb\"},\"inLanguage\":\"fr-FR\",\"potentialAction\":[{\"@type\":\"ReadAction\",\"target\":[\"https:\\\/\\\/www.tabakversand.ch\\\/fr\\\/produit\\\/kit-lost-mary-lux-7000\\\/\"]}]},{\"@type\":\"ImageObject\",\"inLanguage\":\"fr-FR\",\"@id\":\"https:\\\/\\\/www.tabakversand.ch\\\/fr\\\/produit\\\/kit-lost-mary-lux-7000\\\/#primaryimage\",\"url\":\"https:\\\/\\\/www.tabakversand.ch\\\/wp-content\\\/uploads\\\/2026\\\/03\\\/lost-mary-lux-7000-kit-all.jpg\",\"contentUrl\":\"https:\\\/\\\/www.tabakversand.ch\\\/wp-content\\\/uploads\\\/2026\\\/03\\\/lost-mary-lux-7000-kit-all.jpg\",\"width\":500,\"height\":500,\"caption\":\"Kit Lost Mary LUX7000 | tabakversand.ch\"},{\"@type\":\"BreadcrumbList\",\"@id\":\"https:\\\/\\\/www.tabakversand.ch\\\/fr\\\/produit\\\/kit-lost-mary-lux-7000\\\/#breadcrumb\",\"itemListElement\":[{\"@type\":\"ListItem\",\"position\":1,\"name\":\"Startseite\",\"item\":\"https:\\\/\\\/www.tabakversand.ch\\\/\"},{\"@type\":\"ListItem\",\"position\":2,\"name\":\"Boutique\",\"item\":\"https:\\\/\\\/www.tabakversand.ch\\\/fr\\\/boutique\\\/\"},{\"@type\":\"ListItem\",\"position\":3,\"name\":\"Kit Lost Mary LUX 7000 (20 mg)\"}]},{\"@type\":\"WebSite\",\"@id\":\"https:\\\/\\\/www.tabakversand.ch\\\/#website\",\"url\":\"https:\\\/\\\/www.tabakversand.ch\\\/\",\"name\":\"Tabakversand.ch | Alles aus der Welt des Tabaks\",\"description\":\"Smoke and carpe diem\",\"potentialAction\":[{\"@type\":\"SearchAction\",\"target\":{\"@type\":\"EntryPoint\",\"urlTemplate\":\"https:\\\/\\\/www.tabakversand.ch\\\/?s={search_term_string}\"},\"query-input\":{\"@type\":\"PropertyValueSpecification\",\"valueRequired\":true,\"valueName\":\"search_term_string\"}}],\"inLanguage\":\"fr-FR\"}]}<\/script>\n<!-- \/ Yoast SEO plugin. -->","yoast_head_json":{"title":"Achetez le kit Lost Mary LUX7000 \u2713 7000 trains et meilleurs prix en Suisse","description":"Achetez le kit Lost Mary Lux7000 \u2713 Jusqu&#39;\u00e0 7000 bouff\u00e9es, saveur intense et prix imbattables. Commandez d\u00e8s maintenant\u00a0! Livraison rapide en Suisse\u00a0!","robots":{"index":"index","follow":"follow","max-snippet":"max-snippet:-1","max-image-preview":"max-image-preview:large","max-video-preview":"max-video-preview:-1"},"canonical":"https:\/\/www.tabakversand.ch\/fr\/produit\/kit-lost-mary-lux-7000\/","og_locale":"fr_FR","og_type":"article","og_title":"Achetez le kit Lost Mary LUX7000 \u2713 7000 trains et meilleurs prix en Suisse","og_description":"Achetez le kit Lost Mary Lux7000 \u2713 Jusqu&#39;\u00e0 7000 bouff\u00e9es, saveur intense et prix imbattables. Commandez d\u00e8s maintenant\u00a0! Livraison rapide en Suisse\u00a0!","og_url":"https:\/\/www.tabakversand.ch\/fr\/produit\/kit-lost-mary-lux-7000\/","og_site_name":"Tabakversand.ch | Alles aus der Welt des Tabaks","article_modified_time":"2026-03-19T14:03:37+00:00","og_image":[{"width":500,"height":500,"url":"https:\/\/www.tabakversand.ch\/wp-content\/uploads\/2026\/03\/lost-mary-lux-7000-kit-all.jpg","type":"image\/jpeg"}],"twitter_card":"summary_large_image","twitter_misc":{"Dur\u00e9e de lecture estim\u00e9e":"2 minutes"},"schema":{"@context":"https:\/\/schema.org","@graph":[{"@type":"WebPage","@id":"https:\/\/www.tabakversand.ch\/fr\/produit\/kit-lost-mary-lux-7000\/","url":"https:\/\/www.tabakversand.ch\/fr\/produit\/kit-lost-mary-lux-7000\/","name":"Achetez le kit Lost Mary LUX7000 \u2713 7000 trains et meilleurs prix en Suisse","isPartOf":{"@id":"https:\/\/www.tabakversand.ch\/#website"},"primaryImageOfPage":{"@id":"https:\/\/www.tabakversand.ch\/fr\/produit\/kit-lost-mary-lux-7000\/#primaryimage"},"image":{"@id":"https:\/\/www.tabakversand.ch\/fr\/produit\/kit-lost-mary-lux-7000\/#primaryimage"},"thumbnailUrl":"https:\/\/www.tabakversand.ch\/wp-content\/uploads\/2026\/03\/lost-mary-lux-7000-kit-all.jpg","datePublished":"2026-03-19T11:13:38+00:00","dateModified":"2026-03-19T14:03:37+00:00","description":"Achetez le kit Lost Mary Lux7000 \u2713 Jusqu&#39;\u00e0 7000 bouff\u00e9es, saveur intense et prix imbattables. Commandez d\u00e8s maintenant\u00a0! Livraison rapide en Suisse\u00a0!","breadcrumb":{"@id":"https:\/\/www.tabakversand.ch\/fr\/produit\/kit-lost-mary-lux-7000\/#breadcrumb"},"inLanguage":"fr-FR","potentialAction":[{"@type":"ReadAction","target":["https:\/\/www.tabakversand.ch\/fr\/produit\/kit-lost-mary-lux-7000\/"]}]},{"@type":"ImageObject","inLanguage":"fr-FR","@id":"https:\/\/www.tabakversand.ch\/fr\/produit\/kit-lost-mary-lux-7000\/#primaryimage","url":"https:\/\/www.tabakversand.ch\/wp-content\/uploads\/2026\/03\/lost-mary-lux-7000-kit-all.jpg","contentUrl":"https:\/\/www.tabakversand.ch\/wp-content\/uploads\/2026\/03\/lost-mary-lux-7000-kit-all.jpg","width":500,"height":500,"caption":"Kit Lost Mary LUX7000 | tabakversand.ch"},{"@type":"BreadcrumbList","@id":"https:\/\/www.tabakversand.ch\/fr\/produit\/kit-lost-mary-lux-7000\/#breadcrumb","itemListElement":[{"@type":"ListItem","position":1,"name":"Startseite","item":"https:\/\/www.tabakversand.ch\/"},{"@type":"ListItem","position":2,"name":"Boutique","item":"https:\/\/www.tabakversand.ch\/fr\/boutique\/"},{"@type":"ListItem","position":3,"name":"Kit Lost Mary LUX 7000 (20 mg)"}]},{"@type":"WebSite","@id":"https:\/\/www.tabakversand.ch\/#website","url":"https:\/\/www.tabakversand.ch\/","name":"Tabakversand.ch | Alles aus der Welt des Tabaks","description":"Smoke and carpe diem","potentialAction":[{"@type":"SearchAction","target":{"@type":"EntryPoint","urlTemplate":"https:\/\/www.tabakversand.ch\/?s={search_term_string}"},"query-input":{"@type":"PropertyValueSpecification","valueRequired":true,"valueName":"search_term_string"}}],"inLanguage":"fr-FR"}]}},"_links":{"self":[{"href":"https:\/\/www.tabakversand.ch\/fr\/wp-json\/wp\/v2\/product\/214903","targetHints":{"allow":["GET"]}}],"collection":[{"href":"https:\/\/www.tabakversand.ch\/fr\/wp-json\/wp\/v2\/product"}],"about":[{"href":"https:\/\/www.tabakversand.ch\/fr\/wp-json\/wp\/v2\/types\/product"}],"version-history":[{"count":7,"href":"https:\/\/www.tabakversand.ch\/fr\/wp-json\/wp\/v2\/product\/214903\/revisions"}],"predecessor-version":[{"id":215138,"href":"https:\/\/www.tabakversand.ch\/fr\/wp-json\/wp\/v2\/product\/214903\/revisions\/215138"}],"wp:featuredmedia":[{"embeddable":true,"href":"https:\/\/www.tabakversand.ch\/fr\/wp-json\/wp\/v2\/media\/214949"}],"wp:attachment":[{"href":"https:\/\/www.tabakversand.ch\/fr\/wp-json\/wp\/v2\/media?parent=214903"}],"wp:term":[{"taxonomy":"product_brand","embeddable":true,"href":"https:\/\/www.tabakversand.ch\/fr\/wp-json\/wp\/v2\/product_brand?post=214903"},{"taxonomy":"product_cat","embeddable":true,"href":"https:\/\/www.tabakversand.ch\/fr\/wp-json\/wp\/v2\/product_cat?post=214903"},{"taxonomy":"product_tag","embeddable":true,"href":"https:\/\/www.tabakversand.ch\/fr\/wp-json\/wp\/v2\/product_tag?post=214903"}],"curies":[{"name":"wp","href":"https:\/\/api.w.org\/{rel}","templated":true}]}}