{"id":215152,"date":"2026-03-20T10:12:02","date_gmt":"2026-03-20T09:12:02","guid":{"rendered":"https:\/\/www.tabakversand.ch\/?post_type=product&#038;p=215152"},"modified":"2026-04-04T11:04:02","modified_gmt":"2026-04-04T09:04:02","slug":"kit-elf-bar-nx-7000-20-mg","status":"publish","type":"product","link":"https:\/\/www.tabakversand.ch\/fr\/produit\/kit-elf-bar-nx-7000-20-mg\/","title":{"rendered":"Kit Elf Bar NX 7000 (20 mg)"},"content":{"rendered":"<h1>Kit Elf Bar NX 7000 (20 mg)<\/h1>\n<p>Performances maximales pour votre exp\u00e9rience de vapotage<\/p>\n<p>D\u00e9couvrez une nouvelle g\u00e9n\u00e9ration de vapotage avec le kit Elf Bar NX 7000. Ce syst\u00e8me performant allie design moderne, saveurs intenses et capacit\u00e9 impressionnante\u00a0: id\u00e9al pour ceux qui recherchent une exp\u00e9rience de vapotage optimale.<\/p>\n<p>Avec jusqu&rsquo;\u00e0 7\u00a0000 frappes, le kit NX 7000 offre une autonomie exceptionnelle. Sa batterie rechargeable int\u00e9gr\u00e9e permet de recharger facilement votre appareil \u00e0 tout moment via USB-C, de mani\u00e8re durable et \u00e9conomique.<\/p>\n<p>Vos avantages en un coup d&rsquo;\u0153il\u00a0:<\/p>\n<ul>\n<li>Jusqu&rsquo;\u00e0 7000 trains \u2013 dur\u00e9e de fonctionnement extra longue<\/li>\n<li>Batterie rechargeable \u2013 flexible et respectueuse de l&amp;#39;environnement<\/li>\n<li>Une intense vari\u00e9t\u00e9 de saveurs \u2013 pour une exp\u00e9rience olfactive puissante<\/li>\n<li>Design compact et moderne \u2013 id\u00e9al pour les d\u00e9placements<\/li>\n<li>Facile \u00e0 utiliser \u2013 pas de remplissage, pas de tracas<\/li>\n<\/ul>\n<p>&nbsp;<\/p>\n<p>\u00c0 qui convient le kit Elf Bar NX 7000\u00a0?<\/p>\n<ul>\n<li>Que vous soyez vapoteur d\u00e9butant ou exp\u00e9riment\u00e9, ce kit vous s\u00e9duira par sa simplicit\u00e9 d&rsquo;utilisation et ses performances exceptionnelles. Id\u00e9al pour tous ceux qui recherchent une cigarette \u00e9lectronique fiable, durable et offrant des saveurs riches.<\/li>\n<\/ul>\n<p>&nbsp;<\/p>\n<p>Pourquoi le kit NX 7000 ?<\/p>\n<ul>\n<li>Compar\u00e9 aux cigarettes \u00e9lectroniques jetables classiques, ce syst\u00e8me offre une autonomie nettement sup\u00e9rieure et une solution rechargeable. R\u00e9sultat\u00a0: plus de plaisir, moins d\u2019interruptions et un meilleur rapport qualit\u00e9-prix.<\/li>\n<\/ul>\n<p>&nbsp;<\/p>\n<p>Chez tabakversand.ch, votre kit Elf Bar NX 7000 vous sera livr\u00e9 en parfait \u00e9tat, dans son emballage d&rsquo;origine. Un stockage soign\u00e9 garantit une qualit\u00e9 optimale jusqu&rsquo;\u00e0 l&rsquo;exp\u00e9dition. Gr\u00e2ce \u00e0 une livraison rapide en Suisse, votre cigarette \u00e9lectronique vous parviendra g\u00e9n\u00e9ralement tr\u00e8s rapidement.<\/p>\n<p>Pour plus d&rsquo;informations sur les cigarettes \u00e9lectroniques, veuillez consulter l&rsquo;article Wikip\u00e9dia correspondant\u00a0: <a href=\"https:\/\/de.wikipedia.org\/wiki\/Elektrische_Zigarette\">cliquez ici<\/a> . Si vous avez des questions concernant le produit, n&rsquo;h\u00e9sitez pas \u00e0 nous contacter\u00a0: <a href=\"https:\/\/www.tabakversand.ch\/kontakt\/\">cliquez ici<\/a> .<\/p>\n<p>Tous les prix s&rsquo;appliquent uniquement aux commandes en ligne et incluent la TVA. Sous r\u00e9serve de modifications sans pr\u00e9avis, frais de livraison en sus. Sous r\u00e9serve d&rsquo;erreurs, de modifications de contenu de livraison et de conception, de fautes d&rsquo;impression et de modifications de prix. Les prix barr\u00e9s sont des prix de remplacement. Les illustrations peuvent diff\u00e9rer de l&rsquo;original\/du contenu de livraison.<\/p>\n<p>*Livraison gratuite pour les commandes sup\u00e9rieures \u00e0 CHF 250.-.<\/p>\n","protected":false},"excerpt":{"rendered":"<p>Kit Elf Bar NX 7000 (20 mg) Performances maximales pour votre exp\u00e9rience de vapotage D\u00e9couvrez une nouvelle g\u00e9n\u00e9ration de vapotage avec le kit Elf Bar NX 7000. Ce syst\u00e8me performant allie design moderne, saveurs intenses et capacit\u00e9 impressionnante\u00a0: id\u00e9al pour ceux qui recherchent une exp\u00e9rience de vapotage optimale. Avec jusqu&rsquo;\u00e0 7\u00a0000 frappes, le kit NX [&hellip;]<\/p>\n","protected":false},"featured_media":215156,"template":"","meta":[],"product_brand":[2951],"product_cat":[1913,1895,5487],"product_tag":[],"class_list":{"0":"post-215152","1":"product","2":"type-product","3":"status-publish","4":"has-post-thumbnail","6":"product_brand-elfbar","7":"product_cat-cigarettes-electroniques","8":"product_cat-e-fumee","9":"product_cat-kit-elf-bar-nx7000","10":"pa_af5000-elfa-pro-v2-20mg-banana-milk","11":"pa_af5000-elfa-pro-v2-20mg-blue-razz-lemonade-fr","12":"pa_af5000-elfa-pro-v2-20mg-blueberry-sour-raspberry-fr","13":"pa_af5000-elfa-pro-v2-20mg-grape-fr","14":"pa_af5000-elfa-pro-v2-20mg-juicy-peach","15":"pa_af5000-elfa-pro-v2-20mg-kiwi-passionfruit-guava-fr","16":"pa_af5000-elfa-pro-v2-20mg-pink-lemonade-fr","17":"pa_af5000-elfa-pro-v2-20mg-strawberry-ice-fr","19":"first","20":"onbackorder","21":"purchasable","22":"product-type-variable"},"yoast_head":"<!-- This site is optimized with the Yoast SEO plugin v27.5 - https:\/\/yoast.com\/product\/yoast-seo-wordpress\/ -->\n<title>Achetez le kit Elf Bar NX 7000 \u2013 7000 bouff\u00e9es, rechargeable<\/title>\n<meta name=\"description\" content=\"D\u00e9couvrez le kit Elf Bar NX 7000\u00a0: jusqu\u2019\u00e0 7\u00a0000 bouff\u00e9es, une batterie longue dur\u00e9e et une saveur intense. Achetez-le en ligne d\u00e8s maintenant.\" \/>\n<meta name=\"robots\" content=\"index, follow, max-snippet:-1, max-image-preview:large, max-video-preview:-1\" \/>\n<link rel=\"canonical\" href=\"https:\/\/www.tabakversand.ch\/it\/produit\/kit-elf-bar-nx-7000-20-mg\/\" \/>\n<meta property=\"og:locale\" content=\"fr_FR\" \/>\n<meta property=\"og:type\" content=\"article\" \/>\n<meta property=\"og:title\" content=\"Achetez le kit Elf Bar NX 7000 \u2013 7000 bouff\u00e9es, rechargeable\" \/>\n<meta property=\"og:description\" content=\"D\u00e9couvrez le kit Elf Bar NX 7000\u00a0: jusqu\u2019\u00e0 7\u00a0000 bouff\u00e9es, une batterie longue dur\u00e9e et une saveur intense. Achetez-le en ligne d\u00e8s maintenant.\" \/>\n<meta property=\"og:url\" content=\"https:\/\/www.tabakversand.ch\/it\/produit\/kit-elf-bar-nx-7000-20-mg\/\" \/>\n<meta property=\"og:site_name\" content=\"Tabakversand.ch | Alles aus der Welt des Tabaks\" \/>\n<meta property=\"article:modified_time\" content=\"2026-04-04T09:04:02+00:00\" \/>\n<meta property=\"og:image\" content=\"https:\/\/www.tabakversand.ch\/wp-content\/uploads\/2026\/03\/elfbar-nx-7000-kit-all.jpg\" \/>\n\t<meta property=\"og:image:width\" content=\"500\" \/>\n\t<meta property=\"og:image:height\" content=\"500\" \/>\n\t<meta property=\"og:image:type\" content=\"image\/jpeg\" \/>\n<meta name=\"twitter:card\" content=\"summary_large_image\" \/>\n<meta name=\"twitter:label1\" content=\"Dur\u00e9e de lecture estim\u00e9e\" \/>\n\t<meta name=\"twitter:data1\" content=\"3 minutes\" \/>\n<script type=\"application\/ld+json\" class=\"yoast-schema-graph\">{\"@context\":\"https:\\\/\\\/schema.org\",\"@graph\":[{\"@type\":\"WebPage\",\"@id\":\"https:\\\/\\\/www.tabakversand.ch\\\/it\\\/produit\\\/kit-elf-bar-nx-7000-20-mg\\\/\",\"url\":\"https:\\\/\\\/www.tabakversand.ch\\\/it\\\/produit\\\/kit-elf-bar-nx-7000-20-mg\\\/\",\"name\":\"Achetez le kit Elf Bar NX 7000 \u2013 7000 bouff\u00e9es, rechargeable\",\"isPartOf\":{\"@id\":\"https:\\\/\\\/www.tabakversand.ch\\\/#website\"},\"primaryImageOfPage\":{\"@id\":\"https:\\\/\\\/www.tabakversand.ch\\\/it\\\/produit\\\/kit-elf-bar-nx-7000-20-mg\\\/#primaryimage\"},\"image\":{\"@id\":\"https:\\\/\\\/www.tabakversand.ch\\\/it\\\/produit\\\/kit-elf-bar-nx-7000-20-mg\\\/#primaryimage\"},\"thumbnailUrl\":\"https:\\\/\\\/www.tabakversand.ch\\\/wp-content\\\/uploads\\\/2026\\\/03\\\/elfbar-nx-7000-kit-all.jpg\",\"datePublished\":\"2026-03-20T09:12:02+00:00\",\"dateModified\":\"2026-04-04T09:04:02+00:00\",\"description\":\"D\u00e9couvrez le kit Elf Bar NX 7000\u00a0: jusqu\u2019\u00e0 7\u00a0000 bouff\u00e9es, une batterie longue dur\u00e9e et une saveur intense. Achetez-le en ligne d\u00e8s maintenant.\",\"breadcrumb\":{\"@id\":\"https:\\\/\\\/www.tabakversand.ch\\\/it\\\/produit\\\/kit-elf-bar-nx-7000-20-mg\\\/#breadcrumb\"},\"inLanguage\":\"fr-FR\",\"potentialAction\":[{\"@type\":\"ReadAction\",\"target\":[\"https:\\\/\\\/www.tabakversand.ch\\\/it\\\/produit\\\/kit-elf-bar-nx-7000-20-mg\\\/\"]}]},{\"@type\":\"ImageObject\",\"inLanguage\":\"fr-FR\",\"@id\":\"https:\\\/\\\/www.tabakversand.ch\\\/it\\\/produit\\\/kit-elf-bar-nx-7000-20-mg\\\/#primaryimage\",\"url\":\"https:\\\/\\\/www.tabakversand.ch\\\/wp-content\\\/uploads\\\/2026\\\/03\\\/elfbar-nx-7000-kit-all.jpg\",\"contentUrl\":\"https:\\\/\\\/www.tabakversand.ch\\\/wp-content\\\/uploads\\\/2026\\\/03\\\/elfbar-nx-7000-kit-all.jpg\",\"width\":500,\"height\":500,\"caption\":\"Kit barre Elf NX 7000 | tabakversand.ch\"},{\"@type\":\"BreadcrumbList\",\"@id\":\"https:\\\/\\\/www.tabakversand.ch\\\/it\\\/produit\\\/kit-elf-bar-nx-7000-20-mg\\\/#breadcrumb\",\"itemListElement\":[{\"@type\":\"ListItem\",\"position\":1,\"name\":\"Startseite\",\"item\":\"https:\\\/\\\/www.tabakversand.ch\\\/\"},{\"@type\":\"ListItem\",\"position\":2,\"name\":\"Boutique\",\"item\":\"https:\\\/\\\/www.tabakversand.ch\\\/fr\\\/boutique\\\/\"},{\"@type\":\"ListItem\",\"position\":3,\"name\":\"Kit Elf Bar NX 7000 (20 mg)\"}]},{\"@type\":\"WebSite\",\"@id\":\"https:\\\/\\\/www.tabakversand.ch\\\/#website\",\"url\":\"https:\\\/\\\/www.tabakversand.ch\\\/\",\"name\":\"Tabakversand.ch | Alles aus der Welt des Tabaks\",\"description\":\"Smoke and carpe diem\",\"potentialAction\":[{\"@type\":\"SearchAction\",\"target\":{\"@type\":\"EntryPoint\",\"urlTemplate\":\"https:\\\/\\\/www.tabakversand.ch\\\/?s={search_term_string}\"},\"query-input\":{\"@type\":\"PropertyValueSpecification\",\"valueRequired\":true,\"valueName\":\"search_term_string\"}}],\"inLanguage\":\"fr-FR\"}]}<\/script>\n<!-- \/ Yoast SEO plugin. -->","yoast_head_json":{"title":"Achetez le kit Elf Bar NX 7000 \u2013 7000 bouff\u00e9es, rechargeable","description":"D\u00e9couvrez le kit Elf Bar NX 7000\u00a0: jusqu\u2019\u00e0 7\u00a0000 bouff\u00e9es, une batterie longue dur\u00e9e et une saveur intense. Achetez-le en ligne d\u00e8s maintenant.","robots":{"index":"index","follow":"follow","max-snippet":"max-snippet:-1","max-image-preview":"max-image-preview:large","max-video-preview":"max-video-preview:-1"},"canonical":"https:\/\/www.tabakversand.ch\/it\/produit\/kit-elf-bar-nx-7000-20-mg\/","og_locale":"fr_FR","og_type":"article","og_title":"Achetez le kit Elf Bar NX 7000 \u2013 7000 bouff\u00e9es, rechargeable","og_description":"D\u00e9couvrez le kit Elf Bar NX 7000\u00a0: jusqu\u2019\u00e0 7\u00a0000 bouff\u00e9es, une batterie longue dur\u00e9e et une saveur intense. Achetez-le en ligne d\u00e8s maintenant.","og_url":"https:\/\/www.tabakversand.ch\/it\/produit\/kit-elf-bar-nx-7000-20-mg\/","og_site_name":"Tabakversand.ch | Alles aus der Welt des Tabaks","article_modified_time":"2026-04-04T09:04:02+00:00","og_image":[{"width":500,"height":500,"url":"https:\/\/www.tabakversand.ch\/wp-content\/uploads\/2026\/03\/elfbar-nx-7000-kit-all.jpg","type":"image\/jpeg"}],"twitter_card":"summary_large_image","twitter_misc":{"Dur\u00e9e de lecture estim\u00e9e":"3 minutes"},"schema":{"@context":"https:\/\/schema.org","@graph":[{"@type":"WebPage","@id":"https:\/\/www.tabakversand.ch\/it\/produit\/kit-elf-bar-nx-7000-20-mg\/","url":"https:\/\/www.tabakversand.ch\/it\/produit\/kit-elf-bar-nx-7000-20-mg\/","name":"Achetez le kit Elf Bar NX 7000 \u2013 7000 bouff\u00e9es, rechargeable","isPartOf":{"@id":"https:\/\/www.tabakversand.ch\/#website"},"primaryImageOfPage":{"@id":"https:\/\/www.tabakversand.ch\/it\/produit\/kit-elf-bar-nx-7000-20-mg\/#primaryimage"},"image":{"@id":"https:\/\/www.tabakversand.ch\/it\/produit\/kit-elf-bar-nx-7000-20-mg\/#primaryimage"},"thumbnailUrl":"https:\/\/www.tabakversand.ch\/wp-content\/uploads\/2026\/03\/elfbar-nx-7000-kit-all.jpg","datePublished":"2026-03-20T09:12:02+00:00","dateModified":"2026-04-04T09:04:02+00:00","description":"D\u00e9couvrez le kit Elf Bar NX 7000\u00a0: jusqu\u2019\u00e0 7\u00a0000 bouff\u00e9es, une batterie longue dur\u00e9e et une saveur intense. Achetez-le en ligne d\u00e8s maintenant.","breadcrumb":{"@id":"https:\/\/www.tabakversand.ch\/it\/produit\/kit-elf-bar-nx-7000-20-mg\/#breadcrumb"},"inLanguage":"fr-FR","potentialAction":[{"@type":"ReadAction","target":["https:\/\/www.tabakversand.ch\/it\/produit\/kit-elf-bar-nx-7000-20-mg\/"]}]},{"@type":"ImageObject","inLanguage":"fr-FR","@id":"https:\/\/www.tabakversand.ch\/it\/produit\/kit-elf-bar-nx-7000-20-mg\/#primaryimage","url":"https:\/\/www.tabakversand.ch\/wp-content\/uploads\/2026\/03\/elfbar-nx-7000-kit-all.jpg","contentUrl":"https:\/\/www.tabakversand.ch\/wp-content\/uploads\/2026\/03\/elfbar-nx-7000-kit-all.jpg","width":500,"height":500,"caption":"Kit barre Elf NX 7000 | tabakversand.ch"},{"@type":"BreadcrumbList","@id":"https:\/\/www.tabakversand.ch\/it\/produit\/kit-elf-bar-nx-7000-20-mg\/#breadcrumb","itemListElement":[{"@type":"ListItem","position":1,"name":"Startseite","item":"https:\/\/www.tabakversand.ch\/"},{"@type":"ListItem","position":2,"name":"Boutique","item":"https:\/\/www.tabakversand.ch\/fr\/boutique\/"},{"@type":"ListItem","position":3,"name":"Kit Elf Bar NX 7000 (20 mg)"}]},{"@type":"WebSite","@id":"https:\/\/www.tabakversand.ch\/#website","url":"https:\/\/www.tabakversand.ch\/","name":"Tabakversand.ch | Alles aus der Welt des Tabaks","description":"Smoke and carpe diem","potentialAction":[{"@type":"SearchAction","target":{"@type":"EntryPoint","urlTemplate":"https:\/\/www.tabakversand.ch\/?s={search_term_string}"},"query-input":{"@type":"PropertyValueSpecification","valueRequired":true,"valueName":"search_term_string"}}],"inLanguage":"fr-FR"}]}},"_links":{"self":[{"href":"https:\/\/www.tabakversand.ch\/fr\/wp-json\/wp\/v2\/product\/215152","targetHints":{"allow":["GET"]}}],"collection":[{"href":"https:\/\/www.tabakversand.ch\/fr\/wp-json\/wp\/v2\/product"}],"about":[{"href":"https:\/\/www.tabakversand.ch\/fr\/wp-json\/wp\/v2\/types\/product"}],"version-history":[{"count":7,"href":"https:\/\/www.tabakversand.ch\/fr\/wp-json\/wp\/v2\/product\/215152\/revisions"}],"predecessor-version":[{"id":216759,"href":"https:\/\/www.tabakversand.ch\/fr\/wp-json\/wp\/v2\/product\/215152\/revisions\/216759"}],"wp:featuredmedia":[{"embeddable":true,"href":"https:\/\/www.tabakversand.ch\/fr\/wp-json\/wp\/v2\/media\/215156"}],"wp:attachment":[{"href":"https:\/\/www.tabakversand.ch\/fr\/wp-json\/wp\/v2\/media?parent=215152"}],"wp:term":[{"taxonomy":"product_brand","embeddable":true,"href":"https:\/\/www.tabakversand.ch\/fr\/wp-json\/wp\/v2\/product_brand?post=215152"},{"taxonomy":"product_cat","embeddable":true,"href":"https:\/\/www.tabakversand.ch\/fr\/wp-json\/wp\/v2\/product_cat?post=215152"},{"taxonomy":"product_tag","embeddable":true,"href":"https:\/\/www.tabakversand.ch\/fr\/wp-json\/wp\/v2\/product_tag?post=215152"}],"curies":[{"name":"wp","href":"https:\/\/api.w.org\/{rel}","templated":true}]}}