{"id":215295,"date":"2026-03-21T10:17:24","date_gmt":"2026-03-21T09:17:24","guid":{"rendered":"https:\/\/www.tabakversand.ch\/?post_type=product&#038;p=215295"},"modified":"2026-04-20T10:53:34","modified_gmt":"2026-04-20T08:53:34","slug":"capsule-elf-bar-nx7000-20-mg","status":"publish","type":"product","link":"https:\/\/www.tabakversand.ch\/fr\/produit\/capsule-elf-bar-nx7000-20-mg\/","title":{"rendered":"Capsule Elf Bar NX7000 (20 mg)"},"content":{"rendered":"<h1>Pod Elf Bar NX7000<\/h1>\n<p>20 mg de nicotine, saveur intense, pr\u00eat \u00e0 l&#8217;emploi imm\u00e9diatement<\/p>\n<p>D\u00e9couvrez la cartouche Elf Bar NX7000&nbsp;: votre alli\u00e9e id\u00e9ale pour un vapotage intense&nbsp;! Avec 20&nbsp;mg de nicotine par cartouche, elle offre une exp\u00e9rience riche et satisfaisante qui saura s\u00e9duire aussi bien les vapoteurs d\u00e9butants que les plus exp\u00e9riment\u00e9s. <\/p>\n<p>Points saillants en bref&nbsp;:<\/p>\n<ul>\n<li>Saveur intense : De nombreuses saveurs fruit\u00e9es, sucr\u00e9es et classiques pour tous les go\u00fbts.<\/li>\n<li>Simple et pratique : pas de chargement, pas de remplissage \u2013 vapotez instantan\u00e9ment !<\/li>\n<li>Id\u00e9al pour les d\u00e9placements : format compact, se glisse dans n&rsquo;importe quel sac.<\/li>\n<li>Qualit\u00e9 fiable : Fabrication de haute qualit\u00e9 pour un plaisir de cuisson vapeur constant.<\/li>\n<\/ul>\n<p>&nbsp;<\/p>\n<ul>\n<li>Pourquoi Elf Bar NX7000 ?<br \/>\nD\u00e9couvrez une exp\u00e9rience de vapotage simple et sans compromis. Id\u00e9ale pour ceux qui privil\u00e9gient la praticit\u00e9, la performance et une saveur intense. <\/li>\n<\/ul>\n<p>&nbsp;<\/p>\n<p>Commandez maintenant et profitez-en imm\u00e9diatement !<br \/>\nCommandez votre cartouche Elf Bar NX7000 (20 mg) en toute simplicit\u00e9 en ligne et d\u00e9couvrez vos saveurs pr\u00e9f\u00e9r\u00e9es \u2013 go\u00fbt intense et confort maximal inclus.<\/p>\n<p>Chez tabakversand.ch, vous recevrez votre cartouche Elf Bar NX7000 (20 mg) parfaitement conserv\u00e9e dans son emballage d&rsquo;origine. Un stockage soign\u00e9 garantit une qualit\u00e9 optimale jusqu&rsquo;\u00e0 l&rsquo;exp\u00e9dition. Gr\u00e2ce \u00e0 une livraison rapide en Suisse, votre cartouche vous parviendra g\u00e9n\u00e9ralement sous peu.  <\/p>\n<p>Pour plus d&rsquo;informations sur les cigarettes \u00e9lectroniques, veuillez consulter l&rsquo;article Wikip\u00e9dia correspondant&nbsp;: <a href=\"https:\/\/de.wikipedia.org\/wiki\/Elektrische_Zigarette\">cliquez ici<\/a> . Nous proposons \u00e9galement le kit Elf Bar NX7000 (20&nbsp;mg)&nbsp;: <a href=\"https:\/\/www.tabakversand.ch\/produkt\/elf-bar-nx-7000-kit-kaufen\/\">cliquez ici<\/a> . <\/p>\n<p>Tous les prix indiqu\u00e9s sont valables uniquement pour les commandes en ligne, TVA incluse, et peuvent \u00eatre modifi\u00e9s sans pr\u00e9avis. Les frais de port sont en sus.   Sous r\u00e9serve d&rsquo;erreurs, de modifications de l&rsquo;\u00e9tendue de la livraison et de la conception, d&rsquo;erreurs d&rsquo;impression et de modifications de prix. Les prix barr\u00e9s sont plut\u00f4t des prix. L&rsquo;illustration peut diff\u00e9rer de l&rsquo;original\/de l&rsquo;\u00e9tendue de la livraison.<\/p>\n<p>*Livraison gratuite pour les commandes sup\u00e9rieures \u00e0 CHF 250.-.<\/p>\n","protected":false},"excerpt":{"rendered":"<p>Pod Elf Bar NX7000 20 mg de nicotine, saveur intense, pr\u00eat \u00e0 l&#8217;emploi imm\u00e9diatement D\u00e9couvrez la cartouche Elf Bar NX7000&nbsp;: votre alli\u00e9e id\u00e9ale pour un vapotage intense&nbsp;! Avec 20&nbsp;mg de nicotine par cartouche, elle offre une exp\u00e9rience riche et satisfaisante qui saura s\u00e9duire aussi bien les vapoteurs d\u00e9butants que les plus exp\u00e9riment\u00e9s. Points saillants en [&hellip;]<\/p>\n","protected":false},"featured_media":215469,"template":"","meta":[],"product_brand":[2951],"product_cat":[1913,1895,1894,5487,5490],"product_tag":[],"class_list":{"0":"post-215295","1":"product","2":"type-product","3":"status-publish","4":"has-post-thumbnail","6":"product_brand-elfbar","7":"product_cat-cigarettes-electroniques","8":"product_cat-e-fumee","9":"product_cat-e-liquide","10":"product_cat-kit-elf-bar-nx7000","11":"product_cat-pod-elf-bar-nx7000","12":"pa_af5000-elfa-pro-v2-20mg-banana-milk","13":"pa_af5000-elfa-pro-v2-20mg-blue-razz-lemonade-fr","14":"pa_af5000-elfa-pro-v2-20mg-blueberry-ice-fr","15":"pa_af5000-elfa-pro-v2-20mg-blueberry-sour-raspberry-fr","16":"pa_af5000-elfa-pro-v2-20mg-cherry-ice-fr","17":"pa_af5000-elfa-pro-v2-20mg-grape-fr","18":"pa_af5000-elfa-pro-v2-20mg-juicy-peach","19":"pa_af5000-elfa-pro-v2-20mg-kiwi-passionfruit-guava-fr","20":"pa_af5000-elfa-pro-v2-20mg-pink-lemonade-fr","21":"pa_af5000-elfa-pro-v2-20mg-strawberry-ice-fr","22":"pa_af5000-elfa-pro-v2-20mg-strawberry-raspberry-cherry-ice-fr","23":"pa_af5000-elfa-pro-v2-20mg-watermelon-ice-fr","25":"first","26":"onbackorder","27":"purchasable","28":"product-type-variable"},"yoast_head":"<!-- This site is optimized with the Yoast SEO plugin v27.5 - https:\/\/yoast.com\/product\/yoast-seo-wordpress\/ -->\n<title>Achetez la capsule Elf Bar NX7000 (20 mg) \u2013 Capsules et vari\u00e9t\u00e9s en ligne<\/title>\n<meta name=\"description\" content=\"Achetez les capsules Elf Bar NX7000 (20 mg) en ligne\u00a0: large choix de saveurs, performance puissante et go\u00fbt intense. D\u00e9couvrez-les d\u00e8s maintenant\u00a0!\" \/>\n<meta name=\"robots\" content=\"index, follow, max-snippet:-1, max-image-preview:large, max-video-preview:-1\" \/>\n<link rel=\"canonical\" href=\"https:\/\/www.tabakversand.ch\/fr\/produit\/capsule-elf-bar-nx7000-20-mg\/\" \/>\n<meta property=\"og:locale\" content=\"fr_FR\" \/>\n<meta property=\"og:type\" content=\"article\" \/>\n<meta property=\"og:title\" content=\"Achetez la capsule Elf Bar NX7000 (20 mg) \u2013 Capsules et vari\u00e9t\u00e9s en ligne\" \/>\n<meta property=\"og:description\" content=\"Achetez les capsules Elf Bar NX7000 (20 mg) en ligne\u00a0: large choix de saveurs, performance puissante et go\u00fbt intense. D\u00e9couvrez-les d\u00e8s maintenant\u00a0!\" \/>\n<meta property=\"og:url\" content=\"https:\/\/www.tabakversand.ch\/fr\/produit\/capsule-elf-bar-nx7000-20-mg\/\" \/>\n<meta property=\"og:site_name\" content=\"Tabakversand.ch | Alles aus der Welt des Tabaks\" \/>\n<meta property=\"article:modified_time\" content=\"2026-04-20T08:53:34+00:00\" \/>\n<meta property=\"og:image\" content=\"https:\/\/www.tabakversand.ch\/wp-content\/uploads\/2026\/03\/elfbar-nx-7000-pod-all.jpg\" \/>\n\t<meta property=\"og:image:width\" content=\"500\" \/>\n\t<meta property=\"og:image:height\" content=\"500\" \/>\n\t<meta property=\"og:image:type\" content=\"image\/jpeg\" \/>\n<meta name=\"twitter:card\" content=\"summary_large_image\" \/>\n<meta name=\"twitter:label1\" content=\"Dur\u00e9e de lecture estim\u00e9e\" \/>\n\t<meta name=\"twitter:data1\" content=\"2 minutes\" \/>\n<script type=\"application\/ld+json\" class=\"yoast-schema-graph\">{\"@context\":\"https:\\\/\\\/schema.org\",\"@graph\":[{\"@type\":\"WebPage\",\"@id\":\"https:\\\/\\\/www.tabakversand.ch\\\/fr\\\/produit\\\/capsule-elf-bar-nx7000-20-mg\\\/\",\"url\":\"https:\\\/\\\/www.tabakversand.ch\\\/fr\\\/produit\\\/capsule-elf-bar-nx7000-20-mg\\\/\",\"name\":\"Achetez la capsule Elf Bar NX7000 (20 mg) \u2013 Capsules et vari\u00e9t\u00e9s en ligne\",\"isPartOf\":{\"@id\":\"https:\\\/\\\/www.tabakversand.ch\\\/#website\"},\"primaryImageOfPage\":{\"@id\":\"https:\\\/\\\/www.tabakversand.ch\\\/fr\\\/produit\\\/capsule-elf-bar-nx7000-20-mg\\\/#primaryimage\"},\"image\":{\"@id\":\"https:\\\/\\\/www.tabakversand.ch\\\/fr\\\/produit\\\/capsule-elf-bar-nx7000-20-mg\\\/#primaryimage\"},\"thumbnailUrl\":\"https:\\\/\\\/www.tabakversand.ch\\\/wp-content\\\/uploads\\\/2026\\\/03\\\/elfbar-nx-7000-pod-all.jpg\",\"datePublished\":\"2026-03-21T09:17:24+00:00\",\"dateModified\":\"2026-04-20T08:53:34+00:00\",\"description\":\"Achetez les capsules Elf Bar NX7000 (20 mg) en ligne\u00a0: large choix de saveurs, performance puissante et go\u00fbt intense. D\u00e9couvrez-les d\u00e8s maintenant\u00a0!\",\"breadcrumb\":{\"@id\":\"https:\\\/\\\/www.tabakversand.ch\\\/fr\\\/produit\\\/capsule-elf-bar-nx7000-20-mg\\\/#breadcrumb\"},\"inLanguage\":\"fr-FR\",\"potentialAction\":[{\"@type\":\"ReadAction\",\"target\":[\"https:\\\/\\\/www.tabakversand.ch\\\/fr\\\/produit\\\/capsule-elf-bar-nx7000-20-mg\\\/\"]}]},{\"@type\":\"ImageObject\",\"inLanguage\":\"fr-FR\",\"@id\":\"https:\\\/\\\/www.tabakversand.ch\\\/fr\\\/produit\\\/capsule-elf-bar-nx7000-20-mg\\\/#primaryimage\",\"url\":\"https:\\\/\\\/www.tabakversand.ch\\\/wp-content\\\/uploads\\\/2026\\\/03\\\/elfbar-nx-7000-pod-all.jpg\",\"contentUrl\":\"https:\\\/\\\/www.tabakversand.ch\\\/wp-content\\\/uploads\\\/2026\\\/03\\\/elfbar-nx-7000-pod-all.jpg\",\"width\":500,\"height\":500,\"caption\":\"Elf Bar NX7000 Pod | tabakversand.ch\"},{\"@type\":\"BreadcrumbList\",\"@id\":\"https:\\\/\\\/www.tabakversand.ch\\\/fr\\\/produit\\\/capsule-elf-bar-nx7000-20-mg\\\/#breadcrumb\",\"itemListElement\":[{\"@type\":\"ListItem\",\"position\":1,\"name\":\"Startseite\",\"item\":\"https:\\\/\\\/www.tabakversand.ch\\\/\"},{\"@type\":\"ListItem\",\"position\":2,\"name\":\"Boutique\",\"item\":\"https:\\\/\\\/www.tabakversand.ch\\\/fr\\\/boutique\\\/\"},{\"@type\":\"ListItem\",\"position\":3,\"name\":\"Capsule Elf Bar NX7000 (20 mg)\"}]},{\"@type\":\"WebSite\",\"@id\":\"https:\\\/\\\/www.tabakversand.ch\\\/#website\",\"url\":\"https:\\\/\\\/www.tabakversand.ch\\\/\",\"name\":\"Tabakversand.ch | Alles aus der Welt des Tabaks\",\"description\":\"Smoke and carpe diem\",\"potentialAction\":[{\"@type\":\"SearchAction\",\"target\":{\"@type\":\"EntryPoint\",\"urlTemplate\":\"https:\\\/\\\/www.tabakversand.ch\\\/?s={search_term_string}\"},\"query-input\":{\"@type\":\"PropertyValueSpecification\",\"valueRequired\":true,\"valueName\":\"search_term_string\"}}],\"inLanguage\":\"fr-FR\"}]}<\/script>\n<!-- \/ Yoast SEO plugin. -->","yoast_head_json":{"title":"Achetez la capsule Elf Bar NX7000 (20 mg) \u2013 Capsules et vari\u00e9t\u00e9s en ligne","description":"Achetez les capsules Elf Bar NX7000 (20 mg) en ligne\u00a0: large choix de saveurs, performance puissante et go\u00fbt intense. D\u00e9couvrez-les d\u00e8s maintenant\u00a0!","robots":{"index":"index","follow":"follow","max-snippet":"max-snippet:-1","max-image-preview":"max-image-preview:large","max-video-preview":"max-video-preview:-1"},"canonical":"https:\/\/www.tabakversand.ch\/fr\/produit\/capsule-elf-bar-nx7000-20-mg\/","og_locale":"fr_FR","og_type":"article","og_title":"Achetez la capsule Elf Bar NX7000 (20 mg) \u2013 Capsules et vari\u00e9t\u00e9s en ligne","og_description":"Achetez les capsules Elf Bar NX7000 (20 mg) en ligne\u00a0: large choix de saveurs, performance puissante et go\u00fbt intense. D\u00e9couvrez-les d\u00e8s maintenant\u00a0!","og_url":"https:\/\/www.tabakversand.ch\/fr\/produit\/capsule-elf-bar-nx7000-20-mg\/","og_site_name":"Tabakversand.ch | Alles aus der Welt des Tabaks","article_modified_time":"2026-04-20T08:53:34+00:00","og_image":[{"width":500,"height":500,"url":"https:\/\/www.tabakversand.ch\/wp-content\/uploads\/2026\/03\/elfbar-nx-7000-pod-all.jpg","type":"image\/jpeg"}],"twitter_card":"summary_large_image","twitter_misc":{"Dur\u00e9e de lecture estim\u00e9e":"2 minutes"},"schema":{"@context":"https:\/\/schema.org","@graph":[{"@type":"WebPage","@id":"https:\/\/www.tabakversand.ch\/fr\/produit\/capsule-elf-bar-nx7000-20-mg\/","url":"https:\/\/www.tabakversand.ch\/fr\/produit\/capsule-elf-bar-nx7000-20-mg\/","name":"Achetez la capsule Elf Bar NX7000 (20 mg) \u2013 Capsules et vari\u00e9t\u00e9s en ligne","isPartOf":{"@id":"https:\/\/www.tabakversand.ch\/#website"},"primaryImageOfPage":{"@id":"https:\/\/www.tabakversand.ch\/fr\/produit\/capsule-elf-bar-nx7000-20-mg\/#primaryimage"},"image":{"@id":"https:\/\/www.tabakversand.ch\/fr\/produit\/capsule-elf-bar-nx7000-20-mg\/#primaryimage"},"thumbnailUrl":"https:\/\/www.tabakversand.ch\/wp-content\/uploads\/2026\/03\/elfbar-nx-7000-pod-all.jpg","datePublished":"2026-03-21T09:17:24+00:00","dateModified":"2026-04-20T08:53:34+00:00","description":"Achetez les capsules Elf Bar NX7000 (20 mg) en ligne\u00a0: large choix de saveurs, performance puissante et go\u00fbt intense. D\u00e9couvrez-les d\u00e8s maintenant\u00a0!","breadcrumb":{"@id":"https:\/\/www.tabakversand.ch\/fr\/produit\/capsule-elf-bar-nx7000-20-mg\/#breadcrumb"},"inLanguage":"fr-FR","potentialAction":[{"@type":"ReadAction","target":["https:\/\/www.tabakversand.ch\/fr\/produit\/capsule-elf-bar-nx7000-20-mg\/"]}]},{"@type":"ImageObject","inLanguage":"fr-FR","@id":"https:\/\/www.tabakversand.ch\/fr\/produit\/capsule-elf-bar-nx7000-20-mg\/#primaryimage","url":"https:\/\/www.tabakversand.ch\/wp-content\/uploads\/2026\/03\/elfbar-nx-7000-pod-all.jpg","contentUrl":"https:\/\/www.tabakversand.ch\/wp-content\/uploads\/2026\/03\/elfbar-nx-7000-pod-all.jpg","width":500,"height":500,"caption":"Elf Bar NX7000 Pod | tabakversand.ch"},{"@type":"BreadcrumbList","@id":"https:\/\/www.tabakversand.ch\/fr\/produit\/capsule-elf-bar-nx7000-20-mg\/#breadcrumb","itemListElement":[{"@type":"ListItem","position":1,"name":"Startseite","item":"https:\/\/www.tabakversand.ch\/"},{"@type":"ListItem","position":2,"name":"Boutique","item":"https:\/\/www.tabakversand.ch\/fr\/boutique\/"},{"@type":"ListItem","position":3,"name":"Capsule Elf Bar NX7000 (20 mg)"}]},{"@type":"WebSite","@id":"https:\/\/www.tabakversand.ch\/#website","url":"https:\/\/www.tabakversand.ch\/","name":"Tabakversand.ch | Alles aus der Welt des Tabaks","description":"Smoke and carpe diem","potentialAction":[{"@type":"SearchAction","target":{"@type":"EntryPoint","urlTemplate":"https:\/\/www.tabakversand.ch\/?s={search_term_string}"},"query-input":{"@type":"PropertyValueSpecification","valueRequired":true,"valueName":"search_term_string"}}],"inLanguage":"fr-FR"}]}},"_links":{"self":[{"href":"https:\/\/www.tabakversand.ch\/fr\/wp-json\/wp\/v2\/product\/215295","targetHints":{"allow":["GET"]}}],"collection":[{"href":"https:\/\/www.tabakversand.ch\/fr\/wp-json\/wp\/v2\/product"}],"about":[{"href":"https:\/\/www.tabakversand.ch\/fr\/wp-json\/wp\/v2\/types\/product"}],"version-history":[{"count":6,"href":"https:\/\/www.tabakversand.ch\/fr\/wp-json\/wp\/v2\/product\/215295\/revisions"}],"predecessor-version":[{"id":218274,"href":"https:\/\/www.tabakversand.ch\/fr\/wp-json\/wp\/v2\/product\/215295\/revisions\/218274"}],"wp:featuredmedia":[{"embeddable":true,"href":"https:\/\/www.tabakversand.ch\/fr\/wp-json\/wp\/v2\/media\/215469"}],"wp:attachment":[{"href":"https:\/\/www.tabakversand.ch\/fr\/wp-json\/wp\/v2\/media?parent=215295"}],"wp:term":[{"taxonomy":"product_brand","embeddable":true,"href":"https:\/\/www.tabakversand.ch\/fr\/wp-json\/wp\/v2\/product_brand?post=215295"},{"taxonomy":"product_cat","embeddable":true,"href":"https:\/\/www.tabakversand.ch\/fr\/wp-json\/wp\/v2\/product_cat?post=215295"},{"taxonomy":"product_tag","embeddable":true,"href":"https:\/\/www.tabakversand.ch\/fr\/wp-json\/wp\/v2\/product_tag?post=215295"}],"curies":[{"name":"wp","href":"https:\/\/api.w.org\/{rel}","templated":true}]}}