{"id":216210,"date":"2026-03-31T11:44:07","date_gmt":"2026-03-31T09:44:07","guid":{"rendered":"https:\/\/www.tabakversand.ch\/?post_type=product&#038;p=216210"},"modified":"2026-04-13T14:57:10","modified_gmt":"2026-04-13T12:57:10","slug":"golden-blends-black-cherry","status":"publish","type":"product","link":"https:\/\/www.tabakversand.ch\/fr\/produit\/golden-blends-black-cherry\/","title":{"rendered":"Cerise noire Golden Blend 5 x 50 g."},"content":{"rendered":"<h1>Cerise noire de Golden Blend<\/h1>\n<ul>\n<li>5 x 50 g<\/li>\n<\/ul>\n<p>Vivez une exp\u00e9rience de fumage exceptionnelle avec le tabac \u00e0 pipe Golden Blends Black Cherry \u2013 un m\u00e9lange savamment compos\u00e9 pour les connaisseurs les plus exigeants. Des tabacs de Virginie, de Burley et de Black Cavendish soigneusement s\u00e9lectionn\u00e9s s&rsquo;unissent pour cr\u00e9er un m\u00e9lange harmonieux qui enchante par son ar\u00f4me intense. <\/p>\n<p>La note envo\u00fbtante de cerises m\u00fbres conf\u00e8re \u00e0 ce m\u00e9lange son caract\u00e8re unique&nbsp;: tr\u00e8s fruit\u00e9, agr\u00e9ablement sucr\u00e9 et d&rsquo;une douceur incomparable. Chaque bouff\u00e9e r\u00e9v\u00e8le une saveur riche et complexe qui saura s\u00e9duire aussi bien les fumeurs de pipe d\u00e9butants que les plus exp\u00e9riment\u00e9s. <\/p>\n<p>La m\u00e9thode de coupe sp\u00e9ciale \u00ab Wild Cut \u00bb garantit que les caract\u00e9ristiques individuelles des vari\u00e9t\u00e9s de tabac peuvent se d\u00e9velopper de mani\u00e8re optimale \u2013 pour une combustion uniforme et un ar\u00f4me intense jusqu&rsquo;\u00e0 la derni\u00e8re bouff\u00e9e.<\/p>\n<p>Points forts:<\/p>\n<ul>\n<li>M\u00e9lange de haute qualit\u00e9 de Virginie, de Burley et de Black Cavendish<\/li>\n<li>Ar\u00f4me intense de cerise \u2013 fruit\u00e9 et sucr\u00e9<\/li>\n<li>\u00ab Coup\u00e9 \u00e0 l&rsquo;\u00e9tat sauvage \u00bb pour une saveur maximale et des propri\u00e9t\u00e9s de combustion id\u00e9ales<\/li>\n<li>Parfait pour les amateurs de tabacs \u00e0 pipe aromatiques<\/li>\n<\/ul>\n<p>&nbsp;<\/p>\n<p>Go\u00fbt : Tr\u00e8s fruit\u00e9, sucr\u00e9, avec un caract\u00e8re de cerise prononc\u00e9<\/p>\n<p>Offrez-vous un tabac qui red\u00e9finit le plaisir \u2013 Golden Blends Black Cherry est le choix id\u00e9al pour ceux qui recherchent quelque chose de sp\u00e9cial.<\/p>\n<p>Chez tabakversand.ch, le tabac \u00e0 pipe Black Cherry de Golden Blend vous est livr\u00e9 dans son emballage d&rsquo;origine, soigneusement conserv\u00e9. Ce stockage rigoureux garantit une pr\u00e9servation optimale de son ar\u00f4me, de son humidit\u00e9 et de sa qualit\u00e9 jusqu&rsquo;\u00e0 l&rsquo;exp\u00e9dition. Gr\u00e2ce \u00e0 une livraison rapide en Suisse, votre tabac \u00e0 pipe vous parvient g\u00e9n\u00e9ralement tr\u00e8s rapidement.  <\/p>\n<p>Pour plus d&rsquo;informations sur le tabac \u00e0 pipe, veuillez consulter l&rsquo;article Wikip\u00e9dia correspondant&nbsp;: <a href=\"https:\/\/de.wikipedia.org\/wiki\/Tabakpfeife#Pfeifentabak\">cliquez ici<\/a> . Si vous avez des questions concernant le produit, n&rsquo;h\u00e9sitez pas \u00e0 nous contacter&nbsp;: <a href=\"https:\/\/www.tabakversand.ch\/kontakt\/\">cliquez ici<\/a> . <\/p>\n<p>Tous les prix indiqu\u00e9s sont valables uniquement pour les commandes en ligne, TVA incluse, et peuvent \u00eatre modifi\u00e9s sans pr\u00e9avis. Les frais de port sont en sus.   Sous r\u00e9serve d&rsquo;erreurs, de modifications de l&rsquo;\u00e9tendue de la livraison et de la conception, d&rsquo;erreurs d&rsquo;impression et de modifications de prix. Les prix barr\u00e9s sont plut\u00f4t des prix. L&rsquo;illustration peut diff\u00e9rer de l&rsquo;original\/de l&rsquo;\u00e9tendue de la livraison.<br \/>\n*Livraison gratuite pour les commandes sup\u00e9rieures \u00e0 CHF 250.-.<\/p>\n","protected":false},"excerpt":{"rendered":"<p>Cerise noire de Golden Blend 5 x 50 g Vivez une exp\u00e9rience de fumage exceptionnelle avec le tabac \u00e0 pipe Golden Blends Black Cherry \u2013 un m\u00e9lange savamment compos\u00e9 pour les connaisseurs les plus exigeants. Des tabacs de Virginie, de Burley et de Black Cavendish soigneusement s\u00e9lectionn\u00e9s s&rsquo;unissent pour cr\u00e9er un m\u00e9lange harmonieux qui enchante [&hellip;]<\/p>\n","protected":false},"featured_media":216214,"template":"","meta":[],"product_brand":[5842],"product_cat":[1949,5820,1888,2040],"product_tag":[],"class_list":{"0":"post-216210","1":"product","2":"type-product","3":"status-publish","4":"has-post-thumbnail","6":"product_brand-golden-blends-pfeifentabak","7":"product_cat-pipe-world-fr","8":"product_cat-sac","9":"product_cat-tabac","10":"product_cat-tabac-a-pipe-fr","12":"first","13":"onbackorder","14":"featured","15":"purchasable","16":"product-type-simple"},"yoast_head":"<!-- This site is optimized with the Yoast SEO plugin v27.5 - https:\/\/yoast.com\/product\/yoast-seo-wordpress\/ -->\n<title>Tabac \u00e0 pipe Golden Blends \u00e0 la cerise noire \u2013 Fruit\u00e9 et sucr\u00e9<\/title>\n<meta name=\"description\" content=\"Tabac \u00e0 pipe aromatique aux notes intenses de cerise. Golden Blends Black Cherry s\u00e9duit par son go\u00fbt fruit\u00e9 et sucr\u00e9 et sa coupe originale. \u00c0 d\u00e9couvrir absolument !\" \/>\n<meta name=\"robots\" content=\"index, follow, max-snippet:-1, max-image-preview:large, max-video-preview:-1\" \/>\n<link rel=\"canonical\" href=\"https:\/\/www.tabakversand.ch\/fr\/produit\/golden-blends-black-cherry\/\" \/>\n<meta property=\"og:locale\" content=\"fr_FR\" \/>\n<meta property=\"og:type\" content=\"article\" \/>\n<meta property=\"og:title\" content=\"Tabac \u00e0 pipe Golden Blends \u00e0 la cerise noire \u2013 Fruit\u00e9 et sucr\u00e9\" \/>\n<meta property=\"og:description\" content=\"Tabac \u00e0 pipe aromatique aux notes intenses de cerise. Golden Blends Black Cherry s\u00e9duit par son go\u00fbt fruit\u00e9 et sucr\u00e9 et sa coupe originale. \u00c0 d\u00e9couvrir absolument !\" \/>\n<meta property=\"og:url\" content=\"https:\/\/www.tabakversand.ch\/fr\/produit\/golden-blends-black-cherry\/\" \/>\n<meta property=\"og:site_name\" content=\"Tabakversand.ch | Alles aus der Welt des Tabaks\" \/>\n<meta property=\"article:modified_time\" content=\"2026-04-13T12:57:10+00:00\" \/>\n<meta property=\"og:image\" content=\"https:\/\/www.tabakversand.ch\/wp-content\/uploads\/2026\/03\/golden-blend-black-cherry.jpg\" \/>\n\t<meta property=\"og:image:width\" content=\"500\" \/>\n\t<meta property=\"og:image:height\" content=\"500\" \/>\n\t<meta property=\"og:image:type\" content=\"image\/jpeg\" \/>\n<meta name=\"twitter:card\" content=\"summary_large_image\" \/>\n<meta name=\"twitter:label1\" content=\"Dur\u00e9e de lecture estim\u00e9e\" \/>\n\t<meta name=\"twitter:data1\" content=\"3 minutes\" \/>\n<script type=\"application\/ld+json\" class=\"yoast-schema-graph\">{\"@context\":\"https:\\\/\\\/schema.org\",\"@graph\":[{\"@type\":\"WebPage\",\"@id\":\"https:\\\/\\\/www.tabakversand.ch\\\/fr\\\/produit\\\/golden-blends-black-cherry\\\/\",\"url\":\"https:\\\/\\\/www.tabakversand.ch\\\/fr\\\/produit\\\/golden-blends-black-cherry\\\/\",\"name\":\"Tabac \u00e0 pipe Golden Blends \u00e0 la cerise noire \u2013 Fruit\u00e9 et sucr\u00e9\",\"isPartOf\":{\"@id\":\"https:\\\/\\\/www.tabakversand.ch\\\/#website\"},\"primaryImageOfPage\":{\"@id\":\"https:\\\/\\\/www.tabakversand.ch\\\/fr\\\/produit\\\/golden-blends-black-cherry\\\/#primaryimage\"},\"image\":{\"@id\":\"https:\\\/\\\/www.tabakversand.ch\\\/fr\\\/produit\\\/golden-blends-black-cherry\\\/#primaryimage\"},\"thumbnailUrl\":\"https:\\\/\\\/www.tabakversand.ch\\\/wp-content\\\/uploads\\\/2026\\\/03\\\/golden-blend-black-cherry.jpg\",\"datePublished\":\"2026-03-31T09:44:07+00:00\",\"dateModified\":\"2026-04-13T12:57:10+00:00\",\"description\":\"Tabac \u00e0 pipe aromatique aux notes intenses de cerise. Golden Blends Black Cherry s\u00e9duit par son go\u00fbt fruit\u00e9 et sucr\u00e9 et sa coupe originale. \u00c0 d\u00e9couvrir absolument !\",\"breadcrumb\":{\"@id\":\"https:\\\/\\\/www.tabakversand.ch\\\/fr\\\/produit\\\/golden-blends-black-cherry\\\/#breadcrumb\"},\"inLanguage\":\"fr-FR\",\"potentialAction\":[{\"@type\":\"ReadAction\",\"target\":[\"https:\\\/\\\/www.tabakversand.ch\\\/fr\\\/produit\\\/golden-blends-black-cherry\\\/\"]}]},{\"@type\":\"ImageObject\",\"inLanguage\":\"fr-FR\",\"@id\":\"https:\\\/\\\/www.tabakversand.ch\\\/fr\\\/produit\\\/golden-blends-black-cherry\\\/#primaryimage\",\"url\":\"https:\\\/\\\/www.tabakversand.ch\\\/wp-content\\\/uploads\\\/2026\\\/03\\\/golden-blend-black-cherry.jpg\",\"contentUrl\":\"https:\\\/\\\/www.tabakversand.ch\\\/wp-content\\\/uploads\\\/2026\\\/03\\\/golden-blend-black-cherry.jpg\",\"width\":500,\"height\":500,\"caption\":\"Cerise noire Golden Blend | tabakversand.ch\"},{\"@type\":\"BreadcrumbList\",\"@id\":\"https:\\\/\\\/www.tabakversand.ch\\\/fr\\\/produit\\\/golden-blends-black-cherry\\\/#breadcrumb\",\"itemListElement\":[{\"@type\":\"ListItem\",\"position\":1,\"name\":\"Startseite\",\"item\":\"https:\\\/\\\/www.tabakversand.ch\\\/\"},{\"@type\":\"ListItem\",\"position\":2,\"name\":\"Boutique\",\"item\":\"https:\\\/\\\/www.tabakversand.ch\\\/fr\\\/boutique\\\/\"},{\"@type\":\"ListItem\",\"position\":3,\"name\":\"Cerise noire Golden Blend 5 x 50 g.\"}]},{\"@type\":\"WebSite\",\"@id\":\"https:\\\/\\\/www.tabakversand.ch\\\/#website\",\"url\":\"https:\\\/\\\/www.tabakversand.ch\\\/\",\"name\":\"Tabakversand.ch | Alles aus der Welt des Tabaks\",\"description\":\"Smoke and carpe diem\",\"potentialAction\":[{\"@type\":\"SearchAction\",\"target\":{\"@type\":\"EntryPoint\",\"urlTemplate\":\"https:\\\/\\\/www.tabakversand.ch\\\/?s={search_term_string}\"},\"query-input\":{\"@type\":\"PropertyValueSpecification\",\"valueRequired\":true,\"valueName\":\"search_term_string\"}}],\"inLanguage\":\"fr-FR\"}]}<\/script>\n<!-- \/ Yoast SEO plugin. -->","yoast_head_json":{"title":"Tabac \u00e0 pipe Golden Blends \u00e0 la cerise noire \u2013 Fruit\u00e9 et sucr\u00e9","description":"Tabac \u00e0 pipe aromatique aux notes intenses de cerise. Golden Blends Black Cherry s\u00e9duit par son go\u00fbt fruit\u00e9 et sucr\u00e9 et sa coupe originale. \u00c0 d\u00e9couvrir absolument !","robots":{"index":"index","follow":"follow","max-snippet":"max-snippet:-1","max-image-preview":"max-image-preview:large","max-video-preview":"max-video-preview:-1"},"canonical":"https:\/\/www.tabakversand.ch\/fr\/produit\/golden-blends-black-cherry\/","og_locale":"fr_FR","og_type":"article","og_title":"Tabac \u00e0 pipe Golden Blends \u00e0 la cerise noire \u2013 Fruit\u00e9 et sucr\u00e9","og_description":"Tabac \u00e0 pipe aromatique aux notes intenses de cerise. Golden Blends Black Cherry s\u00e9duit par son go\u00fbt fruit\u00e9 et sucr\u00e9 et sa coupe originale. \u00c0 d\u00e9couvrir absolument !","og_url":"https:\/\/www.tabakversand.ch\/fr\/produit\/golden-blends-black-cherry\/","og_site_name":"Tabakversand.ch | Alles aus der Welt des Tabaks","article_modified_time":"2026-04-13T12:57:10+00:00","og_image":[{"width":500,"height":500,"url":"https:\/\/www.tabakversand.ch\/wp-content\/uploads\/2026\/03\/golden-blend-black-cherry.jpg","type":"image\/jpeg"}],"twitter_card":"summary_large_image","twitter_misc":{"Dur\u00e9e de lecture estim\u00e9e":"3 minutes"},"schema":{"@context":"https:\/\/schema.org","@graph":[{"@type":"WebPage","@id":"https:\/\/www.tabakversand.ch\/fr\/produit\/golden-blends-black-cherry\/","url":"https:\/\/www.tabakversand.ch\/fr\/produit\/golden-blends-black-cherry\/","name":"Tabac \u00e0 pipe Golden Blends \u00e0 la cerise noire \u2013 Fruit\u00e9 et sucr\u00e9","isPartOf":{"@id":"https:\/\/www.tabakversand.ch\/#website"},"primaryImageOfPage":{"@id":"https:\/\/www.tabakversand.ch\/fr\/produit\/golden-blends-black-cherry\/#primaryimage"},"image":{"@id":"https:\/\/www.tabakversand.ch\/fr\/produit\/golden-blends-black-cherry\/#primaryimage"},"thumbnailUrl":"https:\/\/www.tabakversand.ch\/wp-content\/uploads\/2026\/03\/golden-blend-black-cherry.jpg","datePublished":"2026-03-31T09:44:07+00:00","dateModified":"2026-04-13T12:57:10+00:00","description":"Tabac \u00e0 pipe aromatique aux notes intenses de cerise. Golden Blends Black Cherry s\u00e9duit par son go\u00fbt fruit\u00e9 et sucr\u00e9 et sa coupe originale. \u00c0 d\u00e9couvrir absolument !","breadcrumb":{"@id":"https:\/\/www.tabakversand.ch\/fr\/produit\/golden-blends-black-cherry\/#breadcrumb"},"inLanguage":"fr-FR","potentialAction":[{"@type":"ReadAction","target":["https:\/\/www.tabakversand.ch\/fr\/produit\/golden-blends-black-cherry\/"]}]},{"@type":"ImageObject","inLanguage":"fr-FR","@id":"https:\/\/www.tabakversand.ch\/fr\/produit\/golden-blends-black-cherry\/#primaryimage","url":"https:\/\/www.tabakversand.ch\/wp-content\/uploads\/2026\/03\/golden-blend-black-cherry.jpg","contentUrl":"https:\/\/www.tabakversand.ch\/wp-content\/uploads\/2026\/03\/golden-blend-black-cherry.jpg","width":500,"height":500,"caption":"Cerise noire Golden Blend | tabakversand.ch"},{"@type":"BreadcrumbList","@id":"https:\/\/www.tabakversand.ch\/fr\/produit\/golden-blends-black-cherry\/#breadcrumb","itemListElement":[{"@type":"ListItem","position":1,"name":"Startseite","item":"https:\/\/www.tabakversand.ch\/"},{"@type":"ListItem","position":2,"name":"Boutique","item":"https:\/\/www.tabakversand.ch\/fr\/boutique\/"},{"@type":"ListItem","position":3,"name":"Cerise noire Golden Blend 5 x 50 g."}]},{"@type":"WebSite","@id":"https:\/\/www.tabakversand.ch\/#website","url":"https:\/\/www.tabakversand.ch\/","name":"Tabakversand.ch | Alles aus der Welt des Tabaks","description":"Smoke and carpe diem","potentialAction":[{"@type":"SearchAction","target":{"@type":"EntryPoint","urlTemplate":"https:\/\/www.tabakversand.ch\/?s={search_term_string}"},"query-input":{"@type":"PropertyValueSpecification","valueRequired":true,"valueName":"search_term_string"}}],"inLanguage":"fr-FR"}]}},"_links":{"self":[{"href":"https:\/\/www.tabakversand.ch\/fr\/wp-json\/wp\/v2\/product\/216210","targetHints":{"allow":["GET"]}}],"collection":[{"href":"https:\/\/www.tabakversand.ch\/fr\/wp-json\/wp\/v2\/product"}],"about":[{"href":"https:\/\/www.tabakversand.ch\/fr\/wp-json\/wp\/v2\/types\/product"}],"version-history":[{"count":6,"href":"https:\/\/www.tabakversand.ch\/fr\/wp-json\/wp\/v2\/product\/216210\/revisions"}],"predecessor-version":[{"id":217837,"href":"https:\/\/www.tabakversand.ch\/fr\/wp-json\/wp\/v2\/product\/216210\/revisions\/217837"}],"wp:featuredmedia":[{"embeddable":true,"href":"https:\/\/www.tabakversand.ch\/fr\/wp-json\/wp\/v2\/media\/216214"}],"wp:attachment":[{"href":"https:\/\/www.tabakversand.ch\/fr\/wp-json\/wp\/v2\/media?parent=216210"}],"wp:term":[{"taxonomy":"product_brand","embeddable":true,"href":"https:\/\/www.tabakversand.ch\/fr\/wp-json\/wp\/v2\/product_brand?post=216210"},{"taxonomy":"product_cat","embeddable":true,"href":"https:\/\/www.tabakversand.ch\/fr\/wp-json\/wp\/v2\/product_cat?post=216210"},{"taxonomy":"product_tag","embeddable":true,"href":"https:\/\/www.tabakversand.ch\/fr\/wp-json\/wp\/v2\/product_tag?post=216210"}],"curies":[{"name":"wp","href":"https:\/\/api.w.org\/{rel}","templated":true}]}}