{"id":216302,"date":"2026-04-01T12:49:30","date_gmt":"2026-04-01T10:49:30","guid":{"rendered":"https:\/\/www.tabakversand.ch\/?post_type=product&#038;p=216302"},"modified":"2026-04-01T13:37:45","modified_gmt":"2026-04-01T11:37:45","slug":"tabac-pueblo-pink-a-coupe-fine","status":"publish","type":"product","link":"https:\/\/www.tabakversand.ch\/fr\/produit\/tabac-pueblo-pink-a-coupe-fine\/","title":{"rendered":"Rose Pueblo 10 x 25 g."},"content":{"rendered":"<h1>Rose Pueblo<\/h1>\n<p>Le plaisir conscient sous sa forme la plus douce<\/p>\n<ul>\n<li>10 x 25 g.<\/li>\n<\/ul>\n<p>D\u00e9couvrez une nouvelle dimension du tabac \u00e0 coupe fine avec Pueblo Pink, cr\u00e9\u00e9 pour ceux qui appr\u00e9cient un plaisir conscient et \u00e9quilibr\u00e9. Ce m\u00e9lange novateur s\u00e9duit par sa saveur agr\u00e9ablement douce et s&rsquo;adresse tout particuli\u00e8rement aux connaisseurs qui privil\u00e9gient une exp\u00e9rience \u00e0 la fois subtile et unique. <\/p>\n<p>Pueblo Pink utilise exclusivement des tabacs de haute qualit\u00e9 provenant de r\u00e9gions de culture soigneusement s\u00e9lectionn\u00e9es \u2013 tous r\u00e9colt\u00e9s \u00e0 la main pour garantir une qualit\u00e9 optimale. Il en r\u00e9sulte un m\u00e9lange harmonieux qui s\u00e9duit par son naturel et son \u00e9quilibre. <\/p>\n<p>\u00c0 noter en particulier&nbsp;: aucun additif n\u2019est utilis\u00e9 lors de la fabrication \u2013 seule de l\u2019eau est ajout\u00e9e. Ceci garantit la pr\u00e9servation de l\u2019ar\u00f4me authentique du tabac. <\/p>\n<p>Vos avantages en un coup d&rsquo;\u0153il&nbsp;:<\/p>\n<ul>\n<li>Tabac finement coup\u00e9 et l\u00e9g\u00e8rement m\u00e9lang\u00e9 pour une exp\u00e9rience de fumage douce<\/li>\n<li>Tabacs de haute qualit\u00e9, r\u00e9colt\u00e9s \u00e0 la main<\/li>\n<li>M\u00e9lange harmonieux et \u00e9quilibr\u00e9<\/li>\n<li>Sans additifs \u2013 transform\u00e9 uniquement \u00e0 l&rsquo;eau<\/li>\n<li>Id\u00e9al pour les gourmets exigeants<\/li>\n<\/ul>\n<p>D\u00e9couvrez un nouveau plaisir de fumer avec Pueblo Pink \u2013 naturel, doux et authentique sans compromis.<\/p>\n<p>Chez tabakversand.ch, votre tabac Pueblo Pink vous est livr\u00e9 dans un emballage d&rsquo;origine et conserv\u00e9 dans des conditions optimales. Ce stockage soign\u00e9 garantit la pr\u00e9servation parfaite de son ar\u00f4me, de son humidit\u00e9 et de sa qualit\u00e9 jusqu&rsquo;\u00e0 l&rsquo;exp\u00e9dition. Gr\u00e2ce \u00e0 une livraison rapide en Suisse, votre tabac \u00e0 cigarettes vous parvient g\u00e9n\u00e9ralement sous peu.  <\/p>\n<p>Pour plus d&rsquo;informations sur le tabac \u00e0 rouler, veuillez consulter l&rsquo;article Wikip\u00e9dia correspondant&nbsp;: <a href=\"https:\/\/de.wikipedia.org\/wiki\/Shag_(Tabak)\">cliquez ici<\/a> . Si vous avez des questions concernant le produit, n&rsquo;h\u00e9sitez pas \u00e0 nous contacter&nbsp;: <a href=\"https:\/\/www.tabakversand.ch\/kontakt\/\">cliquez ici<\/a> . <\/p>\n<p>Tous les prix s&rsquo;appliquent uniquement aux commandes en ligne et incluent la TVA. Sous r\u00e9serve de modifications sans pr\u00e9avis, frais de livraison en sus. Sous r\u00e9serve d&rsquo;erreurs, de modifications de contenu de livraison et de conception, de fautes d&rsquo;impression et de modifications de prix. Les prix barr\u00e9s sont des prix de remplacement. Les illustrations peuvent diff\u00e9rer de l&rsquo;original\/du contenu de livraison.<br \/>\n*Livraison gratuite pour les commandes sup\u00e9rieures \u00e0 CHF 250.-.<\/p>\n","protected":false},"excerpt":{"rendered":"<p>Rose Pueblo Le plaisir conscient sous sa forme la plus douce 10 x 25 g. D\u00e9couvrez une nouvelle dimension du tabac \u00e0 coupe fine avec Pueblo Pink, cr\u00e9\u00e9 pour ceux qui appr\u00e9cient un plaisir conscient et \u00e9quilibr\u00e9. Ce m\u00e9lange novateur s\u00e9duit par sa saveur agr\u00e9ablement douce et s&rsquo;adresse tout particuli\u00e8rement aux connaisseurs qui privil\u00e9gient une [&hellip;]<\/p>\n","protected":false},"featured_media":216306,"template":"","meta":[],"product_brand":[1515],"product_cat":[1961,1888,1963,1964],"product_tag":[],"class_list":{"0":"post-216302","1":"product","2":"type-product","3":"status-publish","4":"has-post-thumbnail","6":"product_brand-poeschl","7":"product_cat-cigarettes-self-made-fr-2","8":"product_cat-tabac","9":"product_cat-tabac-a-cigarettes","10":"product_cat-tabac-a-cigarettes-fr","12":"first","13":"onbackorder","14":"featured","15":"purchasable","16":"product-type-simple"},"yoast_head":"<!-- This site is optimized with the Yoast SEO plugin v27.0 - https:\/\/yoast.com\/product\/yoast-seo-wordpress\/ -->\n<title>Tabac Pueblo Pink Fine Cut \u2013 Doux et sans additifs<\/title>\n<meta name=\"description\" content=\"D\u00e9couvrez le Pueblo Pink Fine Cut\u00a0: un tabac doux, r\u00e9colt\u00e9 \u00e0 la main et transform\u00e9 sans additifs. Id\u00e9al pour une d\u00e9gustation responsable.\" \/>\n<meta name=\"robots\" content=\"index, follow, max-snippet:-1, max-image-preview:large, max-video-preview:-1\" \/>\n<link rel=\"canonical\" href=\"https:\/\/www.tabakversand.ch\/fr\/produit\/tabac-pueblo-pink-a-coupe-fine\/\" \/>\n<meta property=\"og:locale\" content=\"fr_FR\" \/>\n<meta property=\"og:type\" content=\"article\" \/>\n<meta property=\"og:title\" content=\"Tabac Pueblo Pink Fine Cut \u2013 Doux et sans additifs\" \/>\n<meta property=\"og:description\" content=\"D\u00e9couvrez le Pueblo Pink Fine Cut\u00a0: un tabac doux, r\u00e9colt\u00e9 \u00e0 la main et transform\u00e9 sans additifs. Id\u00e9al pour une d\u00e9gustation responsable.\" \/>\n<meta property=\"og:url\" content=\"https:\/\/www.tabakversand.ch\/fr\/produit\/tabac-pueblo-pink-a-coupe-fine\/\" \/>\n<meta property=\"og:site_name\" content=\"Tabakversand.ch | Alles aus der Welt des Tabaks\" \/>\n<meta property=\"article:modified_time\" content=\"2026-04-01T11:37:45+00:00\" \/>\n<meta property=\"og:image\" content=\"https:\/\/www.tabakversand.ch\/wp-content\/uploads\/2026\/04\/pueblo-pink-tobacco.jpg\" \/>\n\t<meta property=\"og:image:width\" content=\"500\" \/>\n\t<meta property=\"og:image:height\" content=\"500\" \/>\n\t<meta property=\"og:image:type\" content=\"image\/jpeg\" \/>\n<meta name=\"twitter:card\" content=\"summary_large_image\" \/>\n<meta name=\"twitter:label1\" content=\"Dur\u00e9e de lecture estim\u00e9e\" \/>\n\t<meta name=\"twitter:data1\" content=\"3 minutes\" \/>\n<script type=\"application\/ld+json\" class=\"yoast-schema-graph\">{\"@context\":\"https:\/\/schema.org\",\"@graph\":[{\"@type\":\"WebPage\",\"@id\":\"https:\/\/www.tabakversand.ch\/fr\/produit\/tabac-pueblo-pink-a-coupe-fine\/\",\"url\":\"https:\/\/www.tabakversand.ch\/fr\/produit\/tabac-pueblo-pink-a-coupe-fine\/\",\"name\":\"Tabac Pueblo Pink Fine Cut \u2013 Doux et sans additifs\",\"isPartOf\":{\"@id\":\"https:\/\/www.tabakversand.ch\/#website\"},\"primaryImageOfPage\":{\"@id\":\"https:\/\/www.tabakversand.ch\/fr\/produit\/tabac-pueblo-pink-a-coupe-fine\/#primaryimage\"},\"image\":{\"@id\":\"https:\/\/www.tabakversand.ch\/fr\/produit\/tabac-pueblo-pink-a-coupe-fine\/#primaryimage\"},\"thumbnailUrl\":\"https:\/\/www.tabakversand.ch\/wp-content\/uploads\/2026\/04\/pueblo-pink-tobacco.jpg\",\"datePublished\":\"2026-04-01T10:49:30+00:00\",\"dateModified\":\"2026-04-01T11:37:45+00:00\",\"description\":\"D\u00e9couvrez le Pueblo Pink Fine Cut\u00a0: un tabac doux, r\u00e9colt\u00e9 \u00e0 la main et transform\u00e9 sans additifs. Id\u00e9al pour une d\u00e9gustation responsable.\",\"breadcrumb\":{\"@id\":\"https:\/\/www.tabakversand.ch\/fr\/produit\/tabac-pueblo-pink-a-coupe-fine\/#breadcrumb\"},\"inLanguage\":\"fr-FR\",\"potentialAction\":[{\"@type\":\"ReadAction\",\"target\":[\"https:\/\/www.tabakversand.ch\/fr\/produit\/tabac-pueblo-pink-a-coupe-fine\/\"]}]},{\"@type\":\"ImageObject\",\"inLanguage\":\"fr-FR\",\"@id\":\"https:\/\/www.tabakversand.ch\/fr\/produit\/tabac-pueblo-pink-a-coupe-fine\/#primaryimage\",\"url\":\"https:\/\/www.tabakversand.ch\/wp-content\/uploads\/2026\/04\/pueblo-pink-tobacco.jpg\",\"contentUrl\":\"https:\/\/www.tabakversand.ch\/wp-content\/uploads\/2026\/04\/pueblo-pink-tobacco.jpg\",\"width\":500,\"height\":500,\"caption\":\"Tabac rose Pueblo \u00e0 coupe fine | tabakversand.ch\"},{\"@type\":\"BreadcrumbList\",\"@id\":\"https:\/\/www.tabakversand.ch\/fr\/produit\/tabac-pueblo-pink-a-coupe-fine\/#breadcrumb\",\"itemListElement\":[{\"@type\":\"ListItem\",\"position\":1,\"name\":\"Startseite\",\"item\":\"https:\/\/www.tabakversand.ch\/\"},{\"@type\":\"ListItem\",\"position\":2,\"name\":\"Boutique\",\"item\":\"https:\/\/www.tabakversand.ch\/fr\/boutique\/\"},{\"@type\":\"ListItem\",\"position\":3,\"name\":\"Rose Pueblo 10 x 25 g.\"}]},{\"@type\":\"WebSite\",\"@id\":\"https:\/\/www.tabakversand.ch\/#website\",\"url\":\"https:\/\/www.tabakversand.ch\/\",\"name\":\"Tabakversand.ch | Alles aus der Welt des Tabaks\",\"description\":\"Smoke and carpe diem\",\"potentialAction\":[{\"@type\":\"SearchAction\",\"target\":{\"@type\":\"EntryPoint\",\"urlTemplate\":\"https:\/\/www.tabakversand.ch\/?s={search_term_string}\"},\"query-input\":{\"@type\":\"PropertyValueSpecification\",\"valueRequired\":true,\"valueName\":\"search_term_string\"}}],\"inLanguage\":\"fr-FR\"}]}<\/script>\n<!-- \/ Yoast SEO plugin. -->","yoast_head_json":{"title":"Tabac Pueblo Pink Fine Cut \u2013 Doux et sans additifs","description":"D\u00e9couvrez le Pueblo Pink Fine Cut\u00a0: un tabac doux, r\u00e9colt\u00e9 \u00e0 la main et transform\u00e9 sans additifs. Id\u00e9al pour une d\u00e9gustation responsable.","robots":{"index":"index","follow":"follow","max-snippet":"max-snippet:-1","max-image-preview":"max-image-preview:large","max-video-preview":"max-video-preview:-1"},"canonical":"https:\/\/www.tabakversand.ch\/fr\/produit\/tabac-pueblo-pink-a-coupe-fine\/","og_locale":"fr_FR","og_type":"article","og_title":"Tabac Pueblo Pink Fine Cut \u2013 Doux et sans additifs","og_description":"D\u00e9couvrez le Pueblo Pink Fine Cut\u00a0: un tabac doux, r\u00e9colt\u00e9 \u00e0 la main et transform\u00e9 sans additifs. Id\u00e9al pour une d\u00e9gustation responsable.","og_url":"https:\/\/www.tabakversand.ch\/fr\/produit\/tabac-pueblo-pink-a-coupe-fine\/","og_site_name":"Tabakversand.ch | Alles aus der Welt des Tabaks","article_modified_time":"2026-04-01T11:37:45+00:00","og_image":[{"width":500,"height":500,"url":"https:\/\/www.tabakversand.ch\/wp-content\/uploads\/2026\/04\/pueblo-pink-tobacco.jpg","type":"image\/jpeg"}],"twitter_card":"summary_large_image","twitter_misc":{"Dur\u00e9e de lecture estim\u00e9e":"3 minutes"},"schema":{"@context":"https:\/\/schema.org","@graph":[{"@type":"WebPage","@id":"https:\/\/www.tabakversand.ch\/fr\/produit\/tabac-pueblo-pink-a-coupe-fine\/","url":"https:\/\/www.tabakversand.ch\/fr\/produit\/tabac-pueblo-pink-a-coupe-fine\/","name":"Tabac Pueblo Pink Fine Cut \u2013 Doux et sans additifs","isPartOf":{"@id":"https:\/\/www.tabakversand.ch\/#website"},"primaryImageOfPage":{"@id":"https:\/\/www.tabakversand.ch\/fr\/produit\/tabac-pueblo-pink-a-coupe-fine\/#primaryimage"},"image":{"@id":"https:\/\/www.tabakversand.ch\/fr\/produit\/tabac-pueblo-pink-a-coupe-fine\/#primaryimage"},"thumbnailUrl":"https:\/\/www.tabakversand.ch\/wp-content\/uploads\/2026\/04\/pueblo-pink-tobacco.jpg","datePublished":"2026-04-01T10:49:30+00:00","dateModified":"2026-04-01T11:37:45+00:00","description":"D\u00e9couvrez le Pueblo Pink Fine Cut\u00a0: un tabac doux, r\u00e9colt\u00e9 \u00e0 la main et transform\u00e9 sans additifs. Id\u00e9al pour une d\u00e9gustation responsable.","breadcrumb":{"@id":"https:\/\/www.tabakversand.ch\/fr\/produit\/tabac-pueblo-pink-a-coupe-fine\/#breadcrumb"},"inLanguage":"fr-FR","potentialAction":[{"@type":"ReadAction","target":["https:\/\/www.tabakversand.ch\/fr\/produit\/tabac-pueblo-pink-a-coupe-fine\/"]}]},{"@type":"ImageObject","inLanguage":"fr-FR","@id":"https:\/\/www.tabakversand.ch\/fr\/produit\/tabac-pueblo-pink-a-coupe-fine\/#primaryimage","url":"https:\/\/www.tabakversand.ch\/wp-content\/uploads\/2026\/04\/pueblo-pink-tobacco.jpg","contentUrl":"https:\/\/www.tabakversand.ch\/wp-content\/uploads\/2026\/04\/pueblo-pink-tobacco.jpg","width":500,"height":500,"caption":"Tabac rose Pueblo \u00e0 coupe fine | tabakversand.ch"},{"@type":"BreadcrumbList","@id":"https:\/\/www.tabakversand.ch\/fr\/produit\/tabac-pueblo-pink-a-coupe-fine\/#breadcrumb","itemListElement":[{"@type":"ListItem","position":1,"name":"Startseite","item":"https:\/\/www.tabakversand.ch\/"},{"@type":"ListItem","position":2,"name":"Boutique","item":"https:\/\/www.tabakversand.ch\/fr\/boutique\/"},{"@type":"ListItem","position":3,"name":"Rose Pueblo 10 x 25 g."}]},{"@type":"WebSite","@id":"https:\/\/www.tabakversand.ch\/#website","url":"https:\/\/www.tabakversand.ch\/","name":"Tabakversand.ch | Alles aus der Welt des Tabaks","description":"Smoke and carpe diem","potentialAction":[{"@type":"SearchAction","target":{"@type":"EntryPoint","urlTemplate":"https:\/\/www.tabakversand.ch\/?s={search_term_string}"},"query-input":{"@type":"PropertyValueSpecification","valueRequired":true,"valueName":"search_term_string"}}],"inLanguage":"fr-FR"}]}},"_links":{"self":[{"href":"https:\/\/www.tabakversand.ch\/fr\/wp-json\/wp\/v2\/product\/216302","targetHints":{"allow":["GET"]}}],"collection":[{"href":"https:\/\/www.tabakversand.ch\/fr\/wp-json\/wp\/v2\/product"}],"about":[{"href":"https:\/\/www.tabakversand.ch\/fr\/wp-json\/wp\/v2\/types\/product"}],"version-history":[{"count":5,"href":"https:\/\/www.tabakversand.ch\/fr\/wp-json\/wp\/v2\/product\/216302\/revisions"}],"predecessor-version":[{"id":216325,"href":"https:\/\/www.tabakversand.ch\/fr\/wp-json\/wp\/v2\/product\/216302\/revisions\/216325"}],"wp:featuredmedia":[{"embeddable":true,"href":"https:\/\/www.tabakversand.ch\/fr\/wp-json\/wp\/v2\/media\/216306"}],"wp:attachment":[{"href":"https:\/\/www.tabakversand.ch\/fr\/wp-json\/wp\/v2\/media?parent=216302"}],"wp:term":[{"taxonomy":"product_brand","embeddable":true,"href":"https:\/\/www.tabakversand.ch\/fr\/wp-json\/wp\/v2\/product_brand?post=216302"},{"taxonomy":"product_cat","embeddable":true,"href":"https:\/\/www.tabakversand.ch\/fr\/wp-json\/wp\/v2\/product_cat?post=216302"},{"taxonomy":"product_tag","embeddable":true,"href":"https:\/\/www.tabakversand.ch\/fr\/wp-json\/wp\/v2\/product_tag?post=216302"}],"curies":[{"name":"wp","href":"https:\/\/api.w.org\/{rel}","templated":true}]}}