{"id":216333,"date":"2026-04-01T14:16:31","date_gmt":"2026-04-01T12:16:31","guid":{"rendered":"https:\/\/www.tabakversand.ch\/?post_type=product&#038;p=216333"},"modified":"2026-04-01T20:15:58","modified_gmt":"2026-04-01T18:15:58","slug":"elf-bar-elfa-pro-v2-kit-2ml-20mg","status":"publish","type":"product","link":"https:\/\/www.tabakversand.ch\/fr\/produit\/elf-bar-elfa-pro-v2-kit-2ml-20mg\/","title":{"rendered":"Kit ELF BAR ELFA Pro V2 2 ml (20 mg)"},"content":{"rendered":"<h1>Kit ELF BAR ELFA Pro V2<\/h1>\n<p>Le syst\u00e8me \u00e0 capsules pour une exp\u00e9rience de vapotage ultime<\/p>\n<p>D\u00e9couvrez d\u00e8s maintenant des saveurs intenses avec le kit ELF BAR ELFA Pro V2&nbsp;! Gr\u00e2ce \u00e0 sa cartouche de 2&nbsp;ml, ses 20&nbsp;mg de sels de nicotine et jusqu\u2019\u00e0 1&nbsp;000&nbsp;bouff\u00e9es par cartouche, vous \u00eates toujours pr\u00eat pour une exp\u00e9rience de vapotage optimale&nbsp;: ins\u00e9rez-la et vapotez&nbsp;! <\/p>\n<p>Gr\u00e2ce \u00e0 la r\u00e9sistance QUAQ mesh de pointe et \u00e0 la technologie ECS, vous profiterez d&rsquo;une saveur plus pure, sans aucun go\u00fbt de br\u00fbl\u00e9. De plus, cet appareil rechargeable est \u00e9cologique et \u00e9conomique. Id\u00e9al en d\u00e9placement, \u00e0 la maison ou partout o\u00f9 vous allez&nbsp;: toujours savoureux, toujours fiable. <\/p>\n<p>Pourquoi les vapoteurs adorent ce kit&nbsp;:<\/p>\n<ul>\n<li>Syst\u00e8me de capsules rechargeables \u2013 durable et pratique<\/li>\n<li>Capsules de 2 ml avec 20 mg de sel de nicotine \u2013 jusqu&rsquo;\u00e0 1000 bouff\u00e9es de plaisir<\/li>\n<li>Saveur intense \u2013 la r\u00e9sistance mesh et la technologie ECS emp\u00eachent les dry hits.<\/li>\n<li>Pr\u00eat \u00e0 l&#8217;emploi imm\u00e9diatement \u2013 \u200b\u200baucune longue pr\u00e9paration requise<\/li>\n<li>Un vaste choix de saveurs \u2013 il y en a pour tous les go\u00fbts !<\/li>\n<\/ul>\n<p>&nbsp;<\/p>\n<p>\ud83d\udd25 R\u00e9servez le v\u00f4tre d\u00e8s maintenant et d\u00e9couvrez une nouvelle fa\u00e7on de vapoter \u2013 ne manquez pas la saveur intense que seul ELFBAR peut offrir.<\/p>\n<p>Chez tabakversand.ch, votre kit Elf Bar Elfa Pro V2 vous sera livr\u00e9 en parfait \u00e9tat, dans son emballage d&rsquo;origine. Un stockage soign\u00e9 garantit une qualit\u00e9 optimale jusqu&rsquo;\u00e0 l&rsquo;exp\u00e9dition. Gr\u00e2ce \u00e0 une livraison rapide en Suisse, votre cigarette \u00e9lectronique vous parviendra g\u00e9n\u00e9ralement tr\u00e8s rapidement.  <\/p>\n<p>Pour plus d&rsquo;informations sur les cigarettes \u00e9lectroniques, veuillez consulter l&rsquo;article Wikip\u00e9dia correspondant&nbsp;: <a href=\"https:\/\/de.wikipedia.org\/wiki\/Elektrische_Zigarette\">cliquez ici<\/a> . Si vous avez des questions concernant le produit, n&rsquo;h\u00e9sitez pas \u00e0 nous contacter&nbsp;: <a href=\"https:\/\/www.tabakversand.ch\/kontakt\/\">cliquez ici<\/a> . <\/p>\n<p>Tous les prix s&rsquo;appliquent uniquement aux commandes en ligne et incluent la TVA. Sous r\u00e9serve de modifications sans pr\u00e9avis, frais de livraison en sus. Sous r\u00e9serve d&rsquo;erreurs, de modifications de contenu de livraison et de conception, de fautes d&rsquo;impression et de modifications de prix. Les prix barr\u00e9s sont des prix de remplacement. Les illustrations peuvent diff\u00e9rer de l&rsquo;original\/du contenu de livraison.     <\/p>\n<p>*Livraison gratuite pour les commandes sup\u00e9rieures \u00e0 CHF 250.-.<\/p>\n","protected":false},"excerpt":{"rendered":"<p>Kit ELF BAR ELFA Pro V2 Le syst\u00e8me \u00e0 capsules pour une exp\u00e9rience de vapotage ultime D\u00e9couvrez d\u00e8s maintenant des saveurs intenses avec le kit ELF BAR ELFA Pro V2&nbsp;! Gr\u00e2ce \u00e0 sa cartouche de 2&nbsp;ml, ses 20&nbsp;mg de sels de nicotine et jusqu\u2019\u00e0 1&nbsp;000&nbsp;bouff\u00e9es par cartouche, vous \u00eates toujours pr\u00eat pour une exp\u00e9rience de [&hellip;]<\/p>\n","protected":false},"featured_media":216338,"template":"","meta":[],"product_brand":[2951],"product_cat":[1913,1895,5583],"product_tag":[],"class_list":{"0":"post-216333","1":"product","2":"type-product","3":"status-publish","4":"has-post-thumbnail","6":"product_brand-elfbar","7":"product_cat-cigarettes-electroniques","8":"product_cat-e-fumee","9":"product_cat-kit-elf-bar-elfa-pro-v2","10":"pa_elfliq-10-mg-20-mg-apple-peach-fr","11":"pa_elfliq-10-mg-20-mg-blue-razz-lemonade-fr","12":"pa_elfliq-10-mg-20-mg-blueberry-fr","13":"pa_elfliq-10-mg-20-mg-blueberry-sour-raspberry-fr","14":"pa_elfliq-10-mg-20-mg-cherry-fr","15":"pa_elfliq-10-mg-20-mg-grape-fr","16":"pa_elfliq-10-mg-20-mg-juicy-peach","17":"pa_elfliq-10-mg-20-mg-kiwi-passion-fruit-guava-fr","18":"pa_elfliq-10-mg-20-mg-menthol","19":"pa_elfliq-10-mg-20-mg-pink-lemonade-fr","20":"pa_elfliq-10-mg-20-mg-snoow-tobacco-fr","21":"pa_elfliq-10-mg-20-mg-spearmint-fr","22":"pa_elfliq-10-mg-20-mg-strawberry-ice-fr","23":"pa_elfliq-10-mg-20-mg-watermelon-fr","25":"first","26":"onbackorder","27":"featured","28":"purchasable","29":"product-type-variable"},"yoast_head":"<!-- This site is optimized with the Yoast SEO plugin v27.0 - https:\/\/yoast.com\/product\/yoast-seo-wordpress\/ -->\n<title>Kit ELF BAR ELFA Pro V2 2 ml 20 mg \u2013 Syst\u00e8me de vapotage par pods<\/title>\n<meta name=\"description\" content=\"Kit ELFBAR ELFA Pro V2 avec cartouche de 2 ml et e-liquide aux sels de nicotine \u00e0 20 mg. Jusqu&#039;\u00e0 1000 bouff\u00e9es, saveur intense gr\u00e2ce \u00e0 la r\u00e9sistance mesh. Rechargeable et durable.\" \/>\n<meta name=\"robots\" content=\"index, follow, max-snippet:-1, max-image-preview:large, max-video-preview:-1\" \/>\n<link rel=\"canonical\" href=\"https:\/\/www.tabakversand.ch\/fr\/produit\/elf-bar-elfa-pro-v2-kit-2ml-20mg\/\" \/>\n<meta property=\"og:locale\" content=\"fr_FR\" \/>\n<meta property=\"og:type\" content=\"article\" \/>\n<meta property=\"og:title\" content=\"Kit ELF BAR ELFA Pro V2 2 ml 20 mg \u2013 Syst\u00e8me de vapotage par pods\" \/>\n<meta property=\"og:description\" content=\"Kit ELFBAR ELFA Pro V2 avec cartouche de 2 ml et e-liquide aux sels de nicotine \u00e0 20 mg. Jusqu&#039;\u00e0 1000 bouff\u00e9es, saveur intense gr\u00e2ce \u00e0 la r\u00e9sistance mesh. Rechargeable et durable.\" \/>\n<meta property=\"og:url\" content=\"https:\/\/www.tabakversand.ch\/fr\/produit\/elf-bar-elfa-pro-v2-kit-2ml-20mg\/\" \/>\n<meta property=\"og:site_name\" content=\"Tabakversand.ch | Alles aus der Welt des Tabaks\" \/>\n<meta property=\"article:modified_time\" content=\"2026-04-01T18:15:58+00:00\" \/>\n<meta property=\"og:image\" content=\"https:\/\/www.tabakversand.ch\/wp-content\/uploads\/2026\/04\/elfa-pro-v2-kit-all.jpg\" \/>\n\t<meta property=\"og:image:width\" content=\"500\" \/>\n\t<meta property=\"og:image:height\" content=\"500\" \/>\n\t<meta property=\"og:image:type\" content=\"image\/jpeg\" \/>\n<meta name=\"twitter:card\" content=\"summary_large_image\" \/>\n<meta name=\"twitter:label1\" content=\"Dur\u00e9e de lecture estim\u00e9e\" \/>\n\t<meta name=\"twitter:data1\" content=\"2 minutes\" \/>\n<script type=\"application\/ld+json\" class=\"yoast-schema-graph\">{\"@context\":\"https:\/\/schema.org\",\"@graph\":[{\"@type\":\"WebPage\",\"@id\":\"https:\/\/www.tabakversand.ch\/fr\/produit\/elf-bar-elfa-pro-v2-kit-2ml-20mg\/\",\"url\":\"https:\/\/www.tabakversand.ch\/fr\/produit\/elf-bar-elfa-pro-v2-kit-2ml-20mg\/\",\"name\":\"Kit ELF BAR ELFA Pro V2 2 ml 20 mg \u2013 Syst\u00e8me de vapotage par pods\",\"isPartOf\":{\"@id\":\"https:\/\/www.tabakversand.ch\/#website\"},\"primaryImageOfPage\":{\"@id\":\"https:\/\/www.tabakversand.ch\/fr\/produit\/elf-bar-elfa-pro-v2-kit-2ml-20mg\/#primaryimage\"},\"image\":{\"@id\":\"https:\/\/www.tabakversand.ch\/fr\/produit\/elf-bar-elfa-pro-v2-kit-2ml-20mg\/#primaryimage\"},\"thumbnailUrl\":\"https:\/\/www.tabakversand.ch\/wp-content\/uploads\/2026\/04\/elfa-pro-v2-kit-all.jpg\",\"datePublished\":\"2026-04-01T12:16:31+00:00\",\"dateModified\":\"2026-04-01T18:15:58+00:00\",\"description\":\"Kit ELFBAR ELFA Pro V2 avec cartouche de 2 ml et e-liquide aux sels de nicotine \u00e0 20 mg. Jusqu&#39;\u00e0 1000 bouff\u00e9es, saveur intense gr\u00e2ce \u00e0 la r\u00e9sistance mesh. Rechargeable et durable.\",\"breadcrumb\":{\"@id\":\"https:\/\/www.tabakversand.ch\/fr\/produit\/elf-bar-elfa-pro-v2-kit-2ml-20mg\/#breadcrumb\"},\"inLanguage\":\"fr-FR\",\"potentialAction\":[{\"@type\":\"ReadAction\",\"target\":[\"https:\/\/www.tabakversand.ch\/fr\/produit\/elf-bar-elfa-pro-v2-kit-2ml-20mg\/\"]}]},{\"@type\":\"ImageObject\",\"inLanguage\":\"fr-FR\",\"@id\":\"https:\/\/www.tabakversand.ch\/fr\/produit\/elf-bar-elfa-pro-v2-kit-2ml-20mg\/#primaryimage\",\"url\":\"https:\/\/www.tabakversand.ch\/wp-content\/uploads\/2026\/04\/elfa-pro-v2-kit-all.jpg\",\"contentUrl\":\"https:\/\/www.tabakversand.ch\/wp-content\/uploads\/2026\/04\/elfa-pro-v2-kit-all.jpg\",\"width\":500,\"height\":500,\"caption\":\"Kit ELFBAR ELFA Pro V2 | tabakversand.ch\"},{\"@type\":\"BreadcrumbList\",\"@id\":\"https:\/\/www.tabakversand.ch\/fr\/produit\/elf-bar-elfa-pro-v2-kit-2ml-20mg\/#breadcrumb\",\"itemListElement\":[{\"@type\":\"ListItem\",\"position\":1,\"name\":\"Startseite\",\"item\":\"https:\/\/www.tabakversand.ch\/\"},{\"@type\":\"ListItem\",\"position\":2,\"name\":\"Boutique\",\"item\":\"https:\/\/www.tabakversand.ch\/fr\/boutique\/\"},{\"@type\":\"ListItem\",\"position\":3,\"name\":\"Kit ELF BAR ELFA Pro V2 2 ml (20 mg)\"}]},{\"@type\":\"WebSite\",\"@id\":\"https:\/\/www.tabakversand.ch\/#website\",\"url\":\"https:\/\/www.tabakversand.ch\/\",\"name\":\"Tabakversand.ch | Alles aus der Welt des Tabaks\",\"description\":\"Smoke and carpe diem\",\"potentialAction\":[{\"@type\":\"SearchAction\",\"target\":{\"@type\":\"EntryPoint\",\"urlTemplate\":\"https:\/\/www.tabakversand.ch\/?s={search_term_string}\"},\"query-input\":{\"@type\":\"PropertyValueSpecification\",\"valueRequired\":true,\"valueName\":\"search_term_string\"}}],\"inLanguage\":\"fr-FR\"}]}<\/script>\n<!-- \/ Yoast SEO plugin. -->","yoast_head_json":{"title":"Kit ELF BAR ELFA Pro V2 2 ml 20 mg \u2013 Syst\u00e8me de vapotage par pods","description":"Kit ELFBAR ELFA Pro V2 avec cartouche de 2 ml et e-liquide aux sels de nicotine \u00e0 20 mg. Jusqu&#39;\u00e0 1000 bouff\u00e9es, saveur intense gr\u00e2ce \u00e0 la r\u00e9sistance mesh. Rechargeable et durable.","robots":{"index":"index","follow":"follow","max-snippet":"max-snippet:-1","max-image-preview":"max-image-preview:large","max-video-preview":"max-video-preview:-1"},"canonical":"https:\/\/www.tabakversand.ch\/fr\/produit\/elf-bar-elfa-pro-v2-kit-2ml-20mg\/","og_locale":"fr_FR","og_type":"article","og_title":"Kit ELF BAR ELFA Pro V2 2 ml 20 mg \u2013 Syst\u00e8me de vapotage par pods","og_description":"Kit ELFBAR ELFA Pro V2 avec cartouche de 2 ml et e-liquide aux sels de nicotine \u00e0 20 mg. Jusqu&#39;\u00e0 1000 bouff\u00e9es, saveur intense gr\u00e2ce \u00e0 la r\u00e9sistance mesh. Rechargeable et durable.","og_url":"https:\/\/www.tabakversand.ch\/fr\/produit\/elf-bar-elfa-pro-v2-kit-2ml-20mg\/","og_site_name":"Tabakversand.ch | Alles aus der Welt des Tabaks","article_modified_time":"2026-04-01T18:15:58+00:00","og_image":[{"width":500,"height":500,"url":"https:\/\/www.tabakversand.ch\/wp-content\/uploads\/2026\/04\/elfa-pro-v2-kit-all.jpg","type":"image\/jpeg"}],"twitter_card":"summary_large_image","twitter_misc":{"Dur\u00e9e de lecture estim\u00e9e":"2 minutes"},"schema":{"@context":"https:\/\/schema.org","@graph":[{"@type":"WebPage","@id":"https:\/\/www.tabakversand.ch\/fr\/produit\/elf-bar-elfa-pro-v2-kit-2ml-20mg\/","url":"https:\/\/www.tabakversand.ch\/fr\/produit\/elf-bar-elfa-pro-v2-kit-2ml-20mg\/","name":"Kit ELF BAR ELFA Pro V2 2 ml 20 mg \u2013 Syst\u00e8me de vapotage par pods","isPartOf":{"@id":"https:\/\/www.tabakversand.ch\/#website"},"primaryImageOfPage":{"@id":"https:\/\/www.tabakversand.ch\/fr\/produit\/elf-bar-elfa-pro-v2-kit-2ml-20mg\/#primaryimage"},"image":{"@id":"https:\/\/www.tabakversand.ch\/fr\/produit\/elf-bar-elfa-pro-v2-kit-2ml-20mg\/#primaryimage"},"thumbnailUrl":"https:\/\/www.tabakversand.ch\/wp-content\/uploads\/2026\/04\/elfa-pro-v2-kit-all.jpg","datePublished":"2026-04-01T12:16:31+00:00","dateModified":"2026-04-01T18:15:58+00:00","description":"Kit ELFBAR ELFA Pro V2 avec cartouche de 2 ml et e-liquide aux sels de nicotine \u00e0 20 mg. Jusqu&#39;\u00e0 1000 bouff\u00e9es, saveur intense gr\u00e2ce \u00e0 la r\u00e9sistance mesh. Rechargeable et durable.","breadcrumb":{"@id":"https:\/\/www.tabakversand.ch\/fr\/produit\/elf-bar-elfa-pro-v2-kit-2ml-20mg\/#breadcrumb"},"inLanguage":"fr-FR","potentialAction":[{"@type":"ReadAction","target":["https:\/\/www.tabakversand.ch\/fr\/produit\/elf-bar-elfa-pro-v2-kit-2ml-20mg\/"]}]},{"@type":"ImageObject","inLanguage":"fr-FR","@id":"https:\/\/www.tabakversand.ch\/fr\/produit\/elf-bar-elfa-pro-v2-kit-2ml-20mg\/#primaryimage","url":"https:\/\/www.tabakversand.ch\/wp-content\/uploads\/2026\/04\/elfa-pro-v2-kit-all.jpg","contentUrl":"https:\/\/www.tabakversand.ch\/wp-content\/uploads\/2026\/04\/elfa-pro-v2-kit-all.jpg","width":500,"height":500,"caption":"Kit ELFBAR ELFA Pro V2 | tabakversand.ch"},{"@type":"BreadcrumbList","@id":"https:\/\/www.tabakversand.ch\/fr\/produit\/elf-bar-elfa-pro-v2-kit-2ml-20mg\/#breadcrumb","itemListElement":[{"@type":"ListItem","position":1,"name":"Startseite","item":"https:\/\/www.tabakversand.ch\/"},{"@type":"ListItem","position":2,"name":"Boutique","item":"https:\/\/www.tabakversand.ch\/fr\/boutique\/"},{"@type":"ListItem","position":3,"name":"Kit ELF BAR ELFA Pro V2 2 ml (20 mg)"}]},{"@type":"WebSite","@id":"https:\/\/www.tabakversand.ch\/#website","url":"https:\/\/www.tabakversand.ch\/","name":"Tabakversand.ch | Alles aus der Welt des Tabaks","description":"Smoke and carpe diem","potentialAction":[{"@type":"SearchAction","target":{"@type":"EntryPoint","urlTemplate":"https:\/\/www.tabakversand.ch\/?s={search_term_string}"},"query-input":{"@type":"PropertyValueSpecification","valueRequired":true,"valueName":"search_term_string"}}],"inLanguage":"fr-FR"}]}},"_links":{"self":[{"href":"https:\/\/www.tabakversand.ch\/fr\/wp-json\/wp\/v2\/product\/216333","targetHints":{"allow":["GET"]}}],"collection":[{"href":"https:\/\/www.tabakversand.ch\/fr\/wp-json\/wp\/v2\/product"}],"about":[{"href":"https:\/\/www.tabakversand.ch\/fr\/wp-json\/wp\/v2\/types\/product"}],"version-history":[{"count":4,"href":"https:\/\/www.tabakversand.ch\/fr\/wp-json\/wp\/v2\/product\/216333\/revisions"}],"predecessor-version":[{"id":216464,"href":"https:\/\/www.tabakversand.ch\/fr\/wp-json\/wp\/v2\/product\/216333\/revisions\/216464"}],"wp:featuredmedia":[{"embeddable":true,"href":"https:\/\/www.tabakversand.ch\/fr\/wp-json\/wp\/v2\/media\/216338"}],"wp:attachment":[{"href":"https:\/\/www.tabakversand.ch\/fr\/wp-json\/wp\/v2\/media?parent=216333"}],"wp:term":[{"taxonomy":"product_brand","embeddable":true,"href":"https:\/\/www.tabakversand.ch\/fr\/wp-json\/wp\/v2\/product_brand?post=216333"},{"taxonomy":"product_cat","embeddable":true,"href":"https:\/\/www.tabakversand.ch\/fr\/wp-json\/wp\/v2\/product_cat?post=216333"},{"taxonomy":"product_tag","embeddable":true,"href":"https:\/\/www.tabakversand.ch\/fr\/wp-json\/wp\/v2\/product_tag?post=216333"}],"curies":[{"name":"wp","href":"https:\/\/api.w.org\/{rel}","templated":true}]}}