{"id":216510,"date":"2026-04-03T16:43:40","date_gmt":"2026-04-03T14:43:40","guid":{"rendered":"https:\/\/www.tabakversand.ch\/?post_type=product&#038;p=216510"},"modified":"2026-04-04T10:54:04","modified_gmt":"2026-04-04T08:54:04","slug":"elf-bar-elfa-pro-v2-pod-2-ml-20-mg","status":"publish","type":"product","link":"https:\/\/www.tabakversand.ch\/fr\/produit\/elf-bar-elfa-pro-v2-pod-2-ml-20-mg\/","title":{"rendered":"ELF BAR ELFA Pro V2 Pod 2 ml (20 mg)"},"content":{"rendered":"<h1>Pod ELF BAR ELFA Pro V2<\/h1>\n<p>D\u00e9couvrez la nouvelle g\u00e9n\u00e9ration de vapotage avec les capsules ELF BAR ELFA Pro V2. Pr\u00e9-remplies, ces capsules offrent un confort d&rsquo;utilisation optimal et des saveurs intenses \u2013 id\u00e9ales pour une exp\u00e9rience de vapotage simple et de haute qualit\u00e9.<\/p>\n<p>Gr\u00e2ce au syst\u00e8me pratique plug-and-play, les capsules sont pr\u00eates \u00e0 l&#8217;emploi imm\u00e9diatement : il suffit de les ins\u00e9rer et de commencer \u00e0 vapoter, sans remplissage ni effort.<\/p>\n<p>Points forts:<\/p>\n<ul>\n<li>Pr\u00e9-rempli et pr\u00eat \u00e0 l&amp;#39;emploi imm\u00e9diatement \u2013 \u200b\u200bPas de remplissage, pas de fuites, pas de stress<\/li>\n<li>2 capsules de 2 ml \u2013 Id\u00e9ales pour une utilisation nomade ou quotidienne<\/li>\n<li>Sel de nicotine 20 mg \u2013 Sensation de nicotine agr\u00e9able et rapide<\/li>\n<li>Une grande vari\u00e9t\u00e9 de saveurs \u2013 fruit\u00e9es ou rafra\u00eechissantes \u2013 il y en a pour tous les go\u00fbts.<\/li>\n<li>Qualit\u00e9 de vapeur constante \u2013 go\u00fbt uniforme jusqu&rsquo;\u00e0 la derni\u00e8re bouff\u00e9e<\/li>\n<\/ul>\n<p>&nbsp;<\/p>\n<p>Les cartouches ELF BAR ELFA Pro V2 impressionnent par leur fabrication de haute qualit\u00e9 et leurs ingr\u00e9dients soigneusement s\u00e9lectionn\u00e9s. Chaque bouff\u00e9e offre un ar\u00f4me intense et pur, id\u00e9al pour les vapoteurs d\u00e9butants comme confirm\u00e9s.<\/p>\n<p>\ud83d\udc49 D\u00e9couvrez d\u00e8s maintenant votre saveur pr\u00e9f\u00e9r\u00e9e et profitez d&rsquo;un plaisir de vapotage simple et de haute qualit\u00e9 !<\/p>\n<p>&nbsp;<\/p>\n<p>Chez tabakversand.ch, vous recevez des pods ELF BAR ELFA Pro V2, conserv\u00e9s dans leur emballage d&rsquo;origine et soigneusement stock\u00e9s. Ce stockage rigoureux garantit une qualit\u00e9 optimale jusqu&rsquo;\u00e0 l&rsquo;exp\u00e9dition. Gr\u00e2ce \u00e0 une livraison rapide en Suisse, vos pods arrivent g\u00e9n\u00e9ralement tr\u00e8s vite.<\/p>\n<p>Pour plus d&rsquo;informations sur les cigarettes \u00e9lectroniques, veuillez consulter l&rsquo;article Wikip\u00e9dia correspondant\u00a0: <a href=\"https:\/\/de.wikipedia.org\/wiki\/Elektrische_Zigarette\">cliquez ici<\/a> . Si vous avez des questions concernant le produit, n&rsquo;h\u00e9sitez pas \u00e0 nous contacter\u00a0: <a href=\"https:\/\/www.tabakversand.ch\/kontakt\/\">cliquez ici<\/a> .<\/p>\n<p>Tous les prix s&rsquo;appliquent uniquement aux commandes en ligne et incluent la TVA. Sous r\u00e9serve de modifications sans pr\u00e9avis, frais de livraison en sus. Sous r\u00e9serve d&rsquo;erreurs, de modifications de contenu de livraison et de conception, de fautes d&rsquo;impression et de modifications de prix. Les prix barr\u00e9s sont des prix de remplacement. Les illustrations peuvent diff\u00e9rer de l&rsquo;original\/du contenu de livraison.<\/p>\n<p>*Livraison gratuite pour les commandes sup\u00e9rieures \u00e0 CHF 250.-.<\/p>\n","protected":false},"excerpt":{"rendered":"<p>Pod ELF BAR ELFA Pro V2 D\u00e9couvrez la nouvelle g\u00e9n\u00e9ration de vapotage avec les capsules ELF BAR ELFA Pro V2. Pr\u00e9-remplies, ces capsules offrent un confort d&rsquo;utilisation optimal et des saveurs intenses \u2013 id\u00e9ales pour une exp\u00e9rience de vapotage simple et de haute qualit\u00e9. Gr\u00e2ce au syst\u00e8me pratique plug-and-play, les capsules sont pr\u00eates \u00e0 l&#8217;emploi [&hellip;]<\/p>\n","protected":false},"featured_media":216523,"template":"","meta":[],"product_brand":[2951],"product_cat":[5660,1895,1894,1913,5583],"product_tag":[],"class_list":{"0":"post-216510","1":"product","2":"type-product","3":"status-publish","4":"has-post-thumbnail","6":"product_brand-elfbar","7":"product_cat-pod-elf-bar-elfa-pro-v2","8":"product_cat-e-fumee","9":"product_cat-e-liquide","10":"product_cat-cigarettes-electroniques","11":"product_cat-kit-elf-bar-elfa-pro-v2","12":"pa_af5000-elfa-pro-v2-20mg-apple-peach","13":"pa_af5000-elfa-pro-v2-20mg-banana","14":"pa_af5000-elfa-pro-v2-20mg-banana-milk","15":"pa_af5000-elfa-pro-v2-20mg-blue-razz-lemonade-fr","16":"pa_af5000-elfa-pro-v2-20mg-blueberry","17":"pa_af5000-elfa-pro-v2-20mg-blueberry-sour-raspberry-fr","18":"pa_af5000-elfa-pro-v2-20mg-cherry","19":"pa_af5000-elfa-pro-v2-20mg-cola","20":"pa_af5000-elfa-pro-v2-20mg-cranberry-grape","21":"pa_af5000-elfa-pro-v2-20mg-grape-fr","22":"pa_af5000-elfa-pro-v2-20mg-juicy-peach","23":"pa_af5000-elfa-pro-v2-20mg-kiwi-passionfruit-guava-fr","24":"pa_af5000-elfa-pro-v2-20mg-lemon-mint","25":"pa_af5000-elfa-pro-v2-20mg-mango","26":"pa_af5000-elfa-pro-v2-20mg-mango-peach-watermelon","27":"pa_af5000-elfa-pro-v2-20mg-menthol","28":"pa_af5000-elfa-pro-v2-20mg-mix-berries","29":"pa_af5000-elfa-pro-v2-20mg-pink-lemonade-fr","30":"pa_af5000-elfa-pro-v2-20mg-snoow-tobacco","31":"pa_af5000-elfa-pro-v2-20mg-spearmint","32":"pa_af5000-elfa-pro-v2-20mg-strawberry-grape","33":"pa_af5000-elfa-pro-v2-20mg-strawberry-ice-fr","34":"pa_af5000-elfa-pro-v2-20mg-strawberry-snoow","35":"pa_af5000-elfa-pro-v2-20mg-tropical-fruit","36":"pa_af5000-elfa-pro-v2-20mg-watermelon","37":"pa_af5000-elfa-pro-v2-20mg-watermelon-mojito","39":"first","40":"onbackorder","41":"purchasable","42":"product-type-variable"},"yoast_head":"<!-- This site is optimized with the Yoast SEO plugin v27.0 - https:\/\/yoast.com\/product\/yoast-seo-wordpress\/ -->\n<title>Cartouches ELFBAR ELFA Pro V2 2x2ml 20mg \u2013 Pr\u00e9remplies<\/title>\n<meta name=\"description\" content=\"Cartouches LFBAR ELFA Pro V2 (2 x 2 ml, 20 mg de nicotine) \u2013 pr\u00eates \u00e0 l&#039;emploi, sans remplissage. D\u00e9couvrez des saveurs intenses et une vapeur de qualit\u00e9 sup\u00e9rieure.\" \/>\n<meta name=\"robots\" content=\"index, follow, max-snippet:-1, max-image-preview:large, max-video-preview:-1\" \/>\n<link rel=\"canonical\" href=\"https:\/\/www.tabakversand.ch\/fr\/produit\/elf-bar-elfa-pro-v2-pod-2-ml-20-mg\/\" \/>\n<meta property=\"og:locale\" content=\"fr_FR\" \/>\n<meta property=\"og:type\" content=\"article\" \/>\n<meta property=\"og:title\" content=\"Cartouches ELFBAR ELFA Pro V2 2x2ml 20mg \u2013 Pr\u00e9remplies\" \/>\n<meta property=\"og:description\" content=\"Cartouches LFBAR ELFA Pro V2 (2 x 2 ml, 20 mg de nicotine) \u2013 pr\u00eates \u00e0 l&#039;emploi, sans remplissage. D\u00e9couvrez des saveurs intenses et une vapeur de qualit\u00e9 sup\u00e9rieure.\" \/>\n<meta property=\"og:url\" content=\"https:\/\/www.tabakversand.ch\/fr\/produit\/elf-bar-elfa-pro-v2-pod-2-ml-20-mg\/\" \/>\n<meta property=\"og:site_name\" content=\"Tabakversand.ch | Alles aus der Welt des Tabaks\" \/>\n<meta property=\"article:modified_time\" content=\"2026-04-04T08:54:04+00:00\" \/>\n<meta property=\"og:image\" content=\"https:\/\/www.tabakversand.ch\/wp-content\/uploads\/2026\/04\/elfa-pro-v2-pod-20mg-all.jpg\" \/>\n\t<meta property=\"og:image:width\" content=\"500\" \/>\n\t<meta property=\"og:image:height\" content=\"500\" \/>\n\t<meta property=\"og:image:type\" content=\"image\/jpeg\" \/>\n<meta name=\"twitter:card\" content=\"summary_large_image\" \/>\n<meta name=\"twitter:label1\" content=\"Dur\u00e9e de lecture estim\u00e9e\" \/>\n\t<meta name=\"twitter:data1\" content=\"3 minutes\" \/>\n<script type=\"application\/ld+json\" class=\"yoast-schema-graph\">{\"@context\":\"https:\/\/schema.org\",\"@graph\":[{\"@type\":\"WebPage\",\"@id\":\"https:\/\/www.tabakversand.ch\/fr\/produit\/elf-bar-elfa-pro-v2-pod-2-ml-20-mg\/\",\"url\":\"https:\/\/www.tabakversand.ch\/fr\/produit\/elf-bar-elfa-pro-v2-pod-2-ml-20-mg\/\",\"name\":\"Cartouches ELFBAR ELFA Pro V2 2x2ml 20mg \u2013 Pr\u00e9remplies\",\"isPartOf\":{\"@id\":\"https:\/\/www.tabakversand.ch\/#website\"},\"primaryImageOfPage\":{\"@id\":\"https:\/\/www.tabakversand.ch\/fr\/produit\/elf-bar-elfa-pro-v2-pod-2-ml-20-mg\/#primaryimage\"},\"image\":{\"@id\":\"https:\/\/www.tabakversand.ch\/fr\/produit\/elf-bar-elfa-pro-v2-pod-2-ml-20-mg\/#primaryimage\"},\"thumbnailUrl\":\"https:\/\/www.tabakversand.ch\/wp-content\/uploads\/2026\/04\/elfa-pro-v2-pod-20mg-all.jpg\",\"datePublished\":\"2026-04-03T14:43:40+00:00\",\"dateModified\":\"2026-04-04T08:54:04+00:00\",\"description\":\"Cartouches LFBAR ELFA Pro V2 (2 x 2 ml, 20 mg de nicotine) \u2013 pr\u00eates \u00e0 l'emploi, sans remplissage. D\u00e9couvrez des saveurs intenses et une vapeur de qualit\u00e9 sup\u00e9rieure.\",\"breadcrumb\":{\"@id\":\"https:\/\/www.tabakversand.ch\/fr\/produit\/elf-bar-elfa-pro-v2-pod-2-ml-20-mg\/#breadcrumb\"},\"inLanguage\":\"fr-FR\",\"potentialAction\":[{\"@type\":\"ReadAction\",\"target\":[\"https:\/\/www.tabakversand.ch\/fr\/produit\/elf-bar-elfa-pro-v2-pod-2-ml-20-mg\/\"]}]},{\"@type\":\"ImageObject\",\"inLanguage\":\"fr-FR\",\"@id\":\"https:\/\/www.tabakversand.ch\/fr\/produit\/elf-bar-elfa-pro-v2-pod-2-ml-20-mg\/#primaryimage\",\"url\":\"https:\/\/www.tabakversand.ch\/wp-content\/uploads\/2026\/04\/elfa-pro-v2-pod-20mg-all.jpg\",\"contentUrl\":\"https:\/\/www.tabakversand.ch\/wp-content\/uploads\/2026\/04\/elfa-pro-v2-pod-20mg-all.jpg\",\"width\":500,\"height\":500,\"caption\":\"ELF BAR ELFA Pro V2 Pod 20 mg | tabakversand.ch\"},{\"@type\":\"BreadcrumbList\",\"@id\":\"https:\/\/www.tabakversand.ch\/fr\/produit\/elf-bar-elfa-pro-v2-pod-2-ml-20-mg\/#breadcrumb\",\"itemListElement\":[{\"@type\":\"ListItem\",\"position\":1,\"name\":\"Startseite\",\"item\":\"https:\/\/www.tabakversand.ch\/\"},{\"@type\":\"ListItem\",\"position\":2,\"name\":\"Boutique\",\"item\":\"https:\/\/www.tabakversand.ch\/fr\/boutique\/\"},{\"@type\":\"ListItem\",\"position\":3,\"name\":\"ELF BAR ELFA Pro V2 Pod 2 ml (20 mg)\"}]},{\"@type\":\"WebSite\",\"@id\":\"https:\/\/www.tabakversand.ch\/#website\",\"url\":\"https:\/\/www.tabakversand.ch\/\",\"name\":\"Tabakversand.ch | Alles aus der Welt des Tabaks\",\"description\":\"Smoke and carpe diem\",\"potentialAction\":[{\"@type\":\"SearchAction\",\"target\":{\"@type\":\"EntryPoint\",\"urlTemplate\":\"https:\/\/www.tabakversand.ch\/?s={search_term_string}\"},\"query-input\":{\"@type\":\"PropertyValueSpecification\",\"valueRequired\":true,\"valueName\":\"search_term_string\"}}],\"inLanguage\":\"fr-FR\"}]}<\/script>\n<!-- \/ Yoast SEO plugin. -->","yoast_head_json":{"title":"Cartouches ELFBAR ELFA Pro V2 2x2ml 20mg \u2013 Pr\u00e9remplies","description":"Cartouches LFBAR ELFA Pro V2 (2 x 2 ml, 20 mg de nicotine) \u2013 pr\u00eates \u00e0 l'emploi, sans remplissage. D\u00e9couvrez des saveurs intenses et une vapeur de qualit\u00e9 sup\u00e9rieure.","robots":{"index":"index","follow":"follow","max-snippet":"max-snippet:-1","max-image-preview":"max-image-preview:large","max-video-preview":"max-video-preview:-1"},"canonical":"https:\/\/www.tabakversand.ch\/fr\/produit\/elf-bar-elfa-pro-v2-pod-2-ml-20-mg\/","og_locale":"fr_FR","og_type":"article","og_title":"Cartouches ELFBAR ELFA Pro V2 2x2ml 20mg \u2013 Pr\u00e9remplies","og_description":"Cartouches LFBAR ELFA Pro V2 (2 x 2 ml, 20 mg de nicotine) \u2013 pr\u00eates \u00e0 l'emploi, sans remplissage. D\u00e9couvrez des saveurs intenses et une vapeur de qualit\u00e9 sup\u00e9rieure.","og_url":"https:\/\/www.tabakversand.ch\/fr\/produit\/elf-bar-elfa-pro-v2-pod-2-ml-20-mg\/","og_site_name":"Tabakversand.ch | Alles aus der Welt des Tabaks","article_modified_time":"2026-04-04T08:54:04+00:00","og_image":[{"width":500,"height":500,"url":"https:\/\/www.tabakversand.ch\/wp-content\/uploads\/2026\/04\/elfa-pro-v2-pod-20mg-all.jpg","type":"image\/jpeg"}],"twitter_card":"summary_large_image","twitter_misc":{"Dur\u00e9e de lecture estim\u00e9e":"3 minutes"},"schema":{"@context":"https:\/\/schema.org","@graph":[{"@type":"WebPage","@id":"https:\/\/www.tabakversand.ch\/fr\/produit\/elf-bar-elfa-pro-v2-pod-2-ml-20-mg\/","url":"https:\/\/www.tabakversand.ch\/fr\/produit\/elf-bar-elfa-pro-v2-pod-2-ml-20-mg\/","name":"Cartouches ELFBAR ELFA Pro V2 2x2ml 20mg \u2013 Pr\u00e9remplies","isPartOf":{"@id":"https:\/\/www.tabakversand.ch\/#website"},"primaryImageOfPage":{"@id":"https:\/\/www.tabakversand.ch\/fr\/produit\/elf-bar-elfa-pro-v2-pod-2-ml-20-mg\/#primaryimage"},"image":{"@id":"https:\/\/www.tabakversand.ch\/fr\/produit\/elf-bar-elfa-pro-v2-pod-2-ml-20-mg\/#primaryimage"},"thumbnailUrl":"https:\/\/www.tabakversand.ch\/wp-content\/uploads\/2026\/04\/elfa-pro-v2-pod-20mg-all.jpg","datePublished":"2026-04-03T14:43:40+00:00","dateModified":"2026-04-04T08:54:04+00:00","description":"Cartouches LFBAR ELFA Pro V2 (2 x 2 ml, 20 mg de nicotine) \u2013 pr\u00eates \u00e0 l'emploi, sans remplissage. D\u00e9couvrez des saveurs intenses et une vapeur de qualit\u00e9 sup\u00e9rieure.","breadcrumb":{"@id":"https:\/\/www.tabakversand.ch\/fr\/produit\/elf-bar-elfa-pro-v2-pod-2-ml-20-mg\/#breadcrumb"},"inLanguage":"fr-FR","potentialAction":[{"@type":"ReadAction","target":["https:\/\/www.tabakversand.ch\/fr\/produit\/elf-bar-elfa-pro-v2-pod-2-ml-20-mg\/"]}]},{"@type":"ImageObject","inLanguage":"fr-FR","@id":"https:\/\/www.tabakversand.ch\/fr\/produit\/elf-bar-elfa-pro-v2-pod-2-ml-20-mg\/#primaryimage","url":"https:\/\/www.tabakversand.ch\/wp-content\/uploads\/2026\/04\/elfa-pro-v2-pod-20mg-all.jpg","contentUrl":"https:\/\/www.tabakversand.ch\/wp-content\/uploads\/2026\/04\/elfa-pro-v2-pod-20mg-all.jpg","width":500,"height":500,"caption":"ELF BAR ELFA Pro V2 Pod 20 mg | tabakversand.ch"},{"@type":"BreadcrumbList","@id":"https:\/\/www.tabakversand.ch\/fr\/produit\/elf-bar-elfa-pro-v2-pod-2-ml-20-mg\/#breadcrumb","itemListElement":[{"@type":"ListItem","position":1,"name":"Startseite","item":"https:\/\/www.tabakversand.ch\/"},{"@type":"ListItem","position":2,"name":"Boutique","item":"https:\/\/www.tabakversand.ch\/fr\/boutique\/"},{"@type":"ListItem","position":3,"name":"ELF BAR ELFA Pro V2 Pod 2 ml (20 mg)"}]},{"@type":"WebSite","@id":"https:\/\/www.tabakversand.ch\/#website","url":"https:\/\/www.tabakversand.ch\/","name":"Tabakversand.ch | Alles aus der Welt des Tabaks","description":"Smoke and carpe diem","potentialAction":[{"@type":"SearchAction","target":{"@type":"EntryPoint","urlTemplate":"https:\/\/www.tabakversand.ch\/?s={search_term_string}"},"query-input":{"@type":"PropertyValueSpecification","valueRequired":true,"valueName":"search_term_string"}}],"inLanguage":"fr-FR"}]}},"_links":{"self":[{"href":"https:\/\/www.tabakversand.ch\/fr\/wp-json\/wp\/v2\/product\/216510","targetHints":{"allow":["GET"]}}],"collection":[{"href":"https:\/\/www.tabakversand.ch\/fr\/wp-json\/wp\/v2\/product"}],"about":[{"href":"https:\/\/www.tabakversand.ch\/fr\/wp-json\/wp\/v2\/types\/product"}],"version-history":[{"count":2,"href":"https:\/\/www.tabakversand.ch\/fr\/wp-json\/wp\/v2\/product\/216510\/revisions"}],"predecessor-version":[{"id":216752,"href":"https:\/\/www.tabakversand.ch\/fr\/wp-json\/wp\/v2\/product\/216510\/revisions\/216752"}],"wp:featuredmedia":[{"embeddable":true,"href":"https:\/\/www.tabakversand.ch\/fr\/wp-json\/wp\/v2\/media\/216523"}],"wp:attachment":[{"href":"https:\/\/www.tabakversand.ch\/fr\/wp-json\/wp\/v2\/media?parent=216510"}],"wp:term":[{"taxonomy":"product_brand","embeddable":true,"href":"https:\/\/www.tabakversand.ch\/fr\/wp-json\/wp\/v2\/product_brand?post=216510"},{"taxonomy":"product_cat","embeddable":true,"href":"https:\/\/www.tabakversand.ch\/fr\/wp-json\/wp\/v2\/product_cat?post=216510"},{"taxonomy":"product_tag","embeddable":true,"href":"https:\/\/www.tabakversand.ch\/fr\/wp-json\/wp\/v2\/product_tag?post=216510"}],"curies":[{"name":"wp","href":"https:\/\/api.w.org\/{rel}","templated":true}]}}