{"id":216806,"date":"2026-04-04T17:48:15","date_gmt":"2026-04-04T15:48:15","guid":{"rendered":"https:\/\/www.tabakversand.ch\/?post_type=product&#038;p=216806"},"modified":"2026-04-04T18:36:41","modified_gmt":"2026-04-04T16:36:41","slug":"wolkenkraft-fx-mini-ultra","status":"publish","type":"product","link":"https:\/\/www.tabakversand.ch\/fr\/produit\/wolkenkraft-fx-mini-ultra\/","title":{"rendered":"Wolkenkraft FX Mini Ultra"},"content":{"rendered":"<h1>Wolkenkraft FX Mini Ultra<\/h1>\n<p>WOLKENKRAFT est le vaporisateur le plus avanc\u00e9 gr\u00e2ce \u00e0 la technologie brevet\u00e9e ECA Easy Care\u2122\ufe0f, qui porte la vaporisation \u00e0 un niveau sup\u00e9rieur.<\/p>\n<p>Avec son design \u00e9l\u00e9gant et moderne, il est tr\u00e8s agr\u00e9able \u00e0 l\u2019\u0153il et tient parfaitement dans la main. La technologie ECA garantit que les herbes, la cire ou l\u2019huile se m\u00e9langent avec l\u2019air le plus frais possible pour produire la vapeur la plus propre et la plus savoureuse.<\/p>\n<p>&nbsp;<\/p>\n<p>FAITS MARQUANTS :<\/p>\n<ul>\n<li>Grand \u00e9cran OLED d&rsquo;une clart\u00e9 cristalline<\/li>\n<li>Des LED bleues et plus lumineuses illuminent les nuages \u200b\u200bde vapeur.<\/li>\n<li>Un flux d&rsquo;air optimis\u00e9 emp\u00eache les courants d&rsquo;air.<\/li>\n<li>Go\u00fbt pur et authentique<\/li>\n<li>Embout buccal en verre extensible et r\u00e9glable<\/li>\n<\/ul>\n<p>&nbsp;<\/p>\n<p>UNIQUEMENT CHEZ ULTRA :<\/p>\n<ul>\n<li>Embout buccal coulissant brevet\u00e9 et facile \u00e0 installer<\/li>\n<li>Bague d&#8217;embout buccal plaqu\u00e9e or<\/li>\n<li>Plage de temp\u00e9rature am\u00e9lior\u00e9e : 100 \u00b0C &#8211; 220 \u00b0C<\/li>\n<li>Retour haptique par vibration<\/li>\n<li>Minuterie de fonctionnement r\u00e9glable : 3 \u00e0 5 min.<\/li>\n<li>Temps de charge jusqu&rsquo;\u00e0 35 % plus rapide que le FX MINI<\/li>\n<li>Fonction de charge : Utilisez-la pendant la charge !<\/li>\n<\/ul>\n<p>&nbsp;<\/p>\n<p>Chez tabakversand.ch, votre vaporisateur Wolkenfrat FX Mini Ultra vous sera livr\u00e9 en parfait \u00e9tat, dans son emballage d&rsquo;origine. Un stockage soign\u00e9 garantit une qualit\u00e9 optimale jusqu&rsquo;\u00e0 l&rsquo;exp\u00e9dition. Gr\u00e2ce \u00e0 une livraison rapide en Suisse, votre vaporisateur vous parviendra g\u00e9n\u00e9ralement tr\u00e8s rapidement.<\/p>\n<p>Pour plus d&rsquo;informations sur les vaporisateurs, veuillez consulter l&rsquo;article Wikip\u00e9dia correspondant\u00a0: <a href=\"https:\/\/de.wikipedia.org\/wiki\/Vaporizer#Sonstige_Anwendung\">cliquez ici<\/a> . Si vous avez des questions concernant le produit, n&rsquo;h\u00e9sitez pas \u00e0 nous contacter\u00a0: <a href=\"https:\/\/www.tabakversand.ch\/kontakt\/\">cliquez ici<\/a> .<\/p>\n<p>Tous les prix s&rsquo;appliquent uniquement aux commandes en ligne et incluent la TVA. Sous r\u00e9serve de modifications sans pr\u00e9avis, frais de livraison en sus. Sous r\u00e9serve d&rsquo;erreurs, de modifications de contenu de livraison et de conception, de fautes d&rsquo;impression et de modifications de prix. Les prix barr\u00e9s sont des prix de remplacement. Les illustrations peuvent diff\u00e9rer de l&rsquo;original\/du contenu de livraison. *Livraison gratuite pour les commandes sup\u00e9rieures \u00e0 CHF 250.-.<\/p>\n<p>&nbsp;<\/p>\n<p>&nbsp;<\/p>\n","protected":false},"excerpt":{"rendered":"<p>Wolkenkraft FX Mini Ultra WOLKENKRAFT est le vaporisateur le plus avanc\u00e9 gr\u00e2ce \u00e0 la technologie brevet\u00e9e ECA Easy Care\u2122\ufe0f, qui porte la vaporisation \u00e0 un niveau sup\u00e9rieur. Avec son design \u00e9l\u00e9gant et moderne, il est tr\u00e8s agr\u00e9able \u00e0 l\u2019\u0153il et tient parfaitement dans la main. La technologie ECA garantit que les herbes, la cire ou [&hellip;]<\/p>\n","protected":false},"featured_media":216821,"template":"","meta":[],"product_brand":[5671],"product_cat":[4744,1995,2112],"product_tag":[],"class_list":{"0":"post-216806","1":"product","2":"type-product","3":"status-publish","4":"has-post-thumbnail","6":"product_brand-wolkenkraft","7":"product_cat-bons-dachat","8":"product_cat-divers-headshop","9":"product_cat-vaporisateur","11":"first","12":"onbackorder","13":"featured","14":"purchasable","15":"product-type-variable"},"yoast_head":"<!-- This site is optimized with the Yoast SEO plugin v27.0 - https:\/\/yoast.com\/product\/yoast-seo-wordpress\/ -->\n<title>Achetez le vaporisateur WOLKENKRAFT FX Mini Ultra<\/title>\n<meta name=\"description\" content=\"Le WOLKENKRAFT FX Mini Ultra impressionne par sa technologie de chauffe hybride, sa rapidit\u00e9 de chauffe et ses saveurs intenses. Compact et puissant.\" \/>\n<meta name=\"robots\" content=\"index, follow, max-snippet:-1, max-image-preview:large, max-video-preview:-1\" \/>\n<link rel=\"canonical\" href=\"https:\/\/www.tabakversand.ch\/it\/produit\/wolkenkraft-fx-mini-ultra\/\" \/>\n<meta property=\"og:locale\" content=\"fr_FR\" \/>\n<meta property=\"og:type\" content=\"article\" \/>\n<meta property=\"og:title\" content=\"Achetez le vaporisateur WOLKENKRAFT FX Mini Ultra\" \/>\n<meta property=\"og:description\" content=\"Le WOLKENKRAFT FX Mini Ultra impressionne par sa technologie de chauffe hybride, sa rapidit\u00e9 de chauffe et ses saveurs intenses. Compact et puissant.\" \/>\n<meta property=\"og:url\" content=\"https:\/\/www.tabakversand.ch\/it\/produit\/wolkenkraft-fx-mini-ultra\/\" \/>\n<meta property=\"og:site_name\" content=\"Tabakversand.ch | Alles aus der Welt des Tabaks\" \/>\n<meta property=\"article:modified_time\" content=\"2026-04-04T16:36:41+00:00\" \/>\n<meta property=\"og:image\" content=\"https:\/\/www.tabakversand.ch\/wp-content\/uploads\/2026\/04\/wolkenkraft-fx-mini-ultra-all.jpg\" \/>\n\t<meta property=\"og:image:width\" content=\"500\" \/>\n\t<meta property=\"og:image:height\" content=\"501\" \/>\n\t<meta property=\"og:image:type\" content=\"image\/jpeg\" \/>\n<meta name=\"twitter:card\" content=\"summary_large_image\" \/>\n<meta name=\"twitter:label1\" content=\"Dur\u00e9e de lecture estim\u00e9e\" \/>\n\t<meta name=\"twitter:data1\" content=\"2 minutes\" \/>\n<script type=\"application\/ld+json\" class=\"yoast-schema-graph\">{\"@context\":\"https:\/\/schema.org\",\"@graph\":[{\"@type\":\"WebPage\",\"@id\":\"https:\/\/www.tabakversand.ch\/it\/produit\/wolkenkraft-fx-mini-ultra\/\",\"url\":\"https:\/\/www.tabakversand.ch\/it\/produit\/wolkenkraft-fx-mini-ultra\/\",\"name\":\"Achetez le vaporisateur WOLKENKRAFT FX Mini Ultra\",\"isPartOf\":{\"@id\":\"https:\/\/www.tabakversand.ch\/#website\"},\"primaryImageOfPage\":{\"@id\":\"https:\/\/www.tabakversand.ch\/it\/produit\/wolkenkraft-fx-mini-ultra\/#primaryimage\"},\"image\":{\"@id\":\"https:\/\/www.tabakversand.ch\/it\/produit\/wolkenkraft-fx-mini-ultra\/#primaryimage\"},\"thumbnailUrl\":\"https:\/\/www.tabakversand.ch\/wp-content\/uploads\/2026\/04\/wolkenkraft-fx-mini-ultra-all.jpg\",\"datePublished\":\"2026-04-04T15:48:15+00:00\",\"dateModified\":\"2026-04-04T16:36:41+00:00\",\"description\":\"Le WOLKENKRAFT FX Mini Ultra impressionne par sa technologie de chauffe hybride, sa rapidit\u00e9 de chauffe et ses saveurs intenses. Compact et puissant.\",\"breadcrumb\":{\"@id\":\"https:\/\/www.tabakversand.ch\/it\/produit\/wolkenkraft-fx-mini-ultra\/#breadcrumb\"},\"inLanguage\":\"fr-FR\",\"potentialAction\":[{\"@type\":\"ReadAction\",\"target\":[\"https:\/\/www.tabakversand.ch\/it\/produit\/wolkenkraft-fx-mini-ultra\/\"]}]},{\"@type\":\"ImageObject\",\"inLanguage\":\"fr-FR\",\"@id\":\"https:\/\/www.tabakversand.ch\/it\/produit\/wolkenkraft-fx-mini-ultra\/#primaryimage\",\"url\":\"https:\/\/www.tabakversand.ch\/wp-content\/uploads\/2026\/04\/wolkenkraft-fx-mini-ultra-all.jpg\",\"contentUrl\":\"https:\/\/www.tabakversand.ch\/wp-content\/uploads\/2026\/04\/wolkenkraft-fx-mini-ultra-all.jpg\",\"width\":500,\"height\":501,\"caption\":\"Wolkenkraft FX Mini Ultra | tabakversand.ch\"},{\"@type\":\"BreadcrumbList\",\"@id\":\"https:\/\/www.tabakversand.ch\/it\/produit\/wolkenkraft-fx-mini-ultra\/#breadcrumb\",\"itemListElement\":[{\"@type\":\"ListItem\",\"position\":1,\"name\":\"Startseite\",\"item\":\"https:\/\/www.tabakversand.ch\/\"},{\"@type\":\"ListItem\",\"position\":2,\"name\":\"Boutique\",\"item\":\"https:\/\/www.tabakversand.ch\/fr\/boutique\/\"},{\"@type\":\"ListItem\",\"position\":3,\"name\":\"Wolkenkraft FX Mini Ultra\"}]},{\"@type\":\"WebSite\",\"@id\":\"https:\/\/www.tabakversand.ch\/#website\",\"url\":\"https:\/\/www.tabakversand.ch\/\",\"name\":\"Tabakversand.ch | Alles aus der Welt des Tabaks\",\"description\":\"Smoke and carpe diem\",\"potentialAction\":[{\"@type\":\"SearchAction\",\"target\":{\"@type\":\"EntryPoint\",\"urlTemplate\":\"https:\/\/www.tabakversand.ch\/?s={search_term_string}\"},\"query-input\":{\"@type\":\"PropertyValueSpecification\",\"valueRequired\":true,\"valueName\":\"search_term_string\"}}],\"inLanguage\":\"fr-FR\"}]}<\/script>\n<!-- \/ Yoast SEO plugin. -->","yoast_head_json":{"title":"Achetez le vaporisateur WOLKENKRAFT FX Mini Ultra","description":"Le WOLKENKRAFT FX Mini Ultra impressionne par sa technologie de chauffe hybride, sa rapidit\u00e9 de chauffe et ses saveurs intenses. Compact et puissant.","robots":{"index":"index","follow":"follow","max-snippet":"max-snippet:-1","max-image-preview":"max-image-preview:large","max-video-preview":"max-video-preview:-1"},"canonical":"https:\/\/www.tabakversand.ch\/it\/produit\/wolkenkraft-fx-mini-ultra\/","og_locale":"fr_FR","og_type":"article","og_title":"Achetez le vaporisateur WOLKENKRAFT FX Mini Ultra","og_description":"Le WOLKENKRAFT FX Mini Ultra impressionne par sa technologie de chauffe hybride, sa rapidit\u00e9 de chauffe et ses saveurs intenses. Compact et puissant.","og_url":"https:\/\/www.tabakversand.ch\/it\/produit\/wolkenkraft-fx-mini-ultra\/","og_site_name":"Tabakversand.ch | Alles aus der Welt des Tabaks","article_modified_time":"2026-04-04T16:36:41+00:00","og_image":[{"width":500,"height":501,"url":"https:\/\/www.tabakversand.ch\/wp-content\/uploads\/2026\/04\/wolkenkraft-fx-mini-ultra-all.jpg","type":"image\/jpeg"}],"twitter_card":"summary_large_image","twitter_misc":{"Dur\u00e9e de lecture estim\u00e9e":"2 minutes"},"schema":{"@context":"https:\/\/schema.org","@graph":[{"@type":"WebPage","@id":"https:\/\/www.tabakversand.ch\/it\/produit\/wolkenkraft-fx-mini-ultra\/","url":"https:\/\/www.tabakversand.ch\/it\/produit\/wolkenkraft-fx-mini-ultra\/","name":"Achetez le vaporisateur WOLKENKRAFT FX Mini Ultra","isPartOf":{"@id":"https:\/\/www.tabakversand.ch\/#website"},"primaryImageOfPage":{"@id":"https:\/\/www.tabakversand.ch\/it\/produit\/wolkenkraft-fx-mini-ultra\/#primaryimage"},"image":{"@id":"https:\/\/www.tabakversand.ch\/it\/produit\/wolkenkraft-fx-mini-ultra\/#primaryimage"},"thumbnailUrl":"https:\/\/www.tabakversand.ch\/wp-content\/uploads\/2026\/04\/wolkenkraft-fx-mini-ultra-all.jpg","datePublished":"2026-04-04T15:48:15+00:00","dateModified":"2026-04-04T16:36:41+00:00","description":"Le WOLKENKRAFT FX Mini Ultra impressionne par sa technologie de chauffe hybride, sa rapidit\u00e9 de chauffe et ses saveurs intenses. Compact et puissant.","breadcrumb":{"@id":"https:\/\/www.tabakversand.ch\/it\/produit\/wolkenkraft-fx-mini-ultra\/#breadcrumb"},"inLanguage":"fr-FR","potentialAction":[{"@type":"ReadAction","target":["https:\/\/www.tabakversand.ch\/it\/produit\/wolkenkraft-fx-mini-ultra\/"]}]},{"@type":"ImageObject","inLanguage":"fr-FR","@id":"https:\/\/www.tabakversand.ch\/it\/produit\/wolkenkraft-fx-mini-ultra\/#primaryimage","url":"https:\/\/www.tabakversand.ch\/wp-content\/uploads\/2026\/04\/wolkenkraft-fx-mini-ultra-all.jpg","contentUrl":"https:\/\/www.tabakversand.ch\/wp-content\/uploads\/2026\/04\/wolkenkraft-fx-mini-ultra-all.jpg","width":500,"height":501,"caption":"Wolkenkraft FX Mini Ultra | tabakversand.ch"},{"@type":"BreadcrumbList","@id":"https:\/\/www.tabakversand.ch\/it\/produit\/wolkenkraft-fx-mini-ultra\/#breadcrumb","itemListElement":[{"@type":"ListItem","position":1,"name":"Startseite","item":"https:\/\/www.tabakversand.ch\/"},{"@type":"ListItem","position":2,"name":"Boutique","item":"https:\/\/www.tabakversand.ch\/fr\/boutique\/"},{"@type":"ListItem","position":3,"name":"Wolkenkraft FX Mini Ultra"}]},{"@type":"WebSite","@id":"https:\/\/www.tabakversand.ch\/#website","url":"https:\/\/www.tabakversand.ch\/","name":"Tabakversand.ch | Alles aus der Welt des Tabaks","description":"Smoke and carpe diem","potentialAction":[{"@type":"SearchAction","target":{"@type":"EntryPoint","urlTemplate":"https:\/\/www.tabakversand.ch\/?s={search_term_string}"},"query-input":{"@type":"PropertyValueSpecification","valueRequired":true,"valueName":"search_term_string"}}],"inLanguage":"fr-FR"}]}},"_links":{"self":[{"href":"https:\/\/www.tabakversand.ch\/fr\/wp-json\/wp\/v2\/product\/216806","targetHints":{"allow":["GET"]}}],"collection":[{"href":"https:\/\/www.tabakversand.ch\/fr\/wp-json\/wp\/v2\/product"}],"about":[{"href":"https:\/\/www.tabakversand.ch\/fr\/wp-json\/wp\/v2\/types\/product"}],"version-history":[{"count":3,"href":"https:\/\/www.tabakversand.ch\/fr\/wp-json\/wp\/v2\/product\/216806\/revisions"}],"predecessor-version":[{"id":216840,"href":"https:\/\/www.tabakversand.ch\/fr\/wp-json\/wp\/v2\/product\/216806\/revisions\/216840"}],"wp:featuredmedia":[{"embeddable":true,"href":"https:\/\/www.tabakversand.ch\/fr\/wp-json\/wp\/v2\/media\/216821"}],"wp:attachment":[{"href":"https:\/\/www.tabakversand.ch\/fr\/wp-json\/wp\/v2\/media?parent=216806"}],"wp:term":[{"taxonomy":"product_brand","embeddable":true,"href":"https:\/\/www.tabakversand.ch\/fr\/wp-json\/wp\/v2\/product_brand?post=216806"},{"taxonomy":"product_cat","embeddable":true,"href":"https:\/\/www.tabakversand.ch\/fr\/wp-json\/wp\/v2\/product_cat?post=216806"},{"taxonomy":"product_tag","embeddable":true,"href":"https:\/\/www.tabakversand.ch\/fr\/wp-json\/wp\/v2\/product_tag?post=216806"}],"curies":[{"name":"wp","href":"https:\/\/api.w.org\/{rel}","templated":true}]}}