{"id":217247,"date":"2026-04-08T10:27:35","date_gmt":"2026-04-08T08:27:35","guid":{"rendered":"https:\/\/www.tabakversand.ch\/?post_type=product&#038;p=217247"},"modified":"2026-04-08T10:42:36","modified_gmt":"2026-04-08T08:42:36","slug":"arbo-red-coupe-fine","status":"publish","type":"product","link":"https:\/\/www.tabakversand.ch\/fr\/produit\/arbo-red-coupe-fine\/","title":{"rendered":"Arbo Red"},"content":{"rendered":"<h1>Arbo Red<\/h1>\n<ul>\n<li>1 x 150 g<\/li>\n<\/ul>\n<p>Une saveur intense \u00e0 un prix raisonnable<\/p>\n<p>Le tabac Arbo Red \u00e0 coupe fine s\u00e9duit par son ar\u00f4me puissant et cors\u00e9, ainsi que par son excellent rapport qualit\u00e9-prix. Ce m\u00e9lange de tabacs soigneusement \u00e9labor\u00e9 offre une exp\u00e9rience de fumage intense qui plaira autant aux fumeurs exp\u00e9riment\u00e9s qu&rsquo;aux connaisseurs attentifs \u00e0 leur budget.<\/p>\n<p>Ce tabac finement coup\u00e9 est transform\u00e9 de fa\u00e7on optimale et facile \u00e0 rouler \u2013 id\u00e9al pour ceux qui appr\u00e9cient une manipulation simple et une combustion uniforme. Gr\u00e2ce \u00e0 son taux d&rsquo;humidit\u00e9 \u00e9quilibr\u00e9, il conserve sa fra\u00eecheur longtemps et garantit un plaisir constant \u00e0 chaque cigarette roul\u00e9e \u00e0 la main.<\/p>\n<p>Vos avantages en un coup d&rsquo;\u0153il\u00a0:<\/p>\n<ul>\n<li>Ar\u00f4me fort et \u00e9pic\u00e9<\/li>\n<li>Tabac uniforme et finement coup\u00e9<\/li>\n<li>Facile \u00e0 tourner et \u00e9conomique<\/li>\n<li>Excellent rapport qualit\u00e9-prix<\/li>\n<li>Id\u00e9al pour un plaisir quotidien<\/li>\n<\/ul>\n<p>&nbsp;<\/p>\n<p>Que ce soit pour un usage quotidien ou comme alternative fiable aux marques plus ch\u00e8res, le tabac Arbo Red \u00e0 coupe fine offre une qualit\u00e9 constante \u00e0 un prix attractif.<\/p>\n<p>Commandez maintenant et d\u00e9couvrez un plaisir intense du tabac !<\/p>\n<p>&nbsp;<\/p>\n<p>Chez tabakversand.ch, votre tabac Arbo Red vous est livr\u00e9 dans des conditions optimales de conservation, dans son emballage d&rsquo;origine. Ce stockage soign\u00e9 garantit une pr\u00e9servation optimale de son ar\u00f4me, de son humidit\u00e9 et de sa qualit\u00e9 jusqu&rsquo;\u00e0 l&rsquo;exp\u00e9dition. Gr\u00e2ce \u00e0 une livraison rapide en Suisse, votre tabac \u00e0 cigarettes vous parvient g\u00e9n\u00e9ralement sous peu.<\/p>\n<p>Pour plus d&rsquo;informations sur le tabac \u00e0 rouler, veuillez consulter l&rsquo;article Wikip\u00e9dia correspondant\u00a0: <a href=\"https:\/\/de.wikipedia.org\/wiki\/Shag_(Tabak)\">cliquez ici<\/a> . Si vous avez des questions concernant le produit, n&rsquo;h\u00e9sitez pas \u00e0 nous contacter\u00a0: <a href=\"https:\/\/www.tabakversand.ch\/kontakt\/\">cliquez ici<\/a> .<\/p>\n<p>Tous les prix s&rsquo;appliquent uniquement aux commandes en ligne et incluent la TVA. Sous r\u00e9serve de modifications sans pr\u00e9avis, frais de livraison en sus. Sous r\u00e9serve d&rsquo;erreurs, de modifications de contenu de livraison et de conception, de fautes d&rsquo;impression et de modifications de prix. Les prix barr\u00e9s sont des prix de remplacement. Les illustrations peuvent diff\u00e9rer de l&rsquo;original\/du contenu de livraison.<br \/>\n*Livraison gratuite pour les commandes sup\u00e9rieures \u00e0 CHF 250.-.<\/p>\n","protected":false},"excerpt":{"rendered":"<p>Arbo Red 1 x 150 g Une saveur intense \u00e0 un prix raisonnable Le tabac Arbo Red \u00e0 coupe fine s\u00e9duit par son ar\u00f4me puissant et cors\u00e9, ainsi que par son excellent rapport qualit\u00e9-prix. Ce m\u00e9lange de tabacs soigneusement \u00e9labor\u00e9 offre une exp\u00e9rience de fumage intense qui plaira autant aux fumeurs exp\u00e9riment\u00e9s qu&rsquo;aux connaisseurs attentifs [&hellip;]<\/p>\n","protected":false},"featured_media":217251,"template":"","meta":[],"product_brand":[5685],"product_cat":[1961,1888,1963,1964],"product_tag":[],"class_list":{"0":"post-217247","1":"product","2":"type-product","3":"status-publish","4":"has-post-thumbnail","6":"product_brand-arbo-feinschnitt","7":"product_cat-cigarettes-self-made-fr-2","8":"product_cat-tabac","9":"product_cat-tabac-a-cigarettes","10":"product_cat-tabac-a-cigarettes-fr","12":"first","13":"onbackorder","14":"featured","15":"purchasable","16":"product-type-simple"},"yoast_head":"<!-- This site is optimized with the Yoast SEO plugin v27.0 - https:\/\/yoast.com\/product\/yoast-seo-wordpress\/ -->\n<title>Achetez du tabac Arbo Red \u00e0 coupe fine | Commandez du tabac \u00e0 rouler en ligne \u00e0 prix avantageux<\/title>\n<meta name=\"description\" content=\"Achetez en ligne du tabac \u00e0 rouler Arbo Red \u00e0 coupe fine \u00e0 prix abordable \u2713 Saveur intense \u2713 Id\u00e9al pour rouler \u2713 Excellent rapport qualit\u00e9-prix \u2713 Commandez d\u00e8s maintenant\" \/>\n<meta name=\"robots\" content=\"index, follow, max-snippet:-1, max-image-preview:large, max-video-preview:-1\" \/>\n<link rel=\"canonical\" href=\"https:\/\/www.tabakversand.ch\/produit\/arbo-red-feinschnitt\/\" \/>\n<meta property=\"og:locale\" content=\"fr_FR\" \/>\n<meta property=\"og:type\" content=\"article\" \/>\n<meta property=\"og:title\" content=\"Achetez du tabac Arbo Red \u00e0 coupe fine | Commandez du tabac \u00e0 rouler en ligne \u00e0 prix avantageux\" \/>\n<meta property=\"og:description\" content=\"Achetez en ligne du tabac \u00e0 rouler Arbo Red \u00e0 coupe fine \u00e0 prix abordable \u2713 Saveur intense \u2713 Id\u00e9al pour rouler \u2713 Excellent rapport qualit\u00e9-prix \u2713 Commandez d\u00e8s maintenant\" \/>\n<meta property=\"og:url\" content=\"https:\/\/www.tabakversand.ch\/produit\/arbo-red-feinschnitt\/\" \/>\n<meta property=\"og:site_name\" content=\"Tabakversand.ch | Alles aus der Welt des Tabaks\" \/>\n<meta property=\"article:modified_time\" content=\"2026-04-08T08:42:36+00:00\" \/>\n<meta property=\"og:image\" content=\"https:\/\/www.tabakversand.ch\/wp-content\/uploads\/2026\/04\/arbo-red_.jpg\" \/>\n\t<meta property=\"og:image:width\" content=\"500\" \/>\n\t<meta property=\"og:image:height\" content=\"500\" \/>\n\t<meta property=\"og:image:type\" content=\"image\/jpeg\" \/>\n<meta name=\"twitter:card\" content=\"summary_large_image\" \/>\n<meta name=\"twitter:label1\" content=\"Dur\u00e9e de lecture estim\u00e9e\" \/>\n\t<meta name=\"twitter:data1\" content=\"3 minutes\" \/>\n<script type=\"application\/ld+json\" class=\"yoast-schema-graph\">{\"@context\":\"https:\/\/schema.org\",\"@graph\":[{\"@type\":\"WebPage\",\"@id\":\"https:\/\/www.tabakversand.ch\/produit\/arbo-red-feinschnitt\/\",\"url\":\"https:\/\/www.tabakversand.ch\/produit\/arbo-red-feinschnitt\/\",\"name\":\"Achetez du tabac Arbo Red \u00e0 coupe fine | Commandez du tabac \u00e0 rouler en ligne \u00e0 prix avantageux\",\"isPartOf\":{\"@id\":\"https:\/\/www.tabakversand.ch\/#website\"},\"primaryImageOfPage\":{\"@id\":\"https:\/\/www.tabakversand.ch\/produit\/arbo-red-feinschnitt\/#primaryimage\"},\"image\":{\"@id\":\"https:\/\/www.tabakversand.ch\/produit\/arbo-red-feinschnitt\/#primaryimage\"},\"thumbnailUrl\":\"https:\/\/www.tabakversand.ch\/wp-content\/uploads\/2026\/04\/arbo-red_.jpg\",\"datePublished\":\"2026-04-08T08:27:35+00:00\",\"dateModified\":\"2026-04-08T08:42:36+00:00\",\"description\":\"Achetez en ligne du tabac \u00e0 rouler Arbo Red \u00e0 coupe fine \u00e0 prix abordable \u2713 Saveur intense \u2713 Id\u00e9al pour rouler \u2713 Excellent rapport qualit\u00e9-prix \u2713 Commandez d\u00e8s maintenant\",\"breadcrumb\":{\"@id\":\"https:\/\/www.tabakversand.ch\/produit\/arbo-red-feinschnitt\/#breadcrumb\"},\"inLanguage\":\"fr-FR\",\"potentialAction\":[{\"@type\":\"ReadAction\",\"target\":[\"https:\/\/www.tabakversand.ch\/produit\/arbo-red-feinschnitt\/\"]}]},{\"@type\":\"ImageObject\",\"inLanguage\":\"fr-FR\",\"@id\":\"https:\/\/www.tabakversand.ch\/produit\/arbo-red-feinschnitt\/#primaryimage\",\"url\":\"https:\/\/www.tabakversand.ch\/wp-content\/uploads\/2026\/04\/arbo-red_.jpg\",\"contentUrl\":\"https:\/\/www.tabakversand.ch\/wp-content\/uploads\/2026\/04\/arbo-red_.jpg\",\"width\":500,\"height\":500,\"caption\":\"Arbo Red | tabakversand.ch\"},{\"@type\":\"BreadcrumbList\",\"@id\":\"https:\/\/www.tabakversand.ch\/produit\/arbo-red-feinschnitt\/#breadcrumb\",\"itemListElement\":[{\"@type\":\"ListItem\",\"position\":1,\"name\":\"Startseite\",\"item\":\"https:\/\/www.tabakversand.ch\/\"},{\"@type\":\"ListItem\",\"position\":2,\"name\":\"Boutique\",\"item\":\"https:\/\/www.tabakversand.ch\/fr\/boutique\/\"},{\"@type\":\"ListItem\",\"position\":3,\"name\":\"Arbo Red\"}]},{\"@type\":\"WebSite\",\"@id\":\"https:\/\/www.tabakversand.ch\/#website\",\"url\":\"https:\/\/www.tabakversand.ch\/\",\"name\":\"Tabakversand.ch | Alles aus der Welt des Tabaks\",\"description\":\"Smoke and carpe diem\",\"potentialAction\":[{\"@type\":\"SearchAction\",\"target\":{\"@type\":\"EntryPoint\",\"urlTemplate\":\"https:\/\/www.tabakversand.ch\/?s={search_term_string}\"},\"query-input\":{\"@type\":\"PropertyValueSpecification\",\"valueRequired\":true,\"valueName\":\"search_term_string\"}}],\"inLanguage\":\"fr-FR\"}]}<\/script>\n<!-- \/ Yoast SEO plugin. -->","yoast_head_json":{"title":"Achetez du tabac Arbo Red \u00e0 coupe fine | Commandez du tabac \u00e0 rouler en ligne \u00e0 prix avantageux","description":"Achetez en ligne du tabac \u00e0 rouler Arbo Red \u00e0 coupe fine \u00e0 prix abordable \u2713 Saveur intense \u2713 Id\u00e9al pour rouler \u2713 Excellent rapport qualit\u00e9-prix \u2713 Commandez d\u00e8s maintenant","robots":{"index":"index","follow":"follow","max-snippet":"max-snippet:-1","max-image-preview":"max-image-preview:large","max-video-preview":"max-video-preview:-1"},"canonical":"https:\/\/www.tabakversand.ch\/produit\/arbo-red-feinschnitt\/","og_locale":"fr_FR","og_type":"article","og_title":"Achetez du tabac Arbo Red \u00e0 coupe fine | Commandez du tabac \u00e0 rouler en ligne \u00e0 prix avantageux","og_description":"Achetez en ligne du tabac \u00e0 rouler Arbo Red \u00e0 coupe fine \u00e0 prix abordable \u2713 Saveur intense \u2713 Id\u00e9al pour rouler \u2713 Excellent rapport qualit\u00e9-prix \u2713 Commandez d\u00e8s maintenant","og_url":"https:\/\/www.tabakversand.ch\/produit\/arbo-red-feinschnitt\/","og_site_name":"Tabakversand.ch | Alles aus der Welt des Tabaks","article_modified_time":"2026-04-08T08:42:36+00:00","og_image":[{"width":500,"height":500,"url":"https:\/\/www.tabakversand.ch\/wp-content\/uploads\/2026\/04\/arbo-red_.jpg","type":"image\/jpeg"}],"twitter_card":"summary_large_image","twitter_misc":{"Dur\u00e9e de lecture estim\u00e9e":"3 minutes"},"schema":{"@context":"https:\/\/schema.org","@graph":[{"@type":"WebPage","@id":"https:\/\/www.tabakversand.ch\/produit\/arbo-red-feinschnitt\/","url":"https:\/\/www.tabakversand.ch\/produit\/arbo-red-feinschnitt\/","name":"Achetez du tabac Arbo Red \u00e0 coupe fine | Commandez du tabac \u00e0 rouler en ligne \u00e0 prix avantageux","isPartOf":{"@id":"https:\/\/www.tabakversand.ch\/#website"},"primaryImageOfPage":{"@id":"https:\/\/www.tabakversand.ch\/produit\/arbo-red-feinschnitt\/#primaryimage"},"image":{"@id":"https:\/\/www.tabakversand.ch\/produit\/arbo-red-feinschnitt\/#primaryimage"},"thumbnailUrl":"https:\/\/www.tabakversand.ch\/wp-content\/uploads\/2026\/04\/arbo-red_.jpg","datePublished":"2026-04-08T08:27:35+00:00","dateModified":"2026-04-08T08:42:36+00:00","description":"Achetez en ligne du tabac \u00e0 rouler Arbo Red \u00e0 coupe fine \u00e0 prix abordable \u2713 Saveur intense \u2713 Id\u00e9al pour rouler \u2713 Excellent rapport qualit\u00e9-prix \u2713 Commandez d\u00e8s maintenant","breadcrumb":{"@id":"https:\/\/www.tabakversand.ch\/produit\/arbo-red-feinschnitt\/#breadcrumb"},"inLanguage":"fr-FR","potentialAction":[{"@type":"ReadAction","target":["https:\/\/www.tabakversand.ch\/produit\/arbo-red-feinschnitt\/"]}]},{"@type":"ImageObject","inLanguage":"fr-FR","@id":"https:\/\/www.tabakversand.ch\/produit\/arbo-red-feinschnitt\/#primaryimage","url":"https:\/\/www.tabakversand.ch\/wp-content\/uploads\/2026\/04\/arbo-red_.jpg","contentUrl":"https:\/\/www.tabakversand.ch\/wp-content\/uploads\/2026\/04\/arbo-red_.jpg","width":500,"height":500,"caption":"Arbo Red | tabakversand.ch"},{"@type":"BreadcrumbList","@id":"https:\/\/www.tabakversand.ch\/produit\/arbo-red-feinschnitt\/#breadcrumb","itemListElement":[{"@type":"ListItem","position":1,"name":"Startseite","item":"https:\/\/www.tabakversand.ch\/"},{"@type":"ListItem","position":2,"name":"Boutique","item":"https:\/\/www.tabakversand.ch\/fr\/boutique\/"},{"@type":"ListItem","position":3,"name":"Arbo Red"}]},{"@type":"WebSite","@id":"https:\/\/www.tabakversand.ch\/#website","url":"https:\/\/www.tabakversand.ch\/","name":"Tabakversand.ch | Alles aus der Welt des Tabaks","description":"Smoke and carpe diem","potentialAction":[{"@type":"SearchAction","target":{"@type":"EntryPoint","urlTemplate":"https:\/\/www.tabakversand.ch\/?s={search_term_string}"},"query-input":{"@type":"PropertyValueSpecification","valueRequired":true,"valueName":"search_term_string"}}],"inLanguage":"fr-FR"}]}},"_links":{"self":[{"href":"https:\/\/www.tabakversand.ch\/fr\/wp-json\/wp\/v2\/product\/217247","targetHints":{"allow":["GET"]}}],"collection":[{"href":"https:\/\/www.tabakversand.ch\/fr\/wp-json\/wp\/v2\/product"}],"about":[{"href":"https:\/\/www.tabakversand.ch\/fr\/wp-json\/wp\/v2\/types\/product"}],"version-history":[{"count":3,"href":"https:\/\/www.tabakversand.ch\/fr\/wp-json\/wp\/v2\/product\/217247\/revisions"}],"predecessor-version":[{"id":217261,"href":"https:\/\/www.tabakversand.ch\/fr\/wp-json\/wp\/v2\/product\/217247\/revisions\/217261"}],"wp:featuredmedia":[{"embeddable":true,"href":"https:\/\/www.tabakversand.ch\/fr\/wp-json\/wp\/v2\/media\/217251"}],"wp:attachment":[{"href":"https:\/\/www.tabakversand.ch\/fr\/wp-json\/wp\/v2\/media?parent=217247"}],"wp:term":[{"taxonomy":"product_brand","embeddable":true,"href":"https:\/\/www.tabakversand.ch\/fr\/wp-json\/wp\/v2\/product_brand?post=217247"},{"taxonomy":"product_cat","embeddable":true,"href":"https:\/\/www.tabakversand.ch\/fr\/wp-json\/wp\/v2\/product_cat?post=217247"},{"taxonomy":"product_tag","embeddable":true,"href":"https:\/\/www.tabakversand.ch\/fr\/wp-json\/wp\/v2\/product_tag?post=217247"}],"curies":[{"name":"wp","href":"https:\/\/api.w.org\/{rel}","templated":true}]}}