{"id":57112,"date":"2022-04-02T11:46:13","date_gmt":"2022-04-02T09:46:13","guid":{"rendered":"http:\/\/www.tabakversand.ch\/produkt\/social-smoke-melon-rush-hookah-tabac-1000-gr\/"},"modified":"2024-12-23T16:34:18","modified_gmt":"2024-12-23T15:34:18","slug":"social-fumee-melon-rush-chicha-tabac-1000-gr","status":"publish","type":"product","link":"https:\/\/www.tabakversand.ch\/fr\/produit\/social-fumee-melon-rush-chicha-tabac-1000-gr\/","title":{"rendered":"Social Smoke Melon Rush Hookah Tabac 1000 gr."},"content":{"rendered":"<p>Social Smoke Melon Rush Hookah Tabac 1000 gr.<\/p>\n<p>Un m\u00e9lange de saveur rafra\u00eechissant de melon miellat croquant et de baies assorties.<\/p>\n<table style=\"width: 225px;\" border=\"0\" cellspacing=\"3\" cellpadding=\"0\">\n<tbody>\n<tr>\n<td style=\"width: 118px;\">Contenu<\/td>\n<td style=\"width: 101px;\">1000 gr.<\/td>\n<\/tr>\n<tr>\n<td style=\"width: 118px;\">Le go\u00fbt<\/td>\n<td style=\"width: 101px;\">M\u00e9lange de fruits<\/td>\n<\/tr>\n<\/tbody>\n<\/table>\n<p>Tous les prix s&rsquo;appliquent uniquement aux commandes en ligne et incluent la TVA et sont sujets \u00e0 changement plus les frais d&rsquo;exp\u00e9dition. Sous r\u00e9serve d&rsquo;erreurs, de modifications de l&rsquo;\u00e9tendue de la livraison et de la conception, d&rsquo;erreurs d&rsquo;impression et de modifications de prix. Les prix barr\u00e9s sont plut\u00f4t des prix. L&rsquo;illustration peut diff\u00e9rer de l&rsquo;original\/de l&rsquo;\u00e9tendue de la livraison. *Livraison gratuite pour les commandes sup\u00e9rieures \u00e0 CHF 250.     <\/p>\n","protected":false},"excerpt":{"rendered":"<p>Social Smoke Melon Rush Hookah Tabac 1000 gr. Un m\u00e9lange de saveur rafra\u00eechissant de melon miellat croquant et de baies assorties. Contenu 1000 gr. Le go\u00fbt M\u00e9lange de fruits Tous les prix s&rsquo;appliquent uniquement aux commandes en ligne et incluent la TVA et sont sujets \u00e0 changement plus les frais d&rsquo;exp\u00e9dition. Sous r\u00e9serve d&rsquo;erreurs, de [&hellip;]<\/p>\n","protected":false},"featured_media":157562,"template":"","meta":[],"product_brand":[1790],"product_cat":[1897,1896,1891,1880,1888,1883],"product_tag":[],"class_list":{"0":"post-57112","1":"product","2":"type-product","3":"status-publish","4":"has-post-thumbnail","6":"product_brand-social-smoke","7":"product_cat-fumee-sociale","8":"product_cat-fumee-sociale-shishatabak","9":"product_cat-narguile","10":"product_cat-shishatabak-fr","11":"product_cat-tabac","12":"product_cat-tabac-de-narguile-tabac-de-narguile","14":"first","15":"onbackorder","16":"purchasable","17":"product-type-simple"},"yoast_head":"<!-- This site is optimized with the Yoast SEO plugin v27.0 - https:\/\/yoast.com\/product\/yoast-seo-wordpress\/ -->\n<title>Social Smoke Melon Rush Hookah Tabac 1000 gr. - Tabakversand.ch | Alles aus der Welt des Tabaks<\/title>\n<meta name=\"description\" content=\"Social Smoke Melon Rush Hookah Tabac 1000 gr. | Un grand choix de produits du tabac dans toute la Suisse | Cartes accept\u00e9es!\" \/>\n<meta name=\"robots\" content=\"index, follow, max-snippet:-1, max-image-preview:large, max-video-preview:-1\" \/>\n<link rel=\"canonical\" href=\"https:\/\/www.tabakversand.ch\/fr\/produit\/social-fumee-melon-rush-chicha-tabac-1000-gr\/\" \/>\n<meta property=\"og:locale\" content=\"fr_FR\" \/>\n<meta property=\"og:type\" content=\"article\" \/>\n<meta property=\"og:title\" content=\"Social Smoke Melon Rush Hookah Tabac 1000 gr. - Tabakversand.ch | Alles aus der Welt des Tabaks\" \/>\n<meta property=\"og:description\" content=\"Social Smoke Melon Rush Hookah Tabac 1000 gr. | Un grand choix de produits du tabac dans toute la Suisse | Cartes accept\u00e9es!\" \/>\n<meta property=\"og:url\" content=\"https:\/\/www.tabakversand.ch\/fr\/produit\/social-fumee-melon-rush-chicha-tabac-1000-gr\/\" \/>\n<meta property=\"og:site_name\" content=\"Tabakversand.ch | Alles aus der Welt des Tabaks\" \/>\n<meta property=\"article:modified_time\" content=\"2024-12-23T15:34:18+00:00\" \/>\n<meta property=\"og:image\" content=\"https:\/\/www.tabakversand.ch\/wp-content\/uploads\/2022\/04\/social-smoke-melon-rush-1kg-.jpg\" \/>\n\t<meta property=\"og:image:width\" content=\"500\" \/>\n\t<meta property=\"og:image:height\" content=\"500\" \/>\n\t<meta property=\"og:image:type\" content=\"image\/jpeg\" \/>\n<meta name=\"twitter:card\" content=\"summary_large_image\" \/>\n<meta name=\"twitter:label1\" content=\"Dur\u00e9e de lecture estim\u00e9e\" \/>\n\t<meta name=\"twitter:data1\" content=\"1 minute\" \/>\n<script type=\"application\/ld+json\" class=\"yoast-schema-graph\">{\"@context\":\"https:\/\/schema.org\",\"@graph\":[{\"@type\":\"WebPage\",\"@id\":\"https:\/\/www.tabakversand.ch\/fr\/produit\/social-fumee-melon-rush-chicha-tabac-1000-gr\/\",\"url\":\"https:\/\/www.tabakversand.ch\/fr\/produit\/social-fumee-melon-rush-chicha-tabac-1000-gr\/\",\"name\":\"Social Smoke Melon Rush Hookah Tabac 1000 gr. - Tabakversand.ch | Alles aus der Welt des Tabaks\",\"isPartOf\":{\"@id\":\"https:\/\/www.tabakversand.ch\/#website\"},\"primaryImageOfPage\":{\"@id\":\"https:\/\/www.tabakversand.ch\/fr\/produit\/social-fumee-melon-rush-chicha-tabac-1000-gr\/#primaryimage\"},\"image\":{\"@id\":\"https:\/\/www.tabakversand.ch\/fr\/produit\/social-fumee-melon-rush-chicha-tabac-1000-gr\/#primaryimage\"},\"thumbnailUrl\":\"https:\/\/www.tabakversand.ch\/wp-content\/uploads\/2022\/04\/social-smoke-melon-rush-1kg-.jpg\",\"datePublished\":\"2022-04-02T09:46:13+00:00\",\"dateModified\":\"2024-12-23T15:34:18+00:00\",\"description\":\"Social Smoke Melon Rush Hookah Tabac 1000 gr. | Un grand choix de produits du tabac dans toute la Suisse | Cartes accept\u00e9es!\",\"breadcrumb\":{\"@id\":\"https:\/\/www.tabakversand.ch\/fr\/produit\/social-fumee-melon-rush-chicha-tabac-1000-gr\/#breadcrumb\"},\"inLanguage\":\"fr-FR\",\"potentialAction\":[{\"@type\":\"ReadAction\",\"target\":[\"https:\/\/www.tabakversand.ch\/fr\/produit\/social-fumee-melon-rush-chicha-tabac-1000-gr\/\"]}]},{\"@type\":\"ImageObject\",\"inLanguage\":\"fr-FR\",\"@id\":\"https:\/\/www.tabakversand.ch\/fr\/produit\/social-fumee-melon-rush-chicha-tabac-1000-gr\/#primaryimage\",\"url\":\"https:\/\/www.tabakversand.ch\/wp-content\/uploads\/2022\/04\/social-smoke-melon-rush-1kg-.jpg\",\"contentUrl\":\"https:\/\/www.tabakversand.ch\/wp-content\/uploads\/2022\/04\/social-smoke-melon-rush-1kg-.jpg\",\"width\":500,\"height\":500,\"caption\":\"Social Smoke Melon Rush Shisha Tabak 1000 gr.\"},{\"@type\":\"BreadcrumbList\",\"@id\":\"https:\/\/www.tabakversand.ch\/fr\/produit\/social-fumee-melon-rush-chicha-tabac-1000-gr\/#breadcrumb\",\"itemListElement\":[{\"@type\":\"ListItem\",\"position\":1,\"name\":\"Startseite\",\"item\":\"https:\/\/www.tabakversand.ch\/\"},{\"@type\":\"ListItem\",\"position\":2,\"name\":\"Boutique\",\"item\":\"https:\/\/www.tabakversand.ch\/fr\/boutique\/\"},{\"@type\":\"ListItem\",\"position\":3,\"name\":\"Social Smoke Melon Rush Hookah Tabac 1000 gr.\"}]},{\"@type\":\"WebSite\",\"@id\":\"https:\/\/www.tabakversand.ch\/#website\",\"url\":\"https:\/\/www.tabakversand.ch\/\",\"name\":\"Tabakversand.ch | Alles aus der Welt des Tabaks\",\"description\":\"Smoke and carpe diem\",\"potentialAction\":[{\"@type\":\"SearchAction\",\"target\":{\"@type\":\"EntryPoint\",\"urlTemplate\":\"https:\/\/www.tabakversand.ch\/?s={search_term_string}\"},\"query-input\":{\"@type\":\"PropertyValueSpecification\",\"valueRequired\":true,\"valueName\":\"search_term_string\"}}],\"inLanguage\":\"fr-FR\"}]}<\/script>\n<!-- \/ Yoast SEO plugin. -->","yoast_head_json":{"title":"Social Smoke Melon Rush Hookah Tabac 1000 gr. - Tabakversand.ch | Alles aus der Welt des Tabaks","description":"Social Smoke Melon Rush Hookah Tabac 1000 gr. | Un grand choix de produits du tabac dans toute la Suisse | Cartes accept\u00e9es!","robots":{"index":"index","follow":"follow","max-snippet":"max-snippet:-1","max-image-preview":"max-image-preview:large","max-video-preview":"max-video-preview:-1"},"canonical":"https:\/\/www.tabakversand.ch\/fr\/produit\/social-fumee-melon-rush-chicha-tabac-1000-gr\/","og_locale":"fr_FR","og_type":"article","og_title":"Social Smoke Melon Rush Hookah Tabac 1000 gr. - Tabakversand.ch | Alles aus der Welt des Tabaks","og_description":"Social Smoke Melon Rush Hookah Tabac 1000 gr. | Un grand choix de produits du tabac dans toute la Suisse | Cartes accept\u00e9es!","og_url":"https:\/\/www.tabakversand.ch\/fr\/produit\/social-fumee-melon-rush-chicha-tabac-1000-gr\/","og_site_name":"Tabakversand.ch | Alles aus der Welt des Tabaks","article_modified_time":"2024-12-23T15:34:18+00:00","og_image":[{"width":500,"height":500,"url":"https:\/\/www.tabakversand.ch\/wp-content\/uploads\/2022\/04\/social-smoke-melon-rush-1kg-.jpg","type":"image\/jpeg"}],"twitter_card":"summary_large_image","twitter_misc":{"Dur\u00e9e de lecture estim\u00e9e":"1 minute"},"schema":{"@context":"https:\/\/schema.org","@graph":[{"@type":"WebPage","@id":"https:\/\/www.tabakversand.ch\/fr\/produit\/social-fumee-melon-rush-chicha-tabac-1000-gr\/","url":"https:\/\/www.tabakversand.ch\/fr\/produit\/social-fumee-melon-rush-chicha-tabac-1000-gr\/","name":"Social Smoke Melon Rush Hookah Tabac 1000 gr. - Tabakversand.ch | Alles aus der Welt des Tabaks","isPartOf":{"@id":"https:\/\/www.tabakversand.ch\/#website"},"primaryImageOfPage":{"@id":"https:\/\/www.tabakversand.ch\/fr\/produit\/social-fumee-melon-rush-chicha-tabac-1000-gr\/#primaryimage"},"image":{"@id":"https:\/\/www.tabakversand.ch\/fr\/produit\/social-fumee-melon-rush-chicha-tabac-1000-gr\/#primaryimage"},"thumbnailUrl":"https:\/\/www.tabakversand.ch\/wp-content\/uploads\/2022\/04\/social-smoke-melon-rush-1kg-.jpg","datePublished":"2022-04-02T09:46:13+00:00","dateModified":"2024-12-23T15:34:18+00:00","description":"Social Smoke Melon Rush Hookah Tabac 1000 gr. | Un grand choix de produits du tabac dans toute la Suisse | Cartes accept\u00e9es!","breadcrumb":{"@id":"https:\/\/www.tabakversand.ch\/fr\/produit\/social-fumee-melon-rush-chicha-tabac-1000-gr\/#breadcrumb"},"inLanguage":"fr-FR","potentialAction":[{"@type":"ReadAction","target":["https:\/\/www.tabakversand.ch\/fr\/produit\/social-fumee-melon-rush-chicha-tabac-1000-gr\/"]}]},{"@type":"ImageObject","inLanguage":"fr-FR","@id":"https:\/\/www.tabakversand.ch\/fr\/produit\/social-fumee-melon-rush-chicha-tabac-1000-gr\/#primaryimage","url":"https:\/\/www.tabakversand.ch\/wp-content\/uploads\/2022\/04\/social-smoke-melon-rush-1kg-.jpg","contentUrl":"https:\/\/www.tabakversand.ch\/wp-content\/uploads\/2022\/04\/social-smoke-melon-rush-1kg-.jpg","width":500,"height":500,"caption":"Social Smoke Melon Rush Shisha Tabak 1000 gr."},{"@type":"BreadcrumbList","@id":"https:\/\/www.tabakversand.ch\/fr\/produit\/social-fumee-melon-rush-chicha-tabac-1000-gr\/#breadcrumb","itemListElement":[{"@type":"ListItem","position":1,"name":"Startseite","item":"https:\/\/www.tabakversand.ch\/"},{"@type":"ListItem","position":2,"name":"Boutique","item":"https:\/\/www.tabakversand.ch\/fr\/boutique\/"},{"@type":"ListItem","position":3,"name":"Social Smoke Melon Rush Hookah Tabac 1000 gr."}]},{"@type":"WebSite","@id":"https:\/\/www.tabakversand.ch\/#website","url":"https:\/\/www.tabakversand.ch\/","name":"Tabakversand.ch | Alles aus der Welt des Tabaks","description":"Smoke and carpe diem","potentialAction":[{"@type":"SearchAction","target":{"@type":"EntryPoint","urlTemplate":"https:\/\/www.tabakversand.ch\/?s={search_term_string}"},"query-input":{"@type":"PropertyValueSpecification","valueRequired":true,"valueName":"search_term_string"}}],"inLanguage":"fr-FR"}]}},"_links":{"self":[{"href":"https:\/\/www.tabakversand.ch\/fr\/wp-json\/wp\/v2\/product\/57112","targetHints":{"allow":["GET"]}}],"collection":[{"href":"https:\/\/www.tabakversand.ch\/fr\/wp-json\/wp\/v2\/product"}],"about":[{"href":"https:\/\/www.tabakversand.ch\/fr\/wp-json\/wp\/v2\/types\/product"}],"version-history":[{"count":1,"href":"https:\/\/www.tabakversand.ch\/fr\/wp-json\/wp\/v2\/product\/57112\/revisions"}],"predecessor-version":[{"id":164706,"href":"https:\/\/www.tabakversand.ch\/fr\/wp-json\/wp\/v2\/product\/57112\/revisions\/164706"}],"wp:featuredmedia":[{"embeddable":true,"href":"https:\/\/www.tabakversand.ch\/fr\/wp-json\/wp\/v2\/media\/157562"}],"wp:attachment":[{"href":"https:\/\/www.tabakversand.ch\/fr\/wp-json\/wp\/v2\/media?parent=57112"}],"wp:term":[{"taxonomy":"product_brand","embeddable":true,"href":"https:\/\/www.tabakversand.ch\/fr\/wp-json\/wp\/v2\/product_brand?post=57112"},{"taxonomy":"product_cat","embeddable":true,"href":"https:\/\/www.tabakversand.ch\/fr\/wp-json\/wp\/v2\/product_cat?post=57112"},{"taxonomy":"product_tag","embeddable":true,"href":"https:\/\/www.tabakversand.ch\/fr\/wp-json\/wp\/v2\/product_tag?post=57112"}],"curies":[{"name":"wp","href":"https:\/\/api.w.org\/{rel}","templated":true}]}}