{"id":57216,"date":"2022-04-02T11:46:04","date_gmt":"2022-04-02T09:46:04","guid":{"rendered":"http:\/\/www.tabakversand.ch\/produkt\/social-smoke-golden-delicious-apple-hookah-tabac-250-gr\/"},"modified":"2022-04-02T11:46:04","modified_gmt":"2022-04-02T09:46:04","slug":"social-fumee-dore-delicieux-pomme-chicha-tabac-250-gr","status":"publish","type":"product","link":"https:\/\/www.tabakversand.ch\/fr\/produit\/social-fumee-dore-delicieux-pomme-chicha-tabac-250-gr\/","title":{"rendered":"Social Smoke Golden Delicious Apple Hookah Tabac 250 gr."},"content":{"rendered":"<p>Social Smoke Golden Delicious Apple Hookah Tabac 250 gr.<\/p>\n<p>Laissez vos papilles se promener dans une oasis ensoleill\u00e9e d\u2019un verger de pommiers et prenez une bouch\u00e9e sucr\u00e9e et croquante.<\/p>\n<table style=\"width: 225px\" border=\"0\" cellspacing=\"3\" cellpadding=\"0\">\n<tbody>\n<tr>\n<td style=\"width: 118px\">Contenu<\/td>\n<td style=\"width: 101px\">250 gr.<\/td>\n<\/tr>\n<tr>\n<td style=\"width: 118px\">Go\u00fbter<\/td>\n<td style=\"width: 101px\">Pomme<\/td>\n<\/tr>\n<\/tbody>\n<\/table>\n<p>Tous les prix ne sont valables que pour les commandes en ligne et comprennent La TVA, sont sujettes \u00e0 changement plus la TVA. Frais d\u2019exp\u00e9dition. Erreurs, changements dans l\u2019\u00e9tendue de la livraison et de la conception, erreurs d\u2019impression et changements de prix r\u00e9serv\u00e9s. Les prix barr\u00e9s sont stattpreise. L\u2019illustration peut diff\u00e9rer de l\u2019original \/ de la port\u00e9e de la livraison.<br \/>\n*Livraison gratuite \u00e0 partir de CHF 250.- valeur de la commande.<\/p>\n","protected":false},"excerpt":{"rendered":"<p>Social Smoke Golden Delicious Apple Hookah Tabac 250 gr. Laissez vos papilles se promener dans une oasis ensoleill\u00e9e d\u2019un verger de pommiers et prenez une bouch\u00e9e sucr\u00e9e et croquante. Contenu 250 gr. Go\u00fbter Pomme Tous les prix ne sont valables que pour les commandes en ligne et comprennent La TVA, sont sujettes \u00e0 changement plus [&hellip;]<\/p>\n","protected":false},"featured_media":157535,"template":"","meta":[],"product_brand":[1790],"product_cat":[1891,1883,1897,1888,1880,1896],"product_tag":[],"class_list":{"0":"post-57216","1":"product","2":"type-product","3":"status-publish","4":"has-post-thumbnail","6":"product_brand-social-smoke","7":"product_cat-narguile","8":"product_cat-tabac-de-narguile-tabac-de-narguile","9":"product_cat-fumee-sociale","10":"product_cat-tabac","11":"product_cat-shishatabak-fr","12":"product_cat-fumee-sociale-shishatabak","14":"first","15":"onbackorder","16":"purchasable","17":"product-type-simple"},"yoast_head":"<!-- This site is optimized with the Yoast SEO plugin v27.0 - https:\/\/yoast.com\/product\/yoast-seo-wordpress\/ -->\n<title>Social Smoke Golden Delicious Apple Hookah Tabac 250 gr. - Tabakversand.ch | Alles aus der Welt des Tabaks<\/title>\n<meta name=\"robots\" content=\"index, follow, max-snippet:-1, max-image-preview:large, max-video-preview:-1\" \/>\n<link rel=\"canonical\" href=\"https:\/\/www.tabakversand.ch\/fr\/produit\/social-fumee-dore-delicieux-pomme-chicha-tabac-250-gr\/\" \/>\n<meta property=\"og:locale\" content=\"fr_FR\" \/>\n<meta property=\"og:type\" content=\"article\" \/>\n<meta property=\"og:title\" content=\"Social Smoke Golden Delicious Apple Hookah Tabac 250 gr. - Tabakversand.ch | Alles aus der Welt des Tabaks\" \/>\n<meta property=\"og:description\" content=\"Social Smoke Golden Delicious Apple Hookah Tabac 250 gr. Laissez vos papilles se promener dans une oasis ensoleill\u00e9e d\u2019un verger de pommiers et prenez une bouch\u00e9e sucr\u00e9e et croquante. Contenu 250 gr. Go\u00fbter Pomme Tous les prix ne sont valables que pour les commandes en ligne et comprennent La TVA, sont sujettes \u00e0 changement plus [&hellip;]\" \/>\n<meta property=\"og:url\" content=\"https:\/\/www.tabakversand.ch\/fr\/produit\/social-fumee-dore-delicieux-pomme-chicha-tabac-250-gr\/\" \/>\n<meta property=\"og:site_name\" content=\"Tabakversand.ch | Alles aus der Welt des Tabaks\" \/>\n<meta property=\"og:image\" content=\"https:\/\/www.tabakversand.ch\/wp-content\/uploads\/2022\/04\/social-smoke-golden-delicious-apple-250.jpg\" \/>\n\t<meta property=\"og:image:width\" content=\"500\" \/>\n\t<meta property=\"og:image:height\" content=\"500\" \/>\n\t<meta property=\"og:image:type\" content=\"image\/jpeg\" \/>\n<meta name=\"twitter:card\" content=\"summary_large_image\" \/>\n<meta name=\"twitter:label1\" content=\"Dur\u00e9e de lecture estim\u00e9e\" \/>\n\t<meta name=\"twitter:data1\" content=\"1 minute\" \/>\n<script type=\"application\/ld+json\" class=\"yoast-schema-graph\">{\"@context\":\"https:\/\/schema.org\",\"@graph\":[{\"@type\":\"WebPage\",\"@id\":\"https:\/\/www.tabakversand.ch\/fr\/produit\/social-fumee-dore-delicieux-pomme-chicha-tabac-250-gr\/\",\"url\":\"https:\/\/www.tabakversand.ch\/fr\/produit\/social-fumee-dore-delicieux-pomme-chicha-tabac-250-gr\/\",\"name\":\"Social Smoke Golden Delicious Apple Hookah Tabac 250 gr. - Tabakversand.ch | Alles aus der Welt des Tabaks\",\"isPartOf\":{\"@id\":\"https:\/\/www.tabakversand.ch\/#website\"},\"primaryImageOfPage\":{\"@id\":\"https:\/\/www.tabakversand.ch\/fr\/produit\/social-fumee-dore-delicieux-pomme-chicha-tabac-250-gr\/#primaryimage\"},\"image\":{\"@id\":\"https:\/\/www.tabakversand.ch\/fr\/produit\/social-fumee-dore-delicieux-pomme-chicha-tabac-250-gr\/#primaryimage\"},\"thumbnailUrl\":\"https:\/\/www.tabakversand.ch\/wp-content\/uploads\/2022\/04\/social-smoke-golden-delicious-apple-250.jpg\",\"datePublished\":\"2022-04-02T09:46:04+00:00\",\"breadcrumb\":{\"@id\":\"https:\/\/www.tabakversand.ch\/fr\/produit\/social-fumee-dore-delicieux-pomme-chicha-tabac-250-gr\/#breadcrumb\"},\"inLanguage\":\"fr-FR\",\"potentialAction\":[{\"@type\":\"ReadAction\",\"target\":[\"https:\/\/www.tabakversand.ch\/fr\/produit\/social-fumee-dore-delicieux-pomme-chicha-tabac-250-gr\/\"]}]},{\"@type\":\"ImageObject\",\"inLanguage\":\"fr-FR\",\"@id\":\"https:\/\/www.tabakversand.ch\/fr\/produit\/social-fumee-dore-delicieux-pomme-chicha-tabac-250-gr\/#primaryimage\",\"url\":\"https:\/\/www.tabakversand.ch\/wp-content\/uploads\/2022\/04\/social-smoke-golden-delicious-apple-250.jpg\",\"contentUrl\":\"https:\/\/www.tabakversand.ch\/wp-content\/uploads\/2022\/04\/social-smoke-golden-delicious-apple-250.jpg\",\"width\":500,\"height\":500,\"caption\":\"Social Smoke Golden Delicious Apple Shisha Tabak 250 gr.\"},{\"@type\":\"BreadcrumbList\",\"@id\":\"https:\/\/www.tabakversand.ch\/fr\/produit\/social-fumee-dore-delicieux-pomme-chicha-tabac-250-gr\/#breadcrumb\",\"itemListElement\":[{\"@type\":\"ListItem\",\"position\":1,\"name\":\"Startseite\",\"item\":\"https:\/\/www.tabakversand.ch\/\"},{\"@type\":\"ListItem\",\"position\":2,\"name\":\"Boutique\",\"item\":\"https:\/\/www.tabakversand.ch\/fr\/boutique\/\"},{\"@type\":\"ListItem\",\"position\":3,\"name\":\"Social Smoke Golden Delicious Apple Hookah Tabac 250 gr.\"}]},{\"@type\":\"WebSite\",\"@id\":\"https:\/\/www.tabakversand.ch\/#website\",\"url\":\"https:\/\/www.tabakversand.ch\/\",\"name\":\"Tabakversand.ch | Alles aus der Welt des Tabaks\",\"description\":\"Smoke and carpe diem\",\"potentialAction\":[{\"@type\":\"SearchAction\",\"target\":{\"@type\":\"EntryPoint\",\"urlTemplate\":\"https:\/\/www.tabakversand.ch\/?s={search_term_string}\"},\"query-input\":{\"@type\":\"PropertyValueSpecification\",\"valueRequired\":true,\"valueName\":\"search_term_string\"}}],\"inLanguage\":\"fr-FR\"}]}<\/script>\n<!-- \/ Yoast SEO plugin. -->","yoast_head_json":{"title":"Social Smoke Golden Delicious Apple Hookah Tabac 250 gr. - Tabakversand.ch | Alles aus der Welt des Tabaks","robots":{"index":"index","follow":"follow","max-snippet":"max-snippet:-1","max-image-preview":"max-image-preview:large","max-video-preview":"max-video-preview:-1"},"canonical":"https:\/\/www.tabakversand.ch\/fr\/produit\/social-fumee-dore-delicieux-pomme-chicha-tabac-250-gr\/","og_locale":"fr_FR","og_type":"article","og_title":"Social Smoke Golden Delicious Apple Hookah Tabac 250 gr. - Tabakversand.ch | Alles aus der Welt des Tabaks","og_description":"Social Smoke Golden Delicious Apple Hookah Tabac 250 gr. Laissez vos papilles se promener dans une oasis ensoleill\u00e9e d\u2019un verger de pommiers et prenez une bouch\u00e9e sucr\u00e9e et croquante. Contenu 250 gr. Go\u00fbter Pomme Tous les prix ne sont valables que pour les commandes en ligne et comprennent La TVA, sont sujettes \u00e0 changement plus [&hellip;]","og_url":"https:\/\/www.tabakversand.ch\/fr\/produit\/social-fumee-dore-delicieux-pomme-chicha-tabac-250-gr\/","og_site_name":"Tabakversand.ch | Alles aus der Welt des Tabaks","og_image":[{"width":500,"height":500,"url":"https:\/\/www.tabakversand.ch\/wp-content\/uploads\/2022\/04\/social-smoke-golden-delicious-apple-250.jpg","type":"image\/jpeg"}],"twitter_card":"summary_large_image","twitter_misc":{"Dur\u00e9e de lecture estim\u00e9e":"1 minute"},"schema":{"@context":"https:\/\/schema.org","@graph":[{"@type":"WebPage","@id":"https:\/\/www.tabakversand.ch\/fr\/produit\/social-fumee-dore-delicieux-pomme-chicha-tabac-250-gr\/","url":"https:\/\/www.tabakversand.ch\/fr\/produit\/social-fumee-dore-delicieux-pomme-chicha-tabac-250-gr\/","name":"Social Smoke Golden Delicious Apple Hookah Tabac 250 gr. - Tabakversand.ch | Alles aus der Welt des Tabaks","isPartOf":{"@id":"https:\/\/www.tabakversand.ch\/#website"},"primaryImageOfPage":{"@id":"https:\/\/www.tabakversand.ch\/fr\/produit\/social-fumee-dore-delicieux-pomme-chicha-tabac-250-gr\/#primaryimage"},"image":{"@id":"https:\/\/www.tabakversand.ch\/fr\/produit\/social-fumee-dore-delicieux-pomme-chicha-tabac-250-gr\/#primaryimage"},"thumbnailUrl":"https:\/\/www.tabakversand.ch\/wp-content\/uploads\/2022\/04\/social-smoke-golden-delicious-apple-250.jpg","datePublished":"2022-04-02T09:46:04+00:00","breadcrumb":{"@id":"https:\/\/www.tabakversand.ch\/fr\/produit\/social-fumee-dore-delicieux-pomme-chicha-tabac-250-gr\/#breadcrumb"},"inLanguage":"fr-FR","potentialAction":[{"@type":"ReadAction","target":["https:\/\/www.tabakversand.ch\/fr\/produit\/social-fumee-dore-delicieux-pomme-chicha-tabac-250-gr\/"]}]},{"@type":"ImageObject","inLanguage":"fr-FR","@id":"https:\/\/www.tabakversand.ch\/fr\/produit\/social-fumee-dore-delicieux-pomme-chicha-tabac-250-gr\/#primaryimage","url":"https:\/\/www.tabakversand.ch\/wp-content\/uploads\/2022\/04\/social-smoke-golden-delicious-apple-250.jpg","contentUrl":"https:\/\/www.tabakversand.ch\/wp-content\/uploads\/2022\/04\/social-smoke-golden-delicious-apple-250.jpg","width":500,"height":500,"caption":"Social Smoke Golden Delicious Apple Shisha Tabak 250 gr."},{"@type":"BreadcrumbList","@id":"https:\/\/www.tabakversand.ch\/fr\/produit\/social-fumee-dore-delicieux-pomme-chicha-tabac-250-gr\/#breadcrumb","itemListElement":[{"@type":"ListItem","position":1,"name":"Startseite","item":"https:\/\/www.tabakversand.ch\/"},{"@type":"ListItem","position":2,"name":"Boutique","item":"https:\/\/www.tabakversand.ch\/fr\/boutique\/"},{"@type":"ListItem","position":3,"name":"Social Smoke Golden Delicious Apple Hookah Tabac 250 gr."}]},{"@type":"WebSite","@id":"https:\/\/www.tabakversand.ch\/#website","url":"https:\/\/www.tabakversand.ch\/","name":"Tabakversand.ch | Alles aus der Welt des Tabaks","description":"Smoke and carpe diem","potentialAction":[{"@type":"SearchAction","target":{"@type":"EntryPoint","urlTemplate":"https:\/\/www.tabakversand.ch\/?s={search_term_string}"},"query-input":{"@type":"PropertyValueSpecification","valueRequired":true,"valueName":"search_term_string"}}],"inLanguage":"fr-FR"}]}},"_links":{"self":[{"href":"https:\/\/www.tabakversand.ch\/fr\/wp-json\/wp\/v2\/product\/57216","targetHints":{"allow":["GET"]}}],"collection":[{"href":"https:\/\/www.tabakversand.ch\/fr\/wp-json\/wp\/v2\/product"}],"about":[{"href":"https:\/\/www.tabakversand.ch\/fr\/wp-json\/wp\/v2\/types\/product"}],"version-history":[{"count":0,"href":"https:\/\/www.tabakversand.ch\/fr\/wp-json\/wp\/v2\/product\/57216\/revisions"}],"wp:featuredmedia":[{"embeddable":true,"href":"https:\/\/www.tabakversand.ch\/fr\/wp-json\/wp\/v2\/media\/157535"}],"wp:attachment":[{"href":"https:\/\/www.tabakversand.ch\/fr\/wp-json\/wp\/v2\/media?parent=57216"}],"wp:term":[{"taxonomy":"product_brand","embeddable":true,"href":"https:\/\/www.tabakversand.ch\/fr\/wp-json\/wp\/v2\/product_brand?post=57216"},{"taxonomy":"product_cat","embeddable":true,"href":"https:\/\/www.tabakversand.ch\/fr\/wp-json\/wp\/v2\/product_cat?post=57216"},{"taxonomy":"product_tag","embeddable":true,"href":"https:\/\/www.tabakversand.ch\/fr\/wp-json\/wp\/v2\/product_tag?post=57216"}],"curies":[{"name":"wp","href":"https:\/\/api.w.org\/{rel}","templated":true}]}}