{"id":57287,"date":"2025-07-13T08:15:01","date_gmt":"2025-07-13T06:15:01","guid":{"rendered":"http:\/\/www.tabakversand.ch\/produkt\/izy-one-800-sans-glace-a-la-mangue-a-la-nicotine\/"},"modified":"2025-09-10T11:35:36","modified_gmt":"2025-09-10T09:35:36","slug":"machine-a-bourrer-electronique-powermatic-5-anthracite","status":"publish","type":"product","link":"https:\/\/www.tabakversand.ch\/fr\/produit\/machine-a-bourrer-electronique-powermatic-5-anthracite\/","title":{"rendered":"Machine \u00e0 bourrer \u00e9lectronique Powermatic 5+ Anthracite"},"content":{"rendered":"<p>Machine \u00e0 bourrer \u00e9lectronique Powermatic 5+ Anthracite<\/p>\n<p>La Powermatic 5+ est une remplisseuse enti\u00e8rement automatique pour usage domestique, con\u00e7ue pour r\u00e9pondre aux exigences les plus \u00e9lev\u00e9es en termes de confort et de pr\u00e9cision. Dot\u00e9e d&rsquo;un moteur puissant, d&rsquo;une alimentation automatique des tubes et d&rsquo;un broyeur de tabac int\u00e9gr\u00e9 \u00e0 la tr\u00e9mie, elle fournit des cigarettes parfaitement remplies en quelques secondes. <\/p>\n<p>Gr\u00e2ce \u00e0 son utilisation intuitive et conviviale, ce mod\u00e8le convient aussi bien aux d\u00e9butants qu&rsquo;aux utilisateurs exp\u00e9riment\u00e9s. Le Powermatic 5+ \u00e9lectrique impressionne par sa distribution uniforme du tabac, son design ergonomique et sa construction robuste, pour une utilisation longue dur\u00e9e sans perte de qualit\u00e9. <\/p>\n<p>Points forts:<\/p>\n<ul>\n<li>Fonctionnement enti\u00e8rement automatique<\/li>\n<li>Broyeur int\u00e9gr\u00e9 pour diff\u00e9rents types de tabac<\/li>\n<li>Alimentateur automatique de noyaux<\/li>\n<li>Rapide, propre et efficace<\/li>\n<\/ul>\n<p>&nbsp;<\/p>\n<p>Tous les prix s&rsquo;appliquent uniquement aux commandes en ligne et incluent la TVA. Sous r\u00e9serve de modifications sans pr\u00e9avis, frais de livraison en sus. Sous r\u00e9serve d&rsquo;erreurs, de modifications de contenu de livraison et de conception, de fautes d&rsquo;impression et de modifications de prix. Les prix barr\u00e9s sont des prix de remplacement. Les illustrations peuvent diff\u00e9rer de l&rsquo;original\/du contenu de livraison.<br \/>\n*Livraison gratuite pour les commandes sup\u00e9rieures \u00e0 CHF 250.-.<\/p>\n","protected":false},"excerpt":{"rendered":"<p>Machine \u00e0 bourrer \u00e9lectronique Powermatic 5+ Anthracite La Powermatic 5+ est une remplisseuse enti\u00e8rement automatique pour usage domestique, con\u00e7ue pour r\u00e9pondre aux exigences les plus \u00e9lev\u00e9es en termes de confort et de pr\u00e9cision. Dot\u00e9e d&rsquo;un moteur puissant, d&rsquo;une alimentation automatique des tubes et d&rsquo;un broyeur de tabac int\u00e9gr\u00e9 \u00e0 la tr\u00e9mie, elle fournit des cigarettes [&hellip;]<\/p>\n","protected":false},"featured_media":187909,"template":"","meta":[],"product_brand":[],"product_cat":[1961,2019],"product_tag":[],"class_list":{"0":"post-57287","1":"product","2":"type-product","3":"status-publish","4":"has-post-thumbnail","6":"product_cat-cigarettes-self-made-fr-2","7":"product_cat-fabricant-de-cigarettes","9":"first","10":"onbackorder","11":"featured","12":"purchasable","13":"product-type-simple"},"yoast_head":"<!-- This site is optimized with the Yoast SEO plugin v27.0 - https:\/\/yoast.com\/product\/yoast-seo-wordpress\/ -->\n<title>Machine \u00e0 bourrer \u00e9lectronique Powermatic 5+ Anthracite<\/title>\n<meta name=\"description\" content=\"Machine de remplissage de cigarettes \u00e9lectroniques Powermatic 5+ Anthracite | Un grand choix de produits du tabac, de cigarettes \u00e9lectroniques et d&#039;accessoires pour fumeurs de qualit\u00e9 sup\u00e9rieure dans toute la Suisse | Cartes accept\u00e9es !\" \/>\n<meta name=\"robots\" content=\"index, follow, max-snippet:-1, max-image-preview:large, max-video-preview:-1\" \/>\n<link rel=\"canonical\" href=\"https:\/\/www.tabakversand.ch\/fr\/produit\/machine-a-bourrer-electronique-powermatic-5-anthracite\/\" \/>\n<meta property=\"og:locale\" content=\"fr_FR\" \/>\n<meta property=\"og:type\" content=\"article\" \/>\n<meta property=\"og:title\" content=\"Machine \u00e0 bourrer \u00e9lectronique Powermatic 5+ Anthracite\" \/>\n<meta property=\"og:description\" content=\"Machine de remplissage de cigarettes \u00e9lectroniques Powermatic 5+ Anthracite | Un grand choix de produits du tabac, de cigarettes \u00e9lectroniques et d&#039;accessoires pour fumeurs de qualit\u00e9 sup\u00e9rieure dans toute la Suisse | Cartes accept\u00e9es !\" \/>\n<meta property=\"og:url\" content=\"https:\/\/www.tabakversand.ch\/fr\/produit\/machine-a-bourrer-electronique-powermatic-5-anthracite\/\" \/>\n<meta property=\"og:site_name\" content=\"Tabakversand.ch | Alles aus der Welt des Tabaks\" \/>\n<meta property=\"article:modified_time\" content=\"2025-09-10T09:35:36+00:00\" \/>\n<meta property=\"og:image\" content=\"https:\/\/www.tabakversand.ch\/wp-content\/uploads\/2022\/04\/powermatic-5-anthrazit.jpg\" \/>\n\t<meta property=\"og:image:width\" content=\"500\" \/>\n\t<meta property=\"og:image:height\" content=\"500\" \/>\n\t<meta property=\"og:image:type\" content=\"image\/jpeg\" \/>\n<meta name=\"twitter:card\" content=\"summary_large_image\" \/>\n<meta name=\"twitter:label1\" content=\"Dur\u00e9e de lecture estim\u00e9e\" \/>\n\t<meta name=\"twitter:data1\" content=\"2 minutes\" \/>\n<script type=\"application\/ld+json\" class=\"yoast-schema-graph\">{\"@context\":\"https:\/\/schema.org\",\"@graph\":[{\"@type\":\"WebPage\",\"@id\":\"https:\/\/www.tabakversand.ch\/fr\/produit\/machine-a-bourrer-electronique-powermatic-5-anthracite\/\",\"url\":\"https:\/\/www.tabakversand.ch\/fr\/produit\/machine-a-bourrer-electronique-powermatic-5-anthracite\/\",\"name\":\"Machine \u00e0 bourrer \u00e9lectronique Powermatic 5+ Anthracite\",\"isPartOf\":{\"@id\":\"https:\/\/www.tabakversand.ch\/#website\"},\"primaryImageOfPage\":{\"@id\":\"https:\/\/www.tabakversand.ch\/fr\/produit\/machine-a-bourrer-electronique-powermatic-5-anthracite\/#primaryimage\"},\"image\":{\"@id\":\"https:\/\/www.tabakversand.ch\/fr\/produit\/machine-a-bourrer-electronique-powermatic-5-anthracite\/#primaryimage\"},\"thumbnailUrl\":\"https:\/\/www.tabakversand.ch\/wp-content\/uploads\/2022\/04\/powermatic-5-anthrazit.jpg\",\"datePublished\":\"2025-07-13T06:15:01+00:00\",\"dateModified\":\"2025-09-10T09:35:36+00:00\",\"description\":\"Machine de remplissage de cigarettes \u00e9lectroniques Powermatic 5+ Anthracite | Un grand choix de produits du tabac, de cigarettes \u00e9lectroniques et d'accessoires pour fumeurs de qualit\u00e9 sup\u00e9rieure dans toute la Suisse | Cartes accept\u00e9es !\",\"breadcrumb\":{\"@id\":\"https:\/\/www.tabakversand.ch\/fr\/produit\/machine-a-bourrer-electronique-powermatic-5-anthracite\/#breadcrumb\"},\"inLanguage\":\"fr-FR\",\"potentialAction\":[{\"@type\":\"ReadAction\",\"target\":[\"https:\/\/www.tabakversand.ch\/fr\/produit\/machine-a-bourrer-electronique-powermatic-5-anthracite\/\"]}]},{\"@type\":\"ImageObject\",\"inLanguage\":\"fr-FR\",\"@id\":\"https:\/\/www.tabakversand.ch\/fr\/produit\/machine-a-bourrer-electronique-powermatic-5-anthracite\/#primaryimage\",\"url\":\"https:\/\/www.tabakversand.ch\/wp-content\/uploads\/2022\/04\/powermatic-5-anthrazit.jpg\",\"contentUrl\":\"https:\/\/www.tabakversand.ch\/wp-content\/uploads\/2022\/04\/powermatic-5-anthrazit.jpg\",\"width\":500,\"height\":500,\"caption\":\"Remplisseuse de cigarettes \u00e9lectroniques Powermatic 5+ Anthracite | Tabakversand.ch\"},{\"@type\":\"BreadcrumbList\",\"@id\":\"https:\/\/www.tabakversand.ch\/fr\/produit\/machine-a-bourrer-electronique-powermatic-5-anthracite\/#breadcrumb\",\"itemListElement\":[{\"@type\":\"ListItem\",\"position\":1,\"name\":\"Startseite\",\"item\":\"https:\/\/www.tabakversand.ch\/\"},{\"@type\":\"ListItem\",\"position\":2,\"name\":\"Boutique\",\"item\":\"https:\/\/www.tabakversand.ch\/fr\/boutique\/\"},{\"@type\":\"ListItem\",\"position\":3,\"name\":\"Machine \u00e0 bourrer \u00e9lectronique Powermatic 5+ Anthracite\"}]},{\"@type\":\"WebSite\",\"@id\":\"https:\/\/www.tabakversand.ch\/#website\",\"url\":\"https:\/\/www.tabakversand.ch\/\",\"name\":\"Tabakversand.ch | Alles aus der Welt des Tabaks\",\"description\":\"Smoke and carpe diem\",\"potentialAction\":[{\"@type\":\"SearchAction\",\"target\":{\"@type\":\"EntryPoint\",\"urlTemplate\":\"https:\/\/www.tabakversand.ch\/?s={search_term_string}\"},\"query-input\":{\"@type\":\"PropertyValueSpecification\",\"valueRequired\":true,\"valueName\":\"search_term_string\"}}],\"inLanguage\":\"fr-FR\"}]}<\/script>\n<!-- \/ Yoast SEO plugin. -->","yoast_head_json":{"title":"Machine \u00e0 bourrer \u00e9lectronique Powermatic 5+ Anthracite","description":"Machine de remplissage de cigarettes \u00e9lectroniques Powermatic 5+ Anthracite | Un grand choix de produits du tabac, de cigarettes \u00e9lectroniques et d'accessoires pour fumeurs de qualit\u00e9 sup\u00e9rieure dans toute la Suisse | Cartes accept\u00e9es !","robots":{"index":"index","follow":"follow","max-snippet":"max-snippet:-1","max-image-preview":"max-image-preview:large","max-video-preview":"max-video-preview:-1"},"canonical":"https:\/\/www.tabakversand.ch\/fr\/produit\/machine-a-bourrer-electronique-powermatic-5-anthracite\/","og_locale":"fr_FR","og_type":"article","og_title":"Machine \u00e0 bourrer \u00e9lectronique Powermatic 5+ Anthracite","og_description":"Machine de remplissage de cigarettes \u00e9lectroniques Powermatic 5+ Anthracite | Un grand choix de produits du tabac, de cigarettes \u00e9lectroniques et d'accessoires pour fumeurs de qualit\u00e9 sup\u00e9rieure dans toute la Suisse | Cartes accept\u00e9es !","og_url":"https:\/\/www.tabakversand.ch\/fr\/produit\/machine-a-bourrer-electronique-powermatic-5-anthracite\/","og_site_name":"Tabakversand.ch | Alles aus der Welt des Tabaks","article_modified_time":"2025-09-10T09:35:36+00:00","og_image":[{"width":500,"height":500,"url":"https:\/\/www.tabakversand.ch\/wp-content\/uploads\/2022\/04\/powermatic-5-anthrazit.jpg","type":"image\/jpeg"}],"twitter_card":"summary_large_image","twitter_misc":{"Dur\u00e9e de lecture estim\u00e9e":"2 minutes"},"schema":{"@context":"https:\/\/schema.org","@graph":[{"@type":"WebPage","@id":"https:\/\/www.tabakversand.ch\/fr\/produit\/machine-a-bourrer-electronique-powermatic-5-anthracite\/","url":"https:\/\/www.tabakversand.ch\/fr\/produit\/machine-a-bourrer-electronique-powermatic-5-anthracite\/","name":"Machine \u00e0 bourrer \u00e9lectronique Powermatic 5+ Anthracite","isPartOf":{"@id":"https:\/\/www.tabakversand.ch\/#website"},"primaryImageOfPage":{"@id":"https:\/\/www.tabakversand.ch\/fr\/produit\/machine-a-bourrer-electronique-powermatic-5-anthracite\/#primaryimage"},"image":{"@id":"https:\/\/www.tabakversand.ch\/fr\/produit\/machine-a-bourrer-electronique-powermatic-5-anthracite\/#primaryimage"},"thumbnailUrl":"https:\/\/www.tabakversand.ch\/wp-content\/uploads\/2022\/04\/powermatic-5-anthrazit.jpg","datePublished":"2025-07-13T06:15:01+00:00","dateModified":"2025-09-10T09:35:36+00:00","description":"Machine de remplissage de cigarettes \u00e9lectroniques Powermatic 5+ Anthracite | Un grand choix de produits du tabac, de cigarettes \u00e9lectroniques et d'accessoires pour fumeurs de qualit\u00e9 sup\u00e9rieure dans toute la Suisse | Cartes accept\u00e9es !","breadcrumb":{"@id":"https:\/\/www.tabakversand.ch\/fr\/produit\/machine-a-bourrer-electronique-powermatic-5-anthracite\/#breadcrumb"},"inLanguage":"fr-FR","potentialAction":[{"@type":"ReadAction","target":["https:\/\/www.tabakversand.ch\/fr\/produit\/machine-a-bourrer-electronique-powermatic-5-anthracite\/"]}]},{"@type":"ImageObject","inLanguage":"fr-FR","@id":"https:\/\/www.tabakversand.ch\/fr\/produit\/machine-a-bourrer-electronique-powermatic-5-anthracite\/#primaryimage","url":"https:\/\/www.tabakversand.ch\/wp-content\/uploads\/2022\/04\/powermatic-5-anthrazit.jpg","contentUrl":"https:\/\/www.tabakversand.ch\/wp-content\/uploads\/2022\/04\/powermatic-5-anthrazit.jpg","width":500,"height":500,"caption":"Remplisseuse de cigarettes \u00e9lectroniques Powermatic 5+ Anthracite | Tabakversand.ch"},{"@type":"BreadcrumbList","@id":"https:\/\/www.tabakversand.ch\/fr\/produit\/machine-a-bourrer-electronique-powermatic-5-anthracite\/#breadcrumb","itemListElement":[{"@type":"ListItem","position":1,"name":"Startseite","item":"https:\/\/www.tabakversand.ch\/"},{"@type":"ListItem","position":2,"name":"Boutique","item":"https:\/\/www.tabakversand.ch\/fr\/boutique\/"},{"@type":"ListItem","position":3,"name":"Machine \u00e0 bourrer \u00e9lectronique Powermatic 5+ Anthracite"}]},{"@type":"WebSite","@id":"https:\/\/www.tabakversand.ch\/#website","url":"https:\/\/www.tabakversand.ch\/","name":"Tabakversand.ch | Alles aus der Welt des Tabaks","description":"Smoke and carpe diem","potentialAction":[{"@type":"SearchAction","target":{"@type":"EntryPoint","urlTemplate":"https:\/\/www.tabakversand.ch\/?s={search_term_string}"},"query-input":{"@type":"PropertyValueSpecification","valueRequired":true,"valueName":"search_term_string"}}],"inLanguage":"fr-FR"}]}},"_links":{"self":[{"href":"https:\/\/www.tabakversand.ch\/fr\/wp-json\/wp\/v2\/product\/57287","targetHints":{"allow":["GET"]}}],"collection":[{"href":"https:\/\/www.tabakversand.ch\/fr\/wp-json\/wp\/v2\/product"}],"about":[{"href":"https:\/\/www.tabakversand.ch\/fr\/wp-json\/wp\/v2\/types\/product"}],"version-history":[{"count":8,"href":"https:\/\/www.tabakversand.ch\/fr\/wp-json\/wp\/v2\/product\/57287\/revisions"}],"predecessor-version":[{"id":198450,"href":"https:\/\/www.tabakversand.ch\/fr\/wp-json\/wp\/v2\/product\/57287\/revisions\/198450"}],"wp:featuredmedia":[{"embeddable":true,"href":"https:\/\/www.tabakversand.ch\/fr\/wp-json\/wp\/v2\/media\/187909"}],"wp:attachment":[{"href":"https:\/\/www.tabakversand.ch\/fr\/wp-json\/wp\/v2\/media?parent=57287"}],"wp:term":[{"taxonomy":"product_brand","embeddable":true,"href":"https:\/\/www.tabakversand.ch\/fr\/wp-json\/wp\/v2\/product_brand?post=57287"},{"taxonomy":"product_cat","embeddable":true,"href":"https:\/\/www.tabakversand.ch\/fr\/wp-json\/wp\/v2\/product_cat?post=57287"},{"taxonomy":"product_tag","embeddable":true,"href":"https:\/\/www.tabakversand.ch\/fr\/wp-json\/wp\/v2\/product_tag?post=57287"}],"curies":[{"name":"wp","href":"https:\/\/api.w.org\/{rel}","templated":true}]}}