{"id":57356,"date":"2022-04-02T11:44:48","date_gmt":"2022-04-02T09:44:48","guid":{"rendered":"http:\/\/www.tabakversand.ch\/produkt\/mascotte-fresh-cliq-spearmint-100-manchons-filtrants\/"},"modified":"2026-03-03T13:36:34","modified_gmt":"2026-03-03T12:36:34","slug":"mascotte-fresh-cliq-spearmint-100-filterhuelsen","status":"publish","type":"product","link":"https:\/\/www.tabakversand.ch\/fr\/produit\/mascotte-fresh-cliq-spearmint-100-filterhuelsen\/","title":{"rendered":"Mascotte Fresh Cliq Gousses de menthe verte 5 x 100 pi\u00e8ces."},"content":{"rendered":"<h1>Mascotte Fresh Cliq Menthe verte<\/h1>\n<p>Fra\u00eecheur en un clic<\/p>\n<p>Les tubes \u00e0 cigarettes Mascotte Fresh Cliq Menthe Verte offrent une exp\u00e9rience de fra\u00eecheur unique pour rouler vos cigarettes. Gr\u00e2ce \u00e0 leur filtre capsule int\u00e9gr\u00e9, activ\u00e9 par une simple pression, ils lib\u00e8rent une bouff\u00e9e de menthol rafra\u00eechissante au moment pr\u00e9cis o\u00f9 vous le souhaitez. Id\u00e9aux pour ceux qui appr\u00e9cient la flexibilit\u00e9 et la saveur intense d&rsquo;une cigarette&nbsp;: pratiques, modernes et \u00e9l\u00e9gantes.  <\/p>\n<ul>\n<li>5 x 100 pi\u00e8ces.<\/li>\n<\/ul>\n<p>Chez tabakversand.ch, vos cartouches filtrantes Mascotte Fresh Cliq Menthe Verte sont livr\u00e9es dans leur emballage d&rsquo;origine, soigneusement conserv\u00e9es. Ce stockage rigoureux garantit une qualit\u00e9 optimale jusqu&rsquo;\u00e0 l&rsquo;exp\u00e9dition. Gr\u00e2ce \u00e0 une livraison rapide en Suisse, vos cartouches arrivent g\u00e9n\u00e9ralement tr\u00e8s vite.  <\/p>\n<p>Pour plus d&rsquo;informations sur le fabricant Mascotte, veuillez consulter son site web officiel&nbsp;: <a href=\"https:\/\/www.mascotte.eu\/inter_en\/\">cliquez ici<\/a> . Pour toute question concernant le produit, n&rsquo;h\u00e9sitez pas \u00e0 nous contacter&nbsp;: <a href=\"https:\/\/www.tabakversand.ch\/kontakt\/\">cliquez ici<\/a> . <\/p>\n<p>Tous les prix s&rsquo;appliquent uniquement aux commandes en ligne et incluent la TVA. Sous r\u00e9serve de modifications sans pr\u00e9avis, frais de livraison en sus. Sous r\u00e9serve d&rsquo;erreurs, de modifications de contenu de livraison et de conception, de fautes d&rsquo;impression et de modifications de prix. Les prix barr\u00e9s sont des prix de remplacement. Les illustrations peuvent diff\u00e9rer de l&rsquo;original\/du contenu de livraison.<br \/>\n*Livraison gratuite pour les commandes sup\u00e9rieures \u00e0 CHF 250.-.<\/p>\n","protected":false},"excerpt":{"rendered":"<p>Mascotte Fresh Cliq Menthe verte Fra\u00eecheur en un clic Les tubes \u00e0 cigarettes Mascotte Fresh Cliq Menthe Verte offrent une exp\u00e9rience de fra\u00eecheur unique pour rouler vos cigarettes. Gr\u00e2ce \u00e0 leur filtre capsule int\u00e9gr\u00e9, activ\u00e9 par une simple pression, ils lib\u00e8rent une bouff\u00e9e de menthol rafra\u00eechissante au moment pr\u00e9cis o\u00f9 vous le souhaitez. Id\u00e9aux pour [&hellip;]<\/p>\n","protected":false},"featured_media":13252,"template":"","meta":[],"product_brand":[1554],"product_cat":[1961,1956],"product_tag":[],"class_list":{"0":"post-57356","1":"product","2":"type-product","3":"status-publish","4":"has-post-thumbnail","6":"product_brand-mascotte","7":"product_cat-cigarettes-self-made-fr-2","8":"product_cat-dosettes-de-cigarettes","10":"first","11":"onbackorder","12":"purchasable","13":"product-type-simple"},"yoast_head":"<!-- This site is optimized with the Yoast SEO plugin v27.0 - https:\/\/yoast.com\/product\/yoast-seo-wordpress\/ -->\n<title>Mascotte Fresh Cliq Gousses de menthe verte 5 x 100 pi\u00e8ces. - Tabakversand.ch | Alles aus der Welt des Tabaks<\/title>\n<meta name=\"description\" content=\"Mascotte Fresh Cliq Tubes \u2013 tubes \u00e0 cigarettes innovants avec filtre menthol\u00e9 \u00e0 clic pour une fra\u00eecheur optimale. Ajustement parfait et tirage doux.\" \/>\n<meta name=\"robots\" content=\"index, follow, max-snippet:-1, max-image-preview:large, max-video-preview:-1\" \/>\n<link rel=\"canonical\" href=\"https:\/\/www.tabakversand.ch\/fr\/produit\/mascotte-fresh-cliq-spearmint-100-filterhuelsen\/\" \/>\n<meta property=\"og:locale\" content=\"fr_FR\" \/>\n<meta property=\"og:type\" content=\"article\" \/>\n<meta property=\"og:title\" content=\"Mascotte Fresh Cliq Gousses de menthe verte 5 x 100 pi\u00e8ces. - Tabakversand.ch | Alles aus der Welt des Tabaks\" \/>\n<meta property=\"og:description\" content=\"Mascotte Fresh Cliq Tubes \u2013 tubes \u00e0 cigarettes innovants avec filtre menthol\u00e9 \u00e0 clic pour une fra\u00eecheur optimale. Ajustement parfait et tirage doux.\" \/>\n<meta property=\"og:url\" content=\"https:\/\/www.tabakversand.ch\/fr\/produit\/mascotte-fresh-cliq-spearmint-100-filterhuelsen\/\" \/>\n<meta property=\"og:site_name\" content=\"Tabakversand.ch | Alles aus der Welt des Tabaks\" \/>\n<meta property=\"article:modified_time\" content=\"2026-03-03T12:36:34+00:00\" \/>\n<meta property=\"og:image\" content=\"https:\/\/www.tabakversand.ch\/wp-content\/uploads\/2022\/03\/mascotte-fresh-cliq.jpg\" \/>\n\t<meta property=\"og:image:width\" content=\"500\" \/>\n\t<meta property=\"og:image:height\" content=\"500\" \/>\n\t<meta property=\"og:image:type\" content=\"image\/jpeg\" \/>\n<meta name=\"twitter:card\" content=\"summary_large_image\" \/>\n<meta name=\"twitter:label1\" content=\"Dur\u00e9e de lecture estim\u00e9e\" \/>\n\t<meta name=\"twitter:data1\" content=\"1 minute\" \/>\n<script type=\"application\/ld+json\" class=\"yoast-schema-graph\">{\"@context\":\"https:\/\/schema.org\",\"@graph\":[{\"@type\":\"WebPage\",\"@id\":\"https:\/\/www.tabakversand.ch\/fr\/produit\/mascotte-fresh-cliq-spearmint-100-filterhuelsen\/\",\"url\":\"https:\/\/www.tabakversand.ch\/fr\/produit\/mascotte-fresh-cliq-spearmint-100-filterhuelsen\/\",\"name\":\"Mascotte Fresh Cliq Gousses de menthe verte 5 x 100 pi\u00e8ces. - Tabakversand.ch | Alles aus der Welt des Tabaks\",\"isPartOf\":{\"@id\":\"https:\/\/www.tabakversand.ch\/#website\"},\"primaryImageOfPage\":{\"@id\":\"https:\/\/www.tabakversand.ch\/fr\/produit\/mascotte-fresh-cliq-spearmint-100-filterhuelsen\/#primaryimage\"},\"image\":{\"@id\":\"https:\/\/www.tabakversand.ch\/fr\/produit\/mascotte-fresh-cliq-spearmint-100-filterhuelsen\/#primaryimage\"},\"thumbnailUrl\":\"https:\/\/www.tabakversand.ch\/wp-content\/uploads\/2022\/03\/mascotte-fresh-cliq.jpg\",\"datePublished\":\"2022-04-02T09:44:48+00:00\",\"dateModified\":\"2026-03-03T12:36:34+00:00\",\"description\":\"Mascotte Fresh Cliq Tubes \u2013 tubes \u00e0 cigarettes innovants avec filtre menthol\u00e9 \u00e0 clic pour une fra\u00eecheur optimale. Ajustement parfait et tirage doux.\",\"breadcrumb\":{\"@id\":\"https:\/\/www.tabakversand.ch\/fr\/produit\/mascotte-fresh-cliq-spearmint-100-filterhuelsen\/#breadcrumb\"},\"inLanguage\":\"fr-FR\",\"potentialAction\":[{\"@type\":\"ReadAction\",\"target\":[\"https:\/\/www.tabakversand.ch\/fr\/produit\/mascotte-fresh-cliq-spearmint-100-filterhuelsen\/\"]}]},{\"@type\":\"ImageObject\",\"inLanguage\":\"fr-FR\",\"@id\":\"https:\/\/www.tabakversand.ch\/fr\/produit\/mascotte-fresh-cliq-spearmint-100-filterhuelsen\/#primaryimage\",\"url\":\"https:\/\/www.tabakversand.ch\/wp-content\/uploads\/2022\/03\/mascotte-fresh-cliq.jpg\",\"contentUrl\":\"https:\/\/www.tabakversand.ch\/wp-content\/uploads\/2022\/03\/mascotte-fresh-cliq.jpg\",\"width\":500,\"height\":500,\"caption\":\"Mascotte Fresh Cliq Spearmint 100 manchons filtrants\"},{\"@type\":\"BreadcrumbList\",\"@id\":\"https:\/\/www.tabakversand.ch\/fr\/produit\/mascotte-fresh-cliq-spearmint-100-filterhuelsen\/#breadcrumb\",\"itemListElement\":[{\"@type\":\"ListItem\",\"position\":1,\"name\":\"Startseite\",\"item\":\"https:\/\/www.tabakversand.ch\/\"},{\"@type\":\"ListItem\",\"position\":2,\"name\":\"Boutique\",\"item\":\"https:\/\/www.tabakversand.ch\/fr\/boutique\/\"},{\"@type\":\"ListItem\",\"position\":3,\"name\":\"Mascotte Fresh Cliq Gousses de menthe verte 5 x 100 pi\u00e8ces.\"}]},{\"@type\":\"WebSite\",\"@id\":\"https:\/\/www.tabakversand.ch\/#website\",\"url\":\"https:\/\/www.tabakversand.ch\/\",\"name\":\"Tabakversand.ch | Alles aus der Welt des Tabaks\",\"description\":\"Smoke and carpe diem\",\"potentialAction\":[{\"@type\":\"SearchAction\",\"target\":{\"@type\":\"EntryPoint\",\"urlTemplate\":\"https:\/\/www.tabakversand.ch\/?s={search_term_string}\"},\"query-input\":{\"@type\":\"PropertyValueSpecification\",\"valueRequired\":true,\"valueName\":\"search_term_string\"}}],\"inLanguage\":\"fr-FR\"}]}<\/script>\n<!-- \/ Yoast SEO plugin. -->","yoast_head_json":{"title":"Mascotte Fresh Cliq Gousses de menthe verte 5 x 100 pi\u00e8ces. - Tabakversand.ch | Alles aus der Welt des Tabaks","description":"Mascotte Fresh Cliq Tubes \u2013 tubes \u00e0 cigarettes innovants avec filtre menthol\u00e9 \u00e0 clic pour une fra\u00eecheur optimale. Ajustement parfait et tirage doux.","robots":{"index":"index","follow":"follow","max-snippet":"max-snippet:-1","max-image-preview":"max-image-preview:large","max-video-preview":"max-video-preview:-1"},"canonical":"https:\/\/www.tabakversand.ch\/fr\/produit\/mascotte-fresh-cliq-spearmint-100-filterhuelsen\/","og_locale":"fr_FR","og_type":"article","og_title":"Mascotte Fresh Cliq Gousses de menthe verte 5 x 100 pi\u00e8ces. - Tabakversand.ch | Alles aus der Welt des Tabaks","og_description":"Mascotte Fresh Cliq Tubes \u2013 tubes \u00e0 cigarettes innovants avec filtre menthol\u00e9 \u00e0 clic pour une fra\u00eecheur optimale. Ajustement parfait et tirage doux.","og_url":"https:\/\/www.tabakversand.ch\/fr\/produit\/mascotte-fresh-cliq-spearmint-100-filterhuelsen\/","og_site_name":"Tabakversand.ch | Alles aus der Welt des Tabaks","article_modified_time":"2026-03-03T12:36:34+00:00","og_image":[{"width":500,"height":500,"url":"https:\/\/www.tabakversand.ch\/wp-content\/uploads\/2022\/03\/mascotte-fresh-cliq.jpg","type":"image\/jpeg"}],"twitter_card":"summary_large_image","twitter_misc":{"Dur\u00e9e de lecture estim\u00e9e":"1 minute"},"schema":{"@context":"https:\/\/schema.org","@graph":[{"@type":"WebPage","@id":"https:\/\/www.tabakversand.ch\/fr\/produit\/mascotte-fresh-cliq-spearmint-100-filterhuelsen\/","url":"https:\/\/www.tabakversand.ch\/fr\/produit\/mascotte-fresh-cliq-spearmint-100-filterhuelsen\/","name":"Mascotte Fresh Cliq Gousses de menthe verte 5 x 100 pi\u00e8ces. - Tabakversand.ch | Alles aus der Welt des Tabaks","isPartOf":{"@id":"https:\/\/www.tabakversand.ch\/#website"},"primaryImageOfPage":{"@id":"https:\/\/www.tabakversand.ch\/fr\/produit\/mascotte-fresh-cliq-spearmint-100-filterhuelsen\/#primaryimage"},"image":{"@id":"https:\/\/www.tabakversand.ch\/fr\/produit\/mascotte-fresh-cliq-spearmint-100-filterhuelsen\/#primaryimage"},"thumbnailUrl":"https:\/\/www.tabakversand.ch\/wp-content\/uploads\/2022\/03\/mascotte-fresh-cliq.jpg","datePublished":"2022-04-02T09:44:48+00:00","dateModified":"2026-03-03T12:36:34+00:00","description":"Mascotte Fresh Cliq Tubes \u2013 tubes \u00e0 cigarettes innovants avec filtre menthol\u00e9 \u00e0 clic pour une fra\u00eecheur optimale. Ajustement parfait et tirage doux.","breadcrumb":{"@id":"https:\/\/www.tabakversand.ch\/fr\/produit\/mascotte-fresh-cliq-spearmint-100-filterhuelsen\/#breadcrumb"},"inLanguage":"fr-FR","potentialAction":[{"@type":"ReadAction","target":["https:\/\/www.tabakversand.ch\/fr\/produit\/mascotte-fresh-cliq-spearmint-100-filterhuelsen\/"]}]},{"@type":"ImageObject","inLanguage":"fr-FR","@id":"https:\/\/www.tabakversand.ch\/fr\/produit\/mascotte-fresh-cliq-spearmint-100-filterhuelsen\/#primaryimage","url":"https:\/\/www.tabakversand.ch\/wp-content\/uploads\/2022\/03\/mascotte-fresh-cliq.jpg","contentUrl":"https:\/\/www.tabakversand.ch\/wp-content\/uploads\/2022\/03\/mascotte-fresh-cliq.jpg","width":500,"height":500,"caption":"Mascotte Fresh Cliq Spearmint 100 manchons filtrants"},{"@type":"BreadcrumbList","@id":"https:\/\/www.tabakversand.ch\/fr\/produit\/mascotte-fresh-cliq-spearmint-100-filterhuelsen\/#breadcrumb","itemListElement":[{"@type":"ListItem","position":1,"name":"Startseite","item":"https:\/\/www.tabakversand.ch\/"},{"@type":"ListItem","position":2,"name":"Boutique","item":"https:\/\/www.tabakversand.ch\/fr\/boutique\/"},{"@type":"ListItem","position":3,"name":"Mascotte Fresh Cliq Gousses de menthe verte 5 x 100 pi\u00e8ces."}]},{"@type":"WebSite","@id":"https:\/\/www.tabakversand.ch\/#website","url":"https:\/\/www.tabakversand.ch\/","name":"Tabakversand.ch | Alles aus der Welt des Tabaks","description":"Smoke and carpe diem","potentialAction":[{"@type":"SearchAction","target":{"@type":"EntryPoint","urlTemplate":"https:\/\/www.tabakversand.ch\/?s={search_term_string}"},"query-input":{"@type":"PropertyValueSpecification","valueRequired":true,"valueName":"search_term_string"}}],"inLanguage":"fr-FR"}]}},"_links":{"self":[{"href":"https:\/\/www.tabakversand.ch\/fr\/wp-json\/wp\/v2\/product\/57356","targetHints":{"allow":["GET"]}}],"collection":[{"href":"https:\/\/www.tabakversand.ch\/fr\/wp-json\/wp\/v2\/product"}],"about":[{"href":"https:\/\/www.tabakversand.ch\/fr\/wp-json\/wp\/v2\/types\/product"}],"version-history":[{"count":2,"href":"https:\/\/www.tabakversand.ch\/fr\/wp-json\/wp\/v2\/product\/57356\/revisions"}],"predecessor-version":[{"id":214060,"href":"https:\/\/www.tabakversand.ch\/fr\/wp-json\/wp\/v2\/product\/57356\/revisions\/214060"}],"wp:featuredmedia":[{"embeddable":true,"href":"https:\/\/www.tabakversand.ch\/fr\/wp-json\/wp\/v2\/media\/13252"}],"wp:attachment":[{"href":"https:\/\/www.tabakversand.ch\/fr\/wp-json\/wp\/v2\/media?parent=57356"}],"wp:term":[{"taxonomy":"product_brand","embeddable":true,"href":"https:\/\/www.tabakversand.ch\/fr\/wp-json\/wp\/v2\/product_brand?post=57356"},{"taxonomy":"product_cat","embeddable":true,"href":"https:\/\/www.tabakversand.ch\/fr\/wp-json\/wp\/v2\/product_cat?post=57356"},{"taxonomy":"product_tag","embeddable":true,"href":"https:\/\/www.tabakversand.ch\/fr\/wp-json\/wp\/v2\/product_tag?post=57356"}],"curies":[{"name":"wp","href":"https:\/\/api.w.org\/{rel}","templated":true}]}}