{"id":57359,"date":"2022-04-02T11:44:48","date_gmt":"2022-04-02T09:44:48","guid":{"rendered":"http:\/\/www.tabakversand.ch\/produkt\/wellauer-high-volume-intense-220gr-tabac-a-cigarettes\/"},"modified":"2026-04-01T13:40:53","modified_gmt":"2026-04-01T11:40:53","slug":"wellauer-high-volume-intense-220gr-tabac-a-cigarette","status":"publish","type":"product","link":"https:\/\/www.tabakversand.ch\/fr\/produit\/wellauer-high-volume-intense-220gr-tabac-a-cigarette\/","title":{"rendered":"Wellauer High Volume Intense"},"content":{"rendered":"<h1>Wellauer High Volume Intense<\/h1>\n<p>Saveur robuste avec une note \u00e9pic\u00e9e<\/p>\n<p>D\u00e9couvrez la saveur intense du Wellauer High Volume Intense, le tabac id\u00e9al pour les amateurs d&rsquo;ar\u00f4mes puissants et de notes \u00e9pic\u00e9es. Son m\u00e9lange exclusif de 40 % de Virginie s\u00e9ch\u00e9e au feu et de 60 % de Virginie s\u00e9ch\u00e9e \u00e0 l&rsquo;air chaud offre un ar\u00f4me riche et fum\u00e9 qui ravira m\u00eame les connaisseurs les plus exigeants. <\/p>\n<p>Gr\u00e2ce \u00e0 sa formule \u00e0 haut volume, ce tabac \u00e0 coupe fine offre un rendement exceptionnel&nbsp;: une bo\u00eete de 220&nbsp;g permet de confectionner jusqu\u2019\u00e0 450&nbsp;cigarettes, id\u00e9al pour les fumeurs soucieux de leur budget comme pour les fumeurs r\u00e9guliers. Que ce soit pour le bourrage ou le roulage, ce tabac s\u00e9duit par sa facilit\u00e9 d\u2019utilisation, sa fum\u00e9e constante et sa qualit\u00e9 sup\u00e9rieure. <\/p>\n<p>Points forts du produit&nbsp;:<\/p>\n<ul>\n<li>Saveur forte et \u00e9pic\u00e9e : Pour les amateurs de m\u00e9langes intenses<\/li>\n<li>M\u00e9lange exclusif de tabacs&nbsp;: 40&nbsp;% de tabac fum\u00e9 \u00e0 l\u2019obscurit\u00e9 et 60&nbsp;% de tabac de Virginie s\u00e9ch\u00e9 \u00e0 l\u2019air chaud<\/li>\n<li>Formule \u00e0 volume \u00e9lev\u00e9 : Plus de sati\u00e9t\u00e9 pour moins de poids, particuli\u00e8rement \u00e9conomique<\/li>\n<li>Bo\u00eete pratique de 220 g : Contient jusqu&rsquo;\u00e0 450 cigarettes<\/li>\n<li>Utilisation polyvalente : Convient pour le rembourrage ou le tressage.<\/li>\n<\/ul>\n<p>Chez tabakversand.ch, vous recevez du tabac Wellauer High Volume Intense, conserv\u00e9 dans son emballage d&rsquo;origine et dans des conditions optimales de stockage. Ce stockage soign\u00e9 garantit la pr\u00e9servation optimale de son ar\u00f4me, de son humidit\u00e9 et de sa qualit\u00e9 jusqu&rsquo;\u00e0 l&rsquo;exp\u00e9dition. Gr\u00e2ce \u00e0 une livraison rapide en Suisse, votre tabac \u00e0 cigarettes arrive g\u00e9n\u00e9ralement tr\u00e8s vite.  <\/p>\n<p>Pour plus d&rsquo;informations sur le tabac \u00e0 rouler, veuillez consulter l&rsquo;article Wikip\u00e9dia correspondant&nbsp;: <a href=\"https:\/\/de.wikipedia.org\/wiki\/Shag_(Tabak)\">cliquez ici<\/a> . Si vous avez des questions concernant le produit, n&rsquo;h\u00e9sitez pas \u00e0 nous contacter&nbsp;: <a href=\"https:\/\/www.tabakversand.ch\/kontakt\/\">cliquez ici<\/a> . <\/p>\n<p>Tous les prix s&rsquo;appliquent uniquement aux commandes en ligne et incluent la TVA. Sous r\u00e9serve de modifications sans pr\u00e9avis, frais de livraison en sus. Sous r\u00e9serve d&rsquo;erreurs, de modifications de contenu de livraison et de conception, de fautes d&rsquo;impression et de modifications de prix. Les prix barr\u00e9s sont des prix de remplacement. Les illustrations peuvent diff\u00e9rer de l&rsquo;original\/du contenu de livraison.<br \/>\n*Livraison gratuite pour les commandes sup\u00e9rieures \u00e0 CHF 250.-.<\/p>\n","protected":false},"excerpt":{"rendered":"<p>Wellauer High Volume Intense Saveur robuste avec une note \u00e9pic\u00e9e D\u00e9couvrez la saveur intense du Wellauer High Volume Intense, le tabac id\u00e9al pour les amateurs d&rsquo;ar\u00f4mes puissants et de notes \u00e9pic\u00e9es. Son m\u00e9lange exclusif de 40 % de Virginie s\u00e9ch\u00e9e au feu et de 60 % de Virginie s\u00e9ch\u00e9e \u00e0 l&rsquo;air chaud offre un ar\u00f4me [&hellip;]<\/p>\n","protected":false},"featured_media":201641,"template":"","meta":[],"product_brand":[1483],"product_cat":[1961,1888,1964,1963],"product_tag":[],"class_list":{"0":"post-57359","1":"product","2":"type-product","3":"status-publish","4":"has-post-thumbnail","6":"product_brand-wellauer-feinschnitt","7":"product_cat-cigarettes-self-made-fr-2","8":"product_cat-tabac","9":"product_cat-tabac-a-cigarettes-fr","10":"product_cat-tabac-a-cigarettes","12":"first","13":"onbackorder","14":"purchasable","15":"product-type-simple"},"yoast_head":"<!-- This site is optimized with the Yoast SEO plugin v27.0 - https:\/\/yoast.com\/product\/yoast-seo-wordpress\/ -->\n<title>Wellauer High Volume Intense \u2013 Fort, \u00e9pic\u00e9 \u2013 \u00e0 m\u00e2cher maintenant<\/title>\n<meta name=\"description\" content=\"D\u00e9couvrez Wellauer High Volume Intense\u00a0: un tabac cors\u00e9 compos\u00e9 \u00e0 40\u00a0% de Virginie s\u00e9ch\u00e9e au feu de bois et \u00e0 60\u00a0% de Virginie s\u00e9ch\u00e9e \u00e0 l\u2019air chaud. Riche et \u00e9pic\u00e9.\" \/>\n<meta name=\"robots\" content=\"index, follow, max-snippet:-1, max-image-preview:large, max-video-preview:-1\" \/>\n<link rel=\"canonical\" href=\"https:\/\/www.tabakversand.ch\/produit\/wellauer-high-volume-intense-220gr-zigarettentabak\/\" \/>\n<meta property=\"og:locale\" content=\"fr_FR\" \/>\n<meta property=\"og:type\" content=\"article\" \/>\n<meta property=\"og:title\" content=\"Wellauer High Volume Intense \u2013 Fort, \u00e9pic\u00e9 \u2013 \u00e0 m\u00e2cher maintenant\" \/>\n<meta property=\"og:description\" content=\"D\u00e9couvrez Wellauer High Volume Intense\u00a0: un tabac cors\u00e9 compos\u00e9 \u00e0 40\u00a0% de Virginie s\u00e9ch\u00e9e au feu de bois et \u00e0 60\u00a0% de Virginie s\u00e9ch\u00e9e \u00e0 l\u2019air chaud. Riche et \u00e9pic\u00e9.\" \/>\n<meta property=\"og:url\" content=\"https:\/\/www.tabakversand.ch\/produit\/wellauer-high-volume-intense-220gr-zigarettentabak\/\" \/>\n<meta property=\"og:site_name\" content=\"Tabakversand.ch | Alles aus der Welt des Tabaks\" \/>\n<meta property=\"article:modified_time\" content=\"2026-04-01T11:40:53+00:00\" \/>\n<meta property=\"og:image\" content=\"https:\/\/www.tabakversand.ch\/wp-content\/uploads\/2022\/04\/wellauer-intense-high-volume-220-.jpg\" \/>\n\t<meta property=\"og:image:width\" content=\"502\" \/>\n\t<meta property=\"og:image:height\" content=\"499\" \/>\n\t<meta property=\"og:image:type\" content=\"image\/jpeg\" \/>\n<meta name=\"twitter:card\" content=\"summary_large_image\" \/>\n<meta name=\"twitter:label1\" content=\"Dur\u00e9e de lecture estim\u00e9e\" \/>\n\t<meta name=\"twitter:data1\" content=\"2 minutes\" \/>\n<script type=\"application\/ld+json\" class=\"yoast-schema-graph\">{\"@context\":\"https:\/\/schema.org\",\"@graph\":[{\"@type\":\"WebPage\",\"@id\":\"https:\/\/www.tabakversand.ch\/produit\/wellauer-high-volume-intense-220gr-zigarettentabak\/\",\"url\":\"https:\/\/www.tabakversand.ch\/produit\/wellauer-high-volume-intense-220gr-zigarettentabak\/\",\"name\":\"Wellauer High Volume Intense \u2013 Fort, \u00e9pic\u00e9 \u2013 \u00e0 m\u00e2cher maintenant\",\"isPartOf\":{\"@id\":\"https:\/\/www.tabakversand.ch\/#website\"},\"primaryImageOfPage\":{\"@id\":\"https:\/\/www.tabakversand.ch\/produit\/wellauer-high-volume-intense-220gr-zigarettentabak\/#primaryimage\"},\"image\":{\"@id\":\"https:\/\/www.tabakversand.ch\/produit\/wellauer-high-volume-intense-220gr-zigarettentabak\/#primaryimage\"},\"thumbnailUrl\":\"https:\/\/www.tabakversand.ch\/wp-content\/uploads\/2022\/04\/wellauer-intense-high-volume-220-.jpg\",\"datePublished\":\"2022-04-02T09:44:48+00:00\",\"dateModified\":\"2026-04-01T11:40:53+00:00\",\"description\":\"D\u00e9couvrez Wellauer High Volume Intense\u00a0: un tabac cors\u00e9 compos\u00e9 \u00e0 40\u00a0% de Virginie s\u00e9ch\u00e9e au feu de bois et \u00e0 60\u00a0% de Virginie s\u00e9ch\u00e9e \u00e0 l\u2019air chaud. Riche et \u00e9pic\u00e9.\",\"breadcrumb\":{\"@id\":\"https:\/\/www.tabakversand.ch\/produit\/wellauer-high-volume-intense-220gr-zigarettentabak\/#breadcrumb\"},\"inLanguage\":\"fr-FR\",\"potentialAction\":[{\"@type\":\"ReadAction\",\"target\":[\"https:\/\/www.tabakversand.ch\/produit\/wellauer-high-volume-intense-220gr-zigarettentabak\/\"]}]},{\"@type\":\"ImageObject\",\"inLanguage\":\"fr-FR\",\"@id\":\"https:\/\/www.tabakversand.ch\/produit\/wellauer-high-volume-intense-220gr-zigarettentabak\/#primaryimage\",\"url\":\"https:\/\/www.tabakversand.ch\/wp-content\/uploads\/2022\/04\/wellauer-intense-high-volume-220-.jpg\",\"contentUrl\":\"https:\/\/www.tabakversand.ch\/wp-content\/uploads\/2022\/04\/wellauer-intense-high-volume-220-.jpg\",\"width\":502,\"height\":499,\"caption\":\"Wellauer High Volume Intense 220gr. Tabac \u00e0 cigarettes | tabakversand.ch\"},{\"@type\":\"BreadcrumbList\",\"@id\":\"https:\/\/www.tabakversand.ch\/produit\/wellauer-high-volume-intense-220gr-zigarettentabak\/#breadcrumb\",\"itemListElement\":[{\"@type\":\"ListItem\",\"position\":1,\"name\":\"Startseite\",\"item\":\"https:\/\/www.tabakversand.ch\/\"},{\"@type\":\"ListItem\",\"position\":2,\"name\":\"Boutique\",\"item\":\"https:\/\/www.tabakversand.ch\/fr\/boutique\/\"},{\"@type\":\"ListItem\",\"position\":3,\"name\":\"Wellauer High Volume Intense\"}]},{\"@type\":\"WebSite\",\"@id\":\"https:\/\/www.tabakversand.ch\/#website\",\"url\":\"https:\/\/www.tabakversand.ch\/\",\"name\":\"Tabakversand.ch | Alles aus der Welt des Tabaks\",\"description\":\"Smoke and carpe diem\",\"potentialAction\":[{\"@type\":\"SearchAction\",\"target\":{\"@type\":\"EntryPoint\",\"urlTemplate\":\"https:\/\/www.tabakversand.ch\/?s={search_term_string}\"},\"query-input\":{\"@type\":\"PropertyValueSpecification\",\"valueRequired\":true,\"valueName\":\"search_term_string\"}}],\"inLanguage\":\"fr-FR\"}]}<\/script>\n<!-- \/ Yoast SEO plugin. -->","yoast_head_json":{"title":"Wellauer High Volume Intense \u2013 Fort, \u00e9pic\u00e9 \u2013 \u00e0 m\u00e2cher maintenant","description":"D\u00e9couvrez Wellauer High Volume Intense\u00a0: un tabac cors\u00e9 compos\u00e9 \u00e0 40\u00a0% de Virginie s\u00e9ch\u00e9e au feu de bois et \u00e0 60\u00a0% de Virginie s\u00e9ch\u00e9e \u00e0 l\u2019air chaud. Riche et \u00e9pic\u00e9.","robots":{"index":"index","follow":"follow","max-snippet":"max-snippet:-1","max-image-preview":"max-image-preview:large","max-video-preview":"max-video-preview:-1"},"canonical":"https:\/\/www.tabakversand.ch\/produit\/wellauer-high-volume-intense-220gr-zigarettentabak\/","og_locale":"fr_FR","og_type":"article","og_title":"Wellauer High Volume Intense \u2013 Fort, \u00e9pic\u00e9 \u2013 \u00e0 m\u00e2cher maintenant","og_description":"D\u00e9couvrez Wellauer High Volume Intense\u00a0: un tabac cors\u00e9 compos\u00e9 \u00e0 40\u00a0% de Virginie s\u00e9ch\u00e9e au feu de bois et \u00e0 60\u00a0% de Virginie s\u00e9ch\u00e9e \u00e0 l\u2019air chaud. Riche et \u00e9pic\u00e9.","og_url":"https:\/\/www.tabakversand.ch\/produit\/wellauer-high-volume-intense-220gr-zigarettentabak\/","og_site_name":"Tabakversand.ch | Alles aus der Welt des Tabaks","article_modified_time":"2026-04-01T11:40:53+00:00","og_image":[{"width":502,"height":499,"url":"https:\/\/www.tabakversand.ch\/wp-content\/uploads\/2022\/04\/wellauer-intense-high-volume-220-.jpg","type":"image\/jpeg"}],"twitter_card":"summary_large_image","twitter_misc":{"Dur\u00e9e de lecture estim\u00e9e":"2 minutes"},"schema":{"@context":"https:\/\/schema.org","@graph":[{"@type":"WebPage","@id":"https:\/\/www.tabakversand.ch\/produit\/wellauer-high-volume-intense-220gr-zigarettentabak\/","url":"https:\/\/www.tabakversand.ch\/produit\/wellauer-high-volume-intense-220gr-zigarettentabak\/","name":"Wellauer High Volume Intense \u2013 Fort, \u00e9pic\u00e9 \u2013 \u00e0 m\u00e2cher maintenant","isPartOf":{"@id":"https:\/\/www.tabakversand.ch\/#website"},"primaryImageOfPage":{"@id":"https:\/\/www.tabakversand.ch\/produit\/wellauer-high-volume-intense-220gr-zigarettentabak\/#primaryimage"},"image":{"@id":"https:\/\/www.tabakversand.ch\/produit\/wellauer-high-volume-intense-220gr-zigarettentabak\/#primaryimage"},"thumbnailUrl":"https:\/\/www.tabakversand.ch\/wp-content\/uploads\/2022\/04\/wellauer-intense-high-volume-220-.jpg","datePublished":"2022-04-02T09:44:48+00:00","dateModified":"2026-04-01T11:40:53+00:00","description":"D\u00e9couvrez Wellauer High Volume Intense\u00a0: un tabac cors\u00e9 compos\u00e9 \u00e0 40\u00a0% de Virginie s\u00e9ch\u00e9e au feu de bois et \u00e0 60\u00a0% de Virginie s\u00e9ch\u00e9e \u00e0 l\u2019air chaud. Riche et \u00e9pic\u00e9.","breadcrumb":{"@id":"https:\/\/www.tabakversand.ch\/produit\/wellauer-high-volume-intense-220gr-zigarettentabak\/#breadcrumb"},"inLanguage":"fr-FR","potentialAction":[{"@type":"ReadAction","target":["https:\/\/www.tabakversand.ch\/produit\/wellauer-high-volume-intense-220gr-zigarettentabak\/"]}]},{"@type":"ImageObject","inLanguage":"fr-FR","@id":"https:\/\/www.tabakversand.ch\/produit\/wellauer-high-volume-intense-220gr-zigarettentabak\/#primaryimage","url":"https:\/\/www.tabakversand.ch\/wp-content\/uploads\/2022\/04\/wellauer-intense-high-volume-220-.jpg","contentUrl":"https:\/\/www.tabakversand.ch\/wp-content\/uploads\/2022\/04\/wellauer-intense-high-volume-220-.jpg","width":502,"height":499,"caption":"Wellauer High Volume Intense 220gr. Tabac \u00e0 cigarettes | tabakversand.ch"},{"@type":"BreadcrumbList","@id":"https:\/\/www.tabakversand.ch\/produit\/wellauer-high-volume-intense-220gr-zigarettentabak\/#breadcrumb","itemListElement":[{"@type":"ListItem","position":1,"name":"Startseite","item":"https:\/\/www.tabakversand.ch\/"},{"@type":"ListItem","position":2,"name":"Boutique","item":"https:\/\/www.tabakversand.ch\/fr\/boutique\/"},{"@type":"ListItem","position":3,"name":"Wellauer High Volume Intense"}]},{"@type":"WebSite","@id":"https:\/\/www.tabakversand.ch\/#website","url":"https:\/\/www.tabakversand.ch\/","name":"Tabakversand.ch | Alles aus der Welt des Tabaks","description":"Smoke and carpe diem","potentialAction":[{"@type":"SearchAction","target":{"@type":"EntryPoint","urlTemplate":"https:\/\/www.tabakversand.ch\/?s={search_term_string}"},"query-input":{"@type":"PropertyValueSpecification","valueRequired":true,"valueName":"search_term_string"}}],"inLanguage":"fr-FR"}]}},"_links":{"self":[{"href":"https:\/\/www.tabakversand.ch\/fr\/wp-json\/wp\/v2\/product\/57359","targetHints":{"allow":["GET"]}}],"collection":[{"href":"https:\/\/www.tabakversand.ch\/fr\/wp-json\/wp\/v2\/product"}],"about":[{"href":"https:\/\/www.tabakversand.ch\/fr\/wp-json\/wp\/v2\/types\/product"}],"version-history":[{"count":4,"href":"https:\/\/www.tabakversand.ch\/fr\/wp-json\/wp\/v2\/product\/57359\/revisions"}],"predecessor-version":[{"id":216329,"href":"https:\/\/www.tabakversand.ch\/fr\/wp-json\/wp\/v2\/product\/57359\/revisions\/216329"}],"wp:featuredmedia":[{"embeddable":true,"href":"https:\/\/www.tabakversand.ch\/fr\/wp-json\/wp\/v2\/media\/201641"}],"wp:attachment":[{"href":"https:\/\/www.tabakversand.ch\/fr\/wp-json\/wp\/v2\/media?parent=57359"}],"wp:term":[{"taxonomy":"product_brand","embeddable":true,"href":"https:\/\/www.tabakversand.ch\/fr\/wp-json\/wp\/v2\/product_brand?post=57359"},{"taxonomy":"product_cat","embeddable":true,"href":"https:\/\/www.tabakversand.ch\/fr\/wp-json\/wp\/v2\/product_cat?post=57359"},{"taxonomy":"product_tag","embeddable":true,"href":"https:\/\/www.tabakversand.ch\/fr\/wp-json\/wp\/v2\/product_tag?post=57359"}],"curies":[{"name":"wp","href":"https:\/\/api.w.org\/{rel}","templated":true}]}}