{"id":57374,"date":"2022-04-02T11:44:32","date_gmt":"2022-04-02T09:44:32","guid":{"rendered":"http:\/\/www.tabakversand.ch\/produkt\/lucky-strike-bleu-75-gr-tabac-a-cigarettes\/"},"modified":"2026-03-13T14:11:10","modified_gmt":"2026-03-13T13:11:10","slug":"lucky-strike-blue-75-gr-tabac-a-cigarette","status":"publish","type":"product","link":"https:\/\/www.tabakversand.ch\/fr\/produit\/lucky-strike-blue-75-gr-tabac-a-cigarette\/","title":{"rendered":"Lucky Strike Bleu"},"content":{"rendered":"<h1>Lucky Strike Bleu<\/h1>\n<p>Un plaisir tout en douceur et en qualit\u00e9 sup\u00e9rieure<\/p>\n<p>D\u00e9couvrez une exp\u00e9rience de fumage unique avec le tabac \u00e0 cigarettes Lucky Strike Blue, alliant tradition et qualit\u00e9. Ce tabac finement m\u00e9lang\u00e9 offre un ar\u00f4me doux et \u00e9quilibr\u00e9 qui s\u00e9duira aussi bien les v\u00e9ritables connaisseurs que les fumeurs occasionnels.<\/p>\n<p>Lucky Strike Blue s\u00e9duit par sa fum\u00e9e douce et harmonieuse et sa qualit\u00e9 premium constante, qui ont fait la renomm\u00e9e mondiale de la marque. Que ce soit au quotidien ou pour des moments de plaisir, ce tabac vous offre une saveur douce et pure, sans compromis.<\/p>\n<p>Points forts du produit<\/p>\n<ul>\n<li>Tabac \u00e0 cigarettes de haute qualit\u00e9 de la marque Lucky Strike<\/li>\n<li>Un profil de fum\u00e9e doux et agr\u00e9able pour une exp\u00e9rience de fumage plaisante.<\/li>\n<li>Qualit\u00e9 sup\u00e9rieure constante<\/li>\n<li>Id\u00e9al pour les fumeurs occasionnels et les amateurs de tabac exp\u00e9riment\u00e9s<\/li>\n<li>Parfait pour le plaisir quotidien ou les moments sp\u00e9ciaux<\/li>\n<\/ul>\n<p>Chez tabakversand.ch, vous recevez votre tabac \u00e0 cigarettes Lucky Strike Blue fra\u00eechement conserv\u00e9 dans son emballage d&rsquo;origine. Un stockage soign\u00e9 garantit une pr\u00e9servation optimale de son ar\u00f4me, de son humidit\u00e9 et de sa qualit\u00e9 jusqu&rsquo;\u00e0 l&rsquo;exp\u00e9dition. Gr\u00e2ce \u00e0 une livraison rapide en Suisse, votre tabac \u00e0 cigarettes vous parvient g\u00e9n\u00e9ralement sous peu.<\/p>\n<p>Pour plus d&rsquo;informations sur le tabac, veuillez consulter l&rsquo;article Wikip\u00e9dia correspondant\u00a0: <a href=\"https:\/\/de.wikipedia.org\/wiki\/Tabak\">cliquez ici<\/a> . Si vous avez des questions concernant le produit, n&rsquo;h\u00e9sitez pas \u00e0 nous contacter\u00a0: <a href=\"https:\/\/www.tabakversand.ch\/kontakt\/\">cliquez ici<\/a> .<\/p>\n<p>Tous les prix s&rsquo;appliquent uniquement aux commandes en ligne et incluent la TVA. Sous r\u00e9serve de modifications sans pr\u00e9avis, frais de livraison en sus. Sous r\u00e9serve d&rsquo;erreurs, de modifications de contenu de livraison et de conception, de fautes d&rsquo;impression et de modifications de prix. Les prix barr\u00e9s sont des prix de remplacement. Les illustrations peuvent diff\u00e9rer de l&rsquo;original\/du contenu de livraison.<br \/>\n*Livraison gratuite pour les commandes sup\u00e9rieures \u00e0 CHF 250.-.<\/p>\n","protected":false},"excerpt":{"rendered":"<p>Lucky Strike Bleu Un plaisir tout en douceur et en qualit\u00e9 sup\u00e9rieure D\u00e9couvrez une exp\u00e9rience de fumage unique avec le tabac \u00e0 cigarettes Lucky Strike Blue, alliant tradition et qualit\u00e9. Ce tabac finement m\u00e9lang\u00e9 offre un ar\u00f4me doux et \u00e9quilibr\u00e9 qui s\u00e9duira aussi bien les v\u00e9ritables connaisseurs que les fumeurs occasionnels. Lucky Strike Blue s\u00e9duit [&hellip;]<\/p>\n","protected":false},"featured_media":214656,"template":"","meta":[],"product_brand":[],"product_cat":[1961,1888,1963,1964],"product_tag":[],"class_list":{"0":"post-57374","1":"product","2":"type-product","3":"status-publish","4":"has-post-thumbnail","6":"product_cat-cigarettes-self-made-fr-2","7":"product_cat-tabac","8":"product_cat-tabac-a-cigarettes","9":"product_cat-tabac-a-cigarettes-fr","10":"pa_tabak-huelsen-1-x-150-gr","11":"pa_tabak-huelsen-1-x-87-gr","13":"first","14":"onbackorder","15":"purchasable","16":"product-type-variable"},"yoast_head":"<!-- This site is optimized with the Yoast SEO plugin v27.5 - https:\/\/yoast.com\/product\/yoast-seo-wordpress\/ -->\n<title>Tabac \u00e0 cigarettes Lucky Strike Blue \u2013 Doux et de qualit\u00e9 sup\u00e9rieure<\/title>\n<meta name=\"description\" content=\"Tabac \u00e0 cigarettes Lucky Strike Blue \u2013 doux, harmonieux et de qualit\u00e9 sup\u00e9rieure. Id\u00e9al pour une exp\u00e9rience de fumage agr\u00e9able, d&#039;une qualit\u00e9 toujours irr\u00e9prochable et appr\u00e9ci\u00e9 dans le monde entier.\" \/>\n<meta name=\"robots\" content=\"index, follow, max-snippet:-1, max-image-preview:large, max-video-preview:-1\" \/>\n<link rel=\"canonical\" href=\"https:\/\/www.tabakversand.ch\/fr\/produit\/lucky-strike-blue-75-gr-tabac-a-cigarette\/\" \/>\n<meta property=\"og:locale\" content=\"fr_FR\" \/>\n<meta property=\"og:type\" content=\"article\" \/>\n<meta property=\"og:title\" content=\"Tabac \u00e0 cigarettes Lucky Strike Blue \u2013 Doux et de qualit\u00e9 sup\u00e9rieure\" \/>\n<meta property=\"og:description\" content=\"Tabac \u00e0 cigarettes Lucky Strike Blue \u2013 doux, harmonieux et de qualit\u00e9 sup\u00e9rieure. Id\u00e9al pour une exp\u00e9rience de fumage agr\u00e9able, d&#039;une qualit\u00e9 toujours irr\u00e9prochable et appr\u00e9ci\u00e9 dans le monde entier.\" \/>\n<meta property=\"og:url\" content=\"https:\/\/www.tabakversand.ch\/fr\/produit\/lucky-strike-blue-75-gr-tabac-a-cigarette\/\" \/>\n<meta property=\"og:site_name\" content=\"Tabakversand.ch | Alles aus der Welt des Tabaks\" \/>\n<meta property=\"article:modified_time\" content=\"2026-03-13T13:11:10+00:00\" \/>\n<meta property=\"og:image\" content=\"https:\/\/www.tabakversand.ch\/wp-content\/uploads\/2022\/04\/lucky-strike-blue-all.jpg\" \/>\n\t<meta property=\"og:image:width\" content=\"500\" \/>\n\t<meta property=\"og:image:height\" content=\"500\" \/>\n\t<meta property=\"og:image:type\" content=\"image\/jpeg\" \/>\n<meta name=\"twitter:card\" content=\"summary_large_image\" \/>\n<meta name=\"twitter:label1\" content=\"Dur\u00e9e de lecture estim\u00e9e\" \/>\n\t<meta name=\"twitter:data1\" content=\"2 minutes\" \/>\n<script type=\"application\/ld+json\" class=\"yoast-schema-graph\">{\"@context\":\"https:\\\/\\\/schema.org\",\"@graph\":[{\"@type\":\"WebPage\",\"@id\":\"https:\\\/\\\/www.tabakversand.ch\\\/fr\\\/produit\\\/lucky-strike-blue-75-gr-tabac-a-cigarette\\\/\",\"url\":\"https:\\\/\\\/www.tabakversand.ch\\\/fr\\\/produit\\\/lucky-strike-blue-75-gr-tabac-a-cigarette\\\/\",\"name\":\"Tabac \u00e0 cigarettes Lucky Strike Blue \u2013 Doux et de qualit\u00e9 sup\u00e9rieure\",\"isPartOf\":{\"@id\":\"https:\\\/\\\/www.tabakversand.ch\\\/#website\"},\"primaryImageOfPage\":{\"@id\":\"https:\\\/\\\/www.tabakversand.ch\\\/fr\\\/produit\\\/lucky-strike-blue-75-gr-tabac-a-cigarette\\\/#primaryimage\"},\"image\":{\"@id\":\"https:\\\/\\\/www.tabakversand.ch\\\/fr\\\/produit\\\/lucky-strike-blue-75-gr-tabac-a-cigarette\\\/#primaryimage\"},\"thumbnailUrl\":\"https:\\\/\\\/www.tabakversand.ch\\\/wp-content\\\/uploads\\\/2022\\\/04\\\/lucky-strike-blue-all.jpg\",\"datePublished\":\"2022-04-02T09:44:32+00:00\",\"dateModified\":\"2026-03-13T13:11:10+00:00\",\"description\":\"Tabac \u00e0 cigarettes Lucky Strike Blue \u2013 doux, harmonieux et de qualit\u00e9 sup\u00e9rieure. Id\u00e9al pour une exp\u00e9rience de fumage agr\u00e9able, d'une qualit\u00e9 toujours irr\u00e9prochable et appr\u00e9ci\u00e9 dans le monde entier.\",\"breadcrumb\":{\"@id\":\"https:\\\/\\\/www.tabakversand.ch\\\/fr\\\/produit\\\/lucky-strike-blue-75-gr-tabac-a-cigarette\\\/#breadcrumb\"},\"inLanguage\":\"fr-FR\",\"potentialAction\":[{\"@type\":\"ReadAction\",\"target\":[\"https:\\\/\\\/www.tabakversand.ch\\\/fr\\\/produit\\\/lucky-strike-blue-75-gr-tabac-a-cigarette\\\/\"]}]},{\"@type\":\"ImageObject\",\"inLanguage\":\"fr-FR\",\"@id\":\"https:\\\/\\\/www.tabakversand.ch\\\/fr\\\/produit\\\/lucky-strike-blue-75-gr-tabac-a-cigarette\\\/#primaryimage\",\"url\":\"https:\\\/\\\/www.tabakversand.ch\\\/wp-content\\\/uploads\\\/2022\\\/04\\\/lucky-strike-blue-all.jpg\",\"contentUrl\":\"https:\\\/\\\/www.tabakversand.ch\\\/wp-content\\\/uploads\\\/2022\\\/04\\\/lucky-strike-blue-all.jpg\",\"width\":500,\"height\":500,\"caption\":\"Lucky Strike Blue | tabakversand.ch\"},{\"@type\":\"BreadcrumbList\",\"@id\":\"https:\\\/\\\/www.tabakversand.ch\\\/fr\\\/produit\\\/lucky-strike-blue-75-gr-tabac-a-cigarette\\\/#breadcrumb\",\"itemListElement\":[{\"@type\":\"ListItem\",\"position\":1,\"name\":\"Startseite\",\"item\":\"https:\\\/\\\/www.tabakversand.ch\\\/\"},{\"@type\":\"ListItem\",\"position\":2,\"name\":\"Boutique\",\"item\":\"https:\\\/\\\/www.tabakversand.ch\\\/fr\\\/boutique\\\/\"},{\"@type\":\"ListItem\",\"position\":3,\"name\":\"Lucky Strike Bleu\"}]},{\"@type\":\"WebSite\",\"@id\":\"https:\\\/\\\/www.tabakversand.ch\\\/#website\",\"url\":\"https:\\\/\\\/www.tabakversand.ch\\\/\",\"name\":\"Tabakversand.ch | Alles aus der Welt des Tabaks\",\"description\":\"Smoke and carpe diem\",\"potentialAction\":[{\"@type\":\"SearchAction\",\"target\":{\"@type\":\"EntryPoint\",\"urlTemplate\":\"https:\\\/\\\/www.tabakversand.ch\\\/?s={search_term_string}\"},\"query-input\":{\"@type\":\"PropertyValueSpecification\",\"valueRequired\":true,\"valueName\":\"search_term_string\"}}],\"inLanguage\":\"fr-FR\"}]}<\/script>\n<!-- \/ Yoast SEO plugin. -->","yoast_head_json":{"title":"Tabac \u00e0 cigarettes Lucky Strike Blue \u2013 Doux et de qualit\u00e9 sup\u00e9rieure","description":"Tabac \u00e0 cigarettes Lucky Strike Blue \u2013 doux, harmonieux et de qualit\u00e9 sup\u00e9rieure. Id\u00e9al pour une exp\u00e9rience de fumage agr\u00e9able, d'une qualit\u00e9 toujours irr\u00e9prochable et appr\u00e9ci\u00e9 dans le monde entier.","robots":{"index":"index","follow":"follow","max-snippet":"max-snippet:-1","max-image-preview":"max-image-preview:large","max-video-preview":"max-video-preview:-1"},"canonical":"https:\/\/www.tabakversand.ch\/fr\/produit\/lucky-strike-blue-75-gr-tabac-a-cigarette\/","og_locale":"fr_FR","og_type":"article","og_title":"Tabac \u00e0 cigarettes Lucky Strike Blue \u2013 Doux et de qualit\u00e9 sup\u00e9rieure","og_description":"Tabac \u00e0 cigarettes Lucky Strike Blue \u2013 doux, harmonieux et de qualit\u00e9 sup\u00e9rieure. Id\u00e9al pour une exp\u00e9rience de fumage agr\u00e9able, d'une qualit\u00e9 toujours irr\u00e9prochable et appr\u00e9ci\u00e9 dans le monde entier.","og_url":"https:\/\/www.tabakversand.ch\/fr\/produit\/lucky-strike-blue-75-gr-tabac-a-cigarette\/","og_site_name":"Tabakversand.ch | Alles aus der Welt des Tabaks","article_modified_time":"2026-03-13T13:11:10+00:00","og_image":[{"width":500,"height":500,"url":"https:\/\/www.tabakversand.ch\/wp-content\/uploads\/2022\/04\/lucky-strike-blue-all.jpg","type":"image\/jpeg"}],"twitter_card":"summary_large_image","twitter_misc":{"Dur\u00e9e de lecture estim\u00e9e":"2 minutes"},"schema":{"@context":"https:\/\/schema.org","@graph":[{"@type":"WebPage","@id":"https:\/\/www.tabakversand.ch\/fr\/produit\/lucky-strike-blue-75-gr-tabac-a-cigarette\/","url":"https:\/\/www.tabakversand.ch\/fr\/produit\/lucky-strike-blue-75-gr-tabac-a-cigarette\/","name":"Tabac \u00e0 cigarettes Lucky Strike Blue \u2013 Doux et de qualit\u00e9 sup\u00e9rieure","isPartOf":{"@id":"https:\/\/www.tabakversand.ch\/#website"},"primaryImageOfPage":{"@id":"https:\/\/www.tabakversand.ch\/fr\/produit\/lucky-strike-blue-75-gr-tabac-a-cigarette\/#primaryimage"},"image":{"@id":"https:\/\/www.tabakversand.ch\/fr\/produit\/lucky-strike-blue-75-gr-tabac-a-cigarette\/#primaryimage"},"thumbnailUrl":"https:\/\/www.tabakversand.ch\/wp-content\/uploads\/2022\/04\/lucky-strike-blue-all.jpg","datePublished":"2022-04-02T09:44:32+00:00","dateModified":"2026-03-13T13:11:10+00:00","description":"Tabac \u00e0 cigarettes Lucky Strike Blue \u2013 doux, harmonieux et de qualit\u00e9 sup\u00e9rieure. Id\u00e9al pour une exp\u00e9rience de fumage agr\u00e9able, d'une qualit\u00e9 toujours irr\u00e9prochable et appr\u00e9ci\u00e9 dans le monde entier.","breadcrumb":{"@id":"https:\/\/www.tabakversand.ch\/fr\/produit\/lucky-strike-blue-75-gr-tabac-a-cigarette\/#breadcrumb"},"inLanguage":"fr-FR","potentialAction":[{"@type":"ReadAction","target":["https:\/\/www.tabakversand.ch\/fr\/produit\/lucky-strike-blue-75-gr-tabac-a-cigarette\/"]}]},{"@type":"ImageObject","inLanguage":"fr-FR","@id":"https:\/\/www.tabakversand.ch\/fr\/produit\/lucky-strike-blue-75-gr-tabac-a-cigarette\/#primaryimage","url":"https:\/\/www.tabakversand.ch\/wp-content\/uploads\/2022\/04\/lucky-strike-blue-all.jpg","contentUrl":"https:\/\/www.tabakversand.ch\/wp-content\/uploads\/2022\/04\/lucky-strike-blue-all.jpg","width":500,"height":500,"caption":"Lucky Strike Blue | tabakversand.ch"},{"@type":"BreadcrumbList","@id":"https:\/\/www.tabakversand.ch\/fr\/produit\/lucky-strike-blue-75-gr-tabac-a-cigarette\/#breadcrumb","itemListElement":[{"@type":"ListItem","position":1,"name":"Startseite","item":"https:\/\/www.tabakversand.ch\/"},{"@type":"ListItem","position":2,"name":"Boutique","item":"https:\/\/www.tabakversand.ch\/fr\/boutique\/"},{"@type":"ListItem","position":3,"name":"Lucky Strike Bleu"}]},{"@type":"WebSite","@id":"https:\/\/www.tabakversand.ch\/#website","url":"https:\/\/www.tabakversand.ch\/","name":"Tabakversand.ch | Alles aus der Welt des Tabaks","description":"Smoke and carpe diem","potentialAction":[{"@type":"SearchAction","target":{"@type":"EntryPoint","urlTemplate":"https:\/\/www.tabakversand.ch\/?s={search_term_string}"},"query-input":{"@type":"PropertyValueSpecification","valueRequired":true,"valueName":"search_term_string"}}],"inLanguage":"fr-FR"}]}},"_links":{"self":[{"href":"https:\/\/www.tabakversand.ch\/fr\/wp-json\/wp\/v2\/product\/57374","targetHints":{"allow":["GET"]}}],"collection":[{"href":"https:\/\/www.tabakversand.ch\/fr\/wp-json\/wp\/v2\/product"}],"about":[{"href":"https:\/\/www.tabakversand.ch\/fr\/wp-json\/wp\/v2\/types\/product"}],"version-history":[{"count":6,"href":"https:\/\/www.tabakversand.ch\/fr\/wp-json\/wp\/v2\/product\/57374\/revisions"}],"predecessor-version":[{"id":214674,"href":"https:\/\/www.tabakversand.ch\/fr\/wp-json\/wp\/v2\/product\/57374\/revisions\/214674"}],"wp:featuredmedia":[{"embeddable":true,"href":"https:\/\/www.tabakversand.ch\/fr\/wp-json\/wp\/v2\/media\/214656"}],"wp:attachment":[{"href":"https:\/\/www.tabakversand.ch\/fr\/wp-json\/wp\/v2\/media?parent=57374"}],"wp:term":[{"taxonomy":"product_brand","embeddable":true,"href":"https:\/\/www.tabakversand.ch\/fr\/wp-json\/wp\/v2\/product_brand?post=57374"},{"taxonomy":"product_cat","embeddable":true,"href":"https:\/\/www.tabakversand.ch\/fr\/wp-json\/wp\/v2\/product_cat?post=57374"},{"taxonomy":"product_tag","embeddable":true,"href":"https:\/\/www.tabakversand.ch\/fr\/wp-json\/wp\/v2\/product_tag?post=57374"}],"curies":[{"name":"wp","href":"https:\/\/api.w.org\/{rel}","templated":true}]}}