{"id":57403,"date":"2024-08-27T11:27:32","date_gmt":"2024-08-27T09:27:32","guid":{"rendered":"http:\/\/www.tabakversand.ch\/produkt\/elf-bar-1500-20mg-pluie-neon\/"},"modified":"2024-08-27T11:31:53","modified_gmt":"2024-08-27T09:31:53","slug":"solobar-pod-2-x-2-ml-20-mg-limonade-melon","status":"publish","type":"product","link":"https:\/\/www.tabakversand.ch\/fr\/produit\/solobar-pod-2-x-2-ml-20-mg-limonade-melon\/","title":{"rendered":"Solobar Pod 2 x 2 ml 20 mg Limonade Melon"},"content":{"rendered":"<p>Solobar Pod 2 x 2 ml 20 mg Pod de limonade au melon adapt\u00e9 au Solobar S2400 Nicotine : 20 mg Contenu 2 x 2 ml Tous les prix s&rsquo;appliquent uniquement aux commandes en ligne et incluent. TVA, sous r\u00e9serve de modifications plus Exp\u00e9dition. Sous r\u00e9serve d&rsquo;erreurs, de modifications de l&rsquo;\u00e9tendue de la livraison et de la conception, d&rsquo;erreurs d&rsquo;impression et de modifications de prix. Les prix barr\u00e9s sont plut\u00f4t des prix. L&rsquo;illustration peut diff\u00e9rer de l&rsquo;original\/de l&rsquo;\u00e9tendue de la livraison. *Livraison gratuite pour les commandes sup\u00e9rieures \u00e0 CHF 250.<\/p>\n","protected":false},"excerpt":{"rendered":"<p>Solobar Pod 2 x 2 ml 20 mg Pod de limonade au melon adapt\u00e9 au Solobar S2400 Nicotine : 20 mg Contenu 2 x 2 ml Tous les prix s&rsquo;appliquent uniquement aux commandes en ligne et incluent. TVA, sous r\u00e9serve de modifications plus Exp\u00e9dition. Sous r\u00e9serve d&rsquo;erreurs, de modifications de l&rsquo;\u00e9tendue de la livraison et [&hellip;]<\/p>\n","protected":false},"featured_media":159005,"template":"","meta":[],"product_brand":[],"product_cat":[1895,1894,3151,1913,3147],"product_tag":[],"class_list":{"0":"post-57403","1":"product","2":"type-product","3":"status-publish","4":"has-post-thumbnail","6":"product_cat-e-fumee","7":"product_cat-e-liquide","8":"product_cat-pod-solobar","9":"product_cat-cigarettes-electroniques","10":"product_cat-barre-solo","12":"first","13":"onbackorder","14":"purchasable","15":"product-type-simple"},"yoast_head":"<!-- This site is optimized with the Yoast SEO plugin v27.0 - https:\/\/yoast.com\/product\/yoast-seo-wordpress\/ -->\n<title>Solobar Pod 2 x 2 ml 20 mg Limonade Melon - tabakversand.ch<\/title>\n<meta name=\"description\" content=\"Solobar Pod 2 x 2 ml 20 mg de limonade au melon | Un tr\u00e8s grand choix de e-liquides, e-cigarettes et e-pipes dans toute la Suisse Cartes accept\u00e9es !\" \/>\n<meta name=\"robots\" content=\"index, follow, max-snippet:-1, max-image-preview:large, max-video-preview:-1\" \/>\n<link rel=\"canonical\" href=\"https:\/\/www.tabakversand.ch\/produit\/solobar-pod-2-x-2ml-20mg-melon-lemonade\/\" \/>\n<meta property=\"og:locale\" content=\"fr_FR\" \/>\n<meta property=\"og:type\" content=\"article\" \/>\n<meta property=\"og:title\" content=\"Solobar Pod 2 x 2 ml 20 mg Limonade Melon - tabakversand.ch\" \/>\n<meta property=\"og:description\" content=\"Solobar Pod 2 x 2 ml 20 mg de limonade au melon | Un tr\u00e8s grand choix de e-liquides, e-cigarettes et e-pipes dans toute la Suisse Cartes accept\u00e9es !\" \/>\n<meta property=\"og:url\" content=\"https:\/\/www.tabakversand.ch\/produit\/solobar-pod-2-x-2ml-20mg-melon-lemonade\/\" \/>\n<meta property=\"og:site_name\" content=\"Tabakversand.ch | Alles aus der Welt des Tabaks\" \/>\n<meta property=\"article:modified_time\" content=\"2024-08-27T09:31:53+00:00\" \/>\n<meta property=\"og:image\" content=\"https:\/\/www.tabakversand.ch\/wp-content\/uploads\/2022\/04\/solobar-pod-melon-lemonade.jpg\" \/>\n\t<meta property=\"og:image:width\" content=\"500\" \/>\n\t<meta property=\"og:image:height\" content=\"500\" \/>\n\t<meta property=\"og:image:type\" content=\"image\/jpeg\" \/>\n<meta name=\"twitter:card\" content=\"summary_large_image\" \/>\n<meta name=\"twitter:label1\" content=\"Dur\u00e9e de lecture estim\u00e9e\" \/>\n\t<meta name=\"twitter:data1\" content=\"1 minute\" \/>\n<script type=\"application\/ld+json\" class=\"yoast-schema-graph\">{\"@context\":\"https:\/\/schema.org\",\"@graph\":[{\"@type\":\"WebPage\",\"@id\":\"https:\/\/www.tabakversand.ch\/produit\/solobar-pod-2-x-2ml-20mg-melon-lemonade\/\",\"url\":\"https:\/\/www.tabakversand.ch\/produit\/solobar-pod-2-x-2ml-20mg-melon-lemonade\/\",\"name\":\"Solobar Pod 2 x 2 ml 20 mg Limonade Melon - tabakversand.ch\",\"isPartOf\":{\"@id\":\"https:\/\/www.tabakversand.ch\/#website\"},\"primaryImageOfPage\":{\"@id\":\"https:\/\/www.tabakversand.ch\/produit\/solobar-pod-2-x-2ml-20mg-melon-lemonade\/#primaryimage\"},\"image\":{\"@id\":\"https:\/\/www.tabakversand.ch\/produit\/solobar-pod-2-x-2ml-20mg-melon-lemonade\/#primaryimage\"},\"thumbnailUrl\":\"https:\/\/www.tabakversand.ch\/wp-content\/uploads\/2022\/04\/solobar-pod-melon-lemonade.jpg\",\"datePublished\":\"2024-08-27T09:27:32+00:00\",\"dateModified\":\"2024-08-27T09:31:53+00:00\",\"description\":\"Solobar Pod 2 x 2 ml 20 mg de limonade au melon | Un tr\u00e8s grand choix de e-liquides, e-cigarettes et e-pipes dans toute la Suisse Cartes accept\u00e9es !\",\"breadcrumb\":{\"@id\":\"https:\/\/www.tabakversand.ch\/produit\/solobar-pod-2-x-2ml-20mg-melon-lemonade\/#breadcrumb\"},\"inLanguage\":\"fr-FR\",\"potentialAction\":[{\"@type\":\"ReadAction\",\"target\":[\"https:\/\/www.tabakversand.ch\/produit\/solobar-pod-2-x-2ml-20mg-melon-lemonade\/\"]}]},{\"@type\":\"ImageObject\",\"inLanguage\":\"fr-FR\",\"@id\":\"https:\/\/www.tabakversand.ch\/produit\/solobar-pod-2-x-2ml-20mg-melon-lemonade\/#primaryimage\",\"url\":\"https:\/\/www.tabakversand.ch\/wp-content\/uploads\/2022\/04\/solobar-pod-melon-lemonade.jpg\",\"contentUrl\":\"https:\/\/www.tabakversand.ch\/wp-content\/uploads\/2022\/04\/solobar-pod-melon-lemonade.jpg\",\"width\":500,\"height\":500,\"caption\":\"Solobar Pod 2 x 2ml 20mg Melon Lemonade\"},{\"@type\":\"BreadcrumbList\",\"@id\":\"https:\/\/www.tabakversand.ch\/produit\/solobar-pod-2-x-2ml-20mg-melon-lemonade\/#breadcrumb\",\"itemListElement\":[{\"@type\":\"ListItem\",\"position\":1,\"name\":\"Startseite\",\"item\":\"https:\/\/www.tabakversand.ch\/\"},{\"@type\":\"ListItem\",\"position\":2,\"name\":\"Boutique\",\"item\":\"https:\/\/www.tabakversand.ch\/fr\/boutique\/\"},{\"@type\":\"ListItem\",\"position\":3,\"name\":\"Solobar Pod 2 x 2 ml 20 mg Limonade Melon\"}]},{\"@type\":\"WebSite\",\"@id\":\"https:\/\/www.tabakversand.ch\/#website\",\"url\":\"https:\/\/www.tabakversand.ch\/\",\"name\":\"Tabakversand.ch | Alles aus der Welt des Tabaks\",\"description\":\"Smoke and carpe diem\",\"potentialAction\":[{\"@type\":\"SearchAction\",\"target\":{\"@type\":\"EntryPoint\",\"urlTemplate\":\"https:\/\/www.tabakversand.ch\/?s={search_term_string}\"},\"query-input\":{\"@type\":\"PropertyValueSpecification\",\"valueRequired\":true,\"valueName\":\"search_term_string\"}}],\"inLanguage\":\"fr-FR\"}]}<\/script>\n<!-- \/ Yoast SEO plugin. -->","yoast_head_json":{"title":"Solobar Pod 2 x 2 ml 20 mg Limonade Melon - tabakversand.ch","description":"Solobar Pod 2 x 2 ml 20 mg de limonade au melon | Un tr\u00e8s grand choix de e-liquides, e-cigarettes et e-pipes dans toute la Suisse Cartes accept\u00e9es !","robots":{"index":"index","follow":"follow","max-snippet":"max-snippet:-1","max-image-preview":"max-image-preview:large","max-video-preview":"max-video-preview:-1"},"canonical":"https:\/\/www.tabakversand.ch\/produit\/solobar-pod-2-x-2ml-20mg-melon-lemonade\/","og_locale":"fr_FR","og_type":"article","og_title":"Solobar Pod 2 x 2 ml 20 mg Limonade Melon - tabakversand.ch","og_description":"Solobar Pod 2 x 2 ml 20 mg de limonade au melon | Un tr\u00e8s grand choix de e-liquides, e-cigarettes et e-pipes dans toute la Suisse Cartes accept\u00e9es !","og_url":"https:\/\/www.tabakversand.ch\/produit\/solobar-pod-2-x-2ml-20mg-melon-lemonade\/","og_site_name":"Tabakversand.ch | Alles aus der Welt des Tabaks","article_modified_time":"2024-08-27T09:31:53+00:00","og_image":[{"width":500,"height":500,"url":"https:\/\/www.tabakversand.ch\/wp-content\/uploads\/2022\/04\/solobar-pod-melon-lemonade.jpg","type":"image\/jpeg"}],"twitter_card":"summary_large_image","twitter_misc":{"Dur\u00e9e de lecture estim\u00e9e":"1 minute"},"schema":{"@context":"https:\/\/schema.org","@graph":[{"@type":"WebPage","@id":"https:\/\/www.tabakversand.ch\/produit\/solobar-pod-2-x-2ml-20mg-melon-lemonade\/","url":"https:\/\/www.tabakversand.ch\/produit\/solobar-pod-2-x-2ml-20mg-melon-lemonade\/","name":"Solobar Pod 2 x 2 ml 20 mg Limonade Melon - tabakversand.ch","isPartOf":{"@id":"https:\/\/www.tabakversand.ch\/#website"},"primaryImageOfPage":{"@id":"https:\/\/www.tabakversand.ch\/produit\/solobar-pod-2-x-2ml-20mg-melon-lemonade\/#primaryimage"},"image":{"@id":"https:\/\/www.tabakversand.ch\/produit\/solobar-pod-2-x-2ml-20mg-melon-lemonade\/#primaryimage"},"thumbnailUrl":"https:\/\/www.tabakversand.ch\/wp-content\/uploads\/2022\/04\/solobar-pod-melon-lemonade.jpg","datePublished":"2024-08-27T09:27:32+00:00","dateModified":"2024-08-27T09:31:53+00:00","description":"Solobar Pod 2 x 2 ml 20 mg de limonade au melon | Un tr\u00e8s grand choix de e-liquides, e-cigarettes et e-pipes dans toute la Suisse Cartes accept\u00e9es !","breadcrumb":{"@id":"https:\/\/www.tabakversand.ch\/produit\/solobar-pod-2-x-2ml-20mg-melon-lemonade\/#breadcrumb"},"inLanguage":"fr-FR","potentialAction":[{"@type":"ReadAction","target":["https:\/\/www.tabakversand.ch\/produit\/solobar-pod-2-x-2ml-20mg-melon-lemonade\/"]}]},{"@type":"ImageObject","inLanguage":"fr-FR","@id":"https:\/\/www.tabakversand.ch\/produit\/solobar-pod-2-x-2ml-20mg-melon-lemonade\/#primaryimage","url":"https:\/\/www.tabakversand.ch\/wp-content\/uploads\/2022\/04\/solobar-pod-melon-lemonade.jpg","contentUrl":"https:\/\/www.tabakversand.ch\/wp-content\/uploads\/2022\/04\/solobar-pod-melon-lemonade.jpg","width":500,"height":500,"caption":"Solobar Pod 2 x 2ml 20mg Melon Lemonade"},{"@type":"BreadcrumbList","@id":"https:\/\/www.tabakversand.ch\/produit\/solobar-pod-2-x-2ml-20mg-melon-lemonade\/#breadcrumb","itemListElement":[{"@type":"ListItem","position":1,"name":"Startseite","item":"https:\/\/www.tabakversand.ch\/"},{"@type":"ListItem","position":2,"name":"Boutique","item":"https:\/\/www.tabakversand.ch\/fr\/boutique\/"},{"@type":"ListItem","position":3,"name":"Solobar Pod 2 x 2 ml 20 mg Limonade Melon"}]},{"@type":"WebSite","@id":"https:\/\/www.tabakversand.ch\/#website","url":"https:\/\/www.tabakversand.ch\/","name":"Tabakversand.ch | Alles aus der Welt des Tabaks","description":"Smoke and carpe diem","potentialAction":[{"@type":"SearchAction","target":{"@type":"EntryPoint","urlTemplate":"https:\/\/www.tabakversand.ch\/?s={search_term_string}"},"query-input":{"@type":"PropertyValueSpecification","valueRequired":true,"valueName":"search_term_string"}}],"inLanguage":"fr-FR"}]}},"_links":{"self":[{"href":"https:\/\/www.tabakversand.ch\/fr\/wp-json\/wp\/v2\/product\/57403","targetHints":{"allow":["GET"]}}],"collection":[{"href":"https:\/\/www.tabakversand.ch\/fr\/wp-json\/wp\/v2\/product"}],"about":[{"href":"https:\/\/www.tabakversand.ch\/fr\/wp-json\/wp\/v2\/types\/product"}],"version-history":[{"count":2,"href":"https:\/\/www.tabakversand.ch\/fr\/wp-json\/wp\/v2\/product\/57403\/revisions"}],"predecessor-version":[{"id":159013,"href":"https:\/\/www.tabakversand.ch\/fr\/wp-json\/wp\/v2\/product\/57403\/revisions\/159013"}],"wp:featuredmedia":[{"embeddable":true,"href":"https:\/\/www.tabakversand.ch\/fr\/wp-json\/wp\/v2\/media\/159005"}],"wp:attachment":[{"href":"https:\/\/www.tabakversand.ch\/fr\/wp-json\/wp\/v2\/media?parent=57403"}],"wp:term":[{"taxonomy":"product_brand","embeddable":true,"href":"https:\/\/www.tabakversand.ch\/fr\/wp-json\/wp\/v2\/product_brand?post=57403"},{"taxonomy":"product_cat","embeddable":true,"href":"https:\/\/www.tabakversand.ch\/fr\/wp-json\/wp\/v2\/product_cat?post=57403"},{"taxonomy":"product_tag","embeddable":true,"href":"https:\/\/www.tabakversand.ch\/fr\/wp-json\/wp\/v2\/product_tag?post=57403"}],"curies":[{"name":"wp","href":"https:\/\/api.w.org\/{rel}","templated":true}]}}