{"id":57412,"date":"2022-04-02T11:44:32","date_gmt":"2022-04-02T09:44:32","guid":{"rendered":"http:\/\/www.tabakversand.ch\/produkt\/elf-bar-1500-20mg-fraise-banane\/"},"modified":"2025-08-24T18:23:19","modified_gmt":"2025-08-24T16:23:19","slug":"elf-bar-elfa-pro-2-x-2-ml-pod-10-mg","status":"publish","type":"product","link":"https:\/\/www.tabakversand.ch\/fr\/produit\/elf-bar-elfa-pro-2-x-2-ml-pod-10-mg\/","title":{"rendered":"Elf Bar ELFA Pro 2 x 2 ml Pod 10 mg"},"content":{"rendered":"<p>Elf Bar ELFA Pro 2 x 2 ml Pod 10 mg<\/p>\n<p>Vivez une toute nouvelle exp\u00e9rience de vapotage avec les pods ELFBAR ELFA Pro. Ces dosettes pr\u00e9remplies sont parfaites pour vous si vous appr\u00e9ciez la qualit\u00e9 et le go\u00fbt. Avec une vari\u00e9t\u00e9 de saveurs, les dosettes ELFBAR ELFA Pro offrent quelque chose pour tous les go\u00fbts. Pr\u00e9-rempli et pr\u00eat \u00e0 l&#8217;emploi : pas de remplissage, pas de g\u00e2chis \u2013 il suffit de le brancher et d&rsquo;en profiter. Haute qualit\u00e9 : fabriqu\u00e9 \u00e0 partir d&rsquo;ingr\u00e9dients de haute qualit\u00e9 pour une exp\u00e9rience de vapotage pure et intense.<\/p>\n<p>NOTE IMPORTANTE:<\/p>\n<p>Veuillez noter que le kit ELFBAR ELFA Pro est disponible s\u00e9par\u00e9ment et est n\u00e9cessaire pour faire fonctionner les pods.<\/p>\n<table width=\"520\">\n<tbody>\n<tr>\n<td>Nombre de mouvements<\/td>\n<td>environ : 1200<\/td>\n<\/tr>\n<tr>\n<td>Type d&rsquo;appareil<\/td>\n<td>Jetable avec nicotine<\/td>\n<\/tr>\n<tr>\n<td>Teneur en nicotine\/ml<\/td>\n<td>10 mg<\/td>\n<\/tr>\n<tr>\n<td>Quantit\u00e9 de remplissage<\/td>\n<td>2,0 ml<\/td>\n<\/tr>\n<\/tbody>\n<\/table>\n<p>Tous les prix s&rsquo;appliquent uniquement aux commandes en ligne et incluent la TVA. Sous r\u00e9serve de modifications sans pr\u00e9avis, frais de livraison en sus. Sous r\u00e9serve d&rsquo;erreurs, de modifications de contenu de livraison et de conception, de fautes d&rsquo;impression et de modifications de prix. Les prix barr\u00e9s sont des prix de remplacement. Les illustrations peuvent diff\u00e9rer de l&rsquo;original\/du contenu de livraison.<br \/>\n*Livraison gratuite pour les commandes sup\u00e9rieures \u00e0 CHF 250.-.<\/p>\n","protected":false},"excerpt":{"rendered":"<p>Elf Bar ELFA Pro 2 x 2 ml Pod 10 mg Vivez une toute nouvelle exp\u00e9rience de vapotage avec les pods ELFBAR ELFA Pro. Ces dosettes pr\u00e9remplies sont parfaites pour vous si vous appr\u00e9ciez la qualit\u00e9 et le go\u00fbt. Avec une vari\u00e9t\u00e9 de saveurs, les dosettes ELFBAR ELFA Pro offrent quelque chose pour tous les [&hellip;]<\/p>\n","protected":false},"featured_media":193384,"template":"","meta":[],"product_brand":[2951],"product_cat":[1895,1894,2880],"product_tag":[],"class_list":{"0":"post-57412","1":"product","2":"type-product","3":"status-publish","4":"has-post-thumbnail","6":"product_brand-elfbar","7":"product_cat-e-fumee","8":"product_cat-e-liquide","9":"product_cat-elf-bar-elfa-pro-pod-fr","10":"pa_geschmack-apple-peach-fr","11":"pa_geschmack-banana-fr","12":"pa_geschmack-blue-razz-lemonade-fr","13":"pa_geschmack-blueberry-fr","14":"pa_geschmack-blueberry-sour-raspberry-fr","15":"pa_geschmack-cola-fr","16":"pa_geschmack-kiwi-passionfruit-guava-fr","17":"pa_geschmack-lemon-mint-fr","18":"pa_geschmack-mix-berries-fr","19":"pa_geschmack-peach-ice-fr","20":"pa_geschmack-pink-lemonade-fr","21":"pa_geschmack-raspberry-watermelon-fr","22":"pa_geschmack-spearmint-fr","23":"pa_geschmack-strawberry-ice-fr","24":"pa_geschmack-strawberry-kiwi-fr","25":"pa_geschmack-strawberry-raspberry-fr","26":"pa_geschmack-strawberry-raspberry-cherry-ice-fr","27":"pa_geschmack-tropical-fruit-fr","28":"pa_geschmack-watermelon-fr","29":"pa_geschmack-watermelon-cherry-fr","31":"first","32":"onbackorder","33":"purchasable","34":"product-type-variable"},"yoast_head":"<!-- This site is optimized with the Yoast SEO plugin v27.5 - https:\/\/yoast.com\/product\/yoast-seo-wordpress\/ -->\n<title>Elf Bar ELFA Pro 2 x 2 ml Pod 10 mg<\/title>\n<meta name=\"description\" content=\"Elf Bar ELFA Pro 2 x 2ml Pod 10mg | Un tr\u00e8s grand choix de produits du tabac, e-smoke et accessoires fumeurs dans toute la Suisse | Cartes accept\u00e9es !\" \/>\n<meta name=\"robots\" content=\"index, follow, max-snippet:-1, max-image-preview:large, max-video-preview:-1\" \/>\n<link rel=\"canonical\" href=\"https:\/\/www.tabakversand.ch\/fr\/produit\/elf-bar-elfa-pro-2-x-2-ml-pod-10-mg\/\" \/>\n<meta property=\"og:locale\" content=\"fr_FR\" \/>\n<meta property=\"og:type\" content=\"article\" \/>\n<meta property=\"og:title\" content=\"Elf Bar ELFA Pro 2 x 2 ml Pod 10 mg\" \/>\n<meta property=\"og:description\" content=\"Elf Bar ELFA Pro 2 x 2ml Pod 10mg | Un tr\u00e8s grand choix de produits du tabac, e-smoke et accessoires fumeurs dans toute la Suisse | Cartes accept\u00e9es !\" \/>\n<meta property=\"og:url\" content=\"https:\/\/www.tabakversand.ch\/fr\/produit\/elf-bar-elfa-pro-2-x-2-ml-pod-10-mg\/\" \/>\n<meta property=\"og:site_name\" content=\"Tabakversand.ch | Alles aus der Welt des Tabaks\" \/>\n<meta property=\"article:modified_time\" content=\"2025-08-24T16:23:19+00:00\" \/>\n<meta property=\"og:image\" content=\"https:\/\/www.tabakversand.ch\/wp-content\/uploads\/2022\/04\/elfa-pro-2ml-pods-all-10mg-.jpg\" \/>\n\t<meta property=\"og:image:width\" content=\"500\" \/>\n\t<meta property=\"og:image:height\" content=\"500\" \/>\n\t<meta property=\"og:image:type\" content=\"image\/jpeg\" \/>\n<meta name=\"twitter:card\" content=\"summary_large_image\" \/>\n<meta name=\"twitter:label1\" content=\"Dur\u00e9e de lecture estim\u00e9e\" \/>\n\t<meta name=\"twitter:data1\" content=\"2 minutes\" \/>\n<script type=\"application\/ld+json\" class=\"yoast-schema-graph\">{\"@context\":\"https:\\\/\\\/schema.org\",\"@graph\":[{\"@type\":\"WebPage\",\"@id\":\"https:\\\/\\\/www.tabakversand.ch\\\/fr\\\/produit\\\/elf-bar-elfa-pro-2-x-2-ml-pod-10-mg\\\/\",\"url\":\"https:\\\/\\\/www.tabakversand.ch\\\/fr\\\/produit\\\/elf-bar-elfa-pro-2-x-2-ml-pod-10-mg\\\/\",\"name\":\"Elf Bar ELFA Pro 2 x 2 ml Pod 10 mg\",\"isPartOf\":{\"@id\":\"https:\\\/\\\/www.tabakversand.ch\\\/#website\"},\"primaryImageOfPage\":{\"@id\":\"https:\\\/\\\/www.tabakversand.ch\\\/fr\\\/produit\\\/elf-bar-elfa-pro-2-x-2-ml-pod-10-mg\\\/#primaryimage\"},\"image\":{\"@id\":\"https:\\\/\\\/www.tabakversand.ch\\\/fr\\\/produit\\\/elf-bar-elfa-pro-2-x-2-ml-pod-10-mg\\\/#primaryimage\"},\"thumbnailUrl\":\"https:\\\/\\\/www.tabakversand.ch\\\/wp-content\\\/uploads\\\/2022\\\/04\\\/elfa-pro-2ml-pods-all-10mg-.jpg\",\"datePublished\":\"2022-04-02T09:44:32+00:00\",\"dateModified\":\"2025-08-24T16:23:19+00:00\",\"description\":\"Elf Bar ELFA Pro 2 x 2ml Pod 10mg | Un tr\u00e8s grand choix de produits du tabac, e-smoke et accessoires fumeurs dans toute la Suisse | Cartes accept\u00e9es !\",\"breadcrumb\":{\"@id\":\"https:\\\/\\\/www.tabakversand.ch\\\/fr\\\/produit\\\/elf-bar-elfa-pro-2-x-2-ml-pod-10-mg\\\/#breadcrumb\"},\"inLanguage\":\"fr-FR\",\"potentialAction\":[{\"@type\":\"ReadAction\",\"target\":[\"https:\\\/\\\/www.tabakversand.ch\\\/fr\\\/produit\\\/elf-bar-elfa-pro-2-x-2-ml-pod-10-mg\\\/\"]}]},{\"@type\":\"ImageObject\",\"inLanguage\":\"fr-FR\",\"@id\":\"https:\\\/\\\/www.tabakversand.ch\\\/fr\\\/produit\\\/elf-bar-elfa-pro-2-x-2-ml-pod-10-mg\\\/#primaryimage\",\"url\":\"https:\\\/\\\/www.tabakversand.ch\\\/wp-content\\\/uploads\\\/2022\\\/04\\\/elfa-pro-2ml-pods-all-10mg-.jpg\",\"contentUrl\":\"https:\\\/\\\/www.tabakversand.ch\\\/wp-content\\\/uploads\\\/2022\\\/04\\\/elfa-pro-2ml-pods-all-10mg-.jpg\",\"width\":500,\"height\":500,\"caption\":\"Elf Bar ELFA Pro 2 x 2 ml Pod 10 mg | Tabakversand.ch\"},{\"@type\":\"BreadcrumbList\",\"@id\":\"https:\\\/\\\/www.tabakversand.ch\\\/fr\\\/produit\\\/elf-bar-elfa-pro-2-x-2-ml-pod-10-mg\\\/#breadcrumb\",\"itemListElement\":[{\"@type\":\"ListItem\",\"position\":1,\"name\":\"Startseite\",\"item\":\"https:\\\/\\\/www.tabakversand.ch\\\/\"},{\"@type\":\"ListItem\",\"position\":2,\"name\":\"Boutique\",\"item\":\"https:\\\/\\\/www.tabakversand.ch\\\/fr\\\/boutique\\\/\"},{\"@type\":\"ListItem\",\"position\":3,\"name\":\"Elf Bar ELFA Pro 2 x 2 ml Pod 10 mg\"}]},{\"@type\":\"WebSite\",\"@id\":\"https:\\\/\\\/www.tabakversand.ch\\\/#website\",\"url\":\"https:\\\/\\\/www.tabakversand.ch\\\/\",\"name\":\"Tabakversand.ch | Alles aus der Welt des Tabaks\",\"description\":\"Smoke and carpe diem\",\"potentialAction\":[{\"@type\":\"SearchAction\",\"target\":{\"@type\":\"EntryPoint\",\"urlTemplate\":\"https:\\\/\\\/www.tabakversand.ch\\\/?s={search_term_string}\"},\"query-input\":{\"@type\":\"PropertyValueSpecification\",\"valueRequired\":true,\"valueName\":\"search_term_string\"}}],\"inLanguage\":\"fr-FR\"}]}<\/script>\n<!-- \/ Yoast SEO plugin. -->","yoast_head_json":{"title":"Elf Bar ELFA Pro 2 x 2 ml Pod 10 mg","description":"Elf Bar ELFA Pro 2 x 2ml Pod 10mg | Un tr\u00e8s grand choix de produits du tabac, e-smoke et accessoires fumeurs dans toute la Suisse | Cartes accept\u00e9es !","robots":{"index":"index","follow":"follow","max-snippet":"max-snippet:-1","max-image-preview":"max-image-preview:large","max-video-preview":"max-video-preview:-1"},"canonical":"https:\/\/www.tabakversand.ch\/fr\/produit\/elf-bar-elfa-pro-2-x-2-ml-pod-10-mg\/","og_locale":"fr_FR","og_type":"article","og_title":"Elf Bar ELFA Pro 2 x 2 ml Pod 10 mg","og_description":"Elf Bar ELFA Pro 2 x 2ml Pod 10mg | Un tr\u00e8s grand choix de produits du tabac, e-smoke et accessoires fumeurs dans toute la Suisse | Cartes accept\u00e9es !","og_url":"https:\/\/www.tabakversand.ch\/fr\/produit\/elf-bar-elfa-pro-2-x-2-ml-pod-10-mg\/","og_site_name":"Tabakversand.ch | Alles aus der Welt des Tabaks","article_modified_time":"2025-08-24T16:23:19+00:00","og_image":[{"width":500,"height":500,"url":"https:\/\/www.tabakversand.ch\/wp-content\/uploads\/2022\/04\/elfa-pro-2ml-pods-all-10mg-.jpg","type":"image\/jpeg"}],"twitter_card":"summary_large_image","twitter_misc":{"Dur\u00e9e de lecture estim\u00e9e":"2 minutes"},"schema":{"@context":"https:\/\/schema.org","@graph":[{"@type":"WebPage","@id":"https:\/\/www.tabakversand.ch\/fr\/produit\/elf-bar-elfa-pro-2-x-2-ml-pod-10-mg\/","url":"https:\/\/www.tabakversand.ch\/fr\/produit\/elf-bar-elfa-pro-2-x-2-ml-pod-10-mg\/","name":"Elf Bar ELFA Pro 2 x 2 ml Pod 10 mg","isPartOf":{"@id":"https:\/\/www.tabakversand.ch\/#website"},"primaryImageOfPage":{"@id":"https:\/\/www.tabakversand.ch\/fr\/produit\/elf-bar-elfa-pro-2-x-2-ml-pod-10-mg\/#primaryimage"},"image":{"@id":"https:\/\/www.tabakversand.ch\/fr\/produit\/elf-bar-elfa-pro-2-x-2-ml-pod-10-mg\/#primaryimage"},"thumbnailUrl":"https:\/\/www.tabakversand.ch\/wp-content\/uploads\/2022\/04\/elfa-pro-2ml-pods-all-10mg-.jpg","datePublished":"2022-04-02T09:44:32+00:00","dateModified":"2025-08-24T16:23:19+00:00","description":"Elf Bar ELFA Pro 2 x 2ml Pod 10mg | Un tr\u00e8s grand choix de produits du tabac, e-smoke et accessoires fumeurs dans toute la Suisse | Cartes accept\u00e9es !","breadcrumb":{"@id":"https:\/\/www.tabakversand.ch\/fr\/produit\/elf-bar-elfa-pro-2-x-2-ml-pod-10-mg\/#breadcrumb"},"inLanguage":"fr-FR","potentialAction":[{"@type":"ReadAction","target":["https:\/\/www.tabakversand.ch\/fr\/produit\/elf-bar-elfa-pro-2-x-2-ml-pod-10-mg\/"]}]},{"@type":"ImageObject","inLanguage":"fr-FR","@id":"https:\/\/www.tabakversand.ch\/fr\/produit\/elf-bar-elfa-pro-2-x-2-ml-pod-10-mg\/#primaryimage","url":"https:\/\/www.tabakversand.ch\/wp-content\/uploads\/2022\/04\/elfa-pro-2ml-pods-all-10mg-.jpg","contentUrl":"https:\/\/www.tabakversand.ch\/wp-content\/uploads\/2022\/04\/elfa-pro-2ml-pods-all-10mg-.jpg","width":500,"height":500,"caption":"Elf Bar ELFA Pro 2 x 2 ml Pod 10 mg | Tabakversand.ch"},{"@type":"BreadcrumbList","@id":"https:\/\/www.tabakversand.ch\/fr\/produit\/elf-bar-elfa-pro-2-x-2-ml-pod-10-mg\/#breadcrumb","itemListElement":[{"@type":"ListItem","position":1,"name":"Startseite","item":"https:\/\/www.tabakversand.ch\/"},{"@type":"ListItem","position":2,"name":"Boutique","item":"https:\/\/www.tabakversand.ch\/fr\/boutique\/"},{"@type":"ListItem","position":3,"name":"Elf Bar ELFA Pro 2 x 2 ml Pod 10 mg"}]},{"@type":"WebSite","@id":"https:\/\/www.tabakversand.ch\/#website","url":"https:\/\/www.tabakversand.ch\/","name":"Tabakversand.ch | Alles aus der Welt des Tabaks","description":"Smoke and carpe diem","potentialAction":[{"@type":"SearchAction","target":{"@type":"EntryPoint","urlTemplate":"https:\/\/www.tabakversand.ch\/?s={search_term_string}"},"query-input":{"@type":"PropertyValueSpecification","valueRequired":true,"valueName":"search_term_string"}}],"inLanguage":"fr-FR"}]}},"_links":{"self":[{"href":"https:\/\/www.tabakversand.ch\/fr\/wp-json\/wp\/v2\/product\/57412","targetHints":{"allow":["GET"]}}],"collection":[{"href":"https:\/\/www.tabakversand.ch\/fr\/wp-json\/wp\/v2\/product"}],"about":[{"href":"https:\/\/www.tabakversand.ch\/fr\/wp-json\/wp\/v2\/types\/product"}],"version-history":[{"count":5,"href":"https:\/\/www.tabakversand.ch\/fr\/wp-json\/wp\/v2\/product\/57412\/revisions"}],"predecessor-version":[{"id":195592,"href":"https:\/\/www.tabakversand.ch\/fr\/wp-json\/wp\/v2\/product\/57412\/revisions\/195592"}],"wp:featuredmedia":[{"embeddable":true,"href":"https:\/\/www.tabakversand.ch\/fr\/wp-json\/wp\/v2\/media\/193384"}],"wp:attachment":[{"href":"https:\/\/www.tabakversand.ch\/fr\/wp-json\/wp\/v2\/media?parent=57412"}],"wp:term":[{"taxonomy":"product_brand","embeddable":true,"href":"https:\/\/www.tabakversand.ch\/fr\/wp-json\/wp\/v2\/product_brand?post=57412"},{"taxonomy":"product_cat","embeddable":true,"href":"https:\/\/www.tabakversand.ch\/fr\/wp-json\/wp\/v2\/product_cat?post=57412"},{"taxonomy":"product_tag","embeddable":true,"href":"https:\/\/www.tabakversand.ch\/fr\/wp-json\/wp\/v2\/product_tag?post=57412"}],"curies":[{"name":"wp","href":"https:\/\/api.w.org\/{rel}","templated":true}]}}