{"id":57572,"date":"2022-04-02T11:42:52","date_gmt":"2022-04-02T09:42:52","guid":{"rendered":"http:\/\/www.tabakversand.ch\/produkt\/pointes-preroulees-larges-raw\/"},"modified":"2026-01-22T08:03:48","modified_gmt":"2026-01-22T07:03:48","slug":"pointes-preminees-a-grande-largeur-brute","status":"publish","type":"product","link":"https:\/\/www.tabakversand.ch\/fr\/produit\/pointes-preminees-a-grande-largeur-brute\/","title":{"rendered":"Pointes pr\u00e9roul\u00e9es larges RAW"},"content":{"rendered":"<p>Pointes pr\u00e9roul\u00e9es larges RAW<\/p>\n<p>Avec les embouts de filtre large pr\u00e9lamin\u00e9s de 8&#215;18 mm de RAW, vous \u00eates toujours pr\u00eat.<\/p>\n<p>20 x 21 pi\u00e8ces.<\/p>\n<table id=\"product-attribute-specs-table\" class=\"data table additional-attributes\">\n<tbody>\n<tr>\n<th class=\"col label breite\" style=\"width: 91px;text-align: left\" scope=\"row\"><strong><span class=\"text_desc_lable\">Largeur<\/span><\/strong><\/th>\n<td class=\"col data\" style=\"width: 105px\" data-th=\"Breite\">18 mm<\/td>\n<\/tr>\n<tr>\n<th class=\"col label filter_perforation\" style=\"width: 91px;text-align: left\" scope=\"row\"><strong><span class=\"text_desc_lable\">perforation<\/span><\/strong><\/th>\n<td class=\"col data\" style=\"width: 105px\" data-th=\"Perforation\">sans perforation<\/td>\n<\/tr>\n<tr>\n<th class=\"col label ungebleicht\" style=\"width: 91px;text-align: left\" scope=\"row\"><span class=\"text_desc_lable\"><strong><span class=\"text_desc_lable\">Non blanchi<\/span><\/strong><\/span><\/th>\n<td class=\"col data\" style=\"width: 105px\" data-th=\"Ungebleicht\">Non<\/td>\n<\/tr>\n<\/tbody>\n<\/table>\n<p>Tous les prix s&rsquo;appliquent uniquement aux commandes en ligne et incluent la TVA. Sous r\u00e9serve de modifications sans pr\u00e9avis, frais de livraison en sus. Sous r\u00e9serve d&rsquo;erreurs, de modifications de contenu de livraison et de conception, de fautes d&rsquo;impression et de modifications de prix. Les prix barr\u00e9s sont des prix de remplacement. Les illustrations peuvent diff\u00e9rer de l&rsquo;original\/du contenu de livraison.     <\/p>\n<p>*Livraison gratuite pour les commandes sup\u00e9rieures \u00e0 CHF 250.-.<\/p>\n","protected":false},"excerpt":{"rendered":"<p>Pointes pr\u00e9roul\u00e9es larges RAW Avec les embouts de filtre large pr\u00e9lamin\u00e9s de 8&#215;18 mm de RAW, vous \u00eates toujours pr\u00eat. 20 x 21 pi\u00e8ces. Largeur 18 mm perforation sans perforation Non blanchi Non Tous les prix s&rsquo;appliquent uniquement aux commandes en ligne et incluent la TVA. Sous r\u00e9serve de modifications sans pr\u00e9avis, frais de livraison [&hellip;]<\/p>\n","protected":false},"featured_media":14002,"template":"","meta":[],"product_brand":[1773],"product_cat":[3219,1961,5184,1995,3231,2014],"product_tag":[],"class_list":{"0":"post-57572","1":"product","2":"type-product","3":"status-publish","4":"has-post-thumbnail","6":"product_brand-raw","7":"product_cat-boutique-de-tete","8":"product_cat-cigarettes-self-made-fr-2","9":"product_cat-conseils-de-filtre","10":"product_cat-divers-headshop","11":"product_cat-filtre","12":"product_cat-filtres-a-cigarettes","14":"first","15":"onbackorder","16":"purchasable","17":"product-type-simple"},"yoast_head":"<!-- This site is optimized with the Yoast SEO plugin v27.0 - https:\/\/yoast.com\/product\/yoast-seo-wordpress\/ -->\n<title>Pointes pr\u00e9roul\u00e9es larges RAW<\/title>\n<meta name=\"description\" content=\"Pointes pr\u00e9-roul\u00e9es larges RAW | Tabakversand.ch | Grand choix de produits du tabac et d&#039;accessoires pour fumeurs | Cartes accept\u00e9es !\" \/>\n<meta name=\"robots\" content=\"index, follow, max-snippet:-1, max-image-preview:large, max-video-preview:-1\" \/>\n<link rel=\"canonical\" href=\"https:\/\/www.tabakversand.ch\/fr\/produit\/pointes-preminees-a-grande-largeur-brute\/\" \/>\n<meta property=\"og:locale\" content=\"fr_FR\" \/>\n<meta property=\"og:type\" content=\"article\" \/>\n<meta property=\"og:title\" content=\"Pointes pr\u00e9roul\u00e9es larges RAW\" \/>\n<meta property=\"og:description\" content=\"Pointes pr\u00e9-roul\u00e9es larges RAW | Tabakversand.ch | Grand choix de produits du tabac et d&#039;accessoires pour fumeurs | Cartes accept\u00e9es !\" \/>\n<meta property=\"og:url\" content=\"https:\/\/www.tabakversand.ch\/fr\/produit\/pointes-preminees-a-grande-largeur-brute\/\" \/>\n<meta property=\"og:site_name\" content=\"Tabakversand.ch | Alles aus der Welt des Tabaks\" \/>\n<meta property=\"article:modified_time\" content=\"2026-01-22T07:03:48+00:00\" \/>\n<meta property=\"og:image\" content=\"https:\/\/www.tabakversand.ch\/wp-content\/uploads\/2022\/03\/raw-wide-prerolled-tips-20-21.jpg\" \/>\n\t<meta property=\"og:image:width\" content=\"500\" \/>\n\t<meta property=\"og:image:height\" content=\"500\" \/>\n\t<meta property=\"og:image:type\" content=\"image\/jpeg\" \/>\n<meta name=\"twitter:card\" content=\"summary_large_image\" \/>\n<meta name=\"twitter:label1\" content=\"Dur\u00e9e de lecture estim\u00e9e\" \/>\n\t<meta name=\"twitter:data1\" content=\"1 minute\" \/>\n<script type=\"application\/ld+json\" class=\"yoast-schema-graph\">{\"@context\":\"https:\/\/schema.org\",\"@graph\":[{\"@type\":\"WebPage\",\"@id\":\"https:\/\/www.tabakversand.ch\/fr\/produit\/pointes-preminees-a-grande-largeur-brute\/\",\"url\":\"https:\/\/www.tabakversand.ch\/fr\/produit\/pointes-preminees-a-grande-largeur-brute\/\",\"name\":\"Pointes pr\u00e9roul\u00e9es larges RAW\",\"isPartOf\":{\"@id\":\"https:\/\/www.tabakversand.ch\/#website\"},\"primaryImageOfPage\":{\"@id\":\"https:\/\/www.tabakversand.ch\/fr\/produit\/pointes-preminees-a-grande-largeur-brute\/#primaryimage\"},\"image\":{\"@id\":\"https:\/\/www.tabakversand.ch\/fr\/produit\/pointes-preminees-a-grande-largeur-brute\/#primaryimage\"},\"thumbnailUrl\":\"https:\/\/www.tabakversand.ch\/wp-content\/uploads\/2022\/03\/raw-wide-prerolled-tips-20-21.jpg\",\"datePublished\":\"2022-04-02T09:42:52+00:00\",\"dateModified\":\"2026-01-22T07:03:48+00:00\",\"description\":\"Pointes pr\u00e9-roul\u00e9es larges RAW | Tabakversand.ch | Grand choix de produits du tabac et d'accessoires pour fumeurs | Cartes accept\u00e9es !\",\"breadcrumb\":{\"@id\":\"https:\/\/www.tabakversand.ch\/fr\/produit\/pointes-preminees-a-grande-largeur-brute\/#breadcrumb\"},\"inLanguage\":\"fr-FR\",\"potentialAction\":[{\"@type\":\"ReadAction\",\"target\":[\"https:\/\/www.tabakversand.ch\/fr\/produit\/pointes-preminees-a-grande-largeur-brute\/\"]}]},{\"@type\":\"ImageObject\",\"inLanguage\":\"fr-FR\",\"@id\":\"https:\/\/www.tabakversand.ch\/fr\/produit\/pointes-preminees-a-grande-largeur-brute\/#primaryimage\",\"url\":\"https:\/\/www.tabakversand.ch\/wp-content\/uploads\/2022\/03\/raw-wide-prerolled-tips-20-21.jpg\",\"contentUrl\":\"https:\/\/www.tabakversand.ch\/wp-content\/uploads\/2022\/03\/raw-wide-prerolled-tips-20-21.jpg\",\"width\":500,\"height\":500,\"caption\":\"Pointes pr\u00e9roul\u00e9es larges RAW\"},{\"@type\":\"BreadcrumbList\",\"@id\":\"https:\/\/www.tabakversand.ch\/fr\/produit\/pointes-preminees-a-grande-largeur-brute\/#breadcrumb\",\"itemListElement\":[{\"@type\":\"ListItem\",\"position\":1,\"name\":\"Startseite\",\"item\":\"https:\/\/www.tabakversand.ch\/\"},{\"@type\":\"ListItem\",\"position\":2,\"name\":\"Boutique\",\"item\":\"https:\/\/www.tabakversand.ch\/fr\/boutique\/\"},{\"@type\":\"ListItem\",\"position\":3,\"name\":\"Pointes pr\u00e9roul\u00e9es larges RAW\"}]},{\"@type\":\"WebSite\",\"@id\":\"https:\/\/www.tabakversand.ch\/#website\",\"url\":\"https:\/\/www.tabakversand.ch\/\",\"name\":\"Tabakversand.ch | Alles aus der Welt des Tabaks\",\"description\":\"Smoke and carpe diem\",\"potentialAction\":[{\"@type\":\"SearchAction\",\"target\":{\"@type\":\"EntryPoint\",\"urlTemplate\":\"https:\/\/www.tabakversand.ch\/?s={search_term_string}\"},\"query-input\":{\"@type\":\"PropertyValueSpecification\",\"valueRequired\":true,\"valueName\":\"search_term_string\"}}],\"inLanguage\":\"fr-FR\"}]}<\/script>\n<!-- \/ Yoast SEO plugin. -->","yoast_head_json":{"title":"Pointes pr\u00e9roul\u00e9es larges RAW","description":"Pointes pr\u00e9-roul\u00e9es larges RAW | Tabakversand.ch | Grand choix de produits du tabac et d'accessoires pour fumeurs | Cartes accept\u00e9es !","robots":{"index":"index","follow":"follow","max-snippet":"max-snippet:-1","max-image-preview":"max-image-preview:large","max-video-preview":"max-video-preview:-1"},"canonical":"https:\/\/www.tabakversand.ch\/fr\/produit\/pointes-preminees-a-grande-largeur-brute\/","og_locale":"fr_FR","og_type":"article","og_title":"Pointes pr\u00e9roul\u00e9es larges RAW","og_description":"Pointes pr\u00e9-roul\u00e9es larges RAW | Tabakversand.ch | Grand choix de produits du tabac et d'accessoires pour fumeurs | Cartes accept\u00e9es !","og_url":"https:\/\/www.tabakversand.ch\/fr\/produit\/pointes-preminees-a-grande-largeur-brute\/","og_site_name":"Tabakversand.ch | Alles aus der Welt des Tabaks","article_modified_time":"2026-01-22T07:03:48+00:00","og_image":[{"width":500,"height":500,"url":"https:\/\/www.tabakversand.ch\/wp-content\/uploads\/2022\/03\/raw-wide-prerolled-tips-20-21.jpg","type":"image\/jpeg"}],"twitter_card":"summary_large_image","twitter_misc":{"Dur\u00e9e de lecture estim\u00e9e":"1 minute"},"schema":{"@context":"https:\/\/schema.org","@graph":[{"@type":"WebPage","@id":"https:\/\/www.tabakversand.ch\/fr\/produit\/pointes-preminees-a-grande-largeur-brute\/","url":"https:\/\/www.tabakversand.ch\/fr\/produit\/pointes-preminees-a-grande-largeur-brute\/","name":"Pointes pr\u00e9roul\u00e9es larges RAW","isPartOf":{"@id":"https:\/\/www.tabakversand.ch\/#website"},"primaryImageOfPage":{"@id":"https:\/\/www.tabakversand.ch\/fr\/produit\/pointes-preminees-a-grande-largeur-brute\/#primaryimage"},"image":{"@id":"https:\/\/www.tabakversand.ch\/fr\/produit\/pointes-preminees-a-grande-largeur-brute\/#primaryimage"},"thumbnailUrl":"https:\/\/www.tabakversand.ch\/wp-content\/uploads\/2022\/03\/raw-wide-prerolled-tips-20-21.jpg","datePublished":"2022-04-02T09:42:52+00:00","dateModified":"2026-01-22T07:03:48+00:00","description":"Pointes pr\u00e9-roul\u00e9es larges RAW | Tabakversand.ch | Grand choix de produits du tabac et d'accessoires pour fumeurs | Cartes accept\u00e9es !","breadcrumb":{"@id":"https:\/\/www.tabakversand.ch\/fr\/produit\/pointes-preminees-a-grande-largeur-brute\/#breadcrumb"},"inLanguage":"fr-FR","potentialAction":[{"@type":"ReadAction","target":["https:\/\/www.tabakversand.ch\/fr\/produit\/pointes-preminees-a-grande-largeur-brute\/"]}]},{"@type":"ImageObject","inLanguage":"fr-FR","@id":"https:\/\/www.tabakversand.ch\/fr\/produit\/pointes-preminees-a-grande-largeur-brute\/#primaryimage","url":"https:\/\/www.tabakversand.ch\/wp-content\/uploads\/2022\/03\/raw-wide-prerolled-tips-20-21.jpg","contentUrl":"https:\/\/www.tabakversand.ch\/wp-content\/uploads\/2022\/03\/raw-wide-prerolled-tips-20-21.jpg","width":500,"height":500,"caption":"Pointes pr\u00e9roul\u00e9es larges RAW"},{"@type":"BreadcrumbList","@id":"https:\/\/www.tabakversand.ch\/fr\/produit\/pointes-preminees-a-grande-largeur-brute\/#breadcrumb","itemListElement":[{"@type":"ListItem","position":1,"name":"Startseite","item":"https:\/\/www.tabakversand.ch\/"},{"@type":"ListItem","position":2,"name":"Boutique","item":"https:\/\/www.tabakversand.ch\/fr\/boutique\/"},{"@type":"ListItem","position":3,"name":"Pointes pr\u00e9roul\u00e9es larges RAW"}]},{"@type":"WebSite","@id":"https:\/\/www.tabakversand.ch\/#website","url":"https:\/\/www.tabakversand.ch\/","name":"Tabakversand.ch | Alles aus der Welt des Tabaks","description":"Smoke and carpe diem","potentialAction":[{"@type":"SearchAction","target":{"@type":"EntryPoint","urlTemplate":"https:\/\/www.tabakversand.ch\/?s={search_term_string}"},"query-input":{"@type":"PropertyValueSpecification","valueRequired":true,"valueName":"search_term_string"}}],"inLanguage":"fr-FR"}]}},"_links":{"self":[{"href":"https:\/\/www.tabakversand.ch\/fr\/wp-json\/wp\/v2\/product\/57572","targetHints":{"allow":["GET"]}}],"collection":[{"href":"https:\/\/www.tabakversand.ch\/fr\/wp-json\/wp\/v2\/product"}],"about":[{"href":"https:\/\/www.tabakversand.ch\/fr\/wp-json\/wp\/v2\/types\/product"}],"version-history":[{"count":2,"href":"https:\/\/www.tabakversand.ch\/fr\/wp-json\/wp\/v2\/product\/57572\/revisions"}],"predecessor-version":[{"id":209584,"href":"https:\/\/www.tabakversand.ch\/fr\/wp-json\/wp\/v2\/product\/57572\/revisions\/209584"}],"wp:featuredmedia":[{"embeddable":true,"href":"https:\/\/www.tabakversand.ch\/fr\/wp-json\/wp\/v2\/media\/14002"}],"wp:attachment":[{"href":"https:\/\/www.tabakversand.ch\/fr\/wp-json\/wp\/v2\/media?parent=57572"}],"wp:term":[{"taxonomy":"product_brand","embeddable":true,"href":"https:\/\/www.tabakversand.ch\/fr\/wp-json\/wp\/v2\/product_brand?post=57572"},{"taxonomy":"product_cat","embeddable":true,"href":"https:\/\/www.tabakversand.ch\/fr\/wp-json\/wp\/v2\/product_cat?post=57572"},{"taxonomy":"product_tag","embeddable":true,"href":"https:\/\/www.tabakversand.ch\/fr\/wp-json\/wp\/v2\/product_tag?post=57572"}],"curies":[{"name":"wp","href":"https:\/\/api.w.org\/{rel}","templated":true}]}}