{"id":57585,"date":"2022-04-02T11:42:52","date_gmt":"2022-04-02T09:42:52","guid":{"rendered":"http:\/\/www.tabakversand.ch\/produkt\/zippo-stars-and-strips-briquet\/"},"modified":"2022-11-23T15:38:17","modified_gmt":"2022-11-23T14:38:17","slug":"zippo-etoiles-et-bandes-plus-legeres","status":"publish","type":"product","link":"https:\/\/www.tabakversand.ch\/fr\/produit\/zippo-etoiles-et-bandes-plus-legeres\/","title":{"rendered":"Zippo Stars and Strips Briquet"},"content":{"rendered":"<p>Zippo Stars and Strips Lighter &#8211; Ce design patriotique du drapeau am\u00e9ricain est repr\u00e9sent\u00e9 sur un briquet en pierre de fer coupe-vent robuste de couleur<\/p>\n<ul>\n<li>Constitu\u00e9 de m\u00e9tal; conception coupe-vent qui fonctionne pratiquement n\u2019importe o\u00f9.<\/li>\n<li>Rechargeable pour une utilisation \u00e0 vie; nous recommandons l\u2019essence, le silex et les m\u00e8ches plus l\u00e9gers Zippo premium d\u2019origine.<\/li>\n<li>Garantie: 30 ans sur la m\u00e9canique (hors consommables et surfaces)<\/li>\n<li>Fabriqu\u00e9 aux \u00c9tats-Unis<\/li>\n<li>Carburant: Essence originale Zippo Premium Lighter (vendue s\u00e9par\u00e9ment, toutes les Zippo ne sont pas remplies)<\/li>\n<li>Pierre de fer<\/li>\n<\/ul>\n<p>Tous les prix ne sont valables que pour les commandes en ligne et comprennent La TVA, sont sujettes \u00e0 changement plus la TVA. Frais d\u2019exp\u00e9dition. Erreurs, changements dans l\u2019\u00e9tendue de la livraison et de la conception, erreurs d\u2019impression et changements de prix r\u00e9serv\u00e9s. Les prix barr\u00e9s sont stattpreise. L\u2019illustration peut diff\u00e9rer de l\u2019original \/ de la port\u00e9e de la livraison.<br \/>\n*Livraison gratuite \u00e0 partir de CHF 250.- valeur de la commande.<\/p>\n","protected":false},"excerpt":{"rendered":"<p>Zippo Stars and Strips Lighter &#8211; Ce design patriotique du drapeau am\u00e9ricain est repr\u00e9sent\u00e9 sur un briquet en pierre de fer coupe-vent robuste de couleur Constitu\u00e9 de m\u00e9tal; conception coupe-vent qui fonctionne pratiquement n\u2019importe o\u00f9. Rechargeable pour une utilisation \u00e0 vie; nous recommandons l\u2019essence, le silex et les m\u00e8ches plus l\u00e9gers Zippo premium d\u2019origine. Garantie: [&hellip;]<\/p>\n","protected":false},"featured_media":13988,"template":"","meta":[],"product_brand":[1567],"product_cat":[1927,1926,1975],"product_tag":[],"class_list":{"0":"post-57585","1":"product","2":"type-product","3":"status-publish","4":"has-post-thumbnail","6":"product_brand-zippo-feuerzeuge-und-acessoires","7":"product_cat-briquets","8":"product_cat-collections-de-briquets-zippo","9":"product_cat-zippo-urban-style-classique","11":"first","12":"instock","13":"purchasable","14":"product-type-simple"},"yoast_head":"<!-- This site is optimized with the Yoast SEO plugin v27.0 - https:\/\/yoast.com\/product\/yoast-seo-wordpress\/ -->\n<title>Zippo Stars and Strips Briquet<\/title>\n<meta name=\"description\" content=\"Zippo Viking Design Briquet | Grand choix de briquets Zippo originaux et d\u2019accessoires Zippo | Cartes accept\u00e9es!\" \/>\n<meta name=\"robots\" content=\"index, follow, max-snippet:-1, max-image-preview:large, max-video-preview:-1\" \/>\n<link rel=\"canonical\" href=\"https:\/\/www.tabakversand.ch\/produit\/zippo-stars-and-strips-feuerzeug\/\" \/>\n<meta property=\"og:locale\" content=\"fr_FR\" \/>\n<meta property=\"og:type\" content=\"article\" \/>\n<meta property=\"og:title\" content=\"Zippo Stars and Strips Briquet\" \/>\n<meta property=\"og:description\" content=\"Zippo Viking Design Briquet | Grand choix de briquets Zippo originaux et d\u2019accessoires Zippo | Cartes accept\u00e9es!\" \/>\n<meta property=\"og:url\" content=\"https:\/\/www.tabakversand.ch\/produit\/zippo-stars-and-strips-feuerzeug\/\" \/>\n<meta property=\"og:site_name\" content=\"Tabakversand.ch | Alles aus der Welt des Tabaks\" \/>\n<meta property=\"article:modified_time\" content=\"2022-11-23T14:38:17+00:00\" \/>\n<meta property=\"og:image\" content=\"https:\/\/www.tabakversand.ch\/wp-content\/uploads\/2022\/03\/zippo-stars-and-stripes-design.jpg\" \/>\n\t<meta property=\"og:image:width\" content=\"500\" \/>\n\t<meta property=\"og:image:height\" content=\"500\" \/>\n\t<meta property=\"og:image:type\" content=\"image\/jpeg\" \/>\n<meta name=\"twitter:card\" content=\"summary_large_image\" \/>\n<meta name=\"twitter:label1\" content=\"Dur\u00e9e de lecture estim\u00e9e\" \/>\n\t<meta name=\"twitter:data1\" content=\"1 minute\" \/>\n<script type=\"application\/ld+json\" class=\"yoast-schema-graph\">{\"@context\":\"https:\/\/schema.org\",\"@graph\":[{\"@type\":\"WebPage\",\"@id\":\"https:\/\/www.tabakversand.ch\/produit\/zippo-stars-and-strips-feuerzeug\/\",\"url\":\"https:\/\/www.tabakversand.ch\/produit\/zippo-stars-and-strips-feuerzeug\/\",\"name\":\"Zippo Stars and Strips Briquet\",\"isPartOf\":{\"@id\":\"https:\/\/www.tabakversand.ch\/#website\"},\"primaryImageOfPage\":{\"@id\":\"https:\/\/www.tabakversand.ch\/produit\/zippo-stars-and-strips-feuerzeug\/#primaryimage\"},\"image\":{\"@id\":\"https:\/\/www.tabakversand.ch\/produit\/zippo-stars-and-strips-feuerzeug\/#primaryimage\"},\"thumbnailUrl\":\"https:\/\/www.tabakversand.ch\/wp-content\/uploads\/2022\/03\/zippo-stars-and-stripes-design.jpg\",\"datePublished\":\"2022-04-02T09:42:52+00:00\",\"dateModified\":\"2022-11-23T14:38:17+00:00\",\"description\":\"Zippo Viking Design Briquet | Grand choix de briquets Zippo originaux et d\u2019accessoires Zippo | Cartes accept\u00e9es!\",\"breadcrumb\":{\"@id\":\"https:\/\/www.tabakversand.ch\/produit\/zippo-stars-and-strips-feuerzeug\/#breadcrumb\"},\"inLanguage\":\"fr-FR\",\"potentialAction\":[{\"@type\":\"ReadAction\",\"target\":[\"https:\/\/www.tabakversand.ch\/produit\/zippo-stars-and-strips-feuerzeug\/\"]}]},{\"@type\":\"ImageObject\",\"inLanguage\":\"fr-FR\",\"@id\":\"https:\/\/www.tabakversand.ch\/produit\/zippo-stars-and-strips-feuerzeug\/#primaryimage\",\"url\":\"https:\/\/www.tabakversand.ch\/wp-content\/uploads\/2022\/03\/zippo-stars-and-stripes-design.jpg\",\"contentUrl\":\"https:\/\/www.tabakversand.ch\/wp-content\/uploads\/2022\/03\/zippo-stars-and-stripes-design.jpg\",\"width\":500,\"height\":500,\"caption\":\"Zippo Stars and Strips Briquet\"},{\"@type\":\"BreadcrumbList\",\"@id\":\"https:\/\/www.tabakversand.ch\/produit\/zippo-stars-and-strips-feuerzeug\/#breadcrumb\",\"itemListElement\":[{\"@type\":\"ListItem\",\"position\":1,\"name\":\"Startseite\",\"item\":\"https:\/\/www.tabakversand.ch\/\"},{\"@type\":\"ListItem\",\"position\":2,\"name\":\"Boutique\",\"item\":\"https:\/\/www.tabakversand.ch\/fr\/boutique\/\"},{\"@type\":\"ListItem\",\"position\":3,\"name\":\"Zippo Stars and Strips Briquet\"}]},{\"@type\":\"WebSite\",\"@id\":\"https:\/\/www.tabakversand.ch\/#website\",\"url\":\"https:\/\/www.tabakversand.ch\/\",\"name\":\"Tabakversand.ch | Alles aus der Welt des Tabaks\",\"description\":\"Smoke and carpe diem\",\"potentialAction\":[{\"@type\":\"SearchAction\",\"target\":{\"@type\":\"EntryPoint\",\"urlTemplate\":\"https:\/\/www.tabakversand.ch\/?s={search_term_string}\"},\"query-input\":{\"@type\":\"PropertyValueSpecification\",\"valueRequired\":true,\"valueName\":\"search_term_string\"}}],\"inLanguage\":\"fr-FR\"}]}<\/script>\n<!-- \/ Yoast SEO plugin. -->","yoast_head_json":{"title":"Zippo Stars and Strips Briquet","description":"Zippo Viking Design Briquet | Grand choix de briquets Zippo originaux et d\u2019accessoires Zippo | Cartes accept\u00e9es!","robots":{"index":"index","follow":"follow","max-snippet":"max-snippet:-1","max-image-preview":"max-image-preview:large","max-video-preview":"max-video-preview:-1"},"canonical":"https:\/\/www.tabakversand.ch\/produit\/zippo-stars-and-strips-feuerzeug\/","og_locale":"fr_FR","og_type":"article","og_title":"Zippo Stars and Strips Briquet","og_description":"Zippo Viking Design Briquet | Grand choix de briquets Zippo originaux et d\u2019accessoires Zippo | Cartes accept\u00e9es!","og_url":"https:\/\/www.tabakversand.ch\/produit\/zippo-stars-and-strips-feuerzeug\/","og_site_name":"Tabakversand.ch | Alles aus der Welt des Tabaks","article_modified_time":"2022-11-23T14:38:17+00:00","og_image":[{"width":500,"height":500,"url":"https:\/\/www.tabakversand.ch\/wp-content\/uploads\/2022\/03\/zippo-stars-and-stripes-design.jpg","type":"image\/jpeg"}],"twitter_card":"summary_large_image","twitter_misc":{"Dur\u00e9e de lecture estim\u00e9e":"1 minute"},"schema":{"@context":"https:\/\/schema.org","@graph":[{"@type":"WebPage","@id":"https:\/\/www.tabakversand.ch\/produit\/zippo-stars-and-strips-feuerzeug\/","url":"https:\/\/www.tabakversand.ch\/produit\/zippo-stars-and-strips-feuerzeug\/","name":"Zippo Stars and Strips Briquet","isPartOf":{"@id":"https:\/\/www.tabakversand.ch\/#website"},"primaryImageOfPage":{"@id":"https:\/\/www.tabakversand.ch\/produit\/zippo-stars-and-strips-feuerzeug\/#primaryimage"},"image":{"@id":"https:\/\/www.tabakversand.ch\/produit\/zippo-stars-and-strips-feuerzeug\/#primaryimage"},"thumbnailUrl":"https:\/\/www.tabakversand.ch\/wp-content\/uploads\/2022\/03\/zippo-stars-and-stripes-design.jpg","datePublished":"2022-04-02T09:42:52+00:00","dateModified":"2022-11-23T14:38:17+00:00","description":"Zippo Viking Design Briquet | Grand choix de briquets Zippo originaux et d\u2019accessoires Zippo | Cartes accept\u00e9es!","breadcrumb":{"@id":"https:\/\/www.tabakversand.ch\/produit\/zippo-stars-and-strips-feuerzeug\/#breadcrumb"},"inLanguage":"fr-FR","potentialAction":[{"@type":"ReadAction","target":["https:\/\/www.tabakversand.ch\/produit\/zippo-stars-and-strips-feuerzeug\/"]}]},{"@type":"ImageObject","inLanguage":"fr-FR","@id":"https:\/\/www.tabakversand.ch\/produit\/zippo-stars-and-strips-feuerzeug\/#primaryimage","url":"https:\/\/www.tabakversand.ch\/wp-content\/uploads\/2022\/03\/zippo-stars-and-stripes-design.jpg","contentUrl":"https:\/\/www.tabakversand.ch\/wp-content\/uploads\/2022\/03\/zippo-stars-and-stripes-design.jpg","width":500,"height":500,"caption":"Zippo Stars and Strips Briquet"},{"@type":"BreadcrumbList","@id":"https:\/\/www.tabakversand.ch\/produit\/zippo-stars-and-strips-feuerzeug\/#breadcrumb","itemListElement":[{"@type":"ListItem","position":1,"name":"Startseite","item":"https:\/\/www.tabakversand.ch\/"},{"@type":"ListItem","position":2,"name":"Boutique","item":"https:\/\/www.tabakversand.ch\/fr\/boutique\/"},{"@type":"ListItem","position":3,"name":"Zippo Stars and Strips Briquet"}]},{"@type":"WebSite","@id":"https:\/\/www.tabakversand.ch\/#website","url":"https:\/\/www.tabakversand.ch\/","name":"Tabakversand.ch | Alles aus der Welt des Tabaks","description":"Smoke and carpe diem","potentialAction":[{"@type":"SearchAction","target":{"@type":"EntryPoint","urlTemplate":"https:\/\/www.tabakversand.ch\/?s={search_term_string}"},"query-input":{"@type":"PropertyValueSpecification","valueRequired":true,"valueName":"search_term_string"}}],"inLanguage":"fr-FR"}]}},"_links":{"self":[{"href":"https:\/\/www.tabakversand.ch\/fr\/wp-json\/wp\/v2\/product\/57585","targetHints":{"allow":["GET"]}}],"collection":[{"href":"https:\/\/www.tabakversand.ch\/fr\/wp-json\/wp\/v2\/product"}],"about":[{"href":"https:\/\/www.tabakversand.ch\/fr\/wp-json\/wp\/v2\/types\/product"}],"version-history":[{"count":0,"href":"https:\/\/www.tabakversand.ch\/fr\/wp-json\/wp\/v2\/product\/57585\/revisions"}],"wp:featuredmedia":[{"embeddable":true,"href":"https:\/\/www.tabakversand.ch\/fr\/wp-json\/wp\/v2\/media\/13988"}],"wp:attachment":[{"href":"https:\/\/www.tabakversand.ch\/fr\/wp-json\/wp\/v2\/media?parent=57585"}],"wp:term":[{"taxonomy":"product_brand","embeddable":true,"href":"https:\/\/www.tabakversand.ch\/fr\/wp-json\/wp\/v2\/product_brand?post=57585"},{"taxonomy":"product_cat","embeddable":true,"href":"https:\/\/www.tabakversand.ch\/fr\/wp-json\/wp\/v2\/product_cat?post=57585"},{"taxonomy":"product_tag","embeddable":true,"href":"https:\/\/www.tabakversand.ch\/fr\/wp-json\/wp\/v2\/product_tag?post=57585"}],"curies":[{"name":"wp","href":"https:\/\/api.w.org\/{rel}","templated":true}]}}