{"id":58452,"date":"2023-09-14T13:49:56","date_gmt":"2023-09-14T11:49:56","guid":{"rendered":"http:\/\/www.tabakversand.ch\/produkt\/sonnenfeld-marie-anna-hanf-baerg-gold-outdoor-12-gr\/"},"modified":"2025-06-14T17:46:00","modified_gmt":"2025-06-14T15:46:00","slug":"sonnenfeld-marie-anna-hanf-baerg-gold-outdoor-12-gr","status":"publish","type":"product","link":"https:\/\/www.tabakversand.ch\/fr\/produit\/sonnenfeld-marie-anna-hanf-baerg-gold-outdoor-12-gr\/","title":{"rendered":"Sonnenfeld Marie &amp; Anna Hanf B\u00e4rg Gold Outdoor 12 gr."},"content":{"rendered":"<p>Sonnenfeld Marie &amp; Anna Hanf B\u00e4rg Gold Outdoor 12 gr.<\/p>\n<p>Le produit est 100% naturel et ne contient ni tabac ni nicotine.<\/p>\n<p>Sa longue barbe virevolte, il regarde au loin, ses yeux d\u00e9j\u00e0 un peu d\u00e9lav\u00e9s, brun noisette calmes et d\u00e9tendus alors qu\u2019ils regardent le lever du soleil. Les premiers rayons tombent doucement sur le paysage et baignent les montagnes suisses d\u2019une lumi\u00e8re jaune d\u2019or. \u00ab Bear Gold \u00bb, murmura-t-il, un doux sourire sur son visage alors que la maison derri\u00e8re lui, qui appartient \u00e0 sa famille depuis des g\u00e9n\u00e9rations, prend lentement vie.<\/p>\n<p>Non seulement avec l\u2019apparence que ce produit peut se vanter, non, aussi le go\u00fbt est excellent. En fin de compte, ce sont les valeurs int\u00e9rieures qui comptent.<br \/>\n Ce chanvre indig\u00e8ne avec ses belles grandes fleurs velues peut certainement marquer des points avec les deux.<\/p>\n<p><strong>Ar\u00f4me:<\/strong> subtilement noisette<\/p>\n<p>Tous les prix s&rsquo;appliquent uniquement aux commandes en ligne et incluent la TVA. TVA, sous r\u00e9serve de modifications plus Exp\u00e9dition. Sous r\u00e9serve d&rsquo;erreurs, de modifications de l&rsquo;\u00e9tendue de la livraison et de la conception, d&rsquo;erreurs d&rsquo;impression et de modifications de prix. Les prix barr\u00e9s sont plut\u00f4t des prix. L&rsquo;illustration peut diff\u00e9rer de l&rsquo;original\/de l&rsquo;\u00e9tendue de la livraison.<br \/>\n*Livraison gratuite pour les commandes sup\u00e9rieures \u00e0 CHF 250.<\/p>\n","protected":false},"excerpt":{"rendered":"<p>Sonnenfeld Marie &amp; Anna Hanf B\u00e4rg Gold Outdoor 12 gr. Le produit est 100% naturel et ne contient ni tabac ni nicotine. Sa longue barbe virevolte, il regarde au loin, ses yeux d\u00e9j\u00e0 un peu d\u00e9lav\u00e9s, brun noisette calmes et d\u00e9tendus alors qu\u2019ils regardent le lever du soleil. Les premiers rayons tombent doucement sur le [&hellip;]<\/p>\n","protected":false},"featured_media":58455,"template":"","meta":[],"product_brand":[1768],"product_cat":[2101,1995],"product_tag":[],"class_list":{"0":"post-58452","1":"product","2":"type-product","3":"status-publish","4":"has-post-thumbnail","6":"product_brand-sonnenfeld","7":"product_cat-chanvre-cbd","8":"product_cat-divers-headshop","10":"first","11":"onbackorder","12":"purchasable","13":"product-type-simple"},"yoast_head":"<!-- This site is optimized with the Yoast SEO plugin v27.0 - https:\/\/yoast.com\/product\/yoast-seo-wordpress\/ -->\n<title>Sonnenfeld Marie &amp; Anna Hanf B\u00e4rg Gold Outdoor 12 gr.<\/title>\n<meta name=\"description\" content=\"Sonnenfeld Marie &amp; Anna Hanf B\u00e4rg Gold Outdoor 12 gr. | Une large gamme de produits du tabac dans toute la Suisse | Cartes accept\u00e9es!\" \/>\n<meta name=\"robots\" content=\"index, follow, max-snippet:-1, max-image-preview:large, max-video-preview:-1\" \/>\n<link rel=\"canonical\" href=\"https:\/\/www.tabakversand.ch\/fr\/produit\/sonnenfeld-marie-anna-hanf-baerg-gold-outdoor-12-gr\/\" \/>\n<meta property=\"og:locale\" content=\"fr_FR\" \/>\n<meta property=\"og:type\" content=\"article\" \/>\n<meta property=\"og:title\" content=\"Sonnenfeld Marie &amp; Anna Hanf B\u00e4rg Gold Outdoor 12 gr.\" \/>\n<meta property=\"og:description\" content=\"Sonnenfeld Marie &amp; Anna Hanf B\u00e4rg Gold Outdoor 12 gr. | Une large gamme de produits du tabac dans toute la Suisse | Cartes accept\u00e9es!\" \/>\n<meta property=\"og:url\" content=\"https:\/\/www.tabakversand.ch\/fr\/produit\/sonnenfeld-marie-anna-hanf-baerg-gold-outdoor-12-gr\/\" \/>\n<meta property=\"og:site_name\" content=\"Tabakversand.ch | Alles aus der Welt des Tabaks\" \/>\n<meta property=\"article:modified_time\" content=\"2025-06-14T15:46:00+00:00\" \/>\n<meta property=\"og:image\" content=\"https:\/\/www.tabakversand.ch\/wp-content\/uploads\/2022\/03\/sonnenfeld-marie-anna-hanf-baerg-gold-12.jpg\" \/>\n\t<meta property=\"og:image:width\" content=\"500\" \/>\n\t<meta property=\"og:image:height\" content=\"500\" \/>\n\t<meta property=\"og:image:type\" content=\"image\/jpeg\" \/>\n<meta name=\"twitter:card\" content=\"summary_large_image\" \/>\n<meta name=\"twitter:label1\" content=\"Dur\u00e9e de lecture estim\u00e9e\" \/>\n\t<meta name=\"twitter:data1\" content=\"1 minute\" \/>\n<script type=\"application\/ld+json\" class=\"yoast-schema-graph\">{\"@context\":\"https:\/\/schema.org\",\"@graph\":[{\"@type\":\"WebPage\",\"@id\":\"https:\/\/www.tabakversand.ch\/fr\/produit\/sonnenfeld-marie-anna-hanf-baerg-gold-outdoor-12-gr\/\",\"url\":\"https:\/\/www.tabakversand.ch\/fr\/produit\/sonnenfeld-marie-anna-hanf-baerg-gold-outdoor-12-gr\/\",\"name\":\"Sonnenfeld Marie &amp; Anna Hanf B\u00e4rg Gold Outdoor 12 gr.\",\"isPartOf\":{\"@id\":\"https:\/\/www.tabakversand.ch\/#website\"},\"primaryImageOfPage\":{\"@id\":\"https:\/\/www.tabakversand.ch\/fr\/produit\/sonnenfeld-marie-anna-hanf-baerg-gold-outdoor-12-gr\/#primaryimage\"},\"image\":{\"@id\":\"https:\/\/www.tabakversand.ch\/fr\/produit\/sonnenfeld-marie-anna-hanf-baerg-gold-outdoor-12-gr\/#primaryimage\"},\"thumbnailUrl\":\"https:\/\/www.tabakversand.ch\/wp-content\/uploads\/2022\/03\/sonnenfeld-marie-anna-hanf-baerg-gold-12.jpg\",\"datePublished\":\"2023-09-14T11:49:56+00:00\",\"dateModified\":\"2025-06-14T15:46:00+00:00\",\"description\":\"Sonnenfeld Marie & Anna Hanf B\u00e4rg Gold Outdoor 12 gr. | Une large gamme de produits du tabac dans toute la Suisse | Cartes accept\u00e9es!\",\"breadcrumb\":{\"@id\":\"https:\/\/www.tabakversand.ch\/fr\/produit\/sonnenfeld-marie-anna-hanf-baerg-gold-outdoor-12-gr\/#breadcrumb\"},\"inLanguage\":\"fr-FR\",\"potentialAction\":[{\"@type\":\"ReadAction\",\"target\":[\"https:\/\/www.tabakversand.ch\/fr\/produit\/sonnenfeld-marie-anna-hanf-baerg-gold-outdoor-12-gr\/\"]}]},{\"@type\":\"ImageObject\",\"inLanguage\":\"fr-FR\",\"@id\":\"https:\/\/www.tabakversand.ch\/fr\/produit\/sonnenfeld-marie-anna-hanf-baerg-gold-outdoor-12-gr\/#primaryimage\",\"url\":\"https:\/\/www.tabakversand.ch\/wp-content\/uploads\/2022\/03\/sonnenfeld-marie-anna-hanf-baerg-gold-12.jpg\",\"contentUrl\":\"https:\/\/www.tabakversand.ch\/wp-content\/uploads\/2022\/03\/sonnenfeld-marie-anna-hanf-baerg-gold-12.jpg\",\"width\":500,\"height\":500,\"caption\":\"Sonnenfeld Marie &amp; Anna Hanf B\u00e4rg Gold Outdoor 12 gr.\"},{\"@type\":\"BreadcrumbList\",\"@id\":\"https:\/\/www.tabakversand.ch\/fr\/produit\/sonnenfeld-marie-anna-hanf-baerg-gold-outdoor-12-gr\/#breadcrumb\",\"itemListElement\":[{\"@type\":\"ListItem\",\"position\":1,\"name\":\"Startseite\",\"item\":\"https:\/\/www.tabakversand.ch\/\"},{\"@type\":\"ListItem\",\"position\":2,\"name\":\"Boutique\",\"item\":\"https:\/\/www.tabakversand.ch\/fr\/boutique\/\"},{\"@type\":\"ListItem\",\"position\":3,\"name\":\"Sonnenfeld Marie &amp; Anna Hanf B\u00e4rg Gold Outdoor 12 gr.\"}]},{\"@type\":\"WebSite\",\"@id\":\"https:\/\/www.tabakversand.ch\/#website\",\"url\":\"https:\/\/www.tabakversand.ch\/\",\"name\":\"Tabakversand.ch | Alles aus der Welt des Tabaks\",\"description\":\"Smoke and carpe diem\",\"potentialAction\":[{\"@type\":\"SearchAction\",\"target\":{\"@type\":\"EntryPoint\",\"urlTemplate\":\"https:\/\/www.tabakversand.ch\/?s={search_term_string}\"},\"query-input\":{\"@type\":\"PropertyValueSpecification\",\"valueRequired\":true,\"valueName\":\"search_term_string\"}}],\"inLanguage\":\"fr-FR\"}]}<\/script>\n<!-- \/ Yoast SEO plugin. -->","yoast_head_json":{"title":"Sonnenfeld Marie &amp; Anna Hanf B\u00e4rg Gold Outdoor 12 gr.","description":"Sonnenfeld Marie & Anna Hanf B\u00e4rg Gold Outdoor 12 gr. | Une large gamme de produits du tabac dans toute la Suisse | Cartes accept\u00e9es!","robots":{"index":"index","follow":"follow","max-snippet":"max-snippet:-1","max-image-preview":"max-image-preview:large","max-video-preview":"max-video-preview:-1"},"canonical":"https:\/\/www.tabakversand.ch\/fr\/produit\/sonnenfeld-marie-anna-hanf-baerg-gold-outdoor-12-gr\/","og_locale":"fr_FR","og_type":"article","og_title":"Sonnenfeld Marie &amp; Anna Hanf B\u00e4rg Gold Outdoor 12 gr.","og_description":"Sonnenfeld Marie & Anna Hanf B\u00e4rg Gold Outdoor 12 gr. | Une large gamme de produits du tabac dans toute la Suisse | Cartes accept\u00e9es!","og_url":"https:\/\/www.tabakversand.ch\/fr\/produit\/sonnenfeld-marie-anna-hanf-baerg-gold-outdoor-12-gr\/","og_site_name":"Tabakversand.ch | Alles aus der Welt des Tabaks","article_modified_time":"2025-06-14T15:46:00+00:00","og_image":[{"width":500,"height":500,"url":"https:\/\/www.tabakversand.ch\/wp-content\/uploads\/2022\/03\/sonnenfeld-marie-anna-hanf-baerg-gold-12.jpg","type":"image\/jpeg"}],"twitter_card":"summary_large_image","twitter_misc":{"Dur\u00e9e de lecture estim\u00e9e":"1 minute"},"schema":{"@context":"https:\/\/schema.org","@graph":[{"@type":"WebPage","@id":"https:\/\/www.tabakversand.ch\/fr\/produit\/sonnenfeld-marie-anna-hanf-baerg-gold-outdoor-12-gr\/","url":"https:\/\/www.tabakversand.ch\/fr\/produit\/sonnenfeld-marie-anna-hanf-baerg-gold-outdoor-12-gr\/","name":"Sonnenfeld Marie &amp; Anna Hanf B\u00e4rg Gold Outdoor 12 gr.","isPartOf":{"@id":"https:\/\/www.tabakversand.ch\/#website"},"primaryImageOfPage":{"@id":"https:\/\/www.tabakversand.ch\/fr\/produit\/sonnenfeld-marie-anna-hanf-baerg-gold-outdoor-12-gr\/#primaryimage"},"image":{"@id":"https:\/\/www.tabakversand.ch\/fr\/produit\/sonnenfeld-marie-anna-hanf-baerg-gold-outdoor-12-gr\/#primaryimage"},"thumbnailUrl":"https:\/\/www.tabakversand.ch\/wp-content\/uploads\/2022\/03\/sonnenfeld-marie-anna-hanf-baerg-gold-12.jpg","datePublished":"2023-09-14T11:49:56+00:00","dateModified":"2025-06-14T15:46:00+00:00","description":"Sonnenfeld Marie & Anna Hanf B\u00e4rg Gold Outdoor 12 gr. | Une large gamme de produits du tabac dans toute la Suisse | Cartes accept\u00e9es!","breadcrumb":{"@id":"https:\/\/www.tabakversand.ch\/fr\/produit\/sonnenfeld-marie-anna-hanf-baerg-gold-outdoor-12-gr\/#breadcrumb"},"inLanguage":"fr-FR","potentialAction":[{"@type":"ReadAction","target":["https:\/\/www.tabakversand.ch\/fr\/produit\/sonnenfeld-marie-anna-hanf-baerg-gold-outdoor-12-gr\/"]}]},{"@type":"ImageObject","inLanguage":"fr-FR","@id":"https:\/\/www.tabakversand.ch\/fr\/produit\/sonnenfeld-marie-anna-hanf-baerg-gold-outdoor-12-gr\/#primaryimage","url":"https:\/\/www.tabakversand.ch\/wp-content\/uploads\/2022\/03\/sonnenfeld-marie-anna-hanf-baerg-gold-12.jpg","contentUrl":"https:\/\/www.tabakversand.ch\/wp-content\/uploads\/2022\/03\/sonnenfeld-marie-anna-hanf-baerg-gold-12.jpg","width":500,"height":500,"caption":"Sonnenfeld Marie &amp; Anna Hanf B\u00e4rg Gold Outdoor 12 gr."},{"@type":"BreadcrumbList","@id":"https:\/\/www.tabakversand.ch\/fr\/produit\/sonnenfeld-marie-anna-hanf-baerg-gold-outdoor-12-gr\/#breadcrumb","itemListElement":[{"@type":"ListItem","position":1,"name":"Startseite","item":"https:\/\/www.tabakversand.ch\/"},{"@type":"ListItem","position":2,"name":"Boutique","item":"https:\/\/www.tabakversand.ch\/fr\/boutique\/"},{"@type":"ListItem","position":3,"name":"Sonnenfeld Marie &amp; Anna Hanf B\u00e4rg Gold Outdoor 12 gr."}]},{"@type":"WebSite","@id":"https:\/\/www.tabakversand.ch\/#website","url":"https:\/\/www.tabakversand.ch\/","name":"Tabakversand.ch | Alles aus der Welt des Tabaks","description":"Smoke and carpe diem","potentialAction":[{"@type":"SearchAction","target":{"@type":"EntryPoint","urlTemplate":"https:\/\/www.tabakversand.ch\/?s={search_term_string}"},"query-input":{"@type":"PropertyValueSpecification","valueRequired":true,"valueName":"search_term_string"}}],"inLanguage":"fr-FR"}]}},"_links":{"self":[{"href":"https:\/\/www.tabakversand.ch\/fr\/wp-json\/wp\/v2\/product\/58452","targetHints":{"allow":["GET"]}}],"collection":[{"href":"https:\/\/www.tabakversand.ch\/fr\/wp-json\/wp\/v2\/product"}],"about":[{"href":"https:\/\/www.tabakversand.ch\/fr\/wp-json\/wp\/v2\/types\/product"}],"version-history":[{"count":2,"href":"https:\/\/www.tabakversand.ch\/fr\/wp-json\/wp\/v2\/product\/58452\/revisions"}],"predecessor-version":[{"id":173236,"href":"https:\/\/www.tabakversand.ch\/fr\/wp-json\/wp\/v2\/product\/58452\/revisions\/173236"}],"wp:featuredmedia":[{"embeddable":true,"href":"https:\/\/www.tabakversand.ch\/fr\/wp-json\/wp\/v2\/media\/58455"}],"wp:attachment":[{"href":"https:\/\/www.tabakversand.ch\/fr\/wp-json\/wp\/v2\/media?parent=58452"}],"wp:term":[{"taxonomy":"product_brand","embeddable":true,"href":"https:\/\/www.tabakversand.ch\/fr\/wp-json\/wp\/v2\/product_brand?post=58452"},{"taxonomy":"product_cat","embeddable":true,"href":"https:\/\/www.tabakversand.ch\/fr\/wp-json\/wp\/v2\/product_cat?post=58452"},{"taxonomy":"product_tag","embeddable":true,"href":"https:\/\/www.tabakversand.ch\/fr\/wp-json\/wp\/v2\/product_tag?post=58452"}],"curies":[{"name":"wp","href":"https:\/\/api.w.org\/{rel}","templated":true}]}}