{"id":58494,"date":"2022-04-02T11:40:45","date_gmt":"2022-04-02T09:40:45","guid":{"rendered":"http:\/\/www.tabakversand.ch\/produkt\/charbon-naturel-shisko-26-mm-1-kg\/"},"modified":"2026-03-05T15:32:58","modified_gmt":"2026-03-05T14:32:58","slug":"shisko-charbon-naturel-26-mm-1-kg","status":"publish","type":"product","link":"https:\/\/www.tabakversand.ch\/fr\/produit\/shisko-charbon-naturel-26-mm-1-kg\/","title":{"rendered":"Charbon naturel Shisko 26 mm 1 Kg"},"content":{"rendered":"<div id=\"tab-label-description\" class=\"data item title active\" role=\"tab\" data-role=\"collapsible\" data-collapsible=\"true\">\n<h2>Charbon naturel Shisko<\/h2>\n<p>Un plaisir durable gr\u00e2ce aux coques de noix de coco<\/p>\n<p>Le charbon naturel Shisko Premium est fabriqu\u00e9 \u00e0 partir de coques de noix de coco et offre une qualit\u00e9 100 % naturelle, sans aucun additif chimique. Chaque cube de charbon est inodore et sans go\u00fbt, permettant ainsi \u00e0 la saveur pure du tabac de votre chicha de s&rsquo;exprimer pleinement. <\/p>\n<p>Gr\u00e2ce \u00e0 leur dur\u00e9e de combustion exceptionnellement longue (jusqu&rsquo;\u00e0 100 minutes), ces cubes de haute qualit\u00e9 sont parfaits pour des sessions de narguil\u00e9 prolong\u00e9es et relaxantes. Leur faible teneur en cendres r\u00e9duit les salissures et facilite le nettoyage apr\u00e8s utilisation. <\/p>\n<p>Les d\u00e9s ont une taille pratique de 26 x 26 x 26 mm et sont disponibles en paquet de 1 kg \u2013 parfait pour plusieurs sessions ou des soir\u00e9es conviviales entre amis.<\/p>\n<p>Note d&rsquo;application&nbsp;:<\/p>\n<ul>\n<li>Il est pr\u00e9f\u00e9rable d&rsquo;utiliser un briquet \u00e0 charbon pour l&rsquo;allumer.<\/li>\n<\/ul>\n<p>&nbsp;<\/p>\n<p>Parfait pour tous les foyers de narguil\u00e9 standard<\/p>\n<p>Avec le charbon naturel Shisko Premium, vous pouvez profiter de longues s\u00e9ances de chicha aromatiques sans additifs ind\u00e9sirables ni arri\u00e8re-go\u00fbt d\u00e9sagr\u00e9able \u2013 id\u00e9al pour les connaisseurs qui appr\u00e9cient la qualit\u00e9 et la puret\u00e9.<\/p>\n<p>Chez tabakversand.ch, vous recevez votre charbon \u00e0 chicha Shisko conserv\u00e9 dans son emballage d&rsquo;origine. Un stockage soign\u00e9 garantit une qualit\u00e9 optimale jusqu&rsquo;\u00e0 l&rsquo;exp\u00e9dition. Gr\u00e2ce \u00e0 une livraison rapide en Suisse, votre charbon \u00e0 chicha arrive g\u00e9n\u00e9ralement tr\u00e8s vite.  <\/p>\n<p>Pour plus d&rsquo;informations sur le charbon pour narguil\u00e9, veuillez consulter l&rsquo;article Wikip\u00e9dia correspondant&nbsp;: <a href=\"https:\/\/de.wikipedia.org\/wiki\/Shisha#Wasserpfeifenkohle\">cliquez ici<\/a> . Si vous avez des questions concernant le produit, n&rsquo;h\u00e9sitez pas \u00e0 nous contacter&nbsp;: <a href=\"https:\/\/www.tabakversand.ch\/kontakt\/\">cliquez ici<\/a> . <\/p>\n<\/div>\n<p>Tous les prix s&rsquo;appliquent uniquement aux commandes en ligne et incluent la TVA. Sous r\u00e9serve de modifications sans pr\u00e9avis, frais de livraison en sus. Sous r\u00e9serve d&rsquo;erreurs, de modifications de contenu de livraison et de conception, de fautes d&rsquo;impression et de modifications de prix. Les prix barr\u00e9s sont des prix de remplacement. Les illustrations peuvent diff\u00e9rer de l&rsquo;original\/du contenu de livraison.<br \/>\n*Livraison gratuite pour les commandes sup\u00e9rieures \u00e0 CHF 250.-.<\/p>\n","protected":false},"excerpt":{"rendered":"<p>Charbon naturel Shisko Un plaisir durable gr\u00e2ce aux coques de noix de coco Le charbon naturel Shisko Premium est fabriqu\u00e9 \u00e0 partir de coques de noix de coco et offre une qualit\u00e9 100 % naturelle, sans aucun additif chimique. Chaque cube de charbon est inodore et sans go\u00fbt, permettant ainsi \u00e0 la saveur pure du [&hellip;]<\/p>\n","protected":false},"featured_media":124715,"template":"","meta":[],"product_brand":[],"product_cat":[2023,1891],"product_tag":[],"class_list":{"0":"post-58494","1":"product","2":"type-product","3":"status-publish","4":"has-post-thumbnail","6":"product_cat-charbon-de-narguile","7":"product_cat-narguile","9":"first","10":"instock","11":"purchasable","12":"product-type-simple"},"yoast_head":"<!-- This site is optimized with the Yoast SEO plugin v27.0 - https:\/\/yoast.com\/product\/yoast-seo-wordpress\/ -->\n<title>Charbon naturel Shisko 26 mm 1 Kg - tabakversand.ch<\/title>\n<meta name=\"description\" content=\"Charbon naturel Shisko pour chicha \u2013 charbon de noix de coco longue dur\u00e9e pour une chaleur constante, une saveur intense et une fum\u00e9e dense. Sublimez vos sessions de chicha d\u00e8s maintenant\u00a0!\" \/>\n<meta name=\"robots\" content=\"index, follow, max-snippet:-1, max-image-preview:large, max-video-preview:-1\" \/>\n<link rel=\"canonical\" href=\"https:\/\/www.tabakversand.ch\/fr\/produit\/shisko-charbon-naturel-26-mm-1-kg\/\" \/>\n<meta property=\"og:locale\" content=\"fr_FR\" \/>\n<meta property=\"og:type\" content=\"article\" \/>\n<meta property=\"og:title\" content=\"Charbon naturel Shisko 26 mm 1 Kg - tabakversand.ch\" \/>\n<meta property=\"og:description\" content=\"Charbon naturel Shisko pour chicha \u2013 charbon de noix de coco longue dur\u00e9e pour une chaleur constante, une saveur intense et une fum\u00e9e dense. Sublimez vos sessions de chicha d\u00e8s maintenant\u00a0!\" \/>\n<meta property=\"og:url\" content=\"https:\/\/www.tabakversand.ch\/fr\/produit\/shisko-charbon-naturel-26-mm-1-kg\/\" \/>\n<meta property=\"og:site_name\" content=\"Tabakversand.ch | Alles aus der Welt des Tabaks\" \/>\n<meta property=\"article:modified_time\" content=\"2026-03-05T14:32:58+00:00\" \/>\n<meta property=\"og:image\" content=\"https:\/\/www.tabakversand.ch\/wp-content\/uploads\/2022\/04\/shisko-1kg-shisha-natur-kohle-.jpg\" \/>\n\t<meta property=\"og:image:width\" content=\"500\" \/>\n\t<meta property=\"og:image:height\" content=\"500\" \/>\n\t<meta property=\"og:image:type\" content=\"image\/jpeg\" \/>\n<meta name=\"twitter:card\" content=\"summary_large_image\" \/>\n<meta name=\"twitter:label1\" content=\"Dur\u00e9e de lecture estim\u00e9e\" \/>\n\t<meta name=\"twitter:data1\" content=\"2 minutes\" \/>\n<script type=\"application\/ld+json\" class=\"yoast-schema-graph\">{\"@context\":\"https:\/\/schema.org\",\"@graph\":[{\"@type\":\"WebPage\",\"@id\":\"https:\/\/www.tabakversand.ch\/fr\/produit\/shisko-charbon-naturel-26-mm-1-kg\/\",\"url\":\"https:\/\/www.tabakversand.ch\/fr\/produit\/shisko-charbon-naturel-26-mm-1-kg\/\",\"name\":\"Charbon naturel Shisko 26 mm 1 Kg - tabakversand.ch\",\"isPartOf\":{\"@id\":\"https:\/\/www.tabakversand.ch\/#website\"},\"primaryImageOfPage\":{\"@id\":\"https:\/\/www.tabakversand.ch\/fr\/produit\/shisko-charbon-naturel-26-mm-1-kg\/#primaryimage\"},\"image\":{\"@id\":\"https:\/\/www.tabakversand.ch\/fr\/produit\/shisko-charbon-naturel-26-mm-1-kg\/#primaryimage\"},\"thumbnailUrl\":\"https:\/\/www.tabakversand.ch\/wp-content\/uploads\/2022\/04\/shisko-1kg-shisha-natur-kohle-.jpg\",\"datePublished\":\"2022-04-02T09:40:45+00:00\",\"dateModified\":\"2026-03-05T14:32:58+00:00\",\"description\":\"Charbon naturel Shisko pour chicha \u2013 charbon de noix de coco longue dur\u00e9e pour une chaleur constante, une saveur intense et une fum\u00e9e dense. Sublimez vos sessions de chicha d\u00e8s maintenant\u00a0!\",\"breadcrumb\":{\"@id\":\"https:\/\/www.tabakversand.ch\/fr\/produit\/shisko-charbon-naturel-26-mm-1-kg\/#breadcrumb\"},\"inLanguage\":\"fr-FR\",\"potentialAction\":[{\"@type\":\"ReadAction\",\"target\":[\"https:\/\/www.tabakversand.ch\/fr\/produit\/shisko-charbon-naturel-26-mm-1-kg\/\"]}]},{\"@type\":\"ImageObject\",\"inLanguage\":\"fr-FR\",\"@id\":\"https:\/\/www.tabakversand.ch\/fr\/produit\/shisko-charbon-naturel-26-mm-1-kg\/#primaryimage\",\"url\":\"https:\/\/www.tabakversand.ch\/wp-content\/uploads\/2022\/04\/shisko-1kg-shisha-natur-kohle-.jpg\",\"contentUrl\":\"https:\/\/www.tabakversand.ch\/wp-content\/uploads\/2022\/04\/shisko-1kg-shisha-natur-kohle-.jpg\",\"width\":500,\"height\":500,\"caption\":\"Charbon de bois naturel Shisko 26 mm 1 kg | Tabakversand.ch\"},{\"@type\":\"BreadcrumbList\",\"@id\":\"https:\/\/www.tabakversand.ch\/fr\/produit\/shisko-charbon-naturel-26-mm-1-kg\/#breadcrumb\",\"itemListElement\":[{\"@type\":\"ListItem\",\"position\":1,\"name\":\"Startseite\",\"item\":\"https:\/\/www.tabakversand.ch\/\"},{\"@type\":\"ListItem\",\"position\":2,\"name\":\"Boutique\",\"item\":\"https:\/\/www.tabakversand.ch\/fr\/boutique\/\"},{\"@type\":\"ListItem\",\"position\":3,\"name\":\"Charbon naturel Shisko 26 mm 1 Kg\"}]},{\"@type\":\"WebSite\",\"@id\":\"https:\/\/www.tabakversand.ch\/#website\",\"url\":\"https:\/\/www.tabakversand.ch\/\",\"name\":\"Tabakversand.ch | Alles aus der Welt des Tabaks\",\"description\":\"Smoke and carpe diem\",\"potentialAction\":[{\"@type\":\"SearchAction\",\"target\":{\"@type\":\"EntryPoint\",\"urlTemplate\":\"https:\/\/www.tabakversand.ch\/?s={search_term_string}\"},\"query-input\":{\"@type\":\"PropertyValueSpecification\",\"valueRequired\":true,\"valueName\":\"search_term_string\"}}],\"inLanguage\":\"fr-FR\"}]}<\/script>\n<!-- \/ Yoast SEO plugin. -->","yoast_head_json":{"title":"Charbon naturel Shisko 26 mm 1 Kg - tabakversand.ch","description":"Charbon naturel Shisko pour chicha \u2013 charbon de noix de coco longue dur\u00e9e pour une chaleur constante, une saveur intense et une fum\u00e9e dense. Sublimez vos sessions de chicha d\u00e8s maintenant\u00a0!","robots":{"index":"index","follow":"follow","max-snippet":"max-snippet:-1","max-image-preview":"max-image-preview:large","max-video-preview":"max-video-preview:-1"},"canonical":"https:\/\/www.tabakversand.ch\/fr\/produit\/shisko-charbon-naturel-26-mm-1-kg\/","og_locale":"fr_FR","og_type":"article","og_title":"Charbon naturel Shisko 26 mm 1 Kg - tabakversand.ch","og_description":"Charbon naturel Shisko pour chicha \u2013 charbon de noix de coco longue dur\u00e9e pour une chaleur constante, une saveur intense et une fum\u00e9e dense. Sublimez vos sessions de chicha d\u00e8s maintenant\u00a0!","og_url":"https:\/\/www.tabakversand.ch\/fr\/produit\/shisko-charbon-naturel-26-mm-1-kg\/","og_site_name":"Tabakversand.ch | Alles aus der Welt des Tabaks","article_modified_time":"2026-03-05T14:32:58+00:00","og_image":[{"width":500,"height":500,"url":"https:\/\/www.tabakversand.ch\/wp-content\/uploads\/2022\/04\/shisko-1kg-shisha-natur-kohle-.jpg","type":"image\/jpeg"}],"twitter_card":"summary_large_image","twitter_misc":{"Dur\u00e9e de lecture estim\u00e9e":"2 minutes"},"schema":{"@context":"https:\/\/schema.org","@graph":[{"@type":"WebPage","@id":"https:\/\/www.tabakversand.ch\/fr\/produit\/shisko-charbon-naturel-26-mm-1-kg\/","url":"https:\/\/www.tabakversand.ch\/fr\/produit\/shisko-charbon-naturel-26-mm-1-kg\/","name":"Charbon naturel Shisko 26 mm 1 Kg - tabakversand.ch","isPartOf":{"@id":"https:\/\/www.tabakversand.ch\/#website"},"primaryImageOfPage":{"@id":"https:\/\/www.tabakversand.ch\/fr\/produit\/shisko-charbon-naturel-26-mm-1-kg\/#primaryimage"},"image":{"@id":"https:\/\/www.tabakversand.ch\/fr\/produit\/shisko-charbon-naturel-26-mm-1-kg\/#primaryimage"},"thumbnailUrl":"https:\/\/www.tabakversand.ch\/wp-content\/uploads\/2022\/04\/shisko-1kg-shisha-natur-kohle-.jpg","datePublished":"2022-04-02T09:40:45+00:00","dateModified":"2026-03-05T14:32:58+00:00","description":"Charbon naturel Shisko pour chicha \u2013 charbon de noix de coco longue dur\u00e9e pour une chaleur constante, une saveur intense et une fum\u00e9e dense. Sublimez vos sessions de chicha d\u00e8s maintenant\u00a0!","breadcrumb":{"@id":"https:\/\/www.tabakversand.ch\/fr\/produit\/shisko-charbon-naturel-26-mm-1-kg\/#breadcrumb"},"inLanguage":"fr-FR","potentialAction":[{"@type":"ReadAction","target":["https:\/\/www.tabakversand.ch\/fr\/produit\/shisko-charbon-naturel-26-mm-1-kg\/"]}]},{"@type":"ImageObject","inLanguage":"fr-FR","@id":"https:\/\/www.tabakversand.ch\/fr\/produit\/shisko-charbon-naturel-26-mm-1-kg\/#primaryimage","url":"https:\/\/www.tabakversand.ch\/wp-content\/uploads\/2022\/04\/shisko-1kg-shisha-natur-kohle-.jpg","contentUrl":"https:\/\/www.tabakversand.ch\/wp-content\/uploads\/2022\/04\/shisko-1kg-shisha-natur-kohle-.jpg","width":500,"height":500,"caption":"Charbon de bois naturel Shisko 26 mm 1 kg | Tabakversand.ch"},{"@type":"BreadcrumbList","@id":"https:\/\/www.tabakversand.ch\/fr\/produit\/shisko-charbon-naturel-26-mm-1-kg\/#breadcrumb","itemListElement":[{"@type":"ListItem","position":1,"name":"Startseite","item":"https:\/\/www.tabakversand.ch\/"},{"@type":"ListItem","position":2,"name":"Boutique","item":"https:\/\/www.tabakversand.ch\/fr\/boutique\/"},{"@type":"ListItem","position":3,"name":"Charbon naturel Shisko 26 mm 1 Kg"}]},{"@type":"WebSite","@id":"https:\/\/www.tabakversand.ch\/#website","url":"https:\/\/www.tabakversand.ch\/","name":"Tabakversand.ch | Alles aus der Welt des Tabaks","description":"Smoke and carpe diem","potentialAction":[{"@type":"SearchAction","target":{"@type":"EntryPoint","urlTemplate":"https:\/\/www.tabakversand.ch\/?s={search_term_string}"},"query-input":{"@type":"PropertyValueSpecification","valueRequired":true,"valueName":"search_term_string"}}],"inLanguage":"fr-FR"}]}},"_links":{"self":[{"href":"https:\/\/www.tabakversand.ch\/fr\/wp-json\/wp\/v2\/product\/58494","targetHints":{"allow":["GET"]}}],"collection":[{"href":"https:\/\/www.tabakversand.ch\/fr\/wp-json\/wp\/v2\/product"}],"about":[{"href":"https:\/\/www.tabakversand.ch\/fr\/wp-json\/wp\/v2\/types\/product"}],"version-history":[{"count":2,"href":"https:\/\/www.tabakversand.ch\/fr\/wp-json\/wp\/v2\/product\/58494\/revisions"}],"predecessor-version":[{"id":214293,"href":"https:\/\/www.tabakversand.ch\/fr\/wp-json\/wp\/v2\/product\/58494\/revisions\/214293"}],"wp:featuredmedia":[{"embeddable":true,"href":"https:\/\/www.tabakversand.ch\/fr\/wp-json\/wp\/v2\/media\/124715"}],"wp:attachment":[{"href":"https:\/\/www.tabakversand.ch\/fr\/wp-json\/wp\/v2\/media?parent=58494"}],"wp:term":[{"taxonomy":"product_brand","embeddable":true,"href":"https:\/\/www.tabakversand.ch\/fr\/wp-json\/wp\/v2\/product_brand?post=58494"},{"taxonomy":"product_cat","embeddable":true,"href":"https:\/\/www.tabakversand.ch\/fr\/wp-json\/wp\/v2\/product_cat?post=58494"},{"taxonomy":"product_tag","embeddable":true,"href":"https:\/\/www.tabakversand.ch\/fr\/wp-json\/wp\/v2\/product_tag?post=58494"}],"curies":[{"name":"wp","href":"https:\/\/api.w.org\/{rel}","templated":true}]}}