{"id":58564,"date":"2022-04-02T11:40:34","date_gmt":"2022-04-02T09:40:34","guid":{"rendered":"http:\/\/www.tabakversand.ch\/produkt\/wolkenkraft-fx-mini-vaporisateur-de-bois\/"},"modified":"2026-03-31T11:22:39","modified_gmt":"2026-03-31T09:22:39","slug":"wolkenkraft-fx-mini-vaporisateur-a-bois","status":"publish","type":"product","link":"https:\/\/www.tabakversand.ch\/fr\/produit\/wolkenkraft-fx-mini-vaporisateur-a-bois\/","title":{"rendered":"Wolkenkraft FX Mini Vaporisateur de bois"},"content":{"rendered":"<p>FX Mini Wooden &#8211; l\u2019un des plus petits vaporisateurs sur le march\u00e9 est en train de changer la fa\u00e7on pr\u00e9c\u00e9dente de vaporiser avec sa technologie de base avanc\u00e9e, son design merveilleux et de nombreuses autres fonctionnalit\u00e9s fantastiques. Petit mais puissant est \u00e0 l\u2019ordre du jour ici.<\/p>\n<p>R\u00e9glages de temp\u00e9rature pr\u00e9cis de 160 \u00b0 \u00e0 221 \u00b0 C, temps de r\u00e9chauffement inf\u00e9rieur \u00e0 30 secondes, embout buccal en verre Pyrex, technologie de chauffage efficace gr\u00e2ce \u00e0 True Convection, \u00e9cran OLED g\u00e9n\u00e9reux<\/p>\n<p>Batterie 1600 mAh, design discret sur seulement 136 g | 5,1 x 2,5 x 7,6 cm, module de vibration<\/p>\n<table width=\"387\">\n<tbody>\n<tr>\n<td width=\"199\">Couleur<\/td>\n<td width=\"188\">Bois<\/td>\n<\/tr>\n<tr>\n<td width=\"199\">type d&rsquo;\u00e9nergie<\/td>\n<td width=\"188\">batterie<\/td>\n<\/tr>\n<tr>\n<td width=\"199\">Plage de temp\u00e9rature<\/td>\n<td width=\"188\">160\u00b0C &#8211; 221\u00b0C<\/td>\n<\/tr>\n<tr>\n<td width=\"199\">Affichage num\u00e9rique<\/td>\n<td width=\"188\">Oui<\/td>\n<\/tr>\n<\/tbody>\n<\/table>\n<p><iframe title=\"Wolkenkraft FX MINI VAPORIZER Test\/Review (Deutsch\/German)\" width=\"800\" height=\"450\" src=\"https:\/\/www.youtube.com\/embed\/DvdXZ1kiqcY?feature=oembed\" frameborder=\"0\" allow=\"accelerometer; autoplay; clipboard-write; encrypted-media; gyroscope; picture-in-picture\" allowfullscreen><\/iframe><\/p>\n<p>Tous les prix s&rsquo;appliquent uniquement aux commandes en ligne et incluent la TVA. Sous r\u00e9serve de modifications sans pr\u00e9avis, frais de livraison en sus. Sous r\u00e9serve d&rsquo;erreurs, de modifications de contenu de livraison et de conception, de fautes d&rsquo;impression et de modifications de prix. Les prix barr\u00e9s sont des prix de remplacement. Les illustrations peuvent diff\u00e9rer de l&rsquo;original\/du contenu de livraison.      *Livraison gratuite pour les commandes sup\u00e9rieures \u00e0 CHF 250.-.<\/p>\n","protected":false},"excerpt":{"rendered":"<p>FX Mini Wooden &#8211; l\u2019un des plus petits vaporisateurs sur le march\u00e9 est en train de changer la fa\u00e7on pr\u00e9c\u00e9dente de vaporiser avec sa technologie de base avanc\u00e9e, son design merveilleux et de nombreuses autres fonctionnalit\u00e9s fantastiques. Petit mais puissant est \u00e0 l\u2019ordre du jour ici. R\u00e9glages de temp\u00e9rature pr\u00e9cis de 160 \u00b0 \u00e0 221 [&hellip;]<\/p>\n","protected":false},"featured_media":58571,"template":"","meta":[],"product_brand":[],"product_cat":[1995,2112],"product_tag":[],"class_list":{"0":"post-58564","1":"product","2":"type-product","3":"status-publish","4":"has-post-thumbnail","6":"product_cat-divers-headshop","7":"product_cat-vaporisateur","9":"first","10":"onbackorder","11":"purchasable","12":"product-type-simple"},"yoast_head":"<!-- This site is optimized with the Yoast SEO plugin v27.0 - https:\/\/yoast.com\/product\/yoast-seo-wordpress\/ -->\n<title>Wolkenkraft FX Mini Vaporisateur de bois - tabakversand.ch<\/title>\n<meta name=\"description\" content=\"Wolkenkraft FX Mini Vaporisateur en bois | Un grand choix de produits du tabac dans toute la Suisse | Cartes accept\u00e9es!\" \/>\n<meta name=\"robots\" content=\"index, follow, max-snippet:-1, max-image-preview:large, max-video-preview:-1\" \/>\n<link rel=\"canonical\" href=\"https:\/\/www.tabakversand.ch\/fr\/produit\/wolkenkraft-fx-mini-vaporisateur-a-bois\/\" \/>\n<meta property=\"og:locale\" content=\"fr_FR\" \/>\n<meta property=\"og:type\" content=\"article\" \/>\n<meta property=\"og:title\" content=\"Wolkenkraft FX Mini Vaporisateur de bois - tabakversand.ch\" \/>\n<meta property=\"og:description\" content=\"Wolkenkraft FX Mini Vaporisateur en bois | Un grand choix de produits du tabac dans toute la Suisse | Cartes accept\u00e9es!\" \/>\n<meta property=\"og:url\" content=\"https:\/\/www.tabakversand.ch\/fr\/produit\/wolkenkraft-fx-mini-vaporisateur-a-bois\/\" \/>\n<meta property=\"og:site_name\" content=\"Tabakversand.ch | Alles aus der Welt des Tabaks\" \/>\n<meta property=\"article:modified_time\" content=\"2026-03-31T09:22:39+00:00\" \/>\n<meta property=\"og:image\" content=\"https:\/\/www.tabakversand.ch\/wp-content\/uploads\/2022\/03\/wolkenkraft-fx-mini-holz.jpg\" \/>\n\t<meta property=\"og:image:width\" content=\"500\" \/>\n\t<meta property=\"og:image:height\" content=\"502\" \/>\n\t<meta property=\"og:image:type\" content=\"image\/jpeg\" \/>\n<meta name=\"twitter:card\" content=\"summary_large_image\" \/>\n<meta name=\"twitter:label1\" content=\"Dur\u00e9e de lecture estim\u00e9e\" \/>\n\t<meta name=\"twitter:data1\" content=\"1 minute\" \/>\n<script type=\"application\/ld+json\" class=\"yoast-schema-graph\">{\"@context\":\"https:\/\/schema.org\",\"@graph\":[{\"@type\":\"WebPage\",\"@id\":\"https:\/\/www.tabakversand.ch\/fr\/produit\/wolkenkraft-fx-mini-vaporisateur-a-bois\/\",\"url\":\"https:\/\/www.tabakversand.ch\/fr\/produit\/wolkenkraft-fx-mini-vaporisateur-a-bois\/\",\"name\":\"Wolkenkraft FX Mini Vaporisateur de bois - tabakversand.ch\",\"isPartOf\":{\"@id\":\"https:\/\/www.tabakversand.ch\/#website\"},\"primaryImageOfPage\":{\"@id\":\"https:\/\/www.tabakversand.ch\/fr\/produit\/wolkenkraft-fx-mini-vaporisateur-a-bois\/#primaryimage\"},\"image\":{\"@id\":\"https:\/\/www.tabakversand.ch\/fr\/produit\/wolkenkraft-fx-mini-vaporisateur-a-bois\/#primaryimage\"},\"thumbnailUrl\":\"https:\/\/www.tabakversand.ch\/wp-content\/uploads\/2022\/03\/wolkenkraft-fx-mini-holz.jpg\",\"datePublished\":\"2022-04-02T09:40:34+00:00\",\"dateModified\":\"2026-03-31T09:22:39+00:00\",\"description\":\"Wolkenkraft FX Mini Vaporisateur en bois | Un grand choix de produits du tabac dans toute la Suisse | Cartes accept\u00e9es!\",\"breadcrumb\":{\"@id\":\"https:\/\/www.tabakversand.ch\/fr\/produit\/wolkenkraft-fx-mini-vaporisateur-a-bois\/#breadcrumb\"},\"inLanguage\":\"fr-FR\",\"potentialAction\":[{\"@type\":\"ReadAction\",\"target\":[\"https:\/\/www.tabakversand.ch\/fr\/produit\/wolkenkraft-fx-mini-vaporisateur-a-bois\/\"]}]},{\"@type\":\"ImageObject\",\"inLanguage\":\"fr-FR\",\"@id\":\"https:\/\/www.tabakversand.ch\/fr\/produit\/wolkenkraft-fx-mini-vaporisateur-a-bois\/#primaryimage\",\"url\":\"https:\/\/www.tabakversand.ch\/wp-content\/uploads\/2022\/03\/wolkenkraft-fx-mini-holz.jpg\",\"contentUrl\":\"https:\/\/www.tabakversand.ch\/wp-content\/uploads\/2022\/03\/wolkenkraft-fx-mini-holz.jpg\",\"width\":500,\"height\":502,\"caption\":\"Wolkenkraft FX Mini Vaporisateur de bois\"},{\"@type\":\"BreadcrumbList\",\"@id\":\"https:\/\/www.tabakversand.ch\/fr\/produit\/wolkenkraft-fx-mini-vaporisateur-a-bois\/#breadcrumb\",\"itemListElement\":[{\"@type\":\"ListItem\",\"position\":1,\"name\":\"Startseite\",\"item\":\"https:\/\/www.tabakversand.ch\/\"},{\"@type\":\"ListItem\",\"position\":2,\"name\":\"Boutique\",\"item\":\"https:\/\/www.tabakversand.ch\/fr\/boutique\/\"},{\"@type\":\"ListItem\",\"position\":3,\"name\":\"Wolkenkraft FX Mini Vaporisateur de bois\"}]},{\"@type\":\"WebSite\",\"@id\":\"https:\/\/www.tabakversand.ch\/#website\",\"url\":\"https:\/\/www.tabakversand.ch\/\",\"name\":\"Tabakversand.ch | Alles aus der Welt des Tabaks\",\"description\":\"Smoke and carpe diem\",\"potentialAction\":[{\"@type\":\"SearchAction\",\"target\":{\"@type\":\"EntryPoint\",\"urlTemplate\":\"https:\/\/www.tabakversand.ch\/?s={search_term_string}\"},\"query-input\":{\"@type\":\"PropertyValueSpecification\",\"valueRequired\":true,\"valueName\":\"search_term_string\"}}],\"inLanguage\":\"fr-FR\"}]}<\/script>\n<!-- \/ Yoast SEO plugin. -->","yoast_head_json":{"title":"Wolkenkraft FX Mini Vaporisateur de bois - tabakversand.ch","description":"Wolkenkraft FX Mini Vaporisateur en bois | Un grand choix de produits du tabac dans toute la Suisse | Cartes accept\u00e9es!","robots":{"index":"index","follow":"follow","max-snippet":"max-snippet:-1","max-image-preview":"max-image-preview:large","max-video-preview":"max-video-preview:-1"},"canonical":"https:\/\/www.tabakversand.ch\/fr\/produit\/wolkenkraft-fx-mini-vaporisateur-a-bois\/","og_locale":"fr_FR","og_type":"article","og_title":"Wolkenkraft FX Mini Vaporisateur de bois - tabakversand.ch","og_description":"Wolkenkraft FX Mini Vaporisateur en bois | Un grand choix de produits du tabac dans toute la Suisse | Cartes accept\u00e9es!","og_url":"https:\/\/www.tabakversand.ch\/fr\/produit\/wolkenkraft-fx-mini-vaporisateur-a-bois\/","og_site_name":"Tabakversand.ch | Alles aus der Welt des Tabaks","article_modified_time":"2026-03-31T09:22:39+00:00","og_image":[{"width":500,"height":502,"url":"https:\/\/www.tabakversand.ch\/wp-content\/uploads\/2022\/03\/wolkenkraft-fx-mini-holz.jpg","type":"image\/jpeg"}],"twitter_card":"summary_large_image","twitter_misc":{"Dur\u00e9e de lecture estim\u00e9e":"1 minute"},"schema":{"@context":"https:\/\/schema.org","@graph":[{"@type":"WebPage","@id":"https:\/\/www.tabakversand.ch\/fr\/produit\/wolkenkraft-fx-mini-vaporisateur-a-bois\/","url":"https:\/\/www.tabakversand.ch\/fr\/produit\/wolkenkraft-fx-mini-vaporisateur-a-bois\/","name":"Wolkenkraft FX Mini Vaporisateur de bois - tabakversand.ch","isPartOf":{"@id":"https:\/\/www.tabakversand.ch\/#website"},"primaryImageOfPage":{"@id":"https:\/\/www.tabakversand.ch\/fr\/produit\/wolkenkraft-fx-mini-vaporisateur-a-bois\/#primaryimage"},"image":{"@id":"https:\/\/www.tabakversand.ch\/fr\/produit\/wolkenkraft-fx-mini-vaporisateur-a-bois\/#primaryimage"},"thumbnailUrl":"https:\/\/www.tabakversand.ch\/wp-content\/uploads\/2022\/03\/wolkenkraft-fx-mini-holz.jpg","datePublished":"2022-04-02T09:40:34+00:00","dateModified":"2026-03-31T09:22:39+00:00","description":"Wolkenkraft FX Mini Vaporisateur en bois | Un grand choix de produits du tabac dans toute la Suisse | Cartes accept\u00e9es!","breadcrumb":{"@id":"https:\/\/www.tabakversand.ch\/fr\/produit\/wolkenkraft-fx-mini-vaporisateur-a-bois\/#breadcrumb"},"inLanguage":"fr-FR","potentialAction":[{"@type":"ReadAction","target":["https:\/\/www.tabakversand.ch\/fr\/produit\/wolkenkraft-fx-mini-vaporisateur-a-bois\/"]}]},{"@type":"ImageObject","inLanguage":"fr-FR","@id":"https:\/\/www.tabakversand.ch\/fr\/produit\/wolkenkraft-fx-mini-vaporisateur-a-bois\/#primaryimage","url":"https:\/\/www.tabakversand.ch\/wp-content\/uploads\/2022\/03\/wolkenkraft-fx-mini-holz.jpg","contentUrl":"https:\/\/www.tabakversand.ch\/wp-content\/uploads\/2022\/03\/wolkenkraft-fx-mini-holz.jpg","width":500,"height":502,"caption":"Wolkenkraft FX Mini Vaporisateur de bois"},{"@type":"BreadcrumbList","@id":"https:\/\/www.tabakversand.ch\/fr\/produit\/wolkenkraft-fx-mini-vaporisateur-a-bois\/#breadcrumb","itemListElement":[{"@type":"ListItem","position":1,"name":"Startseite","item":"https:\/\/www.tabakversand.ch\/"},{"@type":"ListItem","position":2,"name":"Boutique","item":"https:\/\/www.tabakversand.ch\/fr\/boutique\/"},{"@type":"ListItem","position":3,"name":"Wolkenkraft FX Mini Vaporisateur de bois"}]},{"@type":"WebSite","@id":"https:\/\/www.tabakversand.ch\/#website","url":"https:\/\/www.tabakversand.ch\/","name":"Tabakversand.ch | Alles aus der Welt des Tabaks","description":"Smoke and carpe diem","potentialAction":[{"@type":"SearchAction","target":{"@type":"EntryPoint","urlTemplate":"https:\/\/www.tabakversand.ch\/?s={search_term_string}"},"query-input":{"@type":"PropertyValueSpecification","valueRequired":true,"valueName":"search_term_string"}}],"inLanguage":"fr-FR"}]}},"_links":{"self":[{"href":"https:\/\/www.tabakversand.ch\/fr\/wp-json\/wp\/v2\/product\/58564","targetHints":{"allow":["GET"]}}],"collection":[{"href":"https:\/\/www.tabakversand.ch\/fr\/wp-json\/wp\/v2\/product"}],"about":[{"href":"https:\/\/www.tabakversand.ch\/fr\/wp-json\/wp\/v2\/types\/product"}],"version-history":[{"count":2,"href":"https:\/\/www.tabakversand.ch\/fr\/wp-json\/wp\/v2\/product\/58564\/revisions"}],"predecessor-version":[{"id":216204,"href":"https:\/\/www.tabakversand.ch\/fr\/wp-json\/wp\/v2\/product\/58564\/revisions\/216204"}],"wp:featuredmedia":[{"embeddable":true,"href":"https:\/\/www.tabakversand.ch\/fr\/wp-json\/wp\/v2\/media\/58571"}],"wp:attachment":[{"href":"https:\/\/www.tabakversand.ch\/fr\/wp-json\/wp\/v2\/media?parent=58564"}],"wp:term":[{"taxonomy":"product_brand","embeddable":true,"href":"https:\/\/www.tabakversand.ch\/fr\/wp-json\/wp\/v2\/product_brand?post=58564"},{"taxonomy":"product_cat","embeddable":true,"href":"https:\/\/www.tabakversand.ch\/fr\/wp-json\/wp\/v2\/product_cat?post=58564"},{"taxonomy":"product_tag","embeddable":true,"href":"https:\/\/www.tabakversand.ch\/fr\/wp-json\/wp\/v2\/product_tag?post=58564"}],"curies":[{"name":"wp","href":"https:\/\/api.w.org\/{rel}","templated":true}]}}