{"id":58641,"date":"2022-04-02T11:40:34","date_gmt":"2022-04-02T09:40:34","guid":{"rendered":"http:\/\/www.tabakversand.ch\/produkt\/portions-de-velo-berry-frost-x-strong\/"},"modified":"2025-09-17T10:22:33","modified_gmt":"2025-09-17T08:22:33","slug":"velo-icy-berries-force-equilibree-4-portions","status":"publish","type":"product","link":"https:\/\/www.tabakversand.ch\/fr\/produit\/velo-icy-berries-force-equilibree-4-portions\/","title":{"rendered":"Velo ICY Berries Strength 4 portions"},"content":{"rendered":"<p>Velo ICY Berries Strength 4 portions<\/p>\n<p>5 canettes<\/p>\n<p>Sachets de nicotine au format tout blanc avec un go\u00fbt sucr\u00e9 et p\u00e9tillant de baies sauvages fra\u00eeches. Une bonne dose de nicotine apporte un coup de fouet suppl\u00e9mentaire.<\/p>\n<p>Tous les prix s&rsquo;appliquent uniquement aux commandes en ligne et incluent la TVA. Sous r\u00e9serve de modifications sans pr\u00e9avis, frais de livraison en sus. Sous r\u00e9serve d&rsquo;erreurs, de modifications de contenu de livraison et de conception, de fautes d&rsquo;impression et de modifications de prix. Les prix barr\u00e9s sont des prix de remplacement. Les illustrations peuvent diff\u00e9rer de l&rsquo;original\/du contenu de livraison.<br \/>\n*Livraison gratuite pour les commandes sup\u00e9rieures \u00e0 CHF 250.-.<\/p>\n","protected":false},"excerpt":{"rendered":"<p>Velo ICY Berries Strength 4 portions 5 canettes Sachets de nicotine au format tout blanc avec un go\u00fbt sucr\u00e9 et p\u00e9tillant de baies sauvages fra\u00eeches. Une bonne dose de nicotine apporte un coup de fouet suppl\u00e9mentaire. Tous les prix s&rsquo;appliquent uniquement aux commandes en ligne et incluent la TVA. Sous r\u00e9serve de modifications sans pr\u00e9avis, [&hellip;]<\/p>\n","protected":false},"featured_media":152724,"template":"","meta":[],"product_brand":[],"product_cat":[4564,1888,1903,1900],"product_tag":[],"class_list":{"0":"post-58641","1":"product","2":"type-product","3":"status-publish","4":"has-post-thumbnail","6":"product_cat-snus-en-sachet","7":"product_cat-tabac","8":"product_cat-tabac-a-macher-snus","9":"product_cat-tabac-a-macher-snus-dans-un-sac","11":"first","12":"onbackorder","13":"purchasable","14":"product-type-simple"},"yoast_head":"<!-- This site is optimized with the Yoast SEO plugin v27.0 - https:\/\/yoast.com\/product\/yoast-seo-wordpress\/ -->\n<title>Velo ICY Berries Strength 4 portions - tabakversand.ch<\/title>\n<meta name=\"description\" content=\"Velo ICY Berries Strength 4 portions | Un tr\u00e8s grand choix de produits du tabac dans toute la Suisse | Cartes accept\u00e9es !\" \/>\n<meta name=\"robots\" content=\"index, follow, max-snippet:-1, max-image-preview:large, max-video-preview:-1\" \/>\n<link rel=\"canonical\" href=\"https:\/\/www.tabakversand.ch\/produit\/velo-icy-berries-staerke-4-portionen\/\" \/>\n<meta property=\"og:locale\" content=\"fr_FR\" \/>\n<meta property=\"og:type\" content=\"article\" \/>\n<meta property=\"og:title\" content=\"Velo ICY Berries Strength 4 portions - tabakversand.ch\" \/>\n<meta property=\"og:description\" content=\"Velo ICY Berries Strength 4 portions | Un tr\u00e8s grand choix de produits du tabac dans toute la Suisse | Cartes accept\u00e9es !\" \/>\n<meta property=\"og:url\" content=\"https:\/\/www.tabakversand.ch\/produit\/velo-icy-berries-staerke-4-portionen\/\" \/>\n<meta property=\"og:site_name\" content=\"Tabakversand.ch | Alles aus der Welt des Tabaks\" \/>\n<meta property=\"article:modified_time\" content=\"2025-09-17T08:22:33+00:00\" \/>\n<meta property=\"og:image\" content=\"https:\/\/www.tabakversand.ch\/wp-content\/uploads\/2022\/04\/velo-icy-berries.jpg\" \/>\n\t<meta property=\"og:image:width\" content=\"500\" \/>\n\t<meta property=\"og:image:height\" content=\"500\" \/>\n\t<meta property=\"og:image:type\" content=\"image\/jpeg\" \/>\n<meta name=\"twitter:card\" content=\"summary_large_image\" \/>\n<meta name=\"twitter:label1\" content=\"Dur\u00e9e de lecture estim\u00e9e\" \/>\n\t<meta name=\"twitter:data1\" content=\"1 minute\" \/>\n<script type=\"application\/ld+json\" class=\"yoast-schema-graph\">{\"@context\":\"https:\/\/schema.org\",\"@graph\":[{\"@type\":\"WebPage\",\"@id\":\"https:\/\/www.tabakversand.ch\/produit\/velo-icy-berries-staerke-4-portionen\/\",\"url\":\"https:\/\/www.tabakversand.ch\/produit\/velo-icy-berries-staerke-4-portionen\/\",\"name\":\"Velo ICY Berries Strength 4 portions - tabakversand.ch\",\"isPartOf\":{\"@id\":\"https:\/\/www.tabakversand.ch\/#website\"},\"primaryImageOfPage\":{\"@id\":\"https:\/\/www.tabakversand.ch\/produit\/velo-icy-berries-staerke-4-portionen\/#primaryimage\"},\"image\":{\"@id\":\"https:\/\/www.tabakversand.ch\/produit\/velo-icy-berries-staerke-4-portionen\/#primaryimage\"},\"thumbnailUrl\":\"https:\/\/www.tabakversand.ch\/wp-content\/uploads\/2022\/04\/velo-icy-berries.jpg\",\"datePublished\":\"2022-04-02T09:40:34+00:00\",\"dateModified\":\"2025-09-17T08:22:33+00:00\",\"description\":\"Velo ICY Berries Strength 4 portions | Un tr\u00e8s grand choix de produits du tabac dans toute la Suisse | Cartes accept\u00e9es !\",\"breadcrumb\":{\"@id\":\"https:\/\/www.tabakversand.ch\/produit\/velo-icy-berries-staerke-4-portionen\/#breadcrumb\"},\"inLanguage\":\"fr-FR\",\"potentialAction\":[{\"@type\":\"ReadAction\",\"target\":[\"https:\/\/www.tabakversand.ch\/produit\/velo-icy-berries-staerke-4-portionen\/\"]}]},{\"@type\":\"ImageObject\",\"inLanguage\":\"fr-FR\",\"@id\":\"https:\/\/www.tabakversand.ch\/produit\/velo-icy-berries-staerke-4-portionen\/#primaryimage\",\"url\":\"https:\/\/www.tabakversand.ch\/wp-content\/uploads\/2022\/04\/velo-icy-berries.jpg\",\"contentUrl\":\"https:\/\/www.tabakversand.ch\/wp-content\/uploads\/2022\/04\/velo-icy-berries.jpg\",\"width\":500,\"height\":500,\"caption\":\"Portions de baies Velo ICE | Tabakversand.ch\"},{\"@type\":\"BreadcrumbList\",\"@id\":\"https:\/\/www.tabakversand.ch\/produit\/velo-icy-berries-staerke-4-portionen\/#breadcrumb\",\"itemListElement\":[{\"@type\":\"ListItem\",\"position\":1,\"name\":\"Startseite\",\"item\":\"https:\/\/www.tabakversand.ch\/\"},{\"@type\":\"ListItem\",\"position\":2,\"name\":\"Boutique\",\"item\":\"https:\/\/www.tabakversand.ch\/fr\/boutique\/\"},{\"@type\":\"ListItem\",\"position\":3,\"name\":\"Velo ICY Berries Strength 4 portions\"}]},{\"@type\":\"WebSite\",\"@id\":\"https:\/\/www.tabakversand.ch\/#website\",\"url\":\"https:\/\/www.tabakversand.ch\/\",\"name\":\"Tabakversand.ch | Alles aus der Welt des Tabaks\",\"description\":\"Smoke and carpe diem\",\"potentialAction\":[{\"@type\":\"SearchAction\",\"target\":{\"@type\":\"EntryPoint\",\"urlTemplate\":\"https:\/\/www.tabakversand.ch\/?s={search_term_string}\"},\"query-input\":{\"@type\":\"PropertyValueSpecification\",\"valueRequired\":true,\"valueName\":\"search_term_string\"}}],\"inLanguage\":\"fr-FR\"}]}<\/script>\n<!-- \/ Yoast SEO plugin. -->","yoast_head_json":{"title":"Velo ICY Berries Strength 4 portions - tabakversand.ch","description":"Velo ICY Berries Strength 4 portions | Un tr\u00e8s grand choix de produits du tabac dans toute la Suisse | Cartes accept\u00e9es !","robots":{"index":"index","follow":"follow","max-snippet":"max-snippet:-1","max-image-preview":"max-image-preview:large","max-video-preview":"max-video-preview:-1"},"canonical":"https:\/\/www.tabakversand.ch\/produit\/velo-icy-berries-staerke-4-portionen\/","og_locale":"fr_FR","og_type":"article","og_title":"Velo ICY Berries Strength 4 portions - tabakversand.ch","og_description":"Velo ICY Berries Strength 4 portions | Un tr\u00e8s grand choix de produits du tabac dans toute la Suisse | Cartes accept\u00e9es !","og_url":"https:\/\/www.tabakversand.ch\/produit\/velo-icy-berries-staerke-4-portionen\/","og_site_name":"Tabakversand.ch | Alles aus der Welt des Tabaks","article_modified_time":"2025-09-17T08:22:33+00:00","og_image":[{"width":500,"height":500,"url":"https:\/\/www.tabakversand.ch\/wp-content\/uploads\/2022\/04\/velo-icy-berries.jpg","type":"image\/jpeg"}],"twitter_card":"summary_large_image","twitter_misc":{"Dur\u00e9e de lecture estim\u00e9e":"1 minute"},"schema":{"@context":"https:\/\/schema.org","@graph":[{"@type":"WebPage","@id":"https:\/\/www.tabakversand.ch\/produit\/velo-icy-berries-staerke-4-portionen\/","url":"https:\/\/www.tabakversand.ch\/produit\/velo-icy-berries-staerke-4-portionen\/","name":"Velo ICY Berries Strength 4 portions - tabakversand.ch","isPartOf":{"@id":"https:\/\/www.tabakversand.ch\/#website"},"primaryImageOfPage":{"@id":"https:\/\/www.tabakversand.ch\/produit\/velo-icy-berries-staerke-4-portionen\/#primaryimage"},"image":{"@id":"https:\/\/www.tabakversand.ch\/produit\/velo-icy-berries-staerke-4-portionen\/#primaryimage"},"thumbnailUrl":"https:\/\/www.tabakversand.ch\/wp-content\/uploads\/2022\/04\/velo-icy-berries.jpg","datePublished":"2022-04-02T09:40:34+00:00","dateModified":"2025-09-17T08:22:33+00:00","description":"Velo ICY Berries Strength 4 portions | Un tr\u00e8s grand choix de produits du tabac dans toute la Suisse | Cartes accept\u00e9es !","breadcrumb":{"@id":"https:\/\/www.tabakversand.ch\/produit\/velo-icy-berries-staerke-4-portionen\/#breadcrumb"},"inLanguage":"fr-FR","potentialAction":[{"@type":"ReadAction","target":["https:\/\/www.tabakversand.ch\/produit\/velo-icy-berries-staerke-4-portionen\/"]}]},{"@type":"ImageObject","inLanguage":"fr-FR","@id":"https:\/\/www.tabakversand.ch\/produit\/velo-icy-berries-staerke-4-portionen\/#primaryimage","url":"https:\/\/www.tabakversand.ch\/wp-content\/uploads\/2022\/04\/velo-icy-berries.jpg","contentUrl":"https:\/\/www.tabakversand.ch\/wp-content\/uploads\/2022\/04\/velo-icy-berries.jpg","width":500,"height":500,"caption":"Portions de baies Velo ICE | Tabakversand.ch"},{"@type":"BreadcrumbList","@id":"https:\/\/www.tabakversand.ch\/produit\/velo-icy-berries-staerke-4-portionen\/#breadcrumb","itemListElement":[{"@type":"ListItem","position":1,"name":"Startseite","item":"https:\/\/www.tabakversand.ch\/"},{"@type":"ListItem","position":2,"name":"Boutique","item":"https:\/\/www.tabakversand.ch\/fr\/boutique\/"},{"@type":"ListItem","position":3,"name":"Velo ICY Berries Strength 4 portions"}]},{"@type":"WebSite","@id":"https:\/\/www.tabakversand.ch\/#website","url":"https:\/\/www.tabakversand.ch\/","name":"Tabakversand.ch | Alles aus der Welt des Tabaks","description":"Smoke and carpe diem","potentialAction":[{"@type":"SearchAction","target":{"@type":"EntryPoint","urlTemplate":"https:\/\/www.tabakversand.ch\/?s={search_term_string}"},"query-input":{"@type":"PropertyValueSpecification","valueRequired":true,"valueName":"search_term_string"}}],"inLanguage":"fr-FR"}]}},"_links":{"self":[{"href":"https:\/\/www.tabakversand.ch\/fr\/wp-json\/wp\/v2\/product\/58641","targetHints":{"allow":["GET"]}}],"collection":[{"href":"https:\/\/www.tabakversand.ch\/fr\/wp-json\/wp\/v2\/product"}],"about":[{"href":"https:\/\/www.tabakversand.ch\/fr\/wp-json\/wp\/v2\/types\/product"}],"version-history":[{"count":6,"href":"https:\/\/www.tabakversand.ch\/fr\/wp-json\/wp\/v2\/product\/58641\/revisions"}],"predecessor-version":[{"id":200051,"href":"https:\/\/www.tabakversand.ch\/fr\/wp-json\/wp\/v2\/product\/58641\/revisions\/200051"}],"wp:featuredmedia":[{"embeddable":true,"href":"https:\/\/www.tabakversand.ch\/fr\/wp-json\/wp\/v2\/media\/152724"}],"wp:attachment":[{"href":"https:\/\/www.tabakversand.ch\/fr\/wp-json\/wp\/v2\/media?parent=58641"}],"wp:term":[{"taxonomy":"product_brand","embeddable":true,"href":"https:\/\/www.tabakversand.ch\/fr\/wp-json\/wp\/v2\/product_brand?post=58641"},{"taxonomy":"product_cat","embeddable":true,"href":"https:\/\/www.tabakversand.ch\/fr\/wp-json\/wp\/v2\/product_cat?post=58641"},{"taxonomy":"product_tag","embeddable":true,"href":"https:\/\/www.tabakversand.ch\/fr\/wp-json\/wp\/v2\/product_tag?post=58641"}],"curies":[{"name":"wp","href":"https:\/\/api.w.org\/{rel}","templated":true}]}}