{"id":58959,"date":"2022-04-02T11:40:04","date_gmt":"2022-04-02T09:40:04","guid":{"rendered":"http:\/\/www.tabakversand.ch\/produkt\/zino-nicaragua-toro-25-er-boite-cigares\/"},"modified":"2022-04-27T15:18:54","modified_gmt":"2022-04-27T13:18:54","slug":"zino-nicaragua-toro-25-er-box-cigares","status":"publish","type":"product","link":"https:\/\/www.tabakversand.ch\/fr\/produit\/zino-nicaragua-toro-25-er-box-cigares\/","title":{"rendered":"Zino Nicaragua Toro 25 er Bo\u00eete Cigares"},"content":{"rendered":"<p>Zino Nicaragua Toro 25 er Kistli Cigares<\/p>\n<p>Les cigares Zino Nicaragua Toro moyennement cors\u00e9s offrent des ar\u00f4mes distincts de bois de c\u00e8dre, de caf\u00e9 et d\u2019\u00e9pices fra\u00eeches. Ce m\u00e9lange de tabacs de diff\u00e9rents pays d\u2019origine combine une \u00e9pice nicaraguayenne intense avec l\u2019onctuosit\u00e9 des vari\u00e9t\u00e9s de tabac dominicaines.<\/p>\n<p>Dur\u00e9e : 50 min.<\/p>\n<p>Couverture: Equateur &#8211; Connecticut<\/p>\n<p>Couverture: Nicaragua &#8211; Semilla 56 Seco<\/p>\n<p>D\u00e9p\u00f4t: R\u00e9publique dominicaine &#8211; San Vicente Mejorado Seco, R\u00e9publique dominicaine &#8211; San Vicente Seco, Honduras &#8211; Jamastran Visus, Honduras &#8211; Olancho Visus, Nicaragua &#8211; Ometepe Visus<\/p>\n<p>Diam\u00e8tre: 20 mm, Jauge de bague: 50, Longueur: 15,2 cm, \u00c9paisseur: 3 de 5<\/p>\n<p>Tous les prix ne sont valables que pour les commandes en ligne et comprennent La TVA, sont sujettes \u00e0 changement plus la TVA. Frais d\u2019exp\u00e9dition. Erreurs, changements dans l\u2019\u00e9tendue de la livraison et de la conception, erreurs d\u2019impression et changements de prix r\u00e9serv\u00e9s. Les prix barr\u00e9s sont stattpreise. L\u2019illustration peut diff\u00e9rer de l\u2019original \/ de la port\u00e9e de la livraison.<br \/>\n*Livraison gratuite \u00e0 partir de CHF 250.- valeur de la commande.<\/p>\n","protected":false},"excerpt":{"rendered":"<p>Zino Nicaragua Toro 25 er Kistli Cigares Les cigares Zino Nicaragua Toro moyennement cors\u00e9s offrent des ar\u00f4mes distincts de bois de c\u00e8dre, de caf\u00e9 et d\u2019\u00e9pices fra\u00eeches. Ce m\u00e9lange de tabacs de diff\u00e9rents pays d\u2019origine combine une \u00e9pice nicaraguayenne intense avec l\u2019onctuosit\u00e9 des vari\u00e9t\u00e9s de tabac dominicaines. Dur\u00e9e : 50 min. Couverture: Equateur &#8211; Connecticut [&hellip;]<\/p>\n","protected":false},"featured_media":58968,"template":"","meta":[],"product_brand":[1546],"product_cat":[1994,1993,2131,2130],"product_tag":[],"class_list":{"0":"post-58959","1":"product","2":"type-product","3":"status-publish","4":"has-post-thumbnail","6":"product_brand-zino","7":"product_cat-monde-du-cigare","8":"product_cat-cigares","9":"product_cat-nicaragua-fr","10":"product_cat-zino-nicaragua-fr","12":"first","13":"onbackorder","14":"purchasable","15":"product-type-simple"},"yoast_head":"<!-- This site is optimized with the Yoast SEO plugin v27.0 - https:\/\/yoast.com\/product\/yoast-seo-wordpress\/ -->\n<title>Zino Nicaragua Toro 25 er Bo\u00eete Cigares - Tabakversand.ch | Alles aus der Welt des Tabaks<\/title>\n<meta name=\"description\" content=\"Zino Nicaragua Toro 25 er Box Cigares | La plus grande s\u00e9lection de produits du tabac de Suisse | Cartes accept\u00e9es!\" \/>\n<meta name=\"robots\" content=\"index, follow, max-snippet:-1, max-image-preview:large, max-video-preview:-1\" \/>\n<link rel=\"canonical\" href=\"https:\/\/www.tabakversand.ch\/produit\/zino-nicaragua-toro-25-er-box-zigarren\/\" \/>\n<meta property=\"og:locale\" content=\"fr_FR\" \/>\n<meta property=\"og:type\" content=\"article\" \/>\n<meta property=\"og:title\" content=\"Zino Nicaragua Toro 25 er Bo\u00eete Cigares - Tabakversand.ch | Alles aus der Welt des Tabaks\" \/>\n<meta property=\"og:description\" content=\"Zino Nicaragua Toro 25 er Box Cigares | La plus grande s\u00e9lection de produits du tabac de Suisse | Cartes accept\u00e9es!\" \/>\n<meta property=\"og:url\" content=\"https:\/\/www.tabakversand.ch\/produit\/zino-nicaragua-toro-25-er-box-zigarren\/\" \/>\n<meta property=\"og:site_name\" content=\"Tabakversand.ch | Alles aus der Welt des Tabaks\" \/>\n<meta property=\"article:modified_time\" content=\"2022-04-27T13:18:54+00:00\" \/>\n<meta property=\"og:image\" content=\"https:\/\/www.tabakversand.ch\/wp-content\/uploads\/2022\/03\/zino-nicaragua-toro-e.jpg\" \/>\n\t<meta property=\"og:image:width\" content=\"500\" \/>\n\t<meta property=\"og:image:height\" content=\"500\" \/>\n\t<meta property=\"og:image:type\" content=\"image\/jpeg\" \/>\n<meta name=\"twitter:card\" content=\"summary_large_image\" \/>\n<meta name=\"twitter:label1\" content=\"Dur\u00e9e de lecture estim\u00e9e\" \/>\n\t<meta name=\"twitter:data1\" content=\"1 minute\" \/>\n<script type=\"application\/ld+json\" class=\"yoast-schema-graph\">{\"@context\":\"https:\/\/schema.org\",\"@graph\":[{\"@type\":\"WebPage\",\"@id\":\"https:\/\/www.tabakversand.ch\/produit\/zino-nicaragua-toro-25-er-box-zigarren\/\",\"url\":\"https:\/\/www.tabakversand.ch\/produit\/zino-nicaragua-toro-25-er-box-zigarren\/\",\"name\":\"Zino Nicaragua Toro 25 er Bo\u00eete Cigares - Tabakversand.ch | Alles aus der Welt des Tabaks\",\"isPartOf\":{\"@id\":\"https:\/\/www.tabakversand.ch\/#website\"},\"primaryImageOfPage\":{\"@id\":\"https:\/\/www.tabakversand.ch\/produit\/zino-nicaragua-toro-25-er-box-zigarren\/#primaryimage\"},\"image\":{\"@id\":\"https:\/\/www.tabakversand.ch\/produit\/zino-nicaragua-toro-25-er-box-zigarren\/#primaryimage\"},\"thumbnailUrl\":\"https:\/\/www.tabakversand.ch\/wp-content\/uploads\/2022\/03\/zino-nicaragua-toro-e.jpg\",\"datePublished\":\"2022-04-02T09:40:04+00:00\",\"dateModified\":\"2022-04-27T13:18:54+00:00\",\"description\":\"Zino Nicaragua Toro 25 er Box Cigares | La plus grande s\u00e9lection de produits du tabac de Suisse | Cartes accept\u00e9es!\",\"breadcrumb\":{\"@id\":\"https:\/\/www.tabakversand.ch\/produit\/zino-nicaragua-toro-25-er-box-zigarren\/#breadcrumb\"},\"inLanguage\":\"fr-FR\",\"potentialAction\":[{\"@type\":\"ReadAction\",\"target\":[\"https:\/\/www.tabakversand.ch\/produit\/zino-nicaragua-toro-25-er-box-zigarren\/\"]}]},{\"@type\":\"ImageObject\",\"inLanguage\":\"fr-FR\",\"@id\":\"https:\/\/www.tabakversand.ch\/produit\/zino-nicaragua-toro-25-er-box-zigarren\/#primaryimage\",\"url\":\"https:\/\/www.tabakversand.ch\/wp-content\/uploads\/2022\/03\/zino-nicaragua-toro-e.jpg\",\"contentUrl\":\"https:\/\/www.tabakversand.ch\/wp-content\/uploads\/2022\/03\/zino-nicaragua-toro-e.jpg\",\"width\":500,\"height\":500,\"caption\":\"Zino Nicaragua Toro 25 er Bo\u00eete Cigares\"},{\"@type\":\"BreadcrumbList\",\"@id\":\"https:\/\/www.tabakversand.ch\/produit\/zino-nicaragua-toro-25-er-box-zigarren\/#breadcrumb\",\"itemListElement\":[{\"@type\":\"ListItem\",\"position\":1,\"name\":\"Startseite\",\"item\":\"https:\/\/www.tabakversand.ch\/\"},{\"@type\":\"ListItem\",\"position\":2,\"name\":\"Boutique\",\"item\":\"https:\/\/www.tabakversand.ch\/fr\/boutique\/\"},{\"@type\":\"ListItem\",\"position\":3,\"name\":\"Zino Nicaragua Toro 25 er Bo\u00eete Cigares\"}]},{\"@type\":\"WebSite\",\"@id\":\"https:\/\/www.tabakversand.ch\/#website\",\"url\":\"https:\/\/www.tabakversand.ch\/\",\"name\":\"Tabakversand.ch | Alles aus der Welt des Tabaks\",\"description\":\"Smoke and carpe diem\",\"potentialAction\":[{\"@type\":\"SearchAction\",\"target\":{\"@type\":\"EntryPoint\",\"urlTemplate\":\"https:\/\/www.tabakversand.ch\/?s={search_term_string}\"},\"query-input\":{\"@type\":\"PropertyValueSpecification\",\"valueRequired\":true,\"valueName\":\"search_term_string\"}}],\"inLanguage\":\"fr-FR\"}]}<\/script>\n<!-- \/ Yoast SEO plugin. -->","yoast_head_json":{"title":"Zino Nicaragua Toro 25 er Bo\u00eete Cigares - Tabakversand.ch | Alles aus der Welt des Tabaks","description":"Zino Nicaragua Toro 25 er Box Cigares | La plus grande s\u00e9lection de produits du tabac de Suisse | Cartes accept\u00e9es!","robots":{"index":"index","follow":"follow","max-snippet":"max-snippet:-1","max-image-preview":"max-image-preview:large","max-video-preview":"max-video-preview:-1"},"canonical":"https:\/\/www.tabakversand.ch\/produit\/zino-nicaragua-toro-25-er-box-zigarren\/","og_locale":"fr_FR","og_type":"article","og_title":"Zino Nicaragua Toro 25 er Bo\u00eete Cigares - Tabakversand.ch | Alles aus der Welt des Tabaks","og_description":"Zino Nicaragua Toro 25 er Box Cigares | La plus grande s\u00e9lection de produits du tabac de Suisse | Cartes accept\u00e9es!","og_url":"https:\/\/www.tabakversand.ch\/produit\/zino-nicaragua-toro-25-er-box-zigarren\/","og_site_name":"Tabakversand.ch | Alles aus der Welt des Tabaks","article_modified_time":"2022-04-27T13:18:54+00:00","og_image":[{"width":500,"height":500,"url":"https:\/\/www.tabakversand.ch\/wp-content\/uploads\/2022\/03\/zino-nicaragua-toro-e.jpg","type":"image\/jpeg"}],"twitter_card":"summary_large_image","twitter_misc":{"Dur\u00e9e de lecture estim\u00e9e":"1 minute"},"schema":{"@context":"https:\/\/schema.org","@graph":[{"@type":"WebPage","@id":"https:\/\/www.tabakversand.ch\/produit\/zino-nicaragua-toro-25-er-box-zigarren\/","url":"https:\/\/www.tabakversand.ch\/produit\/zino-nicaragua-toro-25-er-box-zigarren\/","name":"Zino Nicaragua Toro 25 er Bo\u00eete Cigares - Tabakversand.ch | Alles aus der Welt des Tabaks","isPartOf":{"@id":"https:\/\/www.tabakversand.ch\/#website"},"primaryImageOfPage":{"@id":"https:\/\/www.tabakversand.ch\/produit\/zino-nicaragua-toro-25-er-box-zigarren\/#primaryimage"},"image":{"@id":"https:\/\/www.tabakversand.ch\/produit\/zino-nicaragua-toro-25-er-box-zigarren\/#primaryimage"},"thumbnailUrl":"https:\/\/www.tabakversand.ch\/wp-content\/uploads\/2022\/03\/zino-nicaragua-toro-e.jpg","datePublished":"2022-04-02T09:40:04+00:00","dateModified":"2022-04-27T13:18:54+00:00","description":"Zino Nicaragua Toro 25 er Box Cigares | La plus grande s\u00e9lection de produits du tabac de Suisse | Cartes accept\u00e9es!","breadcrumb":{"@id":"https:\/\/www.tabakversand.ch\/produit\/zino-nicaragua-toro-25-er-box-zigarren\/#breadcrumb"},"inLanguage":"fr-FR","potentialAction":[{"@type":"ReadAction","target":["https:\/\/www.tabakversand.ch\/produit\/zino-nicaragua-toro-25-er-box-zigarren\/"]}]},{"@type":"ImageObject","inLanguage":"fr-FR","@id":"https:\/\/www.tabakversand.ch\/produit\/zino-nicaragua-toro-25-er-box-zigarren\/#primaryimage","url":"https:\/\/www.tabakversand.ch\/wp-content\/uploads\/2022\/03\/zino-nicaragua-toro-e.jpg","contentUrl":"https:\/\/www.tabakversand.ch\/wp-content\/uploads\/2022\/03\/zino-nicaragua-toro-e.jpg","width":500,"height":500,"caption":"Zino Nicaragua Toro 25 er Bo\u00eete Cigares"},{"@type":"BreadcrumbList","@id":"https:\/\/www.tabakversand.ch\/produit\/zino-nicaragua-toro-25-er-box-zigarren\/#breadcrumb","itemListElement":[{"@type":"ListItem","position":1,"name":"Startseite","item":"https:\/\/www.tabakversand.ch\/"},{"@type":"ListItem","position":2,"name":"Boutique","item":"https:\/\/www.tabakversand.ch\/fr\/boutique\/"},{"@type":"ListItem","position":3,"name":"Zino Nicaragua Toro 25 er Bo\u00eete Cigares"}]},{"@type":"WebSite","@id":"https:\/\/www.tabakversand.ch\/#website","url":"https:\/\/www.tabakversand.ch\/","name":"Tabakversand.ch | Alles aus der Welt des Tabaks","description":"Smoke and carpe diem","potentialAction":[{"@type":"SearchAction","target":{"@type":"EntryPoint","urlTemplate":"https:\/\/www.tabakversand.ch\/?s={search_term_string}"},"query-input":{"@type":"PropertyValueSpecification","valueRequired":true,"valueName":"search_term_string"}}],"inLanguage":"fr-FR"}]}},"_links":{"self":[{"href":"https:\/\/www.tabakversand.ch\/fr\/wp-json\/wp\/v2\/product\/58959","targetHints":{"allow":["GET"]}}],"collection":[{"href":"https:\/\/www.tabakversand.ch\/fr\/wp-json\/wp\/v2\/product"}],"about":[{"href":"https:\/\/www.tabakversand.ch\/fr\/wp-json\/wp\/v2\/types\/product"}],"version-history":[{"count":0,"href":"https:\/\/www.tabakversand.ch\/fr\/wp-json\/wp\/v2\/product\/58959\/revisions"}],"wp:featuredmedia":[{"embeddable":true,"href":"https:\/\/www.tabakversand.ch\/fr\/wp-json\/wp\/v2\/media\/58968"}],"wp:attachment":[{"href":"https:\/\/www.tabakversand.ch\/fr\/wp-json\/wp\/v2\/media?parent=58959"}],"wp:term":[{"taxonomy":"product_brand","embeddable":true,"href":"https:\/\/www.tabakversand.ch\/fr\/wp-json\/wp\/v2\/product_brand?post=58959"},{"taxonomy":"product_cat","embeddable":true,"href":"https:\/\/www.tabakversand.ch\/fr\/wp-json\/wp\/v2\/product_cat?post=58959"},{"taxonomy":"product_tag","embeddable":true,"href":"https:\/\/www.tabakversand.ch\/fr\/wp-json\/wp\/v2\/product_tag?post=58959"}],"curies":[{"name":"wp","href":"https:\/\/api.w.org\/{rel}","templated":true}]}}