{"id":59368,"date":"2022-04-02T11:38:44","date_gmt":"2022-04-02T09:38:44","guid":{"rendered":"http:\/\/www.tabakversand.ch\/produkt\/jbr-red-snuff-schnupftabak\/"},"modified":"2026-02-21T07:36:44","modified_gmt":"2026-02-21T06:36:44","slug":"jbr-rouge","status":"publish","type":"product","link":"https:\/\/www.tabakversand.ch\/fr\/produit\/jbr-rouge\/","title":{"rendered":"JBR Tabac rouge"},"content":{"rendered":"<h1>JBR Tabac rouge<\/h1>\n<p>JBR Red Snuff s\u00e9duit par sa note de cerise fra\u00eeche et sa touche menthol\u00e9e vivifiante. L&rsquo;harmonieuse combinaison d&rsquo;ar\u00f4mes fruit\u00e9s et de tabacs s\u00e9lectionn\u00e9s garantit une exp\u00e9rience olfactive intense et \u00e9quilibr\u00e9e.<\/p>\n<ul>\n<li>Conception d&#8217;emballage attrayante et de haute qualit\u00e9<\/li>\n<li>Une combinaison unique d&rsquo;ar\u00f4mes rafra\u00eechissants et de tabac<\/li>\n<li>Id\u00e9al pour les zones non-fumeurs et pour en profiter discr\u00e8tement en d\u00e9placement.<\/li>\n<li>Sans fum\u00e9e et sans combustion<\/li>\n<li>La qualit\u00e9 de Bavi\u00e8re<\/li>\n<\/ul>\n<p>Chez tabakversand.ch, vous recevez votre tabac \u00e0 priser JBR Red fra\u00eechement conserv\u00e9 dans son emballage d&rsquo;origine. Un stockage soign\u00e9 garantit une pr\u00e9servation optimale de son ar\u00f4me, de son humidit\u00e9 et de sa qualit\u00e9 jusqu&rsquo;\u00e0 l&rsquo;exp\u00e9dition. Gr\u00e2ce \u00e0 une livraison rapide en Suisse, votre tabac \u00e0 priser arrive g\u00e9n\u00e9ralement tr\u00e8s vite.<\/p>\n<p>Ar\u00f4me de cerise et un peu de menthol<\/p>\n<p>1 bo\u00eete: Capacit\u00e9 10gr.<\/p>\n<p>Pour plus d&rsquo;informations sur le fabricant Alois P\u00f6schl GmbH &amp; Co. KG, veuillez consulter la page Wikip\u00e9dia correspondante\u00a0: <a href=\"https:\/\/de.wikipedia.org\/wiki\/Alois_P%C3%B6schl\">cliquez ici<\/a> . Pour toute question concernant le produit, n&rsquo;h\u00e9sitez pas \u00e0 nous contacter\u00a0: <a href=\"https:\/\/www.tabakversand.ch\/kontakt\/\">cliquez ici<\/a> .<\/p>\n<p>Tous les prix s&rsquo;appliquent uniquement aux commandes en ligne et incluent la TVA. Sous r\u00e9serve de modifications sans pr\u00e9avis, frais de livraison en sus. Sous r\u00e9serve d&rsquo;erreurs, de modifications de contenu de livraison et de conception, de fautes d&rsquo;impression et de modifications de prix. Les prix barr\u00e9s sont des prix de remplacement. Les illustrations peuvent diff\u00e9rer de l&rsquo;original\/du contenu de livraison.<br \/>\n*Livraison gratuite pour les commandes sup\u00e9rieures \u00e0 CHF 250.-.<\/p>\n","protected":false},"excerpt":{"rendered":"<p>JBR Tabac rouge JBR Red Snuff s\u00e9duit par sa note de cerise fra\u00eeche et sa touche menthol\u00e9e vivifiante. L&rsquo;harmonieuse combinaison d&rsquo;ar\u00f4mes fruit\u00e9s et de tabacs s\u00e9lectionn\u00e9s garantit une exp\u00e9rience olfactive intense et \u00e9quilibr\u00e9e. Conception d&#8217;emballage attrayante et de haute qualit\u00e9 Une combinaison unique d&rsquo;ar\u00f4mes rafra\u00eechissants et de tabac Id\u00e9al pour les zones non-fumeurs et pour [&hellip;]<\/p>\n","protected":false},"featured_media":59375,"template":"","meta":[],"product_brand":[1515],"product_cat":[1888,1951,1950],"product_tag":[],"class_list":{"0":"post-59368","1":"product","2":"type-product","3":"status-publish","4":"has-post-thumbnail","6":"product_brand-poeschl","7":"product_cat-tabac","8":"product_cat-tabac-a-priser-et-accessoires","9":"product_cat-tabac-a-priser-schnupftabak","11":"first","12":"instock","13":"purchasable","14":"product-type-simple"},"yoast_head":"<!-- This site is optimized with the Yoast SEO plugin v27.0 - https:\/\/yoast.com\/product\/yoast-seo-wordpress\/ -->\n<title>JBR Tabac rouge - Tabakversand.ch | Alles aus der Welt des Tabaks<\/title>\n<meta name=\"description\" content=\"JBR Red Snuff \u2013 tabac \u00e0 priser frais \u00e0 la cerise avec une pointe de menthol. Sans fum\u00e9e, de haute qualit\u00e9 et id\u00e9al pour une consommation dans les zones non-fumeurs.\" \/>\n<meta name=\"robots\" content=\"index, follow, max-snippet:-1, max-image-preview:large, max-video-preview:-1\" \/>\n<link rel=\"canonical\" href=\"https:\/\/www.tabakversand.ch\/produit\/jbr-red\/\" \/>\n<meta property=\"og:locale\" content=\"fr_FR\" \/>\n<meta property=\"og:type\" content=\"article\" \/>\n<meta property=\"og:title\" content=\"JBR Tabac rouge - Tabakversand.ch | Alles aus der Welt des Tabaks\" \/>\n<meta property=\"og:description\" content=\"JBR Red Snuff \u2013 tabac \u00e0 priser frais \u00e0 la cerise avec une pointe de menthol. Sans fum\u00e9e, de haute qualit\u00e9 et id\u00e9al pour une consommation dans les zones non-fumeurs.\" \/>\n<meta property=\"og:url\" content=\"https:\/\/www.tabakversand.ch\/produit\/jbr-red\/\" \/>\n<meta property=\"og:site_name\" content=\"Tabakversand.ch | Alles aus der Welt des Tabaks\" \/>\n<meta property=\"article:modified_time\" content=\"2026-02-21T06:36:44+00:00\" \/>\n<meta property=\"og:image\" content=\"https:\/\/www.tabakversand.ch\/wp-content\/uploads\/2022\/03\/jbr-red-snuff.jpg\" \/>\n\t<meta property=\"og:image:width\" content=\"500\" \/>\n\t<meta property=\"og:image:height\" content=\"500\" \/>\n\t<meta property=\"og:image:type\" content=\"image\/jpeg\" \/>\n<meta name=\"twitter:card\" content=\"summary_large_image\" \/>\n<meta name=\"twitter:label1\" content=\"Dur\u00e9e de lecture estim\u00e9e\" \/>\n\t<meta name=\"twitter:data1\" content=\"2 minutes\" \/>\n<script type=\"application\/ld+json\" class=\"yoast-schema-graph\">{\"@context\":\"https:\/\/schema.org\",\"@graph\":[{\"@type\":\"WebPage\",\"@id\":\"https:\/\/www.tabakversand.ch\/produit\/jbr-red\/\",\"url\":\"https:\/\/www.tabakversand.ch\/produit\/jbr-red\/\",\"name\":\"JBR Tabac rouge - Tabakversand.ch | Alles aus der Welt des Tabaks\",\"isPartOf\":{\"@id\":\"https:\/\/www.tabakversand.ch\/#website\"},\"primaryImageOfPage\":{\"@id\":\"https:\/\/www.tabakversand.ch\/produit\/jbr-red\/#primaryimage\"},\"image\":{\"@id\":\"https:\/\/www.tabakversand.ch\/produit\/jbr-red\/#primaryimage\"},\"thumbnailUrl\":\"https:\/\/www.tabakversand.ch\/wp-content\/uploads\/2022\/03\/jbr-red-snuff.jpg\",\"datePublished\":\"2022-04-02T09:38:44+00:00\",\"dateModified\":\"2026-02-21T06:36:44+00:00\",\"description\":\"JBR Red Snuff \u2013 tabac \u00e0 priser frais \u00e0 la cerise avec une pointe de menthol. Sans fum\u00e9e, de haute qualit\u00e9 et id\u00e9al pour une consommation dans les zones non-fumeurs.\",\"breadcrumb\":{\"@id\":\"https:\/\/www.tabakversand.ch\/produit\/jbr-red\/#breadcrumb\"},\"inLanguage\":\"fr-FR\",\"potentialAction\":[{\"@type\":\"ReadAction\",\"target\":[\"https:\/\/www.tabakversand.ch\/produit\/jbr-red\/\"]}]},{\"@type\":\"ImageObject\",\"inLanguage\":\"fr-FR\",\"@id\":\"https:\/\/www.tabakversand.ch\/produit\/jbr-red\/#primaryimage\",\"url\":\"https:\/\/www.tabakversand.ch\/wp-content\/uploads\/2022\/03\/jbr-red-snuff.jpg\",\"contentUrl\":\"https:\/\/www.tabakversand.ch\/wp-content\/uploads\/2022\/03\/jbr-red-snuff.jpg\",\"width\":500,\"height\":500,\"caption\":\"JBR Red Snuff Schnupftabak\"},{\"@type\":\"BreadcrumbList\",\"@id\":\"https:\/\/www.tabakversand.ch\/produit\/jbr-red\/#breadcrumb\",\"itemListElement\":[{\"@type\":\"ListItem\",\"position\":1,\"name\":\"Startseite\",\"item\":\"https:\/\/www.tabakversand.ch\/\"},{\"@type\":\"ListItem\",\"position\":2,\"name\":\"Boutique\",\"item\":\"https:\/\/www.tabakversand.ch\/fr\/boutique\/\"},{\"@type\":\"ListItem\",\"position\":3,\"name\":\"JBR Tabac rouge\"}]},{\"@type\":\"WebSite\",\"@id\":\"https:\/\/www.tabakversand.ch\/#website\",\"url\":\"https:\/\/www.tabakversand.ch\/\",\"name\":\"Tabakversand.ch | Alles aus der Welt des Tabaks\",\"description\":\"Smoke and carpe diem\",\"potentialAction\":[{\"@type\":\"SearchAction\",\"target\":{\"@type\":\"EntryPoint\",\"urlTemplate\":\"https:\/\/www.tabakversand.ch\/?s={search_term_string}\"},\"query-input\":{\"@type\":\"PropertyValueSpecification\",\"valueRequired\":true,\"valueName\":\"search_term_string\"}}],\"inLanguage\":\"fr-FR\"}]}<\/script>\n<!-- \/ Yoast SEO plugin. -->","yoast_head_json":{"title":"JBR Tabac rouge - Tabakversand.ch | Alles aus der Welt des Tabaks","description":"JBR Red Snuff \u2013 tabac \u00e0 priser frais \u00e0 la cerise avec une pointe de menthol. Sans fum\u00e9e, de haute qualit\u00e9 et id\u00e9al pour une consommation dans les zones non-fumeurs.","robots":{"index":"index","follow":"follow","max-snippet":"max-snippet:-1","max-image-preview":"max-image-preview:large","max-video-preview":"max-video-preview:-1"},"canonical":"https:\/\/www.tabakversand.ch\/produit\/jbr-red\/","og_locale":"fr_FR","og_type":"article","og_title":"JBR Tabac rouge - Tabakversand.ch | Alles aus der Welt des Tabaks","og_description":"JBR Red Snuff \u2013 tabac \u00e0 priser frais \u00e0 la cerise avec une pointe de menthol. Sans fum\u00e9e, de haute qualit\u00e9 et id\u00e9al pour une consommation dans les zones non-fumeurs.","og_url":"https:\/\/www.tabakversand.ch\/produit\/jbr-red\/","og_site_name":"Tabakversand.ch | Alles aus der Welt des Tabaks","article_modified_time":"2026-02-21T06:36:44+00:00","og_image":[{"width":500,"height":500,"url":"https:\/\/www.tabakversand.ch\/wp-content\/uploads\/2022\/03\/jbr-red-snuff.jpg","type":"image\/jpeg"}],"twitter_card":"summary_large_image","twitter_misc":{"Dur\u00e9e de lecture estim\u00e9e":"2 minutes"},"schema":{"@context":"https:\/\/schema.org","@graph":[{"@type":"WebPage","@id":"https:\/\/www.tabakversand.ch\/produit\/jbr-red\/","url":"https:\/\/www.tabakversand.ch\/produit\/jbr-red\/","name":"JBR Tabac rouge - Tabakversand.ch | Alles aus der Welt des Tabaks","isPartOf":{"@id":"https:\/\/www.tabakversand.ch\/#website"},"primaryImageOfPage":{"@id":"https:\/\/www.tabakversand.ch\/produit\/jbr-red\/#primaryimage"},"image":{"@id":"https:\/\/www.tabakversand.ch\/produit\/jbr-red\/#primaryimage"},"thumbnailUrl":"https:\/\/www.tabakversand.ch\/wp-content\/uploads\/2022\/03\/jbr-red-snuff.jpg","datePublished":"2022-04-02T09:38:44+00:00","dateModified":"2026-02-21T06:36:44+00:00","description":"JBR Red Snuff \u2013 tabac \u00e0 priser frais \u00e0 la cerise avec une pointe de menthol. Sans fum\u00e9e, de haute qualit\u00e9 et id\u00e9al pour une consommation dans les zones non-fumeurs.","breadcrumb":{"@id":"https:\/\/www.tabakversand.ch\/produit\/jbr-red\/#breadcrumb"},"inLanguage":"fr-FR","potentialAction":[{"@type":"ReadAction","target":["https:\/\/www.tabakversand.ch\/produit\/jbr-red\/"]}]},{"@type":"ImageObject","inLanguage":"fr-FR","@id":"https:\/\/www.tabakversand.ch\/produit\/jbr-red\/#primaryimage","url":"https:\/\/www.tabakversand.ch\/wp-content\/uploads\/2022\/03\/jbr-red-snuff.jpg","contentUrl":"https:\/\/www.tabakversand.ch\/wp-content\/uploads\/2022\/03\/jbr-red-snuff.jpg","width":500,"height":500,"caption":"JBR Red Snuff Schnupftabak"},{"@type":"BreadcrumbList","@id":"https:\/\/www.tabakversand.ch\/produit\/jbr-red\/#breadcrumb","itemListElement":[{"@type":"ListItem","position":1,"name":"Startseite","item":"https:\/\/www.tabakversand.ch\/"},{"@type":"ListItem","position":2,"name":"Boutique","item":"https:\/\/www.tabakversand.ch\/fr\/boutique\/"},{"@type":"ListItem","position":3,"name":"JBR Tabac rouge"}]},{"@type":"WebSite","@id":"https:\/\/www.tabakversand.ch\/#website","url":"https:\/\/www.tabakversand.ch\/","name":"Tabakversand.ch | Alles aus der Welt des Tabaks","description":"Smoke and carpe diem","potentialAction":[{"@type":"SearchAction","target":{"@type":"EntryPoint","urlTemplate":"https:\/\/www.tabakversand.ch\/?s={search_term_string}"},"query-input":{"@type":"PropertyValueSpecification","valueRequired":true,"valueName":"search_term_string"}}],"inLanguage":"fr-FR"}]}},"_links":{"self":[{"href":"https:\/\/www.tabakversand.ch\/fr\/wp-json\/wp\/v2\/product\/59368","targetHints":{"allow":["GET"]}}],"collection":[{"href":"https:\/\/www.tabakversand.ch\/fr\/wp-json\/wp\/v2\/product"}],"about":[{"href":"https:\/\/www.tabakversand.ch\/fr\/wp-json\/wp\/v2\/types\/product"}],"version-history":[{"count":6,"href":"https:\/\/www.tabakversand.ch\/fr\/wp-json\/wp\/v2\/product\/59368\/revisions"}],"predecessor-version":[{"id":213005,"href":"https:\/\/www.tabakversand.ch\/fr\/wp-json\/wp\/v2\/product\/59368\/revisions\/213005"}],"wp:featuredmedia":[{"embeddable":true,"href":"https:\/\/www.tabakversand.ch\/fr\/wp-json\/wp\/v2\/media\/59375"}],"wp:attachment":[{"href":"https:\/\/www.tabakversand.ch\/fr\/wp-json\/wp\/v2\/media?parent=59368"}],"wp:term":[{"taxonomy":"product_brand","embeddable":true,"href":"https:\/\/www.tabakversand.ch\/fr\/wp-json\/wp\/v2\/product_brand?post=59368"},{"taxonomy":"product_cat","embeddable":true,"href":"https:\/\/www.tabakversand.ch\/fr\/wp-json\/wp\/v2\/product_cat?post=59368"},{"taxonomy":"product_tag","embeddable":true,"href":"https:\/\/www.tabakversand.ch\/fr\/wp-json\/wp\/v2\/product_tag?post=59368"}],"curies":[{"name":"wp","href":"https:\/\/api.w.org\/{rel}","templated":true}]}}