{"id":60901,"date":"2022-04-02T11:36:04","date_gmt":"2022-04-02T09:36:04","guid":{"rendered":"http:\/\/www.tabakversand.ch\/produkt\/roessli-7-lang\/"},"modified":"2026-03-24T12:54:31","modified_gmt":"2026-03-24T11:54:31","slug":"roessli-7-lang","status":"publish","type":"product","link":"https:\/\/www.tabakversand.ch\/fr\/produit\/roessli-7-lang\/","title":{"rendered":"R\u00f6ssli 7 Lang"},"content":{"rendered":"<p>R\u00f6ssli 7 Lang<\/p>\n<p>Cigares\/souches fabriqu\u00e9s \u00e0 la machine \u2013 des classiques suisses pour un v\u00e9ritable plaisir de fumer<\/p>\n<ul>\n<li>1 x 10 pi\u00e8ces<\/li>\n<\/ul>\n<p>&nbsp;<\/p>\n<p>D\u00e9couvrez l&rsquo;exp\u00e9rience authentique et traditionnelle du cigare suisse avec les R\u00f6ssli 7 Long Stumps. Appr\u00e9ci\u00e9s depuis des d\u00e9cennies, ces cigares sont synonymes de qualit\u00e9 constante, d&rsquo;un ar\u00f4me l\u00e9g\u00e8rement \u00e9pic\u00e9 et d&rsquo;une dur\u00e9e de combustion r\u00e9guli\u00e8re \u2013 parfaits pour les connaisseurs qui appr\u00e9cient un cigare simple et distinctif. <\/p>\n<p>Fabriqu\u00e9es par Burger S\u00f6hne AG, les cigarettes R\u00f6ssli 7 Lang allient les meilleurs m\u00e9langes de tabac au savoir-faire suisse traditionnel. Il en r\u00e9sulte un ar\u00f4me doux et harmonieux qui s\u00e9duit aussi bien les fumeurs novices que les fumeurs exp\u00e9riment\u00e9s. <\/p>\n<p>Points forts du produit<\/p>\n<ul>\n<li>Cigare suisse classique \u2013 une tradition qui dure depuis des d\u00e9cennies<\/li>\n<li>Ar\u00f4me l\u00e9ger \u00e0 moyennement fort, l\u00e9g\u00e8rement \u00e9pic\u00e9<\/li>\n<li>Format : environ 100 mm de longueur \/ \u00d8 17 mm \u2013 dur\u00e9e de fumage agr\u00e9able d&rsquo;environ 15 \u00e0 20 minutes<\/li>\n<li>Fabriqu\u00e9 \u00e0 la machine pour une qualit\u00e9 constante<\/li>\n<li>Id\u00e9al pour de courts moments de plaisir, un caf\u00e9 ou entre les deux.<\/li>\n<li>Lot pratique de dix \u2013 id\u00e9al pour les d\u00e9placements ou comme cadeau.<\/li>\n<\/ul>\n<p>&nbsp;<\/p>\n<p>Pourquoi R\u00f6ssli 7 Long ?<\/p>\n<ul>\n<li>La tradition rencontre la praticit\u00e9 au quotidien : un classique suisse pour tous les jours<\/li>\n<li>Qualit\u00e9 fiable : combustion uniforme et fum\u00e9e r\u00e9guli\u00e8re<\/li>\n<li>Parfaitement dos\u00e9 : suffisamment long pour une pause d\u00e9tente, assez compact pour \u00eatre emport\u00e9 partout.<\/li>\n<\/ul>\n<p>&nbsp;<\/p>\n<p>Commandez d\u00e8s maintenant et savourez la tradition suisse du cigare<\/p>\n<p>Offrez-vous un moment de pur plaisir cigare avec le R\u00f6ssli 7 Long Stumps \u2013 doux, aromatique et incomparable.<\/p>\n<p>Chez tabakversand.ch, vous recevez vos cigares R\u00f6ssli 7 Long, conserv\u00e9s dans leur emballage d&rsquo;origine. Un stockage soign\u00e9 garantit la pr\u00e9servation optimale de leur ar\u00f4me, de leur humidit\u00e9 et de leur qualit\u00e9 jusqu&rsquo;\u00e0 l&rsquo;exp\u00e9dition. Gr\u00e2ce \u00e0 une livraison rapide en Suisse, vos cigares vous parviennent g\u00e9n\u00e9ralement tr\u00e8s rapidement.  <\/p>\n<p>Pour plus d&rsquo;informations sur le fabricant, veuillez consulter la page Wikip\u00e9dia correspondante&nbsp;: <a href=\"https:\/\/de.wikipedia.org\/wiki\/Burger_S%C3%B6hne#:~:text=Capone%20und%20Dannemann.-,Geschichte,verwendeten%20Namen%20Burger%20S%C3%B6hne%20auf.\">cliquez ici<\/a> . Si vous avez des questions concernant le produit, n&rsquo;h\u00e9sitez pas \u00e0 nous contacter&nbsp;: <a href=\"https:\/\/www.tabakversand.ch\/kontakt\/\">cliquez ici<\/a> . <\/p>\n<p>Tous les prix s&rsquo;appliquent uniquement aux commandes en ligne et incluent la TVA. Sous r\u00e9serve de modifications sans pr\u00e9avis, frais de livraison en sus. Sous r\u00e9serve d&rsquo;erreurs, de modifications de contenu de livraison et de conception, de fautes d&rsquo;impression et de modifications de prix. Les prix barr\u00e9s sont des prix de remplacement. Les illustrations peuvent diff\u00e9rer de l&rsquo;original\/du contenu de livraison.<br \/>\n*Livraison gratuite pour les commandes sup\u00e9rieures \u00e0 CHF 250.-.<\/p>\n","protected":false},"excerpt":{"rendered":"<p>R\u00f6ssli 7 Lang Cigares\/souches fabriqu\u00e9s \u00e0 la machine \u2013 des classiques suisses pour un v\u00e9ritable plaisir de fumer 1 x 10 pi\u00e8ces &nbsp; D\u00e9couvrez l&rsquo;exp\u00e9rience authentique et traditionnelle du cigare suisse avec les R\u00f6ssli 7 Long Stumps. Appr\u00e9ci\u00e9s depuis des d\u00e9cennies, ces cigares sont synonymes de qualit\u00e9 constante, d&rsquo;un ar\u00f4me l\u00e9g\u00e8rement \u00e9pic\u00e9 et d&rsquo;une dur\u00e9e [&hellip;]<\/p>\n","protected":false},"featured_media":60909,"template":"","meta":[],"product_brand":[5530],"product_cat":[1994,2190],"product_tag":[],"class_list":{"0":"post-60901","1":"product","2":"type-product","3":"status-publish","4":"has-post-thumbnail","6":"product_brand-roessli","7":"product_cat-monde-du-cigare","8":"product_cat-souches-de-cigares-de-tete","10":"first","11":"instock","12":"purchasable","13":"product-type-simple"},"yoast_head":"<!-- This site is optimized with the Yoast SEO plugin v27.0 - https:\/\/yoast.com\/product\/yoast-seo-wordpress\/ -->\n<title>R\u00f6ssli 7 Lang \u2013 Achetez des cigares suisses en ligne<\/title>\n<meta name=\"description\" content=\"Le cigare R\u00f6ssli 7 classique offre une fum\u00e9e douce et une longueur id\u00e9ale. D\u00e9couvrez-le d\u00e8s maintenant dans notre boutique et savourez la tradition suisse du cigare.\" \/>\n<meta name=\"robots\" content=\"index, follow, max-snippet:-1, max-image-preview:large, max-video-preview:-1\" \/>\n<link rel=\"canonical\" href=\"https:\/\/www.tabakversand.ch\/produit\/roessli-7-lang\/\" \/>\n<meta property=\"og:locale\" content=\"fr_FR\" \/>\n<meta property=\"og:type\" content=\"article\" \/>\n<meta property=\"og:title\" content=\"R\u00f6ssli 7 Lang \u2013 Achetez des cigares suisses en ligne\" \/>\n<meta property=\"og:description\" content=\"Le cigare R\u00f6ssli 7 classique offre une fum\u00e9e douce et une longueur id\u00e9ale. D\u00e9couvrez-le d\u00e8s maintenant dans notre boutique et savourez la tradition suisse du cigare.\" \/>\n<meta property=\"og:url\" content=\"https:\/\/www.tabakversand.ch\/produit\/roessli-7-lang\/\" \/>\n<meta property=\"og:site_name\" content=\"Tabakversand.ch | Alles aus der Welt des Tabaks\" \/>\n<meta property=\"article:modified_time\" content=\"2026-03-24T11:54:31+00:00\" \/>\n<meta property=\"og:image\" content=\"https:\/\/www.tabakversand.ch\/wp-content\/uploads\/2022\/03\/roessli-7-lang.jpg\" \/>\n\t<meta property=\"og:image:width\" content=\"450\" \/>\n\t<meta property=\"og:image:height\" content=\"450\" \/>\n\t<meta property=\"og:image:type\" content=\"image\/jpeg\" \/>\n<meta name=\"twitter:card\" content=\"summary_large_image\" \/>\n<meta name=\"twitter:label1\" content=\"Dur\u00e9e de lecture estim\u00e9e\" \/>\n\t<meta name=\"twitter:data1\" content=\"2 minutes\" \/>\n<script type=\"application\/ld+json\" class=\"yoast-schema-graph\">{\"@context\":\"https:\/\/schema.org\",\"@graph\":[{\"@type\":\"WebPage\",\"@id\":\"https:\/\/www.tabakversand.ch\/produit\/roessli-7-lang\/\",\"url\":\"https:\/\/www.tabakversand.ch\/produit\/roessli-7-lang\/\",\"name\":\"R\u00f6ssli 7 Lang \u2013 Achetez des cigares suisses en ligne\",\"isPartOf\":{\"@id\":\"https:\/\/www.tabakversand.ch\/#website\"},\"primaryImageOfPage\":{\"@id\":\"https:\/\/www.tabakversand.ch\/produit\/roessli-7-lang\/#primaryimage\"},\"image\":{\"@id\":\"https:\/\/www.tabakversand.ch\/produit\/roessli-7-lang\/#primaryimage\"},\"thumbnailUrl\":\"https:\/\/www.tabakversand.ch\/wp-content\/uploads\/2022\/03\/roessli-7-lang.jpg\",\"datePublished\":\"2022-04-02T09:36:04+00:00\",\"dateModified\":\"2026-03-24T11:54:31+00:00\",\"description\":\"Le cigare R\u00f6ssli 7 classique offre une fum\u00e9e douce et une longueur id\u00e9ale. D\u00e9couvrez-le d\u00e8s maintenant dans notre boutique et savourez la tradition suisse du cigare.\",\"breadcrumb\":{\"@id\":\"https:\/\/www.tabakversand.ch\/produit\/roessli-7-lang\/#breadcrumb\"},\"inLanguage\":\"fr-FR\",\"potentialAction\":[{\"@type\":\"ReadAction\",\"target\":[\"https:\/\/www.tabakversand.ch\/produit\/roessli-7-lang\/\"]}]},{\"@type\":\"ImageObject\",\"inLanguage\":\"fr-FR\",\"@id\":\"https:\/\/www.tabakversand.ch\/produit\/roessli-7-lang\/#primaryimage\",\"url\":\"https:\/\/www.tabakversand.ch\/wp-content\/uploads\/2022\/03\/roessli-7-lang.jpg\",\"contentUrl\":\"https:\/\/www.tabakversand.ch\/wp-content\/uploads\/2022\/03\/roessli-7-lang.jpg\",\"width\":450,\"height\":450,\"caption\":\"R\u00f6ssli 7 Lang\"},{\"@type\":\"BreadcrumbList\",\"@id\":\"https:\/\/www.tabakversand.ch\/produit\/roessli-7-lang\/#breadcrumb\",\"itemListElement\":[{\"@type\":\"ListItem\",\"position\":1,\"name\":\"Startseite\",\"item\":\"https:\/\/www.tabakversand.ch\/\"},{\"@type\":\"ListItem\",\"position\":2,\"name\":\"Boutique\",\"item\":\"https:\/\/www.tabakversand.ch\/fr\/boutique\/\"},{\"@type\":\"ListItem\",\"position\":3,\"name\":\"R\u00f6ssli 7 Lang\"}]},{\"@type\":\"WebSite\",\"@id\":\"https:\/\/www.tabakversand.ch\/#website\",\"url\":\"https:\/\/www.tabakversand.ch\/\",\"name\":\"Tabakversand.ch | Alles aus der Welt des Tabaks\",\"description\":\"Smoke and carpe diem\",\"potentialAction\":[{\"@type\":\"SearchAction\",\"target\":{\"@type\":\"EntryPoint\",\"urlTemplate\":\"https:\/\/www.tabakversand.ch\/?s={search_term_string}\"},\"query-input\":{\"@type\":\"PropertyValueSpecification\",\"valueRequired\":true,\"valueName\":\"search_term_string\"}}],\"inLanguage\":\"fr-FR\"}]}<\/script>\n<!-- \/ Yoast SEO plugin. -->","yoast_head_json":{"title":"R\u00f6ssli 7 Lang \u2013 Achetez des cigares suisses en ligne","description":"Le cigare R\u00f6ssli 7 classique offre une fum\u00e9e douce et une longueur id\u00e9ale. D\u00e9couvrez-le d\u00e8s maintenant dans notre boutique et savourez la tradition suisse du cigare.","robots":{"index":"index","follow":"follow","max-snippet":"max-snippet:-1","max-image-preview":"max-image-preview:large","max-video-preview":"max-video-preview:-1"},"canonical":"https:\/\/www.tabakversand.ch\/produit\/roessli-7-lang\/","og_locale":"fr_FR","og_type":"article","og_title":"R\u00f6ssli 7 Lang \u2013 Achetez des cigares suisses en ligne","og_description":"Le cigare R\u00f6ssli 7 classique offre une fum\u00e9e douce et une longueur id\u00e9ale. D\u00e9couvrez-le d\u00e8s maintenant dans notre boutique et savourez la tradition suisse du cigare.","og_url":"https:\/\/www.tabakversand.ch\/produit\/roessli-7-lang\/","og_site_name":"Tabakversand.ch | Alles aus der Welt des Tabaks","article_modified_time":"2026-03-24T11:54:31+00:00","og_image":[{"width":450,"height":450,"url":"https:\/\/www.tabakversand.ch\/wp-content\/uploads\/2022\/03\/roessli-7-lang.jpg","type":"image\/jpeg"}],"twitter_card":"summary_large_image","twitter_misc":{"Dur\u00e9e de lecture estim\u00e9e":"2 minutes"},"schema":{"@context":"https:\/\/schema.org","@graph":[{"@type":"WebPage","@id":"https:\/\/www.tabakversand.ch\/produit\/roessli-7-lang\/","url":"https:\/\/www.tabakversand.ch\/produit\/roessli-7-lang\/","name":"R\u00f6ssli 7 Lang \u2013 Achetez des cigares suisses en ligne","isPartOf":{"@id":"https:\/\/www.tabakversand.ch\/#website"},"primaryImageOfPage":{"@id":"https:\/\/www.tabakversand.ch\/produit\/roessli-7-lang\/#primaryimage"},"image":{"@id":"https:\/\/www.tabakversand.ch\/produit\/roessli-7-lang\/#primaryimage"},"thumbnailUrl":"https:\/\/www.tabakversand.ch\/wp-content\/uploads\/2022\/03\/roessli-7-lang.jpg","datePublished":"2022-04-02T09:36:04+00:00","dateModified":"2026-03-24T11:54:31+00:00","description":"Le cigare R\u00f6ssli 7 classique offre une fum\u00e9e douce et une longueur id\u00e9ale. D\u00e9couvrez-le d\u00e8s maintenant dans notre boutique et savourez la tradition suisse du cigare.","breadcrumb":{"@id":"https:\/\/www.tabakversand.ch\/produit\/roessli-7-lang\/#breadcrumb"},"inLanguage":"fr-FR","potentialAction":[{"@type":"ReadAction","target":["https:\/\/www.tabakversand.ch\/produit\/roessli-7-lang\/"]}]},{"@type":"ImageObject","inLanguage":"fr-FR","@id":"https:\/\/www.tabakversand.ch\/produit\/roessli-7-lang\/#primaryimage","url":"https:\/\/www.tabakversand.ch\/wp-content\/uploads\/2022\/03\/roessli-7-lang.jpg","contentUrl":"https:\/\/www.tabakversand.ch\/wp-content\/uploads\/2022\/03\/roessli-7-lang.jpg","width":450,"height":450,"caption":"R\u00f6ssli 7 Lang"},{"@type":"BreadcrumbList","@id":"https:\/\/www.tabakversand.ch\/produit\/roessli-7-lang\/#breadcrumb","itemListElement":[{"@type":"ListItem","position":1,"name":"Startseite","item":"https:\/\/www.tabakversand.ch\/"},{"@type":"ListItem","position":2,"name":"Boutique","item":"https:\/\/www.tabakversand.ch\/fr\/boutique\/"},{"@type":"ListItem","position":3,"name":"R\u00f6ssli 7 Lang"}]},{"@type":"WebSite","@id":"https:\/\/www.tabakversand.ch\/#website","url":"https:\/\/www.tabakversand.ch\/","name":"Tabakversand.ch | Alles aus der Welt des Tabaks","description":"Smoke and carpe diem","potentialAction":[{"@type":"SearchAction","target":{"@type":"EntryPoint","urlTemplate":"https:\/\/www.tabakversand.ch\/?s={search_term_string}"},"query-input":{"@type":"PropertyValueSpecification","valueRequired":true,"valueName":"search_term_string"}}],"inLanguage":"fr-FR"}]}},"_links":{"self":[{"href":"https:\/\/www.tabakversand.ch\/fr\/wp-json\/wp\/v2\/product\/60901","targetHints":{"allow":["GET"]}}],"collection":[{"href":"https:\/\/www.tabakversand.ch\/fr\/wp-json\/wp\/v2\/product"}],"about":[{"href":"https:\/\/www.tabakversand.ch\/fr\/wp-json\/wp\/v2\/types\/product"}],"version-history":[{"count":3,"href":"https:\/\/www.tabakversand.ch\/fr\/wp-json\/wp\/v2\/product\/60901\/revisions"}],"predecessor-version":[{"id":215918,"href":"https:\/\/www.tabakversand.ch\/fr\/wp-json\/wp\/v2\/product\/60901\/revisions\/215918"}],"wp:featuredmedia":[{"embeddable":true,"href":"https:\/\/www.tabakversand.ch\/fr\/wp-json\/wp\/v2\/media\/60909"}],"wp:attachment":[{"href":"https:\/\/www.tabakversand.ch\/fr\/wp-json\/wp\/v2\/media?parent=60901"}],"wp:term":[{"taxonomy":"product_brand","embeddable":true,"href":"https:\/\/www.tabakversand.ch\/fr\/wp-json\/wp\/v2\/product_brand?post=60901"},{"taxonomy":"product_cat","embeddable":true,"href":"https:\/\/www.tabakversand.ch\/fr\/wp-json\/wp\/v2\/product_cat?post=60901"},{"taxonomy":"product_tag","embeddable":true,"href":"https:\/\/www.tabakversand.ch\/fr\/wp-json\/wp\/v2\/product_tag?post=60901"}],"curies":[{"name":"wp","href":"https:\/\/api.w.org\/{rel}","templated":true}]}}