{"id":61258,"date":"2022-04-02T11:34:35","date_gmt":"2022-04-02T09:34:35","guid":{"rendered":"http:\/\/www.tabakversand.ch\/produkt\/tour-dexportation-villiger\/"},"modified":"2026-03-23T15:04:05","modified_gmt":"2026-03-23T14:04:05","slug":"villiger-export-round","status":"publish","type":"product","link":"https:\/\/www.tabakversand.ch\/fr\/produit\/villiger-export-round\/","title":{"rendered":"Tour d\u2019exportation Villiger"},"content":{"rendered":"<h1>Tour d\u2019exportation Villiger<\/h1>\n<ul>\n<li>2 x 5 pi\u00e8ces.<\/li>\n<\/ul>\n<p>&nbsp;<\/p>\n<p>Un plaisir classique avec un caract\u00e8re bien \u00e9quilibr\u00e9<\/p>\n<p>Les cigares Villiger Export Round incarnent le plaisir traditionnel dans sa forme la plus pure. Leur forme ronde caract\u00e9ristique et leur m\u00e9lange de tabacs soigneusement \u00e9labor\u00e9 offrent une exp\u00e9rience de d\u00e9gustation \u00e0 la fois riche et \u00e9quilibr\u00e9e, id\u00e9ale pour les connaisseurs les plus exigeants. <\/p>\n<p>\u2728 Voici ce qui les rend sp\u00e9ciaux :<\/p>\n<p>M\u00e9lange de tabac de haute qualit\u00e9 pour un go\u00fbt fort et aromatique<\/p>\n<p>Forme ronde pour une exp\u00e9rience de fumage douce et agr\u00e9able<\/p>\n<p>combustion uniforme et qualit\u00e9 fiable<\/p>\n<p>Id\u00e9al pour un plaisir quotidien<\/p>\n<p>Ils impressionnent par leur authenticit\u00e9 et leur caract\u00e8re pur \u2013 parfaits pour tous ceux qui appr\u00e9cient une saveur de tabac plus intense, sans additifs.<\/p>\n<p>\ud83d\udca8 Conseil pour en profiter :<br \/>\n \u00c0 d\u00e9guster pur \u2013 id\u00e9al avec un espresso ou apr\u00e8s un repas.<\/p>\n<p>\ud83d\udcab Conclusion :<br \/>\n Les cigares Villiger Export Round sont le choix id\u00e9al pour les amateurs de cigares classiques qui appr\u00e9cient le go\u00fbt prononc\u00e9, la qualit\u00e9 et la tradition.<\/p>\n<p>Chez tabakversand.ch, vous recevez des cigares Villiger Export Round, conserv\u00e9s dans leur emballage d&rsquo;origine. Un stockage soign\u00e9 garantit la pr\u00e9servation optimale de leur ar\u00f4me, de leur humidit\u00e9 et de leur qualit\u00e9 jusqu&rsquo;\u00e0 l&rsquo;exp\u00e9dition. Gr\u00e2ce \u00e0 une livraison rapide en Suisse, vos cigares vous parviennent g\u00e9n\u00e9ralement tr\u00e8s rapidement.  <\/p>\n<p>Pour plus d&rsquo;informations sur le fabricant, Villiger S\u00f6hne Holding, veuillez consulter la page Wikip\u00e9dia correspondante&nbsp;: <a href=\"https:\/\/de.wikipedia.org\/wiki\/Villiger_S%C3%B6hne_Holding\">cliquez ici<\/a> . Si vous avez des questions concernant le produit, n&rsquo;h\u00e9sitez pas \u00e0 nous contacter&nbsp;: <a href=\"https:\/\/www.tabakversand.ch\/kontakt\/\">cliquez ici<\/a> . <\/p>\n<p>Tous les prix s&rsquo;appliquent uniquement aux commandes en ligne et incluent la TVA. Sous r\u00e9serve de modifications sans pr\u00e9avis, frais de livraison en sus. Sous r\u00e9serve d&rsquo;erreurs, de modifications de contenu de livraison et de conception, de fautes d&rsquo;impression et de modifications de prix. Les prix barr\u00e9s sont des prix de remplacement. Les illustrations peuvent diff\u00e9rer de l&rsquo;original\/du contenu de livraison.<br \/>\n*Livraison gratuite pour les commandes sup\u00e9rieures \u00e0 CHF 250.-.<\/p>\n","protected":false},"excerpt":{"rendered":"<p>Tour d\u2019exportation Villiger 2 x 5 pi\u00e8ces. &nbsp; Un plaisir classique avec un caract\u00e8re bien \u00e9quilibr\u00e9 Les cigares Villiger Export Round incarnent le plaisir traditionnel dans sa forme la plus pure. Leur forme ronde caract\u00e9ristique et leur m\u00e9lange de tabacs soigneusement \u00e9labor\u00e9 offrent une exp\u00e9rience de d\u00e9gustation \u00e0 la fois riche et \u00e9quilibr\u00e9e, id\u00e9ale pour [&hellip;]<\/p>\n","protected":false},"featured_media":61264,"template":"","meta":[],"product_brand":[1538],"product_cat":[1994,2190],"product_tag":[],"class_list":{"0":"post-61258","1":"product","2":"type-product","3":"status-publish","4":"has-post-thumbnail","6":"product_brand-villiger","7":"product_cat-monde-du-cigare","8":"product_cat-souches-de-cigares-de-tete","10":"first","11":"instock","12":"purchasable","13":"product-type-simple"},"yoast_head":"<!-- This site is optimized with the Yoast SEO plugin v27.0 - https:\/\/yoast.com\/product\/yoast-seo-wordpress\/ -->\n<title>Achetez Villiger Export Round | Classique et sans filtre<\/title>\n<meta name=\"description\" content=\"Achetez en ligne les cigarettes Villiger Export Round \u2713 Classiques avec un ar\u00f4me de tabac puissant \u2713 Forme ronde et combustion uniforme \u2713 Id\u00e9ales pour les connaisseurs \u27a4 Commandez maintenant !\" \/>\n<meta name=\"robots\" content=\"index, follow, max-snippet:-1, max-image-preview:large, max-video-preview:-1\" \/>\n<link rel=\"canonical\" href=\"https:\/\/www.tabakversand.ch\/fr\/produit\/villiger-export-round\/\" \/>\n<meta property=\"og:locale\" content=\"fr_FR\" \/>\n<meta property=\"og:type\" content=\"article\" \/>\n<meta property=\"og:title\" content=\"Achetez Villiger Export Round | Classique et sans filtre\" \/>\n<meta property=\"og:description\" content=\"Achetez en ligne les cigarettes Villiger Export Round \u2713 Classiques avec un ar\u00f4me de tabac puissant \u2713 Forme ronde et combustion uniforme \u2713 Id\u00e9ales pour les connaisseurs \u27a4 Commandez maintenant !\" \/>\n<meta property=\"og:url\" content=\"https:\/\/www.tabakversand.ch\/fr\/produit\/villiger-export-round\/\" \/>\n<meta property=\"og:site_name\" content=\"Tabakversand.ch | Alles aus der Welt des Tabaks\" \/>\n<meta property=\"article:modified_time\" content=\"2026-03-23T14:04:05+00:00\" \/>\n<meta property=\"og:image\" content=\"https:\/\/www.tabakversand.ch\/wp-content\/uploads\/2022\/03\/villiger-export-rund.jpg\" \/>\n\t<meta property=\"og:image:width\" content=\"450\" \/>\n\t<meta property=\"og:image:height\" content=\"450\" \/>\n\t<meta property=\"og:image:type\" content=\"image\/jpeg\" \/>\n<meta name=\"twitter:card\" content=\"summary_large_image\" \/>\n<meta name=\"twitter:label1\" content=\"Dur\u00e9e de lecture estim\u00e9e\" \/>\n\t<meta name=\"twitter:data1\" content=\"2 minutes\" \/>\n<script type=\"application\/ld+json\" class=\"yoast-schema-graph\">{\"@context\":\"https:\/\/schema.org\",\"@graph\":[{\"@type\":\"WebPage\",\"@id\":\"https:\/\/www.tabakversand.ch\/fr\/produit\/villiger-export-round\/\",\"url\":\"https:\/\/www.tabakversand.ch\/fr\/produit\/villiger-export-round\/\",\"name\":\"Achetez Villiger Export Round | Classique et sans filtre\",\"isPartOf\":{\"@id\":\"https:\/\/www.tabakversand.ch\/#website\"},\"primaryImageOfPage\":{\"@id\":\"https:\/\/www.tabakversand.ch\/fr\/produit\/villiger-export-round\/#primaryimage\"},\"image\":{\"@id\":\"https:\/\/www.tabakversand.ch\/fr\/produit\/villiger-export-round\/#primaryimage\"},\"thumbnailUrl\":\"https:\/\/www.tabakversand.ch\/wp-content\/uploads\/2022\/03\/villiger-export-rund.jpg\",\"datePublished\":\"2022-04-02T09:34:35+00:00\",\"dateModified\":\"2026-03-23T14:04:05+00:00\",\"description\":\"Achetez en ligne les cigarettes Villiger Export Round \u2713 Classiques avec un ar\u00f4me de tabac puissant \u2713 Forme ronde et combustion uniforme \u2713 Id\u00e9ales pour les connaisseurs \u27a4 Commandez maintenant !\",\"breadcrumb\":{\"@id\":\"https:\/\/www.tabakversand.ch\/fr\/produit\/villiger-export-round\/#breadcrumb\"},\"inLanguage\":\"fr-FR\",\"potentialAction\":[{\"@type\":\"ReadAction\",\"target\":[\"https:\/\/www.tabakversand.ch\/fr\/produit\/villiger-export-round\/\"]}]},{\"@type\":\"ImageObject\",\"inLanguage\":\"fr-FR\",\"@id\":\"https:\/\/www.tabakversand.ch\/fr\/produit\/villiger-export-round\/#primaryimage\",\"url\":\"https:\/\/www.tabakversand.ch\/wp-content\/uploads\/2022\/03\/villiger-export-rund.jpg\",\"contentUrl\":\"https:\/\/www.tabakversand.ch\/wp-content\/uploads\/2022\/03\/villiger-export-rund.jpg\",\"width\":450,\"height\":450,\"caption\":\"Tour d\u2019exportation Villiger\"},{\"@type\":\"BreadcrumbList\",\"@id\":\"https:\/\/www.tabakversand.ch\/fr\/produit\/villiger-export-round\/#breadcrumb\",\"itemListElement\":[{\"@type\":\"ListItem\",\"position\":1,\"name\":\"Startseite\",\"item\":\"https:\/\/www.tabakversand.ch\/\"},{\"@type\":\"ListItem\",\"position\":2,\"name\":\"Boutique\",\"item\":\"https:\/\/www.tabakversand.ch\/fr\/boutique\/\"},{\"@type\":\"ListItem\",\"position\":3,\"name\":\"Tour d\u2019exportation Villiger\"}]},{\"@type\":\"WebSite\",\"@id\":\"https:\/\/www.tabakversand.ch\/#website\",\"url\":\"https:\/\/www.tabakversand.ch\/\",\"name\":\"Tabakversand.ch | Alles aus der Welt des Tabaks\",\"description\":\"Smoke and carpe diem\",\"potentialAction\":[{\"@type\":\"SearchAction\",\"target\":{\"@type\":\"EntryPoint\",\"urlTemplate\":\"https:\/\/www.tabakversand.ch\/?s={search_term_string}\"},\"query-input\":{\"@type\":\"PropertyValueSpecification\",\"valueRequired\":true,\"valueName\":\"search_term_string\"}}],\"inLanguage\":\"fr-FR\"}]}<\/script>\n<!-- \/ Yoast SEO plugin. -->","yoast_head_json":{"title":"Achetez Villiger Export Round | Classique et sans filtre","description":"Achetez en ligne les cigarettes Villiger Export Round \u2713 Classiques avec un ar\u00f4me de tabac puissant \u2713 Forme ronde et combustion uniforme \u2713 Id\u00e9ales pour les connaisseurs \u27a4 Commandez maintenant !","robots":{"index":"index","follow":"follow","max-snippet":"max-snippet:-1","max-image-preview":"max-image-preview:large","max-video-preview":"max-video-preview:-1"},"canonical":"https:\/\/www.tabakversand.ch\/fr\/produit\/villiger-export-round\/","og_locale":"fr_FR","og_type":"article","og_title":"Achetez Villiger Export Round | Classique et sans filtre","og_description":"Achetez en ligne les cigarettes Villiger Export Round \u2713 Classiques avec un ar\u00f4me de tabac puissant \u2713 Forme ronde et combustion uniforme \u2713 Id\u00e9ales pour les connaisseurs \u27a4 Commandez maintenant !","og_url":"https:\/\/www.tabakversand.ch\/fr\/produit\/villiger-export-round\/","og_site_name":"Tabakversand.ch | Alles aus der Welt des Tabaks","article_modified_time":"2026-03-23T14:04:05+00:00","og_image":[{"width":450,"height":450,"url":"https:\/\/www.tabakversand.ch\/wp-content\/uploads\/2022\/03\/villiger-export-rund.jpg","type":"image\/jpeg"}],"twitter_card":"summary_large_image","twitter_misc":{"Dur\u00e9e de lecture estim\u00e9e":"2 minutes"},"schema":{"@context":"https:\/\/schema.org","@graph":[{"@type":"WebPage","@id":"https:\/\/www.tabakversand.ch\/fr\/produit\/villiger-export-round\/","url":"https:\/\/www.tabakversand.ch\/fr\/produit\/villiger-export-round\/","name":"Achetez Villiger Export Round | Classique et sans filtre","isPartOf":{"@id":"https:\/\/www.tabakversand.ch\/#website"},"primaryImageOfPage":{"@id":"https:\/\/www.tabakversand.ch\/fr\/produit\/villiger-export-round\/#primaryimage"},"image":{"@id":"https:\/\/www.tabakversand.ch\/fr\/produit\/villiger-export-round\/#primaryimage"},"thumbnailUrl":"https:\/\/www.tabakversand.ch\/wp-content\/uploads\/2022\/03\/villiger-export-rund.jpg","datePublished":"2022-04-02T09:34:35+00:00","dateModified":"2026-03-23T14:04:05+00:00","description":"Achetez en ligne les cigarettes Villiger Export Round \u2713 Classiques avec un ar\u00f4me de tabac puissant \u2713 Forme ronde et combustion uniforme \u2713 Id\u00e9ales pour les connaisseurs \u27a4 Commandez maintenant !","breadcrumb":{"@id":"https:\/\/www.tabakversand.ch\/fr\/produit\/villiger-export-round\/#breadcrumb"},"inLanguage":"fr-FR","potentialAction":[{"@type":"ReadAction","target":["https:\/\/www.tabakversand.ch\/fr\/produit\/villiger-export-round\/"]}]},{"@type":"ImageObject","inLanguage":"fr-FR","@id":"https:\/\/www.tabakversand.ch\/fr\/produit\/villiger-export-round\/#primaryimage","url":"https:\/\/www.tabakversand.ch\/wp-content\/uploads\/2022\/03\/villiger-export-rund.jpg","contentUrl":"https:\/\/www.tabakversand.ch\/wp-content\/uploads\/2022\/03\/villiger-export-rund.jpg","width":450,"height":450,"caption":"Tour d\u2019exportation Villiger"},{"@type":"BreadcrumbList","@id":"https:\/\/www.tabakversand.ch\/fr\/produit\/villiger-export-round\/#breadcrumb","itemListElement":[{"@type":"ListItem","position":1,"name":"Startseite","item":"https:\/\/www.tabakversand.ch\/"},{"@type":"ListItem","position":2,"name":"Boutique","item":"https:\/\/www.tabakversand.ch\/fr\/boutique\/"},{"@type":"ListItem","position":3,"name":"Tour d\u2019exportation Villiger"}]},{"@type":"WebSite","@id":"https:\/\/www.tabakversand.ch\/#website","url":"https:\/\/www.tabakversand.ch\/","name":"Tabakversand.ch | Alles aus der Welt des Tabaks","description":"Smoke and carpe diem","potentialAction":[{"@type":"SearchAction","target":{"@type":"EntryPoint","urlTemplate":"https:\/\/www.tabakversand.ch\/?s={search_term_string}"},"query-input":{"@type":"PropertyValueSpecification","valueRequired":true,"valueName":"search_term_string"}}],"inLanguage":"fr-FR"}]}},"_links":{"self":[{"href":"https:\/\/www.tabakversand.ch\/fr\/wp-json\/wp\/v2\/product\/61258","targetHints":{"allow":["GET"]}}],"collection":[{"href":"https:\/\/www.tabakversand.ch\/fr\/wp-json\/wp\/v2\/product"}],"about":[{"href":"https:\/\/www.tabakversand.ch\/fr\/wp-json\/wp\/v2\/types\/product"}],"version-history":[{"count":2,"href":"https:\/\/www.tabakversand.ch\/fr\/wp-json\/wp\/v2\/product\/61258\/revisions"}],"predecessor-version":[{"id":215876,"href":"https:\/\/www.tabakversand.ch\/fr\/wp-json\/wp\/v2\/product\/61258\/revisions\/215876"}],"wp:featuredmedia":[{"embeddable":true,"href":"https:\/\/www.tabakversand.ch\/fr\/wp-json\/wp\/v2\/media\/61264"}],"wp:attachment":[{"href":"https:\/\/www.tabakversand.ch\/fr\/wp-json\/wp\/v2\/media?parent=61258"}],"wp:term":[{"taxonomy":"product_brand","embeddable":true,"href":"https:\/\/www.tabakversand.ch\/fr\/wp-json\/wp\/v2\/product_brand?post=61258"},{"taxonomy":"product_cat","embeddable":true,"href":"https:\/\/www.tabakversand.ch\/fr\/wp-json\/wp\/v2\/product_cat?post=61258"},{"taxonomy":"product_tag","embeddable":true,"href":"https:\/\/www.tabakversand.ch\/fr\/wp-json\/wp\/v2\/product_tag?post=61258"}],"curies":[{"name":"wp","href":"https:\/\/api.w.org\/{rel}","templated":true}]}}